{"id":4559,"date":"2023-05-21T13:08:25","date_gmt":"2023-05-21T13:08:25","guid":{"rendered":"https:\/\/mantenimientosinformaticos.net\/sara_perez\/?post_type=product&#038;p=4559"},"modified":"2023-05-23T02:25:57","modified_gmt":"2023-05-23T01:25:57","slug":"sebum-balance-hair-bath","status":"publish","type":"product","link":"https:\/\/mantenimientosinformaticos.net\/sara_perez\/producto\/sebum-balance-hair-bath\/","title":{"rendered":"SEBUM BALANCE HAIR BATH"},"content":{"rendered":"<p>Ba\u00f1o normalizante cuero cabelludo y cabello graso, para cabello graso y pesado, y piel con excesiva secreci\u00f3n seb\u00e1cea.<\/p>\n","protected":false},"excerpt":{"rendered":"<div>\n<div>100% PRODUCED WITH GREEN ENERGY<\/div>\n<h6>CRUELTY FREE &amp; VEGAN<\/h6>\n<\/div>\n<div>\n<div>\u00a0PRODUCTO CERTIFICADO BIODIN\u00c1MICO<\/div>\n<\/div>\n","protected":false},"featured_media":4584,"comment_status":"open","ping_status":"closed","template":"","meta":[],"product_cat":[68],"product_tag":[],"class_list":{"0":"post-4559","1":"product","2":"type-product","3":"status-publish","5":"hentry","6":"product_cat-champu"},"yoast_head":"<!-- This site is optimized with the Yoast SEO plugin v21.3 - https:\/\/yoast.com\/wordpress\/plugins\/seo\/ -->\n<title>Productos para cabello saludable - Mys Estilistas<\/title>\n<meta name=\"description\" content=\"Ba\u00f1o normalizante cuero cabelludo y cabello graso, para cabello graso y pesado, y piel con excesiva secreci\u00f3n seb\u00e1cea.\" \/>\n<meta name=\"robots\" content=\"index, follow, max-snippet:-1, max-image-preview:large, max-video-preview:-1\" \/>\n<link rel=\"canonical\" href=\"https:\/\/mantenimientosinformaticos.net\/sara_perez\/producto\/sebum-balance-hair-bath\/\" \/>\n<meta property=\"og:locale\" content=\"es_ES\" \/>\n<meta property=\"og:type\" content=\"article\" \/>\n<meta property=\"og:title\" content=\"Productos para cabello saludable - Mys Estilistas\" \/>\n<meta property=\"og:description\" content=\"Ba\u00f1o normalizante cuero cabelludo y cabello graso, para cabello graso y pesado, y piel con excesiva secreci\u00f3n seb\u00e1cea.\" \/>\n<meta property=\"og:url\" content=\"https:\/\/mantenimientosinformaticos.net\/sara_perez\/producto\/sebum-balance-hair-bath\/\" \/>\n<meta property=\"og:site_name\" content=\"M&amp;S Estilistas\" \/>\n<meta property=\"article:modified_time\" content=\"2023-05-23T01:25:57+00:00\" \/>\n<meta property=\"og:image\" content=\"https:\/\/mantenimientosinformaticos.net\/sara_perez\/wp-content\/uploads\/2023\/05\/sebum-balance-hair-bath.png\" \/>\n\t<meta property=\"og:image:width\" content=\"1543\" \/>\n\t<meta property=\"og:image:height\" content=\"1543\" \/>\n\t<meta property=\"og:image:type\" content=\"image\/png\" \/>\n<meta name=\"twitter:card\" content=\"summary_large_image\" \/>\n<meta name=\"twitter:label1\" content=\"Tiempo de lectura\" \/>\n\t<meta name=\"twitter:data1\" content=\"1 minuto\" \/>\n<script type=\"application\/ld+json\" class=\"yoast-schema-graph\">{\"@context\":\"https:\/\/schema.org\",\"@graph\":[{\"@type\":\"WebPage\",\"@id\":\"https:\/\/mantenimientosinformaticos.net\/sara_perez\/producto\/sebum-balance-hair-bath\/\",\"url\":\"https:\/\/mantenimientosinformaticos.net\/sara_perez\/producto\/sebum-balance-hair-bath\/\",\"name\":\"Productos para cabello saludable - Mys Estilistas\",\"isPartOf\":{\"@id\":\"https:\/\/mantenimientosinformaticos.net\/sara_perez\/#website\"},\"datePublished\":\"2023-05-21T13:08:25+00:00\",\"dateModified\":\"2023-05-23T01:25:57+00:00\",\"description\":\"Ba\u00f1o normalizante cuero cabelludo y cabello graso, para cabello graso y pesado, y piel con excesiva secreci\u00f3n seb\u00e1cea.\",\"breadcrumb\":{\"@id\":\"https:\/\/mantenimientosinformaticos.net\/sara_perez\/producto\/sebum-balance-hair-bath\/#breadcrumb\"},\"inLanguage\":\"es\",\"potentialAction\":[{\"@type\":\"ReadAction\",\"target\":[\"https:\/\/mantenimientosinformaticos.net\/sara_perez\/producto\/sebum-balance-hair-bath\/\"]}]},{\"@type\":\"BreadcrumbList\",\"@id\":\"https:\/\/mantenimientosinformaticos.net\/sara_perez\/producto\/sebum-balance-hair-bath\/#breadcrumb\",\"itemListElement\":[{\"@type\":\"ListItem\",\"position\":1,\"name\":\"Portada\",\"item\":\"https:\/\/mantenimientosinformaticos.net\/sara_perez\/\"},{\"@type\":\"ListItem\",\"position\":2,\"name\":\"Tienda\",\"item\":\"https:\/\/mantenimientosinformaticos.net\/sara_perez\/shop\/\"},{\"@type\":\"ListItem\",\"position\":3,\"name\":\"SEBUM BALANCE HAIR BATH\"}]},{\"@type\":\"WebSite\",\"@id\":\"https:\/\/mantenimientosinformaticos.net\/sara_perez\/#website\",\"url\":\"https:\/\/mantenimientosinformaticos.net\/sara_perez\/\",\"name\":\"MyS Estilistas - Productos para la salud de tu cabello\",\"description\":\"Cuida de tu cabello con MyS Estilistas y compra nuestros incre\u00edbles productos y obt\u00e9n todos sus beneficios.\",\"publisher\":{\"@id\":\"https:\/\/mantenimientosinformaticos.net\/sara_perez\/#\/schema\/person\/64d74504c81c6772aa25558dde8d4e8a\"},\"potentialAction\":[{\"@type\":\"SearchAction\",\"target\":{\"@type\":\"EntryPoint\",\"urlTemplate\":\"https:\/\/mantenimientosinformaticos.net\/sara_perez\/?s={search_term_string}\"},\"query-input\":\"required name=search_term_string\"}],\"inLanguage\":\"es\"},{\"@type\":[\"Person\",\"Organization\"],\"@id\":\"https:\/\/mantenimientosinformaticos.net\/sara_perez\/#\/schema\/person\/64d74504c81c6772aa25558dde8d4e8a\",\"name\":\"M&amp;S Estilistas\",\"image\":{\"@type\":\"ImageObject\",\"inLanguage\":\"es\",\"@id\":\"https:\/\/mantenimientosinformaticos.net\/sara_perez\/#\/schema\/person\/image\/\",\"url\":\"https:\/\/mantenimientosinformaticos.net\/sara_perez\/wp-content\/uploads\/2022\/02\/logo-MYS-e1646039616763.png\",\"contentUrl\":\"https:\/\/mantenimientosinformaticos.net\/sara_perez\/wp-content\/uploads\/2022\/02\/logo-MYS-e1646039616763.png\",\"width\":595,\"height\":488,\"caption\":\"M&amp;S Estilistas\"},\"logo\":{\"@id\":\"https:\/\/mantenimientosinformaticos.net\/sara_perez\/#\/schema\/person\/image\/\"}}]}<\/script>\n<!-- \/ Yoast SEO plugin. -->","yoast_head_json":{"title":"Productos para cabello saludable - Mys Estilistas","description":"Ba\u00f1o normalizante cuero cabelludo y cabello graso, para cabello graso y pesado, y piel con excesiva secreci\u00f3n seb\u00e1cea.","robots":{"index":"index","follow":"follow","max-snippet":"max-snippet:-1","max-image-preview":"max-image-preview:large","max-video-preview":"max-video-preview:-1"},"canonical":"https:\/\/mantenimientosinformaticos.net\/sara_perez\/producto\/sebum-balance-hair-bath\/","og_locale":"es_ES","og_type":"article","og_title":"Productos para cabello saludable - Mys Estilistas","og_description":"Ba\u00f1o normalizante cuero cabelludo y cabello graso, para cabello graso y pesado, y piel con excesiva secreci\u00f3n seb\u00e1cea.","og_url":"https:\/\/mantenimientosinformaticos.net\/sara_perez\/producto\/sebum-balance-hair-bath\/","og_site_name":"M&amp;S Estilistas","article_modified_time":"2023-05-23T01:25:57+00:00","og_image":[{"width":1543,"height":1543,"url":"https:\/\/mantenimientosinformaticos.net\/sara_perez\/wp-content\/uploads\/2023\/05\/sebum-balance-hair-bath.png","type":"image\/png"}],"twitter_card":"summary_large_image","twitter_misc":{"Tiempo de lectura":"1 minuto"},"schema":{"@context":"https:\/\/schema.org","@graph":[{"@type":"WebPage","@id":"https:\/\/mantenimientosinformaticos.net\/sara_perez\/producto\/sebum-balance-hair-bath\/","url":"https:\/\/mantenimientosinformaticos.net\/sara_perez\/producto\/sebum-balance-hair-bath\/","name":"Productos para cabello saludable - Mys Estilistas","isPartOf":{"@id":"https:\/\/mantenimientosinformaticos.net\/sara_perez\/#website"},"datePublished":"2023-05-21T13:08:25+00:00","dateModified":"2023-05-23T01:25:57+00:00","description":"Ba\u00f1o normalizante cuero cabelludo y cabello graso, para cabello graso y pesado, y piel con excesiva secreci\u00f3n seb\u00e1cea.","breadcrumb":{"@id":"https:\/\/mantenimientosinformaticos.net\/sara_perez\/producto\/sebum-balance-hair-bath\/#breadcrumb"},"inLanguage":"es","potentialAction":[{"@type":"ReadAction","target":["https:\/\/mantenimientosinformaticos.net\/sara_perez\/producto\/sebum-balance-hair-bath\/"]}]},{"@type":"BreadcrumbList","@id":"https:\/\/mantenimientosinformaticos.net\/sara_perez\/producto\/sebum-balance-hair-bath\/#breadcrumb","itemListElement":[{"@type":"ListItem","position":1,"name":"Portada","item":"https:\/\/mantenimientosinformaticos.net\/sara_perez\/"},{"@type":"ListItem","position":2,"name":"Tienda","item":"https:\/\/mantenimientosinformaticos.net\/sara_perez\/shop\/"},{"@type":"ListItem","position":3,"name":"SEBUM BALANCE HAIR BATH"}]},{"@type":"WebSite","@id":"https:\/\/mantenimientosinformaticos.net\/sara_perez\/#website","url":"https:\/\/mantenimientosinformaticos.net\/sara_perez\/","name":"MyS Estilistas - Productos para la salud de tu cabello","description":"Cuida de tu cabello con MyS Estilistas y compra nuestros incre\u00edbles productos y obt\u00e9n todos sus beneficios.","publisher":{"@id":"https:\/\/mantenimientosinformaticos.net\/sara_perez\/#\/schema\/person\/64d74504c81c6772aa25558dde8d4e8a"},"potentialAction":[{"@type":"SearchAction","target":{"@type":"EntryPoint","urlTemplate":"https:\/\/mantenimientosinformaticos.net\/sara_perez\/?s={search_term_string}"},"query-input":"required name=search_term_string"}],"inLanguage":"es"},{"@type":["Person","Organization"],"@id":"https:\/\/mantenimientosinformaticos.net\/sara_perez\/#\/schema\/person\/64d74504c81c6772aa25558dde8d4e8a","name":"M&amp;S Estilistas","image":{"@type":"ImageObject","inLanguage":"es","@id":"https:\/\/mantenimientosinformaticos.net\/sara_perez\/#\/schema\/person\/image\/","url":"https:\/\/mantenimientosinformaticos.net\/sara_perez\/wp-content\/uploads\/2022\/02\/logo-MYS-e1646039616763.png","contentUrl":"https:\/\/mantenimientosinformaticos.net\/sara_perez\/wp-content\/uploads\/2022\/02\/logo-MYS-e1646039616763.png","width":595,"height":488,"caption":"M&amp;S Estilistas"},"logo":{"@id":"https:\/\/mantenimientosinformaticos.net\/sara_perez\/#\/schema\/person\/image\/"}}]}},"_links":{"self":[{"href":"https:\/\/mantenimientosinformaticos.net\/sara_perez\/wp-json\/wp\/v2\/product\/4559","targetHints":{"allow":["GET"]}}],"collection":[{"href":"https:\/\/mantenimientosinformaticos.net\/sara_perez\/wp-json\/wp\/v2\/product"}],"about":[{"href":"https:\/\/mantenimientosinformaticos.net\/sara_perez\/wp-json\/wp\/v2\/types\/product"}],"replies":[{"embeddable":true,"href":"https:\/\/mantenimientosinformaticos.net\/sara_perez\/wp-json\/wp\/v2\/comments?post=4559"}],"wp:featuredmedia":[{"embeddable":true,"href":"https:\/\/mantenimientosinformaticos.net\/sara_perez\/wp-json\/wp\/v2\/media\/4584"}],"wp:attachment":[{"href":"https:\/\/mantenimientosinformaticos.net\/sara_perez\/wp-json\/wp\/v2\/media?parent=4559"}],"wp:term":[{"taxonomy":"product_cat","embeddable":true,"href":"https:\/\/mantenimientosinformaticos.net\/sara_perez\/wp-json\/wp\/v2\/product_cat?post=4559"},{"taxonomy":"product_tag","embeddable":true,"href":"https:\/\/mantenimientosinformaticos.net\/sara_perez\/wp-json\/wp\/v2\/product_tag?post=4559"}],"curies":[{"name":"wp","href":"https:\/\/api.w.org\/{rel}","templated":true}]}}