{"id":3962,"date":"2022-05-10T09:53:06","date_gmt":"2022-05-10T09:53:06","guid":{"rendered":"https:\/\/mantenimientosinformaticos.net\/sara_perez\/?page_id=3962"},"modified":"2023-10-11T04:46:59","modified_gmt":"2023-10-11T03:46:59","slug":"sobre-nosotros","status":"publish","type":"page","link":"https:\/\/mantenimientosinformaticos.net\/sara_perez\/sobre-nosotros\/","title":{"rendered":"Sobre nosotros"},"content":{"rendered":"\t\t<div data-elementor-type=\"wp-page\" data-elementor-id=\"3962\" class=\"elementor elementor-3962\" data-elementor-post-type=\"page\">\n\t\t\t\t\t\t\t\t\t<section class=\"elementor-section elementor-top-section elementor-element elementor-element-481203c elementor-section-full_width elementor-section-stretched elementor-section-height-default elementor-section-height-default\" data-id=\"481203c\" data-element_type=\"section\" data-settings=\"{&quot;stretch_section&quot;:&quot;section-stretched&quot;}\">\n\t\t\t\t\t\t<div class=\"elementor-container elementor-column-gap-default\">\n\t\t\t\t\t<div class=\"elementor-column elementor-col-100 elementor-top-column elementor-element elementor-element-3bd83e8\" data-id=\"3bd83e8\" data-element_type=\"column\">\n\t\t\t<div class=\"elementor-widget-wrap elementor-element-populated\">\n\t\t\t\t\t\t\t\t<div class=\"elementor-element elementor-element-6a9fcab elementor-widget elementor-widget-image\" data-id=\"6a9fcab\" data-element_type=\"widget\" data-widget_type=\"image.default\">\n\t\t\t\t<div class=\"elementor-widget-container\">\n\t\t\t<style>\/*! elementor - v3.16.0 - 09-10-2023 *\/\n.elementor-widget-image{text-align:center}.elementor-widget-image a{display:inline-block}.elementor-widget-image a img[src$=\".svg\"]{width:48px}.elementor-widget-image img{vertical-align:middle;display:inline-block}<\/style>\t\t\t\t\t\t\t\t\t\t\t\t<img loading=\"lazy\" decoding=\"async\" width=\"640\" height=\"151\" src=\"https:\/\/mantenimientosinformaticos.net\/sara_perez\/wp-content\/uploads\/2023\/05\/DSC08121-retocada-Editada-1024x242.jpg\" class=\"attachment-large size-large wp-image-4660\" alt=\"\" srcset=\"https:\/\/mantenimientosinformaticos.net\/sara_perez\/wp-content\/uploads\/2023\/05\/DSC08121-retocada-Editada-1024x242.jpg 1024w, https:\/\/mantenimientosinformaticos.net\/sara_perez\/wp-content\/uploads\/2023\/05\/DSC08121-retocada-Editada-300x71.jpg 300w, https:\/\/mantenimientosinformaticos.net\/sara_perez\/wp-content\/uploads\/2023\/05\/DSC08121-retocada-Editada-768x182.jpg 768w, https:\/\/mantenimientosinformaticos.net\/sara_perez\/wp-content\/uploads\/2023\/05\/DSC08121-retocada-Editada-1536x363.jpg 1536w, https:\/\/mantenimientosinformaticos.net\/sara_perez\/wp-content\/uploads\/2023\/05\/DSC08121-retocada-Editada-600x142.jpg 600w, https:\/\/mantenimientosinformaticos.net\/sara_perez\/wp-content\/uploads\/2023\/05\/DSC08121-retocada-Editada.jpg 1903w\" sizes=\"auto, (max-width: 640px) 100vw, 640px\" \/>\t\t\t\t\t\t\t\t\t\t\t\t\t\t\t<\/div>\n\t\t\t\t<\/div>\n\t\t\t\t\t<\/div>\n\t\t<\/div>\n\t\t\t\t\t\t\t<\/div>\n\t\t<\/section>\n\t\t\t\t<section class=\"elementor-section elementor-top-section elementor-element elementor-element-573f86b elementor-section-full_width elementor-section-content-middle elementor-section-height-default elementor-section-height-default\" data-id=\"573f86b\" data-element_type=\"section\">\n\t\t\t\t\t\t<div class=\"elementor-container elementor-column-gap-wide\">\n\t\t\t\t\t<div class=\"elementor-column elementor-col-33 elementor-top-column elementor-element elementor-element-c95678e\" data-id=\"c95678e\" data-element_type=\"column\">\n\t\t\t<div class=\"elementor-widget-wrap elementor-element-populated\">\n\t\t\t\t\t\t\t\t<div class=\"elementor-element elementor-element-e5480cc elementor-widget elementor-widget-text-editor\" data-id=\"e5480cc\" data-element_type=\"widget\" data-widget_type=\"text-editor.default\">\n\t\t\t\t<div class=\"elementor-widget-container\">\n\t\t\t<style>\/*! elementor - v3.16.0 - 09-10-2023 *\/\n.elementor-widget-text-editor.elementor-drop-cap-view-stacked .elementor-drop-cap{background-color:#69727d;color:#fff}.elementor-widget-text-editor.elementor-drop-cap-view-framed .elementor-drop-cap{color:#69727d;border:3px solid;background-color:transparent}.elementor-widget-text-editor:not(.elementor-drop-cap-view-default) .elementor-drop-cap{margin-top:8px}.elementor-widget-text-editor:not(.elementor-drop-cap-view-default) .elementor-drop-cap-letter{width:1em;height:1em}.elementor-widget-text-editor .elementor-drop-cap{float:left;text-align:center;line-height:1;font-size:50px}.elementor-widget-text-editor .elementor-drop-cap-letter{display:inline-block}<\/style>\t\t\t\t<h3><strong>M&amp;S estilistas<\/strong><\/h3><p>Naci\u00f3 por la uni\u00f3n de Mari y Sara. Nosotras somos amigas, socias, compa\u00f1eras y, adem\u00e1s, madre e hija.<\/p><p>Comenzamos nuestro proyecto con la intenci\u00f3n de ser una peque\u00f1a empresa familiar, pero poco a poco hemos ido creciendo, \u00a1eso s\u00ed! sin perder nuestras bases, nuestra esencia y nuestros valores iniciales. Para nosotras, nuestras clientas y trabajadoras no son n\u00fameros, son personas con las que compartimos nuestro d\u00eda a d\u00eda. Es por ello, por lo que pretendemos que, en nuestro sal\u00f3n, encuentres<strong> un lugar donde se respire afectividad, familiaridad y buena vibra.<\/strong><\/p><p>Nos preocupamos en escuchar con detenimiento el resultado que quieres, aconsej\u00e1ndote lo mejor para tu cabello de manera realista y as\u00ed conseguir la imagen con la que te sientas c\u00f3moda porque <strong>\u201ctu estilo habla de ti\u201d.<\/strong><\/p>\t\t\t\t\t\t<\/div>\n\t\t\t\t<\/div>\n\t\t\t\t\t<\/div>\n\t\t<\/div>\n\t\t\t\t<div class=\"elementor-column elementor-col-33 elementor-top-column elementor-element elementor-element-a05b882\" data-id=\"a05b882\" data-element_type=\"column\">\n\t\t\t<div class=\"elementor-widget-wrap elementor-element-populated\">\n\t\t\t\t\t\t\t\t<div class=\"elementor-element elementor-element-60499f4 elementor-widget elementor-widget-image\" data-id=\"60499f4\" data-element_type=\"widget\" data-widget_type=\"image.default\">\n\t\t\t\t<div class=\"elementor-widget-container\">\n\t\t\t\t\t\t\t\t\t\t\t\t\t\t\t<img loading=\"lazy\" decoding=\"async\" width=\"640\" height=\"960\" src=\"https:\/\/mantenimientosinformaticos.net\/sara_perez\/wp-content\/uploads\/2023\/05\/DSC07999-retocada-683x1024.png\" class=\"attachment-large size-large wp-image-4661\" alt=\"\" srcset=\"https:\/\/mantenimientosinformaticos.net\/sara_perez\/wp-content\/uploads\/2023\/05\/DSC07999-retocada-683x1024.png 683w, https:\/\/mantenimientosinformaticos.net\/sara_perez\/wp-content\/uploads\/2023\/05\/DSC07999-retocada-200x300.png 200w, https:\/\/mantenimientosinformaticos.net\/sara_perez\/wp-content\/uploads\/2023\/05\/DSC07999-retocada-768x1152.png 768w, https:\/\/mantenimientosinformaticos.net\/sara_perez\/wp-content\/uploads\/2023\/05\/DSC07999-retocada-1024x1536.png 1024w, https:\/\/mantenimientosinformaticos.net\/sara_perez\/wp-content\/uploads\/2023\/05\/DSC07999-retocada-600x900.png 600w, https:\/\/mantenimientosinformaticos.net\/sara_perez\/wp-content\/uploads\/2023\/05\/DSC07999-retocada.png 1200w\" sizes=\"auto, (max-width: 640px) 100vw, 640px\" \/>\t\t\t\t\t\t\t\t\t\t\t\t\t\t\t<\/div>\n\t\t\t\t<\/div>\n\t\t\t\t\t<\/div>\n\t\t<\/div>\n\t\t\t\t<div class=\"elementor-column elementor-col-33 elementor-top-column elementor-element elementor-element-7e3b4aa\" data-id=\"7e3b4aa\" data-element_type=\"column\">\n\t\t\t<div class=\"elementor-widget-wrap elementor-element-populated\">\n\t\t\t\t\t\t\t\t<div class=\"elementor-element elementor-element-7ca505f elementor-widget elementor-widget-image\" data-id=\"7ca505f\" data-element_type=\"widget\" data-widget_type=\"image.default\">\n\t\t\t\t<div class=\"elementor-widget-container\">\n\t\t\t\t\t\t\t\t\t\t\t\t\t\t\t<img loading=\"lazy\" decoding=\"async\" width=\"640\" height=\"640\" src=\"https:\/\/mantenimientosinformaticos.net\/sara_perez\/wp-content\/uploads\/2023\/05\/DSC08153-1-1-1024x1024.png\" class=\"attachment-large size-large wp-image-4666\" alt=\"\" srcset=\"https:\/\/mantenimientosinformaticos.net\/sara_perez\/wp-content\/uploads\/2023\/05\/DSC08153-1-1-1024x1024.png 1024w, https:\/\/mantenimientosinformaticos.net\/sara_perez\/wp-content\/uploads\/2023\/05\/DSC08153-1-1-300x300.png 300w, https:\/\/mantenimientosinformaticos.net\/sara_perez\/wp-content\/uploads\/2023\/05\/DSC08153-1-1-150x150.png 150w, https:\/\/mantenimientosinformaticos.net\/sara_perez\/wp-content\/uploads\/2023\/05\/DSC08153-1-1-768x767.png 768w, https:\/\/mantenimientosinformaticos.net\/sara_perez\/wp-content\/uploads\/2023\/05\/DSC08153-1-1-650x650.png 650w, https:\/\/mantenimientosinformaticos.net\/sara_perez\/wp-content\/uploads\/2023\/05\/DSC08153-1-1-600x600.png 600w, https:\/\/mantenimientosinformaticos.net\/sara_perez\/wp-content\/uploads\/2023\/05\/DSC08153-1-1-100x100.png 100w, https:\/\/mantenimientosinformaticos.net\/sara_perez\/wp-content\/uploads\/2023\/05\/DSC08153-1-1.png 1201w\" sizes=\"auto, (max-width: 640px) 100vw, 640px\" \/>\t\t\t\t\t\t\t\t\t\t\t\t\t\t\t<\/div>\n\t\t\t\t<\/div>\n\t\t\t\t\t<\/div>\n\t\t<\/div>\n\t\t\t\t\t\t\t<\/div>\n\t\t<\/section>\n\t\t\t\t<section class=\"elementor-section elementor-top-section elementor-element elementor-element-e190cee elementor-section-boxed elementor-section-height-default elementor-section-height-default\" data-id=\"e190cee\" data-element_type=\"section\">\n\t\t\t\t\t\t<div class=\"elementor-container elementor-column-gap-default\">\n\t\t\t\t\t<div class=\"elementor-column elementor-col-100 elementor-top-column elementor-element elementor-element-c3c9f9a\" data-id=\"c3c9f9a\" data-element_type=\"column\">\n\t\t\t<div class=\"elementor-widget-wrap elementor-element-populated\">\n\t\t\t\t\t\t\t\t<div class=\"elementor-element elementor-element-53348c7 elementor-widget elementor-widget-heading\" data-id=\"53348c7\" data-element_type=\"widget\" data-widget_type=\"heading.default\">\n\t\t\t\t<div class=\"elementor-widget-container\">\n\t\t\t<style>\/*! elementor - v3.16.0 - 09-10-2023 *\/\n.elementor-heading-title{padding:0;margin:0;line-height:1}.elementor-widget-heading .elementor-heading-title[class*=elementor-size-]>a{color:inherit;font-size:inherit;line-height:inherit}.elementor-widget-heading .elementor-heading-title.elementor-size-small{font-size:15px}.elementor-widget-heading .elementor-heading-title.elementor-size-medium{font-size:19px}.elementor-widget-heading .elementor-heading-title.elementor-size-large{font-size:29px}.elementor-widget-heading .elementor-heading-title.elementor-size-xl{font-size:39px}.elementor-widget-heading .elementor-heading-title.elementor-size-xxl{font-size:59px}<\/style><h2 class=\"elementor-heading-title elementor-size-default\">S\u00edguenos en Nuestras Redes Sociales\n<\/h2>\t\t<\/div>\n\t\t\t\t<\/div>\n\t\t\t\t<div class=\"elementor-element elementor-element-d749ee7 elementor-shape-rounded elementor-grid-0 e-grid-align-center elementor-widget elementor-widget-social-icons\" data-id=\"d749ee7\" data-element_type=\"widget\" data-widget_type=\"social-icons.default\">\n\t\t\t\t<div class=\"elementor-widget-container\">\n\t\t\t<style>\/*! elementor - v3.16.0 - 09-10-2023 *\/\n.elementor-widget-social-icons.elementor-grid-0 .elementor-widget-container,.elementor-widget-social-icons.elementor-grid-mobile-0 .elementor-widget-container,.elementor-widget-social-icons.elementor-grid-tablet-0 .elementor-widget-container{line-height:1;font-size:0}.elementor-widget-social-icons:not(.elementor-grid-0):not(.elementor-grid-tablet-0):not(.elementor-grid-mobile-0) .elementor-grid{display:inline-grid}.elementor-widget-social-icons .elementor-grid{grid-column-gap:var(--grid-column-gap,5px);grid-row-gap:var(--grid-row-gap,5px);grid-template-columns:var(--grid-template-columns);justify-content:var(--justify-content,center);justify-items:var(--justify-content,center)}.elementor-icon.elementor-social-icon{font-size:var(--icon-size,25px);line-height:var(--icon-size,25px);width:calc(var(--icon-size, 25px) + (2 * var(--icon-padding, .5em)));height:calc(var(--icon-size, 25px) + (2 * var(--icon-padding, .5em)))}.elementor-social-icon{--e-social-icon-icon-color:#fff;display:inline-flex;background-color:#69727d;align-items:center;justify-content:center;text-align:center;cursor:pointer}.elementor-social-icon i{color:var(--e-social-icon-icon-color)}.elementor-social-icon svg{fill:var(--e-social-icon-icon-color)}.elementor-social-icon:last-child{margin:0}.elementor-social-icon:hover{opacity:.9;color:#fff}.elementor-social-icon-android{background-color:#a4c639}.elementor-social-icon-apple{background-color:#999}.elementor-social-icon-behance{background-color:#1769ff}.elementor-social-icon-bitbucket{background-color:#205081}.elementor-social-icon-codepen{background-color:#000}.elementor-social-icon-delicious{background-color:#39f}.elementor-social-icon-deviantart{background-color:#05cc47}.elementor-social-icon-digg{background-color:#005be2}.elementor-social-icon-dribbble{background-color:#ea4c89}.elementor-social-icon-elementor{background-color:#d30c5c}.elementor-social-icon-envelope{background-color:#ea4335}.elementor-social-icon-facebook,.elementor-social-icon-facebook-f{background-color:#3b5998}.elementor-social-icon-flickr{background-color:#0063dc}.elementor-social-icon-foursquare{background-color:#2d5be3}.elementor-social-icon-free-code-camp,.elementor-social-icon-freecodecamp{background-color:#006400}.elementor-social-icon-github{background-color:#333}.elementor-social-icon-gitlab{background-color:#e24329}.elementor-social-icon-globe{background-color:#69727d}.elementor-social-icon-google-plus,.elementor-social-icon-google-plus-g{background-color:#dd4b39}.elementor-social-icon-houzz{background-color:#7ac142}.elementor-social-icon-instagram{background-color:#262626}.elementor-social-icon-jsfiddle{background-color:#487aa2}.elementor-social-icon-link{background-color:#818a91}.elementor-social-icon-linkedin,.elementor-social-icon-linkedin-in{background-color:#0077b5}.elementor-social-icon-medium{background-color:#00ab6b}.elementor-social-icon-meetup{background-color:#ec1c40}.elementor-social-icon-mixcloud{background-color:#273a4b}.elementor-social-icon-odnoklassniki{background-color:#f4731c}.elementor-social-icon-pinterest{background-color:#bd081c}.elementor-social-icon-product-hunt{background-color:#da552f}.elementor-social-icon-reddit{background-color:#ff4500}.elementor-social-icon-rss{background-color:#f26522}.elementor-social-icon-shopping-cart{background-color:#4caf50}.elementor-social-icon-skype{background-color:#00aff0}.elementor-social-icon-slideshare{background-color:#0077b5}.elementor-social-icon-snapchat{background-color:#fffc00}.elementor-social-icon-soundcloud{background-color:#f80}.elementor-social-icon-spotify{background-color:#2ebd59}.elementor-social-icon-stack-overflow{background-color:#fe7a15}.elementor-social-icon-steam{background-color:#00adee}.elementor-social-icon-stumbleupon{background-color:#eb4924}.elementor-social-icon-telegram{background-color:#2ca5e0}.elementor-social-icon-thumb-tack{background-color:#1aa1d8}.elementor-social-icon-tripadvisor{background-color:#589442}.elementor-social-icon-tumblr{background-color:#35465c}.elementor-social-icon-twitch{background-color:#6441a5}.elementor-social-icon-twitter{background-color:#1da1f2}.elementor-social-icon-viber{background-color:#665cac}.elementor-social-icon-vimeo{background-color:#1ab7ea}.elementor-social-icon-vk{background-color:#45668e}.elementor-social-icon-weibo{background-color:#dd2430}.elementor-social-icon-weixin{background-color:#31a918}.elementor-social-icon-whatsapp{background-color:#25d366}.elementor-social-icon-wordpress{background-color:#21759b}.elementor-social-icon-xing{background-color:#026466}.elementor-social-icon-yelp{background-color:#af0606}.elementor-social-icon-youtube{background-color:#cd201f}.elementor-social-icon-500px{background-color:#0099e5}.elementor-shape-rounded .elementor-icon.elementor-social-icon{border-radius:10%}.elementor-shape-circle .elementor-icon.elementor-social-icon{border-radius:50%}<\/style>\t\t<div class=\"elementor-social-icons-wrapper elementor-grid\">\n\t\t\t\t\t\t\t<span class=\"elementor-grid-item\">\n\t\t\t\t\t<a class=\"elementor-icon elementor-social-icon elementor-social-icon-facebook elementor-repeater-item-e64ce89\" href=\"https:\/\/www.facebook.com\/mysestilistaslacuesta\/\" target=\"_blank\">\n\t\t\t\t\t\t<span class=\"elementor-screen-only\">Facebook<\/span>\n\t\t\t\t\t\t<i class=\"fab fa-facebook\"><\/i>\t\t\t\t\t<\/a>\n\t\t\t\t<\/span>\n\t\t\t\t\t\t\t<span class=\"elementor-grid-item\">\n\t\t\t\t\t<a class=\"elementor-icon elementor-social-icon elementor-social-icon-instagram elementor-repeater-item-ceb2f67\" href=\"https:\/\/www.instagram.com\/mys_estilistass\/\" target=\"_blank\">\n\t\t\t\t\t\t<span class=\"elementor-screen-only\">Instagram<\/span>\n\t\t\t\t\t\t<i class=\"fab fa-instagram\"><\/i>\t\t\t\t\t<\/a>\n\t\t\t\t<\/span>\n\t\t\t\t\t<\/div>\n\t\t\t\t<\/div>\n\t\t\t\t<\/div>\n\t\t\t\t\t<\/div>\n\t\t<\/div>\n\t\t\t\t\t\t\t<\/div>\n\t\t<\/section>\n\t\t\t\t\t\t\t<\/div>\n\t\t","protected":false},"excerpt":{"rendered":"<p>M&amp;S estilistas Naci\u00f3 por la uni\u00f3n de Mari y Sara. Nosotras somos amigas, socias, compa\u00f1eras y, adem\u00e1s, madre e hija. Comenzamos nuestro proyecto con la intenci\u00f3n de ser una peque\u00f1a<\/p>\n","protected":false},"author":1,"featured_media":0,"parent":0,"menu_order":0,"comment_status":"closed","ping_status":"closed","template":"elementor_header_footer","meta":{"footnotes":""},"class_list":{"1":"page","2":"type-page","3":"status-publish","4":"hentry"},"yoast_head":"<!-- This site is optimized with the Yoast SEO plugin v21.3 - https:\/\/yoast.com\/wordpress\/plugins\/seo\/ -->\n<title>MyS Estilistas - Conoce Nuestra Historia<\/title>\n<meta name=\"description\" content=\"Pretendemos que, en nuestro sal\u00f3n, encuentres un lugar donde se respire afectividad, familiaridad y buena vibra.\" \/>\n<meta name=\"robots\" content=\"index, follow, max-snippet:-1, max-image-preview:large, max-video-preview:-1\" \/>\n<link rel=\"canonical\" href=\"https:\/\/mantenimientosinformaticos.net\/sara_perez\/sobre-nosotros\/\" \/>\n<meta property=\"og:locale\" content=\"es_ES\" \/>\n<meta property=\"og:type\" content=\"article\" \/>\n<meta property=\"og:title\" content=\"MyS Estilistas - Conoce Nuestra Historia\" \/>\n<meta property=\"og:description\" content=\"Pretendemos que, en nuestro sal\u00f3n, encuentres un lugar donde se respire afectividad, familiaridad y buena vibra.\" \/>\n<meta property=\"og:url\" content=\"https:\/\/mantenimientosinformaticos.net\/sara_perez\/sobre-nosotros\/\" \/>\n<meta property=\"og:site_name\" content=\"M&amp;S Estilistas\" \/>\n<meta property=\"article:modified_time\" content=\"2023-10-11T03:46:59+00:00\" \/>\n<meta property=\"og:image\" content=\"https:\/\/mantenimientosinformaticos.net\/sara_perez\/wp-content\/uploads\/2023\/05\/DSC08121-retocada-Editada-1024x242.jpg\" \/>\n<meta name=\"twitter:card\" content=\"summary_large_image\" \/>\n<meta name=\"twitter:label1\" content=\"Tiempo de lectura\" \/>\n\t<meta name=\"twitter:data1\" content=\"2 minutos\" \/>\n<script type=\"application\/ld+json\" class=\"yoast-schema-graph\">{\"@context\":\"https:\/\/schema.org\",\"@graph\":[{\"@type\":\"WebPage\",\"@id\":\"https:\/\/mantenimientosinformaticos.net\/sara_perez\/sobre-nosotros\/\",\"url\":\"https:\/\/mantenimientosinformaticos.net\/sara_perez\/sobre-nosotros\/\",\"name\":\"MyS Estilistas - Conoce Nuestra Historia\",\"isPartOf\":{\"@id\":\"https:\/\/mantenimientosinformaticos.net\/sara_perez\/#website\"},\"datePublished\":\"2022-05-10T09:53:06+00:00\",\"dateModified\":\"2023-10-11T03:46:59+00:00\",\"description\":\"Pretendemos que, en nuestro sal\u00f3n, encuentres un lugar donde se respire afectividad, familiaridad y buena vibra.\",\"breadcrumb\":{\"@id\":\"https:\/\/mantenimientosinformaticos.net\/sara_perez\/sobre-nosotros\/#breadcrumb\"},\"inLanguage\":\"es\",\"potentialAction\":[{\"@type\":\"ReadAction\",\"target\":[\"https:\/\/mantenimientosinformaticos.net\/sara_perez\/sobre-nosotros\/\"]}]},{\"@type\":\"BreadcrumbList\",\"@id\":\"https:\/\/mantenimientosinformaticos.net\/sara_perez\/sobre-nosotros\/#breadcrumb\",\"itemListElement\":[{\"@type\":\"ListItem\",\"position\":1,\"name\":\"Portada\",\"item\":\"https:\/\/mantenimientosinformaticos.net\/sara_perez\/\"},{\"@type\":\"ListItem\",\"position\":2,\"name\":\"Sobre nosotros\"}]},{\"@type\":\"WebSite\",\"@id\":\"https:\/\/mantenimientosinformaticos.net\/sara_perez\/#website\",\"url\":\"https:\/\/mantenimientosinformaticos.net\/sara_perez\/\",\"name\":\"MyS Estilistas - Productos para la salud de tu cabello\",\"description\":\"Cuida de tu cabello con MyS Estilistas y compra nuestros incre\u00edbles productos y obt\u00e9n todos sus beneficios.\",\"publisher\":{\"@id\":\"https:\/\/mantenimientosinformaticos.net\/sara_perez\/#\/schema\/person\/64d74504c81c6772aa25558dde8d4e8a\"},\"potentialAction\":[{\"@type\":\"SearchAction\",\"target\":{\"@type\":\"EntryPoint\",\"urlTemplate\":\"https:\/\/mantenimientosinformaticos.net\/sara_perez\/?s={search_term_string}\"},\"query-input\":\"required name=search_term_string\"}],\"inLanguage\":\"es\"},{\"@type\":[\"Person\",\"Organization\"],\"@id\":\"https:\/\/mantenimientosinformaticos.net\/sara_perez\/#\/schema\/person\/64d74504c81c6772aa25558dde8d4e8a\",\"name\":\"M&amp;S Estilistas\",\"image\":{\"@type\":\"ImageObject\",\"inLanguage\":\"es\",\"@id\":\"https:\/\/mantenimientosinformaticos.net\/sara_perez\/#\/schema\/person\/image\/\",\"url\":\"https:\/\/mantenimientosinformaticos.net\/sara_perez\/wp-content\/uploads\/2022\/02\/logo-MYS-e1646039616763.png\",\"contentUrl\":\"https:\/\/mantenimientosinformaticos.net\/sara_perez\/wp-content\/uploads\/2022\/02\/logo-MYS-e1646039616763.png\",\"width\":595,\"height\":488,\"caption\":\"M&amp;S Estilistas\"},\"logo\":{\"@id\":\"https:\/\/mantenimientosinformaticos.net\/sara_perez\/#\/schema\/person\/image\/\"}}]}<\/script>\n<!-- \/ Yoast SEO plugin. -->","yoast_head_json":{"title":"MyS Estilistas - Conoce Nuestra Historia","description":"Pretendemos que, en nuestro sal\u00f3n, encuentres un lugar donde se respire afectividad, familiaridad y buena vibra.","robots":{"index":"index","follow":"follow","max-snippet":"max-snippet:-1","max-image-preview":"max-image-preview:large","max-video-preview":"max-video-preview:-1"},"canonical":"https:\/\/mantenimientosinformaticos.net\/sara_perez\/sobre-nosotros\/","og_locale":"es_ES","og_type":"article","og_title":"MyS Estilistas - Conoce Nuestra Historia","og_description":"Pretendemos que, en nuestro sal\u00f3n, encuentres un lugar donde se respire afectividad, familiaridad y buena vibra.","og_url":"https:\/\/mantenimientosinformaticos.net\/sara_perez\/sobre-nosotros\/","og_site_name":"M&amp;S Estilistas","article_modified_time":"2023-10-11T03:46:59+00:00","og_image":[{"url":"https:\/\/mantenimientosinformaticos.net\/sara_perez\/wp-content\/uploads\/2023\/05\/DSC08121-retocada-Editada-1024x242.jpg"}],"twitter_card":"summary_large_image","twitter_misc":{"Tiempo de lectura":"2 minutos"},"schema":{"@context":"https:\/\/schema.org","@graph":[{"@type":"WebPage","@id":"https:\/\/mantenimientosinformaticos.net\/sara_perez\/sobre-nosotros\/","url":"https:\/\/mantenimientosinformaticos.net\/sara_perez\/sobre-nosotros\/","name":"MyS Estilistas - Conoce Nuestra Historia","isPartOf":{"@id":"https:\/\/mantenimientosinformaticos.net\/sara_perez\/#website"},"datePublished":"2022-05-10T09:53:06+00:00","dateModified":"2023-10-11T03:46:59+00:00","description":"Pretendemos que, en nuestro sal\u00f3n, encuentres un lugar donde se respire afectividad, familiaridad y buena vibra.","breadcrumb":{"@id":"https:\/\/mantenimientosinformaticos.net\/sara_perez\/sobre-nosotros\/#breadcrumb"},"inLanguage":"es","potentialAction":[{"@type":"ReadAction","target":["https:\/\/mantenimientosinformaticos.net\/sara_perez\/sobre-nosotros\/"]}]},{"@type":"BreadcrumbList","@id":"https:\/\/mantenimientosinformaticos.net\/sara_perez\/sobre-nosotros\/#breadcrumb","itemListElement":[{"@type":"ListItem","position":1,"name":"Portada","item":"https:\/\/mantenimientosinformaticos.net\/sara_perez\/"},{"@type":"ListItem","position":2,"name":"Sobre nosotros"}]},{"@type":"WebSite","@id":"https:\/\/mantenimientosinformaticos.net\/sara_perez\/#website","url":"https:\/\/mantenimientosinformaticos.net\/sara_perez\/","name":"MyS Estilistas - Productos para la salud de tu cabello","description":"Cuida de tu cabello con MyS Estilistas y compra nuestros incre\u00edbles productos y obt\u00e9n todos sus beneficios.","publisher":{"@id":"https:\/\/mantenimientosinformaticos.net\/sara_perez\/#\/schema\/person\/64d74504c81c6772aa25558dde8d4e8a"},"potentialAction":[{"@type":"SearchAction","target":{"@type":"EntryPoint","urlTemplate":"https:\/\/mantenimientosinformaticos.net\/sara_perez\/?s={search_term_string}"},"query-input":"required name=search_term_string"}],"inLanguage":"es"},{"@type":["Person","Organization"],"@id":"https:\/\/mantenimientosinformaticos.net\/sara_perez\/#\/schema\/person\/64d74504c81c6772aa25558dde8d4e8a","name":"M&amp;S Estilistas","image":{"@type":"ImageObject","inLanguage":"es","@id":"https:\/\/mantenimientosinformaticos.net\/sara_perez\/#\/schema\/person\/image\/","url":"https:\/\/mantenimientosinformaticos.net\/sara_perez\/wp-content\/uploads\/2022\/02\/logo-MYS-e1646039616763.png","contentUrl":"https:\/\/mantenimientosinformaticos.net\/sara_perez\/wp-content\/uploads\/2022\/02\/logo-MYS-e1646039616763.png","width":595,"height":488,"caption":"M&amp;S Estilistas"},"logo":{"@id":"https:\/\/mantenimientosinformaticos.net\/sara_perez\/#\/schema\/person\/image\/"}}]}},"_links":{"self":[{"href":"https:\/\/mantenimientosinformaticos.net\/sara_perez\/wp-json\/wp\/v2\/pages\/3962","targetHints":{"allow":["GET"]}}],"collection":[{"href":"https:\/\/mantenimientosinformaticos.net\/sara_perez\/wp-json\/wp\/v2\/pages"}],"about":[{"href":"https:\/\/mantenimientosinformaticos.net\/sara_perez\/wp-json\/wp\/v2\/types\/page"}],"author":[{"embeddable":true,"href":"https:\/\/mantenimientosinformaticos.net\/sara_perez\/wp-json\/wp\/v2\/users\/1"}],"replies":[{"embeddable":true,"href":"https:\/\/mantenimientosinformaticos.net\/sara_perez\/wp-json\/wp\/v2\/comments?post=3962"}],"version-history":[{"count":24,"href":"https:\/\/mantenimientosinformaticos.net\/sara_perez\/wp-json\/wp\/v2\/pages\/3962\/revisions"}],"predecessor-version":[{"id":5090,"href":"https:\/\/mantenimientosinformaticos.net\/sara_perez\/wp-json\/wp\/v2\/pages\/3962\/revisions\/5090"}],"wp:attachment":[{"href":"https:\/\/mantenimientosinformaticos.net\/sara_perez\/wp-json\/wp\/v2\/media?parent=3962"}],"curies":[{"name":"wp","href":"https:\/\/api.w.org\/{rel}","templated":true}]}}