{"id":76,"date":"2026-03-16T09:53:16","date_gmt":"2026-03-16T09:53:16","guid":{"rendered":"https:\/\/mantenimientosinformaticos.net\/maria_barriga\/?page_id=76"},"modified":"2026-03-26T11:45:05","modified_gmt":"2026-03-26T11:45:05","slug":"servicios","status":"publish","type":"page","link":"https:\/\/mantenimientosinformaticos.net\/maria_barriga\/servicios\/","title":{"rendered":"Mar\u00eda Barriga &#8211; Servicios"},"content":{"rendered":"<h1>Servicios de psicolog\u00eda<\/h1>\n<p><style>\na {<br \/>    text-decoration: none;<br \/>    color: #464feb;<br \/>}<br \/>tr th, tr td {<br \/>    border: 1px solid #e6e6e6;<br \/>}<br \/>tr th {<br \/>    background-color: #f5f5f5;<br \/>}<br \/><\/style>\n<\/p>\n<p>Ofrezco terapia psicol\u00f3gica\u00a0para personas que desean comprender mejor lo que les ocurre, mejorar su bienestar emocional y construir una relaci\u00f3n m\u00e1s saludable consigo mismas y con los dem\u00e1s.<\/p>\n<p>Las sesiones pueden realizarse online o presencialmente en Tenerife, en un espacio terap\u00e9utico profesional, cercano y adaptado a la historia de cada persona.<\/p>\n<p>\t\t\t\t\t\t\t\t<a href=\"https:\/\/wa.me\/34614103919\"><br \/>\n\t\t\t\t\t\t\t\t\tReservar cita<br \/>\n\t\t\t\t\t<\/a><\/p>\n<h2>Un acompa\u00f1amiento  adaptado a ti<\/h2>\n<p><style>\na {<br \/>    text-decoration: none;<br \/>    color: #464feb;<br \/>}<br \/>tr th, tr td {<br \/>    border: 1px solid #e6e6e6;<br \/>}<br \/>tr th {<br \/>    background-color: #f5f5f5;<br \/>}<br \/><\/style>\n<\/p>\n<p>Cada proceso terap\u00e9utico es \u00fanico. Por eso, mi forma de trabajar parte de una mirada integradora, basada en la evidencia y adaptada a las necesidades de cada persona.<\/p>\n<p>\t\t\t\t\t\t\t\t\t\t\t\t\t<img decoding=\"async\" src=\"https:\/\/mantenimientosinformaticos.net\/maria_barriga\/wp-content\/uploads\/2026\/03\/pexels-xuanthanh-26074128.jpg\" title=\"pexels-xuanthanh-26074128\" alt=\"Dos personas d\u00e1ndose la mano como s\u00edmbolo de reconciliaci\u00f3n y conexi\u00f3n en terapia de pareja.\" loading=\"lazy\" \/>\t\t\t\t\t\t\t\t\t\t\t\t\t\t\t\t<\/p>\n<h3>Terapia psicol\u00f3gica en relaciones de pareja<\/h3>\n<p>Acompa\u00f1o a personas que atraviesan malestar en sus relaciones de pareja y desean comprender mejor lo que est\u00e1 ocurriendo. En terapia trabajamos los patrones relacionales, las emociones implicadas y la forma de construir v\u00ednculos m\u00e1s conscientes, seguros y saludables.<\/p>\n<p>\t\t\t\t\t\t\t\t<a href=\"https:\/\/wa.me\/34614103919\"><br \/>\n\t\t\t\t\t\t\t\t\tReservar cita<br \/>\n\t\t\t\t\t<\/a><br \/>\n\t\t\t\t\t\t\t\t\t\t\t\t\t\t\t\t\t\t\t<img loading=\"lazy\" decoding=\"async\" width=\"683\" height=\"1024\" src=\"https:\/\/mantenimientosinformaticos.net\/maria_barriga\/wp-content\/uploads\/2026\/03\/pexels-rabi-a-157457438-14452745-683x1024.jpg\" alt=\"Una silla solitaria y una ventana abierta con luz, representando el proceso de duelo y la b\u00fasqueda de nuevas oportunidades tras una separaci\u00f3n de pareja.\" srcset=\"https:\/\/mantenimientosinformaticos.net\/maria_barriga\/wp-content\/uploads\/2026\/03\/pexels-rabi-a-157457438-14452745-683x1024.jpg 683w, https:\/\/mantenimientosinformaticos.net\/maria_barriga\/wp-content\/uploads\/2026\/03\/pexels-rabi-a-157457438-14452745-200x300.jpg 200w, https:\/\/mantenimientosinformaticos.net\/maria_barriga\/wp-content\/uploads\/2026\/03\/pexels-rabi-a-157457438-14452745-768x1152.jpg 768w, https:\/\/mantenimientosinformaticos.net\/maria_barriga\/wp-content\/uploads\/2026\/03\/pexels-rabi-a-157457438-14452745-1024x1536.jpg 1024w, https:\/\/mantenimientosinformaticos.net\/maria_barriga\/wp-content\/uploads\/2026\/03\/pexels-rabi-a-157457438-14452745-1365x2048.jpg 1365w, https:\/\/mantenimientosinformaticos.net\/maria_barriga\/wp-content\/uploads\/2026\/03\/pexels-rabi-a-157457438-14452745-scaled.jpg 1707w\" sizes=\"auto, (max-width: 683px) 100vw, 683px\" \/>\t\t\t\t\t\t\t\t\t\t\t\t\t\t\t\t<\/p>\n<h3>Acompa\u00f1amiento en rupturas sentimentales<\/h3>\n<p>Las rupturas pueden generar dolor, confusi\u00f3n y una gran sensaci\u00f3n de desorientaci\u00f3n emocional. Ofrezco un espacio terap\u00e9utico para transitar este proceso, comprender lo vivido y favorecer una elaboraci\u00f3n m\u00e1s serena y respetuosa de la experiencia.<\/p>\n<p>\t\t\t\t\t\t\t\t<a href=\"https:\/\/wa.me\/34614103919\"><br \/>\n\t\t\t\t\t\t\t\t\tReservar cita<br \/>\n\t\t\t\t\t<\/a><br \/>\n\t\t\t\t\t\t\t\t\t\t\t\t\t\t\t\t\t\t\t<img loading=\"lazy\" decoding=\"async\" width=\"1818\" height=\"2560\" src=\"https:\/\/mantenimientosinformaticos.net\/maria_barriga\/wp-content\/uploads\/2026\/03\/pexels-kate-gundareva-72938767-9019866-scaled.jpg\" alt=\"Chica sentada sola con expresi\u00f3n introspectiva, representando los desaf\u00edos de la dependencia emocional y la b\u00fasqueda de autoestima.\" srcset=\"https:\/\/mantenimientosinformaticos.net\/maria_barriga\/wp-content\/uploads\/2026\/03\/pexels-kate-gundareva-72938767-9019866-scaled.jpg 1818w, https:\/\/mantenimientosinformaticos.net\/maria_barriga\/wp-content\/uploads\/2026\/03\/pexels-kate-gundareva-72938767-9019866-213x300.jpg 213w, https:\/\/mantenimientosinformaticos.net\/maria_barriga\/wp-content\/uploads\/2026\/03\/pexels-kate-gundareva-72938767-9019866-727x1024.jpg 727w, https:\/\/mantenimientosinformaticos.net\/maria_barriga\/wp-content\/uploads\/2026\/03\/pexels-kate-gundareva-72938767-9019866-768x1081.jpg 768w, https:\/\/mantenimientosinformaticos.net\/maria_barriga\/wp-content\/uploads\/2026\/03\/pexels-kate-gundareva-72938767-9019866-1091x1536.jpg 1091w, https:\/\/mantenimientosinformaticos.net\/maria_barriga\/wp-content\/uploads\/2026\/03\/pexels-kate-gundareva-72938767-9019866-1455x2048.jpg 1455w\" sizes=\"auto, (max-width: 1818px) 100vw, 1818px\" \/>\t\t\t\t\t\t\t\t\t\t\t\t\t\t\t\t<\/p>\n<h3>Dependencia emocional<br \/>\ny autoestima<\/h3>\n<p>Trabajo con personas que enfrentan dificultades para poner l\u00edmites o sostener relaciones dolorosas, enfoc\u00e1ndonos en fortalecer su autoestima y seguridad para crear v\u00ednculos m\u00e1s equilibrados. Acompa\u00f1o este proceso para transformar el miedo en amor propio.<\/p>\n<p>\t\t\t\t\t\t\t\t<a href=\"https:\/\/wa.me\/34614103919\"><br \/>\n\t\t\t\t\t\t\t\t\tReservar cita<br \/>\n\t\t\t\t\t<\/a><\/p>\n","protected":false},"excerpt":{"rendered":"<p>Servicios de psicolog\u00eda Ofrezco terapia psicol\u00f3gica\u00a0para personas que desean comprender mejor lo que les ocurre, mejorar su bienestar emocional y [&hellip;]<\/p>\n","protected":false},"author":1,"featured_media":0,"parent":0,"menu_order":0,"comment_status":"closed","ping_status":"closed","template":"","meta":{"site-sidebar-layout":"no-sidebar","site-content-layout":"","ast-site-content-layout":"full-width-container","site-content-style":"default","site-sidebar-style":"default","ast-global-header-display":"","ast-banner-title-visibility":"","ast-main-header-display":"","ast-hfb-above-header-display":"","ast-hfb-below-header-display":"","ast-hfb-mobile-header-display":"","site-post-title":"disabled","ast-breadcrumbs-content":"","ast-featured-img":"disabled","footer-sml-layout":"","ast-disable-related-posts":"","theme-transparent-header-meta":"","adv-header-id-meta":"","stick-header-meta":"","header-above-stick-meta":"","header-main-stick-meta":"","header-below-stick-meta":"","astra-migrate-meta-layouts":"default","ast-page-background-enabled":"default","ast-page-background-meta":{"desktop":{"background-color":"var(--ast-global-color-5)","background-image":"","background-repeat":"repeat","background-position":"center center","background-size":"auto","background-attachment":"scroll","background-type":"","background-media":"","overlay-type":"","overlay-color":"","overlay-opacity":"","overlay-gradient":""},"tablet":{"background-color":"","background-image":"","background-repeat":"repeat","background-position":"center center","background-size":"auto","background-attachment":"scroll","background-type":"","background-media":"","overlay-type":"","overlay-color":"","overlay-opacity":"","overlay-gradient":""},"mobile":{"background-color":"","background-image":"","background-repeat":"repeat","background-position":"center center","background-size":"auto","background-attachment":"scroll","background-type":"","background-media":"","overlay-type":"","overlay-color":"","overlay-opacity":"","overlay-gradient":""}},"ast-content-background-meta":{"desktop":{"background-color":"var(--ast-global-color-4)","background-image":"","background-repeat":"repeat","background-position":"center center","background-size":"auto","background-attachment":"scroll","background-type":"","background-media":"","overlay-type":"","overlay-color":"","overlay-opacity":"","overlay-gradient":""},"tablet":{"background-color":"var(--ast-global-color-4)","background-image":"","background-repeat":"repeat","background-position":"center center","background-size":"auto","background-attachment":"scroll","background-type":"","background-media":"","overlay-type":"","overlay-color":"","overlay-opacity":"","overlay-gradient":""},"mobile":{"background-color":"var(--ast-global-color-4)","background-image":"","background-repeat":"repeat","background-position":"center center","background-size":"auto","background-attachment":"scroll","background-type":"","background-media":"","overlay-type":"","overlay-color":"","overlay-opacity":"","overlay-gradient":""}},"footnotes":""},"class_list":["post-76","page","type-page","status-publish","hentry"],"yoast_head":"<!-- This site is optimized with the Yoast SEO plugin v27.2 - https:\/\/yoast.com\/product\/yoast-seo-wordpress\/ -->\n<title>Mar\u00eda Barriga - Servicios -<\/title>\n<meta name=\"description\" content=\"Servicios de terapia psicol\u00f3gica en Tenerife y Online. Especialista en procesos de ruptura, dependencia emocional y fortalecimiento de la autoestima. Sesiones personalizadas con Mar\u00eda Barriga. \u00a1Empieza tu camino hacia el bienestar!\" \/>\n<meta name=\"robots\" content=\"noindex, follow, max-snippet:-1, max-image-preview:large, max-video-preview:-1\" \/>\n<meta property=\"og:locale\" content=\"es_MX\" \/>\n<meta property=\"og:type\" content=\"article\" \/>\n<meta property=\"og:title\" content=\"Mar\u00eda Barriga - Servicios -\" \/>\n<meta property=\"og:description\" content=\"Servicios de terapia psicol\u00f3gica en Tenerife y Online. Especialista en procesos de ruptura, dependencia emocional y fortalecimiento de la autoestima. Sesiones personalizadas con Mar\u00eda Barriga. \u00a1Empieza tu camino hacia el bienestar!\" \/>\n<meta property=\"og:url\" content=\"https:\/\/mantenimientosinformaticos.net\/maria_barriga\/servicios\/\" \/>\n<meta property=\"article:modified_time\" content=\"2026-03-26T11:45:05+00:00\" \/>\n<meta property=\"og:image\" content=\"https:\/\/mantenimientosinformaticos.net\/maria_barriga\/wp-content\/uploads\/2026\/03\/pexels-xuanthanh-26074128.jpg\" \/>\n<meta name=\"twitter:card\" content=\"summary_large_image\" \/>\n<meta name=\"twitter:label1\" content=\"Tiempo de lectura\" \/>\n\t<meta name=\"twitter:data1\" content=\"2 minutos\" \/>\n<script type=\"application\/ld+json\" class=\"yoast-schema-graph\">{\"@context\":\"https:\/\/schema.org\",\"@graph\":[{\"@type\":\"WebPage\",\"@id\":\"https:\/\/mantenimientosinformaticos.net\/maria_barriga\/servicios\/\",\"url\":\"https:\/\/mantenimientosinformaticos.net\/maria_barriga\/servicios\/\",\"name\":\"Mar\u00eda Barriga - Servicios -\",\"isPartOf\":{\"@id\":\"https:\/\/mantenimientosinformaticos.net\/maria_barriga\/#website\"},\"primaryImageOfPage\":{\"@id\":\"https:\/\/mantenimientosinformaticos.net\/maria_barriga\/servicios\/#primaryimage\"},\"image\":{\"@id\":\"https:\/\/mantenimientosinformaticos.net\/maria_barriga\/servicios\/#primaryimage\"},\"thumbnailUrl\":\"https:\/\/mantenimientosinformaticos.net\/maria_barriga\/wp-content\/uploads\/2026\/03\/pexels-xuanthanh-26074128.jpg\",\"datePublished\":\"2026-03-16T09:53:16+00:00\",\"dateModified\":\"2026-03-26T11:45:05+00:00\",\"description\":\"Servicios de terapia psicol\u00f3gica en Tenerife y Online. Especialista en procesos de ruptura, dependencia emocional y fortalecimiento de la autoestima. Sesiones personalizadas con Mar\u00eda Barriga. \u00a1Empieza tu camino hacia el bienestar!\",\"breadcrumb\":{\"@id\":\"https:\/\/mantenimientosinformaticos.net\/maria_barriga\/servicios\/#breadcrumb\"},\"inLanguage\":\"es\",\"potentialAction\":[{\"@type\":\"ReadAction\",\"target\":[\"https:\/\/mantenimientosinformaticos.net\/maria_barriga\/servicios\/\"]}]},{\"@type\":\"ImageObject\",\"inLanguage\":\"es\",\"@id\":\"https:\/\/mantenimientosinformaticos.net\/maria_barriga\/servicios\/#primaryimage\",\"url\":\"https:\/\/mantenimientosinformaticos.net\/maria_barriga\/wp-content\/uploads\/2026\/03\/pexels-xuanthanh-26074128.jpg\",\"contentUrl\":\"https:\/\/mantenimientosinformaticos.net\/maria_barriga\/wp-content\/uploads\/2026\/03\/pexels-xuanthanh-26074128.jpg\",\"width\":1768,\"height\":2554,\"caption\":\"Dos personas d\u00e1ndose la mano como s\u00edmbolo de reconciliaci\u00f3n y conexi\u00f3n en terapia de pareja.\"},{\"@type\":\"BreadcrumbList\",\"@id\":\"https:\/\/mantenimientosinformaticos.net\/maria_barriga\/servicios\/#breadcrumb\",\"itemListElement\":[{\"@type\":\"ListItem\",\"position\":1,\"name\":\"Inicio\",\"item\":\"https:\/\/mantenimientosinformaticos.net\/maria_barriga\/\"},{\"@type\":\"ListItem\",\"position\":2,\"name\":\"Mar\u00eda Barriga &#8211; Servicios\"}]},{\"@type\":\"WebSite\",\"@id\":\"https:\/\/mantenimientosinformaticos.net\/maria_barriga\/#website\",\"url\":\"https:\/\/mantenimientosinformaticos.net\/maria_barriga\/\",\"name\":\"Mar\u00eda Barriga - Psic\u00f3loga\",\"description\":\"\",\"publisher\":{\"@id\":\"https:\/\/mantenimientosinformaticos.net\/maria_barriga\/#organization\"},\"potentialAction\":[{\"@type\":\"SearchAction\",\"target\":{\"@type\":\"EntryPoint\",\"urlTemplate\":\"https:\/\/mantenimientosinformaticos.net\/maria_barriga\/?s={search_term_string}\"},\"query-input\":{\"@type\":\"PropertyValueSpecification\",\"valueRequired\":true,\"valueName\":\"search_term_string\"}}],\"inLanguage\":\"es\"},{\"@type\":\"Organization\",\"@id\":\"https:\/\/mantenimientosinformaticos.net\/maria_barriga\/#organization\",\"name\":\"Mar\u00eda Barriga - Psic\u00f3loga\",\"url\":\"https:\/\/mantenimientosinformaticos.net\/maria_barriga\/\",\"logo\":{\"@type\":\"ImageObject\",\"inLanguage\":\"es\",\"@id\":\"https:\/\/mantenimientosinformaticos.net\/maria_barriga\/#\/schema\/logo\/image\/\",\"url\":\"https:\/\/mantenimientosinformaticos.net\/maria_barriga\/wp-content\/uploads\/2026\/03\/cropped-7BD0FEA5-A1D6-498B-A0EB-8E96DB4C34A9.png\",\"contentUrl\":\"https:\/\/mantenimientosinformaticos.net\/maria_barriga\/wp-content\/uploads\/2026\/03\/cropped-7BD0FEA5-A1D6-498B-A0EB-8E96DB4C34A9.png\",\"width\":1022,\"height\":452,\"caption\":\"Mar\u00eda Barriga - Psic\u00f3loga\"},\"image\":{\"@id\":\"https:\/\/mantenimientosinformaticos.net\/maria_barriga\/#\/schema\/logo\/image\/\"}}]}<\/script>\n<!-- \/ Yoast SEO plugin. -->","yoast_head_json":{"title":"Mar\u00eda Barriga - Servicios -","description":"Servicios de terapia psicol\u00f3gica en Tenerife y Online. Especialista en procesos de ruptura, dependencia emocional y fortalecimiento de la autoestima. Sesiones personalizadas con Mar\u00eda Barriga. \u00a1Empieza tu camino hacia el bienestar!","robots":{"index":"noindex","follow":"follow","max-snippet":"max-snippet:-1","max-image-preview":"max-image-preview:large","max-video-preview":"max-video-preview:-1"},"og_locale":"es_MX","og_type":"article","og_title":"Mar\u00eda Barriga - Servicios -","og_description":"Servicios de terapia psicol\u00f3gica en Tenerife y Online. Especialista en procesos de ruptura, dependencia emocional y fortalecimiento de la autoestima. Sesiones personalizadas con Mar\u00eda Barriga. \u00a1Empieza tu camino hacia el bienestar!","og_url":"https:\/\/mantenimientosinformaticos.net\/maria_barriga\/servicios\/","article_modified_time":"2026-03-26T11:45:05+00:00","og_image":[{"url":"https:\/\/mantenimientosinformaticos.net\/maria_barriga\/wp-content\/uploads\/2026\/03\/pexels-xuanthanh-26074128.jpg","type":"","width":"","height":""}],"twitter_card":"summary_large_image","twitter_misc":{"Tiempo de lectura":"2 minutos"},"schema":{"@context":"https:\/\/schema.org","@graph":[{"@type":"WebPage","@id":"https:\/\/mantenimientosinformaticos.net\/maria_barriga\/servicios\/","url":"https:\/\/mantenimientosinformaticos.net\/maria_barriga\/servicios\/","name":"Mar\u00eda Barriga - Servicios -","isPartOf":{"@id":"https:\/\/mantenimientosinformaticos.net\/maria_barriga\/#website"},"primaryImageOfPage":{"@id":"https:\/\/mantenimientosinformaticos.net\/maria_barriga\/servicios\/#primaryimage"},"image":{"@id":"https:\/\/mantenimientosinformaticos.net\/maria_barriga\/servicios\/#primaryimage"},"thumbnailUrl":"https:\/\/mantenimientosinformaticos.net\/maria_barriga\/wp-content\/uploads\/2026\/03\/pexels-xuanthanh-26074128.jpg","datePublished":"2026-03-16T09:53:16+00:00","dateModified":"2026-03-26T11:45:05+00:00","description":"Servicios de terapia psicol\u00f3gica en Tenerife y Online. Especialista en procesos de ruptura, dependencia emocional y fortalecimiento de la autoestima. Sesiones personalizadas con Mar\u00eda Barriga. \u00a1Empieza tu camino hacia el bienestar!","breadcrumb":{"@id":"https:\/\/mantenimientosinformaticos.net\/maria_barriga\/servicios\/#breadcrumb"},"inLanguage":"es","potentialAction":[{"@type":"ReadAction","target":["https:\/\/mantenimientosinformaticos.net\/maria_barriga\/servicios\/"]}]},{"@type":"ImageObject","inLanguage":"es","@id":"https:\/\/mantenimientosinformaticos.net\/maria_barriga\/servicios\/#primaryimage","url":"https:\/\/mantenimientosinformaticos.net\/maria_barriga\/wp-content\/uploads\/2026\/03\/pexels-xuanthanh-26074128.jpg","contentUrl":"https:\/\/mantenimientosinformaticos.net\/maria_barriga\/wp-content\/uploads\/2026\/03\/pexels-xuanthanh-26074128.jpg","width":1768,"height":2554,"caption":"Dos personas d\u00e1ndose la mano como s\u00edmbolo de reconciliaci\u00f3n y conexi\u00f3n en terapia de pareja."},{"@type":"BreadcrumbList","@id":"https:\/\/mantenimientosinformaticos.net\/maria_barriga\/servicios\/#breadcrumb","itemListElement":[{"@type":"ListItem","position":1,"name":"Inicio","item":"https:\/\/mantenimientosinformaticos.net\/maria_barriga\/"},{"@type":"ListItem","position":2,"name":"Mar\u00eda Barriga &#8211; Servicios"}]},{"@type":"WebSite","@id":"https:\/\/mantenimientosinformaticos.net\/maria_barriga\/#website","url":"https:\/\/mantenimientosinformaticos.net\/maria_barriga\/","name":"Mar\u00eda Barriga - Psic\u00f3loga","description":"","publisher":{"@id":"https:\/\/mantenimientosinformaticos.net\/maria_barriga\/#organization"},"potentialAction":[{"@type":"SearchAction","target":{"@type":"EntryPoint","urlTemplate":"https:\/\/mantenimientosinformaticos.net\/maria_barriga\/?s={search_term_string}"},"query-input":{"@type":"PropertyValueSpecification","valueRequired":true,"valueName":"search_term_string"}}],"inLanguage":"es"},{"@type":"Organization","@id":"https:\/\/mantenimientosinformaticos.net\/maria_barriga\/#organization","name":"Mar\u00eda Barriga - Psic\u00f3loga","url":"https:\/\/mantenimientosinformaticos.net\/maria_barriga\/","logo":{"@type":"ImageObject","inLanguage":"es","@id":"https:\/\/mantenimientosinformaticos.net\/maria_barriga\/#\/schema\/logo\/image\/","url":"https:\/\/mantenimientosinformaticos.net\/maria_barriga\/wp-content\/uploads\/2026\/03\/cropped-7BD0FEA5-A1D6-498B-A0EB-8E96DB4C34A9.png","contentUrl":"https:\/\/mantenimientosinformaticos.net\/maria_barriga\/wp-content\/uploads\/2026\/03\/cropped-7BD0FEA5-A1D6-498B-A0EB-8E96DB4C34A9.png","width":1022,"height":452,"caption":"Mar\u00eda Barriga - Psic\u00f3loga"},"image":{"@id":"https:\/\/mantenimientosinformaticos.net\/maria_barriga\/#\/schema\/logo\/image\/"}}]}},"_links":{"self":[{"href":"https:\/\/mantenimientosinformaticos.net\/maria_barriga\/wp-json\/wp\/v2\/pages\/76","targetHints":{"allow":["GET"]}}],"collection":[{"href":"https:\/\/mantenimientosinformaticos.net\/maria_barriga\/wp-json\/wp\/v2\/pages"}],"about":[{"href":"https:\/\/mantenimientosinformaticos.net\/maria_barriga\/wp-json\/wp\/v2\/types\/page"}],"author":[{"embeddable":true,"href":"https:\/\/mantenimientosinformaticos.net\/maria_barriga\/wp-json\/wp\/v2\/users\/1"}],"replies":[{"embeddable":true,"href":"https:\/\/mantenimientosinformaticos.net\/maria_barriga\/wp-json\/wp\/v2\/comments?post=76"}],"version-history":[{"count":77,"href":"https:\/\/mantenimientosinformaticos.net\/maria_barriga\/wp-json\/wp\/v2\/pages\/76\/revisions"}],"predecessor-version":[{"id":600,"href":"https:\/\/mantenimientosinformaticos.net\/maria_barriga\/wp-json\/wp\/v2\/pages\/76\/revisions\/600"}],"wp:attachment":[{"href":"https:\/\/mantenimientosinformaticos.net\/maria_barriga\/wp-json\/wp\/v2\/media?parent=76"}],"curies":[{"name":"wp","href":"https:\/\/api.w.org\/{rel}","templated":true}]}}