{"id":56,"date":"2026-03-16T09:17:15","date_gmt":"2026-03-16T09:17:15","guid":{"rendered":"https:\/\/mantenimientosinformaticos.net\/maria_barriga\/?page_id=56"},"modified":"2026-03-26T11:45:34","modified_gmt":"2026-03-26T11:45:34","slug":"sobre-mi","status":"publish","type":"page","link":"https:\/\/mantenimientosinformaticos.net\/maria_barriga\/sobre-mi\/","title":{"rendered":"Mar\u00eda Barriga &#8211; Sobre m\u00ed"},"content":{"rendered":"<p><img decoding=\"async\" src=\"https:\/\/mantenimientosinformaticos.net\/maria_barriga\/wp-content\/uploads\/elementor\/thumbs\/SOBRE-MI-cuadrada-rkqim5608g3nptmndfhok6oe9ftavhpwo5k3wvp0xs.webp\" title=\"SOBRE M\u00cd-cuadrada\" alt=\"Retrato de la psic\u00f3loga Mar\u00eda Barriga transmitiendo cercan\u00eda y profesionalidad\" loading=\"lazy\" \/>\t\t\t\t\t\t\t\t\t\t\t\t\t\t\t\t<\/p>\n<h1>Un acompa\u00f1amiento basado en la ternura y el cuidado<\/h1>\n<p>Mi enfoque nace de la convicci\u00f3n de que todas necesitamos, en alg\u00fan momento, un lugar seguro donde ser escuchados sin juicios. Aqu\u00ed encontrar\u00e1s un espacio de calma, ternura y profesionalidad dise\u00f1ado para ayudarte a reconectar contigo misma y recuperar tu bienestar.<\/p>\n<p>\t\t\t\t\t\t\t\t<a href=\"https:\/\/wa.me\/34614103919\" target=\"_blank\"><br \/>\n\t\t\t\t<svg aria-hidden=\"true\" viewBox=\"0 0 448 512\" xmlns=\"http:\/\/www.w3.org\/2000\/svg\"><path d=\"M190.5 66.9l22.2-22.2c9.4-9.4 24.6-9.4 33.9 0L441 239c9.4 9.4 9.4 24.6 0 33.9L246.6 467.3c-9.4 9.4-24.6 9.4-33.9 0l-22.2-22.2c-9.5-9.5-9.3-25 .4-34.3L311.4 296H24c-13.3 0-24-10.7-24-24v-32c0-13.3 10.7-24 24-24h287.4L190.9 101.2c-9.8-9.3-10-24.8-.4-34.3z\"><\/path><\/svg><br \/>\n\t\t\t\t\t\t\t\t\tReservar cita<br \/>\n\t\t\t\t\t<\/a><\/p>\n<p>MI MIRADA SOBRE LA TERAPIA<\/p>\n<h2>Entiendo el proceso terap\u00e9utico como un camino que  recorremos juntas, con respeto y sin juicios.<\/h2>\n<p>Mi prioridad es que encuentres en consulta un refugio seguro. Aqu\u00ed, tu vulnerabilidad es respetada y tu historia es escuchada con absoluta presencia. Trabajaremos desde la empat\u00eda y el rigor profesional para que logres reconectar con tus fortalezas y recuperar tu equilibrio emocional.<\/p>\n<style>\n  .reels-section {\n    width: 100%;\n    max-width: 1250px;\n    margin: 40px auto;\n    padding: 20px;\n    box-sizing: border-box;\n  }\n  .reels-showcase {\n    display: flex;\n    flex-wrap: nowrap;\n    justify-content: center;\n    align-items: flex-start;\n    gap: 60px;\n    width: 100%;\n  }\n  @media (min-width: 851px) {\n    .reel-side {\n      flex: 1;\n      max-width: 350px;\n      z-index: 1;\n    }\n    .reel-center {\n      flex: 1.1; \n      max-width: 390px;\n      z-index: 2;\n    }\n    .reel-item {\n      min-height: 580px;\n    }\n  }\n  .reel-item {\n    width: 100%;\n    border-radius: 12px;\n    background: transparent;\n    overflow: hidden; \n    box-shadow: 0px 15px 35px rgba(0, 0, 0, 0.15);\n    display: flex;\n    position: relative;\n    transition: transform 0.3s ease, box-shadow 0.3s ease;\n  }\n  .reel-item:hover {\n    transform: translateY(-10px) scale(1.08);\n    box-shadow: 0px 20px 40px rgba(0, 0, 0, 0.25);\n  }\n  .reels-showcase blockquote.instagram-media {\n    margin: 0 !important;\n    width: 100% !important;\n    max-width: 100% !important;\n    min-width: 100% !important; \n    box-sizing: border-box;\n    position: absolute;\n    top: 0;\n    left: 0;\n    height: 100%;\n  }\n  @media (max-width: 850px) {\n    .reels-section {\n      padding: 10px;\n      margin-bottom: 80px; \n    }\n    .reels-showcase {\n      flex-direction: column;\n      align-items: center; \n      gap: 50px; \n    }\n    .reel-side, .reel-center {\n      max-width: 340px;\n      width: 100%;\n    }\n    .reel-center {\n      order: -1; \n      max-width: 340px;\n    }\n    .reel-item {\n      min-height: auto;\n    }\n    .reels-showcase blockquote.instagram-media {\n      position: relative;\n      height: auto;\n    }\n    .reel-item:active {\n        transform: translateY(-10px) scale(1.05);\n    }\n  }\n<\/style>\n<blockquote data-instgrm-permalink=\"https:\/\/www.instagram.com\/reel\/DHRQLLyoZ9P\/\" data-instgrm-version=\"14\"><\/blockquote>\n<blockquote data-instgrm-permalink=\"https:\/\/www.instagram.com\/reel\/DGjK5wvIEHP\/\" data-instgrm-version=\"14\"><\/blockquote>\n<blockquote data-instgrm-permalink=\"https:\/\/www.instagram.com\/reel\/DIHUSGHoGLq\/\" data-instgrm-version=\"14\"><\/blockquote>\n<h2>Una trayectoria construida desde el conocimiento, la sensibilidad y  la vocaci\u00f3n de acompa\u00f1ar.<\/h2>\n<p>\t\t\t\t\t\t\t\t\t\t\t\t\t\t\t<img loading=\"lazy\" decoding=\"async\" width=\"1024\" height=\"683\" src=\"https:\/\/mantenimientosinformaticos.net\/maria_barriga\/wp-content\/uploads\/2026\/03\/TRAYECTORIA-VOCACION-1024x683.webp\" alt=\"Psic\u00f3loga Mar\u00eda Barriga en consulta presencial en Tenerife tomando notas durante una sesi\u00f3n de terapia.\" srcset=\"https:\/\/mantenimientosinformaticos.net\/maria_barriga\/wp-content\/uploads\/2026\/03\/TRAYECTORIA-VOCACION-1024x683.webp 1024w, https:\/\/mantenimientosinformaticos.net\/maria_barriga\/wp-content\/uploads\/2026\/03\/TRAYECTORIA-VOCACION-300x200.webp 300w, https:\/\/mantenimientosinformaticos.net\/maria_barriga\/wp-content\/uploads\/2026\/03\/TRAYECTORIA-VOCACION-768x512.webp 768w, https:\/\/mantenimientosinformaticos.net\/maria_barriga\/wp-content\/uploads\/2026\/03\/TRAYECTORIA-VOCACION-1536x1024.webp 1536w, https:\/\/mantenimientosinformaticos.net\/maria_barriga\/wp-content\/uploads\/2026\/03\/TRAYECTORIA-VOCACION-2048x1365.webp 2048w\" sizes=\"auto, (max-width: 1024px) 100vw, 1024px\" \/>\t\t\t\t\t\t\t\t\t\t\t\t\t<\/p>\n<p>Me form\u00e9 en la Universidad de Granada, donde asent\u00e9 las bases de mi comprensi\u00f3n sobre la mente y las emociones. M\u00e1s adelante, me especialic\u00e9 en Neuropsicolog\u00eda Cl\u00ednica, profundizando en el desarrollo infanto-juvenil y en la manera en que se construye nuestro mundo emocional desde la infancia.<\/p>\n<p>Complet\u00e9 mi trayectoria con el M\u00e1ster en Intervenci\u00f3n Familiar, Social y Comunitaria en la Universidad de La Laguna y el M\u00e1ster en Psicolog\u00eda General Sanitaria. Hoy, esta formaci\u00f3n me permite ofrecer una pr\u00e1ctica cl\u00ednica basada en la evidencia, con una mirada integral que tiene en cuenta a la persona, su historia y su entorno.<\/p>\n<p>\t\t\t\t\t<a href=\"https:\/\/www.tiktok.com\/@psicologamariabarriga\" target=\"_blank\"><br \/>\n\t\t\t\t\t\tTiktok<br \/>\n\t\t\t\t\t\t<svg aria-hidden=\"true\" viewBox=\"0 0 448 512\" xmlns=\"http:\/\/www.w3.org\/2000\/svg\"><path d=\"M448,209.91a210.06,210.06,0,0,1-122.77-39.25V349.38A162.55,162.55,0,1,1,185,188.31V278.2a74.62,74.62,0,1,0,52.23,71.18V0l88,0a121.18,121.18,0,0,0,1.86,22.17h0A122.18,122.18,0,0,0,381,102.39a121.43,121.43,0,0,0,67,20.14Z\"><\/path><\/svg>\t\t\t\t\t<\/a><br \/>\n\t\t\t\t\t<a href=\"https:\/\/www.instagram.com\/psicologamariabarriga\" target=\"_blank\"><br \/>\n\t\t\t\t\t\tInstagram<br \/>\n\t\t\t\t\t\t<svg aria-hidden=\"true\" viewBox=\"0 0 448 512\" xmlns=\"http:\/\/www.w3.org\/2000\/svg\"><path d=\"M224.1 141c-63.6 0-114.9 51.3-114.9 114.9s51.3 114.9 114.9 114.9S339 319.5 339 255.9 287.7 141 224.1 141zm0 189.6c-41.1 0-74.7-33.5-74.7-74.7s33.5-74.7 74.7-74.7 74.7 33.5 74.7 74.7-33.6 74.7-74.7 74.7zm146.4-194.3c0 14.9-12 26.8-26.8 26.8-14.9 0-26.8-12-26.8-26.8s12-26.8 26.8-26.8 26.8 12 26.8 26.8zm76.1 27.2c-1.7-35.9-9.9-67.7-36.2-93.9-26.2-26.2-58-34.4-93.9-36.2-37-2.1-147.9-2.1-184.9 0-35.8 1.7-67.6 9.9-93.9 36.1s-34.4 58-36.2 93.9c-2.1 37-2.1 147.9 0 184.9 1.7 35.9 9.9 67.7 36.2 93.9s58 34.4 93.9 36.2c37 2.1 147.9 2.1 184.9 0 35.9-1.7 67.7-9.9 93.9-36.2 26.2-26.2 34.4-58 36.2-93.9 2.1-37 2.1-147.8 0-184.8zM398.8 388c-7.8 19.6-22.9 34.7-42.6 42.6-29.5 11.7-99.5 9-132.1 9s-102.7 2.6-132.1-9c-19.6-7.8-34.7-22.9-42.6-42.6-11.7-29.5-9-99.5-9-132.1s-2.6-102.7 9-132.1c7.8-19.6 22.9-34.7 42.6-42.6 29.5-11.7 99.5-9 132.1-9s102.7-2.6 132.1 9c19.6 7.8 34.7 22.9 42.6 42.6 11.7 29.5 9 99.5 9 132.1s2.7 102.7-9 132.1z\"><\/path><\/svg>\t\t\t\t\t<\/a><br \/>\n\t\t\t\t\t<a href=\"https:\/\/www.linkedin.com\/in\/mar%C3%ADa-b-5635521a3?utm_source=share&#038;utm_campaign=share_via&#038;utm_content=profile&#038;utm_medium=ios_app\" target=\"_blank\"><br \/>\n\t\t\t\t\t\tLinkedin<br \/>\n\t\t\t\t\t\t<svg aria-hidden=\"true\" viewBox=\"0 0 448 512\" xmlns=\"http:\/\/www.w3.org\/2000\/svg\"><path d=\"M416 32H31.9C14.3 32 0 46.5 0 64.3v383.4C0 465.5 14.3 480 31.9 480H416c17.6 0 32-14.5 32-32.3V64.3c0-17.8-14.4-32.3-32-32.3zM135.4 416H69V202.2h66.5V416zm-33.2-243c-21.3 0-38.5-17.3-38.5-38.5S80.9 96 102.2 96c21.2 0 38.5 17.3 38.5 38.5 0 21.3-17.2 38.5-38.5 38.5zm282.1 243h-66.4V312c0-24.8-.5-56.7-34.5-56.7-34.6 0-39.9 27-39.9 54.9V416h-66.4V202.2h63.7v29.2h.9c8.9-16.8 30.6-34.5 62.9-34.5 67.2 0 79.7 44.3 79.7 101.9V416z\"><\/path><\/svg>\t\t\t\t\t<\/a><\/p>\n","protected":false},"excerpt":{"rendered":"<p>Un acompa\u00f1amiento basado en la ternura y el cuidado Mi enfoque nace de la convicci\u00f3n de que todas necesitamos, en [&hellip;]<\/p>\n","protected":false},"author":1,"featured_media":0,"parent":0,"menu_order":0,"comment_status":"closed","ping_status":"closed","template":"","meta":{"site-sidebar-layout":"no-sidebar","site-content-layout":"","ast-site-content-layout":"full-width-container","site-content-style":"default","site-sidebar-style":"default","ast-global-header-display":"","ast-banner-title-visibility":"","ast-main-header-display":"","ast-hfb-above-header-display":"","ast-hfb-below-header-display":"","ast-hfb-mobile-header-display":"","site-post-title":"disabled","ast-breadcrumbs-content":"","ast-featured-img":"disabled","footer-sml-layout":"","ast-disable-related-posts":"","theme-transparent-header-meta":"","adv-header-id-meta":"","stick-header-meta":"","header-above-stick-meta":"","header-main-stick-meta":"","header-below-stick-meta":"","astra-migrate-meta-layouts":"default","ast-page-background-enabled":"default","ast-page-background-meta":{"desktop":{"background-color":"var(--ast-global-color-5)","background-image":"","background-repeat":"repeat","background-position":"center center","background-size":"auto","background-attachment":"scroll","background-type":"","background-media":"","overlay-type":"","overlay-color":"","overlay-opacity":"","overlay-gradient":""},"tablet":{"background-color":"","background-image":"","background-repeat":"repeat","background-position":"center center","background-size":"auto","background-attachment":"scroll","background-type":"","background-media":"","overlay-type":"","overlay-color":"","overlay-opacity":"","overlay-gradient":""},"mobile":{"background-color":"","background-image":"","background-repeat":"repeat","background-position":"center center","background-size":"auto","background-attachment":"scroll","background-type":"","background-media":"","overlay-type":"","overlay-color":"","overlay-opacity":"","overlay-gradient":""}},"ast-content-background-meta":{"desktop":{"background-color":"var(--ast-global-color-4)","background-image":"","background-repeat":"repeat","background-position":"center center","background-size":"auto","background-attachment":"scroll","background-type":"","background-media":"","overlay-type":"","overlay-color":"","overlay-opacity":"","overlay-gradient":""},"tablet":{"background-color":"var(--ast-global-color-4)","background-image":"","background-repeat":"repeat","background-position":"center center","background-size":"auto","background-attachment":"scroll","background-type":"","background-media":"","overlay-type":"","overlay-color":"","overlay-opacity":"","overlay-gradient":""},"mobile":{"background-color":"var(--ast-global-color-4)","background-image":"","background-repeat":"repeat","background-position":"center center","background-size":"auto","background-attachment":"scroll","background-type":"","background-media":"","overlay-type":"","overlay-color":"","overlay-opacity":"","overlay-gradient":""}},"footnotes":""},"class_list":["post-56","page","type-page","status-publish","hentry"],"yoast_head":"<!-- This site is optimized with the Yoast SEO plugin v27.2 - https:\/\/yoast.com\/product\/yoast-seo-wordpress\/ -->\n<title>Mar\u00eda Barriga - Sobre m\u00ed - Psic\u00f3loga<\/title>\n<meta name=\"description\" content=\"Mar\u00eda Barriga, psic\u00f3loga especializada en Tenerife. Citas presenciales y online. M\u00e1s informaci\u00f3n en la p\u00e1gina web.\" \/>\n<meta name=\"robots\" content=\"noindex, follow, max-snippet:-1, max-image-preview:large, max-video-preview:-1\" \/>\n<meta property=\"og:locale\" content=\"es_MX\" \/>\n<meta property=\"og:type\" content=\"article\" \/>\n<meta property=\"og:title\" content=\"Mar\u00eda Barriga - Sobre m\u00ed - Psic\u00f3loga\" \/>\n<meta property=\"og:description\" content=\"Mar\u00eda Barriga, psic\u00f3loga especializada en Tenerife. Citas presenciales y online. M\u00e1s informaci\u00f3n en la p\u00e1gina web.\" \/>\n<meta property=\"og:url\" content=\"https:\/\/mantenimientosinformaticos.net\/maria_barriga\/sobre-mi\/\" \/>\n<meta property=\"article:modified_time\" content=\"2026-03-26T11:45:34+00:00\" \/>\n<meta property=\"og:image\" content=\"https:\/\/mantenimientosinformaticos.net\/maria_barriga\/wp-content\/uploads\/elementor\/thumbs\/SOBRE-MI-cuadrada-rkqim5608g3nptmndfhok6oe9ftavhpwo5k3wvp0xs.webp\" \/>\n<meta name=\"twitter:card\" content=\"summary_large_image\" \/>\n<meta name=\"twitter:label1\" content=\"Tiempo de lectura\" \/>\n\t<meta name=\"twitter:data1\" content=\"2 minutos\" \/>\n<script type=\"application\/ld+json\" class=\"yoast-schema-graph\">{\"@context\":\"https:\/\/schema.org\",\"@graph\":[{\"@type\":\"WebPage\",\"@id\":\"https:\/\/mantenimientosinformaticos.net\/maria_barriga\/sobre-mi\/\",\"url\":\"https:\/\/mantenimientosinformaticos.net\/maria_barriga\/sobre-mi\/\",\"name\":\"Mar\u00eda Barriga - Sobre m\u00ed - Psic\u00f3loga\",\"isPartOf\":{\"@id\":\"https:\/\/mantenimientosinformaticos.net\/maria_barriga\/#website\"},\"primaryImageOfPage\":{\"@id\":\"https:\/\/mantenimientosinformaticos.net\/maria_barriga\/sobre-mi\/#primaryimage\"},\"image\":{\"@id\":\"https:\/\/mantenimientosinformaticos.net\/maria_barriga\/sobre-mi\/#primaryimage\"},\"thumbnailUrl\":\"https:\/\/mantenimientosinformaticos.net\/maria_barriga\/wp-content\/uploads\/elementor\/thumbs\/SOBRE-MI-cuadrada-rkqim5608g3nptmndfhok6oe9ftavhpwo5k3wvp0xs.webp\",\"datePublished\":\"2026-03-16T09:17:15+00:00\",\"dateModified\":\"2026-03-26T11:45:34+00:00\",\"description\":\"Mar\u00eda Barriga, psic\u00f3loga especializada en Tenerife. Citas presenciales y online. M\u00e1s informaci\u00f3n en la p\u00e1gina web.\",\"breadcrumb\":{\"@id\":\"https:\/\/mantenimientosinformaticos.net\/maria_barriga\/sobre-mi\/#breadcrumb\"},\"inLanguage\":\"es\",\"potentialAction\":[{\"@type\":\"ReadAction\",\"target\":[\"https:\/\/mantenimientosinformaticos.net\/maria_barriga\/sobre-mi\/\"]}]},{\"@type\":\"ImageObject\",\"inLanguage\":\"es\",\"@id\":\"https:\/\/mantenimientosinformaticos.net\/maria_barriga\/sobre-mi\/#primaryimage\",\"url\":\"https:\/\/mantenimientosinformaticos.net\/maria_barriga\/wp-content\/uploads\/elementor\/thumbs\/SOBRE-MI-cuadrada-rkqim5608g3nptmndfhok6oe9ftavhpwo5k3wvp0xs.webp\",\"contentUrl\":\"https:\/\/mantenimientosinformaticos.net\/maria_barriga\/wp-content\/uploads\/elementor\/thumbs\/SOBRE-MI-cuadrada-rkqim5608g3nptmndfhok6oe9ftavhpwo5k3wvp0xs.webp\"},{\"@type\":\"BreadcrumbList\",\"@id\":\"https:\/\/mantenimientosinformaticos.net\/maria_barriga\/sobre-mi\/#breadcrumb\",\"itemListElement\":[{\"@type\":\"ListItem\",\"position\":1,\"name\":\"Inicio\",\"item\":\"https:\/\/mantenimientosinformaticos.net\/maria_barriga\/\"},{\"@type\":\"ListItem\",\"position\":2,\"name\":\"Mar\u00eda Barriga &#8211; Sobre m\u00ed\"}]},{\"@type\":\"WebSite\",\"@id\":\"https:\/\/mantenimientosinformaticos.net\/maria_barriga\/#website\",\"url\":\"https:\/\/mantenimientosinformaticos.net\/maria_barriga\/\",\"name\":\"Mar\u00eda Barriga - Psic\u00f3loga\",\"description\":\"\",\"publisher\":{\"@id\":\"https:\/\/mantenimientosinformaticos.net\/maria_barriga\/#organization\"},\"potentialAction\":[{\"@type\":\"SearchAction\",\"target\":{\"@type\":\"EntryPoint\",\"urlTemplate\":\"https:\/\/mantenimientosinformaticos.net\/maria_barriga\/?s={search_term_string}\"},\"query-input\":{\"@type\":\"PropertyValueSpecification\",\"valueRequired\":true,\"valueName\":\"search_term_string\"}}],\"inLanguage\":\"es\"},{\"@type\":\"Organization\",\"@id\":\"https:\/\/mantenimientosinformaticos.net\/maria_barriga\/#organization\",\"name\":\"Mar\u00eda Barriga - Psic\u00f3loga\",\"url\":\"https:\/\/mantenimientosinformaticos.net\/maria_barriga\/\",\"logo\":{\"@type\":\"ImageObject\",\"inLanguage\":\"es\",\"@id\":\"https:\/\/mantenimientosinformaticos.net\/maria_barriga\/#\/schema\/logo\/image\/\",\"url\":\"https:\/\/mantenimientosinformaticos.net\/maria_barriga\/wp-content\/uploads\/2026\/03\/cropped-7BD0FEA5-A1D6-498B-A0EB-8E96DB4C34A9.png\",\"contentUrl\":\"https:\/\/mantenimientosinformaticos.net\/maria_barriga\/wp-content\/uploads\/2026\/03\/cropped-7BD0FEA5-A1D6-498B-A0EB-8E96DB4C34A9.png\",\"width\":1022,\"height\":452,\"caption\":\"Mar\u00eda Barriga - Psic\u00f3loga\"},\"image\":{\"@id\":\"https:\/\/mantenimientosinformaticos.net\/maria_barriga\/#\/schema\/logo\/image\/\"}}]}<\/script>\n<!-- \/ Yoast SEO plugin. -->","yoast_head_json":{"title":"Mar\u00eda Barriga - Sobre m\u00ed - Psic\u00f3loga","description":"Mar\u00eda Barriga, psic\u00f3loga especializada en Tenerife. Citas presenciales y online. M\u00e1s informaci\u00f3n en la p\u00e1gina web.","robots":{"index":"noindex","follow":"follow","max-snippet":"max-snippet:-1","max-image-preview":"max-image-preview:large","max-video-preview":"max-video-preview:-1"},"og_locale":"es_MX","og_type":"article","og_title":"Mar\u00eda Barriga - Sobre m\u00ed - Psic\u00f3loga","og_description":"Mar\u00eda Barriga, psic\u00f3loga especializada en Tenerife. Citas presenciales y online. M\u00e1s informaci\u00f3n en la p\u00e1gina web.","og_url":"https:\/\/mantenimientosinformaticos.net\/maria_barriga\/sobre-mi\/","article_modified_time":"2026-03-26T11:45:34+00:00","og_image":[{"url":"https:\/\/mantenimientosinformaticos.net\/maria_barriga\/wp-content\/uploads\/elementor\/thumbs\/SOBRE-MI-cuadrada-rkqim5608g3nptmndfhok6oe9ftavhpwo5k3wvp0xs.webp","type":"","width":"","height":""}],"twitter_card":"summary_large_image","twitter_misc":{"Tiempo de lectura":"2 minutos"},"schema":{"@context":"https:\/\/schema.org","@graph":[{"@type":"WebPage","@id":"https:\/\/mantenimientosinformaticos.net\/maria_barriga\/sobre-mi\/","url":"https:\/\/mantenimientosinformaticos.net\/maria_barriga\/sobre-mi\/","name":"Mar\u00eda Barriga - Sobre m\u00ed - Psic\u00f3loga","isPartOf":{"@id":"https:\/\/mantenimientosinformaticos.net\/maria_barriga\/#website"},"primaryImageOfPage":{"@id":"https:\/\/mantenimientosinformaticos.net\/maria_barriga\/sobre-mi\/#primaryimage"},"image":{"@id":"https:\/\/mantenimientosinformaticos.net\/maria_barriga\/sobre-mi\/#primaryimage"},"thumbnailUrl":"https:\/\/mantenimientosinformaticos.net\/maria_barriga\/wp-content\/uploads\/elementor\/thumbs\/SOBRE-MI-cuadrada-rkqim5608g3nptmndfhok6oe9ftavhpwo5k3wvp0xs.webp","datePublished":"2026-03-16T09:17:15+00:00","dateModified":"2026-03-26T11:45:34+00:00","description":"Mar\u00eda Barriga, psic\u00f3loga especializada en Tenerife. Citas presenciales y online. M\u00e1s informaci\u00f3n en la p\u00e1gina web.","breadcrumb":{"@id":"https:\/\/mantenimientosinformaticos.net\/maria_barriga\/sobre-mi\/#breadcrumb"},"inLanguage":"es","potentialAction":[{"@type":"ReadAction","target":["https:\/\/mantenimientosinformaticos.net\/maria_barriga\/sobre-mi\/"]}]},{"@type":"ImageObject","inLanguage":"es","@id":"https:\/\/mantenimientosinformaticos.net\/maria_barriga\/sobre-mi\/#primaryimage","url":"https:\/\/mantenimientosinformaticos.net\/maria_barriga\/wp-content\/uploads\/elementor\/thumbs\/SOBRE-MI-cuadrada-rkqim5608g3nptmndfhok6oe9ftavhpwo5k3wvp0xs.webp","contentUrl":"https:\/\/mantenimientosinformaticos.net\/maria_barriga\/wp-content\/uploads\/elementor\/thumbs\/SOBRE-MI-cuadrada-rkqim5608g3nptmndfhok6oe9ftavhpwo5k3wvp0xs.webp"},{"@type":"BreadcrumbList","@id":"https:\/\/mantenimientosinformaticos.net\/maria_barriga\/sobre-mi\/#breadcrumb","itemListElement":[{"@type":"ListItem","position":1,"name":"Inicio","item":"https:\/\/mantenimientosinformaticos.net\/maria_barriga\/"},{"@type":"ListItem","position":2,"name":"Mar\u00eda Barriga &#8211; Sobre m\u00ed"}]},{"@type":"WebSite","@id":"https:\/\/mantenimientosinformaticos.net\/maria_barriga\/#website","url":"https:\/\/mantenimientosinformaticos.net\/maria_barriga\/","name":"Mar\u00eda Barriga - Psic\u00f3loga","description":"","publisher":{"@id":"https:\/\/mantenimientosinformaticos.net\/maria_barriga\/#organization"},"potentialAction":[{"@type":"SearchAction","target":{"@type":"EntryPoint","urlTemplate":"https:\/\/mantenimientosinformaticos.net\/maria_barriga\/?s={search_term_string}"},"query-input":{"@type":"PropertyValueSpecification","valueRequired":true,"valueName":"search_term_string"}}],"inLanguage":"es"},{"@type":"Organization","@id":"https:\/\/mantenimientosinformaticos.net\/maria_barriga\/#organization","name":"Mar\u00eda Barriga - Psic\u00f3loga","url":"https:\/\/mantenimientosinformaticos.net\/maria_barriga\/","logo":{"@type":"ImageObject","inLanguage":"es","@id":"https:\/\/mantenimientosinformaticos.net\/maria_barriga\/#\/schema\/logo\/image\/","url":"https:\/\/mantenimientosinformaticos.net\/maria_barriga\/wp-content\/uploads\/2026\/03\/cropped-7BD0FEA5-A1D6-498B-A0EB-8E96DB4C34A9.png","contentUrl":"https:\/\/mantenimientosinformaticos.net\/maria_barriga\/wp-content\/uploads\/2026\/03\/cropped-7BD0FEA5-A1D6-498B-A0EB-8E96DB4C34A9.png","width":1022,"height":452,"caption":"Mar\u00eda Barriga - Psic\u00f3loga"},"image":{"@id":"https:\/\/mantenimientosinformaticos.net\/maria_barriga\/#\/schema\/logo\/image\/"}}]}},"_links":{"self":[{"href":"https:\/\/mantenimientosinformaticos.net\/maria_barriga\/wp-json\/wp\/v2\/pages\/56","targetHints":{"allow":["GET"]}}],"collection":[{"href":"https:\/\/mantenimientosinformaticos.net\/maria_barriga\/wp-json\/wp\/v2\/pages"}],"about":[{"href":"https:\/\/mantenimientosinformaticos.net\/maria_barriga\/wp-json\/wp\/v2\/types\/page"}],"author":[{"embeddable":true,"href":"https:\/\/mantenimientosinformaticos.net\/maria_barriga\/wp-json\/wp\/v2\/users\/1"}],"replies":[{"embeddable":true,"href":"https:\/\/mantenimientosinformaticos.net\/maria_barriga\/wp-json\/wp\/v2\/comments?post=56"}],"version-history":[{"count":117,"href":"https:\/\/mantenimientosinformaticos.net\/maria_barriga\/wp-json\/wp\/v2\/pages\/56\/revisions"}],"predecessor-version":[{"id":601,"href":"https:\/\/mantenimientosinformaticos.net\/maria_barriga\/wp-json\/wp\/v2\/pages\/56\/revisions\/601"}],"wp:attachment":[{"href":"https:\/\/mantenimientosinformaticos.net\/maria_barriga\/wp-json\/wp\/v2\/media?parent=56"}],"curies":[{"name":"wp","href":"https:\/\/api.w.org\/{rel}","templated":true}]}}