{"id":442,"date":"2026-03-23T14:45:39","date_gmt":"2026-03-23T14:45:39","guid":{"rendered":"https:\/\/mantenimientosinformaticos.net\/maria_barriga\/?page_id=442"},"modified":"2026-03-26T11:26:09","modified_gmt":"2026-03-26T11:26:09","slug":"aviso-legal","status":"publish","type":"page","link":"https:\/\/mantenimientosinformaticos.net\/maria_barriga\/aviso-legal\/","title":{"rendered":"Aviso legal"},"content":{"rendered":"<h1>Aviso legal<\/h1>\n<p>Seg\u00fan lo establecido en la LSSICE 34\/2002 le informamos que los datos obtenidos por medio de la presente p\u00e1gina Web se ajustan a las obligaciones y requisitos dimanados de la LOPDGDD 3\/2018 y su reglamento el RGPD UE 2016\/679. Adem\u00e1s, le informamos que el responsable del tratamiento es MARIA BARRIGA LOPEZ con NIF. 25606529P\u00a0\u00a0 y direcci\u00f3n en URB. LA FLORIDA, 3, 38320 LA LAGUNA . Para cualquier aclaraci\u00f3n o consulta puede ponerse en contacto por email en: <a href=\"mailto:chiguel@construccioneschiguel.com\">mariapsicogs@gmail.com<\/a>.<\/p>\n<h2>Aceptaci\u00f3n de T\u00e9rminos<\/h2>\n<p>Los servicios que MARIA BARRIGA LOPEZ describe y\/o suministra en la Web est\u00e1n sujetos a los siguientes T\u00e9rminos de Uso. MARIA BARRIGA LOPEZ se reserva el derecho de actualizar estos t\u00e9rminos de uso sin previo aviso. A la versi\u00f3n m\u00e1s actualizada de estos t\u00e9rminos podr\u00e1 acceder usando el enlace disponible en la Web como \u201cAviso legal y T\u00e9rminos de Uso.\u201d<\/p>\n<p>Por el acceso a la Web se le atribuye la condici\u00f3n de \u201cUsuario de la Web\u201d (en adelante, el &#8220;Usuario&#8221;) e implica la aceptaci\u00f3n plena y sin reservas de todas y cada una de las disposiciones incluidas en este Aviso Legal en la versi\u00f3n publicada por MARIA BARRIGA LOPEZ en el momento mismo en que el Usuario acceda a la Web. En consecuencia, el Usuario debe leer atentamente el presente Aviso Legal en cada una de las ocasiones en que se proponga utilizar la Web, ya que aqu\u00e9l puede sufrir modificaciones.<\/p>\n<p>Ponemos a disposici\u00f3n del Usuario diferentes medios de contacto, que podr\u00e1 encontrar en la secci\u00f3n de contacto de la Web.<\/p>\n<h2>Con Car\u00e1cter General<\/h2>\n<p>MARIA BARRIGA LOPEZ informa que la p\u00e1gina web <a href=\"https:\/\/pendientedatos.com\/\">https:\/\/pendientedatos.com\/<\/a> \u00a0tiene por objeto facilitar, al p\u00fablico en general, el conocimiento de las actividades comerciales que esta empresa realiza y de los productos y servicios que presta. Adem\u00e1s, esta empresa dispone de una tienda online adaptada a la RGPD en este mismo dominio mediante la cual realiza la venta de todo tipo de art\u00edculos y productos relacionados con el mundo de las mascotas.<\/p>\n<h2>Sobre el Acceso y los Contenidos<\/h2>\n<p>MARIA BARRIGA LOPEZ se reserva la facultad de efectuar, en cualquier momento y sin necesidad de previo aviso, modificaciones y actualizaciones de la informaci\u00f3n contenida en la Web o en la configuraci\u00f3n y presentaci\u00f3n de \u00e9sta.<\/p>\n<p>MARIA BARRIGA LOPEZ no garantiza la inexistencia de errores en el acceso al Web, en su contenido, ni que \u00e9ste se encuentre actualizado, aunque desarrollar\u00e1 sus mejores esfuerzos para, en su caso, evitarlos, subsanarlos o actualizarlos.<\/p>\n<h2>Limitaci\u00f3n al uso personal y no comercial<\/h2>\n<p>El Usuario se compromete a utilizar la Web y los Servicios de conformidad con la ley, el presente Aviso Legal, y dem\u00e1s avisos, reglamentos de uso e instrucciones puestos en su conocimiento, as\u00ed como con la moral y las buenas costumbres generalmente aceptadas y el orden p\u00fablico.<\/p>\n<p>Queda prohibido transmitir o enviar a trav\u00e9s de la Web cualquier contenido ilegal o il\u00edcito, virus inform\u00e1ticos, o mensajes que, en general, afecten o violen derechos de MARIA BARRIGA LOPEZ o de terceros.<\/p>\n<p>La utilizaci\u00f3n no autorizada de la informaci\u00f3n contenida en esta Web, as\u00ed como la lesi\u00f3n de los derechos de Propiedad Intelectual o Industrial de MARIA BARRIGA LOPEZ, dar\u00e1 lugar a las responsabilidades legalmente establecidas.<\/p>\n<h2>Enlace a sitios de terceras partes<\/h2>\n<p>En la p\u00e1gina de MARIA BARRIGA LOPEZ se proporcionan v\u00ednculos a otras p\u00e1ginas web que permiten abandonar \u00e9sta. MARIA BARRIGA LOPEZ no se responsabiliza del contenido de cualquier v\u00ednculo o v\u00ednculos subsiguientes de dichas p\u00e1ginas ya que no est\u00e1n bajo su control.<\/p>\n<p>Adem\u00e1s, estos v\u00ednculos se proporcionan con fines pr\u00e1cticos y no implican la aceptaci\u00f3n o recomendaci\u00f3n de MARIA BARRIGA LOPEZ.<\/p>\n","protected":false},"excerpt":{"rendered":"<p>Aviso legal Seg\u00fan lo establecido en la LSSICE 34\/2002 le informamos que los datos obtenidos por medio de la presente [&hellip;]<\/p>\n","protected":false},"author":1,"featured_media":0,"parent":0,"menu_order":0,"comment_status":"closed","ping_status":"closed","template":"","meta":{"site-sidebar-layout":"no-sidebar","site-content-layout":"","ast-site-content-layout":"full-width-container","site-content-style":"default","site-sidebar-style":"default","ast-global-header-display":"","ast-banner-title-visibility":"","ast-main-header-display":"","ast-hfb-above-header-display":"","ast-hfb-below-header-display":"","ast-hfb-mobile-header-display":"","site-post-title":"disabled","ast-breadcrumbs-content":"","ast-featured-img":"disabled","footer-sml-layout":"","ast-disable-related-posts":"","theme-transparent-header-meta":"","adv-header-id-meta":"","stick-header-meta":"","header-above-stick-meta":"","header-main-stick-meta":"","header-below-stick-meta":"","astra-migrate-meta-layouts":"default","ast-page-background-enabled":"default","ast-page-background-meta":{"desktop":{"background-color":"var(--ast-global-color-5)","background-image":"","background-repeat":"repeat","background-position":"center center","background-size":"auto","background-attachment":"scroll","background-type":"","background-media":"","overlay-type":"","overlay-color":"","overlay-opacity":"","overlay-gradient":""},"tablet":{"background-color":"","background-image":"","background-repeat":"repeat","background-position":"center center","background-size":"auto","background-attachment":"scroll","background-type":"","background-media":"","overlay-type":"","overlay-color":"","overlay-opacity":"","overlay-gradient":""},"mobile":{"background-color":"","background-image":"","background-repeat":"repeat","background-position":"center center","background-size":"auto","background-attachment":"scroll","background-type":"","background-media":"","overlay-type":"","overlay-color":"","overlay-opacity":"","overlay-gradient":""}},"ast-content-background-meta":{"desktop":{"background-color":"var(--ast-global-color-4)","background-image":"","background-repeat":"repeat","background-position":"center center","background-size":"auto","background-attachment":"scroll","background-type":"","background-media":"","overlay-type":"","overlay-color":"","overlay-opacity":"","overlay-gradient":""},"tablet":{"background-color":"var(--ast-global-color-4)","background-image":"","background-repeat":"repeat","background-position":"center center","background-size":"auto","background-attachment":"scroll","background-type":"","background-media":"","overlay-type":"","overlay-color":"","overlay-opacity":"","overlay-gradient":""},"mobile":{"background-color":"var(--ast-global-color-4)","background-image":"","background-repeat":"repeat","background-position":"center center","background-size":"auto","background-attachment":"scroll","background-type":"","background-media":"","overlay-type":"","overlay-color":"","overlay-opacity":"","overlay-gradient":""}},"footnotes":""},"class_list":["post-442","page","type-page","status-publish","hentry"],"yoast_head":"<!-- This site is optimized with the Yoast SEO plugin v27.2 - https:\/\/yoast.com\/product\/yoast-seo-wordpress\/ -->\n<title>Aviso legal -<\/title>\n<meta name=\"description\" content=\"Consulta el aviso legal de la web de la psic\u00f3loga Mar\u00eda Barriga. Informaci\u00f3n sobre la titularidad del sitio, t\u00e9rminos de uso y cumplimiento de la normativa vigente en servicios de psicolog\u00eda en Tenerife y Online.\" \/>\n<meta name=\"robots\" content=\"noindex, follow, max-snippet:-1, max-image-preview:large, max-video-preview:-1\" \/>\n<meta property=\"og:locale\" content=\"es_MX\" \/>\n<meta property=\"og:type\" content=\"article\" \/>\n<meta property=\"og:title\" content=\"Aviso legal -\" \/>\n<meta property=\"og:description\" content=\"Consulta el aviso legal de la web de la psic\u00f3loga Mar\u00eda Barriga. Informaci\u00f3n sobre la titularidad del sitio, t\u00e9rminos de uso y cumplimiento de la normativa vigente en servicios de psicolog\u00eda en Tenerife y Online.\" \/>\n<meta property=\"og:url\" content=\"https:\/\/mantenimientosinformaticos.net\/maria_barriga\/aviso-legal\/\" \/>\n<meta property=\"article:modified_time\" content=\"2026-03-26T11:26:09+00:00\" \/>\n<meta name=\"twitter:card\" content=\"summary_large_image\" \/>\n<meta name=\"twitter:label1\" content=\"Tiempo de lectura\" \/>\n\t<meta name=\"twitter:data1\" content=\"3 minutos\" \/>\n<script type=\"application\/ld+json\" class=\"yoast-schema-graph\">{\"@context\":\"https:\/\/schema.org\",\"@graph\":[{\"@type\":\"WebPage\",\"@id\":\"https:\/\/mantenimientosinformaticos.net\/maria_barriga\/aviso-legal\/\",\"url\":\"https:\/\/mantenimientosinformaticos.net\/maria_barriga\/aviso-legal\/\",\"name\":\"Aviso legal -\",\"isPartOf\":{\"@id\":\"https:\/\/mantenimientosinformaticos.net\/maria_barriga\/#website\"},\"datePublished\":\"2026-03-23T14:45:39+00:00\",\"dateModified\":\"2026-03-26T11:26:09+00:00\",\"description\":\"Consulta el aviso legal de la web de la psic\u00f3loga Mar\u00eda Barriga. Informaci\u00f3n sobre la titularidad del sitio, t\u00e9rminos de uso y cumplimiento de la normativa vigente en servicios de psicolog\u00eda en Tenerife y Online.\",\"breadcrumb\":{\"@id\":\"https:\/\/mantenimientosinformaticos.net\/maria_barriga\/aviso-legal\/#breadcrumb\"},\"inLanguage\":\"es\",\"potentialAction\":[{\"@type\":\"ReadAction\",\"target\":[\"https:\/\/mantenimientosinformaticos.net\/maria_barriga\/aviso-legal\/\"]}]},{\"@type\":\"BreadcrumbList\",\"@id\":\"https:\/\/mantenimientosinformaticos.net\/maria_barriga\/aviso-legal\/#breadcrumb\",\"itemListElement\":[{\"@type\":\"ListItem\",\"position\":1,\"name\":\"Inicio\",\"item\":\"https:\/\/mantenimientosinformaticos.net\/maria_barriga\/\"},{\"@type\":\"ListItem\",\"position\":2,\"name\":\"Aviso legal\"}]},{\"@type\":\"WebSite\",\"@id\":\"https:\/\/mantenimientosinformaticos.net\/maria_barriga\/#website\",\"url\":\"https:\/\/mantenimientosinformaticos.net\/maria_barriga\/\",\"name\":\"Mar\u00eda Barriga - Psic\u00f3loga\",\"description\":\"\",\"publisher\":{\"@id\":\"https:\/\/mantenimientosinformaticos.net\/maria_barriga\/#organization\"},\"potentialAction\":[{\"@type\":\"SearchAction\",\"target\":{\"@type\":\"EntryPoint\",\"urlTemplate\":\"https:\/\/mantenimientosinformaticos.net\/maria_barriga\/?s={search_term_string}\"},\"query-input\":{\"@type\":\"PropertyValueSpecification\",\"valueRequired\":true,\"valueName\":\"search_term_string\"}}],\"inLanguage\":\"es\"},{\"@type\":\"Organization\",\"@id\":\"https:\/\/mantenimientosinformaticos.net\/maria_barriga\/#organization\",\"name\":\"Mar\u00eda Barriga - Psic\u00f3loga\",\"url\":\"https:\/\/mantenimientosinformaticos.net\/maria_barriga\/\",\"logo\":{\"@type\":\"ImageObject\",\"inLanguage\":\"es\",\"@id\":\"https:\/\/mantenimientosinformaticos.net\/maria_barriga\/#\/schema\/logo\/image\/\",\"url\":\"https:\/\/mantenimientosinformaticos.net\/maria_barriga\/wp-content\/uploads\/2026\/03\/cropped-7BD0FEA5-A1D6-498B-A0EB-8E96DB4C34A9.png\",\"contentUrl\":\"https:\/\/mantenimientosinformaticos.net\/maria_barriga\/wp-content\/uploads\/2026\/03\/cropped-7BD0FEA5-A1D6-498B-A0EB-8E96DB4C34A9.png\",\"width\":1022,\"height\":452,\"caption\":\"Mar\u00eda Barriga - Psic\u00f3loga\"},\"image\":{\"@id\":\"https:\/\/mantenimientosinformaticos.net\/maria_barriga\/#\/schema\/logo\/image\/\"}}]}<\/script>\n<!-- \/ Yoast SEO plugin. -->","yoast_head_json":{"title":"Aviso legal -","description":"Consulta el aviso legal de la web de la psic\u00f3loga Mar\u00eda Barriga. Informaci\u00f3n sobre la titularidad del sitio, t\u00e9rminos de uso y cumplimiento de la normativa vigente en servicios de psicolog\u00eda en Tenerife y Online.","robots":{"index":"noindex","follow":"follow","max-snippet":"max-snippet:-1","max-image-preview":"max-image-preview:large","max-video-preview":"max-video-preview:-1"},"og_locale":"es_MX","og_type":"article","og_title":"Aviso legal -","og_description":"Consulta el aviso legal de la web de la psic\u00f3loga Mar\u00eda Barriga. Informaci\u00f3n sobre la titularidad del sitio, t\u00e9rminos de uso y cumplimiento de la normativa vigente en servicios de psicolog\u00eda en Tenerife y Online.","og_url":"https:\/\/mantenimientosinformaticos.net\/maria_barriga\/aviso-legal\/","article_modified_time":"2026-03-26T11:26:09+00:00","twitter_card":"summary_large_image","twitter_misc":{"Tiempo de lectura":"3 minutos"},"schema":{"@context":"https:\/\/schema.org","@graph":[{"@type":"WebPage","@id":"https:\/\/mantenimientosinformaticos.net\/maria_barriga\/aviso-legal\/","url":"https:\/\/mantenimientosinformaticos.net\/maria_barriga\/aviso-legal\/","name":"Aviso legal -","isPartOf":{"@id":"https:\/\/mantenimientosinformaticos.net\/maria_barriga\/#website"},"datePublished":"2026-03-23T14:45:39+00:00","dateModified":"2026-03-26T11:26:09+00:00","description":"Consulta el aviso legal de la web de la psic\u00f3loga Mar\u00eda Barriga. Informaci\u00f3n sobre la titularidad del sitio, t\u00e9rminos de uso y cumplimiento de la normativa vigente en servicios de psicolog\u00eda en Tenerife y Online.","breadcrumb":{"@id":"https:\/\/mantenimientosinformaticos.net\/maria_barriga\/aviso-legal\/#breadcrumb"},"inLanguage":"es","potentialAction":[{"@type":"ReadAction","target":["https:\/\/mantenimientosinformaticos.net\/maria_barriga\/aviso-legal\/"]}]},{"@type":"BreadcrumbList","@id":"https:\/\/mantenimientosinformaticos.net\/maria_barriga\/aviso-legal\/#breadcrumb","itemListElement":[{"@type":"ListItem","position":1,"name":"Inicio","item":"https:\/\/mantenimientosinformaticos.net\/maria_barriga\/"},{"@type":"ListItem","position":2,"name":"Aviso legal"}]},{"@type":"WebSite","@id":"https:\/\/mantenimientosinformaticos.net\/maria_barriga\/#website","url":"https:\/\/mantenimientosinformaticos.net\/maria_barriga\/","name":"Mar\u00eda Barriga - Psic\u00f3loga","description":"","publisher":{"@id":"https:\/\/mantenimientosinformaticos.net\/maria_barriga\/#organization"},"potentialAction":[{"@type":"SearchAction","target":{"@type":"EntryPoint","urlTemplate":"https:\/\/mantenimientosinformaticos.net\/maria_barriga\/?s={search_term_string}"},"query-input":{"@type":"PropertyValueSpecification","valueRequired":true,"valueName":"search_term_string"}}],"inLanguage":"es"},{"@type":"Organization","@id":"https:\/\/mantenimientosinformaticos.net\/maria_barriga\/#organization","name":"Mar\u00eda Barriga - Psic\u00f3loga","url":"https:\/\/mantenimientosinformaticos.net\/maria_barriga\/","logo":{"@type":"ImageObject","inLanguage":"es","@id":"https:\/\/mantenimientosinformaticos.net\/maria_barriga\/#\/schema\/logo\/image\/","url":"https:\/\/mantenimientosinformaticos.net\/maria_barriga\/wp-content\/uploads\/2026\/03\/cropped-7BD0FEA5-A1D6-498B-A0EB-8E96DB4C34A9.png","contentUrl":"https:\/\/mantenimientosinformaticos.net\/maria_barriga\/wp-content\/uploads\/2026\/03\/cropped-7BD0FEA5-A1D6-498B-A0EB-8E96DB4C34A9.png","width":1022,"height":452,"caption":"Mar\u00eda Barriga - Psic\u00f3loga"},"image":{"@id":"https:\/\/mantenimientosinformaticos.net\/maria_barriga\/#\/schema\/logo\/image\/"}}]}},"_links":{"self":[{"href":"https:\/\/mantenimientosinformaticos.net\/maria_barriga\/wp-json\/wp\/v2\/pages\/442","targetHints":{"allow":["GET"]}}],"collection":[{"href":"https:\/\/mantenimientosinformaticos.net\/maria_barriga\/wp-json\/wp\/v2\/pages"}],"about":[{"href":"https:\/\/mantenimientosinformaticos.net\/maria_barriga\/wp-json\/wp\/v2\/types\/page"}],"author":[{"embeddable":true,"href":"https:\/\/mantenimientosinformaticos.net\/maria_barriga\/wp-json\/wp\/v2\/users\/1"}],"replies":[{"embeddable":true,"href":"https:\/\/mantenimientosinformaticos.net\/maria_barriga\/wp-json\/wp\/v2\/comments?post=442"}],"version-history":[{"count":4,"href":"https:\/\/mantenimientosinformaticos.net\/maria_barriga\/wp-json\/wp\/v2\/pages\/442\/revisions"}],"predecessor-version":[{"id":448,"href":"https:\/\/mantenimientosinformaticos.net\/maria_barriga\/wp-json\/wp\/v2\/pages\/442\/revisions\/448"}],"wp:attachment":[{"href":"https:\/\/mantenimientosinformaticos.net\/maria_barriga\/wp-json\/wp\/v2\/media?parent=442"}],"curies":[{"name":"wp","href":"https:\/\/api.w.org\/{rel}","templated":true}]}}