{"id":344,"date":"2026-03-23T08:52:14","date_gmt":"2026-03-23T08:52:14","guid":{"rendered":"https:\/\/mantenimientosinformaticos.net\/maria_barriga\/?page_id=344"},"modified":"2026-03-26T11:28:52","modified_gmt":"2026-03-26T11:28:52","slug":"politica-de-privacidad","status":"publish","type":"page","link":"https:\/\/mantenimientosinformaticos.net\/maria_barriga\/politica-de-privacidad\/","title":{"rendered":"Pol\u00edtica de privacidad"},"content":{"rendered":"<h1>POL\u00cdTICA DE PRIVACIDAD<\/h1>\n<p>En virtud de la LOPDGDD 3\/2018 y su reglamento el RGPD UE 2016\/679, le informamos que sus datos personales est\u00e1n incorporados a una base de datos de clientes propiedad del responsable del tratamiento, MARIA BARRIGA LOPEZ, cuya finalidad ser\u00e1 informar, promover y\/u ofrecer todos aquellos servicios propios y\/o relacionados con LA PSICOLOG\u00cdA SANITARIA DESTINADA AL ESTUDIO Y EVALUACI\u00d3N DE LOS PROCESOS MENTALES, LAS SENSACIONES, LAS PERCEPCIONES Y EL COMPORTAMIENTO DE LAS PERSONAS. OCUPANDOSE ADEM\u00c1S DE ELABORAR UN PLAN DE ACCI\u00d3N PARA CORREGIR UNA CONDUCTA PROBLEM\u00c1TICA QUE GENERA LAS PATOLOG\u00cdAS QUE CREAN MALESTAR EN LOS PACIENTES.<\/p>\n<p>Las comunicaciones generales o acciones comerciales que pudieran derivar de dicha actividad profesional se realizar\u00e1n por medios presenciales, electr\u00f3nicos y\/o impresos, durante el tiempo de vigencia de la relaci\u00f3n contractual entre las partes, aquella propia de las obligaciones legales o jur\u00eddicas y\/o mientras que el interesado no ejerza sus derechos de acceso, rectificaci\u00f3n, cancelaci\u00f3n, supresi\u00f3n, oposici\u00f3n, limitaci\u00f3n y portabilidad sobre los datos personales facilitados.<\/p>\n<p>MARIA BARRIGA LOPEZ realiza eventualmente campa\u00f1as de promoci\u00f3n entre sus clientes limitadas a aquellas acciones relacionadas con la finalidad o finalidades descritas anteriormente, previo consentimiento expreso de los interesados.<\/p>\n<p>Los datos en cualquiera de los casos antedichos ser\u00e1n eliminados en virtud de los plazos legales establecidos en cada caso para cada tipo de tratamiento recogido en el informe de riesgos de MARIA BARRIGA LOPEZ (Ej. Pacientes, candidatos, proveedores, etc.) y en ning\u00fan caso por un periodo superior a 2 a\u00f1os desde la recogida del dato.<\/p>\n<p>Se le informa adem\u00e1s que MARIA BARRIGA LOPEZ ha adoptado las medidas inform\u00e1ticas, f\u00edsicas y\/o t\u00e9cnicas para evitar la p\u00e9rdida, robo o acceso y\/o uso indebido de sus datos.<\/p>\n<p>Puede ejercer sus derechos ante MARIA BARRIGA LOPEZ enviando un escrito a la siguiente direcci\u00f3n f\u00edsica: URB. LA FLORIDA, 3, 38320 LA LAGUNA , o bien por email en mariapsicogs@gmail.com<\/p>\n<h2>A QU\u00c9 NOS COMPROMETEMOS<\/h2>\n<ul>\n<li>A respetar la privacidad de nuestros usuarios y tratar los datos personales con el consentimiento de los mismos.<\/li>\n<li>A tratar los datos personales que estrictamente necesitemos para dar el servicio solicitado, y tratarlos de forma segura y confidencial, tomando las medidas necesarias para evitar el acceso no autorizado y el uso indebido de los mismos.<\/li>\n<li>A no utilizar los datos personales para finalidades para las que no hemos obtenido previamente el consentimiento.<\/li>\n<li>A no dar los datos personales a terceros ni compartirlos.<\/li>\n<li>A conservar los datos personales durante el tiempo estrictamente necesario para la finalidad concreta para la que han sido proporcionados.<\/li>\n<\/ul>\n<h2>QU\u00c9 DATOS PERSONALES UTILIZAMOS<\/h2>\n<p>Al aceptar esta pol\u00edtica de privacidad, el usuario acepta que sus datos identificativos puedan ser incluidos para las finalidades que se describen a continuaci\u00f3n:<\/p>\n<ul>\n<li>Solicitud de informaci\u00f3n por parte del usuario.<\/li>\n<li>Suscripci\u00f3n a newsletters.<\/li>\n<li>Prestaci\u00f3n de servicios.<\/li>\n<li>Env\u00edo de comunicaciones comerciales<\/li>\n<\/ul>\n<p>Dependiendo de la finalidad para la que se aportan los datos, ser\u00e1n requeridos los datos estrictamente necesarios. Es importante que el usuario sea consciente de los datos que aporta y la finalidad para la que lo hace porque en el momento que los facilita, est\u00e1 aceptando que recopilemos, almacenemos y usemos dichos datos para la finalidad requerida, pudiendo en cualquier momento retirar el consentimiento prestado por los cauces oportunos siendo el consentimiento del interesado la base legal y legitimaci\u00f3n para el tratamiento de sus datos personales.<\/p>\n<h2>EXACTITUD Y VERACIDAD DE LOS DATOS<\/h2>\n<p>El usuario, al aportar los datos requeridos en los formularios es el \u00fanico responsable de la veracidad de los datos remitidos, garantizando y respondiendo de la exactitud, vigencia y autenticidad de los datos personales facilitados, comprometi\u00e9ndose a mantenerlos debidamente actualizados.<\/p>\n<h2>QU\u00c9 DERECHOS TIENE SOBRE LOS DATOS PERSONALES APORTADO<\/h2>\n<p>Una vez aportados los datos personales tendr\u00e1 derecho a:<\/p>\n<ul>\n<li>consultar cualquier duda y a que se le informe de c\u00f3mo usamos los datos y a obtener ACCESO a los mismos.<\/li>\n<li>que se RECTIFIQUE o borre su informaci\u00f3n o a imponer LIMITACIONES en el tratamiento de la misma.<\/li>\n<li>CANCELACI\u00d3N de los datos.<\/li>\n<li>OPONERSE al tratamiento de sus datos.<\/li>\n<li>PORTABILIDAD de los datos.<\/li>\n<\/ul>\n<p>En cualquier momento, podr\u00e1 ejercitar estos Derechos, mediante un escrito y acreditando su personalidad a: URB. LA FLORIDA, 3, 38320 LA LAGUNA , o bien por email en mariapsicogs@gmail.com<\/p>\n<p>Adem\u00e1s, podr\u00e1 presentar una reclamaci\u00f3n ante la autoridad de control, en este caso, la Agencia Espa\u00f1ola de Protecci\u00f3n de Datos, si considera que el tratamiento de datos personales infringe la legislaci\u00f3n aplicable.<\/p>\n<h2>SEGURIDAD Y ALMACENAMIENTO DE LOS DATOS<\/h2>\n<p>Mantendremos los datos durante el tiempo estrictamente necesario para la prestaci\u00f3n del servicio solicitado y mientras el titular no solicite su eliminaci\u00f3n, adoptando las medidas adecuadas de car\u00e1cter t\u00e9cnico y organizativo contra el tratamiento no autorizado o il\u00edcito y contra su p\u00e9rdida, destrucci\u00f3n o da\u00f1o accidentales, haciendo todo lo posible por protegerlos y mantenerlos de forma segura.<\/p>\n<h2>QU\u00c9 DATOS PERSONALES COMPARTIMOS CON TERCEROS<\/h2>\n<p>No se prev\u00e9n cesiones de datos salvo en aquellos casos en que exista una obligaci\u00f3n legal. No hay previsi\u00f3n de transferencias de datos internacionales.<\/p>\n","protected":false},"excerpt":{"rendered":"<p>POL\u00cdTICA DE PRIVACIDAD En virtud de la LOPDGDD 3\/2018 y su reglamento el RGPD UE 2016\/679, le informamos que sus [&hellip;]<\/p>\n","protected":false},"author":1,"featured_media":0,"parent":0,"menu_order":0,"comment_status":"closed","ping_status":"closed","template":"","meta":{"site-sidebar-layout":"no-sidebar","site-content-layout":"","ast-site-content-layout":"full-width-container","site-content-style":"default","site-sidebar-style":"default","ast-global-header-display":"","ast-banner-title-visibility":"","ast-main-header-display":"","ast-hfb-above-header-display":"","ast-hfb-below-header-display":"","ast-hfb-mobile-header-display":"","site-post-title":"disabled","ast-breadcrumbs-content":"","ast-featured-img":"disabled","footer-sml-layout":"","ast-disable-related-posts":"","theme-transparent-header-meta":"","adv-header-id-meta":"","stick-header-meta":"","header-above-stick-meta":"","header-main-stick-meta":"","header-below-stick-meta":"","astra-migrate-meta-layouts":"default","ast-page-background-enabled":"default","ast-page-background-meta":{"desktop":{"background-color":"var(--ast-global-color-5)","background-image":"","background-repeat":"repeat","background-position":"center center","background-size":"auto","background-attachment":"scroll","background-type":"","background-media":"","overlay-type":"","overlay-color":"","overlay-opacity":"","overlay-gradient":""},"tablet":{"background-color":"","background-image":"","background-repeat":"repeat","background-position":"center center","background-size":"auto","background-attachment":"scroll","background-type":"","background-media":"","overlay-type":"","overlay-color":"","overlay-opacity":"","overlay-gradient":""},"mobile":{"background-color":"","background-image":"","background-repeat":"repeat","background-position":"center center","background-size":"auto","background-attachment":"scroll","background-type":"","background-media":"","overlay-type":"","overlay-color":"","overlay-opacity":"","overlay-gradient":""}},"ast-content-background-meta":{"desktop":{"background-color":"var(--ast-global-color-4)","background-image":"","background-repeat":"repeat","background-position":"center center","background-size":"auto","background-attachment":"scroll","background-type":"","background-media":"","overlay-type":"","overlay-color":"","overlay-opacity":"","overlay-gradient":""},"tablet":{"background-color":"var(--ast-global-color-4)","background-image":"","background-repeat":"repeat","background-position":"center center","background-size":"auto","background-attachment":"scroll","background-type":"","background-media":"","overlay-type":"","overlay-color":"","overlay-opacity":"","overlay-gradient":""},"mobile":{"background-color":"var(--ast-global-color-4)","background-image":"","background-repeat":"repeat","background-position":"center center","background-size":"auto","background-attachment":"scroll","background-type":"","background-media":"","overlay-type":"","overlay-color":"","overlay-opacity":"","overlay-gradient":""}},"footnotes":""},"class_list":["post-344","page","type-page","status-publish","hentry"],"yoast_head":"<!-- This site is optimized with the Yoast SEO plugin v27.2 - https:\/\/yoast.com\/product\/yoast-seo-wordpress\/ -->\n<title>Pol\u00edtica de privacidad -<\/title>\n<meta name=\"description\" content=\"Consulta la pol\u00edtica de privacidad de la psic\u00f3loga Mar\u00eda Barriga. Informaci\u00f3n detallada sobre el tratamiento de datos personales, confidencialidad y derechos en terapia en Tenerife y Online conforme al RGPD.\" \/>\n<meta name=\"robots\" content=\"noindex, follow, max-snippet:-1, max-image-preview:large, max-video-preview:-1\" \/>\n<meta property=\"og:locale\" content=\"es_MX\" \/>\n<meta property=\"og:type\" content=\"article\" \/>\n<meta property=\"og:title\" content=\"Pol\u00edtica de privacidad -\" \/>\n<meta property=\"og:description\" content=\"Consulta la pol\u00edtica de privacidad de la psic\u00f3loga Mar\u00eda Barriga. Informaci\u00f3n detallada sobre el tratamiento de datos personales, confidencialidad y derechos en terapia en Tenerife y Online conforme al RGPD.\" \/>\n<meta property=\"og:url\" content=\"https:\/\/mantenimientosinformaticos.net\/maria_barriga\/politica-de-privacidad\/\" \/>\n<meta property=\"article:modified_time\" content=\"2026-03-26T11:28:52+00:00\" \/>\n<meta name=\"twitter:card\" content=\"summary_large_image\" \/>\n<meta name=\"twitter:label1\" content=\"Tiempo de lectura\" \/>\n\t<meta name=\"twitter:data1\" content=\"4 minutos\" \/>\n<script type=\"application\/ld+json\" class=\"yoast-schema-graph\">{\"@context\":\"https:\/\/schema.org\",\"@graph\":[{\"@type\":\"WebPage\",\"@id\":\"https:\/\/mantenimientosinformaticos.net\/maria_barriga\/politica-de-privacidad\/\",\"url\":\"https:\/\/mantenimientosinformaticos.net\/maria_barriga\/politica-de-privacidad\/\",\"name\":\"Pol\u00edtica de privacidad -\",\"isPartOf\":{\"@id\":\"https:\/\/mantenimientosinformaticos.net\/maria_barriga\/#website\"},\"datePublished\":\"2026-03-23T08:52:14+00:00\",\"dateModified\":\"2026-03-26T11:28:52+00:00\",\"description\":\"Consulta la pol\u00edtica de privacidad de la psic\u00f3loga Mar\u00eda Barriga. Informaci\u00f3n detallada sobre el tratamiento de datos personales, confidencialidad y derechos en terapia en Tenerife y Online conforme al RGPD.\",\"breadcrumb\":{\"@id\":\"https:\/\/mantenimientosinformaticos.net\/maria_barriga\/politica-de-privacidad\/#breadcrumb\"},\"inLanguage\":\"es\",\"potentialAction\":[{\"@type\":\"ReadAction\",\"target\":[\"https:\/\/mantenimientosinformaticos.net\/maria_barriga\/politica-de-privacidad\/\"]}]},{\"@type\":\"BreadcrumbList\",\"@id\":\"https:\/\/mantenimientosinformaticos.net\/maria_barriga\/politica-de-privacidad\/#breadcrumb\",\"itemListElement\":[{\"@type\":\"ListItem\",\"position\":1,\"name\":\"Inicio\",\"item\":\"https:\/\/mantenimientosinformaticos.net\/maria_barriga\/\"},{\"@type\":\"ListItem\",\"position\":2,\"name\":\"Pol\u00edtica de privacidad\"}]},{\"@type\":\"WebSite\",\"@id\":\"https:\/\/mantenimientosinformaticos.net\/maria_barriga\/#website\",\"url\":\"https:\/\/mantenimientosinformaticos.net\/maria_barriga\/\",\"name\":\"Mar\u00eda Barriga - Psic\u00f3loga\",\"description\":\"\",\"publisher\":{\"@id\":\"https:\/\/mantenimientosinformaticos.net\/maria_barriga\/#organization\"},\"potentialAction\":[{\"@type\":\"SearchAction\",\"target\":{\"@type\":\"EntryPoint\",\"urlTemplate\":\"https:\/\/mantenimientosinformaticos.net\/maria_barriga\/?s={search_term_string}\"},\"query-input\":{\"@type\":\"PropertyValueSpecification\",\"valueRequired\":true,\"valueName\":\"search_term_string\"}}],\"inLanguage\":\"es\"},{\"@type\":\"Organization\",\"@id\":\"https:\/\/mantenimientosinformaticos.net\/maria_barriga\/#organization\",\"name\":\"Mar\u00eda Barriga - Psic\u00f3loga\",\"url\":\"https:\/\/mantenimientosinformaticos.net\/maria_barriga\/\",\"logo\":{\"@type\":\"ImageObject\",\"inLanguage\":\"es\",\"@id\":\"https:\/\/mantenimientosinformaticos.net\/maria_barriga\/#\/schema\/logo\/image\/\",\"url\":\"https:\/\/mantenimientosinformaticos.net\/maria_barriga\/wp-content\/uploads\/2026\/03\/cropped-7BD0FEA5-A1D6-498B-A0EB-8E96DB4C34A9.png\",\"contentUrl\":\"https:\/\/mantenimientosinformaticos.net\/maria_barriga\/wp-content\/uploads\/2026\/03\/cropped-7BD0FEA5-A1D6-498B-A0EB-8E96DB4C34A9.png\",\"width\":1022,\"height\":452,\"caption\":\"Mar\u00eda Barriga - Psic\u00f3loga\"},\"image\":{\"@id\":\"https:\/\/mantenimientosinformaticos.net\/maria_barriga\/#\/schema\/logo\/image\/\"}}]}<\/script>\n<!-- \/ Yoast SEO plugin. -->","yoast_head_json":{"title":"Pol\u00edtica de privacidad -","description":"Consulta la pol\u00edtica de privacidad de la psic\u00f3loga Mar\u00eda Barriga. Informaci\u00f3n detallada sobre el tratamiento de datos personales, confidencialidad y derechos en terapia en Tenerife y Online conforme al RGPD.","robots":{"index":"noindex","follow":"follow","max-snippet":"max-snippet:-1","max-image-preview":"max-image-preview:large","max-video-preview":"max-video-preview:-1"},"og_locale":"es_MX","og_type":"article","og_title":"Pol\u00edtica de privacidad -","og_description":"Consulta la pol\u00edtica de privacidad de la psic\u00f3loga Mar\u00eda Barriga. Informaci\u00f3n detallada sobre el tratamiento de datos personales, confidencialidad y derechos en terapia en Tenerife y Online conforme al RGPD.","og_url":"https:\/\/mantenimientosinformaticos.net\/maria_barriga\/politica-de-privacidad\/","article_modified_time":"2026-03-26T11:28:52+00:00","twitter_card":"summary_large_image","twitter_misc":{"Tiempo de lectura":"4 minutos"},"schema":{"@context":"https:\/\/schema.org","@graph":[{"@type":"WebPage","@id":"https:\/\/mantenimientosinformaticos.net\/maria_barriga\/politica-de-privacidad\/","url":"https:\/\/mantenimientosinformaticos.net\/maria_barriga\/politica-de-privacidad\/","name":"Pol\u00edtica de privacidad -","isPartOf":{"@id":"https:\/\/mantenimientosinformaticos.net\/maria_barriga\/#website"},"datePublished":"2026-03-23T08:52:14+00:00","dateModified":"2026-03-26T11:28:52+00:00","description":"Consulta la pol\u00edtica de privacidad de la psic\u00f3loga Mar\u00eda Barriga. Informaci\u00f3n detallada sobre el tratamiento de datos personales, confidencialidad y derechos en terapia en Tenerife y Online conforme al RGPD.","breadcrumb":{"@id":"https:\/\/mantenimientosinformaticos.net\/maria_barriga\/politica-de-privacidad\/#breadcrumb"},"inLanguage":"es","potentialAction":[{"@type":"ReadAction","target":["https:\/\/mantenimientosinformaticos.net\/maria_barriga\/politica-de-privacidad\/"]}]},{"@type":"BreadcrumbList","@id":"https:\/\/mantenimientosinformaticos.net\/maria_barriga\/politica-de-privacidad\/#breadcrumb","itemListElement":[{"@type":"ListItem","position":1,"name":"Inicio","item":"https:\/\/mantenimientosinformaticos.net\/maria_barriga\/"},{"@type":"ListItem","position":2,"name":"Pol\u00edtica de privacidad"}]},{"@type":"WebSite","@id":"https:\/\/mantenimientosinformaticos.net\/maria_barriga\/#website","url":"https:\/\/mantenimientosinformaticos.net\/maria_barriga\/","name":"Mar\u00eda Barriga - Psic\u00f3loga","description":"","publisher":{"@id":"https:\/\/mantenimientosinformaticos.net\/maria_barriga\/#organization"},"potentialAction":[{"@type":"SearchAction","target":{"@type":"EntryPoint","urlTemplate":"https:\/\/mantenimientosinformaticos.net\/maria_barriga\/?s={search_term_string}"},"query-input":{"@type":"PropertyValueSpecification","valueRequired":true,"valueName":"search_term_string"}}],"inLanguage":"es"},{"@type":"Organization","@id":"https:\/\/mantenimientosinformaticos.net\/maria_barriga\/#organization","name":"Mar\u00eda Barriga - Psic\u00f3loga","url":"https:\/\/mantenimientosinformaticos.net\/maria_barriga\/","logo":{"@type":"ImageObject","inLanguage":"es","@id":"https:\/\/mantenimientosinformaticos.net\/maria_barriga\/#\/schema\/logo\/image\/","url":"https:\/\/mantenimientosinformaticos.net\/maria_barriga\/wp-content\/uploads\/2026\/03\/cropped-7BD0FEA5-A1D6-498B-A0EB-8E96DB4C34A9.png","contentUrl":"https:\/\/mantenimientosinformaticos.net\/maria_barriga\/wp-content\/uploads\/2026\/03\/cropped-7BD0FEA5-A1D6-498B-A0EB-8E96DB4C34A9.png","width":1022,"height":452,"caption":"Mar\u00eda Barriga - Psic\u00f3loga"},"image":{"@id":"https:\/\/mantenimientosinformaticos.net\/maria_barriga\/#\/schema\/logo\/image\/"}}]}},"_links":{"self":[{"href":"https:\/\/mantenimientosinformaticos.net\/maria_barriga\/wp-json\/wp\/v2\/pages\/344","targetHints":{"allow":["GET"]}}],"collection":[{"href":"https:\/\/mantenimientosinformaticos.net\/maria_barriga\/wp-json\/wp\/v2\/pages"}],"about":[{"href":"https:\/\/mantenimientosinformaticos.net\/maria_barriga\/wp-json\/wp\/v2\/types\/page"}],"author":[{"embeddable":true,"href":"https:\/\/mantenimientosinformaticos.net\/maria_barriga\/wp-json\/wp\/v2\/users\/1"}],"replies":[{"embeddable":true,"href":"https:\/\/mantenimientosinformaticos.net\/maria_barriga\/wp-json\/wp\/v2\/comments?post=344"}],"version-history":[{"count":13,"href":"https:\/\/mantenimientosinformaticos.net\/maria_barriga\/wp-json\/wp\/v2\/pages\/344\/revisions"}],"predecessor-version":[{"id":460,"href":"https:\/\/mantenimientosinformaticos.net\/maria_barriga\/wp-json\/wp\/v2\/pages\/344\/revisions\/460"}],"wp:attachment":[{"href":"https:\/\/mantenimientosinformaticos.net\/maria_barriga\/wp-json\/wp\/v2\/media?parent=344"}],"curies":[{"name":"wp","href":"https:\/\/api.w.org\/{rel}","templated":true}]}}