{"id":7658,"date":"2021-12-27T19:05:49","date_gmt":"2021-12-27T18:05:49","guid":{"rendered":"https:\/\/mantenimientosinformaticos.net\/canarytools\/producto\/ref44220048-cubierta-de-pala-destalonadora-compatible-y-sus-importadores-2\/"},"modified":"2021-12-27T19:05:49","modified_gmt":"2021-12-27T18:05:49","slug":"ref44220048-cubierta-de-pala-destalonadora-compatible-y-sus-importadores-2","status":"publish","type":"product","link":"https:\/\/mantenimientosinformaticos.net\/canarytools\/producto\/ref44220048-cubierta-de-pala-destalonadora-compatible-y-sus-importadores-2\/","title":{"rendered":"REF.:44220048.    Cubierta  de pala destalonadora compatible y sus importadores"},"content":{"rendered":"","protected":false},"excerpt":{"rendered":"<p class=\"p1\" style=\"margin:0px;line-height:normal;font-family:'Helvetica Neue';\"><span class=\"s1\">Evitar rayar las llantas de aleaci\u00f3n con el mecanismo destaponado de la desmotadora de neum\u00e1ticos<\/span><\/p>\n<p class=\"p2\" style=\"margin:0px;line-height:normal;font-family:'Helvetica Neue';min-height:12px;\"><span class=\"s1\"><\/span><\/p>\n<p class=\"p1\" style=\"margin:0px;line-height:normal;font-family:'Helvetica Neue';\"><span class=\"s1\">Fabricadas de pl\u00e1stico duradero<span class=\"Apple-converted-space\">\u00a0<\/span><\/span><\/p>\n<p class=\"p2\" style=\"margin:0px;line-height:normal;font-family:'Helvetica Neue';min-height:12px;\"><span class=\"s1\"><\/span><\/p>\n<p class=\"p1\" style=\"margin:0px;line-height:normal;font-family:'Helvetica Neue';\"><span class=\"s1\">1 und.<\/span><\/p>\n<p class=\"p2\" style=\"margin:0px;line-height:normal;font-family:'Helvetica Neue';min-height:12px;\"><span class=\"s1\"><\/span><\/p>\n<p class=\"p1\" style=\"margin:0px;line-height:normal;font-family:'Helvetica Neue';\"><span class=\"s1\">Para las marcas de desmontadoras<span class=\"Apple-converted-space\">\u00a0<\/span><\/span><\/p>\n","protected":false},"featured_media":7656,"comment_status":"open","ping_status":"closed","template":"","meta":[],"product_cat":[492,494],"product_tag":[],"class_list":{"0":"post-7658","1":"product","2":"type-product","3":"status-publish","4":"has-post-thumbnail","6":"product_cat-equipo-de-talleres","7":"product_cat-herramientas-neumaticas","9":"first","10":"onbackorder","11":"shipping-taxable","12":"purchasable","13":"product-type-simple"},"yoast_head":"<!-- This site is optimized with the Yoast SEO plugin v22.7 - https:\/\/yoast.com\/wordpress\/plugins\/seo\/ -->\n<title>REF.:44220048.  Cubierta de pala destalonadora compatible y sus importadores - Canarytools S.L.<\/title>\n<meta name=\"robots\" content=\"index, follow, max-snippet:-1, max-image-preview:large, max-video-preview:-1\" \/>\n<link rel=\"canonical\" href=\"https:\/\/mantenimientosinformaticos.net\/canarytools\/producto\/ref44220048-cubierta-de-pala-destalonadora-compatible-y-sus-importadores-2\/\" \/>\n<meta property=\"og:locale\" content=\"es_ES\" \/>\n<meta property=\"og:type\" content=\"article\" \/>\n<meta property=\"og:title\" content=\"REF.:44220048.  Cubierta de pala destalonadora compatible y sus importadores - Canarytools S.L.\" \/>\n<meta property=\"og:description\" content=\"Evitar rayar las llantas de aleaci\u00f3n con el mecanismo destaponado de la desmotadora de neum\u00e1ticos Fabricadas de pl\u00e1stico duradero\u00a0 1 und. Para las marcas de desmontadoras\u00a0\" \/>\n<meta property=\"og:url\" content=\"https:\/\/mantenimientosinformaticos.net\/canarytools\/producto\/ref44220048-cubierta-de-pala-destalonadora-compatible-y-sus-importadores-2\/\" \/>\n<meta property=\"og:site_name\" content=\"Canarytools S.L.\" \/>\n<meta property=\"og:image\" content=\"https:\/\/mantenimientosinformaticos.net\/canarytools\/wp-content\/uploads\/2021\/12\/1826-REF.44220048.-Cubierta-de-pala-destalonadora-compatible-y-sus-importadores.jpg\" \/>\n\t<meta property=\"og:image:width\" content=\"600\" \/>\n\t<meta property=\"og:image:height\" content=\"600\" \/>\n\t<meta property=\"og:image:type\" content=\"image\/jpeg\" \/>\n<meta name=\"twitter:card\" content=\"summary_large_image\" \/>\n<script type=\"application\/ld+json\" class=\"yoast-schema-graph\">{\"@context\":\"https:\/\/schema.org\",\"@graph\":[{\"@type\":\"WebPage\",\"@id\":\"https:\/\/mantenimientosinformaticos.net\/canarytools\/producto\/ref44220048-cubierta-de-pala-destalonadora-compatible-y-sus-importadores-2\/\",\"url\":\"https:\/\/mantenimientosinformaticos.net\/canarytools\/producto\/ref44220048-cubierta-de-pala-destalonadora-compatible-y-sus-importadores-2\/\",\"name\":\"REF.:44220048. Cubierta de pala destalonadora compatible y sus importadores - Canarytools S.L.\",\"isPartOf\":{\"@id\":\"https:\/\/mantenimientosinformaticos.net\/canarytools\/#website\"},\"primaryImageOfPage\":{\"@id\":\"https:\/\/mantenimientosinformaticos.net\/canarytools\/producto\/ref44220048-cubierta-de-pala-destalonadora-compatible-y-sus-importadores-2\/#primaryimage\"},\"image\":{\"@id\":\"https:\/\/mantenimientosinformaticos.net\/canarytools\/producto\/ref44220048-cubierta-de-pala-destalonadora-compatible-y-sus-importadores-2\/#primaryimage\"},\"thumbnailUrl\":\"https:\/\/mantenimientosinformaticos.net\/canarytools\/wp-content\/uploads\/2021\/12\/1826-REF.44220048.-Cubierta-de-pala-destalonadora-compatible-y-sus-importadores.jpg\",\"datePublished\":\"2021-12-27T18:05:49+00:00\",\"dateModified\":\"2021-12-27T18:05:49+00:00\",\"breadcrumb\":{\"@id\":\"https:\/\/mantenimientosinformaticos.net\/canarytools\/producto\/ref44220048-cubierta-de-pala-destalonadora-compatible-y-sus-importadores-2\/#breadcrumb\"},\"inLanguage\":\"es\",\"potentialAction\":[{\"@type\":\"ReadAction\",\"target\":[\"https:\/\/mantenimientosinformaticos.net\/canarytools\/producto\/ref44220048-cubierta-de-pala-destalonadora-compatible-y-sus-importadores-2\/\"]}]},{\"@type\":\"ImageObject\",\"inLanguage\":\"es\",\"@id\":\"https:\/\/mantenimientosinformaticos.net\/canarytools\/producto\/ref44220048-cubierta-de-pala-destalonadora-compatible-y-sus-importadores-2\/#primaryimage\",\"url\":\"https:\/\/mantenimientosinformaticos.net\/canarytools\/wp-content\/uploads\/2021\/12\/1826-REF.44220048.-Cubierta-de-pala-destalonadora-compatible-y-sus-importadores.jpg\",\"contentUrl\":\"https:\/\/mantenimientosinformaticos.net\/canarytools\/wp-content\/uploads\/2021\/12\/1826-REF.44220048.-Cubierta-de-pala-destalonadora-compatible-y-sus-importadores.jpg\",\"width\":600,\"height\":600,\"caption\":\"REF.:44220048. Cubierta de pala destalonadora compatible y sus importadores\"},{\"@type\":\"BreadcrumbList\",\"@id\":\"https:\/\/mantenimientosinformaticos.net\/canarytools\/producto\/ref44220048-cubierta-de-pala-destalonadora-compatible-y-sus-importadores-2\/#breadcrumb\",\"itemListElement\":[{\"@type\":\"ListItem\",\"position\":1,\"name\":\"Portada\",\"item\":\"https:\/\/mantenimientosinformaticos.net\/canarytools\/\"},{\"@type\":\"ListItem\",\"position\":2,\"name\":\"Tienda\",\"item\":\"https:\/\/mantenimientosinformaticos.net\/canarytools\/tienda\/\"},{\"@type\":\"ListItem\",\"position\":3,\"name\":\"REF.:44220048. Cubierta de pala destalonadora compatible y sus importadores\"}]},{\"@type\":\"WebSite\",\"@id\":\"https:\/\/mantenimientosinformaticos.net\/canarytools\/#website\",\"url\":\"https:\/\/mantenimientosinformaticos.net\/canarytools\/\",\"name\":\"Canarytools S.L.\",\"description\":\"Herramientas y M\u00e1quinas\",\"publisher\":{\"@id\":\"https:\/\/mantenimientosinformaticos.net\/canarytools\/#\/schema\/person\/355e32754b03bb24b681f1b6917e49bf\"},\"potentialAction\":[{\"@type\":\"SearchAction\",\"target\":{\"@type\":\"EntryPoint\",\"urlTemplate\":\"https:\/\/mantenimientosinformaticos.net\/canarytools\/?s={search_term_string}\"},\"query-input\":\"required name=search_term_string\"}],\"inLanguage\":\"es\"},{\"@type\":[\"Person\",\"Organization\"],\"@id\":\"https:\/\/mantenimientosinformaticos.net\/canarytools\/#\/schema\/person\/355e32754b03bb24b681f1b6917e49bf\",\"name\":\"canarytools.xnetdigital\",\"image\":{\"@type\":\"ImageObject\",\"inLanguage\":\"es\",\"@id\":\"https:\/\/mantenimientosinformaticos.net\/canarytools\/#\/schema\/person\/image\/\",\"url\":\"https:\/\/mantenimientosinformaticos.net\/canarytools\/wp-content\/uploads\/2023\/12\/canary-tools-logo.png\",\"contentUrl\":\"https:\/\/mantenimientosinformaticos.net\/canarytools\/wp-content\/uploads\/2023\/12\/canary-tools-logo.png\",\"width\":1302,\"height\":440,\"caption\":\"canarytools.xnetdigital\"},\"logo\":{\"@id\":\"https:\/\/mantenimientosinformaticos.net\/canarytools\/#\/schema\/person\/image\/\"},\"sameAs\":[\"https:\/\/mantenimientosinformaticos.net\/canarytools\"]}]}<\/script>\n<!-- \/ Yoast SEO plugin. -->","yoast_head_json":{"title":"REF.:44220048.  Cubierta de pala destalonadora compatible y sus importadores - Canarytools S.L.","robots":{"index":"index","follow":"follow","max-snippet":"max-snippet:-1","max-image-preview":"max-image-preview:large","max-video-preview":"max-video-preview:-1"},"canonical":"https:\/\/mantenimientosinformaticos.net\/canarytools\/producto\/ref44220048-cubierta-de-pala-destalonadora-compatible-y-sus-importadores-2\/","og_locale":"es_ES","og_type":"article","og_title":"REF.:44220048.  Cubierta de pala destalonadora compatible y sus importadores - Canarytools S.L.","og_description":"Evitar rayar las llantas de aleaci\u00f3n con el mecanismo destaponado de la desmotadora de neum\u00e1ticos Fabricadas de pl\u00e1stico duradero\u00a0 1 und. Para las marcas de desmontadoras\u00a0","og_url":"https:\/\/mantenimientosinformaticos.net\/canarytools\/producto\/ref44220048-cubierta-de-pala-destalonadora-compatible-y-sus-importadores-2\/","og_site_name":"Canarytools S.L.","og_image":[{"width":600,"height":600,"url":"https:\/\/mantenimientosinformaticos.net\/canarytools\/wp-content\/uploads\/2021\/12\/1826-REF.44220048.-Cubierta-de-pala-destalonadora-compatible-y-sus-importadores.jpg","type":"image\/jpeg"}],"twitter_card":"summary_large_image","schema":{"@context":"https:\/\/schema.org","@graph":[{"@type":"WebPage","@id":"https:\/\/mantenimientosinformaticos.net\/canarytools\/producto\/ref44220048-cubierta-de-pala-destalonadora-compatible-y-sus-importadores-2\/","url":"https:\/\/mantenimientosinformaticos.net\/canarytools\/producto\/ref44220048-cubierta-de-pala-destalonadora-compatible-y-sus-importadores-2\/","name":"REF.:44220048. Cubierta de pala destalonadora compatible y sus importadores - Canarytools S.L.","isPartOf":{"@id":"https:\/\/mantenimientosinformaticos.net\/canarytools\/#website"},"primaryImageOfPage":{"@id":"https:\/\/mantenimientosinformaticos.net\/canarytools\/producto\/ref44220048-cubierta-de-pala-destalonadora-compatible-y-sus-importadores-2\/#primaryimage"},"image":{"@id":"https:\/\/mantenimientosinformaticos.net\/canarytools\/producto\/ref44220048-cubierta-de-pala-destalonadora-compatible-y-sus-importadores-2\/#primaryimage"},"thumbnailUrl":"https:\/\/mantenimientosinformaticos.net\/canarytools\/wp-content\/uploads\/2021\/12\/1826-REF.44220048.-Cubierta-de-pala-destalonadora-compatible-y-sus-importadores.jpg","datePublished":"2021-12-27T18:05:49+00:00","dateModified":"2021-12-27T18:05:49+00:00","breadcrumb":{"@id":"https:\/\/mantenimientosinformaticos.net\/canarytools\/producto\/ref44220048-cubierta-de-pala-destalonadora-compatible-y-sus-importadores-2\/#breadcrumb"},"inLanguage":"es","potentialAction":[{"@type":"ReadAction","target":["https:\/\/mantenimientosinformaticos.net\/canarytools\/producto\/ref44220048-cubierta-de-pala-destalonadora-compatible-y-sus-importadores-2\/"]}]},{"@type":"ImageObject","inLanguage":"es","@id":"https:\/\/mantenimientosinformaticos.net\/canarytools\/producto\/ref44220048-cubierta-de-pala-destalonadora-compatible-y-sus-importadores-2\/#primaryimage","url":"https:\/\/mantenimientosinformaticos.net\/canarytools\/wp-content\/uploads\/2021\/12\/1826-REF.44220048.-Cubierta-de-pala-destalonadora-compatible-y-sus-importadores.jpg","contentUrl":"https:\/\/mantenimientosinformaticos.net\/canarytools\/wp-content\/uploads\/2021\/12\/1826-REF.44220048.-Cubierta-de-pala-destalonadora-compatible-y-sus-importadores.jpg","width":600,"height":600,"caption":"REF.:44220048. Cubierta de pala destalonadora compatible y sus importadores"},{"@type":"BreadcrumbList","@id":"https:\/\/mantenimientosinformaticos.net\/canarytools\/producto\/ref44220048-cubierta-de-pala-destalonadora-compatible-y-sus-importadores-2\/#breadcrumb","itemListElement":[{"@type":"ListItem","position":1,"name":"Portada","item":"https:\/\/mantenimientosinformaticos.net\/canarytools\/"},{"@type":"ListItem","position":2,"name":"Tienda","item":"https:\/\/mantenimientosinformaticos.net\/canarytools\/tienda\/"},{"@type":"ListItem","position":3,"name":"REF.:44220048. Cubierta de pala destalonadora compatible y sus importadores"}]},{"@type":"WebSite","@id":"https:\/\/mantenimientosinformaticos.net\/canarytools\/#website","url":"https:\/\/mantenimientosinformaticos.net\/canarytools\/","name":"Canarytools S.L.","description":"Herramientas y M\u00e1quinas","publisher":{"@id":"https:\/\/mantenimientosinformaticos.net\/canarytools\/#\/schema\/person\/355e32754b03bb24b681f1b6917e49bf"},"potentialAction":[{"@type":"SearchAction","target":{"@type":"EntryPoint","urlTemplate":"https:\/\/mantenimientosinformaticos.net\/canarytools\/?s={search_term_string}"},"query-input":"required name=search_term_string"}],"inLanguage":"es"},{"@type":["Person","Organization"],"@id":"https:\/\/mantenimientosinformaticos.net\/canarytools\/#\/schema\/person\/355e32754b03bb24b681f1b6917e49bf","name":"canarytools.xnetdigital","image":{"@type":"ImageObject","inLanguage":"es","@id":"https:\/\/mantenimientosinformaticos.net\/canarytools\/#\/schema\/person\/image\/","url":"https:\/\/mantenimientosinformaticos.net\/canarytools\/wp-content\/uploads\/2023\/12\/canary-tools-logo.png","contentUrl":"https:\/\/mantenimientosinformaticos.net\/canarytools\/wp-content\/uploads\/2023\/12\/canary-tools-logo.png","width":1302,"height":440,"caption":"canarytools.xnetdigital"},"logo":{"@id":"https:\/\/mantenimientosinformaticos.net\/canarytools\/#\/schema\/person\/image\/"},"sameAs":["https:\/\/mantenimientosinformaticos.net\/canarytools"]}]}},"_links":{"self":[{"href":"https:\/\/mantenimientosinformaticos.net\/canarytools\/wp-json\/wp\/v2\/product\/7658","targetHints":{"allow":["GET"]}}],"collection":[{"href":"https:\/\/mantenimientosinformaticos.net\/canarytools\/wp-json\/wp\/v2\/product"}],"about":[{"href":"https:\/\/mantenimientosinformaticos.net\/canarytools\/wp-json\/wp\/v2\/types\/product"}],"replies":[{"embeddable":true,"href":"https:\/\/mantenimientosinformaticos.net\/canarytools\/wp-json\/wp\/v2\/comments?post=7658"}],"wp:featuredmedia":[{"embeddable":true,"href":"https:\/\/mantenimientosinformaticos.net\/canarytools\/wp-json\/wp\/v2\/media\/7656"}],"wp:attachment":[{"href":"https:\/\/mantenimientosinformaticos.net\/canarytools\/wp-json\/wp\/v2\/media?parent=7658"}],"wp:term":[{"taxonomy":"product_cat","embeddable":true,"href":"https:\/\/mantenimientosinformaticos.net\/canarytools\/wp-json\/wp\/v2\/product_cat?post=7658"},{"taxonomy":"product_tag","embeddable":true,"href":"https:\/\/mantenimientosinformaticos.net\/canarytools\/wp-json\/wp\/v2\/product_tag?post=7658"}],"curies":[{"name":"wp","href":"https:\/\/api.w.org\/{rel}","templated":true}]}}