{"id":7608,"date":"2021-11-12T17:34:02","date_gmt":"2021-11-12T16:34:02","guid":{"rendered":"https:\/\/mantenimientosinformaticos.net\/canarytools\/producto\/ref4357-punta-de-vaso-longitud-100-mm-entrada-125-mm-12-dentado-multiple-interior-para-xzn-con-perforacion-m16\/"},"modified":"2021-11-12T17:34:02","modified_gmt":"2021-11-12T16:34:02","slug":"ref4357-punta-de-vaso-longitud-100-mm-entrada-125-mm-12-dentado-multiple-interior-para-xzn-con-perforacion-m16","status":"publish","type":"product","link":"https:\/\/mantenimientosinformaticos.net\/canarytools\/producto\/ref4357-punta-de-vaso-longitud-100-mm-entrada-125-mm-12-dentado-multiple-interior-para-xzn-con-perforacion-m16\/","title":{"rendered":"REF.:4357.   Punta de vaso longitud 100 mm entrada 12,5 mm (1\/2&#8243;) dentado m\u00faltiple interior (para XZN) con perforaci\u00f3n M16"},"content":{"rendered":"<table class=\"details_attributes\" style=\"border-collapse:collapse;border-spacing:0px;background-color:#ffffff;color:#58595b;font-family:'PT Sans', 'Helvetica Neue', Helvetica, Arial, sans-serif;font-size:14px;\">\n<tbody class=\"attributes dl-horizontal\" style=\"margin-top:1rem;\">\n<tr style=\"height:30px;background:#f0f0f0;\">\n<td id=\"attrTitle_1\" title=\"Perfil de accionamiento\" style=\"padding:8px;line-height:18px;vertical-align:top;border-top:1px solid #dddddd;min-width:200px;\">Perfil de accionamiento<\/td>\n<td id=\"attrValue_1\" style=\"padding:8px;line-height:18px;vertical-align:top;border-top:1px solid #dddddd;min-width:200px;\">Multidientes interior (para XZN) con perforaci\u00f3n<\/td>\n<\/tr>\n<tr style=\"height:30px;\">\n<td id=\"attrTitle_2\" title=\"Tama\u00f1o del perfil de funcionamiento\" style=\"padding:8px;line-height:18px;vertical-align:top;border-top:1px solid #dddddd;min-width:200px;\">Tama\u00f1o del perfil de funcionamiento<\/td>\n<td id=\"attrValue_2\" style=\"padding:8px;line-height:18px;vertical-align:top;border-top:1px solid #dddddd;min-width:200px;\">M16<\/td>\n<\/tr>\n<tr style=\"height:30px;background:#f0f0f0;\">\n<td id=\"attrTitle_3\" title=\"Tama\u00f1o del perfil de accionamiento, sistema m\u00e9trico\" style=\"padding:8px;line-height:18px;vertical-align:top;border-top:1px solid #dddddd;min-width:200px;\">Tama\u00f1o del perfil de accionamiento, sistema m\u00e9trico<\/td>\n<td id=\"attrValue_3\" style=\"padding:8px;line-height:18px;vertical-align:top;border-top:1px solid #dddddd;min-width:200px;\">12,5 mm<\/td>\n<\/tr>\n<tr style=\"height:30px;\">\n<td id=\"attrTitle_4\" title=\"Perfil de transmisi\u00f3n\" style=\"padding:8px;line-height:18px;vertical-align:top;border-top:1px solid #dddddd;min-width:200px;\">Perfil de transmisi\u00f3n<\/td>\n<td id=\"attrValue_4\" style=\"padding:8px;line-height:18px;vertical-align:top;border-top:1px solid #dddddd;min-width:200px;\">Cuadrado interno<\/td>\n<\/tr>\n<tr style=\"height:30px;background:#f0f0f0;\">\n<td id=\"attrTitle_5\" title=\"Tama\u00f1o del perfil de accionamiento, sistema anglosaj\u00f3n\" style=\"padding:8px;line-height:18px;vertical-align:top;border-top:1px solid #dddddd;min-width:200px;\">Tama\u00f1o del perfil de accionamiento, sistema anglosaj\u00f3n<\/td>\n<td id=\"attrValue_5\" style=\"padding:8px;line-height:18px;vertical-align:top;border-top:1px solid #dddddd;min-width:200px;\">1\/2 \u00ab<\/td>\n<\/tr>\n<tr style=\"height:30px;\">\n<td id=\"attrTitle_6\" title=\"Peso bruto\" style=\"padding:8px;line-height:18px;vertical-align:top;border-top:1px solid #dddddd;min-width:200px;\">Peso bruto<\/td>\n<td id=\"attrValue_6\" style=\"padding:8px;line-height:18px;vertical-align:top;border-top:1px solid #dddddd;min-width:200px;\">230 g<\/td>\n<\/tr>\n<tr style=\"height:30px;background:#f0f0f0;\">\n<td id=\"attrTitle_7\" title=\"Longitud\" style=\"padding:8px;line-height:18px;vertical-align:top;border-top:1px solid #dddddd;min-width:200px;\">Longitud<\/td>\n<td id=\"attrValue_7\" style=\"padding:8px;line-height:18px;vertical-align:top;border-top:1px solid #dddddd;min-width:200px;\">100 mm<\/td>\n<\/tr>\n<tr style=\"height:30px;\">\n<td id=\"attrTitle_8\" title=\"Material\" style=\"padding:8px;line-height:18px;vertical-align:top;border-top:1px solid #dddddd;min-width:200px;\">Material<\/td>\n<td id=\"attrValue_8\" style=\"padding:8px;line-height:18px;vertical-align:top;border-top:1px solid #dddddd;min-width:200px;\">Acero al cromo vanadio<\/td>\n<\/tr>\n<\/tbody>\n<\/table>\n","protected":false},"excerpt":{"rendered":"<ul style=\"margin:0px 0px 20px;list-style:none;padding:0px;color:#58595b;font-family:'PT Sans', 'Helvetica Neue', Helvetica, Arial, sans-serif;font-size:14px;background-color:#ffffff;\">\n<li>Estriado<\/li>\n<li>Para tapones de aceite de transmisi\u00f3n en Audi A4, A6<\/li>\n<\/ul>\n","protected":false},"featured_media":7606,"comment_status":"open","ping_status":"closed","template":"","meta":[],"product_cat":[639,495,571],"product_tag":[],"class_list":{"0":"post-7608","1":"product","2":"type-product","3":"status-publish","4":"has-post-thumbnail","6":"product_cat-multidientes-interior-para-xzn-puntas-de-vaso-de-impacto","7":"product_cat-herramientas-manuales","8":"product_cat-puntas-de-vaso-de-impacto","10":"first","11":"instock","12":"shipping-taxable","13":"purchasable","14":"product-type-simple"},"yoast_head":"<!-- This site is optimized with the Yoast SEO plugin v22.7 - https:\/\/yoast.com\/wordpress\/plugins\/seo\/ -->\n<title>REF.:4357.  Punta de vaso longitud 100 mm entrada 12,5 mm (1\/2&quot;) dentado m\u00faltiple interior (para XZN) con perforaci\u00f3n M16 - Canarytools S.L.<\/title>\n<meta name=\"robots\" content=\"index, follow, max-snippet:-1, max-image-preview:large, max-video-preview:-1\" \/>\n<link rel=\"canonical\" href=\"https:\/\/mantenimientosinformaticos.net\/canarytools\/producto\/ref4357-punta-de-vaso-longitud-100-mm-entrada-125-mm-12-dentado-multiple-interior-para-xzn-con-perforacion-m16\/\" \/>\n<meta property=\"og:locale\" content=\"es_ES\" \/>\n<meta property=\"og:type\" content=\"article\" \/>\n<meta property=\"og:title\" content=\"REF.:4357.  Punta de vaso longitud 100 mm entrada 12,5 mm (1\/2&quot;) dentado m\u00faltiple interior (para XZN) con perforaci\u00f3n M16 - Canarytools S.L.\" \/>\n<meta property=\"og:description\" content=\"Estriado Para tapones de aceite de transmisi\u00f3n en Audi A4, A6\" \/>\n<meta property=\"og:url\" content=\"https:\/\/mantenimientosinformaticos.net\/canarytools\/producto\/ref4357-punta-de-vaso-longitud-100-mm-entrada-125-mm-12-dentado-multiple-interior-para-xzn-con-perforacion-m16\/\" \/>\n<meta property=\"og:site_name\" content=\"Canarytools S.L.\" \/>\n<meta property=\"og:image\" content=\"https:\/\/mantenimientosinformaticos.net\/canarytools\/wp-content\/uploads\/2021\/11\/1811-REF.4357.-Punta-de-vaso-longitud-100-mm-entrada-125-mm-12-dentado-multiple-interior-para-XZN-con-perforacion-M16.jpg\" \/>\n\t<meta property=\"og:image:width\" content=\"540\" \/>\n\t<meta property=\"og:image:height\" content=\"149\" \/>\n\t<meta property=\"og:image:type\" content=\"image\/jpeg\" \/>\n<meta name=\"twitter:card\" content=\"summary_large_image\" \/>\n<script type=\"application\/ld+json\" class=\"yoast-schema-graph\">{\"@context\":\"https:\/\/schema.org\",\"@graph\":[{\"@type\":\"WebPage\",\"@id\":\"https:\/\/mantenimientosinformaticos.net\/canarytools\/producto\/ref4357-punta-de-vaso-longitud-100-mm-entrada-125-mm-12-dentado-multiple-interior-para-xzn-con-perforacion-m16\/\",\"url\":\"https:\/\/mantenimientosinformaticos.net\/canarytools\/producto\/ref4357-punta-de-vaso-longitud-100-mm-entrada-125-mm-12-dentado-multiple-interior-para-xzn-con-perforacion-m16\/\",\"name\":\"REF.:4357. Punta de vaso longitud 100 mm entrada 12,5 mm (1\/2\\\") dentado m\u00faltiple interior (para XZN) con perforaci\u00f3n M16 - Canarytools S.L.\",\"isPartOf\":{\"@id\":\"https:\/\/mantenimientosinformaticos.net\/canarytools\/#website\"},\"primaryImageOfPage\":{\"@id\":\"https:\/\/mantenimientosinformaticos.net\/canarytools\/producto\/ref4357-punta-de-vaso-longitud-100-mm-entrada-125-mm-12-dentado-multiple-interior-para-xzn-con-perforacion-m16\/#primaryimage\"},\"image\":{\"@id\":\"https:\/\/mantenimientosinformaticos.net\/canarytools\/producto\/ref4357-punta-de-vaso-longitud-100-mm-entrada-125-mm-12-dentado-multiple-interior-para-xzn-con-perforacion-m16\/#primaryimage\"},\"thumbnailUrl\":\"https:\/\/mantenimientosinformaticos.net\/canarytools\/wp-content\/uploads\/2021\/11\/1811-REF.4357.-Punta-de-vaso-longitud-100-mm-entrada-125-mm-12-dentado-multiple-interior-para-XZN-con-perforacion-M16.jpg\",\"datePublished\":\"2021-11-12T16:34:02+00:00\",\"dateModified\":\"2021-11-12T16:34:02+00:00\",\"breadcrumb\":{\"@id\":\"https:\/\/mantenimientosinformaticos.net\/canarytools\/producto\/ref4357-punta-de-vaso-longitud-100-mm-entrada-125-mm-12-dentado-multiple-interior-para-xzn-con-perforacion-m16\/#breadcrumb\"},\"inLanguage\":\"es\",\"potentialAction\":[{\"@type\":\"ReadAction\",\"target\":[\"https:\/\/mantenimientosinformaticos.net\/canarytools\/producto\/ref4357-punta-de-vaso-longitud-100-mm-entrada-125-mm-12-dentado-multiple-interior-para-xzn-con-perforacion-m16\/\"]}]},{\"@type\":\"ImageObject\",\"inLanguage\":\"es\",\"@id\":\"https:\/\/mantenimientosinformaticos.net\/canarytools\/producto\/ref4357-punta-de-vaso-longitud-100-mm-entrada-125-mm-12-dentado-multiple-interior-para-xzn-con-perforacion-m16\/#primaryimage\",\"url\":\"https:\/\/mantenimientosinformaticos.net\/canarytools\/wp-content\/uploads\/2021\/11\/1811-REF.4357.-Punta-de-vaso-longitud-100-mm-entrada-125-mm-12-dentado-multiple-interior-para-XZN-con-perforacion-M16.jpg\",\"contentUrl\":\"https:\/\/mantenimientosinformaticos.net\/canarytools\/wp-content\/uploads\/2021\/11\/1811-REF.4357.-Punta-de-vaso-longitud-100-mm-entrada-125-mm-12-dentado-multiple-interior-para-XZN-con-perforacion-M16.jpg\",\"width\":540,\"height\":149,\"caption\":\"REF.:4357. Punta de vaso longitud 100 mm entrada 12,5 mm (1\/2\\\") dentado m\u00faltiple interior (para XZN) con perforaci\u00f3n M16\"},{\"@type\":\"BreadcrumbList\",\"@id\":\"https:\/\/mantenimientosinformaticos.net\/canarytools\/producto\/ref4357-punta-de-vaso-longitud-100-mm-entrada-125-mm-12-dentado-multiple-interior-para-xzn-con-perforacion-m16\/#breadcrumb\",\"itemListElement\":[{\"@type\":\"ListItem\",\"position\":1,\"name\":\"Portada\",\"item\":\"https:\/\/mantenimientosinformaticos.net\/canarytools\/\"},{\"@type\":\"ListItem\",\"position\":2,\"name\":\"Tienda\",\"item\":\"https:\/\/mantenimientosinformaticos.net\/canarytools\/tienda\/\"},{\"@type\":\"ListItem\",\"position\":3,\"name\":\"REF.:4357. Punta de vaso longitud 100 mm entrada 12,5 mm (1\/2&#8243;) dentado m\u00faltiple interior (para XZN) con perforaci\u00f3n M16\"}]},{\"@type\":\"WebSite\",\"@id\":\"https:\/\/mantenimientosinformaticos.net\/canarytools\/#website\",\"url\":\"https:\/\/mantenimientosinformaticos.net\/canarytools\/\",\"name\":\"Canarytools S.L.\",\"description\":\"Herramientas y M\u00e1quinas\",\"publisher\":{\"@id\":\"https:\/\/mantenimientosinformaticos.net\/canarytools\/#\/schema\/person\/355e32754b03bb24b681f1b6917e49bf\"},\"potentialAction\":[{\"@type\":\"SearchAction\",\"target\":{\"@type\":\"EntryPoint\",\"urlTemplate\":\"https:\/\/mantenimientosinformaticos.net\/canarytools\/?s={search_term_string}\"},\"query-input\":\"required name=search_term_string\"}],\"inLanguage\":\"es\"},{\"@type\":[\"Person\",\"Organization\"],\"@id\":\"https:\/\/mantenimientosinformaticos.net\/canarytools\/#\/schema\/person\/355e32754b03bb24b681f1b6917e49bf\",\"name\":\"canarytools.xnetdigital\",\"image\":{\"@type\":\"ImageObject\",\"inLanguage\":\"es\",\"@id\":\"https:\/\/mantenimientosinformaticos.net\/canarytools\/#\/schema\/person\/image\/\",\"url\":\"https:\/\/mantenimientosinformaticos.net\/canarytools\/wp-content\/uploads\/2023\/12\/canary-tools-logo.png\",\"contentUrl\":\"https:\/\/mantenimientosinformaticos.net\/canarytools\/wp-content\/uploads\/2023\/12\/canary-tools-logo.png\",\"width\":1302,\"height\":440,\"caption\":\"canarytools.xnetdigital\"},\"logo\":{\"@id\":\"https:\/\/mantenimientosinformaticos.net\/canarytools\/#\/schema\/person\/image\/\"},\"sameAs\":[\"https:\/\/mantenimientosinformaticos.net\/canarytools\"]}]}<\/script>\n<!-- \/ Yoast SEO plugin. -->","yoast_head_json":{"title":"REF.:4357.  Punta de vaso longitud 100 mm entrada 12,5 mm (1\/2\") dentado m\u00faltiple interior (para XZN) con perforaci\u00f3n M16 - Canarytools S.L.","robots":{"index":"index","follow":"follow","max-snippet":"max-snippet:-1","max-image-preview":"max-image-preview:large","max-video-preview":"max-video-preview:-1"},"canonical":"https:\/\/mantenimientosinformaticos.net\/canarytools\/producto\/ref4357-punta-de-vaso-longitud-100-mm-entrada-125-mm-12-dentado-multiple-interior-para-xzn-con-perforacion-m16\/","og_locale":"es_ES","og_type":"article","og_title":"REF.:4357.  Punta de vaso longitud 100 mm entrada 12,5 mm (1\/2\") dentado m\u00faltiple interior (para XZN) con perforaci\u00f3n M16 - Canarytools S.L.","og_description":"Estriado Para tapones de aceite de transmisi\u00f3n en Audi A4, A6","og_url":"https:\/\/mantenimientosinformaticos.net\/canarytools\/producto\/ref4357-punta-de-vaso-longitud-100-mm-entrada-125-mm-12-dentado-multiple-interior-para-xzn-con-perforacion-m16\/","og_site_name":"Canarytools S.L.","og_image":[{"width":540,"height":149,"url":"https:\/\/mantenimientosinformaticos.net\/canarytools\/wp-content\/uploads\/2021\/11\/1811-REF.4357.-Punta-de-vaso-longitud-100-mm-entrada-125-mm-12-dentado-multiple-interior-para-XZN-con-perforacion-M16.jpg","type":"image\/jpeg"}],"twitter_card":"summary_large_image","schema":{"@context":"https:\/\/schema.org","@graph":[{"@type":"WebPage","@id":"https:\/\/mantenimientosinformaticos.net\/canarytools\/producto\/ref4357-punta-de-vaso-longitud-100-mm-entrada-125-mm-12-dentado-multiple-interior-para-xzn-con-perforacion-m16\/","url":"https:\/\/mantenimientosinformaticos.net\/canarytools\/producto\/ref4357-punta-de-vaso-longitud-100-mm-entrada-125-mm-12-dentado-multiple-interior-para-xzn-con-perforacion-m16\/","name":"REF.:4357. Punta de vaso longitud 100 mm entrada 12,5 mm (1\/2\") dentado m\u00faltiple interior (para XZN) con perforaci\u00f3n M16 - Canarytools S.L.","isPartOf":{"@id":"https:\/\/mantenimientosinformaticos.net\/canarytools\/#website"},"primaryImageOfPage":{"@id":"https:\/\/mantenimientosinformaticos.net\/canarytools\/producto\/ref4357-punta-de-vaso-longitud-100-mm-entrada-125-mm-12-dentado-multiple-interior-para-xzn-con-perforacion-m16\/#primaryimage"},"image":{"@id":"https:\/\/mantenimientosinformaticos.net\/canarytools\/producto\/ref4357-punta-de-vaso-longitud-100-mm-entrada-125-mm-12-dentado-multiple-interior-para-xzn-con-perforacion-m16\/#primaryimage"},"thumbnailUrl":"https:\/\/mantenimientosinformaticos.net\/canarytools\/wp-content\/uploads\/2021\/11\/1811-REF.4357.-Punta-de-vaso-longitud-100-mm-entrada-125-mm-12-dentado-multiple-interior-para-XZN-con-perforacion-M16.jpg","datePublished":"2021-11-12T16:34:02+00:00","dateModified":"2021-11-12T16:34:02+00:00","breadcrumb":{"@id":"https:\/\/mantenimientosinformaticos.net\/canarytools\/producto\/ref4357-punta-de-vaso-longitud-100-mm-entrada-125-mm-12-dentado-multiple-interior-para-xzn-con-perforacion-m16\/#breadcrumb"},"inLanguage":"es","potentialAction":[{"@type":"ReadAction","target":["https:\/\/mantenimientosinformaticos.net\/canarytools\/producto\/ref4357-punta-de-vaso-longitud-100-mm-entrada-125-mm-12-dentado-multiple-interior-para-xzn-con-perforacion-m16\/"]}]},{"@type":"ImageObject","inLanguage":"es","@id":"https:\/\/mantenimientosinformaticos.net\/canarytools\/producto\/ref4357-punta-de-vaso-longitud-100-mm-entrada-125-mm-12-dentado-multiple-interior-para-xzn-con-perforacion-m16\/#primaryimage","url":"https:\/\/mantenimientosinformaticos.net\/canarytools\/wp-content\/uploads\/2021\/11\/1811-REF.4357.-Punta-de-vaso-longitud-100-mm-entrada-125-mm-12-dentado-multiple-interior-para-XZN-con-perforacion-M16.jpg","contentUrl":"https:\/\/mantenimientosinformaticos.net\/canarytools\/wp-content\/uploads\/2021\/11\/1811-REF.4357.-Punta-de-vaso-longitud-100-mm-entrada-125-mm-12-dentado-multiple-interior-para-XZN-con-perforacion-M16.jpg","width":540,"height":149,"caption":"REF.:4357. Punta de vaso longitud 100 mm entrada 12,5 mm (1\/2\") dentado m\u00faltiple interior (para XZN) con perforaci\u00f3n M16"},{"@type":"BreadcrumbList","@id":"https:\/\/mantenimientosinformaticos.net\/canarytools\/producto\/ref4357-punta-de-vaso-longitud-100-mm-entrada-125-mm-12-dentado-multiple-interior-para-xzn-con-perforacion-m16\/#breadcrumb","itemListElement":[{"@type":"ListItem","position":1,"name":"Portada","item":"https:\/\/mantenimientosinformaticos.net\/canarytools\/"},{"@type":"ListItem","position":2,"name":"Tienda","item":"https:\/\/mantenimientosinformaticos.net\/canarytools\/tienda\/"},{"@type":"ListItem","position":3,"name":"REF.:4357. Punta de vaso longitud 100 mm entrada 12,5 mm (1\/2&#8243;) dentado m\u00faltiple interior (para XZN) con perforaci\u00f3n M16"}]},{"@type":"WebSite","@id":"https:\/\/mantenimientosinformaticos.net\/canarytools\/#website","url":"https:\/\/mantenimientosinformaticos.net\/canarytools\/","name":"Canarytools S.L.","description":"Herramientas y M\u00e1quinas","publisher":{"@id":"https:\/\/mantenimientosinformaticos.net\/canarytools\/#\/schema\/person\/355e32754b03bb24b681f1b6917e49bf"},"potentialAction":[{"@type":"SearchAction","target":{"@type":"EntryPoint","urlTemplate":"https:\/\/mantenimientosinformaticos.net\/canarytools\/?s={search_term_string}"},"query-input":"required name=search_term_string"}],"inLanguage":"es"},{"@type":["Person","Organization"],"@id":"https:\/\/mantenimientosinformaticos.net\/canarytools\/#\/schema\/person\/355e32754b03bb24b681f1b6917e49bf","name":"canarytools.xnetdigital","image":{"@type":"ImageObject","inLanguage":"es","@id":"https:\/\/mantenimientosinformaticos.net\/canarytools\/#\/schema\/person\/image\/","url":"https:\/\/mantenimientosinformaticos.net\/canarytools\/wp-content\/uploads\/2023\/12\/canary-tools-logo.png","contentUrl":"https:\/\/mantenimientosinformaticos.net\/canarytools\/wp-content\/uploads\/2023\/12\/canary-tools-logo.png","width":1302,"height":440,"caption":"canarytools.xnetdigital"},"logo":{"@id":"https:\/\/mantenimientosinformaticos.net\/canarytools\/#\/schema\/person\/image\/"},"sameAs":["https:\/\/mantenimientosinformaticos.net\/canarytools"]}]}},"_links":{"self":[{"href":"https:\/\/mantenimientosinformaticos.net\/canarytools\/wp-json\/wp\/v2\/product\/7608","targetHints":{"allow":["GET"]}}],"collection":[{"href":"https:\/\/mantenimientosinformaticos.net\/canarytools\/wp-json\/wp\/v2\/product"}],"about":[{"href":"https:\/\/mantenimientosinformaticos.net\/canarytools\/wp-json\/wp\/v2\/types\/product"}],"replies":[{"embeddable":true,"href":"https:\/\/mantenimientosinformaticos.net\/canarytools\/wp-json\/wp\/v2\/comments?post=7608"}],"wp:featuredmedia":[{"embeddable":true,"href":"https:\/\/mantenimientosinformaticos.net\/canarytools\/wp-json\/wp\/v2\/media\/7606"}],"wp:attachment":[{"href":"https:\/\/mantenimientosinformaticos.net\/canarytools\/wp-json\/wp\/v2\/media?parent=7608"}],"wp:term":[{"taxonomy":"product_cat","embeddable":true,"href":"https:\/\/mantenimientosinformaticos.net\/canarytools\/wp-json\/wp\/v2\/product_cat?post=7608"},{"taxonomy":"product_tag","embeddable":true,"href":"https:\/\/mantenimientosinformaticos.net\/canarytools\/wp-json\/wp\/v2\/product_tag?post=7608"}],"curies":[{"name":"wp","href":"https:\/\/api.w.org\/{rel}","templated":true}]}}