{"id":7497,"date":"2021-07-20T19:54:35","date_gmt":"2021-07-20T17:54:35","guid":{"rendered":"https:\/\/mantenimientosinformaticos.net\/canarytools\/producto\/ref91036-juego-de-llaves-de-filtros-de-aceite-entrada-10-mm-38-14-piezas\/"},"modified":"2021-07-20T19:54:35","modified_gmt":"2021-07-20T17:54:35","slug":"ref91036-juego-de-llaves-de-filtros-de-aceite-entrada-10-mm-38-14-piezas","status":"publish","type":"product","link":"https:\/\/mantenimientosinformaticos.net\/canarytools\/producto\/ref91036-juego-de-llaves-de-filtros-de-aceite-entrada-10-mm-38-14-piezas\/","title":{"rendered":"REF.:91036.    Juego de llaves de filtros de aceite entrada 10 mm (3\/8&#8243;) 14 piezas"},"content":{"rendered":"<ul style=\"margin:0px 0px 20px;list-style:none;padding:0px;color:#58595b;font-family:'PT Sans', 'Helvetica Neue', Helvetica, Arial, sans-serif;font-size:14px;background-color:#ffffff;\">\n<li>cazoletas para extraer filtros de aceite 1 nivel:\n<ul style=\"margin:0px 0px 0px 20px;list-style:none;padding:0px;\">\n<li>cazoleta para extraer filtros de aceite 65 mm (2-9\/16&#8243;) x 14 caras:<br \/>para Champ, Hastings, GM\/AC, Wix, NAPA, Purolator, Daihatsu, Toyota<\/li>\n<li>cazoleta para extraer filtros de aceite 68 mm (2-11\/16&#8243;) x 14 caras:<br \/>para Hastings, Mazda, Ford Escort, Capri, Subaru, Fran PH6607, Motocraft FL816<\/li>\n<li>cazoleta para extraer filtros de aceite 73 mm (2-7\/8&#8243;) x 14 caras:<br \/>para Toyota, Lexus<\/li>\n<li>cazoleta para extraer filtros de aceite 76 mm (3&#8243;) x 14 caras:<br \/>para Champion, Champ Lee, Purolator, Mopar, Volkswagen, Porsche, Mercedes-Benz, BMW<\/li>\n<li>cazoleta para extraer filtros de aceite 80 mm (3-9\/64&#8243;) x 15 caras:<br \/>para Hastings, Fram, Purolator, Nissan, Honda, Motocraft, Mazda, Isuzu, Subaru<\/li>\n<li>cazoleta para extraer filtros de aceite 93 mm (3-21\/32&#8243;) x 15 caras:<br \/>para Casite, Champ, Champion, General Motors, Fram, Hastings, Purolator, Wix, Nissan, Volkswagen, Porsche, Renault<\/li>\n<li>cazoleta para extraer filtros de aceite 93 mm (3-21\/32&#8243;) x 36 caras:<br \/>para Motocraft FL1A, FL.A1B, FL300<\/li>\n<li>cazoleta para extraer filtros de aceite 90 mm (3-17\/32&#8243;) x 15 caras:<br \/>para Honda Accord, Mitsubishi, Mopar, Isuzu<\/li>\n<li>cazoleta para extraer filtros de aceite 76 mm (3&#8243;) x 30 caras:<br \/>para Motocraft FL400A<\/li>\n<li>cazoleta para extraer filtros de aceite 100 mm (4&#8243;) x 15 caras:<br \/>para Fram, Motocraft, Wix, Isuzu, Mitsubishi\n<\/li>\n<\/ul>\n<\/li>\n<li>cazoletas para extraer filtros de aceite 2 niveles:\n<ul style=\"margin:0px 0px 0px 20px;list-style:none;padding:0px;\">\n<li>cazoleta para extraer filtros de aceite 65 \/ 67 mm (2-9\/16&#8243; \/ 1-21\/32&#8243;) x 14 caras:<br \/>para Fram (Canad\u00e1) PH4386, PH4967, PH6017, PH6018<\/li>\n<li>cazoleta para extraer filtros de aceite 74 \/ 76 mm (2-29\/32&#8243; \/ 3&#8243;) x 15 caras:<br \/>para Fram, AC, Saturn<\/li>\n<li>cazoleta para extraer filtros de aceite 75 \/ 77 mm (2-15\/16&#8243; \/ 3-1\/32&#8243;) x 15 caras:<br \/>para Casite, GM\/AC, Hastings, Wix, NAPA, Ford, Isuzu<\/li>\n<li>cazoleta para extraer filtros de aceite 80 \/ 82 mm (3-9\/64&#8243; \/ 3-7\/32&#8243;) x 15 caras:<br \/>para Wix Filter Mazda, Subaru, Toyota, Honda, Acura, Nissan, NAPA<\/li>\n<\/ul>\n<\/li>\n<\/ul>\n","protected":false},"excerpt":{"rendered":"<table class=\"details_attributes\" style=\"border-collapse:collapse;border-spacing:0px;background-color:#ffffff;color:#58595b;font-family:'PT Sans', 'Helvetica Neue', Helvetica, Arial, sans-serif;font-size:14px;\">\n<tbody class=\"attributes dl-horizontal\" style=\"margin-top:1rem;\">\n<tr style=\"height:30px;background:#f0f0f0;\">\n<td id=\"attrTitle_1\" title=\"Perfil de transmisi\u00f3n\" style=\"padding:8px;line-height:18px;vertical-align:top;border-top:1px solid #dddddd;min-width:200px;\">Perfil de transmisi\u00f3n<\/td>\n<td id=\"attrValue_1\" style=\"padding:8px;line-height:18px;vertical-align:top;border-top:1px solid #dddddd;min-width:200px;\">Cuadrado interno<\/td>\n<\/tr>\n<tr style=\"height:30px;\">\n<td id=\"attrTitle_2\" title=\"Tama\u00f1o del perfil de accionamiento, sistema anglosaj\u00f3n\" style=\"padding:8px;line-height:18px;vertical-align:top;border-top:1px solid #dddddd;min-width:200px;\">Tama\u00f1o del perfil de accionamiento, sistema anglosaj\u00f3n<\/td>\n<td id=\"attrValue_2\" style=\"padding:8px;line-height:18px;vertical-align:top;border-top:1px solid #dddddd;min-width:200px;\">3\/8 \u00ab<\/td>\n<\/tr>\n<tr style=\"height:30px;background:#f0f0f0;\">\n<td id=\"attrTitle_3\" title=\"Tama\u00f1o del perfil de accionamiento, sistema m\u00e9trico\" style=\"padding:8px;line-height:18px;vertical-align:top;border-top:1px solid #dddddd;min-width:200px;\">Tama\u00f1o del perfil de accionamiento, sistema m\u00e9trico<\/td>\n<td id=\"attrValue_3\" style=\"padding:8px;line-height:18px;vertical-align:top;border-top:1px solid #dddddd;min-width:200px;\">10 mm<\/td>\n<\/tr>\n<tr style=\"height:30px;\">\n<td id=\"attrTitle_4\" title=\"Peso bruto\" style=\"padding:8px;line-height:18px;vertical-align:top;border-top:1px solid #dddddd;min-width:200px;\">Peso bruto<\/td>\n<td id=\"attrValue_4\" style=\"padding:8px;line-height:18px;vertical-align:top;border-top:1px solid #dddddd;min-width:200px;\">2710 g<\/td>\n<\/tr>\n<\/tbody>\n<\/table>\n","protected":false},"featured_media":7496,"comment_status":"open","ping_status":"closed","template":"","meta":[],"product_cat":[586,491,520],"product_tag":[],"class_list":{"0":"post-7497","1":"product","2":"type-product","3":"status-publish","4":"has-post-thumbnail","6":"product_cat-llaves-de-filtro","7":"product_cat-herramientas-especiales-para-automoviles","8":"product_cat-servicio-de-aceite","10":"first","11":"instock","12":"shipping-taxable","13":"purchasable","14":"product-type-simple"},"yoast_head":"<!-- This site is optimized with the Yoast SEO plugin v22.7 - https:\/\/yoast.com\/wordpress\/plugins\/seo\/ -->\n<title>REF.:91036.  Juego de llaves de filtros de aceite entrada 10 mm (3\/8&quot;) 14 piezas - Canarytools S.L.<\/title>\n<meta name=\"robots\" content=\"index, follow, max-snippet:-1, max-image-preview:large, max-video-preview:-1\" \/>\n<link rel=\"canonical\" href=\"https:\/\/mantenimientosinformaticos.net\/canarytools\/producto\/ref91036-juego-de-llaves-de-filtros-de-aceite-entrada-10-mm-38-14-piezas\/\" \/>\n<meta property=\"og:locale\" content=\"es_ES\" \/>\n<meta property=\"og:type\" content=\"article\" \/>\n<meta property=\"og:title\" content=\"REF.:91036.  Juego de llaves de filtros de aceite entrada 10 mm (3\/8&quot;) 14 piezas - Canarytools S.L.\" \/>\n<meta property=\"og:description\" content=\"Perfil de transmisi\u00f3n Cuadrado interno  Tama\u00f1o del perfil de accionamiento, sistema anglosaj\u00f3n 3\/8 &quot;  Tama\u00f1o del perfil de accionamiento, sistema m\u00e9trico 10 mm  Peso bruto 2710 g\" \/>\n<meta property=\"og:url\" content=\"https:\/\/mantenimientosinformaticos.net\/canarytools\/producto\/ref91036-juego-de-llaves-de-filtros-de-aceite-entrada-10-mm-38-14-piezas\/\" \/>\n<meta property=\"og:site_name\" content=\"Canarytools S.L.\" \/>\n<meta property=\"og:image\" content=\"https:\/\/mantenimientosinformaticos.net\/canarytools\/wp-content\/uploads\/2021\/07\/1771-REF.91036.-Juego-de-llaves-de-filtros-de-aceite-entrada-10-mm-38-14-piezas.jpg\" \/>\n\t<meta property=\"og:image:width\" content=\"283\" \/>\n\t<meta property=\"og:image:height\" content=\"340\" \/>\n\t<meta property=\"og:image:type\" content=\"image\/jpeg\" \/>\n<meta name=\"twitter:card\" content=\"summary_large_image\" \/>\n<meta name=\"twitter:label1\" content=\"Tiempo de lectura\" \/>\n\t<meta name=\"twitter:data1\" content=\"1 minuto\" \/>\n<script type=\"application\/ld+json\" class=\"yoast-schema-graph\">{\"@context\":\"https:\/\/schema.org\",\"@graph\":[{\"@type\":\"WebPage\",\"@id\":\"https:\/\/mantenimientosinformaticos.net\/canarytools\/producto\/ref91036-juego-de-llaves-de-filtros-de-aceite-entrada-10-mm-38-14-piezas\/\",\"url\":\"https:\/\/mantenimientosinformaticos.net\/canarytools\/producto\/ref91036-juego-de-llaves-de-filtros-de-aceite-entrada-10-mm-38-14-piezas\/\",\"name\":\"REF.:91036. Juego de llaves de filtros de aceite entrada 10 mm (3\/8\\\") 14 piezas - Canarytools S.L.\",\"isPartOf\":{\"@id\":\"https:\/\/mantenimientosinformaticos.net\/canarytools\/#website\"},\"primaryImageOfPage\":{\"@id\":\"https:\/\/mantenimientosinformaticos.net\/canarytools\/producto\/ref91036-juego-de-llaves-de-filtros-de-aceite-entrada-10-mm-38-14-piezas\/#primaryimage\"},\"image\":{\"@id\":\"https:\/\/mantenimientosinformaticos.net\/canarytools\/producto\/ref91036-juego-de-llaves-de-filtros-de-aceite-entrada-10-mm-38-14-piezas\/#primaryimage\"},\"thumbnailUrl\":\"https:\/\/mantenimientosinformaticos.net\/canarytools\/wp-content\/uploads\/2021\/07\/1771-REF.91036.-Juego-de-llaves-de-filtros-de-aceite-entrada-10-mm-38-14-piezas.jpg\",\"datePublished\":\"2021-07-20T17:54:35+00:00\",\"dateModified\":\"2021-07-20T17:54:35+00:00\",\"breadcrumb\":{\"@id\":\"https:\/\/mantenimientosinformaticos.net\/canarytools\/producto\/ref91036-juego-de-llaves-de-filtros-de-aceite-entrada-10-mm-38-14-piezas\/#breadcrumb\"},\"inLanguage\":\"es\",\"potentialAction\":[{\"@type\":\"ReadAction\",\"target\":[\"https:\/\/mantenimientosinformaticos.net\/canarytools\/producto\/ref91036-juego-de-llaves-de-filtros-de-aceite-entrada-10-mm-38-14-piezas\/\"]}]},{\"@type\":\"ImageObject\",\"inLanguage\":\"es\",\"@id\":\"https:\/\/mantenimientosinformaticos.net\/canarytools\/producto\/ref91036-juego-de-llaves-de-filtros-de-aceite-entrada-10-mm-38-14-piezas\/#primaryimage\",\"url\":\"https:\/\/mantenimientosinformaticos.net\/canarytools\/wp-content\/uploads\/2021\/07\/1771-REF.91036.-Juego-de-llaves-de-filtros-de-aceite-entrada-10-mm-38-14-piezas.jpg\",\"contentUrl\":\"https:\/\/mantenimientosinformaticos.net\/canarytools\/wp-content\/uploads\/2021\/07\/1771-REF.91036.-Juego-de-llaves-de-filtros-de-aceite-entrada-10-mm-38-14-piezas.jpg\",\"width\":283,\"height\":340,\"caption\":\"REF.:91036. Juego de llaves de filtros de aceite entrada 10 mm (3\/8\\\") 14 piezas\"},{\"@type\":\"BreadcrumbList\",\"@id\":\"https:\/\/mantenimientosinformaticos.net\/canarytools\/producto\/ref91036-juego-de-llaves-de-filtros-de-aceite-entrada-10-mm-38-14-piezas\/#breadcrumb\",\"itemListElement\":[{\"@type\":\"ListItem\",\"position\":1,\"name\":\"Portada\",\"item\":\"https:\/\/mantenimientosinformaticos.net\/canarytools\/\"},{\"@type\":\"ListItem\",\"position\":2,\"name\":\"Tienda\",\"item\":\"https:\/\/mantenimientosinformaticos.net\/canarytools\/tienda\/\"},{\"@type\":\"ListItem\",\"position\":3,\"name\":\"REF.:91036. Juego de llaves de filtros de aceite entrada 10 mm (3\/8&#8243;) 14 piezas\"}]},{\"@type\":\"WebSite\",\"@id\":\"https:\/\/mantenimientosinformaticos.net\/canarytools\/#website\",\"url\":\"https:\/\/mantenimientosinformaticos.net\/canarytools\/\",\"name\":\"Canarytools S.L.\",\"description\":\"Herramientas y M\u00e1quinas\",\"publisher\":{\"@id\":\"https:\/\/mantenimientosinformaticos.net\/canarytools\/#\/schema\/person\/355e32754b03bb24b681f1b6917e49bf\"},\"potentialAction\":[{\"@type\":\"SearchAction\",\"target\":{\"@type\":\"EntryPoint\",\"urlTemplate\":\"https:\/\/mantenimientosinformaticos.net\/canarytools\/?s={search_term_string}\"},\"query-input\":\"required name=search_term_string\"}],\"inLanguage\":\"es\"},{\"@type\":[\"Person\",\"Organization\"],\"@id\":\"https:\/\/mantenimientosinformaticos.net\/canarytools\/#\/schema\/person\/355e32754b03bb24b681f1b6917e49bf\",\"name\":\"canarytools.xnetdigital\",\"image\":{\"@type\":\"ImageObject\",\"inLanguage\":\"es\",\"@id\":\"https:\/\/mantenimientosinformaticos.net\/canarytools\/#\/schema\/person\/image\/\",\"url\":\"https:\/\/mantenimientosinformaticos.net\/canarytools\/wp-content\/uploads\/2023\/12\/canary-tools-logo.png\",\"contentUrl\":\"https:\/\/mantenimientosinformaticos.net\/canarytools\/wp-content\/uploads\/2023\/12\/canary-tools-logo.png\",\"width\":1302,\"height\":440,\"caption\":\"canarytools.xnetdigital\"},\"logo\":{\"@id\":\"https:\/\/mantenimientosinformaticos.net\/canarytools\/#\/schema\/person\/image\/\"},\"sameAs\":[\"https:\/\/mantenimientosinformaticos.net\/canarytools\"]}]}<\/script>\n<!-- \/ Yoast SEO plugin. -->","yoast_head_json":{"title":"REF.:91036.  Juego de llaves de filtros de aceite entrada 10 mm (3\/8\") 14 piezas - Canarytools S.L.","robots":{"index":"index","follow":"follow","max-snippet":"max-snippet:-1","max-image-preview":"max-image-preview:large","max-video-preview":"max-video-preview:-1"},"canonical":"https:\/\/mantenimientosinformaticos.net\/canarytools\/producto\/ref91036-juego-de-llaves-de-filtros-de-aceite-entrada-10-mm-38-14-piezas\/","og_locale":"es_ES","og_type":"article","og_title":"REF.:91036.  Juego de llaves de filtros de aceite entrada 10 mm (3\/8\") 14 piezas - Canarytools S.L.","og_description":"Perfil de transmisi\u00f3n Cuadrado interno  Tama\u00f1o del perfil de accionamiento, sistema anglosaj\u00f3n 3\/8 \"  Tama\u00f1o del perfil de accionamiento, sistema m\u00e9trico 10 mm  Peso bruto 2710 g","og_url":"https:\/\/mantenimientosinformaticos.net\/canarytools\/producto\/ref91036-juego-de-llaves-de-filtros-de-aceite-entrada-10-mm-38-14-piezas\/","og_site_name":"Canarytools S.L.","og_image":[{"width":283,"height":340,"url":"https:\/\/mantenimientosinformaticos.net\/canarytools\/wp-content\/uploads\/2021\/07\/1771-REF.91036.-Juego-de-llaves-de-filtros-de-aceite-entrada-10-mm-38-14-piezas.jpg","type":"image\/jpeg"}],"twitter_card":"summary_large_image","twitter_misc":{"Tiempo de lectura":"1 minuto"},"schema":{"@context":"https:\/\/schema.org","@graph":[{"@type":"WebPage","@id":"https:\/\/mantenimientosinformaticos.net\/canarytools\/producto\/ref91036-juego-de-llaves-de-filtros-de-aceite-entrada-10-mm-38-14-piezas\/","url":"https:\/\/mantenimientosinformaticos.net\/canarytools\/producto\/ref91036-juego-de-llaves-de-filtros-de-aceite-entrada-10-mm-38-14-piezas\/","name":"REF.:91036. Juego de llaves de filtros de aceite entrada 10 mm (3\/8\") 14 piezas - Canarytools S.L.","isPartOf":{"@id":"https:\/\/mantenimientosinformaticos.net\/canarytools\/#website"},"primaryImageOfPage":{"@id":"https:\/\/mantenimientosinformaticos.net\/canarytools\/producto\/ref91036-juego-de-llaves-de-filtros-de-aceite-entrada-10-mm-38-14-piezas\/#primaryimage"},"image":{"@id":"https:\/\/mantenimientosinformaticos.net\/canarytools\/producto\/ref91036-juego-de-llaves-de-filtros-de-aceite-entrada-10-mm-38-14-piezas\/#primaryimage"},"thumbnailUrl":"https:\/\/mantenimientosinformaticos.net\/canarytools\/wp-content\/uploads\/2021\/07\/1771-REF.91036.-Juego-de-llaves-de-filtros-de-aceite-entrada-10-mm-38-14-piezas.jpg","datePublished":"2021-07-20T17:54:35+00:00","dateModified":"2021-07-20T17:54:35+00:00","breadcrumb":{"@id":"https:\/\/mantenimientosinformaticos.net\/canarytools\/producto\/ref91036-juego-de-llaves-de-filtros-de-aceite-entrada-10-mm-38-14-piezas\/#breadcrumb"},"inLanguage":"es","potentialAction":[{"@type":"ReadAction","target":["https:\/\/mantenimientosinformaticos.net\/canarytools\/producto\/ref91036-juego-de-llaves-de-filtros-de-aceite-entrada-10-mm-38-14-piezas\/"]}]},{"@type":"ImageObject","inLanguage":"es","@id":"https:\/\/mantenimientosinformaticos.net\/canarytools\/producto\/ref91036-juego-de-llaves-de-filtros-de-aceite-entrada-10-mm-38-14-piezas\/#primaryimage","url":"https:\/\/mantenimientosinformaticos.net\/canarytools\/wp-content\/uploads\/2021\/07\/1771-REF.91036.-Juego-de-llaves-de-filtros-de-aceite-entrada-10-mm-38-14-piezas.jpg","contentUrl":"https:\/\/mantenimientosinformaticos.net\/canarytools\/wp-content\/uploads\/2021\/07\/1771-REF.91036.-Juego-de-llaves-de-filtros-de-aceite-entrada-10-mm-38-14-piezas.jpg","width":283,"height":340,"caption":"REF.:91036. Juego de llaves de filtros de aceite entrada 10 mm (3\/8\") 14 piezas"},{"@type":"BreadcrumbList","@id":"https:\/\/mantenimientosinformaticos.net\/canarytools\/producto\/ref91036-juego-de-llaves-de-filtros-de-aceite-entrada-10-mm-38-14-piezas\/#breadcrumb","itemListElement":[{"@type":"ListItem","position":1,"name":"Portada","item":"https:\/\/mantenimientosinformaticos.net\/canarytools\/"},{"@type":"ListItem","position":2,"name":"Tienda","item":"https:\/\/mantenimientosinformaticos.net\/canarytools\/tienda\/"},{"@type":"ListItem","position":3,"name":"REF.:91036. Juego de llaves de filtros de aceite entrada 10 mm (3\/8&#8243;) 14 piezas"}]},{"@type":"WebSite","@id":"https:\/\/mantenimientosinformaticos.net\/canarytools\/#website","url":"https:\/\/mantenimientosinformaticos.net\/canarytools\/","name":"Canarytools S.L.","description":"Herramientas y M\u00e1quinas","publisher":{"@id":"https:\/\/mantenimientosinformaticos.net\/canarytools\/#\/schema\/person\/355e32754b03bb24b681f1b6917e49bf"},"potentialAction":[{"@type":"SearchAction","target":{"@type":"EntryPoint","urlTemplate":"https:\/\/mantenimientosinformaticos.net\/canarytools\/?s={search_term_string}"},"query-input":"required name=search_term_string"}],"inLanguage":"es"},{"@type":["Person","Organization"],"@id":"https:\/\/mantenimientosinformaticos.net\/canarytools\/#\/schema\/person\/355e32754b03bb24b681f1b6917e49bf","name":"canarytools.xnetdigital","image":{"@type":"ImageObject","inLanguage":"es","@id":"https:\/\/mantenimientosinformaticos.net\/canarytools\/#\/schema\/person\/image\/","url":"https:\/\/mantenimientosinformaticos.net\/canarytools\/wp-content\/uploads\/2023\/12\/canary-tools-logo.png","contentUrl":"https:\/\/mantenimientosinformaticos.net\/canarytools\/wp-content\/uploads\/2023\/12\/canary-tools-logo.png","width":1302,"height":440,"caption":"canarytools.xnetdigital"},"logo":{"@id":"https:\/\/mantenimientosinformaticos.net\/canarytools\/#\/schema\/person\/image\/"},"sameAs":["https:\/\/mantenimientosinformaticos.net\/canarytools"]}]}},"_links":{"self":[{"href":"https:\/\/mantenimientosinformaticos.net\/canarytools\/wp-json\/wp\/v2\/product\/7497","targetHints":{"allow":["GET"]}}],"collection":[{"href":"https:\/\/mantenimientosinformaticos.net\/canarytools\/wp-json\/wp\/v2\/product"}],"about":[{"href":"https:\/\/mantenimientosinformaticos.net\/canarytools\/wp-json\/wp\/v2\/types\/product"}],"replies":[{"embeddable":true,"href":"https:\/\/mantenimientosinformaticos.net\/canarytools\/wp-json\/wp\/v2\/comments?post=7497"}],"wp:featuredmedia":[{"embeddable":true,"href":"https:\/\/mantenimientosinformaticos.net\/canarytools\/wp-json\/wp\/v2\/media\/7496"}],"wp:attachment":[{"href":"https:\/\/mantenimientosinformaticos.net\/canarytools\/wp-json\/wp\/v2\/media?parent=7497"}],"wp:term":[{"taxonomy":"product_cat","embeddable":true,"href":"https:\/\/mantenimientosinformaticos.net\/canarytools\/wp-json\/wp\/v2\/product_cat?post=7497"},{"taxonomy":"product_tag","embeddable":true,"href":"https:\/\/mantenimientosinformaticos.net\/canarytools\/wp-json\/wp\/v2\/product_tag?post=7497"}],"curies":[{"name":"wp","href":"https:\/\/api.w.org\/{rel}","templated":true}]}}