{"id":7486,"date":"2021-04-25T12:22:43","date_gmt":"2021-04-25T10:22:43","guid":{"rendered":"https:\/\/mantenimientosinformaticos.net\/canarytools\/producto\/ref2592-punta-de-vaso-entrada-63-mm-14-perfil-en-t-para-torx-t20\/"},"modified":"2021-04-25T12:22:43","modified_gmt":"2021-04-25T10:22:43","slug":"ref2592-punta-de-vaso-entrada-63-mm-14-perfil-en-t-para-torx-t20","status":"publish","type":"product","link":"https:\/\/mantenimientosinformaticos.net\/canarytools\/producto\/ref2592-punta-de-vaso-entrada-63-mm-14-perfil-en-t-para-torx-t20\/","title":{"rendered":"REF.:2592    Punta de vaso entrada 6,3 mm (1\/4&#8243;) perfil en T (para Torx) T20"},"content":{"rendered":"","protected":false},"excerpt":{"rendered":"<table class=\"details_attributes\" style=\"border-collapse:collapse;border-spacing:0px;background-color:#ffffff;color:#58595b;font-family:'PT Sans', 'Helvetica Neue', Helvetica, Arial, sans-serif;font-size:14px;\">\n<tbody class=\"attributes dl-horizontal\" style=\"margin-top:1rem;\">\n<tr style=\"height:30px;background:#f0f0f0;\">\n<td id=\"attrTitle_1\" title=\"Perfil de accionamiento\" style=\"padding:8px;line-height:18px;vertical-align:top;border-top:1px solid #dddddd;min-width:200px;\">Perfil de accionamiento<\/td>\n<td id=\"attrValue_1\" style=\"padding:8px;line-height:18px;vertical-align:top;border-top:1px solid #dddddd;min-width:200px;\">Perfil en T (para Torx)<\/td>\n<\/tr>\n<tr style=\"height:30px;\">\n<td id=\"attrTitle_2\" title=\"Tama\u00f1o del perfil de funcionamiento\" style=\"padding:8px;line-height:18px;vertical-align:top;border-top:1px solid #dddddd;min-width:200px;\">Tama\u00f1o del perfil de funcionamiento<\/td>\n<td id=\"attrValue_2\" style=\"padding:8px;line-height:18px;vertical-align:top;border-top:1px solid #dddddd;min-width:200px;\">T20<\/td>\n<\/tr>\n<tr style=\"height:30px;background:#f0f0f0;\">\n<td id=\"attrTitle_3\" title=\"Perfil de transmisi\u00f3n\" style=\"padding:8px;line-height:18px;vertical-align:top;border-top:1px solid #dddddd;min-width:200px;\">Perfil de transmisi\u00f3n<\/td>\n<td id=\"attrValue_3\" style=\"padding:8px;line-height:18px;vertical-align:top;border-top:1px solid #dddddd;min-width:200px;\">Cuadrado interno<\/td>\n<\/tr>\n<tr style=\"height:30px;\">\n<td id=\"attrTitle_4\" title=\"Tama\u00f1o del perfil de accionamiento, sistema anglosaj\u00f3n\" style=\"padding:8px;line-height:18px;vertical-align:top;border-top:1px solid #dddddd;min-width:200px;\">Tama\u00f1o del perfil de accionamiento, sistema anglosaj\u00f3n<\/td>\n<td id=\"attrValue_4\" style=\"padding:8px;line-height:18px;vertical-align:top;border-top:1px solid #dddddd;min-width:200px;\">1\/4 \u00ab<\/td>\n<\/tr>\n<tr style=\"height:30px;background:#f0f0f0;\">\n<td id=\"attrTitle_5\" title=\"Tama\u00f1o del perfil de accionamiento, sistema m\u00e9trico\" style=\"padding:8px;line-height:18px;vertical-align:top;border-top:1px solid #dddddd;min-width:200px;\">Tama\u00f1o del perfil de accionamiento, sistema m\u00e9trico<\/td>\n<td id=\"attrValue_5\" style=\"padding:8px;line-height:18px;vertical-align:top;border-top:1px solid #dddddd;min-width:200px;\">6,3 mm<\/td>\n<\/tr>\n<tr style=\"height:30px;\">\n<td id=\"attrTitle_6\" title=\"Peso bruto\" style=\"padding:8px;line-height:18px;vertical-align:top;border-top:1px solid #dddddd;min-width:200px;\">Peso bruto<\/td>\n<td id=\"attrValue_6\" style=\"padding:8px;line-height:18px;vertical-align:top;border-top:1px solid #dddddd;min-width:200px;\">20 g<\/td>\n<\/tr>\n<tr style=\"height:30px;background:#f0f0f0;\">\n<td id=\"attrTitle_7\" title=\"Longitud\" style=\"padding:8px;line-height:18px;vertical-align:top;border-top:1px solid #dddddd;min-width:200px;\">Longitud<\/td>\n<td id=\"attrValue_7\" style=\"padding:8px;line-height:18px;vertical-align:top;border-top:1px solid #dddddd;min-width:200px;\">38 mm<\/td>\n<\/tr>\n<tr style=\"height:30px;\">\n<td id=\"attrTitle_8\" title=\"Material\" style=\"padding:8px;line-height:18px;vertical-align:top;border-top:1px solid #dddddd;min-width:200px;\">Material<\/td>\n<td id=\"attrValue_8\" style=\"padding:8px;line-height:18px;vertical-align:top;border-top:1px solid #dddddd;min-width:200px;\">Acero al cromo vanadio<\/td>\n<\/tr>\n<\/tbody>\n<\/table>\n","protected":false},"featured_media":7485,"comment_status":"open","ping_status":"closed","template":"","meta":[],"product_cat":[637,495,571],"product_tag":[],"class_list":{"0":"post-7486","1":"product","2":"type-product","3":"status-publish","4":"has-post-thumbnail","6":"product_cat-perfil-en-t-para-torx","7":"product_cat-herramientas-manuales","8":"product_cat-puntas-de-vaso-de-impacto","10":"first","11":"instock","12":"shipping-taxable","13":"purchasable","14":"product-type-simple"},"yoast_head":"<!-- This site is optimized with the Yoast SEO plugin v22.7 - https:\/\/yoast.com\/wordpress\/plugins\/seo\/ -->\n<title>REF.:2592  Punta de vaso entrada 6,3 mm (1\/4&quot;) perfil en T (para Torx) T20 - Canarytools S.L.<\/title>\n<meta name=\"robots\" content=\"index, follow, max-snippet:-1, max-image-preview:large, max-video-preview:-1\" \/>\n<link rel=\"canonical\" href=\"https:\/\/mantenimientosinformaticos.net\/canarytools\/producto\/ref2592-punta-de-vaso-entrada-63-mm-14-perfil-en-t-para-torx-t20\/\" \/>\n<meta property=\"og:locale\" content=\"es_ES\" \/>\n<meta property=\"og:type\" content=\"article\" \/>\n<meta property=\"og:title\" content=\"REF.:2592  Punta de vaso entrada 6,3 mm (1\/4&quot;) perfil en T (para Torx) T20 - Canarytools S.L.\" \/>\n<meta property=\"og:description\" content=\"Perfil de accionamiento Perfil en T (para Torx)  Tama\u00f1o del perfil de funcionamiento T20  Perfil de transmisi\u00f3n Cuadrado interno  Tama\u00f1o del perfil de accionamiento, sistema anglosaj\u00f3n 1\/4 &quot;  Tama\u00f1o del perfil de accionamiento, sistema m\u00e9trico 6,3 mm  Peso bruto 20 g  Longitud 38 mm  Material Acero al cromo vanadio\" \/>\n<meta property=\"og:url\" content=\"https:\/\/mantenimientosinformaticos.net\/canarytools\/producto\/ref2592-punta-de-vaso-entrada-63-mm-14-perfil-en-t-para-torx-t20\/\" \/>\n<meta property=\"og:site_name\" content=\"Canarytools S.L.\" \/>\n<meta property=\"og:image\" content=\"https:\/\/mantenimientosinformaticos.net\/canarytools\/wp-content\/uploads\/2021\/04\/1767-REF.2592-Punta-de-vaso-entrada-63-mm-14-perfil-en-T-para-Torx-T20.jpg\" \/>\n\t<meta property=\"og:image:width\" content=\"540\" \/>\n\t<meta property=\"og:image:height\" content=\"188\" \/>\n\t<meta property=\"og:image:type\" content=\"image\/jpeg\" \/>\n<meta name=\"twitter:card\" content=\"summary_large_image\" \/>\n<script type=\"application\/ld+json\" class=\"yoast-schema-graph\">{\"@context\":\"https:\/\/schema.org\",\"@graph\":[{\"@type\":\"WebPage\",\"@id\":\"https:\/\/mantenimientosinformaticos.net\/canarytools\/producto\/ref2592-punta-de-vaso-entrada-63-mm-14-perfil-en-t-para-torx-t20\/\",\"url\":\"https:\/\/mantenimientosinformaticos.net\/canarytools\/producto\/ref2592-punta-de-vaso-entrada-63-mm-14-perfil-en-t-para-torx-t20\/\",\"name\":\"REF.:2592 Punta de vaso entrada 6,3 mm (1\/4\\\") perfil en T (para Torx) T20 - Canarytools S.L.\",\"isPartOf\":{\"@id\":\"https:\/\/mantenimientosinformaticos.net\/canarytools\/#website\"},\"primaryImageOfPage\":{\"@id\":\"https:\/\/mantenimientosinformaticos.net\/canarytools\/producto\/ref2592-punta-de-vaso-entrada-63-mm-14-perfil-en-t-para-torx-t20\/#primaryimage\"},\"image\":{\"@id\":\"https:\/\/mantenimientosinformaticos.net\/canarytools\/producto\/ref2592-punta-de-vaso-entrada-63-mm-14-perfil-en-t-para-torx-t20\/#primaryimage\"},\"thumbnailUrl\":\"https:\/\/mantenimientosinformaticos.net\/canarytools\/wp-content\/uploads\/2021\/04\/1767-REF.2592-Punta-de-vaso-entrada-63-mm-14-perfil-en-T-para-Torx-T20.jpg\",\"datePublished\":\"2021-04-25T10:22:43+00:00\",\"dateModified\":\"2021-04-25T10:22:43+00:00\",\"breadcrumb\":{\"@id\":\"https:\/\/mantenimientosinformaticos.net\/canarytools\/producto\/ref2592-punta-de-vaso-entrada-63-mm-14-perfil-en-t-para-torx-t20\/#breadcrumb\"},\"inLanguage\":\"es\",\"potentialAction\":[{\"@type\":\"ReadAction\",\"target\":[\"https:\/\/mantenimientosinformaticos.net\/canarytools\/producto\/ref2592-punta-de-vaso-entrada-63-mm-14-perfil-en-t-para-torx-t20\/\"]}]},{\"@type\":\"ImageObject\",\"inLanguage\":\"es\",\"@id\":\"https:\/\/mantenimientosinformaticos.net\/canarytools\/producto\/ref2592-punta-de-vaso-entrada-63-mm-14-perfil-en-t-para-torx-t20\/#primaryimage\",\"url\":\"https:\/\/mantenimientosinformaticos.net\/canarytools\/wp-content\/uploads\/2021\/04\/1767-REF.2592-Punta-de-vaso-entrada-63-mm-14-perfil-en-T-para-Torx-T20.jpg\",\"contentUrl\":\"https:\/\/mantenimientosinformaticos.net\/canarytools\/wp-content\/uploads\/2021\/04\/1767-REF.2592-Punta-de-vaso-entrada-63-mm-14-perfil-en-T-para-Torx-T20.jpg\",\"width\":540,\"height\":188,\"caption\":\"REF.:2592 Punta de vaso entrada 6,3 mm (1\/4\\\") perfil en T (para Torx) T20\"},{\"@type\":\"BreadcrumbList\",\"@id\":\"https:\/\/mantenimientosinformaticos.net\/canarytools\/producto\/ref2592-punta-de-vaso-entrada-63-mm-14-perfil-en-t-para-torx-t20\/#breadcrumb\",\"itemListElement\":[{\"@type\":\"ListItem\",\"position\":1,\"name\":\"Portada\",\"item\":\"https:\/\/mantenimientosinformaticos.net\/canarytools\/\"},{\"@type\":\"ListItem\",\"position\":2,\"name\":\"Tienda\",\"item\":\"https:\/\/mantenimientosinformaticos.net\/canarytools\/tienda\/\"},{\"@type\":\"ListItem\",\"position\":3,\"name\":\"REF.:2592 Punta de vaso entrada 6,3 mm (1\/4&#8243;) perfil en T (para Torx) T20\"}]},{\"@type\":\"WebSite\",\"@id\":\"https:\/\/mantenimientosinformaticos.net\/canarytools\/#website\",\"url\":\"https:\/\/mantenimientosinformaticos.net\/canarytools\/\",\"name\":\"Canarytools S.L.\",\"description\":\"Herramientas y M\u00e1quinas\",\"publisher\":{\"@id\":\"https:\/\/mantenimientosinformaticos.net\/canarytools\/#\/schema\/person\/355e32754b03bb24b681f1b6917e49bf\"},\"potentialAction\":[{\"@type\":\"SearchAction\",\"target\":{\"@type\":\"EntryPoint\",\"urlTemplate\":\"https:\/\/mantenimientosinformaticos.net\/canarytools\/?s={search_term_string}\"},\"query-input\":\"required name=search_term_string\"}],\"inLanguage\":\"es\"},{\"@type\":[\"Person\",\"Organization\"],\"@id\":\"https:\/\/mantenimientosinformaticos.net\/canarytools\/#\/schema\/person\/355e32754b03bb24b681f1b6917e49bf\",\"name\":\"canarytools.xnetdigital\",\"image\":{\"@type\":\"ImageObject\",\"inLanguage\":\"es\",\"@id\":\"https:\/\/mantenimientosinformaticos.net\/canarytools\/#\/schema\/person\/image\/\",\"url\":\"https:\/\/mantenimientosinformaticos.net\/canarytools\/wp-content\/uploads\/2023\/12\/canary-tools-logo.png\",\"contentUrl\":\"https:\/\/mantenimientosinformaticos.net\/canarytools\/wp-content\/uploads\/2023\/12\/canary-tools-logo.png\",\"width\":1302,\"height\":440,\"caption\":\"canarytools.xnetdigital\"},\"logo\":{\"@id\":\"https:\/\/mantenimientosinformaticos.net\/canarytools\/#\/schema\/person\/image\/\"},\"sameAs\":[\"https:\/\/mantenimientosinformaticos.net\/canarytools\"]}]}<\/script>\n<!-- \/ Yoast SEO plugin. -->","yoast_head_json":{"title":"REF.:2592  Punta de vaso entrada 6,3 mm (1\/4\") perfil en T (para Torx) T20 - Canarytools S.L.","robots":{"index":"index","follow":"follow","max-snippet":"max-snippet:-1","max-image-preview":"max-image-preview:large","max-video-preview":"max-video-preview:-1"},"canonical":"https:\/\/mantenimientosinformaticos.net\/canarytools\/producto\/ref2592-punta-de-vaso-entrada-63-mm-14-perfil-en-t-para-torx-t20\/","og_locale":"es_ES","og_type":"article","og_title":"REF.:2592  Punta de vaso entrada 6,3 mm (1\/4\") perfil en T (para Torx) T20 - Canarytools S.L.","og_description":"Perfil de accionamiento Perfil en T (para Torx)  Tama\u00f1o del perfil de funcionamiento T20  Perfil de transmisi\u00f3n Cuadrado interno  Tama\u00f1o del perfil de accionamiento, sistema anglosaj\u00f3n 1\/4 \"  Tama\u00f1o del perfil de accionamiento, sistema m\u00e9trico 6,3 mm  Peso bruto 20 g  Longitud 38 mm  Material Acero al cromo vanadio","og_url":"https:\/\/mantenimientosinformaticos.net\/canarytools\/producto\/ref2592-punta-de-vaso-entrada-63-mm-14-perfil-en-t-para-torx-t20\/","og_site_name":"Canarytools S.L.","og_image":[{"width":540,"height":188,"url":"https:\/\/mantenimientosinformaticos.net\/canarytools\/wp-content\/uploads\/2021\/04\/1767-REF.2592-Punta-de-vaso-entrada-63-mm-14-perfil-en-T-para-Torx-T20.jpg","type":"image\/jpeg"}],"twitter_card":"summary_large_image","schema":{"@context":"https:\/\/schema.org","@graph":[{"@type":"WebPage","@id":"https:\/\/mantenimientosinformaticos.net\/canarytools\/producto\/ref2592-punta-de-vaso-entrada-63-mm-14-perfil-en-t-para-torx-t20\/","url":"https:\/\/mantenimientosinformaticos.net\/canarytools\/producto\/ref2592-punta-de-vaso-entrada-63-mm-14-perfil-en-t-para-torx-t20\/","name":"REF.:2592 Punta de vaso entrada 6,3 mm (1\/4\") perfil en T (para Torx) T20 - Canarytools S.L.","isPartOf":{"@id":"https:\/\/mantenimientosinformaticos.net\/canarytools\/#website"},"primaryImageOfPage":{"@id":"https:\/\/mantenimientosinformaticos.net\/canarytools\/producto\/ref2592-punta-de-vaso-entrada-63-mm-14-perfil-en-t-para-torx-t20\/#primaryimage"},"image":{"@id":"https:\/\/mantenimientosinformaticos.net\/canarytools\/producto\/ref2592-punta-de-vaso-entrada-63-mm-14-perfil-en-t-para-torx-t20\/#primaryimage"},"thumbnailUrl":"https:\/\/mantenimientosinformaticos.net\/canarytools\/wp-content\/uploads\/2021\/04\/1767-REF.2592-Punta-de-vaso-entrada-63-mm-14-perfil-en-T-para-Torx-T20.jpg","datePublished":"2021-04-25T10:22:43+00:00","dateModified":"2021-04-25T10:22:43+00:00","breadcrumb":{"@id":"https:\/\/mantenimientosinformaticos.net\/canarytools\/producto\/ref2592-punta-de-vaso-entrada-63-mm-14-perfil-en-t-para-torx-t20\/#breadcrumb"},"inLanguage":"es","potentialAction":[{"@type":"ReadAction","target":["https:\/\/mantenimientosinformaticos.net\/canarytools\/producto\/ref2592-punta-de-vaso-entrada-63-mm-14-perfil-en-t-para-torx-t20\/"]}]},{"@type":"ImageObject","inLanguage":"es","@id":"https:\/\/mantenimientosinformaticos.net\/canarytools\/producto\/ref2592-punta-de-vaso-entrada-63-mm-14-perfil-en-t-para-torx-t20\/#primaryimage","url":"https:\/\/mantenimientosinformaticos.net\/canarytools\/wp-content\/uploads\/2021\/04\/1767-REF.2592-Punta-de-vaso-entrada-63-mm-14-perfil-en-T-para-Torx-T20.jpg","contentUrl":"https:\/\/mantenimientosinformaticos.net\/canarytools\/wp-content\/uploads\/2021\/04\/1767-REF.2592-Punta-de-vaso-entrada-63-mm-14-perfil-en-T-para-Torx-T20.jpg","width":540,"height":188,"caption":"REF.:2592 Punta de vaso entrada 6,3 mm (1\/4\") perfil en T (para Torx) T20"},{"@type":"BreadcrumbList","@id":"https:\/\/mantenimientosinformaticos.net\/canarytools\/producto\/ref2592-punta-de-vaso-entrada-63-mm-14-perfil-en-t-para-torx-t20\/#breadcrumb","itemListElement":[{"@type":"ListItem","position":1,"name":"Portada","item":"https:\/\/mantenimientosinformaticos.net\/canarytools\/"},{"@type":"ListItem","position":2,"name":"Tienda","item":"https:\/\/mantenimientosinformaticos.net\/canarytools\/tienda\/"},{"@type":"ListItem","position":3,"name":"REF.:2592 Punta de vaso entrada 6,3 mm (1\/4&#8243;) perfil en T (para Torx) T20"}]},{"@type":"WebSite","@id":"https:\/\/mantenimientosinformaticos.net\/canarytools\/#website","url":"https:\/\/mantenimientosinformaticos.net\/canarytools\/","name":"Canarytools S.L.","description":"Herramientas y M\u00e1quinas","publisher":{"@id":"https:\/\/mantenimientosinformaticos.net\/canarytools\/#\/schema\/person\/355e32754b03bb24b681f1b6917e49bf"},"potentialAction":[{"@type":"SearchAction","target":{"@type":"EntryPoint","urlTemplate":"https:\/\/mantenimientosinformaticos.net\/canarytools\/?s={search_term_string}"},"query-input":"required name=search_term_string"}],"inLanguage":"es"},{"@type":["Person","Organization"],"@id":"https:\/\/mantenimientosinformaticos.net\/canarytools\/#\/schema\/person\/355e32754b03bb24b681f1b6917e49bf","name":"canarytools.xnetdigital","image":{"@type":"ImageObject","inLanguage":"es","@id":"https:\/\/mantenimientosinformaticos.net\/canarytools\/#\/schema\/person\/image\/","url":"https:\/\/mantenimientosinformaticos.net\/canarytools\/wp-content\/uploads\/2023\/12\/canary-tools-logo.png","contentUrl":"https:\/\/mantenimientosinformaticos.net\/canarytools\/wp-content\/uploads\/2023\/12\/canary-tools-logo.png","width":1302,"height":440,"caption":"canarytools.xnetdigital"},"logo":{"@id":"https:\/\/mantenimientosinformaticos.net\/canarytools\/#\/schema\/person\/image\/"},"sameAs":["https:\/\/mantenimientosinformaticos.net\/canarytools"]}]}},"_links":{"self":[{"href":"https:\/\/mantenimientosinformaticos.net\/canarytools\/wp-json\/wp\/v2\/product\/7486","targetHints":{"allow":["GET"]}}],"collection":[{"href":"https:\/\/mantenimientosinformaticos.net\/canarytools\/wp-json\/wp\/v2\/product"}],"about":[{"href":"https:\/\/mantenimientosinformaticos.net\/canarytools\/wp-json\/wp\/v2\/types\/product"}],"replies":[{"embeddable":true,"href":"https:\/\/mantenimientosinformaticos.net\/canarytools\/wp-json\/wp\/v2\/comments?post=7486"}],"wp:featuredmedia":[{"embeddable":true,"href":"https:\/\/mantenimientosinformaticos.net\/canarytools\/wp-json\/wp\/v2\/media\/7485"}],"wp:attachment":[{"href":"https:\/\/mantenimientosinformaticos.net\/canarytools\/wp-json\/wp\/v2\/media?parent=7486"}],"wp:term":[{"taxonomy":"product_cat","embeddable":true,"href":"https:\/\/mantenimientosinformaticos.net\/canarytools\/wp-json\/wp\/v2\/product_cat?post=7486"},{"taxonomy":"product_tag","embeddable":true,"href":"https:\/\/mantenimientosinformaticos.net\/canarytools\/wp-json\/wp\/v2\/product_tag?post=7486"}],"curies":[{"name":"wp","href":"https:\/\/api.w.org\/{rel}","templated":true}]}}