{"id":7450,"date":"2021-02-24T20:26:28","date_gmt":"2021-02-24T19:26:28","guid":{"rendered":"https:\/\/mantenimientosinformaticos.net\/canarytools\/producto\/ref9008-juego-de-calado-de-distribucion-para-jaguar-land-rover-27-30-td-v6-2\/"},"modified":"2021-02-24T20:26:28","modified_gmt":"2021-02-24T19:26:28","slug":"ref9008-juego-de-calado-de-distribucion-para-jaguar-land-rover-27-30-td-v6-2","status":"publish","type":"product","link":"https:\/\/mantenimientosinformaticos.net\/canarytools\/producto\/ref9008-juego-de-calado-de-distribucion-para-jaguar-land-rover-27-30-td-v6-2\/","title":{"rendered":"REF.:9008   Juego de calado de distribuci\u00f3n para Jaguar, Land Rover 2.7, 3.0 TD V6"},"content":{"rendered":"<p style=\"margin:0px 0px 10px;color:#58595b;font-family:'PT Sans', 'Helvetica Neue', Helvetica, Arial, sans-serif;font-size:14px;background-color:#ffffff;\"><strong>Contenido de suministro:<\/strong><\/p>\n<ul style=\"margin:0px 0px 20px;list-style:none;padding:0px;color:#58595b;font-family:'PT Sans', 'Helvetica Neue', Helvetica, Arial, sans-serif;font-size:14px;background-color:#ffffff;\">\n<li>bloqueo del volante (manual), para ser utilizado como OEM (Rover) 303-1116<\/li>\n<li>bloqueo del volante (autom\u00e1tico), para ser utilizado como OEM (Rover) 303-1117<\/li>\n<li>pasador de ajuste del pi\u00f1\u00f3n del \u00e1rbol de levas, para ser utilizado como OEM (Rover) 303-1132<\/li>\n<li>pasador de ajuste del pi\u00f1\u00f3n del \u00e1rbol de levas, 2 unidades, para ser utilizado como OEM (Rover) 303-1126, (PSA) 0195H<\/li>\n<li>pasador de bloqueo de la bomba de agua, para ser utilizado como OEM (PSA) 0195-C<\/li>\n<li>herramienta de bloqueo del volante, para ser utilizado como OEM (PSA) 0195-K<\/li>\n<li>clip de retenci\u00f3n de la correa de distribuci\u00f3n, para ser utilizado como OEM (PSA) 0188-K<\/li>\n<\/ul>\n","protected":false},"excerpt":{"rendered":"<ul style=\"margin:0px 0px 20px;list-style:none;padding:0px;color:#58595b;font-family:'PT Sans', 'Helvetica Neue', Helvetica, Arial, sans-serif;font-size:14px;background-color:#ffffff;\">\n<li>para el ajuste y control de la sincronizaci\u00f3n del motor<\/li>\n<li>necesario para, trabajos en la unidad de v\u00e1lvula y renovaci\u00f3n de la junta de culata<\/li>\n<\/ul>\n<p style=\"margin:0px 0px 10px;color:#58595b;font-family:'PT Sans', 'Helvetica Neue', Helvetica, Arial, sans-serif;font-size:14px;background-color:#ffffff;\"><strong>adecuado para los siguientes modelos:<\/strong><\/p>\n<ul style=\"margin:0px 0px 20px;list-style:none;padding:0px;color:#58595b;font-family:'PT Sans', 'Helvetica Neue', Helvetica, Arial, sans-serif;font-size:14px;background-color:#ffffff;\">\n<li>Citroen C5 III (2007 &#8211; 2009), C6 (2005 &#8211; 2009)<\/li>\n<li>Jaguar S-Type (2004 &#8211; 2008), XF (2008 &#8211; 2012), XJ (2010 &#8211; 2012), XJ6 (2005 &#8211; 2010)<\/li>\n<li>Range Rover Sport (2005 &#8211; 2009)<\/li>\n<li>Peugeot 407 (2004 &#8211; 2009), 407 Coupe (2006 &#8211; 2009), 607 (2004 &#8211; 2011) 2.7TD V6 \/ TDVi (276DT) 2.7D HDi (DT17BTED4) (UHZ) 3.0D HDi (D20CTED4) (X8Z) 3.0D SD V6 \/ TD V6 (306DT) (AJ-V6D)<\/li>\n<\/ul>\n","protected":false},"featured_media":7448,"comment_status":"open","ping_status":"closed","template":"","meta":[],"product_cat":[501,491],"product_tag":[],"class_list":{"0":"post-7450","1":"product","2":"type-product","3":"status-publish","4":"has-post-thumbnail","6":"product_cat-calado-de-distribucion","7":"product_cat-herramientas-especiales-para-automoviles","9":"first","10":"onbackorder","11":"shipping-taxable","12":"purchasable","13":"product-type-simple"},"yoast_head":"<!-- This site is optimized with the Yoast SEO plugin v22.7 - https:\/\/yoast.com\/wordpress\/plugins\/seo\/ -->\n<title>REF.:9008  Juego de calado de distribuci\u00f3n para Jaguar, Land Rover 2.7, 3.0 TD V6 - Canarytools S.L.<\/title>\n<meta name=\"robots\" content=\"index, follow, max-snippet:-1, max-image-preview:large, max-video-preview:-1\" \/>\n<link rel=\"canonical\" href=\"https:\/\/mantenimientosinformaticos.net\/canarytools\/producto\/ref9008-juego-de-calado-de-distribucion-para-jaguar-land-rover-27-30-td-v6-2\/\" \/>\n<meta property=\"og:locale\" content=\"es_ES\" \/>\n<meta property=\"og:type\" content=\"article\" \/>\n<meta property=\"og:title\" content=\"REF.:9008  Juego de calado de distribuci\u00f3n para Jaguar, Land Rover 2.7, 3.0 TD V6 - Canarytools S.L.\" \/>\n<meta property=\"og:description\" content=\"para el ajuste y control de la sincronizaci\u00f3n del motor necesario para, trabajos en la unidad de v\u00e1lvula y renovaci\u00f3n de la junta de culata adecuado para los siguientes modelos: Citroen C5 III (2007 - 2009), C6 (2005 - 2009) Jaguar S-Type (2004 - 2008), XF (2008 - 2012), XJ (2010 - 2012), XJ6 (2005 - 2010) Range Rover Sport (2005 - 2009) Peugeot 407 (2004 - 2009), 407 Coupe (2006 - 2009), 607 (2004 - 2011) 2.7TD V6 \/ TDVi (276DT) 2.7D HDi (DT17BTED4) (UHZ) 3.0D HDi (D20CTED4) (X8Z) 3.0D SD V6 \/ TD V6 (306DT) (AJ-V6D)\" \/>\n<meta property=\"og:url\" content=\"https:\/\/mantenimientosinformaticos.net\/canarytools\/producto\/ref9008-juego-de-calado-de-distribucion-para-jaguar-land-rover-27-30-td-v6-2\/\" \/>\n<meta property=\"og:site_name\" content=\"Canarytools S.L.\" \/>\n<meta property=\"og:image\" content=\"https:\/\/mantenimientosinformaticos.net\/canarytools\/wp-content\/uploads\/2021\/02\/1755-REF.9008-Juego-de-calado-de-distribucion-para-Jaguar-Land-Rover-2.7-3.0-TD-V6.jpg\" \/>\n\t<meta property=\"og:image:width\" content=\"311\" \/>\n\t<meta property=\"og:image:height\" content=\"340\" \/>\n\t<meta property=\"og:image:type\" content=\"image\/jpeg\" \/>\n<meta name=\"twitter:card\" content=\"summary_large_image\" \/>\n<meta name=\"twitter:label1\" content=\"Tiempo de lectura\" \/>\n\t<meta name=\"twitter:data1\" content=\"1 minuto\" \/>\n<script type=\"application\/ld+json\" class=\"yoast-schema-graph\">{\"@context\":\"https:\/\/schema.org\",\"@graph\":[{\"@type\":\"WebPage\",\"@id\":\"https:\/\/mantenimientosinformaticos.net\/canarytools\/producto\/ref9008-juego-de-calado-de-distribucion-para-jaguar-land-rover-27-30-td-v6-2\/\",\"url\":\"https:\/\/mantenimientosinformaticos.net\/canarytools\/producto\/ref9008-juego-de-calado-de-distribucion-para-jaguar-land-rover-27-30-td-v6-2\/\",\"name\":\"REF.:9008 Juego de calado de distribuci\u00f3n para Jaguar, Land Rover 2.7, 3.0 TD V6 - Canarytools S.L.\",\"isPartOf\":{\"@id\":\"https:\/\/mantenimientosinformaticos.net\/canarytools\/#website\"},\"primaryImageOfPage\":{\"@id\":\"https:\/\/mantenimientosinformaticos.net\/canarytools\/producto\/ref9008-juego-de-calado-de-distribucion-para-jaguar-land-rover-27-30-td-v6-2\/#primaryimage\"},\"image\":{\"@id\":\"https:\/\/mantenimientosinformaticos.net\/canarytools\/producto\/ref9008-juego-de-calado-de-distribucion-para-jaguar-land-rover-27-30-td-v6-2\/#primaryimage\"},\"thumbnailUrl\":\"https:\/\/mantenimientosinformaticos.net\/canarytools\/wp-content\/uploads\/2021\/02\/1755-REF.9008-Juego-de-calado-de-distribucion-para-Jaguar-Land-Rover-2.7-3.0-TD-V6.jpg\",\"datePublished\":\"2021-02-24T19:26:28+00:00\",\"dateModified\":\"2021-02-24T19:26:28+00:00\",\"breadcrumb\":{\"@id\":\"https:\/\/mantenimientosinformaticos.net\/canarytools\/producto\/ref9008-juego-de-calado-de-distribucion-para-jaguar-land-rover-27-30-td-v6-2\/#breadcrumb\"},\"inLanguage\":\"es\",\"potentialAction\":[{\"@type\":\"ReadAction\",\"target\":[\"https:\/\/mantenimientosinformaticos.net\/canarytools\/producto\/ref9008-juego-de-calado-de-distribucion-para-jaguar-land-rover-27-30-td-v6-2\/\"]}]},{\"@type\":\"ImageObject\",\"inLanguage\":\"es\",\"@id\":\"https:\/\/mantenimientosinformaticos.net\/canarytools\/producto\/ref9008-juego-de-calado-de-distribucion-para-jaguar-land-rover-27-30-td-v6-2\/#primaryimage\",\"url\":\"https:\/\/mantenimientosinformaticos.net\/canarytools\/wp-content\/uploads\/2021\/02\/1755-REF.9008-Juego-de-calado-de-distribucion-para-Jaguar-Land-Rover-2.7-3.0-TD-V6.jpg\",\"contentUrl\":\"https:\/\/mantenimientosinformaticos.net\/canarytools\/wp-content\/uploads\/2021\/02\/1755-REF.9008-Juego-de-calado-de-distribucion-para-Jaguar-Land-Rover-2.7-3.0-TD-V6.jpg\",\"width\":311,\"height\":340,\"caption\":\"REF.:9008 Juego de calado de distribuci\u00f3n para Jaguar, Land Rover 2.7, 3.0 TD V6\"},{\"@type\":\"BreadcrumbList\",\"@id\":\"https:\/\/mantenimientosinformaticos.net\/canarytools\/producto\/ref9008-juego-de-calado-de-distribucion-para-jaguar-land-rover-27-30-td-v6-2\/#breadcrumb\",\"itemListElement\":[{\"@type\":\"ListItem\",\"position\":1,\"name\":\"Portada\",\"item\":\"https:\/\/mantenimientosinformaticos.net\/canarytools\/\"},{\"@type\":\"ListItem\",\"position\":2,\"name\":\"Tienda\",\"item\":\"https:\/\/mantenimientosinformaticos.net\/canarytools\/tienda\/\"},{\"@type\":\"ListItem\",\"position\":3,\"name\":\"REF.:9008 Juego de calado de distribuci\u00f3n para Jaguar, Land Rover 2.7, 3.0 TD V6\"}]},{\"@type\":\"WebSite\",\"@id\":\"https:\/\/mantenimientosinformaticos.net\/canarytools\/#website\",\"url\":\"https:\/\/mantenimientosinformaticos.net\/canarytools\/\",\"name\":\"Canarytools S.L.\",\"description\":\"Herramientas y M\u00e1quinas\",\"publisher\":{\"@id\":\"https:\/\/mantenimientosinformaticos.net\/canarytools\/#\/schema\/person\/355e32754b03bb24b681f1b6917e49bf\"},\"potentialAction\":[{\"@type\":\"SearchAction\",\"target\":{\"@type\":\"EntryPoint\",\"urlTemplate\":\"https:\/\/mantenimientosinformaticos.net\/canarytools\/?s={search_term_string}\"},\"query-input\":\"required name=search_term_string\"}],\"inLanguage\":\"es\"},{\"@type\":[\"Person\",\"Organization\"],\"@id\":\"https:\/\/mantenimientosinformaticos.net\/canarytools\/#\/schema\/person\/355e32754b03bb24b681f1b6917e49bf\",\"name\":\"canarytools.xnetdigital\",\"image\":{\"@type\":\"ImageObject\",\"inLanguage\":\"es\",\"@id\":\"https:\/\/mantenimientosinformaticos.net\/canarytools\/#\/schema\/person\/image\/\",\"url\":\"https:\/\/mantenimientosinformaticos.net\/canarytools\/wp-content\/uploads\/2023\/12\/canary-tools-logo.png\",\"contentUrl\":\"https:\/\/mantenimientosinformaticos.net\/canarytools\/wp-content\/uploads\/2023\/12\/canary-tools-logo.png\",\"width\":1302,\"height\":440,\"caption\":\"canarytools.xnetdigital\"},\"logo\":{\"@id\":\"https:\/\/mantenimientosinformaticos.net\/canarytools\/#\/schema\/person\/image\/\"},\"sameAs\":[\"https:\/\/mantenimientosinformaticos.net\/canarytools\"]}]}<\/script>\n<!-- \/ Yoast SEO plugin. -->","yoast_head_json":{"title":"REF.:9008  Juego de calado de distribuci\u00f3n para Jaguar, Land Rover 2.7, 3.0 TD V6 - Canarytools S.L.","robots":{"index":"index","follow":"follow","max-snippet":"max-snippet:-1","max-image-preview":"max-image-preview:large","max-video-preview":"max-video-preview:-1"},"canonical":"https:\/\/mantenimientosinformaticos.net\/canarytools\/producto\/ref9008-juego-de-calado-de-distribucion-para-jaguar-land-rover-27-30-td-v6-2\/","og_locale":"es_ES","og_type":"article","og_title":"REF.:9008  Juego de calado de distribuci\u00f3n para Jaguar, Land Rover 2.7, 3.0 TD V6 - Canarytools S.L.","og_description":"para el ajuste y control de la sincronizaci\u00f3n del motor necesario para, trabajos en la unidad de v\u00e1lvula y renovaci\u00f3n de la junta de culata adecuado para los siguientes modelos: Citroen C5 III (2007 - 2009), C6 (2005 - 2009) Jaguar S-Type (2004 - 2008), XF (2008 - 2012), XJ (2010 - 2012), XJ6 (2005 - 2010) Range Rover Sport (2005 - 2009) Peugeot 407 (2004 - 2009), 407 Coupe (2006 - 2009), 607 (2004 - 2011) 2.7TD V6 \/ TDVi (276DT) 2.7D HDi (DT17BTED4) (UHZ) 3.0D HDi (D20CTED4) (X8Z) 3.0D SD V6 \/ TD V6 (306DT) (AJ-V6D)","og_url":"https:\/\/mantenimientosinformaticos.net\/canarytools\/producto\/ref9008-juego-de-calado-de-distribucion-para-jaguar-land-rover-27-30-td-v6-2\/","og_site_name":"Canarytools S.L.","og_image":[{"width":311,"height":340,"url":"https:\/\/mantenimientosinformaticos.net\/canarytools\/wp-content\/uploads\/2021\/02\/1755-REF.9008-Juego-de-calado-de-distribucion-para-Jaguar-Land-Rover-2.7-3.0-TD-V6.jpg","type":"image\/jpeg"}],"twitter_card":"summary_large_image","twitter_misc":{"Tiempo de lectura":"1 minuto"},"schema":{"@context":"https:\/\/schema.org","@graph":[{"@type":"WebPage","@id":"https:\/\/mantenimientosinformaticos.net\/canarytools\/producto\/ref9008-juego-de-calado-de-distribucion-para-jaguar-land-rover-27-30-td-v6-2\/","url":"https:\/\/mantenimientosinformaticos.net\/canarytools\/producto\/ref9008-juego-de-calado-de-distribucion-para-jaguar-land-rover-27-30-td-v6-2\/","name":"REF.:9008 Juego de calado de distribuci\u00f3n para Jaguar, Land Rover 2.7, 3.0 TD V6 - Canarytools S.L.","isPartOf":{"@id":"https:\/\/mantenimientosinformaticos.net\/canarytools\/#website"},"primaryImageOfPage":{"@id":"https:\/\/mantenimientosinformaticos.net\/canarytools\/producto\/ref9008-juego-de-calado-de-distribucion-para-jaguar-land-rover-27-30-td-v6-2\/#primaryimage"},"image":{"@id":"https:\/\/mantenimientosinformaticos.net\/canarytools\/producto\/ref9008-juego-de-calado-de-distribucion-para-jaguar-land-rover-27-30-td-v6-2\/#primaryimage"},"thumbnailUrl":"https:\/\/mantenimientosinformaticos.net\/canarytools\/wp-content\/uploads\/2021\/02\/1755-REF.9008-Juego-de-calado-de-distribucion-para-Jaguar-Land-Rover-2.7-3.0-TD-V6.jpg","datePublished":"2021-02-24T19:26:28+00:00","dateModified":"2021-02-24T19:26:28+00:00","breadcrumb":{"@id":"https:\/\/mantenimientosinformaticos.net\/canarytools\/producto\/ref9008-juego-de-calado-de-distribucion-para-jaguar-land-rover-27-30-td-v6-2\/#breadcrumb"},"inLanguage":"es","potentialAction":[{"@type":"ReadAction","target":["https:\/\/mantenimientosinformaticos.net\/canarytools\/producto\/ref9008-juego-de-calado-de-distribucion-para-jaguar-land-rover-27-30-td-v6-2\/"]}]},{"@type":"ImageObject","inLanguage":"es","@id":"https:\/\/mantenimientosinformaticos.net\/canarytools\/producto\/ref9008-juego-de-calado-de-distribucion-para-jaguar-land-rover-27-30-td-v6-2\/#primaryimage","url":"https:\/\/mantenimientosinformaticos.net\/canarytools\/wp-content\/uploads\/2021\/02\/1755-REF.9008-Juego-de-calado-de-distribucion-para-Jaguar-Land-Rover-2.7-3.0-TD-V6.jpg","contentUrl":"https:\/\/mantenimientosinformaticos.net\/canarytools\/wp-content\/uploads\/2021\/02\/1755-REF.9008-Juego-de-calado-de-distribucion-para-Jaguar-Land-Rover-2.7-3.0-TD-V6.jpg","width":311,"height":340,"caption":"REF.:9008 Juego de calado de distribuci\u00f3n para Jaguar, Land Rover 2.7, 3.0 TD V6"},{"@type":"BreadcrumbList","@id":"https:\/\/mantenimientosinformaticos.net\/canarytools\/producto\/ref9008-juego-de-calado-de-distribucion-para-jaguar-land-rover-27-30-td-v6-2\/#breadcrumb","itemListElement":[{"@type":"ListItem","position":1,"name":"Portada","item":"https:\/\/mantenimientosinformaticos.net\/canarytools\/"},{"@type":"ListItem","position":2,"name":"Tienda","item":"https:\/\/mantenimientosinformaticos.net\/canarytools\/tienda\/"},{"@type":"ListItem","position":3,"name":"REF.:9008 Juego de calado de distribuci\u00f3n para Jaguar, Land Rover 2.7, 3.0 TD V6"}]},{"@type":"WebSite","@id":"https:\/\/mantenimientosinformaticos.net\/canarytools\/#website","url":"https:\/\/mantenimientosinformaticos.net\/canarytools\/","name":"Canarytools S.L.","description":"Herramientas y M\u00e1quinas","publisher":{"@id":"https:\/\/mantenimientosinformaticos.net\/canarytools\/#\/schema\/person\/355e32754b03bb24b681f1b6917e49bf"},"potentialAction":[{"@type":"SearchAction","target":{"@type":"EntryPoint","urlTemplate":"https:\/\/mantenimientosinformaticos.net\/canarytools\/?s={search_term_string}"},"query-input":"required name=search_term_string"}],"inLanguage":"es"},{"@type":["Person","Organization"],"@id":"https:\/\/mantenimientosinformaticos.net\/canarytools\/#\/schema\/person\/355e32754b03bb24b681f1b6917e49bf","name":"canarytools.xnetdigital","image":{"@type":"ImageObject","inLanguage":"es","@id":"https:\/\/mantenimientosinformaticos.net\/canarytools\/#\/schema\/person\/image\/","url":"https:\/\/mantenimientosinformaticos.net\/canarytools\/wp-content\/uploads\/2023\/12\/canary-tools-logo.png","contentUrl":"https:\/\/mantenimientosinformaticos.net\/canarytools\/wp-content\/uploads\/2023\/12\/canary-tools-logo.png","width":1302,"height":440,"caption":"canarytools.xnetdigital"},"logo":{"@id":"https:\/\/mantenimientosinformaticos.net\/canarytools\/#\/schema\/person\/image\/"},"sameAs":["https:\/\/mantenimientosinformaticos.net\/canarytools"]}]}},"_links":{"self":[{"href":"https:\/\/mantenimientosinformaticos.net\/canarytools\/wp-json\/wp\/v2\/product\/7450","targetHints":{"allow":["GET"]}}],"collection":[{"href":"https:\/\/mantenimientosinformaticos.net\/canarytools\/wp-json\/wp\/v2\/product"}],"about":[{"href":"https:\/\/mantenimientosinformaticos.net\/canarytools\/wp-json\/wp\/v2\/types\/product"}],"replies":[{"embeddable":true,"href":"https:\/\/mantenimientosinformaticos.net\/canarytools\/wp-json\/wp\/v2\/comments?post=7450"}],"wp:featuredmedia":[{"embeddable":true,"href":"https:\/\/mantenimientosinformaticos.net\/canarytools\/wp-json\/wp\/v2\/media\/7448"}],"wp:attachment":[{"href":"https:\/\/mantenimientosinformaticos.net\/canarytools\/wp-json\/wp\/v2\/media?parent=7450"}],"wp:term":[{"taxonomy":"product_cat","embeddable":true,"href":"https:\/\/mantenimientosinformaticos.net\/canarytools\/wp-json\/wp\/v2\/product_cat?post=7450"},{"taxonomy":"product_tag","embeddable":true,"href":"https:\/\/mantenimientosinformaticos.net\/canarytools\/wp-json\/wp\/v2\/product_tag?post=7450"}],"curies":[{"name":"wp","href":"https:\/\/api.w.org\/{rel}","templated":true}]}}