{"id":7447,"date":"2021-02-24T20:23:19","date_gmt":"2021-02-24T19:23:19","guid":{"rendered":"https:\/\/mantenimientosinformaticos.net\/canarytools\/producto\/ref8936-alicates-especiales-de-bloqueo-de-anillos-de-seguridad-215-mm-2\/"},"modified":"2021-02-24T20:23:19","modified_gmt":"2021-02-24T19:23:19","slug":"ref8936-alicates-especiales-de-bloqueo-de-anillos-de-seguridad-215-mm-2","status":"publish","type":"product","link":"https:\/\/mantenimientosinformaticos.net\/canarytools\/producto\/ref8936-alicates-especiales-de-bloqueo-de-anillos-de-seguridad-215-mm-2\/","title":{"rendered":"REF.:8936    Alicates especiales de bloqueo de anillos de seguridad 215 mm"},"content":{"rendered":"","protected":false},"excerpt":{"rendered":"<ul style=\"margin:0px 0px 20px;list-style:none;padding:0px;color:#58595b;font-family:'PT Sans', 'Helvetica Neue', Helvetica, Arial, sans-serif;font-size:14px;background-color:#ffffff;\">\n<li>permite desmontar \/ montar anillos de seguridad sin ojales<\/li>\n<li>adecuado por ej. para anillos de seguridad en los rodamientos de Citroen<\/li>\n<li>el dise\u00f1o especial de las puntas de las pinzas permite un f\u00e1cil desmontaje<\/li>\n<li>ancho de apertura m\u00e1x. 41 mm<\/li>\n<\/ul>\n","protected":false},"featured_media":7445,"comment_status":"open","ping_status":"closed","template":"","meta":[],"product_cat":[490,511,495],"product_tag":[],"class_list":{"0":"post-7447","1":"product","2":"type-product","3":"status-publish","4":"has-post-thumbnail","6":"product_cat-inicio","7":"product_cat-alicantes-tenazas-pinzas","8":"product_cat-herramientas-manuales","10":"first","11":"instock","12":"shipping-taxable","13":"purchasable","14":"product-type-simple"},"yoast_head":"<!-- This site is optimized with the Yoast SEO plugin v22.7 - https:\/\/yoast.com\/wordpress\/plugins\/seo\/ -->\n<title>REF.:8936  Alicates especiales de bloqueo de anillos de seguridad 215 mm - Canarytools S.L.<\/title>\n<meta name=\"robots\" content=\"index, follow, max-snippet:-1, max-image-preview:large, max-video-preview:-1\" \/>\n<link rel=\"canonical\" href=\"https:\/\/mantenimientosinformaticos.net\/canarytools\/producto\/ref8936-alicates-especiales-de-bloqueo-de-anillos-de-seguridad-215-mm-2\/\" \/>\n<meta property=\"og:locale\" content=\"es_ES\" \/>\n<meta property=\"og:type\" content=\"article\" \/>\n<meta property=\"og:title\" content=\"REF.:8936  Alicates especiales de bloqueo de anillos de seguridad 215 mm - Canarytools S.L.\" \/>\n<meta property=\"og:description\" content=\"permite desmontar \/ montar anillos de seguridad sin ojales adecuado por ej. para anillos de seguridad en los rodamientos de Citroen el dise\u00f1o especial de las puntas de las pinzas permite un f\u00e1cil desmontaje ancho de apertura m\u00e1x. 41 mm\" \/>\n<meta property=\"og:url\" content=\"https:\/\/mantenimientosinformaticos.net\/canarytools\/producto\/ref8936-alicates-especiales-de-bloqueo-de-anillos-de-seguridad-215-mm-2\/\" \/>\n<meta property=\"og:site_name\" content=\"Canarytools S.L.\" \/>\n<meta property=\"og:image\" content=\"https:\/\/mantenimientosinformaticos.net\/canarytools\/wp-content\/uploads\/2021\/02\/1754-REF.8936-Alicates-especiales-de-bloqueo-de-anillos-de-seguridad-215-mm.jpg\" \/>\n\t<meta property=\"og:image:width\" content=\"540\" \/>\n\t<meta property=\"og:image:height\" content=\"286\" \/>\n\t<meta property=\"og:image:type\" content=\"image\/jpeg\" \/>\n<meta name=\"twitter:card\" content=\"summary_large_image\" \/>\n<script type=\"application\/ld+json\" class=\"yoast-schema-graph\">{\"@context\":\"https:\/\/schema.org\",\"@graph\":[{\"@type\":\"WebPage\",\"@id\":\"https:\/\/mantenimientosinformaticos.net\/canarytools\/producto\/ref8936-alicates-especiales-de-bloqueo-de-anillos-de-seguridad-215-mm-2\/\",\"url\":\"https:\/\/mantenimientosinformaticos.net\/canarytools\/producto\/ref8936-alicates-especiales-de-bloqueo-de-anillos-de-seguridad-215-mm-2\/\",\"name\":\"REF.:8936 Alicates especiales de bloqueo de anillos de seguridad 215 mm - Canarytools S.L.\",\"isPartOf\":{\"@id\":\"https:\/\/mantenimientosinformaticos.net\/canarytools\/#website\"},\"primaryImageOfPage\":{\"@id\":\"https:\/\/mantenimientosinformaticos.net\/canarytools\/producto\/ref8936-alicates-especiales-de-bloqueo-de-anillos-de-seguridad-215-mm-2\/#primaryimage\"},\"image\":{\"@id\":\"https:\/\/mantenimientosinformaticos.net\/canarytools\/producto\/ref8936-alicates-especiales-de-bloqueo-de-anillos-de-seguridad-215-mm-2\/#primaryimage\"},\"thumbnailUrl\":\"https:\/\/mantenimientosinformaticos.net\/canarytools\/wp-content\/uploads\/2021\/02\/1754-REF.8936-Alicates-especiales-de-bloqueo-de-anillos-de-seguridad-215-mm.jpg\",\"datePublished\":\"2021-02-24T19:23:19+00:00\",\"dateModified\":\"2021-02-24T19:23:19+00:00\",\"breadcrumb\":{\"@id\":\"https:\/\/mantenimientosinformaticos.net\/canarytools\/producto\/ref8936-alicates-especiales-de-bloqueo-de-anillos-de-seguridad-215-mm-2\/#breadcrumb\"},\"inLanguage\":\"es\",\"potentialAction\":[{\"@type\":\"ReadAction\",\"target\":[\"https:\/\/mantenimientosinformaticos.net\/canarytools\/producto\/ref8936-alicates-especiales-de-bloqueo-de-anillos-de-seguridad-215-mm-2\/\"]}]},{\"@type\":\"ImageObject\",\"inLanguage\":\"es\",\"@id\":\"https:\/\/mantenimientosinformaticos.net\/canarytools\/producto\/ref8936-alicates-especiales-de-bloqueo-de-anillos-de-seguridad-215-mm-2\/#primaryimage\",\"url\":\"https:\/\/mantenimientosinformaticos.net\/canarytools\/wp-content\/uploads\/2021\/02\/1754-REF.8936-Alicates-especiales-de-bloqueo-de-anillos-de-seguridad-215-mm.jpg\",\"contentUrl\":\"https:\/\/mantenimientosinformaticos.net\/canarytools\/wp-content\/uploads\/2021\/02\/1754-REF.8936-Alicates-especiales-de-bloqueo-de-anillos-de-seguridad-215-mm.jpg\",\"width\":540,\"height\":286,\"caption\":\"REF.:8936 Alicates especiales de bloqueo de anillos de seguridad 215 mm\"},{\"@type\":\"BreadcrumbList\",\"@id\":\"https:\/\/mantenimientosinformaticos.net\/canarytools\/producto\/ref8936-alicates-especiales-de-bloqueo-de-anillos-de-seguridad-215-mm-2\/#breadcrumb\",\"itemListElement\":[{\"@type\":\"ListItem\",\"position\":1,\"name\":\"Portada\",\"item\":\"https:\/\/mantenimientosinformaticos.net\/canarytools\/\"},{\"@type\":\"ListItem\",\"position\":2,\"name\":\"Tienda\",\"item\":\"https:\/\/mantenimientosinformaticos.net\/canarytools\/tienda\/\"},{\"@type\":\"ListItem\",\"position\":3,\"name\":\"REF.:8936 Alicates especiales de bloqueo de anillos de seguridad 215 mm\"}]},{\"@type\":\"WebSite\",\"@id\":\"https:\/\/mantenimientosinformaticos.net\/canarytools\/#website\",\"url\":\"https:\/\/mantenimientosinformaticos.net\/canarytools\/\",\"name\":\"Canarytools S.L.\",\"description\":\"Herramientas y M\u00e1quinas\",\"publisher\":{\"@id\":\"https:\/\/mantenimientosinformaticos.net\/canarytools\/#\/schema\/person\/355e32754b03bb24b681f1b6917e49bf\"},\"potentialAction\":[{\"@type\":\"SearchAction\",\"target\":{\"@type\":\"EntryPoint\",\"urlTemplate\":\"https:\/\/mantenimientosinformaticos.net\/canarytools\/?s={search_term_string}\"},\"query-input\":\"required name=search_term_string\"}],\"inLanguage\":\"es\"},{\"@type\":[\"Person\",\"Organization\"],\"@id\":\"https:\/\/mantenimientosinformaticos.net\/canarytools\/#\/schema\/person\/355e32754b03bb24b681f1b6917e49bf\",\"name\":\"canarytools.xnetdigital\",\"image\":{\"@type\":\"ImageObject\",\"inLanguage\":\"es\",\"@id\":\"https:\/\/mantenimientosinformaticos.net\/canarytools\/#\/schema\/person\/image\/\",\"url\":\"https:\/\/mantenimientosinformaticos.net\/canarytools\/wp-content\/uploads\/2023\/12\/canary-tools-logo.png\",\"contentUrl\":\"https:\/\/mantenimientosinformaticos.net\/canarytools\/wp-content\/uploads\/2023\/12\/canary-tools-logo.png\",\"width\":1302,\"height\":440,\"caption\":\"canarytools.xnetdigital\"},\"logo\":{\"@id\":\"https:\/\/mantenimientosinformaticos.net\/canarytools\/#\/schema\/person\/image\/\"},\"sameAs\":[\"https:\/\/mantenimientosinformaticos.net\/canarytools\"]}]}<\/script>\n<!-- \/ Yoast SEO plugin. -->","yoast_head_json":{"title":"REF.:8936  Alicates especiales de bloqueo de anillos de seguridad 215 mm - Canarytools S.L.","robots":{"index":"index","follow":"follow","max-snippet":"max-snippet:-1","max-image-preview":"max-image-preview:large","max-video-preview":"max-video-preview:-1"},"canonical":"https:\/\/mantenimientosinformaticos.net\/canarytools\/producto\/ref8936-alicates-especiales-de-bloqueo-de-anillos-de-seguridad-215-mm-2\/","og_locale":"es_ES","og_type":"article","og_title":"REF.:8936  Alicates especiales de bloqueo de anillos de seguridad 215 mm - Canarytools S.L.","og_description":"permite desmontar \/ montar anillos de seguridad sin ojales adecuado por ej. para anillos de seguridad en los rodamientos de Citroen el dise\u00f1o especial de las puntas de las pinzas permite un f\u00e1cil desmontaje ancho de apertura m\u00e1x. 41 mm","og_url":"https:\/\/mantenimientosinformaticos.net\/canarytools\/producto\/ref8936-alicates-especiales-de-bloqueo-de-anillos-de-seguridad-215-mm-2\/","og_site_name":"Canarytools S.L.","og_image":[{"width":540,"height":286,"url":"https:\/\/mantenimientosinformaticos.net\/canarytools\/wp-content\/uploads\/2021\/02\/1754-REF.8936-Alicates-especiales-de-bloqueo-de-anillos-de-seguridad-215-mm.jpg","type":"image\/jpeg"}],"twitter_card":"summary_large_image","schema":{"@context":"https:\/\/schema.org","@graph":[{"@type":"WebPage","@id":"https:\/\/mantenimientosinformaticos.net\/canarytools\/producto\/ref8936-alicates-especiales-de-bloqueo-de-anillos-de-seguridad-215-mm-2\/","url":"https:\/\/mantenimientosinformaticos.net\/canarytools\/producto\/ref8936-alicates-especiales-de-bloqueo-de-anillos-de-seguridad-215-mm-2\/","name":"REF.:8936 Alicates especiales de bloqueo de anillos de seguridad 215 mm - Canarytools S.L.","isPartOf":{"@id":"https:\/\/mantenimientosinformaticos.net\/canarytools\/#website"},"primaryImageOfPage":{"@id":"https:\/\/mantenimientosinformaticos.net\/canarytools\/producto\/ref8936-alicates-especiales-de-bloqueo-de-anillos-de-seguridad-215-mm-2\/#primaryimage"},"image":{"@id":"https:\/\/mantenimientosinformaticos.net\/canarytools\/producto\/ref8936-alicates-especiales-de-bloqueo-de-anillos-de-seguridad-215-mm-2\/#primaryimage"},"thumbnailUrl":"https:\/\/mantenimientosinformaticos.net\/canarytools\/wp-content\/uploads\/2021\/02\/1754-REF.8936-Alicates-especiales-de-bloqueo-de-anillos-de-seguridad-215-mm.jpg","datePublished":"2021-02-24T19:23:19+00:00","dateModified":"2021-02-24T19:23:19+00:00","breadcrumb":{"@id":"https:\/\/mantenimientosinformaticos.net\/canarytools\/producto\/ref8936-alicates-especiales-de-bloqueo-de-anillos-de-seguridad-215-mm-2\/#breadcrumb"},"inLanguage":"es","potentialAction":[{"@type":"ReadAction","target":["https:\/\/mantenimientosinformaticos.net\/canarytools\/producto\/ref8936-alicates-especiales-de-bloqueo-de-anillos-de-seguridad-215-mm-2\/"]}]},{"@type":"ImageObject","inLanguage":"es","@id":"https:\/\/mantenimientosinformaticos.net\/canarytools\/producto\/ref8936-alicates-especiales-de-bloqueo-de-anillos-de-seguridad-215-mm-2\/#primaryimage","url":"https:\/\/mantenimientosinformaticos.net\/canarytools\/wp-content\/uploads\/2021\/02\/1754-REF.8936-Alicates-especiales-de-bloqueo-de-anillos-de-seguridad-215-mm.jpg","contentUrl":"https:\/\/mantenimientosinformaticos.net\/canarytools\/wp-content\/uploads\/2021\/02\/1754-REF.8936-Alicates-especiales-de-bloqueo-de-anillos-de-seguridad-215-mm.jpg","width":540,"height":286,"caption":"REF.:8936 Alicates especiales de bloqueo de anillos de seguridad 215 mm"},{"@type":"BreadcrumbList","@id":"https:\/\/mantenimientosinformaticos.net\/canarytools\/producto\/ref8936-alicates-especiales-de-bloqueo-de-anillos-de-seguridad-215-mm-2\/#breadcrumb","itemListElement":[{"@type":"ListItem","position":1,"name":"Portada","item":"https:\/\/mantenimientosinformaticos.net\/canarytools\/"},{"@type":"ListItem","position":2,"name":"Tienda","item":"https:\/\/mantenimientosinformaticos.net\/canarytools\/tienda\/"},{"@type":"ListItem","position":3,"name":"REF.:8936 Alicates especiales de bloqueo de anillos de seguridad 215 mm"}]},{"@type":"WebSite","@id":"https:\/\/mantenimientosinformaticos.net\/canarytools\/#website","url":"https:\/\/mantenimientosinformaticos.net\/canarytools\/","name":"Canarytools S.L.","description":"Herramientas y M\u00e1quinas","publisher":{"@id":"https:\/\/mantenimientosinformaticos.net\/canarytools\/#\/schema\/person\/355e32754b03bb24b681f1b6917e49bf"},"potentialAction":[{"@type":"SearchAction","target":{"@type":"EntryPoint","urlTemplate":"https:\/\/mantenimientosinformaticos.net\/canarytools\/?s={search_term_string}"},"query-input":"required name=search_term_string"}],"inLanguage":"es"},{"@type":["Person","Organization"],"@id":"https:\/\/mantenimientosinformaticos.net\/canarytools\/#\/schema\/person\/355e32754b03bb24b681f1b6917e49bf","name":"canarytools.xnetdigital","image":{"@type":"ImageObject","inLanguage":"es","@id":"https:\/\/mantenimientosinformaticos.net\/canarytools\/#\/schema\/person\/image\/","url":"https:\/\/mantenimientosinformaticos.net\/canarytools\/wp-content\/uploads\/2023\/12\/canary-tools-logo.png","contentUrl":"https:\/\/mantenimientosinformaticos.net\/canarytools\/wp-content\/uploads\/2023\/12\/canary-tools-logo.png","width":1302,"height":440,"caption":"canarytools.xnetdigital"},"logo":{"@id":"https:\/\/mantenimientosinformaticos.net\/canarytools\/#\/schema\/person\/image\/"},"sameAs":["https:\/\/mantenimientosinformaticos.net\/canarytools"]}]}},"_links":{"self":[{"href":"https:\/\/mantenimientosinformaticos.net\/canarytools\/wp-json\/wp\/v2\/product\/7447","targetHints":{"allow":["GET"]}}],"collection":[{"href":"https:\/\/mantenimientosinformaticos.net\/canarytools\/wp-json\/wp\/v2\/product"}],"about":[{"href":"https:\/\/mantenimientosinformaticos.net\/canarytools\/wp-json\/wp\/v2\/types\/product"}],"replies":[{"embeddable":true,"href":"https:\/\/mantenimientosinformaticos.net\/canarytools\/wp-json\/wp\/v2\/comments?post=7447"}],"wp:featuredmedia":[{"embeddable":true,"href":"https:\/\/mantenimientosinformaticos.net\/canarytools\/wp-json\/wp\/v2\/media\/7445"}],"wp:attachment":[{"href":"https:\/\/mantenimientosinformaticos.net\/canarytools\/wp-json\/wp\/v2\/media?parent=7447"}],"wp:term":[{"taxonomy":"product_cat","embeddable":true,"href":"https:\/\/mantenimientosinformaticos.net\/canarytools\/wp-json\/wp\/v2\/product_cat?post=7447"},{"taxonomy":"product_tag","embeddable":true,"href":"https:\/\/mantenimientosinformaticos.net\/canarytools\/wp-json\/wp\/v2\/product_tag?post=7447"}],"curies":[{"name":"wp","href":"https:\/\/api.w.org\/{rel}","templated":true}]}}