{"id":7438,"date":"2021-02-24T20:13:05","date_gmt":"2021-02-24T19:13:05","guid":{"rendered":"https:\/\/mantenimientosinformaticos.net\/canarytools\/producto\/ref118-doble-gancho-articulado-para-la-extraccion-de-anillos-de-sellado-radiales-2\/"},"modified":"2021-02-24T20:13:05","modified_gmt":"2021-02-24T19:13:05","slug":"ref118-doble-gancho-articulado-para-la-extraccion-de-anillos-de-sellado-radiales-2","status":"publish","type":"product","link":"https:\/\/mantenimientosinformaticos.net\/canarytools\/producto\/ref118-doble-gancho-articulado-para-la-extraccion-de-anillos-de-sellado-radiales-2\/","title":{"rendered":"REF.:118   Doble gancho articulado para la extracci\u00f3n de anillos de sellado radiales"},"content":{"rendered":"","protected":false},"excerpt":{"rendered":"<ul style=\"margin:0px 0px 20px;list-style:none;padding:0px;color:#58595b;font-family:'PT Sans', 'Helvetica Neue', Helvetica, Arial, sans-serif;font-size:14px;background-color:#ffffff;\">\n<li>desmontaje f\u00e1cil y r\u00e1pido de anillos de sellado radiales con brazo de palanca de 320 mm de largo<\/li>\n<li>palanca torsionable y bloqueable en 5 posiciones hasta 45\u00b0 en ambos sentidos<\/li>\n<li>larga vida \u00fatil debido a su inserto de palanca endurecido<\/li>\n<li>mango recubierto<\/li>\n<\/ul>\n","protected":false},"featured_media":7435,"comment_status":"open","ping_status":"closed","template":"","meta":[],"product_cat":[491,553],"product_tag":[],"class_list":{"0":"post-7438","1":"product","2":"type-product","3":"status-publish","4":"has-post-thumbnail","6":"product_cat-herramientas-especiales-para-automoviles","7":"product_cat-otras-herramientas-especiales","9":"first","10":"onbackorder","11":"shipping-taxable","12":"purchasable","13":"product-type-simple"},"yoast_head":"<!-- This site is optimized with the Yoast SEO plugin v22.7 - https:\/\/yoast.com\/wordpress\/plugins\/seo\/ -->\n<title>REF.:118  Doble gancho articulado para la extracci\u00f3n de anillos de sellado radiales - Canarytools S.L.<\/title>\n<meta name=\"robots\" content=\"index, follow, max-snippet:-1, max-image-preview:large, max-video-preview:-1\" \/>\n<link rel=\"canonical\" href=\"https:\/\/mantenimientosinformaticos.net\/canarytools\/producto\/ref118-doble-gancho-articulado-para-la-extraccion-de-anillos-de-sellado-radiales-2\/\" \/>\n<meta property=\"og:locale\" content=\"es_ES\" \/>\n<meta property=\"og:type\" content=\"article\" \/>\n<meta property=\"og:title\" content=\"REF.:118  Doble gancho articulado para la extracci\u00f3n de anillos de sellado radiales - Canarytools S.L.\" \/>\n<meta property=\"og:description\" content=\"desmontaje f\u00e1cil y r\u00e1pido de anillos de sellado radiales con brazo de palanca de 320 mm de largo palanca torsionable y bloqueable en 5 posiciones hasta 45\u00b0 en ambos sentidos larga vida \u00fatil debido a su inserto de palanca endurecido mango recubierto\" \/>\n<meta property=\"og:url\" content=\"https:\/\/mantenimientosinformaticos.net\/canarytools\/producto\/ref118-doble-gancho-articulado-para-la-extraccion-de-anillos-de-sellado-radiales-2\/\" \/>\n<meta property=\"og:site_name\" content=\"Canarytools S.L.\" \/>\n<meta property=\"og:image\" content=\"https:\/\/mantenimientosinformaticos.net\/canarytools\/wp-content\/uploads\/2021\/02\/1751-REF.118-Doble-gancho-articulado-para-la-extraccion-de-anillos-de-sellado-radiales.jpg\" \/>\n\t<meta property=\"og:image:width\" content=\"450\" \/>\n\t<meta property=\"og:image:height\" content=\"340\" \/>\n\t<meta property=\"og:image:type\" content=\"image\/jpeg\" \/>\n<meta name=\"twitter:card\" content=\"summary_large_image\" \/>\n<script type=\"application\/ld+json\" class=\"yoast-schema-graph\">{\"@context\":\"https:\/\/schema.org\",\"@graph\":[{\"@type\":\"WebPage\",\"@id\":\"https:\/\/mantenimientosinformaticos.net\/canarytools\/producto\/ref118-doble-gancho-articulado-para-la-extraccion-de-anillos-de-sellado-radiales-2\/\",\"url\":\"https:\/\/mantenimientosinformaticos.net\/canarytools\/producto\/ref118-doble-gancho-articulado-para-la-extraccion-de-anillos-de-sellado-radiales-2\/\",\"name\":\"REF.:118 Doble gancho articulado para la extracci\u00f3n de anillos de sellado radiales - Canarytools S.L.\",\"isPartOf\":{\"@id\":\"https:\/\/mantenimientosinformaticos.net\/canarytools\/#website\"},\"primaryImageOfPage\":{\"@id\":\"https:\/\/mantenimientosinformaticos.net\/canarytools\/producto\/ref118-doble-gancho-articulado-para-la-extraccion-de-anillos-de-sellado-radiales-2\/#primaryimage\"},\"image\":{\"@id\":\"https:\/\/mantenimientosinformaticos.net\/canarytools\/producto\/ref118-doble-gancho-articulado-para-la-extraccion-de-anillos-de-sellado-radiales-2\/#primaryimage\"},\"thumbnailUrl\":\"https:\/\/mantenimientosinformaticos.net\/canarytools\/wp-content\/uploads\/2021\/02\/1751-REF.118-Doble-gancho-articulado-para-la-extraccion-de-anillos-de-sellado-radiales.jpg\",\"datePublished\":\"2021-02-24T19:13:05+00:00\",\"dateModified\":\"2021-02-24T19:13:05+00:00\",\"breadcrumb\":{\"@id\":\"https:\/\/mantenimientosinformaticos.net\/canarytools\/producto\/ref118-doble-gancho-articulado-para-la-extraccion-de-anillos-de-sellado-radiales-2\/#breadcrumb\"},\"inLanguage\":\"es\",\"potentialAction\":[{\"@type\":\"ReadAction\",\"target\":[\"https:\/\/mantenimientosinformaticos.net\/canarytools\/producto\/ref118-doble-gancho-articulado-para-la-extraccion-de-anillos-de-sellado-radiales-2\/\"]}]},{\"@type\":\"ImageObject\",\"inLanguage\":\"es\",\"@id\":\"https:\/\/mantenimientosinformaticos.net\/canarytools\/producto\/ref118-doble-gancho-articulado-para-la-extraccion-de-anillos-de-sellado-radiales-2\/#primaryimage\",\"url\":\"https:\/\/mantenimientosinformaticos.net\/canarytools\/wp-content\/uploads\/2021\/02\/1751-REF.118-Doble-gancho-articulado-para-la-extraccion-de-anillos-de-sellado-radiales.jpg\",\"contentUrl\":\"https:\/\/mantenimientosinformaticos.net\/canarytools\/wp-content\/uploads\/2021\/02\/1751-REF.118-Doble-gancho-articulado-para-la-extraccion-de-anillos-de-sellado-radiales.jpg\",\"width\":450,\"height\":340,\"caption\":\"REF.:118 Doble gancho articulado para la extracci\u00f3n de anillos de sellado radiales\"},{\"@type\":\"BreadcrumbList\",\"@id\":\"https:\/\/mantenimientosinformaticos.net\/canarytools\/producto\/ref118-doble-gancho-articulado-para-la-extraccion-de-anillos-de-sellado-radiales-2\/#breadcrumb\",\"itemListElement\":[{\"@type\":\"ListItem\",\"position\":1,\"name\":\"Portada\",\"item\":\"https:\/\/mantenimientosinformaticos.net\/canarytools\/\"},{\"@type\":\"ListItem\",\"position\":2,\"name\":\"Tienda\",\"item\":\"https:\/\/mantenimientosinformaticos.net\/canarytools\/tienda\/\"},{\"@type\":\"ListItem\",\"position\":3,\"name\":\"REF.:118 Doble gancho articulado para la extracci\u00f3n de anillos de sellado radiales\"}]},{\"@type\":\"WebSite\",\"@id\":\"https:\/\/mantenimientosinformaticos.net\/canarytools\/#website\",\"url\":\"https:\/\/mantenimientosinformaticos.net\/canarytools\/\",\"name\":\"Canarytools S.L.\",\"description\":\"Herramientas y M\u00e1quinas\",\"publisher\":{\"@id\":\"https:\/\/mantenimientosinformaticos.net\/canarytools\/#\/schema\/person\/355e32754b03bb24b681f1b6917e49bf\"},\"potentialAction\":[{\"@type\":\"SearchAction\",\"target\":{\"@type\":\"EntryPoint\",\"urlTemplate\":\"https:\/\/mantenimientosinformaticos.net\/canarytools\/?s={search_term_string}\"},\"query-input\":\"required name=search_term_string\"}],\"inLanguage\":\"es\"},{\"@type\":[\"Person\",\"Organization\"],\"@id\":\"https:\/\/mantenimientosinformaticos.net\/canarytools\/#\/schema\/person\/355e32754b03bb24b681f1b6917e49bf\",\"name\":\"canarytools.xnetdigital\",\"image\":{\"@type\":\"ImageObject\",\"inLanguage\":\"es\",\"@id\":\"https:\/\/mantenimientosinformaticos.net\/canarytools\/#\/schema\/person\/image\/\",\"url\":\"https:\/\/mantenimientosinformaticos.net\/canarytools\/wp-content\/uploads\/2023\/12\/canary-tools-logo.png\",\"contentUrl\":\"https:\/\/mantenimientosinformaticos.net\/canarytools\/wp-content\/uploads\/2023\/12\/canary-tools-logo.png\",\"width\":1302,\"height\":440,\"caption\":\"canarytools.xnetdigital\"},\"logo\":{\"@id\":\"https:\/\/mantenimientosinformaticos.net\/canarytools\/#\/schema\/person\/image\/\"},\"sameAs\":[\"https:\/\/mantenimientosinformaticos.net\/canarytools\"]}]}<\/script>\n<!-- \/ Yoast SEO plugin. -->","yoast_head_json":{"title":"REF.:118  Doble gancho articulado para la extracci\u00f3n de anillos de sellado radiales - Canarytools S.L.","robots":{"index":"index","follow":"follow","max-snippet":"max-snippet:-1","max-image-preview":"max-image-preview:large","max-video-preview":"max-video-preview:-1"},"canonical":"https:\/\/mantenimientosinformaticos.net\/canarytools\/producto\/ref118-doble-gancho-articulado-para-la-extraccion-de-anillos-de-sellado-radiales-2\/","og_locale":"es_ES","og_type":"article","og_title":"REF.:118  Doble gancho articulado para la extracci\u00f3n de anillos de sellado radiales - Canarytools S.L.","og_description":"desmontaje f\u00e1cil y r\u00e1pido de anillos de sellado radiales con brazo de palanca de 320 mm de largo palanca torsionable y bloqueable en 5 posiciones hasta 45\u00b0 en ambos sentidos larga vida \u00fatil debido a su inserto de palanca endurecido mango recubierto","og_url":"https:\/\/mantenimientosinformaticos.net\/canarytools\/producto\/ref118-doble-gancho-articulado-para-la-extraccion-de-anillos-de-sellado-radiales-2\/","og_site_name":"Canarytools S.L.","og_image":[{"width":450,"height":340,"url":"https:\/\/mantenimientosinformaticos.net\/canarytools\/wp-content\/uploads\/2021\/02\/1751-REF.118-Doble-gancho-articulado-para-la-extraccion-de-anillos-de-sellado-radiales.jpg","type":"image\/jpeg"}],"twitter_card":"summary_large_image","schema":{"@context":"https:\/\/schema.org","@graph":[{"@type":"WebPage","@id":"https:\/\/mantenimientosinformaticos.net\/canarytools\/producto\/ref118-doble-gancho-articulado-para-la-extraccion-de-anillos-de-sellado-radiales-2\/","url":"https:\/\/mantenimientosinformaticos.net\/canarytools\/producto\/ref118-doble-gancho-articulado-para-la-extraccion-de-anillos-de-sellado-radiales-2\/","name":"REF.:118 Doble gancho articulado para la extracci\u00f3n de anillos de sellado radiales - Canarytools S.L.","isPartOf":{"@id":"https:\/\/mantenimientosinformaticos.net\/canarytools\/#website"},"primaryImageOfPage":{"@id":"https:\/\/mantenimientosinformaticos.net\/canarytools\/producto\/ref118-doble-gancho-articulado-para-la-extraccion-de-anillos-de-sellado-radiales-2\/#primaryimage"},"image":{"@id":"https:\/\/mantenimientosinformaticos.net\/canarytools\/producto\/ref118-doble-gancho-articulado-para-la-extraccion-de-anillos-de-sellado-radiales-2\/#primaryimage"},"thumbnailUrl":"https:\/\/mantenimientosinformaticos.net\/canarytools\/wp-content\/uploads\/2021\/02\/1751-REF.118-Doble-gancho-articulado-para-la-extraccion-de-anillos-de-sellado-radiales.jpg","datePublished":"2021-02-24T19:13:05+00:00","dateModified":"2021-02-24T19:13:05+00:00","breadcrumb":{"@id":"https:\/\/mantenimientosinformaticos.net\/canarytools\/producto\/ref118-doble-gancho-articulado-para-la-extraccion-de-anillos-de-sellado-radiales-2\/#breadcrumb"},"inLanguage":"es","potentialAction":[{"@type":"ReadAction","target":["https:\/\/mantenimientosinformaticos.net\/canarytools\/producto\/ref118-doble-gancho-articulado-para-la-extraccion-de-anillos-de-sellado-radiales-2\/"]}]},{"@type":"ImageObject","inLanguage":"es","@id":"https:\/\/mantenimientosinformaticos.net\/canarytools\/producto\/ref118-doble-gancho-articulado-para-la-extraccion-de-anillos-de-sellado-radiales-2\/#primaryimage","url":"https:\/\/mantenimientosinformaticos.net\/canarytools\/wp-content\/uploads\/2021\/02\/1751-REF.118-Doble-gancho-articulado-para-la-extraccion-de-anillos-de-sellado-radiales.jpg","contentUrl":"https:\/\/mantenimientosinformaticos.net\/canarytools\/wp-content\/uploads\/2021\/02\/1751-REF.118-Doble-gancho-articulado-para-la-extraccion-de-anillos-de-sellado-radiales.jpg","width":450,"height":340,"caption":"REF.:118 Doble gancho articulado para la extracci\u00f3n de anillos de sellado radiales"},{"@type":"BreadcrumbList","@id":"https:\/\/mantenimientosinformaticos.net\/canarytools\/producto\/ref118-doble-gancho-articulado-para-la-extraccion-de-anillos-de-sellado-radiales-2\/#breadcrumb","itemListElement":[{"@type":"ListItem","position":1,"name":"Portada","item":"https:\/\/mantenimientosinformaticos.net\/canarytools\/"},{"@type":"ListItem","position":2,"name":"Tienda","item":"https:\/\/mantenimientosinformaticos.net\/canarytools\/tienda\/"},{"@type":"ListItem","position":3,"name":"REF.:118 Doble gancho articulado para la extracci\u00f3n de anillos de sellado radiales"}]},{"@type":"WebSite","@id":"https:\/\/mantenimientosinformaticos.net\/canarytools\/#website","url":"https:\/\/mantenimientosinformaticos.net\/canarytools\/","name":"Canarytools S.L.","description":"Herramientas y M\u00e1quinas","publisher":{"@id":"https:\/\/mantenimientosinformaticos.net\/canarytools\/#\/schema\/person\/355e32754b03bb24b681f1b6917e49bf"},"potentialAction":[{"@type":"SearchAction","target":{"@type":"EntryPoint","urlTemplate":"https:\/\/mantenimientosinformaticos.net\/canarytools\/?s={search_term_string}"},"query-input":"required name=search_term_string"}],"inLanguage":"es"},{"@type":["Person","Organization"],"@id":"https:\/\/mantenimientosinformaticos.net\/canarytools\/#\/schema\/person\/355e32754b03bb24b681f1b6917e49bf","name":"canarytools.xnetdigital","image":{"@type":"ImageObject","inLanguage":"es","@id":"https:\/\/mantenimientosinformaticos.net\/canarytools\/#\/schema\/person\/image\/","url":"https:\/\/mantenimientosinformaticos.net\/canarytools\/wp-content\/uploads\/2023\/12\/canary-tools-logo.png","contentUrl":"https:\/\/mantenimientosinformaticos.net\/canarytools\/wp-content\/uploads\/2023\/12\/canary-tools-logo.png","width":1302,"height":440,"caption":"canarytools.xnetdigital"},"logo":{"@id":"https:\/\/mantenimientosinformaticos.net\/canarytools\/#\/schema\/person\/image\/"},"sameAs":["https:\/\/mantenimientosinformaticos.net\/canarytools"]}]}},"_links":{"self":[{"href":"https:\/\/mantenimientosinformaticos.net\/canarytools\/wp-json\/wp\/v2\/product\/7438","targetHints":{"allow":["GET"]}}],"collection":[{"href":"https:\/\/mantenimientosinformaticos.net\/canarytools\/wp-json\/wp\/v2\/product"}],"about":[{"href":"https:\/\/mantenimientosinformaticos.net\/canarytools\/wp-json\/wp\/v2\/types\/product"}],"replies":[{"embeddable":true,"href":"https:\/\/mantenimientosinformaticos.net\/canarytools\/wp-json\/wp\/v2\/comments?post=7438"}],"wp:featuredmedia":[{"embeddable":true,"href":"https:\/\/mantenimientosinformaticos.net\/canarytools\/wp-json\/wp\/v2\/media\/7435"}],"wp:attachment":[{"href":"https:\/\/mantenimientosinformaticos.net\/canarytools\/wp-json\/wp\/v2\/media?parent=7438"}],"wp:term":[{"taxonomy":"product_cat","embeddable":true,"href":"https:\/\/mantenimientosinformaticos.net\/canarytools\/wp-json\/wp\/v2\/product_cat?post=7438"},{"taxonomy":"product_tag","embeddable":true,"href":"https:\/\/mantenimientosinformaticos.net\/canarytools\/wp-json\/wp\/v2\/product_tag?post=7438"}],"curies":[{"name":"wp","href":"https:\/\/api.w.org\/{rel}","templated":true}]}}