{"id":7436,"date":"2021-02-24T20:04:39","date_gmt":"2021-02-24T19:04:39","guid":{"rendered":"https:\/\/mantenimientosinformaticos.net\/canarytools\/producto\/ref1101-reposicionador-de-pistones-de-freno-con-funcion-de-carraca-2\/"},"modified":"2021-02-24T20:04:39","modified_gmt":"2021-02-24T19:04:39","slug":"ref1101-reposicionador-de-pistones-de-freno-con-funcion-de-carraca-2","status":"publish","type":"product","link":"https:\/\/mantenimientosinformaticos.net\/canarytools\/producto\/ref1101-reposicionador-de-pistones-de-freno-con-funcion-de-carraca-2\/","title":{"rendered":"REF.:1101.  Reposicionador de pistones de freno con funci\u00f3n de carraca"},"content":{"rendered":"","protected":false},"excerpt":{"rendered":"<ul style=\"margin:0px 0px 20px;list-style:circle;padding:0px;color:#58595b;font-family:'PT Sans', 'Helvetica Neue', Helvetica, Arial, sans-serif;font-size:14px;background-color:#ffffff;\">\n<li>para reposicionar los pistones de freno sin da\u00f1os<\/li>\n<li>hace posible un reposicionamiento centrado sin ladeos<\/li>\n<li>evita da\u00f1os en manguitos, pistones y cilindros<\/li>\n<li>necesario para trabajos de mantenimiento y cambios de forros de freno<\/li>\n<li>apto para casi todos los tipos comunes de veh\u00edculos con pinzas flotantes y fijas sin funci\u00f3n de freno de mano integrada<\/li>\n<li>mecanismo de carraca y husillo (reversible) reduce el esfuerzo necesario<\/li>\n<li>dise\u00f1o robusto con placas de reposicionamiento endurecidas para una larga vida \u00fatil<\/li>\n<li>mango recubierto por inmersi\u00f3n<\/li>\n<li>Amplitud de trabajo 40 &#8211; 68 mm<\/li>\n<\/ul>\n","protected":false},"featured_media":7432,"comment_status":"open","ping_status":"closed","template":"","meta":[],"product_cat":[598,491,536],"product_tag":[],"class_list":{"0":"post-7436","1":"product","2":"type-product","3":"status-publish","4":"has-post-thumbnail","6":"product_cat-freno-de-disco","7":"product_cat-herramientas-especiales-para-automoviles","8":"product_cat-freno","10":"first","11":"onbackorder","12":"shipping-taxable","13":"purchasable","14":"product-type-simple"},"yoast_head":"<!-- This site is optimized with the Yoast SEO plugin v22.7 - https:\/\/yoast.com\/wordpress\/plugins\/seo\/ -->\n<title>REF.:1101. Reposicionador de pistones de freno con funci\u00f3n de carraca - Canarytools S.L.<\/title>\n<meta name=\"robots\" content=\"index, follow, max-snippet:-1, max-image-preview:large, max-video-preview:-1\" \/>\n<link rel=\"canonical\" href=\"https:\/\/mantenimientosinformaticos.net\/canarytools\/producto\/ref1101-reposicionador-de-pistones-de-freno-con-funcion-de-carraca-2\/\" \/>\n<meta property=\"og:locale\" content=\"es_ES\" \/>\n<meta property=\"og:type\" content=\"article\" \/>\n<meta property=\"og:title\" content=\"REF.:1101. Reposicionador de pistones de freno con funci\u00f3n de carraca - Canarytools S.L.\" \/>\n<meta property=\"og:description\" content=\"para reposicionar los pistones de freno sin da\u00f1os hace posible un reposicionamiento centrado sin ladeos evita da\u00f1os en manguitos, pistones y cilindros necesario para trabajos de mantenimiento y cambios de forros de freno apto para casi todos los tipos comunes de veh\u00edculos con pinzas flotantes y fijas sin funci\u00f3n de freno de mano integrada mecanismo de carraca y husillo (reversible) reduce el esfuerzo necesario dise\u00f1o robusto con placas de reposicionamiento endurecidas para una larga vida \u00fatil mango recubierto por inmersi\u00f3n Amplitud de trabajo 40 - 68 mm\" \/>\n<meta property=\"og:url\" content=\"https:\/\/mantenimientosinformaticos.net\/canarytools\/producto\/ref1101-reposicionador-de-pistones-de-freno-con-funcion-de-carraca-2\/\" \/>\n<meta property=\"og:site_name\" content=\"Canarytools S.L.\" \/>\n<meta property=\"og:image\" content=\"https:\/\/mantenimientosinformaticos.net\/canarytools\/wp-content\/uploads\/2021\/02\/1750-REF.1101.-Reposicionador-de-pistones-de-freno-con-funcion-de-carraca.jpg\" \/>\n\t<meta property=\"og:image:width\" content=\"540\" \/>\n\t<meta property=\"og:image:height\" content=\"226\" \/>\n\t<meta property=\"og:image:type\" content=\"image\/jpeg\" \/>\n<meta name=\"twitter:card\" content=\"summary_large_image\" \/>\n<script type=\"application\/ld+json\" class=\"yoast-schema-graph\">{\"@context\":\"https:\/\/schema.org\",\"@graph\":[{\"@type\":\"WebPage\",\"@id\":\"https:\/\/mantenimientosinformaticos.net\/canarytools\/producto\/ref1101-reposicionador-de-pistones-de-freno-con-funcion-de-carraca-2\/\",\"url\":\"https:\/\/mantenimientosinformaticos.net\/canarytools\/producto\/ref1101-reposicionador-de-pistones-de-freno-con-funcion-de-carraca-2\/\",\"name\":\"REF.:1101. Reposicionador de pistones de freno con funci\u00f3n de carraca - Canarytools S.L.\",\"isPartOf\":{\"@id\":\"https:\/\/mantenimientosinformaticos.net\/canarytools\/#website\"},\"primaryImageOfPage\":{\"@id\":\"https:\/\/mantenimientosinformaticos.net\/canarytools\/producto\/ref1101-reposicionador-de-pistones-de-freno-con-funcion-de-carraca-2\/#primaryimage\"},\"image\":{\"@id\":\"https:\/\/mantenimientosinformaticos.net\/canarytools\/producto\/ref1101-reposicionador-de-pistones-de-freno-con-funcion-de-carraca-2\/#primaryimage\"},\"thumbnailUrl\":\"https:\/\/mantenimientosinformaticos.net\/canarytools\/wp-content\/uploads\/2021\/02\/1750-REF.1101.-Reposicionador-de-pistones-de-freno-con-funcion-de-carraca.jpg\",\"datePublished\":\"2021-02-24T19:04:39+00:00\",\"dateModified\":\"2021-02-24T19:04:39+00:00\",\"breadcrumb\":{\"@id\":\"https:\/\/mantenimientosinformaticos.net\/canarytools\/producto\/ref1101-reposicionador-de-pistones-de-freno-con-funcion-de-carraca-2\/#breadcrumb\"},\"inLanguage\":\"es\",\"potentialAction\":[{\"@type\":\"ReadAction\",\"target\":[\"https:\/\/mantenimientosinformaticos.net\/canarytools\/producto\/ref1101-reposicionador-de-pistones-de-freno-con-funcion-de-carraca-2\/\"]}]},{\"@type\":\"ImageObject\",\"inLanguage\":\"es\",\"@id\":\"https:\/\/mantenimientosinformaticos.net\/canarytools\/producto\/ref1101-reposicionador-de-pistones-de-freno-con-funcion-de-carraca-2\/#primaryimage\",\"url\":\"https:\/\/mantenimientosinformaticos.net\/canarytools\/wp-content\/uploads\/2021\/02\/1750-REF.1101.-Reposicionador-de-pistones-de-freno-con-funcion-de-carraca.jpg\",\"contentUrl\":\"https:\/\/mantenimientosinformaticos.net\/canarytools\/wp-content\/uploads\/2021\/02\/1750-REF.1101.-Reposicionador-de-pistones-de-freno-con-funcion-de-carraca.jpg\",\"width\":540,\"height\":226,\"caption\":\"REF.:1101. Reposicionador de pistones de freno con funci\u00f3n de carraca\"},{\"@type\":\"BreadcrumbList\",\"@id\":\"https:\/\/mantenimientosinformaticos.net\/canarytools\/producto\/ref1101-reposicionador-de-pistones-de-freno-con-funcion-de-carraca-2\/#breadcrumb\",\"itemListElement\":[{\"@type\":\"ListItem\",\"position\":1,\"name\":\"Portada\",\"item\":\"https:\/\/mantenimientosinformaticos.net\/canarytools\/\"},{\"@type\":\"ListItem\",\"position\":2,\"name\":\"Tienda\",\"item\":\"https:\/\/mantenimientosinformaticos.net\/canarytools\/tienda\/\"},{\"@type\":\"ListItem\",\"position\":3,\"name\":\"REF.:1101. Reposicionador de pistones de freno con funci\u00f3n de carraca\"}]},{\"@type\":\"WebSite\",\"@id\":\"https:\/\/mantenimientosinformaticos.net\/canarytools\/#website\",\"url\":\"https:\/\/mantenimientosinformaticos.net\/canarytools\/\",\"name\":\"Canarytools S.L.\",\"description\":\"Herramientas y M\u00e1quinas\",\"publisher\":{\"@id\":\"https:\/\/mantenimientosinformaticos.net\/canarytools\/#\/schema\/person\/355e32754b03bb24b681f1b6917e49bf\"},\"potentialAction\":[{\"@type\":\"SearchAction\",\"target\":{\"@type\":\"EntryPoint\",\"urlTemplate\":\"https:\/\/mantenimientosinformaticos.net\/canarytools\/?s={search_term_string}\"},\"query-input\":\"required name=search_term_string\"}],\"inLanguage\":\"es\"},{\"@type\":[\"Person\",\"Organization\"],\"@id\":\"https:\/\/mantenimientosinformaticos.net\/canarytools\/#\/schema\/person\/355e32754b03bb24b681f1b6917e49bf\",\"name\":\"canarytools.xnetdigital\",\"image\":{\"@type\":\"ImageObject\",\"inLanguage\":\"es\",\"@id\":\"https:\/\/mantenimientosinformaticos.net\/canarytools\/#\/schema\/person\/image\/\",\"url\":\"https:\/\/mantenimientosinformaticos.net\/canarytools\/wp-content\/uploads\/2023\/12\/canary-tools-logo.png\",\"contentUrl\":\"https:\/\/mantenimientosinformaticos.net\/canarytools\/wp-content\/uploads\/2023\/12\/canary-tools-logo.png\",\"width\":1302,\"height\":440,\"caption\":\"canarytools.xnetdigital\"},\"logo\":{\"@id\":\"https:\/\/mantenimientosinformaticos.net\/canarytools\/#\/schema\/person\/image\/\"},\"sameAs\":[\"https:\/\/mantenimientosinformaticos.net\/canarytools\"]}]}<\/script>\n<!-- \/ Yoast SEO plugin. -->","yoast_head_json":{"title":"REF.:1101. Reposicionador de pistones de freno con funci\u00f3n de carraca - Canarytools S.L.","robots":{"index":"index","follow":"follow","max-snippet":"max-snippet:-1","max-image-preview":"max-image-preview:large","max-video-preview":"max-video-preview:-1"},"canonical":"https:\/\/mantenimientosinformaticos.net\/canarytools\/producto\/ref1101-reposicionador-de-pistones-de-freno-con-funcion-de-carraca-2\/","og_locale":"es_ES","og_type":"article","og_title":"REF.:1101. Reposicionador de pistones de freno con funci\u00f3n de carraca - Canarytools S.L.","og_description":"para reposicionar los pistones de freno sin da\u00f1os hace posible un reposicionamiento centrado sin ladeos evita da\u00f1os en manguitos, pistones y cilindros necesario para trabajos de mantenimiento y cambios de forros de freno apto para casi todos los tipos comunes de veh\u00edculos con pinzas flotantes y fijas sin funci\u00f3n de freno de mano integrada mecanismo de carraca y husillo (reversible) reduce el esfuerzo necesario dise\u00f1o robusto con placas de reposicionamiento endurecidas para una larga vida \u00fatil mango recubierto por inmersi\u00f3n Amplitud de trabajo 40 - 68 mm","og_url":"https:\/\/mantenimientosinformaticos.net\/canarytools\/producto\/ref1101-reposicionador-de-pistones-de-freno-con-funcion-de-carraca-2\/","og_site_name":"Canarytools S.L.","og_image":[{"width":540,"height":226,"url":"https:\/\/mantenimientosinformaticos.net\/canarytools\/wp-content\/uploads\/2021\/02\/1750-REF.1101.-Reposicionador-de-pistones-de-freno-con-funcion-de-carraca.jpg","type":"image\/jpeg"}],"twitter_card":"summary_large_image","schema":{"@context":"https:\/\/schema.org","@graph":[{"@type":"WebPage","@id":"https:\/\/mantenimientosinformaticos.net\/canarytools\/producto\/ref1101-reposicionador-de-pistones-de-freno-con-funcion-de-carraca-2\/","url":"https:\/\/mantenimientosinformaticos.net\/canarytools\/producto\/ref1101-reposicionador-de-pistones-de-freno-con-funcion-de-carraca-2\/","name":"REF.:1101. Reposicionador de pistones de freno con funci\u00f3n de carraca - Canarytools S.L.","isPartOf":{"@id":"https:\/\/mantenimientosinformaticos.net\/canarytools\/#website"},"primaryImageOfPage":{"@id":"https:\/\/mantenimientosinformaticos.net\/canarytools\/producto\/ref1101-reposicionador-de-pistones-de-freno-con-funcion-de-carraca-2\/#primaryimage"},"image":{"@id":"https:\/\/mantenimientosinformaticos.net\/canarytools\/producto\/ref1101-reposicionador-de-pistones-de-freno-con-funcion-de-carraca-2\/#primaryimage"},"thumbnailUrl":"https:\/\/mantenimientosinformaticos.net\/canarytools\/wp-content\/uploads\/2021\/02\/1750-REF.1101.-Reposicionador-de-pistones-de-freno-con-funcion-de-carraca.jpg","datePublished":"2021-02-24T19:04:39+00:00","dateModified":"2021-02-24T19:04:39+00:00","breadcrumb":{"@id":"https:\/\/mantenimientosinformaticos.net\/canarytools\/producto\/ref1101-reposicionador-de-pistones-de-freno-con-funcion-de-carraca-2\/#breadcrumb"},"inLanguage":"es","potentialAction":[{"@type":"ReadAction","target":["https:\/\/mantenimientosinformaticos.net\/canarytools\/producto\/ref1101-reposicionador-de-pistones-de-freno-con-funcion-de-carraca-2\/"]}]},{"@type":"ImageObject","inLanguage":"es","@id":"https:\/\/mantenimientosinformaticos.net\/canarytools\/producto\/ref1101-reposicionador-de-pistones-de-freno-con-funcion-de-carraca-2\/#primaryimage","url":"https:\/\/mantenimientosinformaticos.net\/canarytools\/wp-content\/uploads\/2021\/02\/1750-REF.1101.-Reposicionador-de-pistones-de-freno-con-funcion-de-carraca.jpg","contentUrl":"https:\/\/mantenimientosinformaticos.net\/canarytools\/wp-content\/uploads\/2021\/02\/1750-REF.1101.-Reposicionador-de-pistones-de-freno-con-funcion-de-carraca.jpg","width":540,"height":226,"caption":"REF.:1101. Reposicionador de pistones de freno con funci\u00f3n de carraca"},{"@type":"BreadcrumbList","@id":"https:\/\/mantenimientosinformaticos.net\/canarytools\/producto\/ref1101-reposicionador-de-pistones-de-freno-con-funcion-de-carraca-2\/#breadcrumb","itemListElement":[{"@type":"ListItem","position":1,"name":"Portada","item":"https:\/\/mantenimientosinformaticos.net\/canarytools\/"},{"@type":"ListItem","position":2,"name":"Tienda","item":"https:\/\/mantenimientosinformaticos.net\/canarytools\/tienda\/"},{"@type":"ListItem","position":3,"name":"REF.:1101. Reposicionador de pistones de freno con funci\u00f3n de carraca"}]},{"@type":"WebSite","@id":"https:\/\/mantenimientosinformaticos.net\/canarytools\/#website","url":"https:\/\/mantenimientosinformaticos.net\/canarytools\/","name":"Canarytools S.L.","description":"Herramientas y M\u00e1quinas","publisher":{"@id":"https:\/\/mantenimientosinformaticos.net\/canarytools\/#\/schema\/person\/355e32754b03bb24b681f1b6917e49bf"},"potentialAction":[{"@type":"SearchAction","target":{"@type":"EntryPoint","urlTemplate":"https:\/\/mantenimientosinformaticos.net\/canarytools\/?s={search_term_string}"},"query-input":"required name=search_term_string"}],"inLanguage":"es"},{"@type":["Person","Organization"],"@id":"https:\/\/mantenimientosinformaticos.net\/canarytools\/#\/schema\/person\/355e32754b03bb24b681f1b6917e49bf","name":"canarytools.xnetdigital","image":{"@type":"ImageObject","inLanguage":"es","@id":"https:\/\/mantenimientosinformaticos.net\/canarytools\/#\/schema\/person\/image\/","url":"https:\/\/mantenimientosinformaticos.net\/canarytools\/wp-content\/uploads\/2023\/12\/canary-tools-logo.png","contentUrl":"https:\/\/mantenimientosinformaticos.net\/canarytools\/wp-content\/uploads\/2023\/12\/canary-tools-logo.png","width":1302,"height":440,"caption":"canarytools.xnetdigital"},"logo":{"@id":"https:\/\/mantenimientosinformaticos.net\/canarytools\/#\/schema\/person\/image\/"},"sameAs":["https:\/\/mantenimientosinformaticos.net\/canarytools"]}]}},"_links":{"self":[{"href":"https:\/\/mantenimientosinformaticos.net\/canarytools\/wp-json\/wp\/v2\/product\/7436","targetHints":{"allow":["GET"]}}],"collection":[{"href":"https:\/\/mantenimientosinformaticos.net\/canarytools\/wp-json\/wp\/v2\/product"}],"about":[{"href":"https:\/\/mantenimientosinformaticos.net\/canarytools\/wp-json\/wp\/v2\/types\/product"}],"replies":[{"embeddable":true,"href":"https:\/\/mantenimientosinformaticos.net\/canarytools\/wp-json\/wp\/v2\/comments?post=7436"}],"wp:featuredmedia":[{"embeddable":true,"href":"https:\/\/mantenimientosinformaticos.net\/canarytools\/wp-json\/wp\/v2\/media\/7432"}],"wp:attachment":[{"href":"https:\/\/mantenimientosinformaticos.net\/canarytools\/wp-json\/wp\/v2\/media?parent=7436"}],"wp:term":[{"taxonomy":"product_cat","embeddable":true,"href":"https:\/\/mantenimientosinformaticos.net\/canarytools\/wp-json\/wp\/v2\/product_cat?post=7436"},{"taxonomy":"product_tag","embeddable":true,"href":"https:\/\/mantenimientosinformaticos.net\/canarytools\/wp-json\/wp\/v2\/product_tag?post=7436"}],"curies":[{"name":"wp","href":"https:\/\/api.w.org\/{rel}","templated":true}]}}