{"id":7434,"date":"2021-02-12T18:36:06","date_gmt":"2021-02-12T17:36:06","guid":{"rendered":"https:\/\/mantenimientosinformaticos.net\/canarytools\/producto\/carro-porta-herramientas-con-cajon-2\/"},"modified":"2021-02-12T18:36:06","modified_gmt":"2021-02-12T17:36:06","slug":"carro-porta-herramientas-con-cajon-2","status":"publish","type":"product","link":"https:\/\/mantenimientosinformaticos.net\/canarytools\/producto\/carro-porta-herramientas-con-cajon-2\/","title":{"rendered":"REF.:10\/TC301-II-X      Carro Porta Herramientas Con Caj\u00f3n"},"content":{"rendered":"<p style=\"margin-top:12px;margin-bottom:7px;font-size:.9375rem;color:#7a7a7a;font-family:Poppins, Helvetica, sans-serif;background-color:#ffffff;\">Disponer\u00a0 de un caj\u00f3n simplifica y mejora la distribuci\u00f3n de los instrumentos de taller.<\/p>\n<table style=\"border-collapse:collapse;background-color:#ffffff;margin-top:12px;margin-bottom:20px;border:1px solid #7a7a7a;color:#7a7a7a;font-family:Poppins, Helvetica, sans-serif;font-size:16px;\">\n<tbody>\n<tr style=\"border:1px solid #7a7a7a;padding:6px;\">\n<td style=\"border:1px solid #7a7a7a;padding:6px;\">\n<p style=\"margin-top:0px;margin-bottom:0px;font-size:.9375rem;\">Dimensiones<\/p>\n<\/td>\n<td style=\"border:1px solid #7a7a7a;padding:6px;\">\n<p style=\"margin-top:0px;margin-bottom:0px;font-size:.9375rem;\">73.7 x 38.3 x 66.8 cm.<\/p>\n<\/td>\n<\/tr>\n<tr style=\"border:1px solid #7a7a7a;padding:6px;\">\n<td style=\"border:1px solid #7a7a7a;padding:6px;\">\n<p style=\"margin-top:0px;margin-bottom:0px;font-size:.9375rem;\">Dimensiones incluyendo ruedas<\/p>\n<\/td>\n<td style=\"border:1px solid #7a7a7a;padding:6px;\">\n<p style=\"margin-top:0px;margin-bottom:0px;font-size:.9375rem;\">73.7 x 38.3 x 78.5 cm.<\/p>\n<\/td>\n<\/tr>\n<tr style=\"border:1px solid #7a7a7a;padding:6px;\">\n<td style=\"border:1px solid #7a7a7a;padding:6px;\">\n<p style=\"margin-top:0px;margin-bottom:0px;font-size:.9375rem;\">Dimensiones de bandeja<\/p>\n<\/td>\n<td style=\"border:1px solid #7a7a7a;padding:6px;\">\n<p style=\"margin-top:0px;margin-bottom:0px;font-size:.9375rem;\">73.5 x 38 x 8.5 cm.<\/p>\n<\/td>\n<\/tr>\n<tr style=\"border:1px solid #7a7a7a;padding:6px;\">\n<td style=\"border:1px solid #7a7a7a;padding:6px;\">\n<p style=\"margin-top:0px;margin-bottom:0px;font-size:.9375rem;\">Dimensiones caj\u00f3n<\/p>\n<\/td>\n<td style=\"border:1px solid #7a7a7a;padding:6px;\">\n<p style=\"margin-top:0px;margin-bottom:0px;font-size:.9375rem;\">64.8 x 35 x 10 cm.<\/p>\n<\/td>\n<\/tr>\n<tr style=\"border:1px solid #7a7a7a;padding:6px;\">\n<td style=\"border:1px solid #7a7a7a;padding:6px;\">\n<p style=\"margin-top:0px;margin-bottom:0px;font-size:.9375rem;\">Peso<\/p>\n<\/td>\n<td style=\"border:1px solid #7a7a7a;padding:6px;\">\n<p style=\"margin-top:0px;margin-bottom:0px;font-size:.9375rem;\">23 Kg.<\/p>\n<\/td>\n<\/tr>\n<\/tbody>\n<\/table>\n","protected":false},"excerpt":{"rendered":"<p><span style=\"color:#7a7a7a;font-family:Poppins, Helvetica, sans-serif;font-size:15px;background-color:#ffffff;\">Un\u00a0<\/span><span style=\"color:#7a7a7a;font-family:Poppins, Helvetica, sans-serif;font-size:15px;background-color:#ffffff;\">carro porta piezas<\/span><span style=\"color:#7a7a7a;font-family:Poppins, Helvetica, sans-serif;font-size:15px;background-color:#ffffff;\">\u00a0es un complemento indispensable en un taller mec\u00e1nico que ayuda a llevar y organizar las distintas herramientas. Este tipo de carros son particularmente \u00fatiles para los mec\u00e1nicos profesionales y para el aficionado avanzado.<\/span><\/p>\n","protected":false},"featured_media":7430,"comment_status":"open","ping_status":"closed","template":"","meta":[],"product_cat":[490,492,529],"product_tag":[],"class_list":{"0":"post-7434","1":"product","2":"type-product","3":"status-publish","4":"has-post-thumbnail","6":"product_cat-inicio","7":"product_cat-equipo-de-talleres","8":"product_cat-carros","10":"first","11":"onbackorder","12":"shipping-taxable","13":"purchasable","14":"product-type-simple"},"yoast_head":"<!-- This site is optimized with the Yoast SEO plugin v22.7 - https:\/\/yoast.com\/wordpress\/plugins\/seo\/ -->\n<title>REF.:10\/TC301-II-X   Carro Porta Herramientas Con Caj\u00f3n - Canarytools S.L.<\/title>\n<meta name=\"robots\" content=\"index, follow, max-snippet:-1, max-image-preview:large, max-video-preview:-1\" \/>\n<link rel=\"canonical\" href=\"https:\/\/mantenimientosinformaticos.net\/canarytools\/producto\/carro-porta-herramientas-con-cajon-2\/\" \/>\n<meta property=\"og:locale\" content=\"es_ES\" \/>\n<meta property=\"og:type\" content=\"article\" \/>\n<meta property=\"og:title\" content=\"REF.:10\/TC301-II-X   Carro Porta Herramientas Con Caj\u00f3n - Canarytools S.L.\" \/>\n<meta property=\"og:description\" content=\"Un\u00a0carro porta piezas\u00a0es un complemento indispensable en un taller mec\u00e1nico que ayuda a llevar y organizar las distintas herramientas. Este tipo de carros son particularmente \u00fatiles para los mec\u00e1nicos profesionales y para el aficionado avanzado.\" \/>\n<meta property=\"og:url\" content=\"https:\/\/mantenimientosinformaticos.net\/canarytools\/producto\/carro-porta-herramientas-con-cajon-2\/\" \/>\n<meta property=\"og:site_name\" content=\"Canarytools S.L.\" \/>\n<meta property=\"og:image\" content=\"https:\/\/mantenimientosinformaticos.net\/canarytools\/wp-content\/uploads\/2021\/02\/1749-REF.10TC301-II-X-Carro-Porta-Herramientas-Con-Cajon.jpg\" \/>\n\t<meta property=\"og:image:width\" content=\"800\" \/>\n\t<meta property=\"og:image:height\" content=\"800\" \/>\n\t<meta property=\"og:image:type\" content=\"image\/jpeg\" \/>\n<meta name=\"twitter:card\" content=\"summary_large_image\" \/>\n<script type=\"application\/ld+json\" class=\"yoast-schema-graph\">{\"@context\":\"https:\/\/schema.org\",\"@graph\":[{\"@type\":\"WebPage\",\"@id\":\"https:\/\/mantenimientosinformaticos.net\/canarytools\/producto\/carro-porta-herramientas-con-cajon-2\/\",\"url\":\"https:\/\/mantenimientosinformaticos.net\/canarytools\/producto\/carro-porta-herramientas-con-cajon-2\/\",\"name\":\"REF.:10\/TC301-II-X Carro Porta Herramientas Con Caj\u00f3n - Canarytools S.L.\",\"isPartOf\":{\"@id\":\"https:\/\/mantenimientosinformaticos.net\/canarytools\/#website\"},\"primaryImageOfPage\":{\"@id\":\"https:\/\/mantenimientosinformaticos.net\/canarytools\/producto\/carro-porta-herramientas-con-cajon-2\/#primaryimage\"},\"image\":{\"@id\":\"https:\/\/mantenimientosinformaticos.net\/canarytools\/producto\/carro-porta-herramientas-con-cajon-2\/#primaryimage\"},\"thumbnailUrl\":\"https:\/\/mantenimientosinformaticos.net\/canarytools\/wp-content\/uploads\/2021\/02\/1749-REF.10TC301-II-X-Carro-Porta-Herramientas-Con-Cajon.jpg\",\"datePublished\":\"2021-02-12T17:36:06+00:00\",\"dateModified\":\"2021-02-12T17:36:06+00:00\",\"breadcrumb\":{\"@id\":\"https:\/\/mantenimientosinformaticos.net\/canarytools\/producto\/carro-porta-herramientas-con-cajon-2\/#breadcrumb\"},\"inLanguage\":\"es\",\"potentialAction\":[{\"@type\":\"ReadAction\",\"target\":[\"https:\/\/mantenimientosinformaticos.net\/canarytools\/producto\/carro-porta-herramientas-con-cajon-2\/\"]}]},{\"@type\":\"ImageObject\",\"inLanguage\":\"es\",\"@id\":\"https:\/\/mantenimientosinformaticos.net\/canarytools\/producto\/carro-porta-herramientas-con-cajon-2\/#primaryimage\",\"url\":\"https:\/\/mantenimientosinformaticos.net\/canarytools\/wp-content\/uploads\/2021\/02\/1749-REF.10TC301-II-X-Carro-Porta-Herramientas-Con-Cajon.jpg\",\"contentUrl\":\"https:\/\/mantenimientosinformaticos.net\/canarytools\/wp-content\/uploads\/2021\/02\/1749-REF.10TC301-II-X-Carro-Porta-Herramientas-Con-Cajon.jpg\",\"width\":800,\"height\":800,\"caption\":\"REF.:10\/TC301-II-X Carro Porta Herramientas Con Caj\u00f3n\"},{\"@type\":\"BreadcrumbList\",\"@id\":\"https:\/\/mantenimientosinformaticos.net\/canarytools\/producto\/carro-porta-herramientas-con-cajon-2\/#breadcrumb\",\"itemListElement\":[{\"@type\":\"ListItem\",\"position\":1,\"name\":\"Portada\",\"item\":\"https:\/\/mantenimientosinformaticos.net\/canarytools\/\"},{\"@type\":\"ListItem\",\"position\":2,\"name\":\"Tienda\",\"item\":\"https:\/\/mantenimientosinformaticos.net\/canarytools\/tienda\/\"},{\"@type\":\"ListItem\",\"position\":3,\"name\":\"REF.:10\/TC301-II-X Carro Porta Herramientas Con Caj\u00f3n\"}]},{\"@type\":\"WebSite\",\"@id\":\"https:\/\/mantenimientosinformaticos.net\/canarytools\/#website\",\"url\":\"https:\/\/mantenimientosinformaticos.net\/canarytools\/\",\"name\":\"Canarytools S.L.\",\"description\":\"Herramientas y M\u00e1quinas\",\"publisher\":{\"@id\":\"https:\/\/mantenimientosinformaticos.net\/canarytools\/#\/schema\/person\/355e32754b03bb24b681f1b6917e49bf\"},\"potentialAction\":[{\"@type\":\"SearchAction\",\"target\":{\"@type\":\"EntryPoint\",\"urlTemplate\":\"https:\/\/mantenimientosinformaticos.net\/canarytools\/?s={search_term_string}\"},\"query-input\":\"required name=search_term_string\"}],\"inLanguage\":\"es\"},{\"@type\":[\"Person\",\"Organization\"],\"@id\":\"https:\/\/mantenimientosinformaticos.net\/canarytools\/#\/schema\/person\/355e32754b03bb24b681f1b6917e49bf\",\"name\":\"canarytools.xnetdigital\",\"image\":{\"@type\":\"ImageObject\",\"inLanguage\":\"es\",\"@id\":\"https:\/\/mantenimientosinformaticos.net\/canarytools\/#\/schema\/person\/image\/\",\"url\":\"https:\/\/mantenimientosinformaticos.net\/canarytools\/wp-content\/uploads\/2023\/12\/canary-tools-logo.png\",\"contentUrl\":\"https:\/\/mantenimientosinformaticos.net\/canarytools\/wp-content\/uploads\/2023\/12\/canary-tools-logo.png\",\"width\":1302,\"height\":440,\"caption\":\"canarytools.xnetdigital\"},\"logo\":{\"@id\":\"https:\/\/mantenimientosinformaticos.net\/canarytools\/#\/schema\/person\/image\/\"},\"sameAs\":[\"https:\/\/mantenimientosinformaticos.net\/canarytools\"]}]}<\/script>\n<!-- \/ Yoast SEO plugin. -->","yoast_head_json":{"title":"REF.:10\/TC301-II-X   Carro Porta Herramientas Con Caj\u00f3n - Canarytools S.L.","robots":{"index":"index","follow":"follow","max-snippet":"max-snippet:-1","max-image-preview":"max-image-preview:large","max-video-preview":"max-video-preview:-1"},"canonical":"https:\/\/mantenimientosinformaticos.net\/canarytools\/producto\/carro-porta-herramientas-con-cajon-2\/","og_locale":"es_ES","og_type":"article","og_title":"REF.:10\/TC301-II-X   Carro Porta Herramientas Con Caj\u00f3n - Canarytools S.L.","og_description":"Un\u00a0carro porta piezas\u00a0es un complemento indispensable en un taller mec\u00e1nico que ayuda a llevar y organizar las distintas herramientas. Este tipo de carros son particularmente \u00fatiles para los mec\u00e1nicos profesionales y para el aficionado avanzado.","og_url":"https:\/\/mantenimientosinformaticos.net\/canarytools\/producto\/carro-porta-herramientas-con-cajon-2\/","og_site_name":"Canarytools S.L.","og_image":[{"width":800,"height":800,"url":"https:\/\/mantenimientosinformaticos.net\/canarytools\/wp-content\/uploads\/2021\/02\/1749-REF.10TC301-II-X-Carro-Porta-Herramientas-Con-Cajon.jpg","type":"image\/jpeg"}],"twitter_card":"summary_large_image","schema":{"@context":"https:\/\/schema.org","@graph":[{"@type":"WebPage","@id":"https:\/\/mantenimientosinformaticos.net\/canarytools\/producto\/carro-porta-herramientas-con-cajon-2\/","url":"https:\/\/mantenimientosinformaticos.net\/canarytools\/producto\/carro-porta-herramientas-con-cajon-2\/","name":"REF.:10\/TC301-II-X Carro Porta Herramientas Con Caj\u00f3n - Canarytools S.L.","isPartOf":{"@id":"https:\/\/mantenimientosinformaticos.net\/canarytools\/#website"},"primaryImageOfPage":{"@id":"https:\/\/mantenimientosinformaticos.net\/canarytools\/producto\/carro-porta-herramientas-con-cajon-2\/#primaryimage"},"image":{"@id":"https:\/\/mantenimientosinformaticos.net\/canarytools\/producto\/carro-porta-herramientas-con-cajon-2\/#primaryimage"},"thumbnailUrl":"https:\/\/mantenimientosinformaticos.net\/canarytools\/wp-content\/uploads\/2021\/02\/1749-REF.10TC301-II-X-Carro-Porta-Herramientas-Con-Cajon.jpg","datePublished":"2021-02-12T17:36:06+00:00","dateModified":"2021-02-12T17:36:06+00:00","breadcrumb":{"@id":"https:\/\/mantenimientosinformaticos.net\/canarytools\/producto\/carro-porta-herramientas-con-cajon-2\/#breadcrumb"},"inLanguage":"es","potentialAction":[{"@type":"ReadAction","target":["https:\/\/mantenimientosinformaticos.net\/canarytools\/producto\/carro-porta-herramientas-con-cajon-2\/"]}]},{"@type":"ImageObject","inLanguage":"es","@id":"https:\/\/mantenimientosinformaticos.net\/canarytools\/producto\/carro-porta-herramientas-con-cajon-2\/#primaryimage","url":"https:\/\/mantenimientosinformaticos.net\/canarytools\/wp-content\/uploads\/2021\/02\/1749-REF.10TC301-II-X-Carro-Porta-Herramientas-Con-Cajon.jpg","contentUrl":"https:\/\/mantenimientosinformaticos.net\/canarytools\/wp-content\/uploads\/2021\/02\/1749-REF.10TC301-II-X-Carro-Porta-Herramientas-Con-Cajon.jpg","width":800,"height":800,"caption":"REF.:10\/TC301-II-X Carro Porta Herramientas Con Caj\u00f3n"},{"@type":"BreadcrumbList","@id":"https:\/\/mantenimientosinformaticos.net\/canarytools\/producto\/carro-porta-herramientas-con-cajon-2\/#breadcrumb","itemListElement":[{"@type":"ListItem","position":1,"name":"Portada","item":"https:\/\/mantenimientosinformaticos.net\/canarytools\/"},{"@type":"ListItem","position":2,"name":"Tienda","item":"https:\/\/mantenimientosinformaticos.net\/canarytools\/tienda\/"},{"@type":"ListItem","position":3,"name":"REF.:10\/TC301-II-X Carro Porta Herramientas Con Caj\u00f3n"}]},{"@type":"WebSite","@id":"https:\/\/mantenimientosinformaticos.net\/canarytools\/#website","url":"https:\/\/mantenimientosinformaticos.net\/canarytools\/","name":"Canarytools S.L.","description":"Herramientas y M\u00e1quinas","publisher":{"@id":"https:\/\/mantenimientosinformaticos.net\/canarytools\/#\/schema\/person\/355e32754b03bb24b681f1b6917e49bf"},"potentialAction":[{"@type":"SearchAction","target":{"@type":"EntryPoint","urlTemplate":"https:\/\/mantenimientosinformaticos.net\/canarytools\/?s={search_term_string}"},"query-input":"required name=search_term_string"}],"inLanguage":"es"},{"@type":["Person","Organization"],"@id":"https:\/\/mantenimientosinformaticos.net\/canarytools\/#\/schema\/person\/355e32754b03bb24b681f1b6917e49bf","name":"canarytools.xnetdigital","image":{"@type":"ImageObject","inLanguage":"es","@id":"https:\/\/mantenimientosinformaticos.net\/canarytools\/#\/schema\/person\/image\/","url":"https:\/\/mantenimientosinformaticos.net\/canarytools\/wp-content\/uploads\/2023\/12\/canary-tools-logo.png","contentUrl":"https:\/\/mantenimientosinformaticos.net\/canarytools\/wp-content\/uploads\/2023\/12\/canary-tools-logo.png","width":1302,"height":440,"caption":"canarytools.xnetdigital"},"logo":{"@id":"https:\/\/mantenimientosinformaticos.net\/canarytools\/#\/schema\/person\/image\/"},"sameAs":["https:\/\/mantenimientosinformaticos.net\/canarytools"]}]}},"_links":{"self":[{"href":"https:\/\/mantenimientosinformaticos.net\/canarytools\/wp-json\/wp\/v2\/product\/7434","targetHints":{"allow":["GET"]}}],"collection":[{"href":"https:\/\/mantenimientosinformaticos.net\/canarytools\/wp-json\/wp\/v2\/product"}],"about":[{"href":"https:\/\/mantenimientosinformaticos.net\/canarytools\/wp-json\/wp\/v2\/types\/product"}],"replies":[{"embeddable":true,"href":"https:\/\/mantenimientosinformaticos.net\/canarytools\/wp-json\/wp\/v2\/comments?post=7434"}],"wp:featuredmedia":[{"embeddable":true,"href":"https:\/\/mantenimientosinformaticos.net\/canarytools\/wp-json\/wp\/v2\/media\/7430"}],"wp:attachment":[{"href":"https:\/\/mantenimientosinformaticos.net\/canarytools\/wp-json\/wp\/v2\/media?parent=7434"}],"wp:term":[{"taxonomy":"product_cat","embeddable":true,"href":"https:\/\/mantenimientosinformaticos.net\/canarytools\/wp-json\/wp\/v2\/product_cat?post=7434"},{"taxonomy":"product_tag","embeddable":true,"href":"https:\/\/mantenimientosinformaticos.net\/canarytools\/wp-json\/wp\/v2\/product_tag?post=7434"}],"curies":[{"name":"wp","href":"https:\/\/api.w.org\/{rel}","templated":true}]}}