{"id":7390,"date":"2021-01-15T19:36:03","date_gmt":"2021-01-15T18:36:03","guid":{"rendered":"https:\/\/mantenimientosinformaticos.net\/canarytools\/producto\/ref432-alicate-de-puntas-circlip-recto-para-anillos-de-retencion-interiores-180-mm\/"},"modified":"2021-01-15T19:36:03","modified_gmt":"2021-01-15T18:36:03","slug":"ref432-alicate-de-puntas-circlip-recto-para-anillos-de-retencion-interiores-180-mm","status":"publish","type":"product","link":"https:\/\/mantenimientosinformaticos.net\/canarytools\/producto\/ref432-alicate-de-puntas-circlip-recto-para-anillos-de-retencion-interiores-180-mm\/","title":{"rendered":"REF.:432   Alicate de puntas (circlip) recto para anillos de retenci\u00f3n interiores 180 mm"},"content":{"rendered":"","protected":false},"excerpt":{"rendered":"<ul style=\"margin:0px 0px 20px;list-style:none;padding:0px;color:#58595b;font-family:'PT Sans', 'Helvetica Neue', Helvetica, Arial, sans-serif;font-size:14px;background-color:#ffffff;\">\n<li>Para el montaje y desmontaje de anillos de retenci\u00f3n<\/li>\n<li>puntas especialmente endurecidas, \u00d8 1,8 mm<\/li>\n<li>mango recubierto<\/li>\n<\/ul>\n","protected":false},"featured_media":7388,"comment_status":"open","ping_status":"closed","template":"","meta":[],"product_cat":[511,495],"product_tag":[],"class_list":{"0":"post-7390","1":"product","2":"type-product","3":"status-publish","4":"has-post-thumbnail","6":"product_cat-alicantes-tenazas-pinzas","7":"product_cat-herramientas-manuales","9":"first","10":"instock","11":"shipping-taxable","12":"purchasable","13":"product-type-simple"},"yoast_head":"<!-- This site is optimized with the Yoast SEO plugin v22.7 - https:\/\/yoast.com\/wordpress\/plugins\/seo\/ -->\n<title>REF.:432  Alicate de puntas (circlip) recto para anillos de retenci\u00f3n interiores 180 mm - Canarytools S.L.<\/title>\n<meta name=\"robots\" content=\"index, follow, max-snippet:-1, max-image-preview:large, max-video-preview:-1\" \/>\n<link rel=\"canonical\" href=\"https:\/\/mantenimientosinformaticos.net\/canarytools\/producto\/ref432-alicate-de-puntas-circlip-recto-para-anillos-de-retencion-interiores-180-mm\/\" \/>\n<meta property=\"og:locale\" content=\"es_ES\" \/>\n<meta property=\"og:type\" content=\"article\" \/>\n<meta property=\"og:title\" content=\"REF.:432  Alicate de puntas (circlip) recto para anillos de retenci\u00f3n interiores 180 mm - Canarytools S.L.\" \/>\n<meta property=\"og:description\" content=\"Para el montaje y desmontaje de anillos de retenci\u00f3n puntas especialmente endurecidas, \u00d8 1,8 mm mango recubierto\" \/>\n<meta property=\"og:url\" content=\"https:\/\/mantenimientosinformaticos.net\/canarytools\/producto\/ref432-alicate-de-puntas-circlip-recto-para-anillos-de-retencion-interiores-180-mm\/\" \/>\n<meta property=\"og:site_name\" content=\"Canarytools S.L.\" \/>\n<meta property=\"og:image\" content=\"https:\/\/mantenimientosinformaticos.net\/canarytools\/wp-content\/uploads\/2021\/01\/1738-REF.432-Alicate-de-puntas-circlip-recto-para-anillos-de-retencion-interiores-180-mm.jpg\" \/>\n\t<meta property=\"og:image:width\" content=\"540\" \/>\n\t<meta property=\"og:image:height\" content=\"257\" \/>\n\t<meta property=\"og:image:type\" content=\"image\/jpeg\" \/>\n<meta name=\"twitter:card\" content=\"summary_large_image\" \/>\n<script type=\"application\/ld+json\" class=\"yoast-schema-graph\">{\"@context\":\"https:\/\/schema.org\",\"@graph\":[{\"@type\":\"WebPage\",\"@id\":\"https:\/\/mantenimientosinformaticos.net\/canarytools\/producto\/ref432-alicate-de-puntas-circlip-recto-para-anillos-de-retencion-interiores-180-mm\/\",\"url\":\"https:\/\/mantenimientosinformaticos.net\/canarytools\/producto\/ref432-alicate-de-puntas-circlip-recto-para-anillos-de-retencion-interiores-180-mm\/\",\"name\":\"REF.:432 Alicate de puntas (circlip) recto para anillos de retenci\u00f3n interiores 180 mm - Canarytools S.L.\",\"isPartOf\":{\"@id\":\"https:\/\/mantenimientosinformaticos.net\/canarytools\/#website\"},\"primaryImageOfPage\":{\"@id\":\"https:\/\/mantenimientosinformaticos.net\/canarytools\/producto\/ref432-alicate-de-puntas-circlip-recto-para-anillos-de-retencion-interiores-180-mm\/#primaryimage\"},\"image\":{\"@id\":\"https:\/\/mantenimientosinformaticos.net\/canarytools\/producto\/ref432-alicate-de-puntas-circlip-recto-para-anillos-de-retencion-interiores-180-mm\/#primaryimage\"},\"thumbnailUrl\":\"https:\/\/mantenimientosinformaticos.net\/canarytools\/wp-content\/uploads\/2021\/01\/1738-REF.432-Alicate-de-puntas-circlip-recto-para-anillos-de-retencion-interiores-180-mm.jpg\",\"datePublished\":\"2021-01-15T18:36:03+00:00\",\"dateModified\":\"2021-01-15T18:36:03+00:00\",\"breadcrumb\":{\"@id\":\"https:\/\/mantenimientosinformaticos.net\/canarytools\/producto\/ref432-alicate-de-puntas-circlip-recto-para-anillos-de-retencion-interiores-180-mm\/#breadcrumb\"},\"inLanguage\":\"es\",\"potentialAction\":[{\"@type\":\"ReadAction\",\"target\":[\"https:\/\/mantenimientosinformaticos.net\/canarytools\/producto\/ref432-alicate-de-puntas-circlip-recto-para-anillos-de-retencion-interiores-180-mm\/\"]}]},{\"@type\":\"ImageObject\",\"inLanguage\":\"es\",\"@id\":\"https:\/\/mantenimientosinformaticos.net\/canarytools\/producto\/ref432-alicate-de-puntas-circlip-recto-para-anillos-de-retencion-interiores-180-mm\/#primaryimage\",\"url\":\"https:\/\/mantenimientosinformaticos.net\/canarytools\/wp-content\/uploads\/2021\/01\/1738-REF.432-Alicate-de-puntas-circlip-recto-para-anillos-de-retencion-interiores-180-mm.jpg\",\"contentUrl\":\"https:\/\/mantenimientosinformaticos.net\/canarytools\/wp-content\/uploads\/2021\/01\/1738-REF.432-Alicate-de-puntas-circlip-recto-para-anillos-de-retencion-interiores-180-mm.jpg\",\"width\":540,\"height\":257,\"caption\":\"REF.:432 Alicate de puntas (circlip) recto para anillos de retenci\u00f3n interiores 180 mm\"},{\"@type\":\"BreadcrumbList\",\"@id\":\"https:\/\/mantenimientosinformaticos.net\/canarytools\/producto\/ref432-alicate-de-puntas-circlip-recto-para-anillos-de-retencion-interiores-180-mm\/#breadcrumb\",\"itemListElement\":[{\"@type\":\"ListItem\",\"position\":1,\"name\":\"Portada\",\"item\":\"https:\/\/mantenimientosinformaticos.net\/canarytools\/\"},{\"@type\":\"ListItem\",\"position\":2,\"name\":\"Tienda\",\"item\":\"https:\/\/mantenimientosinformaticos.net\/canarytools\/tienda\/\"},{\"@type\":\"ListItem\",\"position\":3,\"name\":\"REF.:432 Alicate de puntas (circlip) recto para anillos de retenci\u00f3n interiores 180 mm\"}]},{\"@type\":\"WebSite\",\"@id\":\"https:\/\/mantenimientosinformaticos.net\/canarytools\/#website\",\"url\":\"https:\/\/mantenimientosinformaticos.net\/canarytools\/\",\"name\":\"Canarytools S.L.\",\"description\":\"Herramientas y M\u00e1quinas\",\"publisher\":{\"@id\":\"https:\/\/mantenimientosinformaticos.net\/canarytools\/#\/schema\/person\/355e32754b03bb24b681f1b6917e49bf\"},\"potentialAction\":[{\"@type\":\"SearchAction\",\"target\":{\"@type\":\"EntryPoint\",\"urlTemplate\":\"https:\/\/mantenimientosinformaticos.net\/canarytools\/?s={search_term_string}\"},\"query-input\":\"required name=search_term_string\"}],\"inLanguage\":\"es\"},{\"@type\":[\"Person\",\"Organization\"],\"@id\":\"https:\/\/mantenimientosinformaticos.net\/canarytools\/#\/schema\/person\/355e32754b03bb24b681f1b6917e49bf\",\"name\":\"canarytools.xnetdigital\",\"image\":{\"@type\":\"ImageObject\",\"inLanguage\":\"es\",\"@id\":\"https:\/\/mantenimientosinformaticos.net\/canarytools\/#\/schema\/person\/image\/\",\"url\":\"https:\/\/mantenimientosinformaticos.net\/canarytools\/wp-content\/uploads\/2023\/12\/canary-tools-logo.png\",\"contentUrl\":\"https:\/\/mantenimientosinformaticos.net\/canarytools\/wp-content\/uploads\/2023\/12\/canary-tools-logo.png\",\"width\":1302,\"height\":440,\"caption\":\"canarytools.xnetdigital\"},\"logo\":{\"@id\":\"https:\/\/mantenimientosinformaticos.net\/canarytools\/#\/schema\/person\/image\/\"},\"sameAs\":[\"https:\/\/mantenimientosinformaticos.net\/canarytools\"]}]}<\/script>\n<!-- \/ Yoast SEO plugin. -->","yoast_head_json":{"title":"REF.:432  Alicate de puntas (circlip) recto para anillos de retenci\u00f3n interiores 180 mm - Canarytools S.L.","robots":{"index":"index","follow":"follow","max-snippet":"max-snippet:-1","max-image-preview":"max-image-preview:large","max-video-preview":"max-video-preview:-1"},"canonical":"https:\/\/mantenimientosinformaticos.net\/canarytools\/producto\/ref432-alicate-de-puntas-circlip-recto-para-anillos-de-retencion-interiores-180-mm\/","og_locale":"es_ES","og_type":"article","og_title":"REF.:432  Alicate de puntas (circlip) recto para anillos de retenci\u00f3n interiores 180 mm - Canarytools S.L.","og_description":"Para el montaje y desmontaje de anillos de retenci\u00f3n puntas especialmente endurecidas, \u00d8 1,8 mm mango recubierto","og_url":"https:\/\/mantenimientosinformaticos.net\/canarytools\/producto\/ref432-alicate-de-puntas-circlip-recto-para-anillos-de-retencion-interiores-180-mm\/","og_site_name":"Canarytools S.L.","og_image":[{"width":540,"height":257,"url":"https:\/\/mantenimientosinformaticos.net\/canarytools\/wp-content\/uploads\/2021\/01\/1738-REF.432-Alicate-de-puntas-circlip-recto-para-anillos-de-retencion-interiores-180-mm.jpg","type":"image\/jpeg"}],"twitter_card":"summary_large_image","schema":{"@context":"https:\/\/schema.org","@graph":[{"@type":"WebPage","@id":"https:\/\/mantenimientosinformaticos.net\/canarytools\/producto\/ref432-alicate-de-puntas-circlip-recto-para-anillos-de-retencion-interiores-180-mm\/","url":"https:\/\/mantenimientosinformaticos.net\/canarytools\/producto\/ref432-alicate-de-puntas-circlip-recto-para-anillos-de-retencion-interiores-180-mm\/","name":"REF.:432 Alicate de puntas (circlip) recto para anillos de retenci\u00f3n interiores 180 mm - Canarytools S.L.","isPartOf":{"@id":"https:\/\/mantenimientosinformaticos.net\/canarytools\/#website"},"primaryImageOfPage":{"@id":"https:\/\/mantenimientosinformaticos.net\/canarytools\/producto\/ref432-alicate-de-puntas-circlip-recto-para-anillos-de-retencion-interiores-180-mm\/#primaryimage"},"image":{"@id":"https:\/\/mantenimientosinformaticos.net\/canarytools\/producto\/ref432-alicate-de-puntas-circlip-recto-para-anillos-de-retencion-interiores-180-mm\/#primaryimage"},"thumbnailUrl":"https:\/\/mantenimientosinformaticos.net\/canarytools\/wp-content\/uploads\/2021\/01\/1738-REF.432-Alicate-de-puntas-circlip-recto-para-anillos-de-retencion-interiores-180-mm.jpg","datePublished":"2021-01-15T18:36:03+00:00","dateModified":"2021-01-15T18:36:03+00:00","breadcrumb":{"@id":"https:\/\/mantenimientosinformaticos.net\/canarytools\/producto\/ref432-alicate-de-puntas-circlip-recto-para-anillos-de-retencion-interiores-180-mm\/#breadcrumb"},"inLanguage":"es","potentialAction":[{"@type":"ReadAction","target":["https:\/\/mantenimientosinformaticos.net\/canarytools\/producto\/ref432-alicate-de-puntas-circlip-recto-para-anillos-de-retencion-interiores-180-mm\/"]}]},{"@type":"ImageObject","inLanguage":"es","@id":"https:\/\/mantenimientosinformaticos.net\/canarytools\/producto\/ref432-alicate-de-puntas-circlip-recto-para-anillos-de-retencion-interiores-180-mm\/#primaryimage","url":"https:\/\/mantenimientosinformaticos.net\/canarytools\/wp-content\/uploads\/2021\/01\/1738-REF.432-Alicate-de-puntas-circlip-recto-para-anillos-de-retencion-interiores-180-mm.jpg","contentUrl":"https:\/\/mantenimientosinformaticos.net\/canarytools\/wp-content\/uploads\/2021\/01\/1738-REF.432-Alicate-de-puntas-circlip-recto-para-anillos-de-retencion-interiores-180-mm.jpg","width":540,"height":257,"caption":"REF.:432 Alicate de puntas (circlip) recto para anillos de retenci\u00f3n interiores 180 mm"},{"@type":"BreadcrumbList","@id":"https:\/\/mantenimientosinformaticos.net\/canarytools\/producto\/ref432-alicate-de-puntas-circlip-recto-para-anillos-de-retencion-interiores-180-mm\/#breadcrumb","itemListElement":[{"@type":"ListItem","position":1,"name":"Portada","item":"https:\/\/mantenimientosinformaticos.net\/canarytools\/"},{"@type":"ListItem","position":2,"name":"Tienda","item":"https:\/\/mantenimientosinformaticos.net\/canarytools\/tienda\/"},{"@type":"ListItem","position":3,"name":"REF.:432 Alicate de puntas (circlip) recto para anillos de retenci\u00f3n interiores 180 mm"}]},{"@type":"WebSite","@id":"https:\/\/mantenimientosinformaticos.net\/canarytools\/#website","url":"https:\/\/mantenimientosinformaticos.net\/canarytools\/","name":"Canarytools S.L.","description":"Herramientas y M\u00e1quinas","publisher":{"@id":"https:\/\/mantenimientosinformaticos.net\/canarytools\/#\/schema\/person\/355e32754b03bb24b681f1b6917e49bf"},"potentialAction":[{"@type":"SearchAction","target":{"@type":"EntryPoint","urlTemplate":"https:\/\/mantenimientosinformaticos.net\/canarytools\/?s={search_term_string}"},"query-input":"required name=search_term_string"}],"inLanguage":"es"},{"@type":["Person","Organization"],"@id":"https:\/\/mantenimientosinformaticos.net\/canarytools\/#\/schema\/person\/355e32754b03bb24b681f1b6917e49bf","name":"canarytools.xnetdigital","image":{"@type":"ImageObject","inLanguage":"es","@id":"https:\/\/mantenimientosinformaticos.net\/canarytools\/#\/schema\/person\/image\/","url":"https:\/\/mantenimientosinformaticos.net\/canarytools\/wp-content\/uploads\/2023\/12\/canary-tools-logo.png","contentUrl":"https:\/\/mantenimientosinformaticos.net\/canarytools\/wp-content\/uploads\/2023\/12\/canary-tools-logo.png","width":1302,"height":440,"caption":"canarytools.xnetdigital"},"logo":{"@id":"https:\/\/mantenimientosinformaticos.net\/canarytools\/#\/schema\/person\/image\/"},"sameAs":["https:\/\/mantenimientosinformaticos.net\/canarytools"]}]}},"_links":{"self":[{"href":"https:\/\/mantenimientosinformaticos.net\/canarytools\/wp-json\/wp\/v2\/product\/7390","targetHints":{"allow":["GET"]}}],"collection":[{"href":"https:\/\/mantenimientosinformaticos.net\/canarytools\/wp-json\/wp\/v2\/product"}],"about":[{"href":"https:\/\/mantenimientosinformaticos.net\/canarytools\/wp-json\/wp\/v2\/types\/product"}],"replies":[{"embeddable":true,"href":"https:\/\/mantenimientosinformaticos.net\/canarytools\/wp-json\/wp\/v2\/comments?post=7390"}],"wp:featuredmedia":[{"embeddable":true,"href":"https:\/\/mantenimientosinformaticos.net\/canarytools\/wp-json\/wp\/v2\/media\/7388"}],"wp:attachment":[{"href":"https:\/\/mantenimientosinformaticos.net\/canarytools\/wp-json\/wp\/v2\/media?parent=7390"}],"wp:term":[{"taxonomy":"product_cat","embeddable":true,"href":"https:\/\/mantenimientosinformaticos.net\/canarytools\/wp-json\/wp\/v2\/product_cat?post=7390"},{"taxonomy":"product_tag","embeddable":true,"href":"https:\/\/mantenimientosinformaticos.net\/canarytools\/wp-json\/wp\/v2\/product_tag?post=7390"}],"curies":[{"name":"wp","href":"https:\/\/api.w.org\/{rel}","templated":true}]}}