{"id":7225,"date":"2021-01-08T19:49:55","date_gmt":"2021-01-08T18:49:55","guid":{"rendered":"https:\/\/mantenimientosinformaticos.net\/canarytools\/producto\/ref2808-llave-dinamometrica-cuadrado-exterior-25-mm-1-200-1000-nm\/"},"modified":"2021-01-08T19:49:55","modified_gmt":"2021-01-08T18:49:55","slug":"ref2808-llave-dinamometrica-cuadrado-exterior-25-mm-1-200-1000-nm","status":"publish","type":"product","link":"https:\/\/mantenimientosinformaticos.net\/canarytools\/producto\/ref2808-llave-dinamometrica-cuadrado-exterior-25-mm-1-200-1000-nm\/","title":{"rendered":"REF.:2808   Llave dinamom\u00e9trica cuadrado exterior 25 mm (1&#8243;) 200 &#8211; 1000 Nm"},"content":{"rendered":"","protected":false},"excerpt":{"rendered":"<ul style=\"margin:0px 0px 20px;list-style:none;padding:0px;color:#58595b;font-family:'PT Sans', 'Helvetica Neue', Helvetica, Arial, sans-serif;font-size:14px;background-color:#ffffff;\">\n<li>mecanismo de carraca, reversible, 48 dientes<\/li>\n<li>apropiado para apretar uniones atornilladas con rosca a derecha<\/li>\n<li>versi\u00f3n extralarga, dos piezas, insertable<\/li>\n<li>bloqueo seguro mediante el bot\u00f3n<\/li>\n<li>ventana para valor del par de apriete<\/li>\n<li>precisi\u00f3n: +\/- 4%, incl. certificado de verificaci\u00f3n<\/li>\n<li>rango de par de apriete: 200-1000 Nm<\/li>\n<li>escala fina: 2,5 Nm<\/li>\n<\/ul>\n","protected":false},"featured_media":7224,"comment_status":"open","ping_status":"closed","template":"","meta":[],"product_cat":[495,542],"product_tag":[],"class_list":{"0":"post-7225","1":"product","2":"type-product","3":"status-publish","4":"has-post-thumbnail","6":"product_cat-herramientas-manuales","7":"product_cat-llave-dinamometrica","9":"first","10":"onbackorder","11":"shipping-taxable","12":"purchasable","13":"product-type-simple"},"yoast_head":"<!-- This site is optimized with the Yoast SEO plugin v22.7 - https:\/\/yoast.com\/wordpress\/plugins\/seo\/ -->\n<title>REF.:2808  Llave dinamom\u00e9trica cuadrado exterior 25 mm (1&quot;) 200 - 1000 Nm - Canarytools S.L.<\/title>\n<meta name=\"robots\" content=\"index, follow, max-snippet:-1, max-image-preview:large, max-video-preview:-1\" \/>\n<link rel=\"canonical\" href=\"https:\/\/mantenimientosinformaticos.net\/canarytools\/producto\/ref2808-llave-dinamometrica-cuadrado-exterior-25-mm-1-200-1000-nm\/\" \/>\n<meta property=\"og:locale\" content=\"es_ES\" \/>\n<meta property=\"og:type\" content=\"article\" \/>\n<meta property=\"og:title\" content=\"REF.:2808  Llave dinamom\u00e9trica cuadrado exterior 25 mm (1&quot;) 200 - 1000 Nm - Canarytools S.L.\" \/>\n<meta property=\"og:description\" content=\"mecanismo de carraca, reversible, 48 dientes apropiado para apretar uniones atornilladas con rosca a derecha versi\u00f3n extralarga, dos piezas, insertable bloqueo seguro mediante el bot\u00f3n ventana para valor del par de apriete precisi\u00f3n: +\/- 4%, incl. certificado de verificaci\u00f3n rango de par de apriete: 200-1000 Nm escala fina: 2,5 Nm\" \/>\n<meta property=\"og:url\" content=\"https:\/\/mantenimientosinformaticos.net\/canarytools\/producto\/ref2808-llave-dinamometrica-cuadrado-exterior-25-mm-1-200-1000-nm\/\" \/>\n<meta property=\"og:site_name\" content=\"Canarytools S.L.\" \/>\n<meta property=\"og:image\" content=\"https:\/\/mantenimientosinformaticos.net\/canarytools\/wp-content\/uploads\/2021\/01\/1685-REF.2808-Llave-dinamometrica-cuadrado-exterior-25-mm-1-200-1000-Nm.jpg\" \/>\n\t<meta property=\"og:image:width\" content=\"540\" \/>\n\t<meta property=\"og:image:height\" content=\"275\" \/>\n\t<meta property=\"og:image:type\" content=\"image\/jpeg\" \/>\n<meta name=\"twitter:card\" content=\"summary_large_image\" \/>\n<script type=\"application\/ld+json\" class=\"yoast-schema-graph\">{\"@context\":\"https:\/\/schema.org\",\"@graph\":[{\"@type\":\"WebPage\",\"@id\":\"https:\/\/mantenimientosinformaticos.net\/canarytools\/producto\/ref2808-llave-dinamometrica-cuadrado-exterior-25-mm-1-200-1000-nm\/\",\"url\":\"https:\/\/mantenimientosinformaticos.net\/canarytools\/producto\/ref2808-llave-dinamometrica-cuadrado-exterior-25-mm-1-200-1000-nm\/\",\"name\":\"REF.:2808 Llave dinamom\u00e9trica cuadrado exterior 25 mm (1\\\") 200 - 1000 Nm - Canarytools S.L.\",\"isPartOf\":{\"@id\":\"https:\/\/mantenimientosinformaticos.net\/canarytools\/#website\"},\"primaryImageOfPage\":{\"@id\":\"https:\/\/mantenimientosinformaticos.net\/canarytools\/producto\/ref2808-llave-dinamometrica-cuadrado-exterior-25-mm-1-200-1000-nm\/#primaryimage\"},\"image\":{\"@id\":\"https:\/\/mantenimientosinformaticos.net\/canarytools\/producto\/ref2808-llave-dinamometrica-cuadrado-exterior-25-mm-1-200-1000-nm\/#primaryimage\"},\"thumbnailUrl\":\"https:\/\/mantenimientosinformaticos.net\/canarytools\/wp-content\/uploads\/2021\/01\/1685-REF.2808-Llave-dinamometrica-cuadrado-exterior-25-mm-1-200-1000-Nm.jpg\",\"datePublished\":\"2021-01-08T18:49:55+00:00\",\"dateModified\":\"2021-01-08T18:49:55+00:00\",\"breadcrumb\":{\"@id\":\"https:\/\/mantenimientosinformaticos.net\/canarytools\/producto\/ref2808-llave-dinamometrica-cuadrado-exterior-25-mm-1-200-1000-nm\/#breadcrumb\"},\"inLanguage\":\"es\",\"potentialAction\":[{\"@type\":\"ReadAction\",\"target\":[\"https:\/\/mantenimientosinformaticos.net\/canarytools\/producto\/ref2808-llave-dinamometrica-cuadrado-exterior-25-mm-1-200-1000-nm\/\"]}]},{\"@type\":\"ImageObject\",\"inLanguage\":\"es\",\"@id\":\"https:\/\/mantenimientosinformaticos.net\/canarytools\/producto\/ref2808-llave-dinamometrica-cuadrado-exterior-25-mm-1-200-1000-nm\/#primaryimage\",\"url\":\"https:\/\/mantenimientosinformaticos.net\/canarytools\/wp-content\/uploads\/2021\/01\/1685-REF.2808-Llave-dinamometrica-cuadrado-exterior-25-mm-1-200-1000-Nm.jpg\",\"contentUrl\":\"https:\/\/mantenimientosinformaticos.net\/canarytools\/wp-content\/uploads\/2021\/01\/1685-REF.2808-Llave-dinamometrica-cuadrado-exterior-25-mm-1-200-1000-Nm.jpg\",\"width\":540,\"height\":275,\"caption\":\"REF.:2808 Llave dinamom\u00e9trica cuadrado exterior 25 mm (1\\\") 200 - 1000 Nm\"},{\"@type\":\"BreadcrumbList\",\"@id\":\"https:\/\/mantenimientosinformaticos.net\/canarytools\/producto\/ref2808-llave-dinamometrica-cuadrado-exterior-25-mm-1-200-1000-nm\/#breadcrumb\",\"itemListElement\":[{\"@type\":\"ListItem\",\"position\":1,\"name\":\"Portada\",\"item\":\"https:\/\/mantenimientosinformaticos.net\/canarytools\/\"},{\"@type\":\"ListItem\",\"position\":2,\"name\":\"Tienda\",\"item\":\"https:\/\/mantenimientosinformaticos.net\/canarytools\/tienda\/\"},{\"@type\":\"ListItem\",\"position\":3,\"name\":\"REF.:2808 Llave dinamom\u00e9trica cuadrado exterior 25 mm (1&#8243;) 200 &#8211; 1000 Nm\"}]},{\"@type\":\"WebSite\",\"@id\":\"https:\/\/mantenimientosinformaticos.net\/canarytools\/#website\",\"url\":\"https:\/\/mantenimientosinformaticos.net\/canarytools\/\",\"name\":\"Canarytools S.L.\",\"description\":\"Herramientas y M\u00e1quinas\",\"publisher\":{\"@id\":\"https:\/\/mantenimientosinformaticos.net\/canarytools\/#\/schema\/person\/355e32754b03bb24b681f1b6917e49bf\"},\"potentialAction\":[{\"@type\":\"SearchAction\",\"target\":{\"@type\":\"EntryPoint\",\"urlTemplate\":\"https:\/\/mantenimientosinformaticos.net\/canarytools\/?s={search_term_string}\"},\"query-input\":\"required name=search_term_string\"}],\"inLanguage\":\"es\"},{\"@type\":[\"Person\",\"Organization\"],\"@id\":\"https:\/\/mantenimientosinformaticos.net\/canarytools\/#\/schema\/person\/355e32754b03bb24b681f1b6917e49bf\",\"name\":\"canarytools.xnetdigital\",\"image\":{\"@type\":\"ImageObject\",\"inLanguage\":\"es\",\"@id\":\"https:\/\/mantenimientosinformaticos.net\/canarytools\/#\/schema\/person\/image\/\",\"url\":\"https:\/\/mantenimientosinformaticos.net\/canarytools\/wp-content\/uploads\/2023\/12\/canary-tools-logo.png\",\"contentUrl\":\"https:\/\/mantenimientosinformaticos.net\/canarytools\/wp-content\/uploads\/2023\/12\/canary-tools-logo.png\",\"width\":1302,\"height\":440,\"caption\":\"canarytools.xnetdigital\"},\"logo\":{\"@id\":\"https:\/\/mantenimientosinformaticos.net\/canarytools\/#\/schema\/person\/image\/\"},\"sameAs\":[\"https:\/\/mantenimientosinformaticos.net\/canarytools\"]}]}<\/script>\n<!-- \/ Yoast SEO plugin. -->","yoast_head_json":{"title":"REF.:2808  Llave dinamom\u00e9trica cuadrado exterior 25 mm (1\") 200 - 1000 Nm - Canarytools S.L.","robots":{"index":"index","follow":"follow","max-snippet":"max-snippet:-1","max-image-preview":"max-image-preview:large","max-video-preview":"max-video-preview:-1"},"canonical":"https:\/\/mantenimientosinformaticos.net\/canarytools\/producto\/ref2808-llave-dinamometrica-cuadrado-exterior-25-mm-1-200-1000-nm\/","og_locale":"es_ES","og_type":"article","og_title":"REF.:2808  Llave dinamom\u00e9trica cuadrado exterior 25 mm (1\") 200 - 1000 Nm - Canarytools S.L.","og_description":"mecanismo de carraca, reversible, 48 dientes apropiado para apretar uniones atornilladas con rosca a derecha versi\u00f3n extralarga, dos piezas, insertable bloqueo seguro mediante el bot\u00f3n ventana para valor del par de apriete precisi\u00f3n: +\/- 4%, incl. certificado de verificaci\u00f3n rango de par de apriete: 200-1000 Nm escala fina: 2,5 Nm","og_url":"https:\/\/mantenimientosinformaticos.net\/canarytools\/producto\/ref2808-llave-dinamometrica-cuadrado-exterior-25-mm-1-200-1000-nm\/","og_site_name":"Canarytools S.L.","og_image":[{"width":540,"height":275,"url":"https:\/\/mantenimientosinformaticos.net\/canarytools\/wp-content\/uploads\/2021\/01\/1685-REF.2808-Llave-dinamometrica-cuadrado-exterior-25-mm-1-200-1000-Nm.jpg","type":"image\/jpeg"}],"twitter_card":"summary_large_image","schema":{"@context":"https:\/\/schema.org","@graph":[{"@type":"WebPage","@id":"https:\/\/mantenimientosinformaticos.net\/canarytools\/producto\/ref2808-llave-dinamometrica-cuadrado-exterior-25-mm-1-200-1000-nm\/","url":"https:\/\/mantenimientosinformaticos.net\/canarytools\/producto\/ref2808-llave-dinamometrica-cuadrado-exterior-25-mm-1-200-1000-nm\/","name":"REF.:2808 Llave dinamom\u00e9trica cuadrado exterior 25 mm (1\") 200 - 1000 Nm - Canarytools S.L.","isPartOf":{"@id":"https:\/\/mantenimientosinformaticos.net\/canarytools\/#website"},"primaryImageOfPage":{"@id":"https:\/\/mantenimientosinformaticos.net\/canarytools\/producto\/ref2808-llave-dinamometrica-cuadrado-exterior-25-mm-1-200-1000-nm\/#primaryimage"},"image":{"@id":"https:\/\/mantenimientosinformaticos.net\/canarytools\/producto\/ref2808-llave-dinamometrica-cuadrado-exterior-25-mm-1-200-1000-nm\/#primaryimage"},"thumbnailUrl":"https:\/\/mantenimientosinformaticos.net\/canarytools\/wp-content\/uploads\/2021\/01\/1685-REF.2808-Llave-dinamometrica-cuadrado-exterior-25-mm-1-200-1000-Nm.jpg","datePublished":"2021-01-08T18:49:55+00:00","dateModified":"2021-01-08T18:49:55+00:00","breadcrumb":{"@id":"https:\/\/mantenimientosinformaticos.net\/canarytools\/producto\/ref2808-llave-dinamometrica-cuadrado-exterior-25-mm-1-200-1000-nm\/#breadcrumb"},"inLanguage":"es","potentialAction":[{"@type":"ReadAction","target":["https:\/\/mantenimientosinformaticos.net\/canarytools\/producto\/ref2808-llave-dinamometrica-cuadrado-exterior-25-mm-1-200-1000-nm\/"]}]},{"@type":"ImageObject","inLanguage":"es","@id":"https:\/\/mantenimientosinformaticos.net\/canarytools\/producto\/ref2808-llave-dinamometrica-cuadrado-exterior-25-mm-1-200-1000-nm\/#primaryimage","url":"https:\/\/mantenimientosinformaticos.net\/canarytools\/wp-content\/uploads\/2021\/01\/1685-REF.2808-Llave-dinamometrica-cuadrado-exterior-25-mm-1-200-1000-Nm.jpg","contentUrl":"https:\/\/mantenimientosinformaticos.net\/canarytools\/wp-content\/uploads\/2021\/01\/1685-REF.2808-Llave-dinamometrica-cuadrado-exterior-25-mm-1-200-1000-Nm.jpg","width":540,"height":275,"caption":"REF.:2808 Llave dinamom\u00e9trica cuadrado exterior 25 mm (1\") 200 - 1000 Nm"},{"@type":"BreadcrumbList","@id":"https:\/\/mantenimientosinformaticos.net\/canarytools\/producto\/ref2808-llave-dinamometrica-cuadrado-exterior-25-mm-1-200-1000-nm\/#breadcrumb","itemListElement":[{"@type":"ListItem","position":1,"name":"Portada","item":"https:\/\/mantenimientosinformaticos.net\/canarytools\/"},{"@type":"ListItem","position":2,"name":"Tienda","item":"https:\/\/mantenimientosinformaticos.net\/canarytools\/tienda\/"},{"@type":"ListItem","position":3,"name":"REF.:2808 Llave dinamom\u00e9trica cuadrado exterior 25 mm (1&#8243;) 200 &#8211; 1000 Nm"}]},{"@type":"WebSite","@id":"https:\/\/mantenimientosinformaticos.net\/canarytools\/#website","url":"https:\/\/mantenimientosinformaticos.net\/canarytools\/","name":"Canarytools S.L.","description":"Herramientas y M\u00e1quinas","publisher":{"@id":"https:\/\/mantenimientosinformaticos.net\/canarytools\/#\/schema\/person\/355e32754b03bb24b681f1b6917e49bf"},"potentialAction":[{"@type":"SearchAction","target":{"@type":"EntryPoint","urlTemplate":"https:\/\/mantenimientosinformaticos.net\/canarytools\/?s={search_term_string}"},"query-input":"required name=search_term_string"}],"inLanguage":"es"},{"@type":["Person","Organization"],"@id":"https:\/\/mantenimientosinformaticos.net\/canarytools\/#\/schema\/person\/355e32754b03bb24b681f1b6917e49bf","name":"canarytools.xnetdigital","image":{"@type":"ImageObject","inLanguage":"es","@id":"https:\/\/mantenimientosinformaticos.net\/canarytools\/#\/schema\/person\/image\/","url":"https:\/\/mantenimientosinformaticos.net\/canarytools\/wp-content\/uploads\/2023\/12\/canary-tools-logo.png","contentUrl":"https:\/\/mantenimientosinformaticos.net\/canarytools\/wp-content\/uploads\/2023\/12\/canary-tools-logo.png","width":1302,"height":440,"caption":"canarytools.xnetdigital"},"logo":{"@id":"https:\/\/mantenimientosinformaticos.net\/canarytools\/#\/schema\/person\/image\/"},"sameAs":["https:\/\/mantenimientosinformaticos.net\/canarytools"]}]}},"_links":{"self":[{"href":"https:\/\/mantenimientosinformaticos.net\/canarytools\/wp-json\/wp\/v2\/product\/7225","targetHints":{"allow":["GET"]}}],"collection":[{"href":"https:\/\/mantenimientosinformaticos.net\/canarytools\/wp-json\/wp\/v2\/product"}],"about":[{"href":"https:\/\/mantenimientosinformaticos.net\/canarytools\/wp-json\/wp\/v2\/types\/product"}],"replies":[{"embeddable":true,"href":"https:\/\/mantenimientosinformaticos.net\/canarytools\/wp-json\/wp\/v2\/comments?post=7225"}],"wp:featuredmedia":[{"embeddable":true,"href":"https:\/\/mantenimientosinformaticos.net\/canarytools\/wp-json\/wp\/v2\/media\/7224"}],"wp:attachment":[{"href":"https:\/\/mantenimientosinformaticos.net\/canarytools\/wp-json\/wp\/v2\/media?parent=7225"}],"wp:term":[{"taxonomy":"product_cat","embeddable":true,"href":"https:\/\/mantenimientosinformaticos.net\/canarytools\/wp-json\/wp\/v2\/product_cat?post=7225"},{"taxonomy":"product_tag","embeddable":true,"href":"https:\/\/mantenimientosinformaticos.net\/canarytools\/wp-json\/wp\/v2\/product_tag?post=7225"}],"curies":[{"name":"wp","href":"https:\/\/api.w.org\/{rel}","templated":true}]}}