{"id":7158,"date":"2020-12-23T19:43:48","date_gmt":"2020-12-23T18:43:48","guid":{"rendered":"https:\/\/mantenimientosinformaticos.net\/canarytools\/producto\/ref3134-extension-125-mm-12-610-mm\/"},"modified":"2020-12-23T19:43:48","modified_gmt":"2020-12-23T18:43:48","slug":"ref3134-extension-125-mm-12-610-mm","status":"publish","type":"product","link":"https:\/\/mantenimientosinformaticos.net\/canarytools\/producto\/ref3134-extension-125-mm-12-610-mm\/","title":{"rendered":"REF.:3134   Extensi\u00f3n 12,5 mm (1\/2&#8243;) 610 mm"},"content":{"rendered":"","protected":false},"excerpt":{"rendered":"<table class=\"details_attributes\" style=\"border-collapse:collapse;border-spacing:0px;background-color:#ffffff;color:#58595b;font-family:'PT Sans', 'Helvetica Neue', Helvetica, Arial, sans-serif;font-size:14px;\">\n<tbody class=\"attributes dl-horizontal\" style=\"margin-top:1rem;\">\n<tr style=\"height:30px;background:#f0f0f0;\">\n<td id=\"attrTitle_1\" title=\"Perfil de accionamiento\" style=\"padding:8px;line-height:18px;vertical-align:top;border-top:1px solid #dddddd;min-width:200px;\">Perfil de accionamiento<\/td>\n<td id=\"attrValue_1\" style=\"padding:8px;line-height:18px;vertical-align:top;border-top:1px solid #dddddd;min-width:200px;\">Cuadrado externo<\/td>\n<\/tr>\n<tr style=\"height:30px;\">\n<td id=\"attrTitle_2\" title=\"Perfil de transmisi\u00f3n\" style=\"padding:8px;line-height:18px;vertical-align:top;border-top:1px solid #dddddd;min-width:200px;\">Perfil de transmisi\u00f3n<\/td>\n<td id=\"attrValue_2\" style=\"padding:8px;line-height:18px;vertical-align:top;border-top:1px solid #dddddd;min-width:200px;\">Cuadrado interno<\/td>\n<\/tr>\n<tr style=\"height:30px;background:#f0f0f0;\">\n<td id=\"attrTitle_3\" title=\"Tama\u00f1o del perfil de accionamiento, sistema anglosaj\u00f3n\" style=\"padding:8px;line-height:18px;vertical-align:top;border-top:1px solid #dddddd;min-width:200px;\">Tama\u00f1o del perfil de accionamiento, sistema anglosaj\u00f3n<\/td>\n<td id=\"attrValue_3\" style=\"padding:8px;line-height:18px;vertical-align:top;border-top:1px solid #dddddd;min-width:200px;\">1\/2 \u00ab<\/td>\n<\/tr>\n<tr style=\"height:30px;\">\n<td id=\"attrTitle_4\" title=\"Tama\u00f1o del perfil de accionamiento, sistema m\u00e9trico\" style=\"padding:8px;line-height:18px;vertical-align:top;border-top:1px solid #dddddd;min-width:200px;\">Tama\u00f1o del perfil de accionamiento, sistema m\u00e9trico<\/td>\n<td id=\"attrValue_4\" style=\"padding:8px;line-height:18px;vertical-align:top;border-top:1px solid #dddddd;min-width:200px;\">12,5 mm<\/td>\n<\/tr>\n<tr style=\"height:30px;background:#f0f0f0;\">\n<td id=\"attrTitle_5\" title=\"Peso bruto\" style=\"padding:8px;line-height:18px;vertical-align:top;border-top:1px solid #dddddd;min-width:200px;\">Peso bruto<\/td>\n<td id=\"attrValue_5\" style=\"padding:8px;line-height:18px;vertical-align:top;border-top:1px solid #dddddd;min-width:200px;\">1000 g<\/td>\n<\/tr>\n<tr style=\"height:30px;\">\n<td id=\"attrTitle_6\" title=\"Longitud\" style=\"padding:8px;line-height:18px;vertical-align:top;border-top:1px solid #dddddd;min-width:200px;\">Longitud<\/td>\n<td id=\"attrValue_6\" style=\"padding:8px;line-height:18px;vertical-align:top;border-top:1px solid #dddddd;min-width:200px;\">610 mm<\/td>\n<\/tr>\n<tr style=\"height:30px;background:#f0f0f0;\">\n<td id=\"attrTitle_7\" title=\"Material\" style=\"padding:8px;line-height:18px;vertical-align:top;border-top:1px solid #dddddd;min-width:200px;\">Material<\/td>\n<td id=\"attrValue_7\" style=\"padding:8px;line-height:18px;vertical-align:top;border-top:1px solid #dddddd;min-width:200px;\">Acero al cromo vanadio<\/td>\n<\/tr>\n<tr style=\"height:30px;\">\n<td id=\"attrTitle_8\" title=\"Tratamiento superficial\" style=\"padding:8px;line-height:18px;vertical-align:top;border-top:1px solid #dddddd;min-width:200px;\">Tratamiento superficial<\/td>\n<td id=\"attrValue_8\" style=\"padding:8px;line-height:18px;vertical-align:top;border-top:1px solid #dddddd;min-width:200px;\">Cromado, mate<\/td>\n<\/tr>\n<tr style=\"height:30px;background:#f0f0f0;\">\n<td id=\"attrTitle_9\" title=\"Embalaje adecuado para colgar de la pared\" style=\"padding:8px;line-height:18px;vertical-align:top;border-top:1px solid #dddddd;min-width:200px;\">Embalaje adecuado para colgar de la pared<\/td>\n<td id=\"attrValue_9\" style=\"padding:8px;line-height:18px;vertical-align:top;border-top:1px solid #dddddd;min-width:200px;\">S\u00ed<\/td>\n<\/tr>\n<\/tbody>\n<\/table>\n","protected":false},"featured_media":7156,"comment_status":"open","ping_status":"closed","template":"","meta":[],"product_cat":[490],"product_tag":[],"class_list":{"0":"post-7158","1":"product","2":"type-product","3":"status-publish","4":"has-post-thumbnail","6":"product_cat-inicio","8":"first","9":"onbackorder","10":"shipping-taxable","11":"purchasable","12":"product-type-simple"},"yoast_head":"<!-- This site is optimized with the Yoast SEO plugin v22.7 - https:\/\/yoast.com\/wordpress\/plugins\/seo\/ -->\n<title>REF.:3134  Extensi\u00f3n 12,5 mm (1\/2&quot;) 610 mm - Canarytools S.L.<\/title>\n<meta name=\"robots\" content=\"index, follow, max-snippet:-1, max-image-preview:large, max-video-preview:-1\" \/>\n<link rel=\"canonical\" href=\"https:\/\/mantenimientosinformaticos.net\/canarytools\/producto\/ref3134-extension-125-mm-12-610-mm\/\" \/>\n<meta property=\"og:locale\" content=\"es_ES\" \/>\n<meta property=\"og:type\" content=\"article\" \/>\n<meta property=\"og:title\" content=\"REF.:3134  Extensi\u00f3n 12,5 mm (1\/2&quot;) 610 mm - Canarytools S.L.\" \/>\n<meta property=\"og:description\" content=\"Perfil de accionamiento Cuadrado externo Perfil de transmisi\u00f3n Cuadrado interno Tama\u00f1o del perfil de accionamiento, sistema anglosaj\u00f3n 1\/2 &quot; Tama\u00f1o del perfil de accionamiento, sistema m\u00e9trico 12,5 mm Peso bruto 1000 g Longitud 610 mm Material Acero al cromo vanadio Tratamiento superficial Cromado, mate Embalaje adecuado para colgar de la pared S\u00ed\" \/>\n<meta property=\"og:url\" content=\"https:\/\/mantenimientosinformaticos.net\/canarytools\/producto\/ref3134-extension-125-mm-12-610-mm\/\" \/>\n<meta property=\"og:site_name\" content=\"Canarytools S.L.\" \/>\n<meta property=\"og:image\" content=\"https:\/\/mantenimientosinformaticos.net\/canarytools\/wp-content\/uploads\/2020\/12\/1664-REF.3134-Extension-125-mm-12-610-mm.jpg\" \/>\n\t<meta property=\"og:image:width\" content=\"540\" \/>\n\t<meta property=\"og:image:height\" content=\"22\" \/>\n\t<meta property=\"og:image:type\" content=\"image\/jpeg\" \/>\n<meta name=\"twitter:card\" content=\"summary_large_image\" \/>\n<script type=\"application\/ld+json\" class=\"yoast-schema-graph\">{\"@context\":\"https:\/\/schema.org\",\"@graph\":[{\"@type\":\"WebPage\",\"@id\":\"https:\/\/mantenimientosinformaticos.net\/canarytools\/producto\/ref3134-extension-125-mm-12-610-mm\/\",\"url\":\"https:\/\/mantenimientosinformaticos.net\/canarytools\/producto\/ref3134-extension-125-mm-12-610-mm\/\",\"name\":\"REF.:3134 Extensi\u00f3n 12,5 mm (1\/2\\\") 610 mm - Canarytools S.L.\",\"isPartOf\":{\"@id\":\"https:\/\/mantenimientosinformaticos.net\/canarytools\/#website\"},\"primaryImageOfPage\":{\"@id\":\"https:\/\/mantenimientosinformaticos.net\/canarytools\/producto\/ref3134-extension-125-mm-12-610-mm\/#primaryimage\"},\"image\":{\"@id\":\"https:\/\/mantenimientosinformaticos.net\/canarytools\/producto\/ref3134-extension-125-mm-12-610-mm\/#primaryimage\"},\"thumbnailUrl\":\"https:\/\/mantenimientosinformaticos.net\/canarytools\/wp-content\/uploads\/2020\/12\/1664-REF.3134-Extension-125-mm-12-610-mm.jpg\",\"datePublished\":\"2020-12-23T18:43:48+00:00\",\"dateModified\":\"2020-12-23T18:43:48+00:00\",\"breadcrumb\":{\"@id\":\"https:\/\/mantenimientosinformaticos.net\/canarytools\/producto\/ref3134-extension-125-mm-12-610-mm\/#breadcrumb\"},\"inLanguage\":\"es\",\"potentialAction\":[{\"@type\":\"ReadAction\",\"target\":[\"https:\/\/mantenimientosinformaticos.net\/canarytools\/producto\/ref3134-extension-125-mm-12-610-mm\/\"]}]},{\"@type\":\"ImageObject\",\"inLanguage\":\"es\",\"@id\":\"https:\/\/mantenimientosinformaticos.net\/canarytools\/producto\/ref3134-extension-125-mm-12-610-mm\/#primaryimage\",\"url\":\"https:\/\/mantenimientosinformaticos.net\/canarytools\/wp-content\/uploads\/2020\/12\/1664-REF.3134-Extension-125-mm-12-610-mm.jpg\",\"contentUrl\":\"https:\/\/mantenimientosinformaticos.net\/canarytools\/wp-content\/uploads\/2020\/12\/1664-REF.3134-Extension-125-mm-12-610-mm.jpg\",\"width\":540,\"height\":22,\"caption\":\"REF.:3134 Extensi\u00f3n 12,5 mm (1\/2\\\") 610 mm\"},{\"@type\":\"BreadcrumbList\",\"@id\":\"https:\/\/mantenimientosinformaticos.net\/canarytools\/producto\/ref3134-extension-125-mm-12-610-mm\/#breadcrumb\",\"itemListElement\":[{\"@type\":\"ListItem\",\"position\":1,\"name\":\"Portada\",\"item\":\"https:\/\/mantenimientosinformaticos.net\/canarytools\/\"},{\"@type\":\"ListItem\",\"position\":2,\"name\":\"Tienda\",\"item\":\"https:\/\/mantenimientosinformaticos.net\/canarytools\/tienda\/\"},{\"@type\":\"ListItem\",\"position\":3,\"name\":\"REF.:3134 Extensi\u00f3n 12,5 mm (1\/2&#8243;) 610 mm\"}]},{\"@type\":\"WebSite\",\"@id\":\"https:\/\/mantenimientosinformaticos.net\/canarytools\/#website\",\"url\":\"https:\/\/mantenimientosinformaticos.net\/canarytools\/\",\"name\":\"Canarytools S.L.\",\"description\":\"Herramientas y M\u00e1quinas\",\"publisher\":{\"@id\":\"https:\/\/mantenimientosinformaticos.net\/canarytools\/#\/schema\/person\/355e32754b03bb24b681f1b6917e49bf\"},\"potentialAction\":[{\"@type\":\"SearchAction\",\"target\":{\"@type\":\"EntryPoint\",\"urlTemplate\":\"https:\/\/mantenimientosinformaticos.net\/canarytools\/?s={search_term_string}\"},\"query-input\":\"required name=search_term_string\"}],\"inLanguage\":\"es\"},{\"@type\":[\"Person\",\"Organization\"],\"@id\":\"https:\/\/mantenimientosinformaticos.net\/canarytools\/#\/schema\/person\/355e32754b03bb24b681f1b6917e49bf\",\"name\":\"canarytools.xnetdigital\",\"image\":{\"@type\":\"ImageObject\",\"inLanguage\":\"es\",\"@id\":\"https:\/\/mantenimientosinformaticos.net\/canarytools\/#\/schema\/person\/image\/\",\"url\":\"https:\/\/mantenimientosinformaticos.net\/canarytools\/wp-content\/uploads\/2023\/12\/canary-tools-logo.png\",\"contentUrl\":\"https:\/\/mantenimientosinformaticos.net\/canarytools\/wp-content\/uploads\/2023\/12\/canary-tools-logo.png\",\"width\":1302,\"height\":440,\"caption\":\"canarytools.xnetdigital\"},\"logo\":{\"@id\":\"https:\/\/mantenimientosinformaticos.net\/canarytools\/#\/schema\/person\/image\/\"},\"sameAs\":[\"https:\/\/mantenimientosinformaticos.net\/canarytools\"]}]}<\/script>\n<!-- \/ Yoast SEO plugin. -->","yoast_head_json":{"title":"REF.:3134  Extensi\u00f3n 12,5 mm (1\/2\") 610 mm - Canarytools S.L.","robots":{"index":"index","follow":"follow","max-snippet":"max-snippet:-1","max-image-preview":"max-image-preview:large","max-video-preview":"max-video-preview:-1"},"canonical":"https:\/\/mantenimientosinformaticos.net\/canarytools\/producto\/ref3134-extension-125-mm-12-610-mm\/","og_locale":"es_ES","og_type":"article","og_title":"REF.:3134  Extensi\u00f3n 12,5 mm (1\/2\") 610 mm - Canarytools S.L.","og_description":"Perfil de accionamiento Cuadrado externo Perfil de transmisi\u00f3n Cuadrado interno Tama\u00f1o del perfil de accionamiento, sistema anglosaj\u00f3n 1\/2 \" Tama\u00f1o del perfil de accionamiento, sistema m\u00e9trico 12,5 mm Peso bruto 1000 g Longitud 610 mm Material Acero al cromo vanadio Tratamiento superficial Cromado, mate Embalaje adecuado para colgar de la pared S\u00ed","og_url":"https:\/\/mantenimientosinformaticos.net\/canarytools\/producto\/ref3134-extension-125-mm-12-610-mm\/","og_site_name":"Canarytools S.L.","og_image":[{"width":540,"height":22,"url":"https:\/\/mantenimientosinformaticos.net\/canarytools\/wp-content\/uploads\/2020\/12\/1664-REF.3134-Extension-125-mm-12-610-mm.jpg","type":"image\/jpeg"}],"twitter_card":"summary_large_image","schema":{"@context":"https:\/\/schema.org","@graph":[{"@type":"WebPage","@id":"https:\/\/mantenimientosinformaticos.net\/canarytools\/producto\/ref3134-extension-125-mm-12-610-mm\/","url":"https:\/\/mantenimientosinformaticos.net\/canarytools\/producto\/ref3134-extension-125-mm-12-610-mm\/","name":"REF.:3134 Extensi\u00f3n 12,5 mm (1\/2\") 610 mm - Canarytools S.L.","isPartOf":{"@id":"https:\/\/mantenimientosinformaticos.net\/canarytools\/#website"},"primaryImageOfPage":{"@id":"https:\/\/mantenimientosinformaticos.net\/canarytools\/producto\/ref3134-extension-125-mm-12-610-mm\/#primaryimage"},"image":{"@id":"https:\/\/mantenimientosinformaticos.net\/canarytools\/producto\/ref3134-extension-125-mm-12-610-mm\/#primaryimage"},"thumbnailUrl":"https:\/\/mantenimientosinformaticos.net\/canarytools\/wp-content\/uploads\/2020\/12\/1664-REF.3134-Extension-125-mm-12-610-mm.jpg","datePublished":"2020-12-23T18:43:48+00:00","dateModified":"2020-12-23T18:43:48+00:00","breadcrumb":{"@id":"https:\/\/mantenimientosinformaticos.net\/canarytools\/producto\/ref3134-extension-125-mm-12-610-mm\/#breadcrumb"},"inLanguage":"es","potentialAction":[{"@type":"ReadAction","target":["https:\/\/mantenimientosinformaticos.net\/canarytools\/producto\/ref3134-extension-125-mm-12-610-mm\/"]}]},{"@type":"ImageObject","inLanguage":"es","@id":"https:\/\/mantenimientosinformaticos.net\/canarytools\/producto\/ref3134-extension-125-mm-12-610-mm\/#primaryimage","url":"https:\/\/mantenimientosinformaticos.net\/canarytools\/wp-content\/uploads\/2020\/12\/1664-REF.3134-Extension-125-mm-12-610-mm.jpg","contentUrl":"https:\/\/mantenimientosinformaticos.net\/canarytools\/wp-content\/uploads\/2020\/12\/1664-REF.3134-Extension-125-mm-12-610-mm.jpg","width":540,"height":22,"caption":"REF.:3134 Extensi\u00f3n 12,5 mm (1\/2\") 610 mm"},{"@type":"BreadcrumbList","@id":"https:\/\/mantenimientosinformaticos.net\/canarytools\/producto\/ref3134-extension-125-mm-12-610-mm\/#breadcrumb","itemListElement":[{"@type":"ListItem","position":1,"name":"Portada","item":"https:\/\/mantenimientosinformaticos.net\/canarytools\/"},{"@type":"ListItem","position":2,"name":"Tienda","item":"https:\/\/mantenimientosinformaticos.net\/canarytools\/tienda\/"},{"@type":"ListItem","position":3,"name":"REF.:3134 Extensi\u00f3n 12,5 mm (1\/2&#8243;) 610 mm"}]},{"@type":"WebSite","@id":"https:\/\/mantenimientosinformaticos.net\/canarytools\/#website","url":"https:\/\/mantenimientosinformaticos.net\/canarytools\/","name":"Canarytools S.L.","description":"Herramientas y M\u00e1quinas","publisher":{"@id":"https:\/\/mantenimientosinformaticos.net\/canarytools\/#\/schema\/person\/355e32754b03bb24b681f1b6917e49bf"},"potentialAction":[{"@type":"SearchAction","target":{"@type":"EntryPoint","urlTemplate":"https:\/\/mantenimientosinformaticos.net\/canarytools\/?s={search_term_string}"},"query-input":"required name=search_term_string"}],"inLanguage":"es"},{"@type":["Person","Organization"],"@id":"https:\/\/mantenimientosinformaticos.net\/canarytools\/#\/schema\/person\/355e32754b03bb24b681f1b6917e49bf","name":"canarytools.xnetdigital","image":{"@type":"ImageObject","inLanguage":"es","@id":"https:\/\/mantenimientosinformaticos.net\/canarytools\/#\/schema\/person\/image\/","url":"https:\/\/mantenimientosinformaticos.net\/canarytools\/wp-content\/uploads\/2023\/12\/canary-tools-logo.png","contentUrl":"https:\/\/mantenimientosinformaticos.net\/canarytools\/wp-content\/uploads\/2023\/12\/canary-tools-logo.png","width":1302,"height":440,"caption":"canarytools.xnetdigital"},"logo":{"@id":"https:\/\/mantenimientosinformaticos.net\/canarytools\/#\/schema\/person\/image\/"},"sameAs":["https:\/\/mantenimientosinformaticos.net\/canarytools"]}]}},"_links":{"self":[{"href":"https:\/\/mantenimientosinformaticos.net\/canarytools\/wp-json\/wp\/v2\/product\/7158","targetHints":{"allow":["GET"]}}],"collection":[{"href":"https:\/\/mantenimientosinformaticos.net\/canarytools\/wp-json\/wp\/v2\/product"}],"about":[{"href":"https:\/\/mantenimientosinformaticos.net\/canarytools\/wp-json\/wp\/v2\/types\/product"}],"replies":[{"embeddable":true,"href":"https:\/\/mantenimientosinformaticos.net\/canarytools\/wp-json\/wp\/v2\/comments?post=7158"}],"wp:featuredmedia":[{"embeddable":true,"href":"https:\/\/mantenimientosinformaticos.net\/canarytools\/wp-json\/wp\/v2\/media\/7156"}],"wp:attachment":[{"href":"https:\/\/mantenimientosinformaticos.net\/canarytools\/wp-json\/wp\/v2\/media?parent=7158"}],"wp:term":[{"taxonomy":"product_cat","embeddable":true,"href":"https:\/\/mantenimientosinformaticos.net\/canarytools\/wp-json\/wp\/v2\/product_cat?post=7158"},{"taxonomy":"product_tag","embeddable":true,"href":"https:\/\/mantenimientosinformaticos.net\/canarytools\/wp-json\/wp\/v2\/product_tag?post=7158"}],"curies":[{"name":"wp","href":"https:\/\/api.w.org\/{rel}","templated":true}]}}