{"id":6702,"date":"2020-11-06T21:45:48","date_gmt":"2020-11-06T20:45:48","guid":{"rendered":"https:\/\/mantenimientosinformaticos.net\/canarytools\/producto\/ref4764-punta-entrada-10-mm-38-perfil-en-cuna-para-ribe-m9\/"},"modified":"2020-11-06T21:45:48","modified_gmt":"2020-11-06T20:45:48","slug":"ref4764-punta-entrada-10-mm-38-perfil-en-cuna-para-ribe-m9","status":"publish","type":"product","link":"https:\/\/mantenimientosinformaticos.net\/canarytools\/producto\/ref4764-punta-entrada-10-mm-38-perfil-en-cuna-para-ribe-m9\/","title":{"rendered":"REF.:4764 Punta entrada 10 mm (3\/8&#8243;) perfil en cu\u00f1a (para RIBE) M9"},"content":{"rendered":"","protected":false},"excerpt":{"rendered":"<\/p>\n<table class=\"details_attributes\">\n<tbody class=\"attributes dl-horizontal\">\n<tr>\n<td id=\"attrTitle_1\" title=\"Perfil de accionamiento\">Perfil de accionamiento<\/td>\n<td id=\"attrValue_1\">Sin perfil (para RIBE)<\/td>\n<\/tr>\n<tr>\n<td id=\"attrTitle_2\" title=\"Tama\u00f1o del perfil de funcionamiento\">Tama\u00f1o del perfil de funcionamiento<\/td>\n<td id=\"attrValue_2\">M9<\/td>\n<\/tr>\n<tr>\n<td id=\"attrTitle_3\" title=\"Perfil de transmisi\u00f3n\">Perfil de transmisi\u00f3n<\/td>\n<td id=\"attrValue_3\">Hex\u00e1gono externo<\/td>\n<\/tr>\n<tr>\n<td id=\"attrTitle_4\" title=\"Tama\u00f1o del perfil de accionamiento, sistema anglosaj\u00f3n\">Tama\u00f1o del perfil de accionamiento, sistema anglosaj\u00f3n<\/td>\n<td id=\"attrValue_4\">3\/8 \u00ab<\/td>\n<\/tr>\n<tr>\n<td id=\"attrTitle_5\" title=\"Tama\u00f1o del perfil de accionamiento, sistema m\u00e9trico\">Tama\u00f1o del perfil de accionamiento, sistema m\u00e9trico<\/td>\n<td id=\"attrValue_5\">10 mm<\/td>\n<\/tr>\n<tr>\n<td id=\"attrTitle_6\" title=\"Peso bruto\">Peso bruto<\/td>\n<td id=\"attrValue_6\">20 g<\/td>\n<\/tr>\n<tr>\n<td id=\"attrTitle_7\" title=\"Longitud\">Longitud<\/td>\n<td id=\"attrValue_7\">30 mm<\/td>\n<\/tr>\n<tr>\n<td id=\"attrTitle_8\" title=\"Material\">Material<\/td>\n<td id=\"attrValue_8\">Acero al cromo vanadio (S2)<\/td>\n<\/tr>\n<\/tbody>\n<\/table>\n","protected":false},"featured_media":6701,"comment_status":"open","ping_status":"closed","template":"","meta":[],"product_cat":[632,495,563],"product_tag":[],"class_list":{"0":"post-6702","1":"product","2":"type-product","3":"status-publish","4":"has-post-thumbnail","6":"product_cat-perfil-trapezoidal-para-ribe","7":"product_cat-herramientas-manuales","8":"product_cat-puntas","10":"first","11":"instock","12":"shipping-taxable","13":"purchasable","14":"product-type-simple"},"yoast_head":"<!-- This site is optimized with the Yoast SEO plugin v22.7 - https:\/\/yoast.com\/wordpress\/plugins\/seo\/ -->\n<title>REF.:4764 Punta entrada 10 mm (3\/8&quot;) perfil en cu\u00f1a (para RIBE) M9 - Canarytools S.L.<\/title>\n<meta name=\"robots\" content=\"index, follow, max-snippet:-1, max-image-preview:large, max-video-preview:-1\" \/>\n<link rel=\"canonical\" href=\"https:\/\/mantenimientosinformaticos.net\/canarytools\/producto\/ref4764-punta-entrada-10-mm-38-perfil-en-cuna-para-ribe-m9\/\" \/>\n<meta property=\"og:locale\" content=\"es_ES\" \/>\n<meta property=\"og:type\" content=\"article\" \/>\n<meta property=\"og:title\" content=\"REF.:4764 Punta entrada 10 mm (3\/8&quot;) perfil en cu\u00f1a (para RIBE) M9 - Canarytools S.L.\" \/>\n<meta property=\"og:description\" content=\"Perfil de accionamiento Sin perfil (para RIBE) Tama\u00f1o del perfil de funcionamiento M9 Perfil de transmisi\u00f3n Hex\u00e1gono externo Tama\u00f1o del perfil de accionamiento, sistema anglosaj\u00f3n 3\/8 &quot; Tama\u00f1o del perfil de accionamiento, sistema m\u00e9trico 10 mm Peso bruto 20 g Longitud 30 mm Material Acero al cromo vanadio (S2)\" \/>\n<meta property=\"og:url\" content=\"https:\/\/mantenimientosinformaticos.net\/canarytools\/producto\/ref4764-punta-entrada-10-mm-38-perfil-en-cuna-para-ribe-m9\/\" \/>\n<meta property=\"og:site_name\" content=\"Canarytools S.L.\" \/>\n<meta property=\"og:image\" content=\"https:\/\/mantenimientosinformaticos.net\/canarytools\/wp-content\/uploads\/2020\/11\/1525-REF.4764-Punta-entrada-10-mm-38-perfil-en-cuna-para-RIBE-M9.jpg\" \/>\n\t<meta property=\"og:image:width\" content=\"540\" \/>\n\t<meta property=\"og:image:height\" content=\"221\" \/>\n\t<meta property=\"og:image:type\" content=\"image\/jpeg\" \/>\n<meta name=\"twitter:card\" content=\"summary_large_image\" \/>\n<script type=\"application\/ld+json\" class=\"yoast-schema-graph\">{\"@context\":\"https:\/\/schema.org\",\"@graph\":[{\"@type\":\"WebPage\",\"@id\":\"https:\/\/mantenimientosinformaticos.net\/canarytools\/producto\/ref4764-punta-entrada-10-mm-38-perfil-en-cuna-para-ribe-m9\/\",\"url\":\"https:\/\/mantenimientosinformaticos.net\/canarytools\/producto\/ref4764-punta-entrada-10-mm-38-perfil-en-cuna-para-ribe-m9\/\",\"name\":\"REF.:4764 Punta entrada 10 mm (3\/8\\\") perfil en cu\u00f1a (para RIBE) M9 - Canarytools S.L.\",\"isPartOf\":{\"@id\":\"https:\/\/mantenimientosinformaticos.net\/canarytools\/#website\"},\"primaryImageOfPage\":{\"@id\":\"https:\/\/mantenimientosinformaticos.net\/canarytools\/producto\/ref4764-punta-entrada-10-mm-38-perfil-en-cuna-para-ribe-m9\/#primaryimage\"},\"image\":{\"@id\":\"https:\/\/mantenimientosinformaticos.net\/canarytools\/producto\/ref4764-punta-entrada-10-mm-38-perfil-en-cuna-para-ribe-m9\/#primaryimage\"},\"thumbnailUrl\":\"https:\/\/mantenimientosinformaticos.net\/canarytools\/wp-content\/uploads\/2020\/11\/1525-REF.4764-Punta-entrada-10-mm-38-perfil-en-cuna-para-RIBE-M9.jpg\",\"datePublished\":\"2020-11-06T20:45:48+00:00\",\"dateModified\":\"2020-11-06T20:45:48+00:00\",\"breadcrumb\":{\"@id\":\"https:\/\/mantenimientosinformaticos.net\/canarytools\/producto\/ref4764-punta-entrada-10-mm-38-perfil-en-cuna-para-ribe-m9\/#breadcrumb\"},\"inLanguage\":\"es\",\"potentialAction\":[{\"@type\":\"ReadAction\",\"target\":[\"https:\/\/mantenimientosinformaticos.net\/canarytools\/producto\/ref4764-punta-entrada-10-mm-38-perfil-en-cuna-para-ribe-m9\/\"]}]},{\"@type\":\"ImageObject\",\"inLanguage\":\"es\",\"@id\":\"https:\/\/mantenimientosinformaticos.net\/canarytools\/producto\/ref4764-punta-entrada-10-mm-38-perfil-en-cuna-para-ribe-m9\/#primaryimage\",\"url\":\"https:\/\/mantenimientosinformaticos.net\/canarytools\/wp-content\/uploads\/2020\/11\/1525-REF.4764-Punta-entrada-10-mm-38-perfil-en-cuna-para-RIBE-M9.jpg\",\"contentUrl\":\"https:\/\/mantenimientosinformaticos.net\/canarytools\/wp-content\/uploads\/2020\/11\/1525-REF.4764-Punta-entrada-10-mm-38-perfil-en-cuna-para-RIBE-M9.jpg\",\"width\":540,\"height\":221,\"caption\":\"REF.:4764 Punta entrada 10 mm (3\/8\\\") perfil en cu\u00f1a (para RIBE) M9\"},{\"@type\":\"BreadcrumbList\",\"@id\":\"https:\/\/mantenimientosinformaticos.net\/canarytools\/producto\/ref4764-punta-entrada-10-mm-38-perfil-en-cuna-para-ribe-m9\/#breadcrumb\",\"itemListElement\":[{\"@type\":\"ListItem\",\"position\":1,\"name\":\"Portada\",\"item\":\"https:\/\/mantenimientosinformaticos.net\/canarytools\/\"},{\"@type\":\"ListItem\",\"position\":2,\"name\":\"Tienda\",\"item\":\"https:\/\/mantenimientosinformaticos.net\/canarytools\/tienda\/\"},{\"@type\":\"ListItem\",\"position\":3,\"name\":\"REF.:4764 Punta entrada 10 mm (3\/8&#8243;) perfil en cu\u00f1a (para RIBE) M9\"}]},{\"@type\":\"WebSite\",\"@id\":\"https:\/\/mantenimientosinformaticos.net\/canarytools\/#website\",\"url\":\"https:\/\/mantenimientosinformaticos.net\/canarytools\/\",\"name\":\"Canarytools S.L.\",\"description\":\"Herramientas y M\u00e1quinas\",\"publisher\":{\"@id\":\"https:\/\/mantenimientosinformaticos.net\/canarytools\/#\/schema\/person\/355e32754b03bb24b681f1b6917e49bf\"},\"potentialAction\":[{\"@type\":\"SearchAction\",\"target\":{\"@type\":\"EntryPoint\",\"urlTemplate\":\"https:\/\/mantenimientosinformaticos.net\/canarytools\/?s={search_term_string}\"},\"query-input\":\"required name=search_term_string\"}],\"inLanguage\":\"es\"},{\"@type\":[\"Person\",\"Organization\"],\"@id\":\"https:\/\/mantenimientosinformaticos.net\/canarytools\/#\/schema\/person\/355e32754b03bb24b681f1b6917e49bf\",\"name\":\"canarytools.xnetdigital\",\"image\":{\"@type\":\"ImageObject\",\"inLanguage\":\"es\",\"@id\":\"https:\/\/mantenimientosinformaticos.net\/canarytools\/#\/schema\/person\/image\/\",\"url\":\"https:\/\/mantenimientosinformaticos.net\/canarytools\/wp-content\/uploads\/2023\/12\/canary-tools-logo.png\",\"contentUrl\":\"https:\/\/mantenimientosinformaticos.net\/canarytools\/wp-content\/uploads\/2023\/12\/canary-tools-logo.png\",\"width\":1302,\"height\":440,\"caption\":\"canarytools.xnetdigital\"},\"logo\":{\"@id\":\"https:\/\/mantenimientosinformaticos.net\/canarytools\/#\/schema\/person\/image\/\"},\"sameAs\":[\"https:\/\/mantenimientosinformaticos.net\/canarytools\"]}]}<\/script>\n<!-- \/ Yoast SEO plugin. -->","yoast_head_json":{"title":"REF.:4764 Punta entrada 10 mm (3\/8\") perfil en cu\u00f1a (para RIBE) M9 - Canarytools S.L.","robots":{"index":"index","follow":"follow","max-snippet":"max-snippet:-1","max-image-preview":"max-image-preview:large","max-video-preview":"max-video-preview:-1"},"canonical":"https:\/\/mantenimientosinformaticos.net\/canarytools\/producto\/ref4764-punta-entrada-10-mm-38-perfil-en-cuna-para-ribe-m9\/","og_locale":"es_ES","og_type":"article","og_title":"REF.:4764 Punta entrada 10 mm (3\/8\") perfil en cu\u00f1a (para RIBE) M9 - Canarytools S.L.","og_description":"Perfil de accionamiento Sin perfil (para RIBE) Tama\u00f1o del perfil de funcionamiento M9 Perfil de transmisi\u00f3n Hex\u00e1gono externo Tama\u00f1o del perfil de accionamiento, sistema anglosaj\u00f3n 3\/8 \" Tama\u00f1o del perfil de accionamiento, sistema m\u00e9trico 10 mm Peso bruto 20 g Longitud 30 mm Material Acero al cromo vanadio (S2)","og_url":"https:\/\/mantenimientosinformaticos.net\/canarytools\/producto\/ref4764-punta-entrada-10-mm-38-perfil-en-cuna-para-ribe-m9\/","og_site_name":"Canarytools S.L.","og_image":[{"width":540,"height":221,"url":"https:\/\/mantenimientosinformaticos.net\/canarytools\/wp-content\/uploads\/2020\/11\/1525-REF.4764-Punta-entrada-10-mm-38-perfil-en-cuna-para-RIBE-M9.jpg","type":"image\/jpeg"}],"twitter_card":"summary_large_image","schema":{"@context":"https:\/\/schema.org","@graph":[{"@type":"WebPage","@id":"https:\/\/mantenimientosinformaticos.net\/canarytools\/producto\/ref4764-punta-entrada-10-mm-38-perfil-en-cuna-para-ribe-m9\/","url":"https:\/\/mantenimientosinformaticos.net\/canarytools\/producto\/ref4764-punta-entrada-10-mm-38-perfil-en-cuna-para-ribe-m9\/","name":"REF.:4764 Punta entrada 10 mm (3\/8\") perfil en cu\u00f1a (para RIBE) M9 - Canarytools S.L.","isPartOf":{"@id":"https:\/\/mantenimientosinformaticos.net\/canarytools\/#website"},"primaryImageOfPage":{"@id":"https:\/\/mantenimientosinformaticos.net\/canarytools\/producto\/ref4764-punta-entrada-10-mm-38-perfil-en-cuna-para-ribe-m9\/#primaryimage"},"image":{"@id":"https:\/\/mantenimientosinformaticos.net\/canarytools\/producto\/ref4764-punta-entrada-10-mm-38-perfil-en-cuna-para-ribe-m9\/#primaryimage"},"thumbnailUrl":"https:\/\/mantenimientosinformaticos.net\/canarytools\/wp-content\/uploads\/2020\/11\/1525-REF.4764-Punta-entrada-10-mm-38-perfil-en-cuna-para-RIBE-M9.jpg","datePublished":"2020-11-06T20:45:48+00:00","dateModified":"2020-11-06T20:45:48+00:00","breadcrumb":{"@id":"https:\/\/mantenimientosinformaticos.net\/canarytools\/producto\/ref4764-punta-entrada-10-mm-38-perfil-en-cuna-para-ribe-m9\/#breadcrumb"},"inLanguage":"es","potentialAction":[{"@type":"ReadAction","target":["https:\/\/mantenimientosinformaticos.net\/canarytools\/producto\/ref4764-punta-entrada-10-mm-38-perfil-en-cuna-para-ribe-m9\/"]}]},{"@type":"ImageObject","inLanguage":"es","@id":"https:\/\/mantenimientosinformaticos.net\/canarytools\/producto\/ref4764-punta-entrada-10-mm-38-perfil-en-cuna-para-ribe-m9\/#primaryimage","url":"https:\/\/mantenimientosinformaticos.net\/canarytools\/wp-content\/uploads\/2020\/11\/1525-REF.4764-Punta-entrada-10-mm-38-perfil-en-cuna-para-RIBE-M9.jpg","contentUrl":"https:\/\/mantenimientosinformaticos.net\/canarytools\/wp-content\/uploads\/2020\/11\/1525-REF.4764-Punta-entrada-10-mm-38-perfil-en-cuna-para-RIBE-M9.jpg","width":540,"height":221,"caption":"REF.:4764 Punta entrada 10 mm (3\/8\") perfil en cu\u00f1a (para RIBE) M9"},{"@type":"BreadcrumbList","@id":"https:\/\/mantenimientosinformaticos.net\/canarytools\/producto\/ref4764-punta-entrada-10-mm-38-perfil-en-cuna-para-ribe-m9\/#breadcrumb","itemListElement":[{"@type":"ListItem","position":1,"name":"Portada","item":"https:\/\/mantenimientosinformaticos.net\/canarytools\/"},{"@type":"ListItem","position":2,"name":"Tienda","item":"https:\/\/mantenimientosinformaticos.net\/canarytools\/tienda\/"},{"@type":"ListItem","position":3,"name":"REF.:4764 Punta entrada 10 mm (3\/8&#8243;) perfil en cu\u00f1a (para RIBE) M9"}]},{"@type":"WebSite","@id":"https:\/\/mantenimientosinformaticos.net\/canarytools\/#website","url":"https:\/\/mantenimientosinformaticos.net\/canarytools\/","name":"Canarytools S.L.","description":"Herramientas y M\u00e1quinas","publisher":{"@id":"https:\/\/mantenimientosinformaticos.net\/canarytools\/#\/schema\/person\/355e32754b03bb24b681f1b6917e49bf"},"potentialAction":[{"@type":"SearchAction","target":{"@type":"EntryPoint","urlTemplate":"https:\/\/mantenimientosinformaticos.net\/canarytools\/?s={search_term_string}"},"query-input":"required name=search_term_string"}],"inLanguage":"es"},{"@type":["Person","Organization"],"@id":"https:\/\/mantenimientosinformaticos.net\/canarytools\/#\/schema\/person\/355e32754b03bb24b681f1b6917e49bf","name":"canarytools.xnetdigital","image":{"@type":"ImageObject","inLanguage":"es","@id":"https:\/\/mantenimientosinformaticos.net\/canarytools\/#\/schema\/person\/image\/","url":"https:\/\/mantenimientosinformaticos.net\/canarytools\/wp-content\/uploads\/2023\/12\/canary-tools-logo.png","contentUrl":"https:\/\/mantenimientosinformaticos.net\/canarytools\/wp-content\/uploads\/2023\/12\/canary-tools-logo.png","width":1302,"height":440,"caption":"canarytools.xnetdigital"},"logo":{"@id":"https:\/\/mantenimientosinformaticos.net\/canarytools\/#\/schema\/person\/image\/"},"sameAs":["https:\/\/mantenimientosinformaticos.net\/canarytools"]}]}},"_links":{"self":[{"href":"https:\/\/mantenimientosinformaticos.net\/canarytools\/wp-json\/wp\/v2\/product\/6702","targetHints":{"allow":["GET"]}}],"collection":[{"href":"https:\/\/mantenimientosinformaticos.net\/canarytools\/wp-json\/wp\/v2\/product"}],"about":[{"href":"https:\/\/mantenimientosinformaticos.net\/canarytools\/wp-json\/wp\/v2\/types\/product"}],"replies":[{"embeddable":true,"href":"https:\/\/mantenimientosinformaticos.net\/canarytools\/wp-json\/wp\/v2\/comments?post=6702"}],"wp:featuredmedia":[{"embeddable":true,"href":"https:\/\/mantenimientosinformaticos.net\/canarytools\/wp-json\/wp\/v2\/media\/6701"}],"wp:attachment":[{"href":"https:\/\/mantenimientosinformaticos.net\/canarytools\/wp-json\/wp\/v2\/media?parent=6702"}],"wp:term":[{"taxonomy":"product_cat","embeddable":true,"href":"https:\/\/mantenimientosinformaticos.net\/canarytools\/wp-json\/wp\/v2\/product_cat?post=6702"},{"taxonomy":"product_tag","embeddable":true,"href":"https:\/\/mantenimientosinformaticos.net\/canarytools\/wp-json\/wp\/v2\/product_tag?post=6702"}],"curies":[{"name":"wp","href":"https:\/\/api.w.org\/{rel}","templated":true}]}}