{"id":6692,"date":"2020-11-06T18:15:12","date_gmt":"2020-11-06T17:15:12","guid":{"rendered":"https:\/\/mantenimientosinformaticos.net\/canarytools\/producto\/ref9868-herramienta-de-bloqueo-del-cigueenal-para-bmw-n47\/"},"modified":"2020-11-06T18:15:12","modified_gmt":"2020-11-06T17:15:12","slug":"ref9868-herramienta-de-bloqueo-del-cigueenal-para-bmw-n47","status":"publish","type":"product","link":"https:\/\/mantenimientosinformaticos.net\/canarytools\/producto\/ref9868-herramienta-de-bloqueo-del-cigueenal-para-bmw-n47\/","title":{"rendered":"REF.:9868  Herramienta de bloqueo del cig\u00fce\u00f1al para BMW N47"},"content":{"rendered":"","protected":false},"excerpt":{"rendered":"<ul style=\"margin:0px 0px 20px;list-style:none;padding:0px;color:#58595b;font-family:'PT Sans', 'Helvetica Neue', Helvetica, Arial, sans-serif;font-size:14px;background-color:#ffffff;\">\n<li>para bloquear el cig\u00fce\u00f1al en posici\u00f3n de ajuste<\/li>\n<li>necesario al cambiar una de las dos cadenas de distribuci\u00f3n<\/li>\n<\/ul>\n<p style=\"margin:0px 0px 10px;color:#58595b;font-family:'PT Sans', 'Helvetica Neue', Helvetica, Arial, sans-serif;font-size:14px;background-color:#ffffff;\"><strong>adecuado para motores BMW N47 con c\u00f3digos de motor:<\/strong><\/p>\n<ul style=\"margin:0px 0px 20px;list-style:none;padding:0px;color:#58595b;font-family:'PT Sans', 'Helvetica Neue', Helvetica, Arial, sans-serif;font-size:14px;background-color:#ffffff;\">\n<li>1.6 N47 C16U1, C16K1, C16A\/U1, D16C, D16<\/li>\n<li>2.0 N47 C20K1, C20U1, C20A\/K1, D20B\/D\/T0, D20C\/K1, D20C, D20C\/U1, D20C\/O1, D20D, D20D\/T1, D20O1, D20C\/O, D20A, D20C\/01, D20U0<\/li>\n<li>para ser utilizado como OEM 2285671, 83302285671<\/li>\n<\/ul>\n","protected":false},"featured_media":6690,"comment_status":"open","ping_status":"closed","template":"","meta":[],"product_cat":[574,501,491],"product_tag":[],"class_list":{"0":"post-6692","1":"product","2":"type-product","3":"status-publish","4":"has-post-thumbnail","6":"product_cat-bmw","7":"product_cat-calado-de-distribucion","8":"product_cat-herramientas-especiales-para-automoviles","10":"first","11":"instock","12":"shipping-taxable","13":"purchasable","14":"product-type-simple"},"yoast_head":"<!-- This site is optimized with the Yoast SEO plugin v22.7 - https:\/\/yoast.com\/wordpress\/plugins\/seo\/ -->\n<title>REF.:9868 Herramienta de bloqueo del cig\u00fce\u00f1al para BMW N47 - Canarytools S.L.<\/title>\n<meta name=\"robots\" content=\"index, follow, max-snippet:-1, max-image-preview:large, max-video-preview:-1\" \/>\n<link rel=\"canonical\" href=\"https:\/\/mantenimientosinformaticos.net\/canarytools\/producto\/ref9868-herramienta-de-bloqueo-del-cigueenal-para-bmw-n47\/\" \/>\n<meta property=\"og:locale\" content=\"es_ES\" \/>\n<meta property=\"og:type\" content=\"article\" \/>\n<meta property=\"og:title\" content=\"REF.:9868 Herramienta de bloqueo del cig\u00fce\u00f1al para BMW N47 - Canarytools S.L.\" \/>\n<meta property=\"og:description\" content=\"para bloquear el cig\u00fce\u00f1al en posici\u00f3n de ajuste necesario al cambiar una de las dos cadenas de distribuci\u00f3n adecuado para motores BMW N47 con c\u00f3digos de motor: 1.6 N47 C16U1, C16K1, C16A\/U1, D16C, D16 2.0 N47 C20K1, C20U1, C20A\/K1, D20B\/D\/T0, D20C\/K1, D20C, D20C\/U1, D20C\/O1, D20D, D20D\/T1, D20O1, D20C\/O, D20A, D20C\/01, D20U0 para ser utilizado como OEM 2285671, 83302285671\" \/>\n<meta property=\"og:url\" content=\"https:\/\/mantenimientosinformaticos.net\/canarytools\/producto\/ref9868-herramienta-de-bloqueo-del-cigueenal-para-bmw-n47\/\" \/>\n<meta property=\"og:site_name\" content=\"Canarytools S.L.\" \/>\n<meta property=\"og:image\" content=\"https:\/\/mantenimientosinformaticos.net\/canarytools\/wp-content\/uploads\/2020\/11\/1522-REF.9868-Herramienta-de-bloqueo-del-ciguenal-para-BMW-N47.jpg\" \/>\n\t<meta property=\"og:image:width\" content=\"540\" \/>\n\t<meta property=\"og:image:height\" content=\"174\" \/>\n\t<meta property=\"og:image:type\" content=\"image\/jpeg\" \/>\n<meta name=\"twitter:card\" content=\"summary_large_image\" \/>\n<script type=\"application\/ld+json\" class=\"yoast-schema-graph\">{\"@context\":\"https:\/\/schema.org\",\"@graph\":[{\"@type\":\"WebPage\",\"@id\":\"https:\/\/mantenimientosinformaticos.net\/canarytools\/producto\/ref9868-herramienta-de-bloqueo-del-cigueenal-para-bmw-n47\/\",\"url\":\"https:\/\/mantenimientosinformaticos.net\/canarytools\/producto\/ref9868-herramienta-de-bloqueo-del-cigueenal-para-bmw-n47\/\",\"name\":\"REF.:9868 Herramienta de bloqueo del cig\u00fce\u00f1al para BMW N47 - Canarytools S.L.\",\"isPartOf\":{\"@id\":\"https:\/\/mantenimientosinformaticos.net\/canarytools\/#website\"},\"primaryImageOfPage\":{\"@id\":\"https:\/\/mantenimientosinformaticos.net\/canarytools\/producto\/ref9868-herramienta-de-bloqueo-del-cigueenal-para-bmw-n47\/#primaryimage\"},\"image\":{\"@id\":\"https:\/\/mantenimientosinformaticos.net\/canarytools\/producto\/ref9868-herramienta-de-bloqueo-del-cigueenal-para-bmw-n47\/#primaryimage\"},\"thumbnailUrl\":\"https:\/\/mantenimientosinformaticos.net\/canarytools\/wp-content\/uploads\/2020\/11\/1522-REF.9868-Herramienta-de-bloqueo-del-ciguenal-para-BMW-N47.jpg\",\"datePublished\":\"2020-11-06T17:15:12+00:00\",\"dateModified\":\"2020-11-06T17:15:12+00:00\",\"breadcrumb\":{\"@id\":\"https:\/\/mantenimientosinformaticos.net\/canarytools\/producto\/ref9868-herramienta-de-bloqueo-del-cigueenal-para-bmw-n47\/#breadcrumb\"},\"inLanguage\":\"es\",\"potentialAction\":[{\"@type\":\"ReadAction\",\"target\":[\"https:\/\/mantenimientosinformaticos.net\/canarytools\/producto\/ref9868-herramienta-de-bloqueo-del-cigueenal-para-bmw-n47\/\"]}]},{\"@type\":\"ImageObject\",\"inLanguage\":\"es\",\"@id\":\"https:\/\/mantenimientosinformaticos.net\/canarytools\/producto\/ref9868-herramienta-de-bloqueo-del-cigueenal-para-bmw-n47\/#primaryimage\",\"url\":\"https:\/\/mantenimientosinformaticos.net\/canarytools\/wp-content\/uploads\/2020\/11\/1522-REF.9868-Herramienta-de-bloqueo-del-ciguenal-para-BMW-N47.jpg\",\"contentUrl\":\"https:\/\/mantenimientosinformaticos.net\/canarytools\/wp-content\/uploads\/2020\/11\/1522-REF.9868-Herramienta-de-bloqueo-del-ciguenal-para-BMW-N47.jpg\",\"width\":540,\"height\":174,\"caption\":\"REF.:9868 Herramienta de bloqueo del cig\u00fce\u00f1al para BMW N47\"},{\"@type\":\"BreadcrumbList\",\"@id\":\"https:\/\/mantenimientosinformaticos.net\/canarytools\/producto\/ref9868-herramienta-de-bloqueo-del-cigueenal-para-bmw-n47\/#breadcrumb\",\"itemListElement\":[{\"@type\":\"ListItem\",\"position\":1,\"name\":\"Portada\",\"item\":\"https:\/\/mantenimientosinformaticos.net\/canarytools\/\"},{\"@type\":\"ListItem\",\"position\":2,\"name\":\"Tienda\",\"item\":\"https:\/\/mantenimientosinformaticos.net\/canarytools\/tienda\/\"},{\"@type\":\"ListItem\",\"position\":3,\"name\":\"REF.:9868 Herramienta de bloqueo del cig\u00fce\u00f1al para BMW N47\"}]},{\"@type\":\"WebSite\",\"@id\":\"https:\/\/mantenimientosinformaticos.net\/canarytools\/#website\",\"url\":\"https:\/\/mantenimientosinformaticos.net\/canarytools\/\",\"name\":\"Canarytools S.L.\",\"description\":\"Herramientas y M\u00e1quinas\",\"publisher\":{\"@id\":\"https:\/\/mantenimientosinformaticos.net\/canarytools\/#\/schema\/person\/355e32754b03bb24b681f1b6917e49bf\"},\"potentialAction\":[{\"@type\":\"SearchAction\",\"target\":{\"@type\":\"EntryPoint\",\"urlTemplate\":\"https:\/\/mantenimientosinformaticos.net\/canarytools\/?s={search_term_string}\"},\"query-input\":\"required name=search_term_string\"}],\"inLanguage\":\"es\"},{\"@type\":[\"Person\",\"Organization\"],\"@id\":\"https:\/\/mantenimientosinformaticos.net\/canarytools\/#\/schema\/person\/355e32754b03bb24b681f1b6917e49bf\",\"name\":\"canarytools.xnetdigital\",\"image\":{\"@type\":\"ImageObject\",\"inLanguage\":\"es\",\"@id\":\"https:\/\/mantenimientosinformaticos.net\/canarytools\/#\/schema\/person\/image\/\",\"url\":\"https:\/\/mantenimientosinformaticos.net\/canarytools\/wp-content\/uploads\/2023\/12\/canary-tools-logo.png\",\"contentUrl\":\"https:\/\/mantenimientosinformaticos.net\/canarytools\/wp-content\/uploads\/2023\/12\/canary-tools-logo.png\",\"width\":1302,\"height\":440,\"caption\":\"canarytools.xnetdigital\"},\"logo\":{\"@id\":\"https:\/\/mantenimientosinformaticos.net\/canarytools\/#\/schema\/person\/image\/\"},\"sameAs\":[\"https:\/\/mantenimientosinformaticos.net\/canarytools\"]}]}<\/script>\n<!-- \/ Yoast SEO plugin. -->","yoast_head_json":{"title":"REF.:9868 Herramienta de bloqueo del cig\u00fce\u00f1al para BMW N47 - Canarytools S.L.","robots":{"index":"index","follow":"follow","max-snippet":"max-snippet:-1","max-image-preview":"max-image-preview:large","max-video-preview":"max-video-preview:-1"},"canonical":"https:\/\/mantenimientosinformaticos.net\/canarytools\/producto\/ref9868-herramienta-de-bloqueo-del-cigueenal-para-bmw-n47\/","og_locale":"es_ES","og_type":"article","og_title":"REF.:9868 Herramienta de bloqueo del cig\u00fce\u00f1al para BMW N47 - Canarytools S.L.","og_description":"para bloquear el cig\u00fce\u00f1al en posici\u00f3n de ajuste necesario al cambiar una de las dos cadenas de distribuci\u00f3n adecuado para motores BMW N47 con c\u00f3digos de motor: 1.6 N47 C16U1, C16K1, C16A\/U1, D16C, D16 2.0 N47 C20K1, C20U1, C20A\/K1, D20B\/D\/T0, D20C\/K1, D20C, D20C\/U1, D20C\/O1, D20D, D20D\/T1, D20O1, D20C\/O, D20A, D20C\/01, D20U0 para ser utilizado como OEM 2285671, 83302285671","og_url":"https:\/\/mantenimientosinformaticos.net\/canarytools\/producto\/ref9868-herramienta-de-bloqueo-del-cigueenal-para-bmw-n47\/","og_site_name":"Canarytools S.L.","og_image":[{"width":540,"height":174,"url":"https:\/\/mantenimientosinformaticos.net\/canarytools\/wp-content\/uploads\/2020\/11\/1522-REF.9868-Herramienta-de-bloqueo-del-ciguenal-para-BMW-N47.jpg","type":"image\/jpeg"}],"twitter_card":"summary_large_image","schema":{"@context":"https:\/\/schema.org","@graph":[{"@type":"WebPage","@id":"https:\/\/mantenimientosinformaticos.net\/canarytools\/producto\/ref9868-herramienta-de-bloqueo-del-cigueenal-para-bmw-n47\/","url":"https:\/\/mantenimientosinformaticos.net\/canarytools\/producto\/ref9868-herramienta-de-bloqueo-del-cigueenal-para-bmw-n47\/","name":"REF.:9868 Herramienta de bloqueo del cig\u00fce\u00f1al para BMW N47 - Canarytools S.L.","isPartOf":{"@id":"https:\/\/mantenimientosinformaticos.net\/canarytools\/#website"},"primaryImageOfPage":{"@id":"https:\/\/mantenimientosinformaticos.net\/canarytools\/producto\/ref9868-herramienta-de-bloqueo-del-cigueenal-para-bmw-n47\/#primaryimage"},"image":{"@id":"https:\/\/mantenimientosinformaticos.net\/canarytools\/producto\/ref9868-herramienta-de-bloqueo-del-cigueenal-para-bmw-n47\/#primaryimage"},"thumbnailUrl":"https:\/\/mantenimientosinformaticos.net\/canarytools\/wp-content\/uploads\/2020\/11\/1522-REF.9868-Herramienta-de-bloqueo-del-ciguenal-para-BMW-N47.jpg","datePublished":"2020-11-06T17:15:12+00:00","dateModified":"2020-11-06T17:15:12+00:00","breadcrumb":{"@id":"https:\/\/mantenimientosinformaticos.net\/canarytools\/producto\/ref9868-herramienta-de-bloqueo-del-cigueenal-para-bmw-n47\/#breadcrumb"},"inLanguage":"es","potentialAction":[{"@type":"ReadAction","target":["https:\/\/mantenimientosinformaticos.net\/canarytools\/producto\/ref9868-herramienta-de-bloqueo-del-cigueenal-para-bmw-n47\/"]}]},{"@type":"ImageObject","inLanguage":"es","@id":"https:\/\/mantenimientosinformaticos.net\/canarytools\/producto\/ref9868-herramienta-de-bloqueo-del-cigueenal-para-bmw-n47\/#primaryimage","url":"https:\/\/mantenimientosinformaticos.net\/canarytools\/wp-content\/uploads\/2020\/11\/1522-REF.9868-Herramienta-de-bloqueo-del-ciguenal-para-BMW-N47.jpg","contentUrl":"https:\/\/mantenimientosinformaticos.net\/canarytools\/wp-content\/uploads\/2020\/11\/1522-REF.9868-Herramienta-de-bloqueo-del-ciguenal-para-BMW-N47.jpg","width":540,"height":174,"caption":"REF.:9868 Herramienta de bloqueo del cig\u00fce\u00f1al para BMW N47"},{"@type":"BreadcrumbList","@id":"https:\/\/mantenimientosinformaticos.net\/canarytools\/producto\/ref9868-herramienta-de-bloqueo-del-cigueenal-para-bmw-n47\/#breadcrumb","itemListElement":[{"@type":"ListItem","position":1,"name":"Portada","item":"https:\/\/mantenimientosinformaticos.net\/canarytools\/"},{"@type":"ListItem","position":2,"name":"Tienda","item":"https:\/\/mantenimientosinformaticos.net\/canarytools\/tienda\/"},{"@type":"ListItem","position":3,"name":"REF.:9868 Herramienta de bloqueo del cig\u00fce\u00f1al para BMW N47"}]},{"@type":"WebSite","@id":"https:\/\/mantenimientosinformaticos.net\/canarytools\/#website","url":"https:\/\/mantenimientosinformaticos.net\/canarytools\/","name":"Canarytools S.L.","description":"Herramientas y M\u00e1quinas","publisher":{"@id":"https:\/\/mantenimientosinformaticos.net\/canarytools\/#\/schema\/person\/355e32754b03bb24b681f1b6917e49bf"},"potentialAction":[{"@type":"SearchAction","target":{"@type":"EntryPoint","urlTemplate":"https:\/\/mantenimientosinformaticos.net\/canarytools\/?s={search_term_string}"},"query-input":"required name=search_term_string"}],"inLanguage":"es"},{"@type":["Person","Organization"],"@id":"https:\/\/mantenimientosinformaticos.net\/canarytools\/#\/schema\/person\/355e32754b03bb24b681f1b6917e49bf","name":"canarytools.xnetdigital","image":{"@type":"ImageObject","inLanguage":"es","@id":"https:\/\/mantenimientosinformaticos.net\/canarytools\/#\/schema\/person\/image\/","url":"https:\/\/mantenimientosinformaticos.net\/canarytools\/wp-content\/uploads\/2023\/12\/canary-tools-logo.png","contentUrl":"https:\/\/mantenimientosinformaticos.net\/canarytools\/wp-content\/uploads\/2023\/12\/canary-tools-logo.png","width":1302,"height":440,"caption":"canarytools.xnetdigital"},"logo":{"@id":"https:\/\/mantenimientosinformaticos.net\/canarytools\/#\/schema\/person\/image\/"},"sameAs":["https:\/\/mantenimientosinformaticos.net\/canarytools"]}]}},"_links":{"self":[{"href":"https:\/\/mantenimientosinformaticos.net\/canarytools\/wp-json\/wp\/v2\/product\/6692","targetHints":{"allow":["GET"]}}],"collection":[{"href":"https:\/\/mantenimientosinformaticos.net\/canarytools\/wp-json\/wp\/v2\/product"}],"about":[{"href":"https:\/\/mantenimientosinformaticos.net\/canarytools\/wp-json\/wp\/v2\/types\/product"}],"replies":[{"embeddable":true,"href":"https:\/\/mantenimientosinformaticos.net\/canarytools\/wp-json\/wp\/v2\/comments?post=6692"}],"wp:featuredmedia":[{"embeddable":true,"href":"https:\/\/mantenimientosinformaticos.net\/canarytools\/wp-json\/wp\/v2\/media\/6690"}],"wp:attachment":[{"href":"https:\/\/mantenimientosinformaticos.net\/canarytools\/wp-json\/wp\/v2\/media?parent=6692"}],"wp:term":[{"taxonomy":"product_cat","embeddable":true,"href":"https:\/\/mantenimientosinformaticos.net\/canarytools\/wp-json\/wp\/v2\/product_cat?post=6692"},{"taxonomy":"product_tag","embeddable":true,"href":"https:\/\/mantenimientosinformaticos.net\/canarytools\/wp-json\/wp\/v2\/product_tag?post=6692"}],"curies":[{"name":"wp","href":"https:\/\/api.w.org\/{rel}","templated":true}]}}