{"id":6584,"date":"2020-10-16T20:29:24","date_gmt":"2020-10-16T18:29:24","guid":{"rendered":"https:\/\/mantenimientosinformaticos.net\/canarytools\/producto\/herramienta-de-instalacion-de-correas-acanaladas-del-aire-acondicionado-para-bmw-n62-mini-w17\/"},"modified":"2020-10-16T20:29:24","modified_gmt":"2020-10-16T18:29:24","slug":"herramienta-de-instalacion-de-correas-acanaladas-del-aire-acondicionado-para-bmw-n62-mini-w17","status":"publish","type":"product","link":"https:\/\/mantenimientosinformaticos.net\/canarytools\/producto\/herramienta-de-instalacion-de-correas-acanaladas-del-aire-acondicionado-para-bmw-n62-mini-w17\/","title":{"rendered":"Herramienta de instalaci\u00f3n de correas acanaladas del aire acondicionado para BMW N62 \/ MINI W17"},"content":{"rendered":"","protected":false},"excerpt":{"rendered":"<ul style=\"margin:0px 0px 20px;list-style:none;padding:0px;color:#58595b;font-family:'PT Sans', 'Helvetica Neue', Helvetica, Arial, sans-serif;font-size:14px;background-color:#ffffff;\">\n<li>para instalaci\u00f3n de correas acanaladas de ajuste el\u00e1stico (accionamiento por correa acanalada sin polea tensora)<\/li>\n<li>apto para correas acanaladas de ajuste el\u00e1stico en BMW N62 (V8) (2004-2006) y MINI W17 (Diesel)<\/li>\n<li>para ser utilizado como OEM 641040<\/li>\n<\/ul>\n","protected":false},"featured_media":6583,"comment_status":"open","ping_status":"closed","template":"","meta":[],"product_cat":[490],"product_tag":[],"class_list":{"0":"post-6584","1":"product","2":"type-product","3":"status-publish","4":"has-post-thumbnail","6":"product_cat-inicio","8":"first","9":"instock","10":"shipping-taxable","11":"purchasable","12":"product-type-simple"},"yoast_head":"<!-- This site is optimized with the Yoast SEO plugin v22.7 - https:\/\/yoast.com\/wordpress\/plugins\/seo\/ -->\n<title>Herramienta de instalaci\u00f3n de correas acanaladas del aire acondicionado para BMW N62 \/ MINI W17 - Canarytools S.L.<\/title>\n<meta name=\"robots\" content=\"index, follow, max-snippet:-1, max-image-preview:large, max-video-preview:-1\" \/>\n<link rel=\"canonical\" href=\"https:\/\/mantenimientosinformaticos.net\/canarytools\/producto\/herramienta-de-instalacion-de-correas-acanaladas-del-aire-acondicionado-para-bmw-n62-mini-w17\/\" \/>\n<meta property=\"og:locale\" content=\"es_ES\" \/>\n<meta property=\"og:type\" content=\"article\" \/>\n<meta property=\"og:title\" content=\"Herramienta de instalaci\u00f3n de correas acanaladas del aire acondicionado para BMW N62 \/ MINI W17 - Canarytools S.L.\" \/>\n<meta property=\"og:description\" content=\"para instalaci\u00f3n de correas acanaladas de ajuste el\u00e1stico (accionamiento por correa acanalada sin polea tensora) apto para correas acanaladas de ajuste el\u00e1stico en BMW N62 (V8) (2004-2006) y MINI W17 (Diesel) para ser utilizado como OEM 641040\" \/>\n<meta property=\"og:url\" content=\"https:\/\/mantenimientosinformaticos.net\/canarytools\/producto\/herramienta-de-instalacion-de-correas-acanaladas-del-aire-acondicionado-para-bmw-n62-mini-w17\/\" \/>\n<meta property=\"og:site_name\" content=\"Canarytools S.L.\" \/>\n<meta property=\"og:image\" content=\"https:\/\/mantenimientosinformaticos.net\/canarytools\/wp-content\/uploads\/2020\/10\/1488-Herramienta-de-instalacion-de-correas-acanaladas-del-aire-acondicionado-para-BMW-N62-MINI-W17.jpg\" \/>\n\t<meta property=\"og:image:width\" content=\"444\" \/>\n\t<meta property=\"og:image:height\" content=\"340\" \/>\n\t<meta property=\"og:image:type\" content=\"image\/jpeg\" \/>\n<meta name=\"twitter:card\" content=\"summary_large_image\" \/>\n<script type=\"application\/ld+json\" class=\"yoast-schema-graph\">{\"@context\":\"https:\/\/schema.org\",\"@graph\":[{\"@type\":\"WebPage\",\"@id\":\"https:\/\/mantenimientosinformaticos.net\/canarytools\/producto\/herramienta-de-instalacion-de-correas-acanaladas-del-aire-acondicionado-para-bmw-n62-mini-w17\/\",\"url\":\"https:\/\/mantenimientosinformaticos.net\/canarytools\/producto\/herramienta-de-instalacion-de-correas-acanaladas-del-aire-acondicionado-para-bmw-n62-mini-w17\/\",\"name\":\"Herramienta de instalaci\u00f3n de correas acanaladas del aire acondicionado para BMW N62 \/ MINI W17 - Canarytools S.L.\",\"isPartOf\":{\"@id\":\"https:\/\/mantenimientosinformaticos.net\/canarytools\/#website\"},\"primaryImageOfPage\":{\"@id\":\"https:\/\/mantenimientosinformaticos.net\/canarytools\/producto\/herramienta-de-instalacion-de-correas-acanaladas-del-aire-acondicionado-para-bmw-n62-mini-w17\/#primaryimage\"},\"image\":{\"@id\":\"https:\/\/mantenimientosinformaticos.net\/canarytools\/producto\/herramienta-de-instalacion-de-correas-acanaladas-del-aire-acondicionado-para-bmw-n62-mini-w17\/#primaryimage\"},\"thumbnailUrl\":\"https:\/\/mantenimientosinformaticos.net\/canarytools\/wp-content\/uploads\/2020\/10\/1488-Herramienta-de-instalacion-de-correas-acanaladas-del-aire-acondicionado-para-BMW-N62-MINI-W17.jpg\",\"datePublished\":\"2020-10-16T18:29:24+00:00\",\"dateModified\":\"2020-10-16T18:29:24+00:00\",\"breadcrumb\":{\"@id\":\"https:\/\/mantenimientosinformaticos.net\/canarytools\/producto\/herramienta-de-instalacion-de-correas-acanaladas-del-aire-acondicionado-para-bmw-n62-mini-w17\/#breadcrumb\"},\"inLanguage\":\"es\",\"potentialAction\":[{\"@type\":\"ReadAction\",\"target\":[\"https:\/\/mantenimientosinformaticos.net\/canarytools\/producto\/herramienta-de-instalacion-de-correas-acanaladas-del-aire-acondicionado-para-bmw-n62-mini-w17\/\"]}]},{\"@type\":\"ImageObject\",\"inLanguage\":\"es\",\"@id\":\"https:\/\/mantenimientosinformaticos.net\/canarytools\/producto\/herramienta-de-instalacion-de-correas-acanaladas-del-aire-acondicionado-para-bmw-n62-mini-w17\/#primaryimage\",\"url\":\"https:\/\/mantenimientosinformaticos.net\/canarytools\/wp-content\/uploads\/2020\/10\/1488-Herramienta-de-instalacion-de-correas-acanaladas-del-aire-acondicionado-para-BMW-N62-MINI-W17.jpg\",\"contentUrl\":\"https:\/\/mantenimientosinformaticos.net\/canarytools\/wp-content\/uploads\/2020\/10\/1488-Herramienta-de-instalacion-de-correas-acanaladas-del-aire-acondicionado-para-BMW-N62-MINI-W17.jpg\",\"width\":444,\"height\":340,\"caption\":\"Herramienta de instalaci\u00f3n de correas acanaladas del aire acondicionado para BMW N62 \/ MINI W17\"},{\"@type\":\"BreadcrumbList\",\"@id\":\"https:\/\/mantenimientosinformaticos.net\/canarytools\/producto\/herramienta-de-instalacion-de-correas-acanaladas-del-aire-acondicionado-para-bmw-n62-mini-w17\/#breadcrumb\",\"itemListElement\":[{\"@type\":\"ListItem\",\"position\":1,\"name\":\"Portada\",\"item\":\"https:\/\/mantenimientosinformaticos.net\/canarytools\/\"},{\"@type\":\"ListItem\",\"position\":2,\"name\":\"Tienda\",\"item\":\"https:\/\/mantenimientosinformaticos.net\/canarytools\/tienda\/\"},{\"@type\":\"ListItem\",\"position\":3,\"name\":\"Herramienta de instalaci\u00f3n de correas acanaladas del aire acondicionado para BMW N62 \/ MINI W17\"}]},{\"@type\":\"WebSite\",\"@id\":\"https:\/\/mantenimientosinformaticos.net\/canarytools\/#website\",\"url\":\"https:\/\/mantenimientosinformaticos.net\/canarytools\/\",\"name\":\"Canarytools S.L.\",\"description\":\"Herramientas y M\u00e1quinas\",\"publisher\":{\"@id\":\"https:\/\/mantenimientosinformaticos.net\/canarytools\/#\/schema\/person\/355e32754b03bb24b681f1b6917e49bf\"},\"potentialAction\":[{\"@type\":\"SearchAction\",\"target\":{\"@type\":\"EntryPoint\",\"urlTemplate\":\"https:\/\/mantenimientosinformaticos.net\/canarytools\/?s={search_term_string}\"},\"query-input\":\"required name=search_term_string\"}],\"inLanguage\":\"es\"},{\"@type\":[\"Person\",\"Organization\"],\"@id\":\"https:\/\/mantenimientosinformaticos.net\/canarytools\/#\/schema\/person\/355e32754b03bb24b681f1b6917e49bf\",\"name\":\"canarytools.xnetdigital\",\"image\":{\"@type\":\"ImageObject\",\"inLanguage\":\"es\",\"@id\":\"https:\/\/mantenimientosinformaticos.net\/canarytools\/#\/schema\/person\/image\/\",\"url\":\"https:\/\/mantenimientosinformaticos.net\/canarytools\/wp-content\/uploads\/2023\/12\/canary-tools-logo.png\",\"contentUrl\":\"https:\/\/mantenimientosinformaticos.net\/canarytools\/wp-content\/uploads\/2023\/12\/canary-tools-logo.png\",\"width\":1302,\"height\":440,\"caption\":\"canarytools.xnetdigital\"},\"logo\":{\"@id\":\"https:\/\/mantenimientosinformaticos.net\/canarytools\/#\/schema\/person\/image\/\"},\"sameAs\":[\"https:\/\/mantenimientosinformaticos.net\/canarytools\"]}]}<\/script>\n<!-- \/ Yoast SEO plugin. -->","yoast_head_json":{"title":"Herramienta de instalaci\u00f3n de correas acanaladas del aire acondicionado para BMW N62 \/ MINI W17 - Canarytools S.L.","robots":{"index":"index","follow":"follow","max-snippet":"max-snippet:-1","max-image-preview":"max-image-preview:large","max-video-preview":"max-video-preview:-1"},"canonical":"https:\/\/mantenimientosinformaticos.net\/canarytools\/producto\/herramienta-de-instalacion-de-correas-acanaladas-del-aire-acondicionado-para-bmw-n62-mini-w17\/","og_locale":"es_ES","og_type":"article","og_title":"Herramienta de instalaci\u00f3n de correas acanaladas del aire acondicionado para BMW N62 \/ MINI W17 - Canarytools S.L.","og_description":"para instalaci\u00f3n de correas acanaladas de ajuste el\u00e1stico (accionamiento por correa acanalada sin polea tensora) apto para correas acanaladas de ajuste el\u00e1stico en BMW N62 (V8) (2004-2006) y MINI W17 (Diesel) para ser utilizado como OEM 641040","og_url":"https:\/\/mantenimientosinformaticos.net\/canarytools\/producto\/herramienta-de-instalacion-de-correas-acanaladas-del-aire-acondicionado-para-bmw-n62-mini-w17\/","og_site_name":"Canarytools S.L.","og_image":[{"width":444,"height":340,"url":"https:\/\/mantenimientosinformaticos.net\/canarytools\/wp-content\/uploads\/2020\/10\/1488-Herramienta-de-instalacion-de-correas-acanaladas-del-aire-acondicionado-para-BMW-N62-MINI-W17.jpg","type":"image\/jpeg"}],"twitter_card":"summary_large_image","schema":{"@context":"https:\/\/schema.org","@graph":[{"@type":"WebPage","@id":"https:\/\/mantenimientosinformaticos.net\/canarytools\/producto\/herramienta-de-instalacion-de-correas-acanaladas-del-aire-acondicionado-para-bmw-n62-mini-w17\/","url":"https:\/\/mantenimientosinformaticos.net\/canarytools\/producto\/herramienta-de-instalacion-de-correas-acanaladas-del-aire-acondicionado-para-bmw-n62-mini-w17\/","name":"Herramienta de instalaci\u00f3n de correas acanaladas del aire acondicionado para BMW N62 \/ MINI W17 - Canarytools S.L.","isPartOf":{"@id":"https:\/\/mantenimientosinformaticos.net\/canarytools\/#website"},"primaryImageOfPage":{"@id":"https:\/\/mantenimientosinformaticos.net\/canarytools\/producto\/herramienta-de-instalacion-de-correas-acanaladas-del-aire-acondicionado-para-bmw-n62-mini-w17\/#primaryimage"},"image":{"@id":"https:\/\/mantenimientosinformaticos.net\/canarytools\/producto\/herramienta-de-instalacion-de-correas-acanaladas-del-aire-acondicionado-para-bmw-n62-mini-w17\/#primaryimage"},"thumbnailUrl":"https:\/\/mantenimientosinformaticos.net\/canarytools\/wp-content\/uploads\/2020\/10\/1488-Herramienta-de-instalacion-de-correas-acanaladas-del-aire-acondicionado-para-BMW-N62-MINI-W17.jpg","datePublished":"2020-10-16T18:29:24+00:00","dateModified":"2020-10-16T18:29:24+00:00","breadcrumb":{"@id":"https:\/\/mantenimientosinformaticos.net\/canarytools\/producto\/herramienta-de-instalacion-de-correas-acanaladas-del-aire-acondicionado-para-bmw-n62-mini-w17\/#breadcrumb"},"inLanguage":"es","potentialAction":[{"@type":"ReadAction","target":["https:\/\/mantenimientosinformaticos.net\/canarytools\/producto\/herramienta-de-instalacion-de-correas-acanaladas-del-aire-acondicionado-para-bmw-n62-mini-w17\/"]}]},{"@type":"ImageObject","inLanguage":"es","@id":"https:\/\/mantenimientosinformaticos.net\/canarytools\/producto\/herramienta-de-instalacion-de-correas-acanaladas-del-aire-acondicionado-para-bmw-n62-mini-w17\/#primaryimage","url":"https:\/\/mantenimientosinformaticos.net\/canarytools\/wp-content\/uploads\/2020\/10\/1488-Herramienta-de-instalacion-de-correas-acanaladas-del-aire-acondicionado-para-BMW-N62-MINI-W17.jpg","contentUrl":"https:\/\/mantenimientosinformaticos.net\/canarytools\/wp-content\/uploads\/2020\/10\/1488-Herramienta-de-instalacion-de-correas-acanaladas-del-aire-acondicionado-para-BMW-N62-MINI-W17.jpg","width":444,"height":340,"caption":"Herramienta de instalaci\u00f3n de correas acanaladas del aire acondicionado para BMW N62 \/ MINI W17"},{"@type":"BreadcrumbList","@id":"https:\/\/mantenimientosinformaticos.net\/canarytools\/producto\/herramienta-de-instalacion-de-correas-acanaladas-del-aire-acondicionado-para-bmw-n62-mini-w17\/#breadcrumb","itemListElement":[{"@type":"ListItem","position":1,"name":"Portada","item":"https:\/\/mantenimientosinformaticos.net\/canarytools\/"},{"@type":"ListItem","position":2,"name":"Tienda","item":"https:\/\/mantenimientosinformaticos.net\/canarytools\/tienda\/"},{"@type":"ListItem","position":3,"name":"Herramienta de instalaci\u00f3n de correas acanaladas del aire acondicionado para BMW N62 \/ MINI W17"}]},{"@type":"WebSite","@id":"https:\/\/mantenimientosinformaticos.net\/canarytools\/#website","url":"https:\/\/mantenimientosinformaticos.net\/canarytools\/","name":"Canarytools S.L.","description":"Herramientas y M\u00e1quinas","publisher":{"@id":"https:\/\/mantenimientosinformaticos.net\/canarytools\/#\/schema\/person\/355e32754b03bb24b681f1b6917e49bf"},"potentialAction":[{"@type":"SearchAction","target":{"@type":"EntryPoint","urlTemplate":"https:\/\/mantenimientosinformaticos.net\/canarytools\/?s={search_term_string}"},"query-input":"required name=search_term_string"}],"inLanguage":"es"},{"@type":["Person","Organization"],"@id":"https:\/\/mantenimientosinformaticos.net\/canarytools\/#\/schema\/person\/355e32754b03bb24b681f1b6917e49bf","name":"canarytools.xnetdigital","image":{"@type":"ImageObject","inLanguage":"es","@id":"https:\/\/mantenimientosinformaticos.net\/canarytools\/#\/schema\/person\/image\/","url":"https:\/\/mantenimientosinformaticos.net\/canarytools\/wp-content\/uploads\/2023\/12\/canary-tools-logo.png","contentUrl":"https:\/\/mantenimientosinformaticos.net\/canarytools\/wp-content\/uploads\/2023\/12\/canary-tools-logo.png","width":1302,"height":440,"caption":"canarytools.xnetdigital"},"logo":{"@id":"https:\/\/mantenimientosinformaticos.net\/canarytools\/#\/schema\/person\/image\/"},"sameAs":["https:\/\/mantenimientosinformaticos.net\/canarytools"]}]}},"_links":{"self":[{"href":"https:\/\/mantenimientosinformaticos.net\/canarytools\/wp-json\/wp\/v2\/product\/6584","targetHints":{"allow":["GET"]}}],"collection":[{"href":"https:\/\/mantenimientosinformaticos.net\/canarytools\/wp-json\/wp\/v2\/product"}],"about":[{"href":"https:\/\/mantenimientosinformaticos.net\/canarytools\/wp-json\/wp\/v2\/types\/product"}],"replies":[{"embeddable":true,"href":"https:\/\/mantenimientosinformaticos.net\/canarytools\/wp-json\/wp\/v2\/comments?post=6584"}],"wp:featuredmedia":[{"embeddable":true,"href":"https:\/\/mantenimientosinformaticos.net\/canarytools\/wp-json\/wp\/v2\/media\/6583"}],"wp:attachment":[{"href":"https:\/\/mantenimientosinformaticos.net\/canarytools\/wp-json\/wp\/v2\/media?parent=6584"}],"wp:term":[{"taxonomy":"product_cat","embeddable":true,"href":"https:\/\/mantenimientosinformaticos.net\/canarytools\/wp-json\/wp\/v2\/product_cat?post=6584"},{"taxonomy":"product_tag","embeddable":true,"href":"https:\/\/mantenimientosinformaticos.net\/canarytools\/wp-json\/wp\/v2\/product_tag?post=6584"}],"curies":[{"name":"wp","href":"https:\/\/api.w.org\/{rel}","templated":true}]}}