{"id":6362,"date":"2020-07-04T20:03:55","date_gmt":"2020-07-04T18:03:55","guid":{"rendered":"https:\/\/mantenimientosinformaticos.net\/canarytools\/producto\/herramienta-de-bloqueo-del-arbol-de-levas-para-vw-lt-28d\/"},"modified":"2020-07-04T20:03:55","modified_gmt":"2020-07-04T18:03:55","slug":"herramienta-de-bloqueo-del-arbol-de-levas-para-vw-lt-28d","status":"publish","type":"product","link":"https:\/\/mantenimientosinformaticos.net\/canarytools\/producto\/herramienta-de-bloqueo-del-arbol-de-levas-para-vw-lt-28d\/","title":{"rendered":"REF.:9753    Herramienta de bloqueo del \u00e1rbol de levas  para VW LT 2.8D"},"content":{"rendered":"","protected":false},"excerpt":{"rendered":"<div class=\"productDescriptionContent\">para bloquear el \u00e1rbol de levas al verificar y ajustar la sincronizaci\u00f3n de las v\u00e1lvulas<br \/>adecuado para VW LT 2,8D (1996-2006)<br \/>adecuado para los siguientes c\u00f3digos de motor: <\/p>\n<ul>\n<li>AGK, ATA, AUH, BCQ<\/li>\n<\/ul>\n<p> para ser utilizada como OEM 3445<\/p><\/div>\n","protected":false},"featured_media":6361,"comment_status":"open","ping_status":"closed","template":"","meta":[],"product_cat":[501,491],"product_tag":[],"class_list":{"0":"post-6362","1":"product","2":"type-product","3":"status-publish","4":"has-post-thumbnail","6":"product_cat-calado-de-distribucion","7":"product_cat-herramientas-especiales-para-automoviles","9":"first","10":"instock","11":"shipping-taxable","12":"purchasable","13":"product-type-simple"},"yoast_head":"<!-- This site is optimized with the Yoast SEO plugin v22.7 - https:\/\/yoast.com\/wordpress\/plugins\/seo\/ -->\n<title>REF.:9753  Herramienta de bloqueo del \u00e1rbol de levas para VW LT 2.8D - Canarytools S.L.<\/title>\n<meta name=\"robots\" content=\"index, follow, max-snippet:-1, max-image-preview:large, max-video-preview:-1\" \/>\n<link rel=\"canonical\" href=\"https:\/\/mantenimientosinformaticos.net\/canarytools\/producto\/herramienta-de-bloqueo-del-arbol-de-levas-para-vw-lt-28d\/\" \/>\n<meta property=\"og:locale\" content=\"es_ES\" \/>\n<meta property=\"og:type\" content=\"article\" \/>\n<meta property=\"og:title\" content=\"REF.:9753  Herramienta de bloqueo del \u00e1rbol de levas para VW LT 2.8D - Canarytools S.L.\" \/>\n<meta property=\"og:description\" content=\"para bloquear el \u00e1rbol de levas al verificar y ajustar la sincronizaci\u00f3n de las v\u00e1lvulasadecuado para VW LT 2,8D (1996-2006)adecuado para los siguientes c\u00f3digos de motor: AGK, ATA, AUH, BCQ para ser utilizada como OEM 3445\" \/>\n<meta property=\"og:url\" content=\"https:\/\/mantenimientosinformaticos.net\/canarytools\/producto\/herramienta-de-bloqueo-del-arbol-de-levas-para-vw-lt-28d\/\" \/>\n<meta property=\"og:site_name\" content=\"Canarytools S.L.\" \/>\n<meta property=\"og:image\" content=\"https:\/\/mantenimientosinformaticos.net\/canarytools\/wp-content\/uploads\/2020\/07\/1379-REF.9753-Herramienta-de-bloqueo-del-arbol-de-levas-para-VW-LT-2.8D.jpg\" \/>\n\t<meta property=\"og:image:width\" content=\"464\" \/>\n\t<meta property=\"og:image:height\" content=\"499\" \/>\n\t<meta property=\"og:image:type\" content=\"image\/jpeg\" \/>\n<meta name=\"twitter:card\" content=\"summary_large_image\" \/>\n<script type=\"application\/ld+json\" class=\"yoast-schema-graph\">{\"@context\":\"https:\/\/schema.org\",\"@graph\":[{\"@type\":\"WebPage\",\"@id\":\"https:\/\/mantenimientosinformaticos.net\/canarytools\/producto\/herramienta-de-bloqueo-del-arbol-de-levas-para-vw-lt-28d\/\",\"url\":\"https:\/\/mantenimientosinformaticos.net\/canarytools\/producto\/herramienta-de-bloqueo-del-arbol-de-levas-para-vw-lt-28d\/\",\"name\":\"REF.:9753 Herramienta de bloqueo del \u00e1rbol de levas para VW LT 2.8D - Canarytools S.L.\",\"isPartOf\":{\"@id\":\"https:\/\/mantenimientosinformaticos.net\/canarytools\/#website\"},\"primaryImageOfPage\":{\"@id\":\"https:\/\/mantenimientosinformaticos.net\/canarytools\/producto\/herramienta-de-bloqueo-del-arbol-de-levas-para-vw-lt-28d\/#primaryimage\"},\"image\":{\"@id\":\"https:\/\/mantenimientosinformaticos.net\/canarytools\/producto\/herramienta-de-bloqueo-del-arbol-de-levas-para-vw-lt-28d\/#primaryimage\"},\"thumbnailUrl\":\"https:\/\/mantenimientosinformaticos.net\/canarytools\/wp-content\/uploads\/2020\/07\/1379-REF.9753-Herramienta-de-bloqueo-del-arbol-de-levas-para-VW-LT-2.8D.jpg\",\"datePublished\":\"2020-07-04T18:03:55+00:00\",\"dateModified\":\"2020-07-04T18:03:55+00:00\",\"breadcrumb\":{\"@id\":\"https:\/\/mantenimientosinformaticos.net\/canarytools\/producto\/herramienta-de-bloqueo-del-arbol-de-levas-para-vw-lt-28d\/#breadcrumb\"},\"inLanguage\":\"es\",\"potentialAction\":[{\"@type\":\"ReadAction\",\"target\":[\"https:\/\/mantenimientosinformaticos.net\/canarytools\/producto\/herramienta-de-bloqueo-del-arbol-de-levas-para-vw-lt-28d\/\"]}]},{\"@type\":\"ImageObject\",\"inLanguage\":\"es\",\"@id\":\"https:\/\/mantenimientosinformaticos.net\/canarytools\/producto\/herramienta-de-bloqueo-del-arbol-de-levas-para-vw-lt-28d\/#primaryimage\",\"url\":\"https:\/\/mantenimientosinformaticos.net\/canarytools\/wp-content\/uploads\/2020\/07\/1379-REF.9753-Herramienta-de-bloqueo-del-arbol-de-levas-para-VW-LT-2.8D.jpg\",\"contentUrl\":\"https:\/\/mantenimientosinformaticos.net\/canarytools\/wp-content\/uploads\/2020\/07\/1379-REF.9753-Herramienta-de-bloqueo-del-arbol-de-levas-para-VW-LT-2.8D.jpg\",\"width\":464,\"height\":499,\"caption\":\"REF.:9753 Herramienta de bloqueo del \u00e1rbol de levas para VW LT 2.8D\"},{\"@type\":\"BreadcrumbList\",\"@id\":\"https:\/\/mantenimientosinformaticos.net\/canarytools\/producto\/herramienta-de-bloqueo-del-arbol-de-levas-para-vw-lt-28d\/#breadcrumb\",\"itemListElement\":[{\"@type\":\"ListItem\",\"position\":1,\"name\":\"Portada\",\"item\":\"https:\/\/mantenimientosinformaticos.net\/canarytools\/\"},{\"@type\":\"ListItem\",\"position\":2,\"name\":\"Tienda\",\"item\":\"https:\/\/mantenimientosinformaticos.net\/canarytools\/tienda\/\"},{\"@type\":\"ListItem\",\"position\":3,\"name\":\"REF.:9753 Herramienta de bloqueo del \u00e1rbol de levas para VW LT 2.8D\"}]},{\"@type\":\"WebSite\",\"@id\":\"https:\/\/mantenimientosinformaticos.net\/canarytools\/#website\",\"url\":\"https:\/\/mantenimientosinformaticos.net\/canarytools\/\",\"name\":\"Canarytools S.L.\",\"description\":\"Herramientas y M\u00e1quinas\",\"publisher\":{\"@id\":\"https:\/\/mantenimientosinformaticos.net\/canarytools\/#\/schema\/person\/355e32754b03bb24b681f1b6917e49bf\"},\"potentialAction\":[{\"@type\":\"SearchAction\",\"target\":{\"@type\":\"EntryPoint\",\"urlTemplate\":\"https:\/\/mantenimientosinformaticos.net\/canarytools\/?s={search_term_string}\"},\"query-input\":\"required name=search_term_string\"}],\"inLanguage\":\"es\"},{\"@type\":[\"Person\",\"Organization\"],\"@id\":\"https:\/\/mantenimientosinformaticos.net\/canarytools\/#\/schema\/person\/355e32754b03bb24b681f1b6917e49bf\",\"name\":\"canarytools.xnetdigital\",\"image\":{\"@type\":\"ImageObject\",\"inLanguage\":\"es\",\"@id\":\"https:\/\/mantenimientosinformaticos.net\/canarytools\/#\/schema\/person\/image\/\",\"url\":\"https:\/\/mantenimientosinformaticos.net\/canarytools\/wp-content\/uploads\/2023\/12\/canary-tools-logo.png\",\"contentUrl\":\"https:\/\/mantenimientosinformaticos.net\/canarytools\/wp-content\/uploads\/2023\/12\/canary-tools-logo.png\",\"width\":1302,\"height\":440,\"caption\":\"canarytools.xnetdigital\"},\"logo\":{\"@id\":\"https:\/\/mantenimientosinformaticos.net\/canarytools\/#\/schema\/person\/image\/\"},\"sameAs\":[\"https:\/\/mantenimientosinformaticos.net\/canarytools\"]}]}<\/script>\n<!-- \/ Yoast SEO plugin. -->","yoast_head_json":{"title":"REF.:9753  Herramienta de bloqueo del \u00e1rbol de levas para VW LT 2.8D - Canarytools S.L.","robots":{"index":"index","follow":"follow","max-snippet":"max-snippet:-1","max-image-preview":"max-image-preview:large","max-video-preview":"max-video-preview:-1"},"canonical":"https:\/\/mantenimientosinformaticos.net\/canarytools\/producto\/herramienta-de-bloqueo-del-arbol-de-levas-para-vw-lt-28d\/","og_locale":"es_ES","og_type":"article","og_title":"REF.:9753  Herramienta de bloqueo del \u00e1rbol de levas para VW LT 2.8D - Canarytools S.L.","og_description":"para bloquear el \u00e1rbol de levas al verificar y ajustar la sincronizaci\u00f3n de las v\u00e1lvulasadecuado para VW LT 2,8D (1996-2006)adecuado para los siguientes c\u00f3digos de motor: AGK, ATA, AUH, BCQ para ser utilizada como OEM 3445","og_url":"https:\/\/mantenimientosinformaticos.net\/canarytools\/producto\/herramienta-de-bloqueo-del-arbol-de-levas-para-vw-lt-28d\/","og_site_name":"Canarytools S.L.","og_image":[{"width":464,"height":499,"url":"https:\/\/mantenimientosinformaticos.net\/canarytools\/wp-content\/uploads\/2020\/07\/1379-REF.9753-Herramienta-de-bloqueo-del-arbol-de-levas-para-VW-LT-2.8D.jpg","type":"image\/jpeg"}],"twitter_card":"summary_large_image","schema":{"@context":"https:\/\/schema.org","@graph":[{"@type":"WebPage","@id":"https:\/\/mantenimientosinformaticos.net\/canarytools\/producto\/herramienta-de-bloqueo-del-arbol-de-levas-para-vw-lt-28d\/","url":"https:\/\/mantenimientosinformaticos.net\/canarytools\/producto\/herramienta-de-bloqueo-del-arbol-de-levas-para-vw-lt-28d\/","name":"REF.:9753 Herramienta de bloqueo del \u00e1rbol de levas para VW LT 2.8D - Canarytools S.L.","isPartOf":{"@id":"https:\/\/mantenimientosinformaticos.net\/canarytools\/#website"},"primaryImageOfPage":{"@id":"https:\/\/mantenimientosinformaticos.net\/canarytools\/producto\/herramienta-de-bloqueo-del-arbol-de-levas-para-vw-lt-28d\/#primaryimage"},"image":{"@id":"https:\/\/mantenimientosinformaticos.net\/canarytools\/producto\/herramienta-de-bloqueo-del-arbol-de-levas-para-vw-lt-28d\/#primaryimage"},"thumbnailUrl":"https:\/\/mantenimientosinformaticos.net\/canarytools\/wp-content\/uploads\/2020\/07\/1379-REF.9753-Herramienta-de-bloqueo-del-arbol-de-levas-para-VW-LT-2.8D.jpg","datePublished":"2020-07-04T18:03:55+00:00","dateModified":"2020-07-04T18:03:55+00:00","breadcrumb":{"@id":"https:\/\/mantenimientosinformaticos.net\/canarytools\/producto\/herramienta-de-bloqueo-del-arbol-de-levas-para-vw-lt-28d\/#breadcrumb"},"inLanguage":"es","potentialAction":[{"@type":"ReadAction","target":["https:\/\/mantenimientosinformaticos.net\/canarytools\/producto\/herramienta-de-bloqueo-del-arbol-de-levas-para-vw-lt-28d\/"]}]},{"@type":"ImageObject","inLanguage":"es","@id":"https:\/\/mantenimientosinformaticos.net\/canarytools\/producto\/herramienta-de-bloqueo-del-arbol-de-levas-para-vw-lt-28d\/#primaryimage","url":"https:\/\/mantenimientosinformaticos.net\/canarytools\/wp-content\/uploads\/2020\/07\/1379-REF.9753-Herramienta-de-bloqueo-del-arbol-de-levas-para-VW-LT-2.8D.jpg","contentUrl":"https:\/\/mantenimientosinformaticos.net\/canarytools\/wp-content\/uploads\/2020\/07\/1379-REF.9753-Herramienta-de-bloqueo-del-arbol-de-levas-para-VW-LT-2.8D.jpg","width":464,"height":499,"caption":"REF.:9753 Herramienta de bloqueo del \u00e1rbol de levas para VW LT 2.8D"},{"@type":"BreadcrumbList","@id":"https:\/\/mantenimientosinformaticos.net\/canarytools\/producto\/herramienta-de-bloqueo-del-arbol-de-levas-para-vw-lt-28d\/#breadcrumb","itemListElement":[{"@type":"ListItem","position":1,"name":"Portada","item":"https:\/\/mantenimientosinformaticos.net\/canarytools\/"},{"@type":"ListItem","position":2,"name":"Tienda","item":"https:\/\/mantenimientosinformaticos.net\/canarytools\/tienda\/"},{"@type":"ListItem","position":3,"name":"REF.:9753 Herramienta de bloqueo del \u00e1rbol de levas para VW LT 2.8D"}]},{"@type":"WebSite","@id":"https:\/\/mantenimientosinformaticos.net\/canarytools\/#website","url":"https:\/\/mantenimientosinformaticos.net\/canarytools\/","name":"Canarytools S.L.","description":"Herramientas y M\u00e1quinas","publisher":{"@id":"https:\/\/mantenimientosinformaticos.net\/canarytools\/#\/schema\/person\/355e32754b03bb24b681f1b6917e49bf"},"potentialAction":[{"@type":"SearchAction","target":{"@type":"EntryPoint","urlTemplate":"https:\/\/mantenimientosinformaticos.net\/canarytools\/?s={search_term_string}"},"query-input":"required name=search_term_string"}],"inLanguage":"es"},{"@type":["Person","Organization"],"@id":"https:\/\/mantenimientosinformaticos.net\/canarytools\/#\/schema\/person\/355e32754b03bb24b681f1b6917e49bf","name":"canarytools.xnetdigital","image":{"@type":"ImageObject","inLanguage":"es","@id":"https:\/\/mantenimientosinformaticos.net\/canarytools\/#\/schema\/person\/image\/","url":"https:\/\/mantenimientosinformaticos.net\/canarytools\/wp-content\/uploads\/2023\/12\/canary-tools-logo.png","contentUrl":"https:\/\/mantenimientosinformaticos.net\/canarytools\/wp-content\/uploads\/2023\/12\/canary-tools-logo.png","width":1302,"height":440,"caption":"canarytools.xnetdigital"},"logo":{"@id":"https:\/\/mantenimientosinformaticos.net\/canarytools\/#\/schema\/person\/image\/"},"sameAs":["https:\/\/mantenimientosinformaticos.net\/canarytools"]}]}},"_links":{"self":[{"href":"https:\/\/mantenimientosinformaticos.net\/canarytools\/wp-json\/wp\/v2\/product\/6362","targetHints":{"allow":["GET"]}}],"collection":[{"href":"https:\/\/mantenimientosinformaticos.net\/canarytools\/wp-json\/wp\/v2\/product"}],"about":[{"href":"https:\/\/mantenimientosinformaticos.net\/canarytools\/wp-json\/wp\/v2\/types\/product"}],"replies":[{"embeddable":true,"href":"https:\/\/mantenimientosinformaticos.net\/canarytools\/wp-json\/wp\/v2\/comments?post=6362"}],"wp:featuredmedia":[{"embeddable":true,"href":"https:\/\/mantenimientosinformaticos.net\/canarytools\/wp-json\/wp\/v2\/media\/6361"}],"wp:attachment":[{"href":"https:\/\/mantenimientosinformaticos.net\/canarytools\/wp-json\/wp\/v2\/media?parent=6362"}],"wp:term":[{"taxonomy":"product_cat","embeddable":true,"href":"https:\/\/mantenimientosinformaticos.net\/canarytools\/wp-json\/wp\/v2\/product_cat?post=6362"},{"taxonomy":"product_tag","embeddable":true,"href":"https:\/\/mantenimientosinformaticos.net\/canarytools\/wp-json\/wp\/v2\/product_tag?post=6362"}],"curies":[{"name":"wp","href":"https:\/\/api.w.org\/{rel}","templated":true}]}}