{"id":6290,"date":"2020-06-10T21:27:17","date_gmt":"2020-06-10T19:27:17","guid":{"rendered":"https:\/\/mantenimientosinformaticos.net\/canarytools\/producto\/pistola-neumatica-de-impacto-125-mm-12-678-nm\/"},"modified":"2020-06-10T21:27:17","modified_gmt":"2020-06-10T19:27:17","slug":"pistola-neumatica-de-impacto-125-mm-12-678-nm","status":"publish","type":"product","link":"https:\/\/mantenimientosinformaticos.net\/canarytools\/producto\/pistola-neumatica-de-impacto-125-mm-12-678-nm\/","title":{"rendered":"REF.:3245.       Pistola neum\u00e1tica de impacto 12,5 mm (1\/2&#8243;) 678 Nm"},"content":{"rendered":"","protected":false},"excerpt":{"rendered":"<div class=\"productDescriptionContent\">entrada 12,5 mm (1\/2&#8243;)<br \/>par de apriete de trabajo 515 Nm<br \/>par de apriete m\u00e1x. 678 Nm<br \/>m\u00e1x. revoluciones (sin carga) 11000 rpm<br \/>presi\u00f3n de trabajo 6,3 bar<br \/>mecanismo de impacto doble maza<br \/>entrada de aire 6,3 mm (1\/4&#8243;)<br \/>\u00d8 de manguera recomendado 10 mm (3\/8&#8243;)<br \/>peso 1,6 kg<br \/>dise\u00f1o corto y ligero<br \/>longitud total 130 mm (incl. cuadrado)<\/div><\/p>\n","protected":false},"featured_media":6289,"comment_status":"open","ping_status":"closed","template":"","meta":[],"product_cat":[503,494],"product_tag":[],"class_list":{"0":"post-6290","1":"product","2":"type-product","3":"status-publish","4":"has-post-thumbnail","6":"product_cat-llave-de-impacto","7":"product_cat-herramientas-neumaticas","9":"first","10":"instock","11":"shipping-taxable","12":"purchasable","13":"product-type-simple"},"yoast_head":"<!-- This site is optimized with the Yoast SEO plugin v22.7 - https:\/\/yoast.com\/wordpress\/plugins\/seo\/ -->\n<title>REF.:3245.    Pistola neum\u00e1tica de impacto 12,5 mm (1\/2&quot;) 678 Nm - Canarytools S.L.<\/title>\n<meta name=\"robots\" content=\"index, follow, max-snippet:-1, max-image-preview:large, max-video-preview:-1\" \/>\n<link rel=\"canonical\" href=\"https:\/\/mantenimientosinformaticos.net\/canarytools\/producto\/pistola-neumatica-de-impacto-125-mm-12-678-nm\/\" \/>\n<meta property=\"og:locale\" content=\"es_ES\" \/>\n<meta property=\"og:type\" content=\"article\" \/>\n<meta property=\"og:title\" content=\"REF.:3245.    Pistola neum\u00e1tica de impacto 12,5 mm (1\/2&quot;) 678 Nm - Canarytools S.L.\" \/>\n<meta property=\"og:description\" content=\"entrada 12,5 mm (1\/2&quot;)par de apriete de trabajo 515 Nmpar de apriete m\u00e1x. 678 Nmm\u00e1x. revoluciones (sin carga) 11000 rpmpresi\u00f3n de trabajo 6,3 barmecanismo de impacto doble mazaentrada de aire 6,3 mm (1\/4&quot;)\u00d8 de manguera recomendado 10 mm (3\/8&quot;)peso 1,6 kgdise\u00f1o corto y ligerolongitud total 130 mm (incl. cuadrado)\" \/>\n<meta property=\"og:url\" content=\"https:\/\/mantenimientosinformaticos.net\/canarytools\/producto\/pistola-neumatica-de-impacto-125-mm-12-678-nm\/\" \/>\n<meta property=\"og:site_name\" content=\"Canarytools S.L.\" \/>\n<meta property=\"og:image\" content=\"https:\/\/mantenimientosinformaticos.net\/canarytools\/wp-content\/uploads\/2020\/06\/1335-REF.3245.-Pistola-neumatica-de-impacto-125-mm-12-678-Nm.jpg\" \/>\n\t<meta property=\"og:image:width\" content=\"501\" \/>\n\t<meta property=\"og:image:height\" content=\"475\" \/>\n\t<meta property=\"og:image:type\" content=\"image\/jpeg\" \/>\n<meta name=\"twitter:card\" content=\"summary_large_image\" \/>\n<script type=\"application\/ld+json\" class=\"yoast-schema-graph\">{\"@context\":\"https:\/\/schema.org\",\"@graph\":[{\"@type\":\"WebPage\",\"@id\":\"https:\/\/mantenimientosinformaticos.net\/canarytools\/producto\/pistola-neumatica-de-impacto-125-mm-12-678-nm\/\",\"url\":\"https:\/\/mantenimientosinformaticos.net\/canarytools\/producto\/pistola-neumatica-de-impacto-125-mm-12-678-nm\/\",\"name\":\"REF.:3245. Pistola neum\u00e1tica de impacto 12,5 mm (1\/2\\\") 678 Nm - Canarytools S.L.\",\"isPartOf\":{\"@id\":\"https:\/\/mantenimientosinformaticos.net\/canarytools\/#website\"},\"primaryImageOfPage\":{\"@id\":\"https:\/\/mantenimientosinformaticos.net\/canarytools\/producto\/pistola-neumatica-de-impacto-125-mm-12-678-nm\/#primaryimage\"},\"image\":{\"@id\":\"https:\/\/mantenimientosinformaticos.net\/canarytools\/producto\/pistola-neumatica-de-impacto-125-mm-12-678-nm\/#primaryimage\"},\"thumbnailUrl\":\"https:\/\/mantenimientosinformaticos.net\/canarytools\/wp-content\/uploads\/2020\/06\/1335-REF.3245.-Pistola-neumatica-de-impacto-125-mm-12-678-Nm.jpg\",\"datePublished\":\"2020-06-10T19:27:17+00:00\",\"dateModified\":\"2020-06-10T19:27:17+00:00\",\"breadcrumb\":{\"@id\":\"https:\/\/mantenimientosinformaticos.net\/canarytools\/producto\/pistola-neumatica-de-impacto-125-mm-12-678-nm\/#breadcrumb\"},\"inLanguage\":\"es\",\"potentialAction\":[{\"@type\":\"ReadAction\",\"target\":[\"https:\/\/mantenimientosinformaticos.net\/canarytools\/producto\/pistola-neumatica-de-impacto-125-mm-12-678-nm\/\"]}]},{\"@type\":\"ImageObject\",\"inLanguage\":\"es\",\"@id\":\"https:\/\/mantenimientosinformaticos.net\/canarytools\/producto\/pistola-neumatica-de-impacto-125-mm-12-678-nm\/#primaryimage\",\"url\":\"https:\/\/mantenimientosinformaticos.net\/canarytools\/wp-content\/uploads\/2020\/06\/1335-REF.3245.-Pistola-neumatica-de-impacto-125-mm-12-678-Nm.jpg\",\"contentUrl\":\"https:\/\/mantenimientosinformaticos.net\/canarytools\/wp-content\/uploads\/2020\/06\/1335-REF.3245.-Pistola-neumatica-de-impacto-125-mm-12-678-Nm.jpg\",\"width\":501,\"height\":475,\"caption\":\"REF.:3245. Pistola neum\u00e1tica de impacto 12,5 mm (1\/2\\\") 678 Nm\"},{\"@type\":\"BreadcrumbList\",\"@id\":\"https:\/\/mantenimientosinformaticos.net\/canarytools\/producto\/pistola-neumatica-de-impacto-125-mm-12-678-nm\/#breadcrumb\",\"itemListElement\":[{\"@type\":\"ListItem\",\"position\":1,\"name\":\"Portada\",\"item\":\"https:\/\/mantenimientosinformaticos.net\/canarytools\/\"},{\"@type\":\"ListItem\",\"position\":2,\"name\":\"Tienda\",\"item\":\"https:\/\/mantenimientosinformaticos.net\/canarytools\/tienda\/\"},{\"@type\":\"ListItem\",\"position\":3,\"name\":\"REF.:3245. Pistola neum\u00e1tica de impacto 12,5 mm (1\/2&#8243;) 678 Nm\"}]},{\"@type\":\"WebSite\",\"@id\":\"https:\/\/mantenimientosinformaticos.net\/canarytools\/#website\",\"url\":\"https:\/\/mantenimientosinformaticos.net\/canarytools\/\",\"name\":\"Canarytools S.L.\",\"description\":\"Herramientas y M\u00e1quinas\",\"publisher\":{\"@id\":\"https:\/\/mantenimientosinformaticos.net\/canarytools\/#\/schema\/person\/355e32754b03bb24b681f1b6917e49bf\"},\"potentialAction\":[{\"@type\":\"SearchAction\",\"target\":{\"@type\":\"EntryPoint\",\"urlTemplate\":\"https:\/\/mantenimientosinformaticos.net\/canarytools\/?s={search_term_string}\"},\"query-input\":\"required name=search_term_string\"}],\"inLanguage\":\"es\"},{\"@type\":[\"Person\",\"Organization\"],\"@id\":\"https:\/\/mantenimientosinformaticos.net\/canarytools\/#\/schema\/person\/355e32754b03bb24b681f1b6917e49bf\",\"name\":\"canarytools.xnetdigital\",\"image\":{\"@type\":\"ImageObject\",\"inLanguage\":\"es\",\"@id\":\"https:\/\/mantenimientosinformaticos.net\/canarytools\/#\/schema\/person\/image\/\",\"url\":\"https:\/\/mantenimientosinformaticos.net\/canarytools\/wp-content\/uploads\/2023\/12\/canary-tools-logo.png\",\"contentUrl\":\"https:\/\/mantenimientosinformaticos.net\/canarytools\/wp-content\/uploads\/2023\/12\/canary-tools-logo.png\",\"width\":1302,\"height\":440,\"caption\":\"canarytools.xnetdigital\"},\"logo\":{\"@id\":\"https:\/\/mantenimientosinformaticos.net\/canarytools\/#\/schema\/person\/image\/\"},\"sameAs\":[\"https:\/\/mantenimientosinformaticos.net\/canarytools\"]}]}<\/script>\n<!-- \/ Yoast SEO plugin. -->","yoast_head_json":{"title":"REF.:3245.    Pistola neum\u00e1tica de impacto 12,5 mm (1\/2\") 678 Nm - Canarytools S.L.","robots":{"index":"index","follow":"follow","max-snippet":"max-snippet:-1","max-image-preview":"max-image-preview:large","max-video-preview":"max-video-preview:-1"},"canonical":"https:\/\/mantenimientosinformaticos.net\/canarytools\/producto\/pistola-neumatica-de-impacto-125-mm-12-678-nm\/","og_locale":"es_ES","og_type":"article","og_title":"REF.:3245.    Pistola neum\u00e1tica de impacto 12,5 mm (1\/2\") 678 Nm - Canarytools S.L.","og_description":"entrada 12,5 mm (1\/2\")par de apriete de trabajo 515 Nmpar de apriete m\u00e1x. 678 Nmm\u00e1x. revoluciones (sin carga) 11000 rpmpresi\u00f3n de trabajo 6,3 barmecanismo de impacto doble mazaentrada de aire 6,3 mm (1\/4\")\u00d8 de manguera recomendado 10 mm (3\/8\")peso 1,6 kgdise\u00f1o corto y ligerolongitud total 130 mm (incl. cuadrado)","og_url":"https:\/\/mantenimientosinformaticos.net\/canarytools\/producto\/pistola-neumatica-de-impacto-125-mm-12-678-nm\/","og_site_name":"Canarytools S.L.","og_image":[{"width":501,"height":475,"url":"https:\/\/mantenimientosinformaticos.net\/canarytools\/wp-content\/uploads\/2020\/06\/1335-REF.3245.-Pistola-neumatica-de-impacto-125-mm-12-678-Nm.jpg","type":"image\/jpeg"}],"twitter_card":"summary_large_image","schema":{"@context":"https:\/\/schema.org","@graph":[{"@type":"WebPage","@id":"https:\/\/mantenimientosinformaticos.net\/canarytools\/producto\/pistola-neumatica-de-impacto-125-mm-12-678-nm\/","url":"https:\/\/mantenimientosinformaticos.net\/canarytools\/producto\/pistola-neumatica-de-impacto-125-mm-12-678-nm\/","name":"REF.:3245. Pistola neum\u00e1tica de impacto 12,5 mm (1\/2\") 678 Nm - Canarytools S.L.","isPartOf":{"@id":"https:\/\/mantenimientosinformaticos.net\/canarytools\/#website"},"primaryImageOfPage":{"@id":"https:\/\/mantenimientosinformaticos.net\/canarytools\/producto\/pistola-neumatica-de-impacto-125-mm-12-678-nm\/#primaryimage"},"image":{"@id":"https:\/\/mantenimientosinformaticos.net\/canarytools\/producto\/pistola-neumatica-de-impacto-125-mm-12-678-nm\/#primaryimage"},"thumbnailUrl":"https:\/\/mantenimientosinformaticos.net\/canarytools\/wp-content\/uploads\/2020\/06\/1335-REF.3245.-Pistola-neumatica-de-impacto-125-mm-12-678-Nm.jpg","datePublished":"2020-06-10T19:27:17+00:00","dateModified":"2020-06-10T19:27:17+00:00","breadcrumb":{"@id":"https:\/\/mantenimientosinformaticos.net\/canarytools\/producto\/pistola-neumatica-de-impacto-125-mm-12-678-nm\/#breadcrumb"},"inLanguage":"es","potentialAction":[{"@type":"ReadAction","target":["https:\/\/mantenimientosinformaticos.net\/canarytools\/producto\/pistola-neumatica-de-impacto-125-mm-12-678-nm\/"]}]},{"@type":"ImageObject","inLanguage":"es","@id":"https:\/\/mantenimientosinformaticos.net\/canarytools\/producto\/pistola-neumatica-de-impacto-125-mm-12-678-nm\/#primaryimage","url":"https:\/\/mantenimientosinformaticos.net\/canarytools\/wp-content\/uploads\/2020\/06\/1335-REF.3245.-Pistola-neumatica-de-impacto-125-mm-12-678-Nm.jpg","contentUrl":"https:\/\/mantenimientosinformaticos.net\/canarytools\/wp-content\/uploads\/2020\/06\/1335-REF.3245.-Pistola-neumatica-de-impacto-125-mm-12-678-Nm.jpg","width":501,"height":475,"caption":"REF.:3245. Pistola neum\u00e1tica de impacto 12,5 mm (1\/2\") 678 Nm"},{"@type":"BreadcrumbList","@id":"https:\/\/mantenimientosinformaticos.net\/canarytools\/producto\/pistola-neumatica-de-impacto-125-mm-12-678-nm\/#breadcrumb","itemListElement":[{"@type":"ListItem","position":1,"name":"Portada","item":"https:\/\/mantenimientosinformaticos.net\/canarytools\/"},{"@type":"ListItem","position":2,"name":"Tienda","item":"https:\/\/mantenimientosinformaticos.net\/canarytools\/tienda\/"},{"@type":"ListItem","position":3,"name":"REF.:3245. Pistola neum\u00e1tica de impacto 12,5 mm (1\/2&#8243;) 678 Nm"}]},{"@type":"WebSite","@id":"https:\/\/mantenimientosinformaticos.net\/canarytools\/#website","url":"https:\/\/mantenimientosinformaticos.net\/canarytools\/","name":"Canarytools S.L.","description":"Herramientas y M\u00e1quinas","publisher":{"@id":"https:\/\/mantenimientosinformaticos.net\/canarytools\/#\/schema\/person\/355e32754b03bb24b681f1b6917e49bf"},"potentialAction":[{"@type":"SearchAction","target":{"@type":"EntryPoint","urlTemplate":"https:\/\/mantenimientosinformaticos.net\/canarytools\/?s={search_term_string}"},"query-input":"required name=search_term_string"}],"inLanguage":"es"},{"@type":["Person","Organization"],"@id":"https:\/\/mantenimientosinformaticos.net\/canarytools\/#\/schema\/person\/355e32754b03bb24b681f1b6917e49bf","name":"canarytools.xnetdigital","image":{"@type":"ImageObject","inLanguage":"es","@id":"https:\/\/mantenimientosinformaticos.net\/canarytools\/#\/schema\/person\/image\/","url":"https:\/\/mantenimientosinformaticos.net\/canarytools\/wp-content\/uploads\/2023\/12\/canary-tools-logo.png","contentUrl":"https:\/\/mantenimientosinformaticos.net\/canarytools\/wp-content\/uploads\/2023\/12\/canary-tools-logo.png","width":1302,"height":440,"caption":"canarytools.xnetdigital"},"logo":{"@id":"https:\/\/mantenimientosinformaticos.net\/canarytools\/#\/schema\/person\/image\/"},"sameAs":["https:\/\/mantenimientosinformaticos.net\/canarytools"]}]}},"_links":{"self":[{"href":"https:\/\/mantenimientosinformaticos.net\/canarytools\/wp-json\/wp\/v2\/product\/6290","targetHints":{"allow":["GET"]}}],"collection":[{"href":"https:\/\/mantenimientosinformaticos.net\/canarytools\/wp-json\/wp\/v2\/product"}],"about":[{"href":"https:\/\/mantenimientosinformaticos.net\/canarytools\/wp-json\/wp\/v2\/types\/product"}],"replies":[{"embeddable":true,"href":"https:\/\/mantenimientosinformaticos.net\/canarytools\/wp-json\/wp\/v2\/comments?post=6290"}],"wp:featuredmedia":[{"embeddable":true,"href":"https:\/\/mantenimientosinformaticos.net\/canarytools\/wp-json\/wp\/v2\/media\/6289"}],"wp:attachment":[{"href":"https:\/\/mantenimientosinformaticos.net\/canarytools\/wp-json\/wp\/v2\/media?parent=6290"}],"wp:term":[{"taxonomy":"product_cat","embeddable":true,"href":"https:\/\/mantenimientosinformaticos.net\/canarytools\/wp-json\/wp\/v2\/product_cat?post=6290"},{"taxonomy":"product_tag","embeddable":true,"href":"https:\/\/mantenimientosinformaticos.net\/canarytools\/wp-json\/wp\/v2\/product_tag?post=6290"}],"curies":[{"name":"wp","href":"https:\/\/api.w.org\/{rel}","templated":true}]}}