{"id":6278,"date":"2020-06-09T17:03:45","date_gmt":"2020-06-09T15:03:45","guid":{"rendered":"https:\/\/mantenimientosinformaticos.net\/canarytools\/producto\/elevador-columnas-moviles\/"},"modified":"2020-06-09T17:03:45","modified_gmt":"2020-06-09T15:03:45","slug":"elevador-columnas-moviles","status":"publish","type":"product","link":"https:\/\/mantenimientosinformaticos.net\/canarytools\/producto\/elevador-columnas-moviles\/","title":{"rendered":"REF.:4EF0050.   Elevador Columnas M\u00f3viles"},"content":{"rendered":"<p>\u00b7 Columnas electro-hidr\u00e1ulicas.<br \/> \u00b7 Juego 4 columnas: 1 principal + 3 esclavas<br \/> \u00b7 Juego hasta 8 columnas mediante ejecuci\u00f3n especial<br \/> \u00b7 Cables de conexi\u00f3n de columna a columna alrededor del veh\u00edculo formando un circuito cerrado.<br \/> \u00b7 Brazos ajustables de 380 a 620 mm. (Neum\u00e1ticos 560 \u2013 1400 mm)<br \/> \u00b7 Cada columna esclava est\u00e1 equipada con cable de conexi\u00f3n con terminales de enchufe r\u00e1pido.<br \/> \u00b7 El sistema de control \u201cSCS\u201d garantiza una perfecta sincronizaci\u00f3n de las columnas sin variaci\u00f3n de velocidad as\u00ed como un continuo control de todas las funciones operativas del elevador.<br \/> \u00b7 Control remoto de serie.<br \/> \u00b7 Cada columna dispone de su propio carro hidr\u00e1ulico con ruedas giratorias que garantizan un posicionamiento sencillo y c\u00f3modo.<br \/> \u00b7 Sistema de seguridad para dejar el veh\u00edculo industrial sin carga o con caballetes.<br \/> \u00b7 Las columnas pueden ser operadas individualmente o en conjunto.<br \/> \u00b7 Tope de altura mec\u00e1nico para proteger cualquier exceso en el recorrido del pist\u00f3n.<br \/> \u00b7 V\u00e1lvula de control de velocidad en el descenso.<br \/> \u00b7 V\u00e1lvula de seguridad contra exceso de presi\u00f3n.<\/p><\/p>\n","protected":false},"excerpt":{"rendered":"<p>El m\u00e1s nedido en V.I. Vers\u00e1til x4, desde turismo, caravanas, camiones r\u00edgidos o articulados, autobuses. (Opci\u00f3n sin cables, bater\u00edas y comunicaci\u00f3n ZigBee)<\/p>\n","protected":false},"featured_media":6277,"comment_status":"open","ping_status":"closed","template":"","meta":[],"product_cat":[615,492,533],"product_tag":[],"class_list":{"0":"post-6278","1":"product","2":"type-product","3":"status-publish","4":"has-post-thumbnail","6":"product_cat-cuatros-columnas","7":"product_cat-equipo-de-talleres","8":"product_cat-elevadores","10":"first","11":"onbackorder","12":"shipping-taxable","13":"purchasable","14":"product-type-simple"},"yoast_head":"<!-- This site is optimized with the Yoast SEO plugin v22.7 - https:\/\/yoast.com\/wordpress\/plugins\/seo\/ -->\n<title>REF.:4EF0050.  Elevador Columnas M\u00f3viles - Canarytools S.L.<\/title>\n<meta name=\"robots\" content=\"index, follow, max-snippet:-1, max-image-preview:large, max-video-preview:-1\" \/>\n<link rel=\"canonical\" href=\"https:\/\/mantenimientosinformaticos.net\/canarytools\/producto\/elevador-columnas-moviles\/\" \/>\n<meta property=\"og:locale\" content=\"es_ES\" \/>\n<meta property=\"og:type\" content=\"article\" \/>\n<meta property=\"og:title\" content=\"REF.:4EF0050.  Elevador Columnas M\u00f3viles - Canarytools S.L.\" \/>\n<meta property=\"og:description\" content=\"El m\u00e1s nedido en V.I. Vers\u00e1til x4, desde turismo, caravanas, camiones r\u00edgidos o articulados, autobuses. (Opci\u00f3n sin cables, bater\u00edas y comunicaci\u00f3n ZigBee)\" \/>\n<meta property=\"og:url\" content=\"https:\/\/mantenimientosinformaticos.net\/canarytools\/producto\/elevador-columnas-moviles\/\" \/>\n<meta property=\"og:site_name\" content=\"Canarytools S.L.\" \/>\n<meta property=\"og:image\" content=\"https:\/\/mantenimientosinformaticos.net\/canarytools\/wp-content\/uploads\/2020\/06\/1328-REF.4EF0050.-Elevador-Columnas-Moviles.jpg\" \/>\n\t<meta property=\"og:image:width\" content=\"1000\" \/>\n\t<meta property=\"og:image:height\" content=\"1000\" \/>\n\t<meta property=\"og:image:type\" content=\"image\/jpeg\" \/>\n<meta name=\"twitter:card\" content=\"summary_large_image\" \/>\n<meta name=\"twitter:label1\" content=\"Tiempo de lectura\" \/>\n\t<meta name=\"twitter:data1\" content=\"1 minuto\" \/>\n<script type=\"application\/ld+json\" class=\"yoast-schema-graph\">{\"@context\":\"https:\/\/schema.org\",\"@graph\":[{\"@type\":\"WebPage\",\"@id\":\"https:\/\/mantenimientosinformaticos.net\/canarytools\/producto\/elevador-columnas-moviles\/\",\"url\":\"https:\/\/mantenimientosinformaticos.net\/canarytools\/producto\/elevador-columnas-moviles\/\",\"name\":\"REF.:4EF0050. Elevador Columnas M\u00f3viles - Canarytools S.L.\",\"isPartOf\":{\"@id\":\"https:\/\/mantenimientosinformaticos.net\/canarytools\/#website\"},\"primaryImageOfPage\":{\"@id\":\"https:\/\/mantenimientosinformaticos.net\/canarytools\/producto\/elevador-columnas-moviles\/#primaryimage\"},\"image\":{\"@id\":\"https:\/\/mantenimientosinformaticos.net\/canarytools\/producto\/elevador-columnas-moviles\/#primaryimage\"},\"thumbnailUrl\":\"https:\/\/mantenimientosinformaticos.net\/canarytools\/wp-content\/uploads\/2020\/06\/1328-REF.4EF0050.-Elevador-Columnas-Moviles.jpg\",\"datePublished\":\"2020-06-09T15:03:45+00:00\",\"dateModified\":\"2020-06-09T15:03:45+00:00\",\"breadcrumb\":{\"@id\":\"https:\/\/mantenimientosinformaticos.net\/canarytools\/producto\/elevador-columnas-moviles\/#breadcrumb\"},\"inLanguage\":\"es\",\"potentialAction\":[{\"@type\":\"ReadAction\",\"target\":[\"https:\/\/mantenimientosinformaticos.net\/canarytools\/producto\/elevador-columnas-moviles\/\"]}]},{\"@type\":\"ImageObject\",\"inLanguage\":\"es\",\"@id\":\"https:\/\/mantenimientosinformaticos.net\/canarytools\/producto\/elevador-columnas-moviles\/#primaryimage\",\"url\":\"https:\/\/mantenimientosinformaticos.net\/canarytools\/wp-content\/uploads\/2020\/06\/1328-REF.4EF0050.-Elevador-Columnas-Moviles.jpg\",\"contentUrl\":\"https:\/\/mantenimientosinformaticos.net\/canarytools\/wp-content\/uploads\/2020\/06\/1328-REF.4EF0050.-Elevador-Columnas-Moviles.jpg\",\"width\":1000,\"height\":1000,\"caption\":\"REF.:4EF0050. Elevador Columnas M\u00f3viles\"},{\"@type\":\"BreadcrumbList\",\"@id\":\"https:\/\/mantenimientosinformaticos.net\/canarytools\/producto\/elevador-columnas-moviles\/#breadcrumb\",\"itemListElement\":[{\"@type\":\"ListItem\",\"position\":1,\"name\":\"Portada\",\"item\":\"https:\/\/mantenimientosinformaticos.net\/canarytools\/\"},{\"@type\":\"ListItem\",\"position\":2,\"name\":\"Tienda\",\"item\":\"https:\/\/mantenimientosinformaticos.net\/canarytools\/tienda\/\"},{\"@type\":\"ListItem\",\"position\":3,\"name\":\"REF.:4EF0050. Elevador Columnas M\u00f3viles\"}]},{\"@type\":\"WebSite\",\"@id\":\"https:\/\/mantenimientosinformaticos.net\/canarytools\/#website\",\"url\":\"https:\/\/mantenimientosinformaticos.net\/canarytools\/\",\"name\":\"Canarytools S.L.\",\"description\":\"Herramientas y M\u00e1quinas\",\"publisher\":{\"@id\":\"https:\/\/mantenimientosinformaticos.net\/canarytools\/#\/schema\/person\/355e32754b03bb24b681f1b6917e49bf\"},\"potentialAction\":[{\"@type\":\"SearchAction\",\"target\":{\"@type\":\"EntryPoint\",\"urlTemplate\":\"https:\/\/mantenimientosinformaticos.net\/canarytools\/?s={search_term_string}\"},\"query-input\":\"required name=search_term_string\"}],\"inLanguage\":\"es\"},{\"@type\":[\"Person\",\"Organization\"],\"@id\":\"https:\/\/mantenimientosinformaticos.net\/canarytools\/#\/schema\/person\/355e32754b03bb24b681f1b6917e49bf\",\"name\":\"canarytools.xnetdigital\",\"image\":{\"@type\":\"ImageObject\",\"inLanguage\":\"es\",\"@id\":\"https:\/\/mantenimientosinformaticos.net\/canarytools\/#\/schema\/person\/image\/\",\"url\":\"https:\/\/mantenimientosinformaticos.net\/canarytools\/wp-content\/uploads\/2023\/12\/canary-tools-logo.png\",\"contentUrl\":\"https:\/\/mantenimientosinformaticos.net\/canarytools\/wp-content\/uploads\/2023\/12\/canary-tools-logo.png\",\"width\":1302,\"height\":440,\"caption\":\"canarytools.xnetdigital\"},\"logo\":{\"@id\":\"https:\/\/mantenimientosinformaticos.net\/canarytools\/#\/schema\/person\/image\/\"},\"sameAs\":[\"https:\/\/mantenimientosinformaticos.net\/canarytools\"]}]}<\/script>\n<!-- \/ Yoast SEO plugin. -->","yoast_head_json":{"title":"REF.:4EF0050.  Elevador Columnas M\u00f3viles - Canarytools S.L.","robots":{"index":"index","follow":"follow","max-snippet":"max-snippet:-1","max-image-preview":"max-image-preview:large","max-video-preview":"max-video-preview:-1"},"canonical":"https:\/\/mantenimientosinformaticos.net\/canarytools\/producto\/elevador-columnas-moviles\/","og_locale":"es_ES","og_type":"article","og_title":"REF.:4EF0050.  Elevador Columnas M\u00f3viles - Canarytools S.L.","og_description":"El m\u00e1s nedido en V.I. Vers\u00e1til x4, desde turismo, caravanas, camiones r\u00edgidos o articulados, autobuses. (Opci\u00f3n sin cables, bater\u00edas y comunicaci\u00f3n ZigBee)","og_url":"https:\/\/mantenimientosinformaticos.net\/canarytools\/producto\/elevador-columnas-moviles\/","og_site_name":"Canarytools S.L.","og_image":[{"width":1000,"height":1000,"url":"https:\/\/mantenimientosinformaticos.net\/canarytools\/wp-content\/uploads\/2020\/06\/1328-REF.4EF0050.-Elevador-Columnas-Moviles.jpg","type":"image\/jpeg"}],"twitter_card":"summary_large_image","twitter_misc":{"Tiempo de lectura":"1 minuto"},"schema":{"@context":"https:\/\/schema.org","@graph":[{"@type":"WebPage","@id":"https:\/\/mantenimientosinformaticos.net\/canarytools\/producto\/elevador-columnas-moviles\/","url":"https:\/\/mantenimientosinformaticos.net\/canarytools\/producto\/elevador-columnas-moviles\/","name":"REF.:4EF0050. Elevador Columnas M\u00f3viles - Canarytools S.L.","isPartOf":{"@id":"https:\/\/mantenimientosinformaticos.net\/canarytools\/#website"},"primaryImageOfPage":{"@id":"https:\/\/mantenimientosinformaticos.net\/canarytools\/producto\/elevador-columnas-moviles\/#primaryimage"},"image":{"@id":"https:\/\/mantenimientosinformaticos.net\/canarytools\/producto\/elevador-columnas-moviles\/#primaryimage"},"thumbnailUrl":"https:\/\/mantenimientosinformaticos.net\/canarytools\/wp-content\/uploads\/2020\/06\/1328-REF.4EF0050.-Elevador-Columnas-Moviles.jpg","datePublished":"2020-06-09T15:03:45+00:00","dateModified":"2020-06-09T15:03:45+00:00","breadcrumb":{"@id":"https:\/\/mantenimientosinformaticos.net\/canarytools\/producto\/elevador-columnas-moviles\/#breadcrumb"},"inLanguage":"es","potentialAction":[{"@type":"ReadAction","target":["https:\/\/mantenimientosinformaticos.net\/canarytools\/producto\/elevador-columnas-moviles\/"]}]},{"@type":"ImageObject","inLanguage":"es","@id":"https:\/\/mantenimientosinformaticos.net\/canarytools\/producto\/elevador-columnas-moviles\/#primaryimage","url":"https:\/\/mantenimientosinformaticos.net\/canarytools\/wp-content\/uploads\/2020\/06\/1328-REF.4EF0050.-Elevador-Columnas-Moviles.jpg","contentUrl":"https:\/\/mantenimientosinformaticos.net\/canarytools\/wp-content\/uploads\/2020\/06\/1328-REF.4EF0050.-Elevador-Columnas-Moviles.jpg","width":1000,"height":1000,"caption":"REF.:4EF0050. Elevador Columnas M\u00f3viles"},{"@type":"BreadcrumbList","@id":"https:\/\/mantenimientosinformaticos.net\/canarytools\/producto\/elevador-columnas-moviles\/#breadcrumb","itemListElement":[{"@type":"ListItem","position":1,"name":"Portada","item":"https:\/\/mantenimientosinformaticos.net\/canarytools\/"},{"@type":"ListItem","position":2,"name":"Tienda","item":"https:\/\/mantenimientosinformaticos.net\/canarytools\/tienda\/"},{"@type":"ListItem","position":3,"name":"REF.:4EF0050. Elevador Columnas M\u00f3viles"}]},{"@type":"WebSite","@id":"https:\/\/mantenimientosinformaticos.net\/canarytools\/#website","url":"https:\/\/mantenimientosinformaticos.net\/canarytools\/","name":"Canarytools S.L.","description":"Herramientas y M\u00e1quinas","publisher":{"@id":"https:\/\/mantenimientosinformaticos.net\/canarytools\/#\/schema\/person\/355e32754b03bb24b681f1b6917e49bf"},"potentialAction":[{"@type":"SearchAction","target":{"@type":"EntryPoint","urlTemplate":"https:\/\/mantenimientosinformaticos.net\/canarytools\/?s={search_term_string}"},"query-input":"required name=search_term_string"}],"inLanguage":"es"},{"@type":["Person","Organization"],"@id":"https:\/\/mantenimientosinformaticos.net\/canarytools\/#\/schema\/person\/355e32754b03bb24b681f1b6917e49bf","name":"canarytools.xnetdigital","image":{"@type":"ImageObject","inLanguage":"es","@id":"https:\/\/mantenimientosinformaticos.net\/canarytools\/#\/schema\/person\/image\/","url":"https:\/\/mantenimientosinformaticos.net\/canarytools\/wp-content\/uploads\/2023\/12\/canary-tools-logo.png","contentUrl":"https:\/\/mantenimientosinformaticos.net\/canarytools\/wp-content\/uploads\/2023\/12\/canary-tools-logo.png","width":1302,"height":440,"caption":"canarytools.xnetdigital"},"logo":{"@id":"https:\/\/mantenimientosinformaticos.net\/canarytools\/#\/schema\/person\/image\/"},"sameAs":["https:\/\/mantenimientosinformaticos.net\/canarytools"]}]}},"_links":{"self":[{"href":"https:\/\/mantenimientosinformaticos.net\/canarytools\/wp-json\/wp\/v2\/product\/6278","targetHints":{"allow":["GET"]}}],"collection":[{"href":"https:\/\/mantenimientosinformaticos.net\/canarytools\/wp-json\/wp\/v2\/product"}],"about":[{"href":"https:\/\/mantenimientosinformaticos.net\/canarytools\/wp-json\/wp\/v2\/types\/product"}],"replies":[{"embeddable":true,"href":"https:\/\/mantenimientosinformaticos.net\/canarytools\/wp-json\/wp\/v2\/comments?post=6278"}],"wp:featuredmedia":[{"embeddable":true,"href":"https:\/\/mantenimientosinformaticos.net\/canarytools\/wp-json\/wp\/v2\/media\/6277"}],"wp:attachment":[{"href":"https:\/\/mantenimientosinformaticos.net\/canarytools\/wp-json\/wp\/v2\/media?parent=6278"}],"wp:term":[{"taxonomy":"product_cat","embeddable":true,"href":"https:\/\/mantenimientosinformaticos.net\/canarytools\/wp-json\/wp\/v2\/product_cat?post=6278"},{"taxonomy":"product_tag","embeddable":true,"href":"https:\/\/mantenimientosinformaticos.net\/canarytools\/wp-json\/wp\/v2\/product_tag?post=6278"}],"curies":[{"name":"wp","href":"https:\/\/api.w.org\/{rel}","templated":true}]}}