{"id":6224,"date":"2020-06-07T12:31:27","date_gmt":"2020-06-07T10:31:27","guid":{"rendered":"https:\/\/mantenimientosinformaticos.net\/canarytools\/producto\/llave-de-vaso-hexagonal-entrada-125-mm-12-28-mm\/"},"modified":"2020-06-07T12:31:27","modified_gmt":"2020-06-07T10:31:27","slug":"llave-de-vaso-hexagonal-entrada-125-mm-12-28-mm","status":"publish","type":"product","link":"https:\/\/mantenimientosinformaticos.net\/canarytools\/producto\/llave-de-vaso-hexagonal-entrada-125-mm-12-28-mm\/","title":{"rendered":"REF.:2928.      Llave de vaso hexagonal entrada 12,5 mm (1\/2&#8243;) 28 mm"},"content":{"rendered":"","protected":false},"excerpt":{"rendered":"<h3>Datos t\u00e9cnicos<\/h3>\n<\/p>\n<table class=\"table table-striped\">\n<colgroup>\n<col style=\"width:50%;\" \/>\n<col style=\"width:50%;\" \/><\/colgroup>\n<tbody>\n<tr>\n<td>Perfil de accionamiento<\/td>\n<td>Pro Torque\u00ae (hexagonal)<\/td>\n<\/tr>\n<tr>\n<td>Peso bruto<\/td>\n<td>180 g<\/td>\n<\/tr>\n<tr>\n<td>Tama\u00f1o del perfil de accionamiento, sistema m\u00e9trico<\/td>\n<td>12,5 mm<\/td>\n<\/tr>\n<tr>\n<td>Anchura de llave<\/td>\n<td>28 mm<\/td>\n<\/tr>\n<tr>\n<td>Embalaje adecuado para colgar de la pared<\/td>\n<td>S\u00ed<\/td>\n<\/tr>\n<tr>\n<td>Perfil de transmisi\u00f3n<\/td>\n<td>Cuadrado interno<\/td>\n<\/tr>\n<tr>\n<td>Tama\u00f1o del perfil de accionamiento, sistema anglosaj\u00f3n<\/td>\n<td>1\/2 \u00ab<\/td>\n<\/tr>\n<tr>\n<td>Tratamiento superficial<\/td>\n<td>Cromado, mate<\/td>\n<\/tr>\n<tr>\n<td>Material<\/td>\n<td>Acero al cromo vanadio<\/td>\n<\/tr>\n<\/tbody>\n<\/table>\n","protected":false},"featured_media":6223,"comment_status":"open","ping_status":"closed","template":"","meta":[],"product_cat":[648,495],"product_tag":[],"class_list":{"0":"post-6224","1":"product","2":"type-product","3":"status-publish","4":"has-post-thumbnail","6":"product_cat-hexagonal-pro-torque-llaves-de-vaso-de-63-mm-14","7":"product_cat-herramientas-manuales","9":"first","10":"instock","11":"shipping-taxable","12":"purchasable","13":"product-type-simple"},"yoast_head":"<!-- This site is optimized with the Yoast SEO plugin v22.7 - https:\/\/yoast.com\/wordpress\/plugins\/seo\/ -->\n<title>REF.:2928.   Llave de vaso hexagonal entrada 12,5 mm (1\/2&quot;) 28 mm - Canarytools S.L.<\/title>\n<meta name=\"robots\" content=\"index, follow, max-snippet:-1, max-image-preview:large, max-video-preview:-1\" \/>\n<link rel=\"canonical\" href=\"https:\/\/mantenimientosinformaticos.net\/canarytools\/producto\/llave-de-vaso-hexagonal-entrada-125-mm-12-28-mm\/\" \/>\n<meta property=\"og:locale\" content=\"es_ES\" \/>\n<meta property=\"og:type\" content=\"article\" \/>\n<meta property=\"og:title\" content=\"REF.:2928.   Llave de vaso hexagonal entrada 12,5 mm (1\/2&quot;) 28 mm - Canarytools S.L.\" \/>\n<meta property=\"og:description\" content=\"Datos t\u00e9cnicos Perfil de accionamiento Pro Torque\u00ae (hexagonal) Peso bruto 180 g Tama\u00f1o del perfil de accionamiento, sistema m\u00e9trico 12,5 mm Anchura de llave 28 mm Embalaje adecuado para colgar de la pared S\u00ed Perfil de transmisi\u00f3n Cuadrado interno Tama\u00f1o del perfil de accionamiento, sistema anglosaj\u00f3n 1\/2 &quot; Tratamiento superficial Cromado, mate Material Acero al cromo vanadio\" \/>\n<meta property=\"og:url\" content=\"https:\/\/mantenimientosinformaticos.net\/canarytools\/producto\/llave-de-vaso-hexagonal-entrada-125-mm-12-28-mm\/\" \/>\n<meta property=\"og:site_name\" content=\"Canarytools S.L.\" \/>\n<meta property=\"og:image\" content=\"https:\/\/mantenimientosinformaticos.net\/canarytools\/wp-content\/uploads\/2020\/06\/1298-REF.2928.-Llave-de-vaso-hexagonal-entrada-125-mm-12-28-mm.jpg\" \/>\n\t<meta property=\"og:image:width\" content=\"500\" \/>\n\t<meta property=\"og:image:height\" content=\"360\" \/>\n\t<meta property=\"og:image:type\" content=\"image\/jpeg\" \/>\n<meta name=\"twitter:card\" content=\"summary_large_image\" \/>\n<script type=\"application\/ld+json\" class=\"yoast-schema-graph\">{\"@context\":\"https:\/\/schema.org\",\"@graph\":[{\"@type\":\"WebPage\",\"@id\":\"https:\/\/mantenimientosinformaticos.net\/canarytools\/producto\/llave-de-vaso-hexagonal-entrada-125-mm-12-28-mm\/\",\"url\":\"https:\/\/mantenimientosinformaticos.net\/canarytools\/producto\/llave-de-vaso-hexagonal-entrada-125-mm-12-28-mm\/\",\"name\":\"REF.:2928. Llave de vaso hexagonal entrada 12,5 mm (1\/2\\\") 28 mm - Canarytools S.L.\",\"isPartOf\":{\"@id\":\"https:\/\/mantenimientosinformaticos.net\/canarytools\/#website\"},\"primaryImageOfPage\":{\"@id\":\"https:\/\/mantenimientosinformaticos.net\/canarytools\/producto\/llave-de-vaso-hexagonal-entrada-125-mm-12-28-mm\/#primaryimage\"},\"image\":{\"@id\":\"https:\/\/mantenimientosinformaticos.net\/canarytools\/producto\/llave-de-vaso-hexagonal-entrada-125-mm-12-28-mm\/#primaryimage\"},\"thumbnailUrl\":\"https:\/\/mantenimientosinformaticos.net\/canarytools\/wp-content\/uploads\/2020\/06\/1298-REF.2928.-Llave-de-vaso-hexagonal-entrada-125-mm-12-28-mm.jpg\",\"datePublished\":\"2020-06-07T10:31:27+00:00\",\"dateModified\":\"2020-06-07T10:31:27+00:00\",\"breadcrumb\":{\"@id\":\"https:\/\/mantenimientosinformaticos.net\/canarytools\/producto\/llave-de-vaso-hexagonal-entrada-125-mm-12-28-mm\/#breadcrumb\"},\"inLanguage\":\"es\",\"potentialAction\":[{\"@type\":\"ReadAction\",\"target\":[\"https:\/\/mantenimientosinformaticos.net\/canarytools\/producto\/llave-de-vaso-hexagonal-entrada-125-mm-12-28-mm\/\"]}]},{\"@type\":\"ImageObject\",\"inLanguage\":\"es\",\"@id\":\"https:\/\/mantenimientosinformaticos.net\/canarytools\/producto\/llave-de-vaso-hexagonal-entrada-125-mm-12-28-mm\/#primaryimage\",\"url\":\"https:\/\/mantenimientosinformaticos.net\/canarytools\/wp-content\/uploads\/2020\/06\/1298-REF.2928.-Llave-de-vaso-hexagonal-entrada-125-mm-12-28-mm.jpg\",\"contentUrl\":\"https:\/\/mantenimientosinformaticos.net\/canarytools\/wp-content\/uploads\/2020\/06\/1298-REF.2928.-Llave-de-vaso-hexagonal-entrada-125-mm-12-28-mm.jpg\",\"width\":500,\"height\":360,\"caption\":\"REF.:2928. Llave de vaso hexagonal entrada 12,5 mm (1\/2\\\") 28 mm\"},{\"@type\":\"BreadcrumbList\",\"@id\":\"https:\/\/mantenimientosinformaticos.net\/canarytools\/producto\/llave-de-vaso-hexagonal-entrada-125-mm-12-28-mm\/#breadcrumb\",\"itemListElement\":[{\"@type\":\"ListItem\",\"position\":1,\"name\":\"Portada\",\"item\":\"https:\/\/mantenimientosinformaticos.net\/canarytools\/\"},{\"@type\":\"ListItem\",\"position\":2,\"name\":\"Tienda\",\"item\":\"https:\/\/mantenimientosinformaticos.net\/canarytools\/tienda\/\"},{\"@type\":\"ListItem\",\"position\":3,\"name\":\"REF.:2928. Llave de vaso hexagonal entrada 12,5 mm (1\/2&#8243;) 28 mm\"}]},{\"@type\":\"WebSite\",\"@id\":\"https:\/\/mantenimientosinformaticos.net\/canarytools\/#website\",\"url\":\"https:\/\/mantenimientosinformaticos.net\/canarytools\/\",\"name\":\"Canarytools S.L.\",\"description\":\"Herramientas y M\u00e1quinas\",\"publisher\":{\"@id\":\"https:\/\/mantenimientosinformaticos.net\/canarytools\/#\/schema\/person\/355e32754b03bb24b681f1b6917e49bf\"},\"potentialAction\":[{\"@type\":\"SearchAction\",\"target\":{\"@type\":\"EntryPoint\",\"urlTemplate\":\"https:\/\/mantenimientosinformaticos.net\/canarytools\/?s={search_term_string}\"},\"query-input\":\"required name=search_term_string\"}],\"inLanguage\":\"es\"},{\"@type\":[\"Person\",\"Organization\"],\"@id\":\"https:\/\/mantenimientosinformaticos.net\/canarytools\/#\/schema\/person\/355e32754b03bb24b681f1b6917e49bf\",\"name\":\"canarytools.xnetdigital\",\"image\":{\"@type\":\"ImageObject\",\"inLanguage\":\"es\",\"@id\":\"https:\/\/mantenimientosinformaticos.net\/canarytools\/#\/schema\/person\/image\/\",\"url\":\"https:\/\/mantenimientosinformaticos.net\/canarytools\/wp-content\/uploads\/2023\/12\/canary-tools-logo.png\",\"contentUrl\":\"https:\/\/mantenimientosinformaticos.net\/canarytools\/wp-content\/uploads\/2023\/12\/canary-tools-logo.png\",\"width\":1302,\"height\":440,\"caption\":\"canarytools.xnetdigital\"},\"logo\":{\"@id\":\"https:\/\/mantenimientosinformaticos.net\/canarytools\/#\/schema\/person\/image\/\"},\"sameAs\":[\"https:\/\/mantenimientosinformaticos.net\/canarytools\"]}]}<\/script>\n<!-- \/ Yoast SEO plugin. -->","yoast_head_json":{"title":"REF.:2928.   Llave de vaso hexagonal entrada 12,5 mm (1\/2\") 28 mm - Canarytools S.L.","robots":{"index":"index","follow":"follow","max-snippet":"max-snippet:-1","max-image-preview":"max-image-preview:large","max-video-preview":"max-video-preview:-1"},"canonical":"https:\/\/mantenimientosinformaticos.net\/canarytools\/producto\/llave-de-vaso-hexagonal-entrada-125-mm-12-28-mm\/","og_locale":"es_ES","og_type":"article","og_title":"REF.:2928.   Llave de vaso hexagonal entrada 12,5 mm (1\/2\") 28 mm - Canarytools S.L.","og_description":"Datos t\u00e9cnicos Perfil de accionamiento Pro Torque\u00ae (hexagonal) Peso bruto 180 g Tama\u00f1o del perfil de accionamiento, sistema m\u00e9trico 12,5 mm Anchura de llave 28 mm Embalaje adecuado para colgar de la pared S\u00ed Perfil de transmisi\u00f3n Cuadrado interno Tama\u00f1o del perfil de accionamiento, sistema anglosaj\u00f3n 1\/2 \" Tratamiento superficial Cromado, mate Material Acero al cromo vanadio","og_url":"https:\/\/mantenimientosinformaticos.net\/canarytools\/producto\/llave-de-vaso-hexagonal-entrada-125-mm-12-28-mm\/","og_site_name":"Canarytools S.L.","og_image":[{"width":500,"height":360,"url":"https:\/\/mantenimientosinformaticos.net\/canarytools\/wp-content\/uploads\/2020\/06\/1298-REF.2928.-Llave-de-vaso-hexagonal-entrada-125-mm-12-28-mm.jpg","type":"image\/jpeg"}],"twitter_card":"summary_large_image","schema":{"@context":"https:\/\/schema.org","@graph":[{"@type":"WebPage","@id":"https:\/\/mantenimientosinformaticos.net\/canarytools\/producto\/llave-de-vaso-hexagonal-entrada-125-mm-12-28-mm\/","url":"https:\/\/mantenimientosinformaticos.net\/canarytools\/producto\/llave-de-vaso-hexagonal-entrada-125-mm-12-28-mm\/","name":"REF.:2928. Llave de vaso hexagonal entrada 12,5 mm (1\/2\") 28 mm - Canarytools S.L.","isPartOf":{"@id":"https:\/\/mantenimientosinformaticos.net\/canarytools\/#website"},"primaryImageOfPage":{"@id":"https:\/\/mantenimientosinformaticos.net\/canarytools\/producto\/llave-de-vaso-hexagonal-entrada-125-mm-12-28-mm\/#primaryimage"},"image":{"@id":"https:\/\/mantenimientosinformaticos.net\/canarytools\/producto\/llave-de-vaso-hexagonal-entrada-125-mm-12-28-mm\/#primaryimage"},"thumbnailUrl":"https:\/\/mantenimientosinformaticos.net\/canarytools\/wp-content\/uploads\/2020\/06\/1298-REF.2928.-Llave-de-vaso-hexagonal-entrada-125-mm-12-28-mm.jpg","datePublished":"2020-06-07T10:31:27+00:00","dateModified":"2020-06-07T10:31:27+00:00","breadcrumb":{"@id":"https:\/\/mantenimientosinformaticos.net\/canarytools\/producto\/llave-de-vaso-hexagonal-entrada-125-mm-12-28-mm\/#breadcrumb"},"inLanguage":"es","potentialAction":[{"@type":"ReadAction","target":["https:\/\/mantenimientosinformaticos.net\/canarytools\/producto\/llave-de-vaso-hexagonal-entrada-125-mm-12-28-mm\/"]}]},{"@type":"ImageObject","inLanguage":"es","@id":"https:\/\/mantenimientosinformaticos.net\/canarytools\/producto\/llave-de-vaso-hexagonal-entrada-125-mm-12-28-mm\/#primaryimage","url":"https:\/\/mantenimientosinformaticos.net\/canarytools\/wp-content\/uploads\/2020\/06\/1298-REF.2928.-Llave-de-vaso-hexagonal-entrada-125-mm-12-28-mm.jpg","contentUrl":"https:\/\/mantenimientosinformaticos.net\/canarytools\/wp-content\/uploads\/2020\/06\/1298-REF.2928.-Llave-de-vaso-hexagonal-entrada-125-mm-12-28-mm.jpg","width":500,"height":360,"caption":"REF.:2928. Llave de vaso hexagonal entrada 12,5 mm (1\/2\") 28 mm"},{"@type":"BreadcrumbList","@id":"https:\/\/mantenimientosinformaticos.net\/canarytools\/producto\/llave-de-vaso-hexagonal-entrada-125-mm-12-28-mm\/#breadcrumb","itemListElement":[{"@type":"ListItem","position":1,"name":"Portada","item":"https:\/\/mantenimientosinformaticos.net\/canarytools\/"},{"@type":"ListItem","position":2,"name":"Tienda","item":"https:\/\/mantenimientosinformaticos.net\/canarytools\/tienda\/"},{"@type":"ListItem","position":3,"name":"REF.:2928. Llave de vaso hexagonal entrada 12,5 mm (1\/2&#8243;) 28 mm"}]},{"@type":"WebSite","@id":"https:\/\/mantenimientosinformaticos.net\/canarytools\/#website","url":"https:\/\/mantenimientosinformaticos.net\/canarytools\/","name":"Canarytools S.L.","description":"Herramientas y M\u00e1quinas","publisher":{"@id":"https:\/\/mantenimientosinformaticos.net\/canarytools\/#\/schema\/person\/355e32754b03bb24b681f1b6917e49bf"},"potentialAction":[{"@type":"SearchAction","target":{"@type":"EntryPoint","urlTemplate":"https:\/\/mantenimientosinformaticos.net\/canarytools\/?s={search_term_string}"},"query-input":"required name=search_term_string"}],"inLanguage":"es"},{"@type":["Person","Organization"],"@id":"https:\/\/mantenimientosinformaticos.net\/canarytools\/#\/schema\/person\/355e32754b03bb24b681f1b6917e49bf","name":"canarytools.xnetdigital","image":{"@type":"ImageObject","inLanguage":"es","@id":"https:\/\/mantenimientosinformaticos.net\/canarytools\/#\/schema\/person\/image\/","url":"https:\/\/mantenimientosinformaticos.net\/canarytools\/wp-content\/uploads\/2023\/12\/canary-tools-logo.png","contentUrl":"https:\/\/mantenimientosinformaticos.net\/canarytools\/wp-content\/uploads\/2023\/12\/canary-tools-logo.png","width":1302,"height":440,"caption":"canarytools.xnetdigital"},"logo":{"@id":"https:\/\/mantenimientosinformaticos.net\/canarytools\/#\/schema\/person\/image\/"},"sameAs":["https:\/\/mantenimientosinformaticos.net\/canarytools"]}]}},"_links":{"self":[{"href":"https:\/\/mantenimientosinformaticos.net\/canarytools\/wp-json\/wp\/v2\/product\/6224","targetHints":{"allow":["GET"]}}],"collection":[{"href":"https:\/\/mantenimientosinformaticos.net\/canarytools\/wp-json\/wp\/v2\/product"}],"about":[{"href":"https:\/\/mantenimientosinformaticos.net\/canarytools\/wp-json\/wp\/v2\/types\/product"}],"replies":[{"embeddable":true,"href":"https:\/\/mantenimientosinformaticos.net\/canarytools\/wp-json\/wp\/v2\/comments?post=6224"}],"wp:featuredmedia":[{"embeddable":true,"href":"https:\/\/mantenimientosinformaticos.net\/canarytools\/wp-json\/wp\/v2\/media\/6223"}],"wp:attachment":[{"href":"https:\/\/mantenimientosinformaticos.net\/canarytools\/wp-json\/wp\/v2\/media?parent=6224"}],"wp:term":[{"taxonomy":"product_cat","embeddable":true,"href":"https:\/\/mantenimientosinformaticos.net\/canarytools\/wp-json\/wp\/v2\/product_cat?post=6224"},{"taxonomy":"product_tag","embeddable":true,"href":"https:\/\/mantenimientosinformaticos.net\/canarytools\/wp-json\/wp\/v2\/product_tag?post=6224"}],"curies":[{"name":"wp","href":"https:\/\/api.w.org\/{rel}","templated":true}]}}