{"id":5819,"date":"2020-06-02T18:33:13","date_gmt":"2020-06-02T16:33:13","guid":{"rendered":"https:\/\/mantenimientosinformaticos.net\/canarytools\/producto\/punta-de-vaso-de-impacto-entrada-125-mm-12-dentado-multiple-interior-para-xzn-m9\/"},"modified":"2020-06-02T18:33:13","modified_gmt":"2020-06-02T16:33:13","slug":"punta-de-vaso-de-impacto-entrada-125-mm-12-dentado-multiple-interior-para-xzn-m9","status":"publish","type":"product","link":"https:\/\/mantenimientosinformaticos.net\/canarytools\/producto\/punta-de-vaso-de-impacto-entrada-125-mm-12-dentado-multiple-interior-para-xzn-m9\/","title":{"rendered":"REF.:5482-M9     Punta de vaso de impacto entrada 12,5 mm (1\/2&#8243;) dentado m\u00faltiple interior (para XZN) M9"},"content":{"rendered":"","protected":false},"excerpt":{"rendered":"<div class=\"productDescriptionContent\">apto para uso manual y con pistolas de impacto<br \/>con adaptador para pasador de bloqueo y anillo de goma<\/div>\n<\/p>\n<h3>Datos t\u00e9cnicos<\/h3>\n<\/p>\n<table class=\"table table-striped\">\n<colgroup>\n<col style=\"width:50%;\" \/>\n<col style=\"width:50%;\" \/><\/colgroup>\n<tbody>\n<tr>\n<td>Perfil de transmisi\u00f3n<\/td>\n<td>Cuadrado interno<\/td>\n<\/tr>\n<tr>\n<td>Tama\u00f1o del perfil de accionamiento, sistema m\u00e9trico<\/td>\n<td>12,5 mm<\/td>\n<\/tr>\n<tr>\n<td>Tama\u00f1o del perfil de funcionamiento<\/td>\n<td>M9<\/td>\n<\/tr>\n<tr>\n<td>Tama\u00f1o del perfil de accionamiento, sistema anglosaj\u00f3n<\/td>\n<td>1\/2 \u00ab<\/td>\n<\/tr>\n<tr>\n<td>Perfil de accionamiento<\/td>\n<td>Multidientes interior (para XZN)<\/td>\n<\/tr>\n<tr>\n<td>Material<\/td>\n<td>Acero al cromo molibdeno<\/td>\n<\/tr>\n<tr>\n<td>Longitud<\/td>\n<td>75 mm<\/td>\n<\/tr>\n<tr>\n<td>Peso bruto<\/td>\n<td>110 g<\/td>\n<\/tr>\n<\/tbody>\n<\/table>\n","protected":false},"featured_media":5818,"comment_status":"open","ping_status":"closed","template":"","meta":[],"product_cat":[495],"product_tag":[],"class_list":{"0":"post-5819","1":"product","2":"type-product","3":"status-publish","4":"has-post-thumbnail","6":"product_cat-herramientas-manuales","8":"first","9":"instock","10":"shipping-taxable","11":"purchasable","12":"product-type-simple"},"yoast_head":"<!-- This site is optimized with the Yoast SEO plugin v22.7 - https:\/\/yoast.com\/wordpress\/plugins\/seo\/ -->\n<title>REF.:5482-M9   Punta de vaso de impacto entrada 12,5 mm (1\/2&quot;) dentado m\u00faltiple interior (para XZN) M9 - Canarytools S.L.<\/title>\n<meta name=\"robots\" content=\"index, follow, max-snippet:-1, max-image-preview:large, max-video-preview:-1\" \/>\n<link rel=\"canonical\" href=\"https:\/\/mantenimientosinformaticos.net\/canarytools\/producto\/punta-de-vaso-de-impacto-entrada-125-mm-12-dentado-multiple-interior-para-xzn-m9\/\" \/>\n<meta property=\"og:locale\" content=\"es_ES\" \/>\n<meta property=\"og:type\" content=\"article\" \/>\n<meta property=\"og:title\" content=\"REF.:5482-M9   Punta de vaso de impacto entrada 12,5 mm (1\/2&quot;) dentado m\u00faltiple interior (para XZN) M9 - Canarytools S.L.\" \/>\n<meta property=\"og:description\" content=\"apto para uso manual y con pistolas de impactocon adaptador para pasador de bloqueo y anillo de goma Datos t\u00e9cnicos Perfil de transmisi\u00f3n Cuadrado interno Tama\u00f1o del perfil de accionamiento, sistema m\u00e9trico 12,5 mm Tama\u00f1o del perfil de funcionamiento M9 Tama\u00f1o del perfil de accionamiento, sistema anglosaj\u00f3n 1\/2 &quot; Perfil de accionamiento Multidientes interior (para XZN) Material Acero al cromo molibdeno Longitud 75 mm Peso bruto 110 g\" \/>\n<meta property=\"og:url\" content=\"https:\/\/mantenimientosinformaticos.net\/canarytools\/producto\/punta-de-vaso-de-impacto-entrada-125-mm-12-dentado-multiple-interior-para-xzn-m9\/\" \/>\n<meta property=\"og:site_name\" content=\"Canarytools S.L.\" \/>\n<meta property=\"og:image\" content=\"https:\/\/mantenimientosinformaticos.net\/canarytools\/wp-content\/uploads\/2020\/06\/1083-REF.5482-M9-Punta-de-vaso-de-impacto-entrada-125-mm-12-dentado-multiple-interior-para-XZN-M9.jpg\" \/>\n\t<meta property=\"og:image:width\" content=\"499\" \/>\n\t<meta property=\"og:image:height\" content=\"163\" \/>\n\t<meta property=\"og:image:type\" content=\"image\/jpeg\" \/>\n<meta name=\"twitter:card\" content=\"summary_large_image\" \/>\n<script type=\"application\/ld+json\" class=\"yoast-schema-graph\">{\"@context\":\"https:\/\/schema.org\",\"@graph\":[{\"@type\":\"WebPage\",\"@id\":\"https:\/\/mantenimientosinformaticos.net\/canarytools\/producto\/punta-de-vaso-de-impacto-entrada-125-mm-12-dentado-multiple-interior-para-xzn-m9\/\",\"url\":\"https:\/\/mantenimientosinformaticos.net\/canarytools\/producto\/punta-de-vaso-de-impacto-entrada-125-mm-12-dentado-multiple-interior-para-xzn-m9\/\",\"name\":\"REF.:5482-M9 Punta de vaso de impacto entrada 12,5 mm (1\/2\\\") dentado m\u00faltiple interior (para XZN) M9 - Canarytools S.L.\",\"isPartOf\":{\"@id\":\"https:\/\/mantenimientosinformaticos.net\/canarytools\/#website\"},\"primaryImageOfPage\":{\"@id\":\"https:\/\/mantenimientosinformaticos.net\/canarytools\/producto\/punta-de-vaso-de-impacto-entrada-125-mm-12-dentado-multiple-interior-para-xzn-m9\/#primaryimage\"},\"image\":{\"@id\":\"https:\/\/mantenimientosinformaticos.net\/canarytools\/producto\/punta-de-vaso-de-impacto-entrada-125-mm-12-dentado-multiple-interior-para-xzn-m9\/#primaryimage\"},\"thumbnailUrl\":\"https:\/\/mantenimientosinformaticos.net\/canarytools\/wp-content\/uploads\/2020\/06\/1083-REF.5482-M9-Punta-de-vaso-de-impacto-entrada-125-mm-12-dentado-multiple-interior-para-XZN-M9.jpg\",\"datePublished\":\"2020-06-02T16:33:13+00:00\",\"dateModified\":\"2020-06-02T16:33:13+00:00\",\"breadcrumb\":{\"@id\":\"https:\/\/mantenimientosinformaticos.net\/canarytools\/producto\/punta-de-vaso-de-impacto-entrada-125-mm-12-dentado-multiple-interior-para-xzn-m9\/#breadcrumb\"},\"inLanguage\":\"es\",\"potentialAction\":[{\"@type\":\"ReadAction\",\"target\":[\"https:\/\/mantenimientosinformaticos.net\/canarytools\/producto\/punta-de-vaso-de-impacto-entrada-125-mm-12-dentado-multiple-interior-para-xzn-m9\/\"]}]},{\"@type\":\"ImageObject\",\"inLanguage\":\"es\",\"@id\":\"https:\/\/mantenimientosinformaticos.net\/canarytools\/producto\/punta-de-vaso-de-impacto-entrada-125-mm-12-dentado-multiple-interior-para-xzn-m9\/#primaryimage\",\"url\":\"https:\/\/mantenimientosinformaticos.net\/canarytools\/wp-content\/uploads\/2020\/06\/1083-REF.5482-M9-Punta-de-vaso-de-impacto-entrada-125-mm-12-dentado-multiple-interior-para-XZN-M9.jpg\",\"contentUrl\":\"https:\/\/mantenimientosinformaticos.net\/canarytools\/wp-content\/uploads\/2020\/06\/1083-REF.5482-M9-Punta-de-vaso-de-impacto-entrada-125-mm-12-dentado-multiple-interior-para-XZN-M9.jpg\",\"width\":499,\"height\":163,\"caption\":\"REF.:5482-M9 Punta de vaso de impacto entrada 12,5 mm (1\/2\\\") dentado m\u00faltiple interior (para XZN) M9\"},{\"@type\":\"BreadcrumbList\",\"@id\":\"https:\/\/mantenimientosinformaticos.net\/canarytools\/producto\/punta-de-vaso-de-impacto-entrada-125-mm-12-dentado-multiple-interior-para-xzn-m9\/#breadcrumb\",\"itemListElement\":[{\"@type\":\"ListItem\",\"position\":1,\"name\":\"Portada\",\"item\":\"https:\/\/mantenimientosinformaticos.net\/canarytools\/\"},{\"@type\":\"ListItem\",\"position\":2,\"name\":\"Tienda\",\"item\":\"https:\/\/mantenimientosinformaticos.net\/canarytools\/tienda\/\"},{\"@type\":\"ListItem\",\"position\":3,\"name\":\"REF.:5482-M9 Punta de vaso de impacto entrada 12,5 mm (1\/2&#8243;) dentado m\u00faltiple interior (para XZN) M9\"}]},{\"@type\":\"WebSite\",\"@id\":\"https:\/\/mantenimientosinformaticos.net\/canarytools\/#website\",\"url\":\"https:\/\/mantenimientosinformaticos.net\/canarytools\/\",\"name\":\"Canarytools S.L.\",\"description\":\"Herramientas y M\u00e1quinas\",\"publisher\":{\"@id\":\"https:\/\/mantenimientosinformaticos.net\/canarytools\/#\/schema\/person\/355e32754b03bb24b681f1b6917e49bf\"},\"potentialAction\":[{\"@type\":\"SearchAction\",\"target\":{\"@type\":\"EntryPoint\",\"urlTemplate\":\"https:\/\/mantenimientosinformaticos.net\/canarytools\/?s={search_term_string}\"},\"query-input\":\"required name=search_term_string\"}],\"inLanguage\":\"es\"},{\"@type\":[\"Person\",\"Organization\"],\"@id\":\"https:\/\/mantenimientosinformaticos.net\/canarytools\/#\/schema\/person\/355e32754b03bb24b681f1b6917e49bf\",\"name\":\"canarytools.xnetdigital\",\"image\":{\"@type\":\"ImageObject\",\"inLanguage\":\"es\",\"@id\":\"https:\/\/mantenimientosinformaticos.net\/canarytools\/#\/schema\/person\/image\/\",\"url\":\"https:\/\/mantenimientosinformaticos.net\/canarytools\/wp-content\/uploads\/2023\/12\/canary-tools-logo.png\",\"contentUrl\":\"https:\/\/mantenimientosinformaticos.net\/canarytools\/wp-content\/uploads\/2023\/12\/canary-tools-logo.png\",\"width\":1302,\"height\":440,\"caption\":\"canarytools.xnetdigital\"},\"logo\":{\"@id\":\"https:\/\/mantenimientosinformaticos.net\/canarytools\/#\/schema\/person\/image\/\"},\"sameAs\":[\"https:\/\/mantenimientosinformaticos.net\/canarytools\"]}]}<\/script>\n<!-- \/ Yoast SEO plugin. -->","yoast_head_json":{"title":"REF.:5482-M9   Punta de vaso de impacto entrada 12,5 mm (1\/2\") dentado m\u00faltiple interior (para XZN) M9 - Canarytools S.L.","robots":{"index":"index","follow":"follow","max-snippet":"max-snippet:-1","max-image-preview":"max-image-preview:large","max-video-preview":"max-video-preview:-1"},"canonical":"https:\/\/mantenimientosinformaticos.net\/canarytools\/producto\/punta-de-vaso-de-impacto-entrada-125-mm-12-dentado-multiple-interior-para-xzn-m9\/","og_locale":"es_ES","og_type":"article","og_title":"REF.:5482-M9   Punta de vaso de impacto entrada 12,5 mm (1\/2\") dentado m\u00faltiple interior (para XZN) M9 - Canarytools S.L.","og_description":"apto para uso manual y con pistolas de impactocon adaptador para pasador de bloqueo y anillo de goma Datos t\u00e9cnicos Perfil de transmisi\u00f3n Cuadrado interno Tama\u00f1o del perfil de accionamiento, sistema m\u00e9trico 12,5 mm Tama\u00f1o del perfil de funcionamiento M9 Tama\u00f1o del perfil de accionamiento, sistema anglosaj\u00f3n 1\/2 \" Perfil de accionamiento Multidientes interior (para XZN) Material Acero al cromo molibdeno Longitud 75 mm Peso bruto 110 g","og_url":"https:\/\/mantenimientosinformaticos.net\/canarytools\/producto\/punta-de-vaso-de-impacto-entrada-125-mm-12-dentado-multiple-interior-para-xzn-m9\/","og_site_name":"Canarytools S.L.","og_image":[{"width":499,"height":163,"url":"https:\/\/mantenimientosinformaticos.net\/canarytools\/wp-content\/uploads\/2020\/06\/1083-REF.5482-M9-Punta-de-vaso-de-impacto-entrada-125-mm-12-dentado-multiple-interior-para-XZN-M9.jpg","type":"image\/jpeg"}],"twitter_card":"summary_large_image","schema":{"@context":"https:\/\/schema.org","@graph":[{"@type":"WebPage","@id":"https:\/\/mantenimientosinformaticos.net\/canarytools\/producto\/punta-de-vaso-de-impacto-entrada-125-mm-12-dentado-multiple-interior-para-xzn-m9\/","url":"https:\/\/mantenimientosinformaticos.net\/canarytools\/producto\/punta-de-vaso-de-impacto-entrada-125-mm-12-dentado-multiple-interior-para-xzn-m9\/","name":"REF.:5482-M9 Punta de vaso de impacto entrada 12,5 mm (1\/2\") dentado m\u00faltiple interior (para XZN) M9 - Canarytools S.L.","isPartOf":{"@id":"https:\/\/mantenimientosinformaticos.net\/canarytools\/#website"},"primaryImageOfPage":{"@id":"https:\/\/mantenimientosinformaticos.net\/canarytools\/producto\/punta-de-vaso-de-impacto-entrada-125-mm-12-dentado-multiple-interior-para-xzn-m9\/#primaryimage"},"image":{"@id":"https:\/\/mantenimientosinformaticos.net\/canarytools\/producto\/punta-de-vaso-de-impacto-entrada-125-mm-12-dentado-multiple-interior-para-xzn-m9\/#primaryimage"},"thumbnailUrl":"https:\/\/mantenimientosinformaticos.net\/canarytools\/wp-content\/uploads\/2020\/06\/1083-REF.5482-M9-Punta-de-vaso-de-impacto-entrada-125-mm-12-dentado-multiple-interior-para-XZN-M9.jpg","datePublished":"2020-06-02T16:33:13+00:00","dateModified":"2020-06-02T16:33:13+00:00","breadcrumb":{"@id":"https:\/\/mantenimientosinformaticos.net\/canarytools\/producto\/punta-de-vaso-de-impacto-entrada-125-mm-12-dentado-multiple-interior-para-xzn-m9\/#breadcrumb"},"inLanguage":"es","potentialAction":[{"@type":"ReadAction","target":["https:\/\/mantenimientosinformaticos.net\/canarytools\/producto\/punta-de-vaso-de-impacto-entrada-125-mm-12-dentado-multiple-interior-para-xzn-m9\/"]}]},{"@type":"ImageObject","inLanguage":"es","@id":"https:\/\/mantenimientosinformaticos.net\/canarytools\/producto\/punta-de-vaso-de-impacto-entrada-125-mm-12-dentado-multiple-interior-para-xzn-m9\/#primaryimage","url":"https:\/\/mantenimientosinformaticos.net\/canarytools\/wp-content\/uploads\/2020\/06\/1083-REF.5482-M9-Punta-de-vaso-de-impacto-entrada-125-mm-12-dentado-multiple-interior-para-XZN-M9.jpg","contentUrl":"https:\/\/mantenimientosinformaticos.net\/canarytools\/wp-content\/uploads\/2020\/06\/1083-REF.5482-M9-Punta-de-vaso-de-impacto-entrada-125-mm-12-dentado-multiple-interior-para-XZN-M9.jpg","width":499,"height":163,"caption":"REF.:5482-M9 Punta de vaso de impacto entrada 12,5 mm (1\/2\") dentado m\u00faltiple interior (para XZN) M9"},{"@type":"BreadcrumbList","@id":"https:\/\/mantenimientosinformaticos.net\/canarytools\/producto\/punta-de-vaso-de-impacto-entrada-125-mm-12-dentado-multiple-interior-para-xzn-m9\/#breadcrumb","itemListElement":[{"@type":"ListItem","position":1,"name":"Portada","item":"https:\/\/mantenimientosinformaticos.net\/canarytools\/"},{"@type":"ListItem","position":2,"name":"Tienda","item":"https:\/\/mantenimientosinformaticos.net\/canarytools\/tienda\/"},{"@type":"ListItem","position":3,"name":"REF.:5482-M9 Punta de vaso de impacto entrada 12,5 mm (1\/2&#8243;) dentado m\u00faltiple interior (para XZN) M9"}]},{"@type":"WebSite","@id":"https:\/\/mantenimientosinformaticos.net\/canarytools\/#website","url":"https:\/\/mantenimientosinformaticos.net\/canarytools\/","name":"Canarytools S.L.","description":"Herramientas y M\u00e1quinas","publisher":{"@id":"https:\/\/mantenimientosinformaticos.net\/canarytools\/#\/schema\/person\/355e32754b03bb24b681f1b6917e49bf"},"potentialAction":[{"@type":"SearchAction","target":{"@type":"EntryPoint","urlTemplate":"https:\/\/mantenimientosinformaticos.net\/canarytools\/?s={search_term_string}"},"query-input":"required name=search_term_string"}],"inLanguage":"es"},{"@type":["Person","Organization"],"@id":"https:\/\/mantenimientosinformaticos.net\/canarytools\/#\/schema\/person\/355e32754b03bb24b681f1b6917e49bf","name":"canarytools.xnetdigital","image":{"@type":"ImageObject","inLanguage":"es","@id":"https:\/\/mantenimientosinformaticos.net\/canarytools\/#\/schema\/person\/image\/","url":"https:\/\/mantenimientosinformaticos.net\/canarytools\/wp-content\/uploads\/2023\/12\/canary-tools-logo.png","contentUrl":"https:\/\/mantenimientosinformaticos.net\/canarytools\/wp-content\/uploads\/2023\/12\/canary-tools-logo.png","width":1302,"height":440,"caption":"canarytools.xnetdigital"},"logo":{"@id":"https:\/\/mantenimientosinformaticos.net\/canarytools\/#\/schema\/person\/image\/"},"sameAs":["https:\/\/mantenimientosinformaticos.net\/canarytools"]}]}},"_links":{"self":[{"href":"https:\/\/mantenimientosinformaticos.net\/canarytools\/wp-json\/wp\/v2\/product\/5819","targetHints":{"allow":["GET"]}}],"collection":[{"href":"https:\/\/mantenimientosinformaticos.net\/canarytools\/wp-json\/wp\/v2\/product"}],"about":[{"href":"https:\/\/mantenimientosinformaticos.net\/canarytools\/wp-json\/wp\/v2\/types\/product"}],"replies":[{"embeddable":true,"href":"https:\/\/mantenimientosinformaticos.net\/canarytools\/wp-json\/wp\/v2\/comments?post=5819"}],"wp:featuredmedia":[{"embeddable":true,"href":"https:\/\/mantenimientosinformaticos.net\/canarytools\/wp-json\/wp\/v2\/media\/5818"}],"wp:attachment":[{"href":"https:\/\/mantenimientosinformaticos.net\/canarytools\/wp-json\/wp\/v2\/media?parent=5819"}],"wp:term":[{"taxonomy":"product_cat","embeddable":true,"href":"https:\/\/mantenimientosinformaticos.net\/canarytools\/wp-json\/wp\/v2\/product_cat?post=5819"},{"taxonomy":"product_tag","embeddable":true,"href":"https:\/\/mantenimientosinformaticos.net\/canarytools\/wp-json\/wp\/v2\/product_tag?post=5819"}],"curies":[{"name":"wp","href":"https:\/\/api.w.org\/{rel}","templated":true}]}}