{"id":5779,"date":"2020-06-02T17:03:11","date_gmt":"2020-06-02T15:03:11","guid":{"rendered":"https:\/\/mantenimientosinformaticos.net\/canarytools\/producto\/extension-basculante-63-mm-14-50-mm\/"},"modified":"2020-06-02T17:03:11","modified_gmt":"2020-06-02T15:03:11","slug":"extension-basculante-63-mm-14-50-mm","status":"publish","type":"product","link":"https:\/\/mantenimientosinformaticos.net\/canarytools\/producto\/extension-basculante-63-mm-14-50-mm\/","title":{"rendered":"REF.:2232      Extensi\u00f3n basculante 6,3 mm (1\/4&#8243;) 50 mm"},"content":{"rendered":"","protected":false},"excerpt":{"rendered":"<div class=\"productDescriptionContent\">estriado<\/div>\n<\/p>\n<h3>Datos t\u00e9cnicos<\/h3>\n<\/p>\n<table class=\"table table-striped\" width=\"730\" style=\"height:159px;\">\n<colgroup>\n<col style=\"width:50%;\" \/>\n<col style=\"width:50%;\" \/><\/colgroup>\n<tbody>\n<tr>\n<td>Tama\u00f1o del perfil de accionamiento, sistema anglosaj\u00f3n<\/td>\n<td>1\/4 \u00ab<\/td>\n<\/tr>\n<tr>\n<td>Perfil de accionamiento<\/td>\n<td>Cuadrado externo<\/td>\n<\/tr>\n<tr>\n<td>Tama\u00f1o del perfil de accionamiento, sistema m\u00e9trico<\/td>\n<td>6,3 mm<\/td>\n<\/tr>\n<tr>\n<td>Tama\u00f1o del perfil de accionamiento, sistema m\u00e9trico<\/td>\n<td>6,3 mm<\/td>\n<\/tr>\n<tr>\n<td>Perfil de transmisi\u00f3n<\/td>\n<td>Cuadrado interno<\/td>\n<\/tr>\n<tr>\n<td>Tratamiento superficial<\/td>\n<td>Cromado, mate<\/td>\n<\/tr>\n<tr>\n<td>Longitud<\/td>\n<td>50 mm<\/td>\n<\/tr>\n<tr>\n<td>Tama\u00f1o del perfil de accionamiento, sistema anglosaj\u00f3n<\/td>\n<td>1\/4 \u00ab<\/td>\n<\/tr>\n<tr>\n<td>Peso bruto<\/td>\n<td>30 g<\/td>\n<\/tr>\n<\/tbody>\n<\/table>\n","protected":false},"featured_media":5778,"comment_status":"open","ping_status":"closed","template":"","meta":[],"product_cat":[495,559],"product_tag":[],"class_list":{"0":"post-5779","1":"product","2":"type-product","3":"status-publish","4":"has-post-thumbnail","6":"product_cat-herramientas-manuales","7":"product_cat-extensiones","9":"first","10":"instock","11":"shipping-taxable","12":"purchasable","13":"product-type-simple"},"yoast_head":"<!-- This site is optimized with the Yoast SEO plugin v22.7 - https:\/\/yoast.com\/wordpress\/plugins\/seo\/ -->\n<title>REF.:2232   Extensi\u00f3n basculante 6,3 mm (1\/4&quot;) 50 mm - Canarytools S.L.<\/title>\n<meta name=\"robots\" content=\"index, follow, max-snippet:-1, max-image-preview:large, max-video-preview:-1\" \/>\n<link rel=\"canonical\" href=\"https:\/\/mantenimientosinformaticos.net\/canarytools\/producto\/extension-basculante-63-mm-14-50-mm\/\" \/>\n<meta property=\"og:locale\" content=\"es_ES\" \/>\n<meta property=\"og:type\" content=\"article\" \/>\n<meta property=\"og:title\" content=\"REF.:2232   Extensi\u00f3n basculante 6,3 mm (1\/4&quot;) 50 mm - Canarytools S.L.\" \/>\n<meta property=\"og:description\" content=\"estriado Datos t\u00e9cnicos Tama\u00f1o del perfil de accionamiento, sistema anglosaj\u00f3n 1\/4 &quot; Perfil de accionamiento Cuadrado externo Tama\u00f1o del perfil de accionamiento, sistema m\u00e9trico 6,3 mm Tama\u00f1o del perfil de accionamiento, sistema m\u00e9trico 6,3 mm Perfil de transmisi\u00f3n Cuadrado interno Tratamiento superficial Cromado, mate Longitud 50 mm Tama\u00f1o del perfil de accionamiento, sistema anglosaj\u00f3n 1\/4 &quot; Peso bruto 30 g\" \/>\n<meta property=\"og:url\" content=\"https:\/\/mantenimientosinformaticos.net\/canarytools\/producto\/extension-basculante-63-mm-14-50-mm\/\" \/>\n<meta property=\"og:site_name\" content=\"Canarytools S.L.\" \/>\n<meta property=\"og:image\" content=\"https:\/\/mantenimientosinformaticos.net\/canarytools\/wp-content\/uploads\/2020\/06\/1062-REF.2232-Extension-basculante-63-mm-14-50-mm.jpg\" \/>\n\t<meta property=\"og:image:width\" content=\"498\" \/>\n\t<meta property=\"og:image:height\" content=\"126\" \/>\n\t<meta property=\"og:image:type\" content=\"image\/jpeg\" \/>\n<meta name=\"twitter:card\" content=\"summary_large_image\" \/>\n<script type=\"application\/ld+json\" class=\"yoast-schema-graph\">{\"@context\":\"https:\/\/schema.org\",\"@graph\":[{\"@type\":\"WebPage\",\"@id\":\"https:\/\/mantenimientosinformaticos.net\/canarytools\/producto\/extension-basculante-63-mm-14-50-mm\/\",\"url\":\"https:\/\/mantenimientosinformaticos.net\/canarytools\/producto\/extension-basculante-63-mm-14-50-mm\/\",\"name\":\"REF.:2232 Extensi\u00f3n basculante 6,3 mm (1\/4\\\") 50 mm - Canarytools S.L.\",\"isPartOf\":{\"@id\":\"https:\/\/mantenimientosinformaticos.net\/canarytools\/#website\"},\"primaryImageOfPage\":{\"@id\":\"https:\/\/mantenimientosinformaticos.net\/canarytools\/producto\/extension-basculante-63-mm-14-50-mm\/#primaryimage\"},\"image\":{\"@id\":\"https:\/\/mantenimientosinformaticos.net\/canarytools\/producto\/extension-basculante-63-mm-14-50-mm\/#primaryimage\"},\"thumbnailUrl\":\"https:\/\/mantenimientosinformaticos.net\/canarytools\/wp-content\/uploads\/2020\/06\/1062-REF.2232-Extension-basculante-63-mm-14-50-mm.jpg\",\"datePublished\":\"2020-06-02T15:03:11+00:00\",\"dateModified\":\"2020-06-02T15:03:11+00:00\",\"breadcrumb\":{\"@id\":\"https:\/\/mantenimientosinformaticos.net\/canarytools\/producto\/extension-basculante-63-mm-14-50-mm\/#breadcrumb\"},\"inLanguage\":\"es\",\"potentialAction\":[{\"@type\":\"ReadAction\",\"target\":[\"https:\/\/mantenimientosinformaticos.net\/canarytools\/producto\/extension-basculante-63-mm-14-50-mm\/\"]}]},{\"@type\":\"ImageObject\",\"inLanguage\":\"es\",\"@id\":\"https:\/\/mantenimientosinformaticos.net\/canarytools\/producto\/extension-basculante-63-mm-14-50-mm\/#primaryimage\",\"url\":\"https:\/\/mantenimientosinformaticos.net\/canarytools\/wp-content\/uploads\/2020\/06\/1062-REF.2232-Extension-basculante-63-mm-14-50-mm.jpg\",\"contentUrl\":\"https:\/\/mantenimientosinformaticos.net\/canarytools\/wp-content\/uploads\/2020\/06\/1062-REF.2232-Extension-basculante-63-mm-14-50-mm.jpg\",\"width\":498,\"height\":126,\"caption\":\"REF.:2232 Extensi\u00f3n basculante 6,3 mm (1\/4\\\") 50 mm\"},{\"@type\":\"BreadcrumbList\",\"@id\":\"https:\/\/mantenimientosinformaticos.net\/canarytools\/producto\/extension-basculante-63-mm-14-50-mm\/#breadcrumb\",\"itemListElement\":[{\"@type\":\"ListItem\",\"position\":1,\"name\":\"Portada\",\"item\":\"https:\/\/mantenimientosinformaticos.net\/canarytools\/\"},{\"@type\":\"ListItem\",\"position\":2,\"name\":\"Tienda\",\"item\":\"https:\/\/mantenimientosinformaticos.net\/canarytools\/tienda\/\"},{\"@type\":\"ListItem\",\"position\":3,\"name\":\"REF.:2232 Extensi\u00f3n basculante 6,3 mm (1\/4&#8243;) 50 mm\"}]},{\"@type\":\"WebSite\",\"@id\":\"https:\/\/mantenimientosinformaticos.net\/canarytools\/#website\",\"url\":\"https:\/\/mantenimientosinformaticos.net\/canarytools\/\",\"name\":\"Canarytools S.L.\",\"description\":\"Herramientas y M\u00e1quinas\",\"publisher\":{\"@id\":\"https:\/\/mantenimientosinformaticos.net\/canarytools\/#\/schema\/person\/355e32754b03bb24b681f1b6917e49bf\"},\"potentialAction\":[{\"@type\":\"SearchAction\",\"target\":{\"@type\":\"EntryPoint\",\"urlTemplate\":\"https:\/\/mantenimientosinformaticos.net\/canarytools\/?s={search_term_string}\"},\"query-input\":\"required name=search_term_string\"}],\"inLanguage\":\"es\"},{\"@type\":[\"Person\",\"Organization\"],\"@id\":\"https:\/\/mantenimientosinformaticos.net\/canarytools\/#\/schema\/person\/355e32754b03bb24b681f1b6917e49bf\",\"name\":\"canarytools.xnetdigital\",\"image\":{\"@type\":\"ImageObject\",\"inLanguage\":\"es\",\"@id\":\"https:\/\/mantenimientosinformaticos.net\/canarytools\/#\/schema\/person\/image\/\",\"url\":\"https:\/\/mantenimientosinformaticos.net\/canarytools\/wp-content\/uploads\/2023\/12\/canary-tools-logo.png\",\"contentUrl\":\"https:\/\/mantenimientosinformaticos.net\/canarytools\/wp-content\/uploads\/2023\/12\/canary-tools-logo.png\",\"width\":1302,\"height\":440,\"caption\":\"canarytools.xnetdigital\"},\"logo\":{\"@id\":\"https:\/\/mantenimientosinformaticos.net\/canarytools\/#\/schema\/person\/image\/\"},\"sameAs\":[\"https:\/\/mantenimientosinformaticos.net\/canarytools\"]}]}<\/script>\n<!-- \/ Yoast SEO plugin. -->","yoast_head_json":{"title":"REF.:2232   Extensi\u00f3n basculante 6,3 mm (1\/4\") 50 mm - Canarytools S.L.","robots":{"index":"index","follow":"follow","max-snippet":"max-snippet:-1","max-image-preview":"max-image-preview:large","max-video-preview":"max-video-preview:-1"},"canonical":"https:\/\/mantenimientosinformaticos.net\/canarytools\/producto\/extension-basculante-63-mm-14-50-mm\/","og_locale":"es_ES","og_type":"article","og_title":"REF.:2232   Extensi\u00f3n basculante 6,3 mm (1\/4\") 50 mm - Canarytools S.L.","og_description":"estriado Datos t\u00e9cnicos Tama\u00f1o del perfil de accionamiento, sistema anglosaj\u00f3n 1\/4 \" Perfil de accionamiento Cuadrado externo Tama\u00f1o del perfil de accionamiento, sistema m\u00e9trico 6,3 mm Tama\u00f1o del perfil de accionamiento, sistema m\u00e9trico 6,3 mm Perfil de transmisi\u00f3n Cuadrado interno Tratamiento superficial Cromado, mate Longitud 50 mm Tama\u00f1o del perfil de accionamiento, sistema anglosaj\u00f3n 1\/4 \" Peso bruto 30 g","og_url":"https:\/\/mantenimientosinformaticos.net\/canarytools\/producto\/extension-basculante-63-mm-14-50-mm\/","og_site_name":"Canarytools S.L.","og_image":[{"width":498,"height":126,"url":"https:\/\/mantenimientosinformaticos.net\/canarytools\/wp-content\/uploads\/2020\/06\/1062-REF.2232-Extension-basculante-63-mm-14-50-mm.jpg","type":"image\/jpeg"}],"twitter_card":"summary_large_image","schema":{"@context":"https:\/\/schema.org","@graph":[{"@type":"WebPage","@id":"https:\/\/mantenimientosinformaticos.net\/canarytools\/producto\/extension-basculante-63-mm-14-50-mm\/","url":"https:\/\/mantenimientosinformaticos.net\/canarytools\/producto\/extension-basculante-63-mm-14-50-mm\/","name":"REF.:2232 Extensi\u00f3n basculante 6,3 mm (1\/4\") 50 mm - Canarytools S.L.","isPartOf":{"@id":"https:\/\/mantenimientosinformaticos.net\/canarytools\/#website"},"primaryImageOfPage":{"@id":"https:\/\/mantenimientosinformaticos.net\/canarytools\/producto\/extension-basculante-63-mm-14-50-mm\/#primaryimage"},"image":{"@id":"https:\/\/mantenimientosinformaticos.net\/canarytools\/producto\/extension-basculante-63-mm-14-50-mm\/#primaryimage"},"thumbnailUrl":"https:\/\/mantenimientosinformaticos.net\/canarytools\/wp-content\/uploads\/2020\/06\/1062-REF.2232-Extension-basculante-63-mm-14-50-mm.jpg","datePublished":"2020-06-02T15:03:11+00:00","dateModified":"2020-06-02T15:03:11+00:00","breadcrumb":{"@id":"https:\/\/mantenimientosinformaticos.net\/canarytools\/producto\/extension-basculante-63-mm-14-50-mm\/#breadcrumb"},"inLanguage":"es","potentialAction":[{"@type":"ReadAction","target":["https:\/\/mantenimientosinformaticos.net\/canarytools\/producto\/extension-basculante-63-mm-14-50-mm\/"]}]},{"@type":"ImageObject","inLanguage":"es","@id":"https:\/\/mantenimientosinformaticos.net\/canarytools\/producto\/extension-basculante-63-mm-14-50-mm\/#primaryimage","url":"https:\/\/mantenimientosinformaticos.net\/canarytools\/wp-content\/uploads\/2020\/06\/1062-REF.2232-Extension-basculante-63-mm-14-50-mm.jpg","contentUrl":"https:\/\/mantenimientosinformaticos.net\/canarytools\/wp-content\/uploads\/2020\/06\/1062-REF.2232-Extension-basculante-63-mm-14-50-mm.jpg","width":498,"height":126,"caption":"REF.:2232 Extensi\u00f3n basculante 6,3 mm (1\/4\") 50 mm"},{"@type":"BreadcrumbList","@id":"https:\/\/mantenimientosinformaticos.net\/canarytools\/producto\/extension-basculante-63-mm-14-50-mm\/#breadcrumb","itemListElement":[{"@type":"ListItem","position":1,"name":"Portada","item":"https:\/\/mantenimientosinformaticos.net\/canarytools\/"},{"@type":"ListItem","position":2,"name":"Tienda","item":"https:\/\/mantenimientosinformaticos.net\/canarytools\/tienda\/"},{"@type":"ListItem","position":3,"name":"REF.:2232 Extensi\u00f3n basculante 6,3 mm (1\/4&#8243;) 50 mm"}]},{"@type":"WebSite","@id":"https:\/\/mantenimientosinformaticos.net\/canarytools\/#website","url":"https:\/\/mantenimientosinformaticos.net\/canarytools\/","name":"Canarytools S.L.","description":"Herramientas y M\u00e1quinas","publisher":{"@id":"https:\/\/mantenimientosinformaticos.net\/canarytools\/#\/schema\/person\/355e32754b03bb24b681f1b6917e49bf"},"potentialAction":[{"@type":"SearchAction","target":{"@type":"EntryPoint","urlTemplate":"https:\/\/mantenimientosinformaticos.net\/canarytools\/?s={search_term_string}"},"query-input":"required name=search_term_string"}],"inLanguage":"es"},{"@type":["Person","Organization"],"@id":"https:\/\/mantenimientosinformaticos.net\/canarytools\/#\/schema\/person\/355e32754b03bb24b681f1b6917e49bf","name":"canarytools.xnetdigital","image":{"@type":"ImageObject","inLanguage":"es","@id":"https:\/\/mantenimientosinformaticos.net\/canarytools\/#\/schema\/person\/image\/","url":"https:\/\/mantenimientosinformaticos.net\/canarytools\/wp-content\/uploads\/2023\/12\/canary-tools-logo.png","contentUrl":"https:\/\/mantenimientosinformaticos.net\/canarytools\/wp-content\/uploads\/2023\/12\/canary-tools-logo.png","width":1302,"height":440,"caption":"canarytools.xnetdigital"},"logo":{"@id":"https:\/\/mantenimientosinformaticos.net\/canarytools\/#\/schema\/person\/image\/"},"sameAs":["https:\/\/mantenimientosinformaticos.net\/canarytools"]}]}},"_links":{"self":[{"href":"https:\/\/mantenimientosinformaticos.net\/canarytools\/wp-json\/wp\/v2\/product\/5779","targetHints":{"allow":["GET"]}}],"collection":[{"href":"https:\/\/mantenimientosinformaticos.net\/canarytools\/wp-json\/wp\/v2\/product"}],"about":[{"href":"https:\/\/mantenimientosinformaticos.net\/canarytools\/wp-json\/wp\/v2\/types\/product"}],"replies":[{"embeddable":true,"href":"https:\/\/mantenimientosinformaticos.net\/canarytools\/wp-json\/wp\/v2\/comments?post=5779"}],"wp:featuredmedia":[{"embeddable":true,"href":"https:\/\/mantenimientosinformaticos.net\/canarytools\/wp-json\/wp\/v2\/media\/5778"}],"wp:attachment":[{"href":"https:\/\/mantenimientosinformaticos.net\/canarytools\/wp-json\/wp\/v2\/media?parent=5779"}],"wp:term":[{"taxonomy":"product_cat","embeddable":true,"href":"https:\/\/mantenimientosinformaticos.net\/canarytools\/wp-json\/wp\/v2\/product_cat?post=5779"},{"taxonomy":"product_tag","embeddable":true,"href":"https:\/\/mantenimientosinformaticos.net\/canarytools\/wp-json\/wp\/v2\/product_tag?post=5779"}],"curies":[{"name":"wp","href":"https:\/\/api.w.org\/{rel}","templated":true}]}}