{"id":5723,"date":"2020-06-02T12:31:49","date_gmt":"2020-06-02T10:31:49","guid":{"rendered":"https:\/\/mantenimientosinformaticos.net\/canarytools\/producto\/juego-de-llaves-de-vaso-entrada-63-mm-14-46-piezas\/"},"modified":"2020-06-02T12:31:49","modified_gmt":"2020-06-02T10:31:49","slug":"juego-de-llaves-de-vaso-entrada-63-mm-14-46-piezas","status":"publish","type":"product","link":"https:\/\/mantenimientosinformaticos.net\/canarytools\/producto\/juego-de-llaves-de-vaso-entrada-63-mm-14-46-piezas\/","title":{"rendered":"REF.:2145     Juego de llaves de vaso entrada 6,3 mm (1\/4&#8243;) 46 piezas"},"content":{"rendered":"","protected":false},"excerpt":{"rendered":"<ul style=\"margin:0px 0px 20px;list-style:none;padding:0px;color:#58595b;font-family:'PT Sans', 'Helvetica Neue', Helvetica, Arial, sans-serif;font-size:14px;line-height:20px;background-color:#ffffff;\">\n<li>laves de vaso perfil en T\u00a0sin perforaci\u00f3n<\/li>\n<\/ul>\n<p style=\"margin:0px 0px 10px;color:#58595b;font-family:'PT Sans', 'Helvetica Neue', Helvetica, Arial, sans-serif;font-size:14px;line-height:20px;background-color:#ffffff;\">Contenido de suministro:<\/p>\n<ul style=\"margin:0px 0px 20px;list-style:none;padding:0px;color:#58595b;font-family:'PT Sans', 'Helvetica Neue', Helvetica, Arial, sans-serif;font-size:14px;line-height:20px;background-color:#ffffff;\">\n<li>1 adaptador hex\u00e1gono exterior 6,3 mm (1\/4&#8243;) x cuadrado exterior 6,3 mm (1\/4&#8243;)<\/li>\n<li>1 mango giratorio<\/li>\n<li>2 extensiones 50 + 100 mm<\/li>\n<li>1 articulaci\u00f3n card\u00e1nica<\/li>\n<li>1 mango corredizo<\/li>\n<li>1 extensi\u00f3n flexible<\/li>\n<li>1 carraca reversible, dentado de precisi\u00f3n, 72 dientes<\/li>\n<li>3 llaves allen para hex\u00e1gono interior 1,5 &#8211; 2 &#8211; 3 mm<\/li>\n<li>6 x puntas de vaso perfil en T (para Torx) sin perforaci\u00f3n: T10 &#8211; T15 &#8211; T20 &#8211; T25 &#8211; T30 &#8211; T40<\/li>\n<li>6 x puntas de vaso hex\u00e1gono interior: 3 &#8211; 4 &#8211; 5 &#8211; 6 &#8211; 7 &#8211; 8 mm<\/li>\n<li>3 x puntas de vaso planas: 4 &#8211; 5,5 &#8211; 7 mm<\/li>\n<li>3 x puntas de vaso cruz PH: PH1 &#8211; PH2 &#8211; PH3<\/li>\n<li>3 x puntas de vaso cruz PZ: PZ1 &#8211; PZ2 &#8211; PZ3<\/li>\n<li>13 llaves de vaso \u00abSuper Lock\u00bb, entrada 6,3 mm (1\/4&#8243;): 4 &#8211; 4,5 &#8211; 5 &#8211; 5,5 &#8211; 6 &#8211; 7 &#8211; 8 &#8211; 9 &#8211; 10 &#8211; 11 &#8211; 12 &#8211; 13 &#8211; 14 mm<\/li>\n<\/ul>\n","protected":false},"featured_media":5722,"comment_status":"open","ping_status":"closed","template":"","meta":[],"product_cat":[495],"product_tag":[],"class_list":{"0":"post-5723","1":"product","2":"type-product","3":"status-publish","4":"has-post-thumbnail","6":"product_cat-herramientas-manuales","8":"first","9":"instock","10":"shipping-taxable","11":"purchasable","12":"product-type-simple"},"yoast_head":"<!-- This site is optimized with the Yoast SEO plugin v22.7 - https:\/\/yoast.com\/wordpress\/plugins\/seo\/ -->\n<title>REF.:2145   Juego de llaves de vaso entrada 6,3 mm (1\/4&quot;) 46 piezas - Canarytools S.L.<\/title>\n<meta name=\"robots\" content=\"index, follow, max-snippet:-1, max-image-preview:large, max-video-preview:-1\" \/>\n<link rel=\"canonical\" href=\"https:\/\/mantenimientosinformaticos.net\/canarytools\/producto\/juego-de-llaves-de-vaso-entrada-63-mm-14-46-piezas\/\" \/>\n<meta property=\"og:locale\" content=\"es_ES\" \/>\n<meta property=\"og:type\" content=\"article\" \/>\n<meta property=\"og:title\" content=\"REF.:2145   Juego de llaves de vaso entrada 6,3 mm (1\/4&quot;) 46 piezas - Canarytools S.L.\" \/>\n<meta property=\"og:description\" content=\"laves de vaso perfil en T\u00a0sin perforaci\u00f3n Contenido de suministro: 1 adaptador hex\u00e1gono exterior 6,3 mm (1\/4&quot;) x cuadrado exterior 6,3 mm (1\/4&quot;) 1 mango giratorio 2 extensiones 50 + 100 mm 1 articulaci\u00f3n card\u00e1nica 1 mango corredizo 1 extensi\u00f3n flexible 1 carraca reversible, dentado de precisi\u00f3n, 72 dientes 3 llaves allen para hex\u00e1gono interior 1,5 - 2 - 3 mm 6 x puntas de vaso perfil en T (para Torx) sin perforaci\u00f3n: T10 - T15 - T20 - T25 - T30 - T40 6 x puntas de vaso hex\u00e1gono interior: 3 - 4 - 5 - 6 - 7 - 8 mm 3 x puntas de vaso planas: 4 - 5,5 - 7 mm 3 x puntas de vaso cruz PH: PH1 - PH2 - PH3 3 x puntas de vaso cruz PZ: PZ1 - PZ2 - PZ3 13 llaves de vaso &quot;Super Lock&quot;, entrada 6,3 mm (1\/4&quot;): 4 - 4,5 - 5 - 5,5 - 6 - 7 - 8 - 9 - 10 - 11 - 12 - 13 - 14 mm\" \/>\n<meta property=\"og:url\" content=\"https:\/\/mantenimientosinformaticos.net\/canarytools\/producto\/juego-de-llaves-de-vaso-entrada-63-mm-14-46-piezas\/\" \/>\n<meta property=\"og:site_name\" content=\"Canarytools S.L.\" \/>\n<meta property=\"og:image\" content=\"https:\/\/mantenimientosinformaticos.net\/canarytools\/wp-content\/uploads\/2020\/06\/1033-REF.2145-Juego-de-llaves-de-vaso-entrada-63-mm-14-46-piezas.jpg\" \/>\n\t<meta property=\"og:image:width\" content=\"812\" \/>\n\t<meta property=\"og:image:height\" content=\"956\" \/>\n\t<meta property=\"og:image:type\" content=\"image\/jpeg\" \/>\n<meta name=\"twitter:card\" content=\"summary_large_image\" \/>\n<script type=\"application\/ld+json\" class=\"yoast-schema-graph\">{\"@context\":\"https:\/\/schema.org\",\"@graph\":[{\"@type\":\"WebPage\",\"@id\":\"https:\/\/mantenimientosinformaticos.net\/canarytools\/producto\/juego-de-llaves-de-vaso-entrada-63-mm-14-46-piezas\/\",\"url\":\"https:\/\/mantenimientosinformaticos.net\/canarytools\/producto\/juego-de-llaves-de-vaso-entrada-63-mm-14-46-piezas\/\",\"name\":\"REF.:2145 Juego de llaves de vaso entrada 6,3 mm (1\/4\\\") 46 piezas - Canarytools S.L.\",\"isPartOf\":{\"@id\":\"https:\/\/mantenimientosinformaticos.net\/canarytools\/#website\"},\"primaryImageOfPage\":{\"@id\":\"https:\/\/mantenimientosinformaticos.net\/canarytools\/producto\/juego-de-llaves-de-vaso-entrada-63-mm-14-46-piezas\/#primaryimage\"},\"image\":{\"@id\":\"https:\/\/mantenimientosinformaticos.net\/canarytools\/producto\/juego-de-llaves-de-vaso-entrada-63-mm-14-46-piezas\/#primaryimage\"},\"thumbnailUrl\":\"https:\/\/mantenimientosinformaticos.net\/canarytools\/wp-content\/uploads\/2020\/06\/1033-REF.2145-Juego-de-llaves-de-vaso-entrada-63-mm-14-46-piezas.jpg\",\"datePublished\":\"2020-06-02T10:31:49+00:00\",\"dateModified\":\"2020-06-02T10:31:49+00:00\",\"breadcrumb\":{\"@id\":\"https:\/\/mantenimientosinformaticos.net\/canarytools\/producto\/juego-de-llaves-de-vaso-entrada-63-mm-14-46-piezas\/#breadcrumb\"},\"inLanguage\":\"es\",\"potentialAction\":[{\"@type\":\"ReadAction\",\"target\":[\"https:\/\/mantenimientosinformaticos.net\/canarytools\/producto\/juego-de-llaves-de-vaso-entrada-63-mm-14-46-piezas\/\"]}]},{\"@type\":\"ImageObject\",\"inLanguage\":\"es\",\"@id\":\"https:\/\/mantenimientosinformaticos.net\/canarytools\/producto\/juego-de-llaves-de-vaso-entrada-63-mm-14-46-piezas\/#primaryimage\",\"url\":\"https:\/\/mantenimientosinformaticos.net\/canarytools\/wp-content\/uploads\/2020\/06\/1033-REF.2145-Juego-de-llaves-de-vaso-entrada-63-mm-14-46-piezas.jpg\",\"contentUrl\":\"https:\/\/mantenimientosinformaticos.net\/canarytools\/wp-content\/uploads\/2020\/06\/1033-REF.2145-Juego-de-llaves-de-vaso-entrada-63-mm-14-46-piezas.jpg\",\"width\":812,\"height\":956,\"caption\":\"REF.:2145 Juego de llaves de vaso entrada 6,3 mm (1\/4\\\") 46 piezas\"},{\"@type\":\"BreadcrumbList\",\"@id\":\"https:\/\/mantenimientosinformaticos.net\/canarytools\/producto\/juego-de-llaves-de-vaso-entrada-63-mm-14-46-piezas\/#breadcrumb\",\"itemListElement\":[{\"@type\":\"ListItem\",\"position\":1,\"name\":\"Portada\",\"item\":\"https:\/\/mantenimientosinformaticos.net\/canarytools\/\"},{\"@type\":\"ListItem\",\"position\":2,\"name\":\"Tienda\",\"item\":\"https:\/\/mantenimientosinformaticos.net\/canarytools\/tienda\/\"},{\"@type\":\"ListItem\",\"position\":3,\"name\":\"REF.:2145 Juego de llaves de vaso entrada 6,3 mm (1\/4&#8243;) 46 piezas\"}]},{\"@type\":\"WebSite\",\"@id\":\"https:\/\/mantenimientosinformaticos.net\/canarytools\/#website\",\"url\":\"https:\/\/mantenimientosinformaticos.net\/canarytools\/\",\"name\":\"Canarytools S.L.\",\"description\":\"Herramientas y M\u00e1quinas\",\"publisher\":{\"@id\":\"https:\/\/mantenimientosinformaticos.net\/canarytools\/#\/schema\/person\/355e32754b03bb24b681f1b6917e49bf\"},\"potentialAction\":[{\"@type\":\"SearchAction\",\"target\":{\"@type\":\"EntryPoint\",\"urlTemplate\":\"https:\/\/mantenimientosinformaticos.net\/canarytools\/?s={search_term_string}\"},\"query-input\":\"required name=search_term_string\"}],\"inLanguage\":\"es\"},{\"@type\":[\"Person\",\"Organization\"],\"@id\":\"https:\/\/mantenimientosinformaticos.net\/canarytools\/#\/schema\/person\/355e32754b03bb24b681f1b6917e49bf\",\"name\":\"canarytools.xnetdigital\",\"image\":{\"@type\":\"ImageObject\",\"inLanguage\":\"es\",\"@id\":\"https:\/\/mantenimientosinformaticos.net\/canarytools\/#\/schema\/person\/image\/\",\"url\":\"https:\/\/mantenimientosinformaticos.net\/canarytools\/wp-content\/uploads\/2023\/12\/canary-tools-logo.png\",\"contentUrl\":\"https:\/\/mantenimientosinformaticos.net\/canarytools\/wp-content\/uploads\/2023\/12\/canary-tools-logo.png\",\"width\":1302,\"height\":440,\"caption\":\"canarytools.xnetdigital\"},\"logo\":{\"@id\":\"https:\/\/mantenimientosinformaticos.net\/canarytools\/#\/schema\/person\/image\/\"},\"sameAs\":[\"https:\/\/mantenimientosinformaticos.net\/canarytools\"]}]}<\/script>\n<!-- \/ Yoast SEO plugin. -->","yoast_head_json":{"title":"REF.:2145   Juego de llaves de vaso entrada 6,3 mm (1\/4\") 46 piezas - Canarytools S.L.","robots":{"index":"index","follow":"follow","max-snippet":"max-snippet:-1","max-image-preview":"max-image-preview:large","max-video-preview":"max-video-preview:-1"},"canonical":"https:\/\/mantenimientosinformaticos.net\/canarytools\/producto\/juego-de-llaves-de-vaso-entrada-63-mm-14-46-piezas\/","og_locale":"es_ES","og_type":"article","og_title":"REF.:2145   Juego de llaves de vaso entrada 6,3 mm (1\/4\") 46 piezas - Canarytools S.L.","og_description":"laves de vaso perfil en T\u00a0sin perforaci\u00f3n Contenido de suministro: 1 adaptador hex\u00e1gono exterior 6,3 mm (1\/4\") x cuadrado exterior 6,3 mm (1\/4\") 1 mango giratorio 2 extensiones 50 + 100 mm 1 articulaci\u00f3n card\u00e1nica 1 mango corredizo 1 extensi\u00f3n flexible 1 carraca reversible, dentado de precisi\u00f3n, 72 dientes 3 llaves allen para hex\u00e1gono interior 1,5 - 2 - 3 mm 6 x puntas de vaso perfil en T (para Torx) sin perforaci\u00f3n: T10 - T15 - T20 - T25 - T30 - T40 6 x puntas de vaso hex\u00e1gono interior: 3 - 4 - 5 - 6 - 7 - 8 mm 3 x puntas de vaso planas: 4 - 5,5 - 7 mm 3 x puntas de vaso cruz PH: PH1 - PH2 - PH3 3 x puntas de vaso cruz PZ: PZ1 - PZ2 - PZ3 13 llaves de vaso \"Super Lock\", entrada 6,3 mm (1\/4\"): 4 - 4,5 - 5 - 5,5 - 6 - 7 - 8 - 9 - 10 - 11 - 12 - 13 - 14 mm","og_url":"https:\/\/mantenimientosinformaticos.net\/canarytools\/producto\/juego-de-llaves-de-vaso-entrada-63-mm-14-46-piezas\/","og_site_name":"Canarytools S.L.","og_image":[{"width":812,"height":956,"url":"https:\/\/mantenimientosinformaticos.net\/canarytools\/wp-content\/uploads\/2020\/06\/1033-REF.2145-Juego-de-llaves-de-vaso-entrada-63-mm-14-46-piezas.jpg","type":"image\/jpeg"}],"twitter_card":"summary_large_image","schema":{"@context":"https:\/\/schema.org","@graph":[{"@type":"WebPage","@id":"https:\/\/mantenimientosinformaticos.net\/canarytools\/producto\/juego-de-llaves-de-vaso-entrada-63-mm-14-46-piezas\/","url":"https:\/\/mantenimientosinformaticos.net\/canarytools\/producto\/juego-de-llaves-de-vaso-entrada-63-mm-14-46-piezas\/","name":"REF.:2145 Juego de llaves de vaso entrada 6,3 mm (1\/4\") 46 piezas - Canarytools S.L.","isPartOf":{"@id":"https:\/\/mantenimientosinformaticos.net\/canarytools\/#website"},"primaryImageOfPage":{"@id":"https:\/\/mantenimientosinformaticos.net\/canarytools\/producto\/juego-de-llaves-de-vaso-entrada-63-mm-14-46-piezas\/#primaryimage"},"image":{"@id":"https:\/\/mantenimientosinformaticos.net\/canarytools\/producto\/juego-de-llaves-de-vaso-entrada-63-mm-14-46-piezas\/#primaryimage"},"thumbnailUrl":"https:\/\/mantenimientosinformaticos.net\/canarytools\/wp-content\/uploads\/2020\/06\/1033-REF.2145-Juego-de-llaves-de-vaso-entrada-63-mm-14-46-piezas.jpg","datePublished":"2020-06-02T10:31:49+00:00","dateModified":"2020-06-02T10:31:49+00:00","breadcrumb":{"@id":"https:\/\/mantenimientosinformaticos.net\/canarytools\/producto\/juego-de-llaves-de-vaso-entrada-63-mm-14-46-piezas\/#breadcrumb"},"inLanguage":"es","potentialAction":[{"@type":"ReadAction","target":["https:\/\/mantenimientosinformaticos.net\/canarytools\/producto\/juego-de-llaves-de-vaso-entrada-63-mm-14-46-piezas\/"]}]},{"@type":"ImageObject","inLanguage":"es","@id":"https:\/\/mantenimientosinformaticos.net\/canarytools\/producto\/juego-de-llaves-de-vaso-entrada-63-mm-14-46-piezas\/#primaryimage","url":"https:\/\/mantenimientosinformaticos.net\/canarytools\/wp-content\/uploads\/2020\/06\/1033-REF.2145-Juego-de-llaves-de-vaso-entrada-63-mm-14-46-piezas.jpg","contentUrl":"https:\/\/mantenimientosinformaticos.net\/canarytools\/wp-content\/uploads\/2020\/06\/1033-REF.2145-Juego-de-llaves-de-vaso-entrada-63-mm-14-46-piezas.jpg","width":812,"height":956,"caption":"REF.:2145 Juego de llaves de vaso entrada 6,3 mm (1\/4\") 46 piezas"},{"@type":"BreadcrumbList","@id":"https:\/\/mantenimientosinformaticos.net\/canarytools\/producto\/juego-de-llaves-de-vaso-entrada-63-mm-14-46-piezas\/#breadcrumb","itemListElement":[{"@type":"ListItem","position":1,"name":"Portada","item":"https:\/\/mantenimientosinformaticos.net\/canarytools\/"},{"@type":"ListItem","position":2,"name":"Tienda","item":"https:\/\/mantenimientosinformaticos.net\/canarytools\/tienda\/"},{"@type":"ListItem","position":3,"name":"REF.:2145 Juego de llaves de vaso entrada 6,3 mm (1\/4&#8243;) 46 piezas"}]},{"@type":"WebSite","@id":"https:\/\/mantenimientosinformaticos.net\/canarytools\/#website","url":"https:\/\/mantenimientosinformaticos.net\/canarytools\/","name":"Canarytools S.L.","description":"Herramientas y M\u00e1quinas","publisher":{"@id":"https:\/\/mantenimientosinformaticos.net\/canarytools\/#\/schema\/person\/355e32754b03bb24b681f1b6917e49bf"},"potentialAction":[{"@type":"SearchAction","target":{"@type":"EntryPoint","urlTemplate":"https:\/\/mantenimientosinformaticos.net\/canarytools\/?s={search_term_string}"},"query-input":"required name=search_term_string"}],"inLanguage":"es"},{"@type":["Person","Organization"],"@id":"https:\/\/mantenimientosinformaticos.net\/canarytools\/#\/schema\/person\/355e32754b03bb24b681f1b6917e49bf","name":"canarytools.xnetdigital","image":{"@type":"ImageObject","inLanguage":"es","@id":"https:\/\/mantenimientosinformaticos.net\/canarytools\/#\/schema\/person\/image\/","url":"https:\/\/mantenimientosinformaticos.net\/canarytools\/wp-content\/uploads\/2023\/12\/canary-tools-logo.png","contentUrl":"https:\/\/mantenimientosinformaticos.net\/canarytools\/wp-content\/uploads\/2023\/12\/canary-tools-logo.png","width":1302,"height":440,"caption":"canarytools.xnetdigital"},"logo":{"@id":"https:\/\/mantenimientosinformaticos.net\/canarytools\/#\/schema\/person\/image\/"},"sameAs":["https:\/\/mantenimientosinformaticos.net\/canarytools"]}]}},"_links":{"self":[{"href":"https:\/\/mantenimientosinformaticos.net\/canarytools\/wp-json\/wp\/v2\/product\/5723","targetHints":{"allow":["GET"]}}],"collection":[{"href":"https:\/\/mantenimientosinformaticos.net\/canarytools\/wp-json\/wp\/v2\/product"}],"about":[{"href":"https:\/\/mantenimientosinformaticos.net\/canarytools\/wp-json\/wp\/v2\/types\/product"}],"replies":[{"embeddable":true,"href":"https:\/\/mantenimientosinformaticos.net\/canarytools\/wp-json\/wp\/v2\/comments?post=5723"}],"wp:featuredmedia":[{"embeddable":true,"href":"https:\/\/mantenimientosinformaticos.net\/canarytools\/wp-json\/wp\/v2\/media\/5722"}],"wp:attachment":[{"href":"https:\/\/mantenimientosinformaticos.net\/canarytools\/wp-json\/wp\/v2\/media?parent=5723"}],"wp:term":[{"taxonomy":"product_cat","embeddable":true,"href":"https:\/\/mantenimientosinformaticos.net\/canarytools\/wp-json\/wp\/v2\/product_cat?post=5723"},{"taxonomy":"product_tag","embeddable":true,"href":"https:\/\/mantenimientosinformaticos.net\/canarytools\/wp-json\/wp\/v2\/product_tag?post=5723"}],"curies":[{"name":"wp","href":"https:\/\/api.w.org\/{rel}","templated":true}]}}