{"id":5715,"date":"2020-06-02T11:39:34","date_gmt":"2020-06-02T09:39:34","guid":{"rendered":"https:\/\/mantenimientosinformaticos.net\/canarytools\/producto\/uego-de-vasos-de-impacto-con-protector-de-plastico-entrada-125-mm-12-17-19-21-mm-3-piezas\/"},"modified":"2020-06-02T11:39:34","modified_gmt":"2020-06-02T09:39:34","slug":"uego-de-vasos-de-impacto-con-protector-de-plastico-entrada-125-mm-12-17-19-21-mm-3-piezas","status":"publish","type":"product","link":"https:\/\/mantenimientosinformaticos.net\/canarytools\/producto\/uego-de-vasos-de-impacto-con-protector-de-plastico-entrada-125-mm-12-17-19-21-mm-3-piezas\/","title":{"rendered":"REF.:7200   Juego de vasos de impacto con protector de pl\u00e1stico entrada 12,5 mm (1\/2&#8243;) 17 \/ 19 \/ 21 mm, 3 piezas"},"content":{"rendered":"","protected":false},"excerpt":{"rendered":"<ul style=\"margin:0px 0px 20px;list-style:none;padding:0px;color:#58595b;font-family:'PT Sans', 'Helvetica Neue', Helvetica, Arial, sans-serif;font-size:14px;line-height:20px;background-color:#ffffff;\">\n<li>apto para uso manual y con pistolas de impacto<\/li>\n<li>con adaptador para pasador de bloqueo y anillo de goma<\/li>\n<li>cobertura e inserci\u00f3n de pl\u00e1stico para protecci\u00f3n de las llantas de aluminio<\/li>\n<li>vaso codificado por color, para encontrar m\u00e1s f\u00e1cilmente el tama\u00f1o deseado<\/li>\n<li>disponible tambi\u00e9n por separado como BGS 7201, 7202, 7203<\/li>\n<li>cobertura pl\u00e1stica de repuesto disponible como BGS 7204, 7205, 7206<\/li>\n<\/ul>\n<p style=\"margin:0px 0px 10px;color:#58595b;font-family:'PT Sans', 'Helvetica Neue', Helvetica, Arial, sans-serif;font-size:14px;line-height:20px;background-color:#ffffff;\"><strong>Contenido de suministro:<\/strong><\/p>\n<ul style=\"margin:0px 0px 20px;list-style:none;padding:0px;color:#58595b;font-family:'PT Sans', 'Helvetica Neue', Helvetica, Arial, sans-serif;font-size:14px;line-height:20px;background-color:#ffffff;\">\n<li>vasos de impacto protegidos, entrada 12,5 mm (1\/2&#8243;): 17 mm<\/li>\n<li>vasos de impacto protegidos, entrada 12,5 mm (1\/2&#8243;): 19 mm<\/li>\n<li>vasos de impacto protegidos, entrada 12,5 mm (1\/2&#8243;): 21 mm<\/li>\n<\/ul>\n","protected":false},"featured_media":5714,"comment_status":"open","ping_status":"closed","template":"","meta":[],"product_cat":[495,551,564],"product_tag":[],"class_list":{"0":"post-5715","1":"product","2":"type-product","3":"status-publish","4":"has-post-thumbnail","6":"product_cat-herramientas-manuales","7":"product_cat-vasos-de-impacto","8":"product_cat-llaves-de-vasos-especiales","10":"first","11":"instock","12":"shipping-taxable","13":"purchasable","14":"product-type-simple"},"yoast_head":"<!-- This site is optimized with the Yoast SEO plugin v22.7 - https:\/\/yoast.com\/wordpress\/plugins\/seo\/ -->\n<title>REF.:7200  Juego de vasos de impacto con protector de pl\u00e1stico entrada 12,5 mm (1\/2&quot;) 17 \/ 19 \/ 21 mm, 3 piezas - Canarytools S.L.<\/title>\n<meta name=\"robots\" content=\"index, follow, max-snippet:-1, max-image-preview:large, max-video-preview:-1\" \/>\n<link rel=\"canonical\" href=\"https:\/\/mantenimientosinformaticos.net\/canarytools\/producto\/uego-de-vasos-de-impacto-con-protector-de-plastico-entrada-125-mm-12-17-19-21-mm-3-piezas\/\" \/>\n<meta property=\"og:locale\" content=\"es_ES\" \/>\n<meta property=\"og:type\" content=\"article\" \/>\n<meta property=\"og:title\" content=\"REF.:7200  Juego de vasos de impacto con protector de pl\u00e1stico entrada 12,5 mm (1\/2&quot;) 17 \/ 19 \/ 21 mm, 3 piezas - Canarytools S.L.\" \/>\n<meta property=\"og:description\" content=\"apto para uso manual y con pistolas de impacto con adaptador para pasador de bloqueo y anillo de goma cobertura e inserci\u00f3n de pl\u00e1stico para protecci\u00f3n de las llantas de aluminio vaso codificado por color, para encontrar m\u00e1s f\u00e1cilmente el tama\u00f1o deseado disponible tambi\u00e9n por separado como BGS 7201, 7202, 7203 cobertura pl\u00e1stica de repuesto disponible como BGS 7204, 7205, 7206 Contenido de suministro: vasos de impacto protegidos, entrada 12,5 mm (1\/2&quot;): 17 mm vasos de impacto protegidos, entrada 12,5 mm (1\/2&quot;): 19 mm vasos de impacto protegidos, entrada 12,5 mm (1\/2&quot;): 21 mm\" \/>\n<meta property=\"og:url\" content=\"https:\/\/mantenimientosinformaticos.net\/canarytools\/producto\/uego-de-vasos-de-impacto-con-protector-de-plastico-entrada-125-mm-12-17-19-21-mm-3-piezas\/\" \/>\n<meta property=\"og:site_name\" content=\"Canarytools S.L.\" \/>\n<meta property=\"og:image\" content=\"https:\/\/mantenimientosinformaticos.net\/canarytools\/wp-content\/uploads\/2020\/06\/1029-REF.7200-Juego-de-vasos-de-impacto-con-protector-de-plastico-entrada-125-mm-12-17-19-21-mm-3-piezas.jpg\" \/>\n\t<meta property=\"og:image:width\" content=\"901\" \/>\n\t<meta property=\"og:image:height\" content=\"625\" \/>\n\t<meta property=\"og:image:type\" content=\"image\/jpeg\" \/>\n<meta name=\"twitter:card\" content=\"summary_large_image\" \/>\n<script type=\"application\/ld+json\" class=\"yoast-schema-graph\">{\"@context\":\"https:\/\/schema.org\",\"@graph\":[{\"@type\":\"WebPage\",\"@id\":\"https:\/\/mantenimientosinformaticos.net\/canarytools\/producto\/uego-de-vasos-de-impacto-con-protector-de-plastico-entrada-125-mm-12-17-19-21-mm-3-piezas\/\",\"url\":\"https:\/\/mantenimientosinformaticos.net\/canarytools\/producto\/uego-de-vasos-de-impacto-con-protector-de-plastico-entrada-125-mm-12-17-19-21-mm-3-piezas\/\",\"name\":\"REF.:7200 Juego de vasos de impacto con protector de pl\u00e1stico entrada 12,5 mm (1\/2\\\") 17 \/ 19 \/ 21 mm, 3 piezas - Canarytools S.L.\",\"isPartOf\":{\"@id\":\"https:\/\/mantenimientosinformaticos.net\/canarytools\/#website\"},\"primaryImageOfPage\":{\"@id\":\"https:\/\/mantenimientosinformaticos.net\/canarytools\/producto\/uego-de-vasos-de-impacto-con-protector-de-plastico-entrada-125-mm-12-17-19-21-mm-3-piezas\/#primaryimage\"},\"image\":{\"@id\":\"https:\/\/mantenimientosinformaticos.net\/canarytools\/producto\/uego-de-vasos-de-impacto-con-protector-de-plastico-entrada-125-mm-12-17-19-21-mm-3-piezas\/#primaryimage\"},\"thumbnailUrl\":\"https:\/\/mantenimientosinformaticos.net\/canarytools\/wp-content\/uploads\/2020\/06\/1029-REF.7200-Juego-de-vasos-de-impacto-con-protector-de-plastico-entrada-125-mm-12-17-19-21-mm-3-piezas.jpg\",\"datePublished\":\"2020-06-02T09:39:34+00:00\",\"dateModified\":\"2020-06-02T09:39:34+00:00\",\"breadcrumb\":{\"@id\":\"https:\/\/mantenimientosinformaticos.net\/canarytools\/producto\/uego-de-vasos-de-impacto-con-protector-de-plastico-entrada-125-mm-12-17-19-21-mm-3-piezas\/#breadcrumb\"},\"inLanguage\":\"es\",\"potentialAction\":[{\"@type\":\"ReadAction\",\"target\":[\"https:\/\/mantenimientosinformaticos.net\/canarytools\/producto\/uego-de-vasos-de-impacto-con-protector-de-plastico-entrada-125-mm-12-17-19-21-mm-3-piezas\/\"]}]},{\"@type\":\"ImageObject\",\"inLanguage\":\"es\",\"@id\":\"https:\/\/mantenimientosinformaticos.net\/canarytools\/producto\/uego-de-vasos-de-impacto-con-protector-de-plastico-entrada-125-mm-12-17-19-21-mm-3-piezas\/#primaryimage\",\"url\":\"https:\/\/mantenimientosinformaticos.net\/canarytools\/wp-content\/uploads\/2020\/06\/1029-REF.7200-Juego-de-vasos-de-impacto-con-protector-de-plastico-entrada-125-mm-12-17-19-21-mm-3-piezas.jpg\",\"contentUrl\":\"https:\/\/mantenimientosinformaticos.net\/canarytools\/wp-content\/uploads\/2020\/06\/1029-REF.7200-Juego-de-vasos-de-impacto-con-protector-de-plastico-entrada-125-mm-12-17-19-21-mm-3-piezas.jpg\",\"width\":901,\"height\":625,\"caption\":\"REF.:7200 Juego de vasos de impacto con protector de pl\u00e1stico entrada 12,5 mm (1\/2\\\") 17 \/ 19 \/ 21 mm, 3 piezas\"},{\"@type\":\"BreadcrumbList\",\"@id\":\"https:\/\/mantenimientosinformaticos.net\/canarytools\/producto\/uego-de-vasos-de-impacto-con-protector-de-plastico-entrada-125-mm-12-17-19-21-mm-3-piezas\/#breadcrumb\",\"itemListElement\":[{\"@type\":\"ListItem\",\"position\":1,\"name\":\"Portada\",\"item\":\"https:\/\/mantenimientosinformaticos.net\/canarytools\/\"},{\"@type\":\"ListItem\",\"position\":2,\"name\":\"Tienda\",\"item\":\"https:\/\/mantenimientosinformaticos.net\/canarytools\/tienda\/\"},{\"@type\":\"ListItem\",\"position\":3,\"name\":\"REF.:7200 Juego de vasos de impacto con protector de pl\u00e1stico entrada 12,5 mm (1\/2&#8243;) 17 \/ 19 \/ 21 mm, 3 piezas\"}]},{\"@type\":\"WebSite\",\"@id\":\"https:\/\/mantenimientosinformaticos.net\/canarytools\/#website\",\"url\":\"https:\/\/mantenimientosinformaticos.net\/canarytools\/\",\"name\":\"Canarytools S.L.\",\"description\":\"Herramientas y M\u00e1quinas\",\"publisher\":{\"@id\":\"https:\/\/mantenimientosinformaticos.net\/canarytools\/#\/schema\/person\/355e32754b03bb24b681f1b6917e49bf\"},\"potentialAction\":[{\"@type\":\"SearchAction\",\"target\":{\"@type\":\"EntryPoint\",\"urlTemplate\":\"https:\/\/mantenimientosinformaticos.net\/canarytools\/?s={search_term_string}\"},\"query-input\":\"required name=search_term_string\"}],\"inLanguage\":\"es\"},{\"@type\":[\"Person\",\"Organization\"],\"@id\":\"https:\/\/mantenimientosinformaticos.net\/canarytools\/#\/schema\/person\/355e32754b03bb24b681f1b6917e49bf\",\"name\":\"canarytools.xnetdigital\",\"image\":{\"@type\":\"ImageObject\",\"inLanguage\":\"es\",\"@id\":\"https:\/\/mantenimientosinformaticos.net\/canarytools\/#\/schema\/person\/image\/\",\"url\":\"https:\/\/mantenimientosinformaticos.net\/canarytools\/wp-content\/uploads\/2023\/12\/canary-tools-logo.png\",\"contentUrl\":\"https:\/\/mantenimientosinformaticos.net\/canarytools\/wp-content\/uploads\/2023\/12\/canary-tools-logo.png\",\"width\":1302,\"height\":440,\"caption\":\"canarytools.xnetdigital\"},\"logo\":{\"@id\":\"https:\/\/mantenimientosinformaticos.net\/canarytools\/#\/schema\/person\/image\/\"},\"sameAs\":[\"https:\/\/mantenimientosinformaticos.net\/canarytools\"]}]}<\/script>\n<!-- \/ Yoast SEO plugin. -->","yoast_head_json":{"title":"REF.:7200  Juego de vasos de impacto con protector de pl\u00e1stico entrada 12,5 mm (1\/2\") 17 \/ 19 \/ 21 mm, 3 piezas - Canarytools S.L.","robots":{"index":"index","follow":"follow","max-snippet":"max-snippet:-1","max-image-preview":"max-image-preview:large","max-video-preview":"max-video-preview:-1"},"canonical":"https:\/\/mantenimientosinformaticos.net\/canarytools\/producto\/uego-de-vasos-de-impacto-con-protector-de-plastico-entrada-125-mm-12-17-19-21-mm-3-piezas\/","og_locale":"es_ES","og_type":"article","og_title":"REF.:7200  Juego de vasos de impacto con protector de pl\u00e1stico entrada 12,5 mm (1\/2\") 17 \/ 19 \/ 21 mm, 3 piezas - Canarytools S.L.","og_description":"apto para uso manual y con pistolas de impacto con adaptador para pasador de bloqueo y anillo de goma cobertura e inserci\u00f3n de pl\u00e1stico para protecci\u00f3n de las llantas de aluminio vaso codificado por color, para encontrar m\u00e1s f\u00e1cilmente el tama\u00f1o deseado disponible tambi\u00e9n por separado como BGS 7201, 7202, 7203 cobertura pl\u00e1stica de repuesto disponible como BGS 7204, 7205, 7206 Contenido de suministro: vasos de impacto protegidos, entrada 12,5 mm (1\/2\"): 17 mm vasos de impacto protegidos, entrada 12,5 mm (1\/2\"): 19 mm vasos de impacto protegidos, entrada 12,5 mm (1\/2\"): 21 mm","og_url":"https:\/\/mantenimientosinformaticos.net\/canarytools\/producto\/uego-de-vasos-de-impacto-con-protector-de-plastico-entrada-125-mm-12-17-19-21-mm-3-piezas\/","og_site_name":"Canarytools S.L.","og_image":[{"width":901,"height":625,"url":"https:\/\/mantenimientosinformaticos.net\/canarytools\/wp-content\/uploads\/2020\/06\/1029-REF.7200-Juego-de-vasos-de-impacto-con-protector-de-plastico-entrada-125-mm-12-17-19-21-mm-3-piezas.jpg","type":"image\/jpeg"}],"twitter_card":"summary_large_image","schema":{"@context":"https:\/\/schema.org","@graph":[{"@type":"WebPage","@id":"https:\/\/mantenimientosinformaticos.net\/canarytools\/producto\/uego-de-vasos-de-impacto-con-protector-de-plastico-entrada-125-mm-12-17-19-21-mm-3-piezas\/","url":"https:\/\/mantenimientosinformaticos.net\/canarytools\/producto\/uego-de-vasos-de-impacto-con-protector-de-plastico-entrada-125-mm-12-17-19-21-mm-3-piezas\/","name":"REF.:7200 Juego de vasos de impacto con protector de pl\u00e1stico entrada 12,5 mm (1\/2\") 17 \/ 19 \/ 21 mm, 3 piezas - Canarytools S.L.","isPartOf":{"@id":"https:\/\/mantenimientosinformaticos.net\/canarytools\/#website"},"primaryImageOfPage":{"@id":"https:\/\/mantenimientosinformaticos.net\/canarytools\/producto\/uego-de-vasos-de-impacto-con-protector-de-plastico-entrada-125-mm-12-17-19-21-mm-3-piezas\/#primaryimage"},"image":{"@id":"https:\/\/mantenimientosinformaticos.net\/canarytools\/producto\/uego-de-vasos-de-impacto-con-protector-de-plastico-entrada-125-mm-12-17-19-21-mm-3-piezas\/#primaryimage"},"thumbnailUrl":"https:\/\/mantenimientosinformaticos.net\/canarytools\/wp-content\/uploads\/2020\/06\/1029-REF.7200-Juego-de-vasos-de-impacto-con-protector-de-plastico-entrada-125-mm-12-17-19-21-mm-3-piezas.jpg","datePublished":"2020-06-02T09:39:34+00:00","dateModified":"2020-06-02T09:39:34+00:00","breadcrumb":{"@id":"https:\/\/mantenimientosinformaticos.net\/canarytools\/producto\/uego-de-vasos-de-impacto-con-protector-de-plastico-entrada-125-mm-12-17-19-21-mm-3-piezas\/#breadcrumb"},"inLanguage":"es","potentialAction":[{"@type":"ReadAction","target":["https:\/\/mantenimientosinformaticos.net\/canarytools\/producto\/uego-de-vasos-de-impacto-con-protector-de-plastico-entrada-125-mm-12-17-19-21-mm-3-piezas\/"]}]},{"@type":"ImageObject","inLanguage":"es","@id":"https:\/\/mantenimientosinformaticos.net\/canarytools\/producto\/uego-de-vasos-de-impacto-con-protector-de-plastico-entrada-125-mm-12-17-19-21-mm-3-piezas\/#primaryimage","url":"https:\/\/mantenimientosinformaticos.net\/canarytools\/wp-content\/uploads\/2020\/06\/1029-REF.7200-Juego-de-vasos-de-impacto-con-protector-de-plastico-entrada-125-mm-12-17-19-21-mm-3-piezas.jpg","contentUrl":"https:\/\/mantenimientosinformaticos.net\/canarytools\/wp-content\/uploads\/2020\/06\/1029-REF.7200-Juego-de-vasos-de-impacto-con-protector-de-plastico-entrada-125-mm-12-17-19-21-mm-3-piezas.jpg","width":901,"height":625,"caption":"REF.:7200 Juego de vasos de impacto con protector de pl\u00e1stico entrada 12,5 mm (1\/2\") 17 \/ 19 \/ 21 mm, 3 piezas"},{"@type":"BreadcrumbList","@id":"https:\/\/mantenimientosinformaticos.net\/canarytools\/producto\/uego-de-vasos-de-impacto-con-protector-de-plastico-entrada-125-mm-12-17-19-21-mm-3-piezas\/#breadcrumb","itemListElement":[{"@type":"ListItem","position":1,"name":"Portada","item":"https:\/\/mantenimientosinformaticos.net\/canarytools\/"},{"@type":"ListItem","position":2,"name":"Tienda","item":"https:\/\/mantenimientosinformaticos.net\/canarytools\/tienda\/"},{"@type":"ListItem","position":3,"name":"REF.:7200 Juego de vasos de impacto con protector de pl\u00e1stico entrada 12,5 mm (1\/2&#8243;) 17 \/ 19 \/ 21 mm, 3 piezas"}]},{"@type":"WebSite","@id":"https:\/\/mantenimientosinformaticos.net\/canarytools\/#website","url":"https:\/\/mantenimientosinformaticos.net\/canarytools\/","name":"Canarytools S.L.","description":"Herramientas y M\u00e1quinas","publisher":{"@id":"https:\/\/mantenimientosinformaticos.net\/canarytools\/#\/schema\/person\/355e32754b03bb24b681f1b6917e49bf"},"potentialAction":[{"@type":"SearchAction","target":{"@type":"EntryPoint","urlTemplate":"https:\/\/mantenimientosinformaticos.net\/canarytools\/?s={search_term_string}"},"query-input":"required name=search_term_string"}],"inLanguage":"es"},{"@type":["Person","Organization"],"@id":"https:\/\/mantenimientosinformaticos.net\/canarytools\/#\/schema\/person\/355e32754b03bb24b681f1b6917e49bf","name":"canarytools.xnetdigital","image":{"@type":"ImageObject","inLanguage":"es","@id":"https:\/\/mantenimientosinformaticos.net\/canarytools\/#\/schema\/person\/image\/","url":"https:\/\/mantenimientosinformaticos.net\/canarytools\/wp-content\/uploads\/2023\/12\/canary-tools-logo.png","contentUrl":"https:\/\/mantenimientosinformaticos.net\/canarytools\/wp-content\/uploads\/2023\/12\/canary-tools-logo.png","width":1302,"height":440,"caption":"canarytools.xnetdigital"},"logo":{"@id":"https:\/\/mantenimientosinformaticos.net\/canarytools\/#\/schema\/person\/image\/"},"sameAs":["https:\/\/mantenimientosinformaticos.net\/canarytools"]}]}},"_links":{"self":[{"href":"https:\/\/mantenimientosinformaticos.net\/canarytools\/wp-json\/wp\/v2\/product\/5715","targetHints":{"allow":["GET"]}}],"collection":[{"href":"https:\/\/mantenimientosinformaticos.net\/canarytools\/wp-json\/wp\/v2\/product"}],"about":[{"href":"https:\/\/mantenimientosinformaticos.net\/canarytools\/wp-json\/wp\/v2\/types\/product"}],"replies":[{"embeddable":true,"href":"https:\/\/mantenimientosinformaticos.net\/canarytools\/wp-json\/wp\/v2\/comments?post=5715"}],"wp:featuredmedia":[{"embeddable":true,"href":"https:\/\/mantenimientosinformaticos.net\/canarytools\/wp-json\/wp\/v2\/media\/5714"}],"wp:attachment":[{"href":"https:\/\/mantenimientosinformaticos.net\/canarytools\/wp-json\/wp\/v2\/media?parent=5715"}],"wp:term":[{"taxonomy":"product_cat","embeddable":true,"href":"https:\/\/mantenimientosinformaticos.net\/canarytools\/wp-json\/wp\/v2\/product_cat?post=5715"},{"taxonomy":"product_tag","embeddable":true,"href":"https:\/\/mantenimientosinformaticos.net\/canarytools\/wp-json\/wp\/v2\/product_tag?post=5715"}],"curies":[{"name":"wp","href":"https:\/\/api.w.org\/{rel}","templated":true}]}}