{"id":5542,"date":"2020-05-21T13:21:04","date_gmt":"2020-05-21T11:21:04","guid":{"rendered":"https:\/\/mantenimientosinformaticos.net\/canarytools\/producto\/bandeja-para-carro-33-juego-de-alicates-botadores-martillo-17-piezas\/"},"modified":"2020-05-21T13:21:04","modified_gmt":"2020-05-21T11:21:04","slug":"bandeja-para-carro-33-juego-de-alicates-botadores-martillo-17-piezas","status":"publish","type":"product","link":"https:\/\/mantenimientosinformaticos.net\/canarytools\/producto\/bandeja-para-carro-33-juego-de-alicates-botadores-martillo-17-piezas\/","title":{"rendered":"Bandeja para carro 3\/3: Juego de alicates, botadores, martillo, 17 piezas"},"content":{"rendered":"","protected":false},"excerpt":{"rendered":"<p style=\"margin:0px 0px 10px;color:#58595b;font-family:'PT Sans', 'Helvetica Neue', Helvetica, Arial, sans-serif;font-size:14px;line-height:20px;background-color:#ffffff;\"><b>Contenido de suministro:<\/b><\/p>\n<ul style=\"margin:0px 0px 20px;list-style:none;padding:0px;color:#58595b;font-family:'PT Sans', 'Helvetica Neue', Helvetica, Arial, sans-serif;font-size:14px;line-height:20px;background-color:#ffffff;\">\n<li>Alicate de puntas (circlip), recto, para anillos de retenci\u00f3n exteriores, 180 mm<\/li>\n<li>Alicate de puntas (circlip), curvado, para anillos de retenci\u00f3n exteriores, 180 mm<\/li>\n<li>Alicate de puntas (circlip), recto, para anillos de retenci\u00f3n interiores, 180 mm<\/li>\n<li>Alicate de puntas (circlip), curvado, para anillos de retenci\u00f3n interiores, 180 mm<\/li>\n<li>Alicates universales VDE, 180 mm<\/li>\n<li>Alicates de tel\u00e9fono VDE, 200 mm<\/li>\n<li>Alicates de tel\u00e9fono VDE, en \u00e1ngulo, 200 mm<\/li>\n<li>Pinza de corte diagonal VDE, 160 mm<\/li>\n<li>Pico de loro VDE, 250 mm<\/li>\n<li>Martillo de mec\u00e1nico, mango de nogal, DIN 1041, 500 g<\/li>\n<li>Tenaza grip, con palanca pl\u00e1stica de apertura r\u00e1pida, 250 mm<\/li>\n<li>6 botadores, 150 mm, tama\u00f1os: 3 &#8211; 4 &#8211; 5 &#8211; 6 &#8211; 7 &#8211; 8 mm<\/li>\n<\/ul>\n","protected":false},"featured_media":5541,"comment_status":"open","ping_status":"closed","template":"","meta":[],"product_cat":[492,529],"product_tag":[],"class_list":{"0":"post-5542","1":"product","2":"type-product","3":"status-publish","4":"has-post-thumbnail","6":"product_cat-equipo-de-talleres","7":"product_cat-carros","9":"first","10":"onbackorder","11":"shipping-taxable","12":"purchasable","13":"product-type-simple"},"yoast_head":"<!-- This site is optimized with the Yoast SEO plugin v22.7 - https:\/\/yoast.com\/wordpress\/plugins\/seo\/ -->\n<title>Bandeja para carro 3\/3: Juego de alicates, botadores, martillo, 17 piezas - Canarytools S.L.<\/title>\n<meta name=\"robots\" content=\"index, follow, max-snippet:-1, max-image-preview:large, max-video-preview:-1\" \/>\n<link rel=\"canonical\" href=\"https:\/\/mantenimientosinformaticos.net\/canarytools\/producto\/bandeja-para-carro-33-juego-de-alicates-botadores-martillo-17-piezas\/\" \/>\n<meta property=\"og:locale\" content=\"es_ES\" \/>\n<meta property=\"og:type\" content=\"article\" \/>\n<meta property=\"og:title\" content=\"Bandeja para carro 3\/3: Juego de alicates, botadores, martillo, 17 piezas - Canarytools S.L.\" \/>\n<meta property=\"og:description\" content=\"Contenido de suministro: Alicate de puntas (circlip), recto, para anillos de retenci\u00f3n exteriores, 180 mm Alicate de puntas (circlip), curvado, para anillos de retenci\u00f3n exteriores, 180 mm Alicate de puntas (circlip), recto, para anillos de retenci\u00f3n interiores, 180 mm Alicate de puntas (circlip), curvado, para anillos de retenci\u00f3n interiores, 180 mm Alicates universales VDE, 180 mm Alicates de tel\u00e9fono VDE, 200 mm Alicates de tel\u00e9fono VDE, en \u00e1ngulo, 200 mm Pinza de corte diagonal VDE, 160 mm Pico de loro VDE, 250 mm Martillo de mec\u00e1nico, mango de nogal, DIN 1041, 500 g Tenaza grip, con palanca pl\u00e1stica de apertura r\u00e1pida, 250 mm 6 botadores, 150 mm, tama\u00f1os: 3 - 4 - 5 - 6 - 7 - 8 mm\" \/>\n<meta property=\"og:url\" content=\"https:\/\/mantenimientosinformaticos.net\/canarytools\/producto\/bandeja-para-carro-33-juego-de-alicates-botadores-martillo-17-piezas\/\" \/>\n<meta property=\"og:site_name\" content=\"Canarytools S.L.\" \/>\n<meta property=\"og:image\" content=\"https:\/\/mantenimientosinformaticos.net\/canarytools\/wp-content\/uploads\/2020\/05\/945-Bandeja-para-carro-33-Juego-de-alicates-botadores-martillo-17-piezas.jpg\" \/>\n\t<meta property=\"og:image:width\" content=\"650\" \/>\n\t<meta property=\"og:image:height\" content=\"475\" \/>\n\t<meta property=\"og:image:type\" content=\"image\/jpeg\" \/>\n<meta name=\"twitter:card\" content=\"summary_large_image\" \/>\n<script type=\"application\/ld+json\" class=\"yoast-schema-graph\">{\"@context\":\"https:\/\/schema.org\",\"@graph\":[{\"@type\":\"WebPage\",\"@id\":\"https:\/\/mantenimientosinformaticos.net\/canarytools\/producto\/bandeja-para-carro-33-juego-de-alicates-botadores-martillo-17-piezas\/\",\"url\":\"https:\/\/mantenimientosinformaticos.net\/canarytools\/producto\/bandeja-para-carro-33-juego-de-alicates-botadores-martillo-17-piezas\/\",\"name\":\"Bandeja para carro 3\/3: Juego de alicates, botadores, martillo, 17 piezas - Canarytools S.L.\",\"isPartOf\":{\"@id\":\"https:\/\/mantenimientosinformaticos.net\/canarytools\/#website\"},\"primaryImageOfPage\":{\"@id\":\"https:\/\/mantenimientosinformaticos.net\/canarytools\/producto\/bandeja-para-carro-33-juego-de-alicates-botadores-martillo-17-piezas\/#primaryimage\"},\"image\":{\"@id\":\"https:\/\/mantenimientosinformaticos.net\/canarytools\/producto\/bandeja-para-carro-33-juego-de-alicates-botadores-martillo-17-piezas\/#primaryimage\"},\"thumbnailUrl\":\"https:\/\/mantenimientosinformaticos.net\/canarytools\/wp-content\/uploads\/2020\/05\/945-Bandeja-para-carro-33-Juego-de-alicates-botadores-martillo-17-piezas.jpg\",\"datePublished\":\"2020-05-21T11:21:04+00:00\",\"dateModified\":\"2020-05-21T11:21:04+00:00\",\"breadcrumb\":{\"@id\":\"https:\/\/mantenimientosinformaticos.net\/canarytools\/producto\/bandeja-para-carro-33-juego-de-alicates-botadores-martillo-17-piezas\/#breadcrumb\"},\"inLanguage\":\"es\",\"potentialAction\":[{\"@type\":\"ReadAction\",\"target\":[\"https:\/\/mantenimientosinformaticos.net\/canarytools\/producto\/bandeja-para-carro-33-juego-de-alicates-botadores-martillo-17-piezas\/\"]}]},{\"@type\":\"ImageObject\",\"inLanguage\":\"es\",\"@id\":\"https:\/\/mantenimientosinformaticos.net\/canarytools\/producto\/bandeja-para-carro-33-juego-de-alicates-botadores-martillo-17-piezas\/#primaryimage\",\"url\":\"https:\/\/mantenimientosinformaticos.net\/canarytools\/wp-content\/uploads\/2020\/05\/945-Bandeja-para-carro-33-Juego-de-alicates-botadores-martillo-17-piezas.jpg\",\"contentUrl\":\"https:\/\/mantenimientosinformaticos.net\/canarytools\/wp-content\/uploads\/2020\/05\/945-Bandeja-para-carro-33-Juego-de-alicates-botadores-martillo-17-piezas.jpg\",\"width\":650,\"height\":475,\"caption\":\"Bandeja para carro 3\/3: Juego de alicates, botadores, martillo, 17 piezas\"},{\"@type\":\"BreadcrumbList\",\"@id\":\"https:\/\/mantenimientosinformaticos.net\/canarytools\/producto\/bandeja-para-carro-33-juego-de-alicates-botadores-martillo-17-piezas\/#breadcrumb\",\"itemListElement\":[{\"@type\":\"ListItem\",\"position\":1,\"name\":\"Portada\",\"item\":\"https:\/\/mantenimientosinformaticos.net\/canarytools\/\"},{\"@type\":\"ListItem\",\"position\":2,\"name\":\"Tienda\",\"item\":\"https:\/\/mantenimientosinformaticos.net\/canarytools\/tienda\/\"},{\"@type\":\"ListItem\",\"position\":3,\"name\":\"Bandeja para carro 3\/3: Juego de alicates, botadores, martillo, 17 piezas\"}]},{\"@type\":\"WebSite\",\"@id\":\"https:\/\/mantenimientosinformaticos.net\/canarytools\/#website\",\"url\":\"https:\/\/mantenimientosinformaticos.net\/canarytools\/\",\"name\":\"Canarytools S.L.\",\"description\":\"Herramientas y M\u00e1quinas\",\"publisher\":{\"@id\":\"https:\/\/mantenimientosinformaticos.net\/canarytools\/#\/schema\/person\/355e32754b03bb24b681f1b6917e49bf\"},\"potentialAction\":[{\"@type\":\"SearchAction\",\"target\":{\"@type\":\"EntryPoint\",\"urlTemplate\":\"https:\/\/mantenimientosinformaticos.net\/canarytools\/?s={search_term_string}\"},\"query-input\":\"required name=search_term_string\"}],\"inLanguage\":\"es\"},{\"@type\":[\"Person\",\"Organization\"],\"@id\":\"https:\/\/mantenimientosinformaticos.net\/canarytools\/#\/schema\/person\/355e32754b03bb24b681f1b6917e49bf\",\"name\":\"canarytools.xnetdigital\",\"image\":{\"@type\":\"ImageObject\",\"inLanguage\":\"es\",\"@id\":\"https:\/\/mantenimientosinformaticos.net\/canarytools\/#\/schema\/person\/image\/\",\"url\":\"https:\/\/mantenimientosinformaticos.net\/canarytools\/wp-content\/uploads\/2023\/12\/canary-tools-logo.png\",\"contentUrl\":\"https:\/\/mantenimientosinformaticos.net\/canarytools\/wp-content\/uploads\/2023\/12\/canary-tools-logo.png\",\"width\":1302,\"height\":440,\"caption\":\"canarytools.xnetdigital\"},\"logo\":{\"@id\":\"https:\/\/mantenimientosinformaticos.net\/canarytools\/#\/schema\/person\/image\/\"},\"sameAs\":[\"https:\/\/mantenimientosinformaticos.net\/canarytools\"]}]}<\/script>\n<!-- \/ Yoast SEO plugin. -->","yoast_head_json":{"title":"Bandeja para carro 3\/3: Juego de alicates, botadores, martillo, 17 piezas - Canarytools S.L.","robots":{"index":"index","follow":"follow","max-snippet":"max-snippet:-1","max-image-preview":"max-image-preview:large","max-video-preview":"max-video-preview:-1"},"canonical":"https:\/\/mantenimientosinformaticos.net\/canarytools\/producto\/bandeja-para-carro-33-juego-de-alicates-botadores-martillo-17-piezas\/","og_locale":"es_ES","og_type":"article","og_title":"Bandeja para carro 3\/3: Juego de alicates, botadores, martillo, 17 piezas - Canarytools S.L.","og_description":"Contenido de suministro: Alicate de puntas (circlip), recto, para anillos de retenci\u00f3n exteriores, 180 mm Alicate de puntas (circlip), curvado, para anillos de retenci\u00f3n exteriores, 180 mm Alicate de puntas (circlip), recto, para anillos de retenci\u00f3n interiores, 180 mm Alicate de puntas (circlip), curvado, para anillos de retenci\u00f3n interiores, 180 mm Alicates universales VDE, 180 mm Alicates de tel\u00e9fono VDE, 200 mm Alicates de tel\u00e9fono VDE, en \u00e1ngulo, 200 mm Pinza de corte diagonal VDE, 160 mm Pico de loro VDE, 250 mm Martillo de mec\u00e1nico, mango de nogal, DIN 1041, 500 g Tenaza grip, con palanca pl\u00e1stica de apertura r\u00e1pida, 250 mm 6 botadores, 150 mm, tama\u00f1os: 3 - 4 - 5 - 6 - 7 - 8 mm","og_url":"https:\/\/mantenimientosinformaticos.net\/canarytools\/producto\/bandeja-para-carro-33-juego-de-alicates-botadores-martillo-17-piezas\/","og_site_name":"Canarytools S.L.","og_image":[{"width":650,"height":475,"url":"https:\/\/mantenimientosinformaticos.net\/canarytools\/wp-content\/uploads\/2020\/05\/945-Bandeja-para-carro-33-Juego-de-alicates-botadores-martillo-17-piezas.jpg","type":"image\/jpeg"}],"twitter_card":"summary_large_image","schema":{"@context":"https:\/\/schema.org","@graph":[{"@type":"WebPage","@id":"https:\/\/mantenimientosinformaticos.net\/canarytools\/producto\/bandeja-para-carro-33-juego-de-alicates-botadores-martillo-17-piezas\/","url":"https:\/\/mantenimientosinformaticos.net\/canarytools\/producto\/bandeja-para-carro-33-juego-de-alicates-botadores-martillo-17-piezas\/","name":"Bandeja para carro 3\/3: Juego de alicates, botadores, martillo, 17 piezas - Canarytools S.L.","isPartOf":{"@id":"https:\/\/mantenimientosinformaticos.net\/canarytools\/#website"},"primaryImageOfPage":{"@id":"https:\/\/mantenimientosinformaticos.net\/canarytools\/producto\/bandeja-para-carro-33-juego-de-alicates-botadores-martillo-17-piezas\/#primaryimage"},"image":{"@id":"https:\/\/mantenimientosinformaticos.net\/canarytools\/producto\/bandeja-para-carro-33-juego-de-alicates-botadores-martillo-17-piezas\/#primaryimage"},"thumbnailUrl":"https:\/\/mantenimientosinformaticos.net\/canarytools\/wp-content\/uploads\/2020\/05\/945-Bandeja-para-carro-33-Juego-de-alicates-botadores-martillo-17-piezas.jpg","datePublished":"2020-05-21T11:21:04+00:00","dateModified":"2020-05-21T11:21:04+00:00","breadcrumb":{"@id":"https:\/\/mantenimientosinformaticos.net\/canarytools\/producto\/bandeja-para-carro-33-juego-de-alicates-botadores-martillo-17-piezas\/#breadcrumb"},"inLanguage":"es","potentialAction":[{"@type":"ReadAction","target":["https:\/\/mantenimientosinformaticos.net\/canarytools\/producto\/bandeja-para-carro-33-juego-de-alicates-botadores-martillo-17-piezas\/"]}]},{"@type":"ImageObject","inLanguage":"es","@id":"https:\/\/mantenimientosinformaticos.net\/canarytools\/producto\/bandeja-para-carro-33-juego-de-alicates-botadores-martillo-17-piezas\/#primaryimage","url":"https:\/\/mantenimientosinformaticos.net\/canarytools\/wp-content\/uploads\/2020\/05\/945-Bandeja-para-carro-33-Juego-de-alicates-botadores-martillo-17-piezas.jpg","contentUrl":"https:\/\/mantenimientosinformaticos.net\/canarytools\/wp-content\/uploads\/2020\/05\/945-Bandeja-para-carro-33-Juego-de-alicates-botadores-martillo-17-piezas.jpg","width":650,"height":475,"caption":"Bandeja para carro 3\/3: Juego de alicates, botadores, martillo, 17 piezas"},{"@type":"BreadcrumbList","@id":"https:\/\/mantenimientosinformaticos.net\/canarytools\/producto\/bandeja-para-carro-33-juego-de-alicates-botadores-martillo-17-piezas\/#breadcrumb","itemListElement":[{"@type":"ListItem","position":1,"name":"Portada","item":"https:\/\/mantenimientosinformaticos.net\/canarytools\/"},{"@type":"ListItem","position":2,"name":"Tienda","item":"https:\/\/mantenimientosinformaticos.net\/canarytools\/tienda\/"},{"@type":"ListItem","position":3,"name":"Bandeja para carro 3\/3: Juego de alicates, botadores, martillo, 17 piezas"}]},{"@type":"WebSite","@id":"https:\/\/mantenimientosinformaticos.net\/canarytools\/#website","url":"https:\/\/mantenimientosinformaticos.net\/canarytools\/","name":"Canarytools S.L.","description":"Herramientas y M\u00e1quinas","publisher":{"@id":"https:\/\/mantenimientosinformaticos.net\/canarytools\/#\/schema\/person\/355e32754b03bb24b681f1b6917e49bf"},"potentialAction":[{"@type":"SearchAction","target":{"@type":"EntryPoint","urlTemplate":"https:\/\/mantenimientosinformaticos.net\/canarytools\/?s={search_term_string}"},"query-input":"required name=search_term_string"}],"inLanguage":"es"},{"@type":["Person","Organization"],"@id":"https:\/\/mantenimientosinformaticos.net\/canarytools\/#\/schema\/person\/355e32754b03bb24b681f1b6917e49bf","name":"canarytools.xnetdigital","image":{"@type":"ImageObject","inLanguage":"es","@id":"https:\/\/mantenimientosinformaticos.net\/canarytools\/#\/schema\/person\/image\/","url":"https:\/\/mantenimientosinformaticos.net\/canarytools\/wp-content\/uploads\/2023\/12\/canary-tools-logo.png","contentUrl":"https:\/\/mantenimientosinformaticos.net\/canarytools\/wp-content\/uploads\/2023\/12\/canary-tools-logo.png","width":1302,"height":440,"caption":"canarytools.xnetdigital"},"logo":{"@id":"https:\/\/mantenimientosinformaticos.net\/canarytools\/#\/schema\/person\/image\/"},"sameAs":["https:\/\/mantenimientosinformaticos.net\/canarytools"]}]}},"_links":{"self":[{"href":"https:\/\/mantenimientosinformaticos.net\/canarytools\/wp-json\/wp\/v2\/product\/5542","targetHints":{"allow":["GET"]}}],"collection":[{"href":"https:\/\/mantenimientosinformaticos.net\/canarytools\/wp-json\/wp\/v2\/product"}],"about":[{"href":"https:\/\/mantenimientosinformaticos.net\/canarytools\/wp-json\/wp\/v2\/types\/product"}],"replies":[{"embeddable":true,"href":"https:\/\/mantenimientosinformaticos.net\/canarytools\/wp-json\/wp\/v2\/comments?post=5542"}],"wp:featuredmedia":[{"embeddable":true,"href":"https:\/\/mantenimientosinformaticos.net\/canarytools\/wp-json\/wp\/v2\/media\/5541"}],"wp:attachment":[{"href":"https:\/\/mantenimientosinformaticos.net\/canarytools\/wp-json\/wp\/v2\/media?parent=5542"}],"wp:term":[{"taxonomy":"product_cat","embeddable":true,"href":"https:\/\/mantenimientosinformaticos.net\/canarytools\/wp-json\/wp\/v2\/product_cat?post=5542"},{"taxonomy":"product_tag","embeddable":true,"href":"https:\/\/mantenimientosinformaticos.net\/canarytools\/wp-json\/wp\/v2\/product_tag?post=5542"}],"curies":[{"name":"wp","href":"https:\/\/api.w.org\/{rel}","templated":true}]}}