{"id":5540,"date":"2020-05-21T13:15:37","date_gmt":"2020-05-21T11:15:37","guid":{"rendered":"https:\/\/mantenimientosinformaticos.net\/canarytools\/producto\/bandeja-para-carro-23-juego-de-destornilladores-12-piezas\/"},"modified":"2020-05-21T13:15:37","modified_gmt":"2020-05-21T11:15:37","slug":"bandeja-para-carro-23-juego-de-destornilladores-12-piezas","status":"publish","type":"product","link":"https:\/\/mantenimientosinformaticos.net\/canarytools\/producto\/bandeja-para-carro-23-juego-de-destornilladores-12-piezas\/","title":{"rendered":"Bandeja para carro 2\/3: Juego de destornilladores, 12 piezas"},"content":{"rendered":"","protected":false},"excerpt":{"rendered":"<ul style=\"margin:0px 0px 20px;list-style:none;padding:0px;color:#58595b;font-family:'PT Sans', 'Helvetica Neue', Helvetica, Arial, sans-serif;font-size:14px;line-height:20px;background-color:#ffffff;\">\n<li>v\u00e1stago pasante con hex\u00e1gono exterior (con excepci\u00f3n de plano 3,0 mm y cruz PH0)<\/li>\n<li>con mango antideslizante de 2 componentes<\/li>\n<li>longitud sin mango y hex\u00e1gono<\/li>\n<\/ul>\n<p style=\"margin:0px 0px 10px;color:#58595b;font-family:'PT Sans', 'Helvetica Neue', Helvetica, Arial, sans-serif;font-size:14px;line-height:20px;background-color:#ffffff;\"><strong>Contenido de suministro:<\/strong><\/p>\n<p><span style=\"color:#58595b;font-family:'PT Sans', 'Helvetica Neue', Helvetica, Arial, sans-serif;font-size:14px;line-height:20px;background-color:#ffffff;\">Destornillador, 75 mm, plano: 3,0 mm<\/span><br \/><span style=\"color:#58595b;font-family:'PT Sans', 'Helvetica Neue', Helvetica, Arial, sans-serif;font-size:14px;line-height:20px;background-color:#ffffff;\">Destornillador, 75 mm, plano: 5,0 mm<\/span><br \/><span style=\"color:#58595b;font-family:'PT Sans', 'Helvetica Neue', Helvetica, Arial, sans-serif;font-size:14px;line-height:20px;background-color:#ffffff;\">Destornillador, 38 mm, plano 6,0 mm<\/span><br \/><span style=\"color:#58595b;font-family:'PT Sans', 'Helvetica Neue', Helvetica, Arial, sans-serif;font-size:14px;line-height:20px;background-color:#ffffff;\">Destornillador, 100 mm, plano 6,0 mm<\/span><br \/><span style=\"color:#58595b;font-family:'PT Sans', 'Helvetica Neue', Helvetica, Arial, sans-serif;font-size:14px;line-height:20px;background-color:#ffffff;\">Destornillador, 150 mm, plano 8,0 mm<\/span><br \/><span style=\"color:#58595b;font-family:'PT Sans', 'Helvetica Neue', Helvetica, Arial, sans-serif;font-size:14px;line-height:20px;background-color:#ffffff;\">Destornillador, 200 mm, plano 9,5 mm<\/span><br \/><span style=\"color:#58595b;font-family:'PT Sans', 'Helvetica Neue', Helvetica, Arial, sans-serif;font-size:14px;line-height:20px;background-color:#ffffff;\">Destornillador, 75 mm, cruz PH0<\/span><br \/><span style=\"color:#58595b;font-family:'PT Sans', 'Helvetica Neue', Helvetica, Arial, sans-serif;font-size:14px;line-height:20px;background-color:#ffffff;\">Destornillador, 75 mm, cruz PH1<\/span><br \/><span style=\"color:#58595b;font-family:'PT Sans', 'Helvetica Neue', Helvetica, Arial, sans-serif;font-size:14px;line-height:20px;background-color:#ffffff;\">Destornillador, 100 mm, cruz PH2<\/span><br \/><span style=\"color:#58595b;font-family:'PT Sans', 'Helvetica Neue', Helvetica, Arial, sans-serif;font-size:14px;line-height:20px;background-color:#ffffff;\">Destornillador, 38 mm, cruz PH2<\/span><br \/><span style=\"color:#58595b;font-family:'PT Sans', 'Helvetica Neue', Helvetica, Arial, sans-serif;font-size:14px;line-height:20px;background-color:#ffffff;\">Destornillador, 150 mm, cruz PH3<\/span><br \/><span style=\"color:#58595b;font-family:'PT Sans', 'Helvetica Neue', Helvetica, Arial, sans-serif;font-size:14px;line-height:20px;background-color:#ffffff;\">Destornillador, 200 mm, cruz PH4<\/span><\/p>\n","protected":false},"featured_media":5539,"comment_status":"open","ping_status":"closed","template":"","meta":[],"product_cat":[492,529],"product_tag":[],"class_list":{"0":"post-5540","1":"product","2":"type-product","3":"status-publish","4":"has-post-thumbnail","6":"product_cat-equipo-de-talleres","7":"product_cat-carros","9":"first","10":"onbackorder","11":"shipping-taxable","12":"purchasable","13":"product-type-simple"},"yoast_head":"<!-- This site is optimized with the Yoast SEO plugin v22.7 - https:\/\/yoast.com\/wordpress\/plugins\/seo\/ -->\n<title>Bandeja para carro 2\/3: Juego de destornilladores, 12 piezas - Canarytools S.L.<\/title>\n<meta name=\"robots\" content=\"index, follow, max-snippet:-1, max-image-preview:large, max-video-preview:-1\" \/>\n<link rel=\"canonical\" href=\"https:\/\/mantenimientosinformaticos.net\/canarytools\/producto\/bandeja-para-carro-23-juego-de-destornilladores-12-piezas\/\" \/>\n<meta property=\"og:locale\" content=\"es_ES\" \/>\n<meta property=\"og:type\" content=\"article\" \/>\n<meta property=\"og:title\" content=\"Bandeja para carro 2\/3: Juego de destornilladores, 12 piezas - Canarytools S.L.\" \/>\n<meta property=\"og:description\" content=\"v\u00e1stago pasante con hex\u00e1gono exterior (con excepci\u00f3n de plano 3,0 mm y cruz PH0) con mango antideslizante de 2 componentes longitud sin mango y hex\u00e1gono Contenido de suministro: Destornillador, 75 mm, plano: 3,0 mmDestornillador, 75 mm, plano: 5,0 mmDestornillador, 38 mm, plano 6,0 mmDestornillador, 100 mm, plano 6,0 mmDestornillador, 150 mm, plano 8,0 mmDestornillador, 200 mm, plano 9,5 mmDestornillador, 75 mm, cruz PH0Destornillador, 75 mm, cruz PH1Destornillador, 100 mm, cruz PH2Destornillador, 38 mm, cruz PH2Destornillador, 150 mm, cruz PH3Destornillador, 200 mm, cruz PH4\" \/>\n<meta property=\"og:url\" content=\"https:\/\/mantenimientosinformaticos.net\/canarytools\/producto\/bandeja-para-carro-23-juego-de-destornilladores-12-piezas\/\" \/>\n<meta property=\"og:site_name\" content=\"Canarytools S.L.\" \/>\n<meta property=\"og:image\" content=\"https:\/\/mantenimientosinformaticos.net\/canarytools\/wp-content\/uploads\/2020\/05\/935-Bandeja-para-carro-23-Juego-de-destornilladores-12-piezas.jpg\" \/>\n\t<meta property=\"og:image:width\" content=\"440\" \/>\n\t<meta property=\"og:image:height\" content=\"476\" \/>\n\t<meta property=\"og:image:type\" content=\"image\/jpeg\" \/>\n<meta name=\"twitter:card\" content=\"summary_large_image\" \/>\n<script type=\"application\/ld+json\" class=\"yoast-schema-graph\">{\"@context\":\"https:\/\/schema.org\",\"@graph\":[{\"@type\":\"WebPage\",\"@id\":\"https:\/\/mantenimientosinformaticos.net\/canarytools\/producto\/bandeja-para-carro-23-juego-de-destornilladores-12-piezas\/\",\"url\":\"https:\/\/mantenimientosinformaticos.net\/canarytools\/producto\/bandeja-para-carro-23-juego-de-destornilladores-12-piezas\/\",\"name\":\"Bandeja para carro 2\/3: Juego de destornilladores, 12 piezas - Canarytools S.L.\",\"isPartOf\":{\"@id\":\"https:\/\/mantenimientosinformaticos.net\/canarytools\/#website\"},\"primaryImageOfPage\":{\"@id\":\"https:\/\/mantenimientosinformaticos.net\/canarytools\/producto\/bandeja-para-carro-23-juego-de-destornilladores-12-piezas\/#primaryimage\"},\"image\":{\"@id\":\"https:\/\/mantenimientosinformaticos.net\/canarytools\/producto\/bandeja-para-carro-23-juego-de-destornilladores-12-piezas\/#primaryimage\"},\"thumbnailUrl\":\"https:\/\/mantenimientosinformaticos.net\/canarytools\/wp-content\/uploads\/2020\/05\/935-Bandeja-para-carro-23-Juego-de-destornilladores-12-piezas.jpg\",\"datePublished\":\"2020-05-21T11:15:37+00:00\",\"dateModified\":\"2020-05-21T11:15:37+00:00\",\"breadcrumb\":{\"@id\":\"https:\/\/mantenimientosinformaticos.net\/canarytools\/producto\/bandeja-para-carro-23-juego-de-destornilladores-12-piezas\/#breadcrumb\"},\"inLanguage\":\"es\",\"potentialAction\":[{\"@type\":\"ReadAction\",\"target\":[\"https:\/\/mantenimientosinformaticos.net\/canarytools\/producto\/bandeja-para-carro-23-juego-de-destornilladores-12-piezas\/\"]}]},{\"@type\":\"ImageObject\",\"inLanguage\":\"es\",\"@id\":\"https:\/\/mantenimientosinformaticos.net\/canarytools\/producto\/bandeja-para-carro-23-juego-de-destornilladores-12-piezas\/#primaryimage\",\"url\":\"https:\/\/mantenimientosinformaticos.net\/canarytools\/wp-content\/uploads\/2020\/05\/935-Bandeja-para-carro-23-Juego-de-destornilladores-12-piezas.jpg\",\"contentUrl\":\"https:\/\/mantenimientosinformaticos.net\/canarytools\/wp-content\/uploads\/2020\/05\/935-Bandeja-para-carro-23-Juego-de-destornilladores-12-piezas.jpg\",\"width\":440,\"height\":476,\"caption\":\"Bandeja para carro 2\/3: Juego de destornilladores, 12 piezas\"},{\"@type\":\"BreadcrumbList\",\"@id\":\"https:\/\/mantenimientosinformaticos.net\/canarytools\/producto\/bandeja-para-carro-23-juego-de-destornilladores-12-piezas\/#breadcrumb\",\"itemListElement\":[{\"@type\":\"ListItem\",\"position\":1,\"name\":\"Portada\",\"item\":\"https:\/\/mantenimientosinformaticos.net\/canarytools\/\"},{\"@type\":\"ListItem\",\"position\":2,\"name\":\"Tienda\",\"item\":\"https:\/\/mantenimientosinformaticos.net\/canarytools\/tienda\/\"},{\"@type\":\"ListItem\",\"position\":3,\"name\":\"Bandeja para carro 2\/3: Juego de destornilladores, 12 piezas\"}]},{\"@type\":\"WebSite\",\"@id\":\"https:\/\/mantenimientosinformaticos.net\/canarytools\/#website\",\"url\":\"https:\/\/mantenimientosinformaticos.net\/canarytools\/\",\"name\":\"Canarytools S.L.\",\"description\":\"Herramientas y M\u00e1quinas\",\"publisher\":{\"@id\":\"https:\/\/mantenimientosinformaticos.net\/canarytools\/#\/schema\/person\/355e32754b03bb24b681f1b6917e49bf\"},\"potentialAction\":[{\"@type\":\"SearchAction\",\"target\":{\"@type\":\"EntryPoint\",\"urlTemplate\":\"https:\/\/mantenimientosinformaticos.net\/canarytools\/?s={search_term_string}\"},\"query-input\":\"required name=search_term_string\"}],\"inLanguage\":\"es\"},{\"@type\":[\"Person\",\"Organization\"],\"@id\":\"https:\/\/mantenimientosinformaticos.net\/canarytools\/#\/schema\/person\/355e32754b03bb24b681f1b6917e49bf\",\"name\":\"canarytools.xnetdigital\",\"image\":{\"@type\":\"ImageObject\",\"inLanguage\":\"es\",\"@id\":\"https:\/\/mantenimientosinformaticos.net\/canarytools\/#\/schema\/person\/image\/\",\"url\":\"https:\/\/mantenimientosinformaticos.net\/canarytools\/wp-content\/uploads\/2023\/12\/canary-tools-logo.png\",\"contentUrl\":\"https:\/\/mantenimientosinformaticos.net\/canarytools\/wp-content\/uploads\/2023\/12\/canary-tools-logo.png\",\"width\":1302,\"height\":440,\"caption\":\"canarytools.xnetdigital\"},\"logo\":{\"@id\":\"https:\/\/mantenimientosinformaticos.net\/canarytools\/#\/schema\/person\/image\/\"},\"sameAs\":[\"https:\/\/mantenimientosinformaticos.net\/canarytools\"]}]}<\/script>\n<!-- \/ Yoast SEO plugin. -->","yoast_head_json":{"title":"Bandeja para carro 2\/3: Juego de destornilladores, 12 piezas - Canarytools S.L.","robots":{"index":"index","follow":"follow","max-snippet":"max-snippet:-1","max-image-preview":"max-image-preview:large","max-video-preview":"max-video-preview:-1"},"canonical":"https:\/\/mantenimientosinformaticos.net\/canarytools\/producto\/bandeja-para-carro-23-juego-de-destornilladores-12-piezas\/","og_locale":"es_ES","og_type":"article","og_title":"Bandeja para carro 2\/3: Juego de destornilladores, 12 piezas - Canarytools S.L.","og_description":"v\u00e1stago pasante con hex\u00e1gono exterior (con excepci\u00f3n de plano 3,0 mm y cruz PH0) con mango antideslizante de 2 componentes longitud sin mango y hex\u00e1gono Contenido de suministro: Destornillador, 75 mm, plano: 3,0 mmDestornillador, 75 mm, plano: 5,0 mmDestornillador, 38 mm, plano 6,0 mmDestornillador, 100 mm, plano 6,0 mmDestornillador, 150 mm, plano 8,0 mmDestornillador, 200 mm, plano 9,5 mmDestornillador, 75 mm, cruz PH0Destornillador, 75 mm, cruz PH1Destornillador, 100 mm, cruz PH2Destornillador, 38 mm, cruz PH2Destornillador, 150 mm, cruz PH3Destornillador, 200 mm, cruz PH4","og_url":"https:\/\/mantenimientosinformaticos.net\/canarytools\/producto\/bandeja-para-carro-23-juego-de-destornilladores-12-piezas\/","og_site_name":"Canarytools S.L.","og_image":[{"width":440,"height":476,"url":"https:\/\/mantenimientosinformaticos.net\/canarytools\/wp-content\/uploads\/2020\/05\/935-Bandeja-para-carro-23-Juego-de-destornilladores-12-piezas.jpg","type":"image\/jpeg"}],"twitter_card":"summary_large_image","schema":{"@context":"https:\/\/schema.org","@graph":[{"@type":"WebPage","@id":"https:\/\/mantenimientosinformaticos.net\/canarytools\/producto\/bandeja-para-carro-23-juego-de-destornilladores-12-piezas\/","url":"https:\/\/mantenimientosinformaticos.net\/canarytools\/producto\/bandeja-para-carro-23-juego-de-destornilladores-12-piezas\/","name":"Bandeja para carro 2\/3: Juego de destornilladores, 12 piezas - Canarytools S.L.","isPartOf":{"@id":"https:\/\/mantenimientosinformaticos.net\/canarytools\/#website"},"primaryImageOfPage":{"@id":"https:\/\/mantenimientosinformaticos.net\/canarytools\/producto\/bandeja-para-carro-23-juego-de-destornilladores-12-piezas\/#primaryimage"},"image":{"@id":"https:\/\/mantenimientosinformaticos.net\/canarytools\/producto\/bandeja-para-carro-23-juego-de-destornilladores-12-piezas\/#primaryimage"},"thumbnailUrl":"https:\/\/mantenimientosinformaticos.net\/canarytools\/wp-content\/uploads\/2020\/05\/935-Bandeja-para-carro-23-Juego-de-destornilladores-12-piezas.jpg","datePublished":"2020-05-21T11:15:37+00:00","dateModified":"2020-05-21T11:15:37+00:00","breadcrumb":{"@id":"https:\/\/mantenimientosinformaticos.net\/canarytools\/producto\/bandeja-para-carro-23-juego-de-destornilladores-12-piezas\/#breadcrumb"},"inLanguage":"es","potentialAction":[{"@type":"ReadAction","target":["https:\/\/mantenimientosinformaticos.net\/canarytools\/producto\/bandeja-para-carro-23-juego-de-destornilladores-12-piezas\/"]}]},{"@type":"ImageObject","inLanguage":"es","@id":"https:\/\/mantenimientosinformaticos.net\/canarytools\/producto\/bandeja-para-carro-23-juego-de-destornilladores-12-piezas\/#primaryimage","url":"https:\/\/mantenimientosinformaticos.net\/canarytools\/wp-content\/uploads\/2020\/05\/935-Bandeja-para-carro-23-Juego-de-destornilladores-12-piezas.jpg","contentUrl":"https:\/\/mantenimientosinformaticos.net\/canarytools\/wp-content\/uploads\/2020\/05\/935-Bandeja-para-carro-23-Juego-de-destornilladores-12-piezas.jpg","width":440,"height":476,"caption":"Bandeja para carro 2\/3: Juego de destornilladores, 12 piezas"},{"@type":"BreadcrumbList","@id":"https:\/\/mantenimientosinformaticos.net\/canarytools\/producto\/bandeja-para-carro-23-juego-de-destornilladores-12-piezas\/#breadcrumb","itemListElement":[{"@type":"ListItem","position":1,"name":"Portada","item":"https:\/\/mantenimientosinformaticos.net\/canarytools\/"},{"@type":"ListItem","position":2,"name":"Tienda","item":"https:\/\/mantenimientosinformaticos.net\/canarytools\/tienda\/"},{"@type":"ListItem","position":3,"name":"Bandeja para carro 2\/3: Juego de destornilladores, 12 piezas"}]},{"@type":"WebSite","@id":"https:\/\/mantenimientosinformaticos.net\/canarytools\/#website","url":"https:\/\/mantenimientosinformaticos.net\/canarytools\/","name":"Canarytools S.L.","description":"Herramientas y M\u00e1quinas","publisher":{"@id":"https:\/\/mantenimientosinformaticos.net\/canarytools\/#\/schema\/person\/355e32754b03bb24b681f1b6917e49bf"},"potentialAction":[{"@type":"SearchAction","target":{"@type":"EntryPoint","urlTemplate":"https:\/\/mantenimientosinformaticos.net\/canarytools\/?s={search_term_string}"},"query-input":"required name=search_term_string"}],"inLanguage":"es"},{"@type":["Person","Organization"],"@id":"https:\/\/mantenimientosinformaticos.net\/canarytools\/#\/schema\/person\/355e32754b03bb24b681f1b6917e49bf","name":"canarytools.xnetdigital","image":{"@type":"ImageObject","inLanguage":"es","@id":"https:\/\/mantenimientosinformaticos.net\/canarytools\/#\/schema\/person\/image\/","url":"https:\/\/mantenimientosinformaticos.net\/canarytools\/wp-content\/uploads\/2023\/12\/canary-tools-logo.png","contentUrl":"https:\/\/mantenimientosinformaticos.net\/canarytools\/wp-content\/uploads\/2023\/12\/canary-tools-logo.png","width":1302,"height":440,"caption":"canarytools.xnetdigital"},"logo":{"@id":"https:\/\/mantenimientosinformaticos.net\/canarytools\/#\/schema\/person\/image\/"},"sameAs":["https:\/\/mantenimientosinformaticos.net\/canarytools"]}]}},"_links":{"self":[{"href":"https:\/\/mantenimientosinformaticos.net\/canarytools\/wp-json\/wp\/v2\/product\/5540","targetHints":{"allow":["GET"]}}],"collection":[{"href":"https:\/\/mantenimientosinformaticos.net\/canarytools\/wp-json\/wp\/v2\/product"}],"about":[{"href":"https:\/\/mantenimientosinformaticos.net\/canarytools\/wp-json\/wp\/v2\/types\/product"}],"replies":[{"embeddable":true,"href":"https:\/\/mantenimientosinformaticos.net\/canarytools\/wp-json\/wp\/v2\/comments?post=5540"}],"wp:featuredmedia":[{"embeddable":true,"href":"https:\/\/mantenimientosinformaticos.net\/canarytools\/wp-json\/wp\/v2\/media\/5539"}],"wp:attachment":[{"href":"https:\/\/mantenimientosinformaticos.net\/canarytools\/wp-json\/wp\/v2\/media?parent=5540"}],"wp:term":[{"taxonomy":"product_cat","embeddable":true,"href":"https:\/\/mantenimientosinformaticos.net\/canarytools\/wp-json\/wp\/v2\/product_cat?post=5540"},{"taxonomy":"product_tag","embeddable":true,"href":"https:\/\/mantenimientosinformaticos.net\/canarytools\/wp-json\/wp\/v2\/product_tag?post=5540"}],"curies":[{"name":"wp","href":"https:\/\/api.w.org\/{rel}","templated":true}]}}