{"id":5534,"date":"2020-05-21T12:53:05","date_gmt":"2020-05-21T10:53:05","guid":{"rendered":"https:\/\/mantenimientosinformaticos.net\/canarytools\/producto\/carro-de-herramientas-3\/"},"modified":"2020-05-21T12:53:05","modified_gmt":"2020-05-21T10:53:05","slug":"carro-de-herramientas-3","status":"publish","type":"product","link":"https:\/\/mantenimientosinformaticos.net\/canarytools\/producto\/carro-de-herramientas-3\/","title":{"rendered":"REF.:KW-130 E       Carro de herramientas"},"content":{"rendered":"","protected":false},"excerpt":{"rendered":"<p>Revestimiento resistencia a las ralladuras y ara\u00f1azos<\/p>\n<p style=\"margin-bottom:0cm;\">Con protectores de goma en toda su altura para proveer protecci\u00f3n contra choques<\/p>\n<p style=\"margin-bottom:0cm;\">Con un panel lateral perforado para colgar herramientas<\/p>\n<\/p>\n<p style=\"margin-bottom:0cm;\">Con bandeja superior ergon\u00f3mica de inyecci\u00f3n para almacenar piezas y con 125 kg de capacidad de carga<\/p>\n","protected":false},"featured_media":5533,"comment_status":"open","ping_status":"closed","template":"","meta":[],"product_cat":[492,529],"product_tag":[],"class_list":{"0":"post-5534","1":"product","2":"type-product","3":"status-publish","4":"has-post-thumbnail","6":"product_cat-equipo-de-talleres","7":"product_cat-carros","9":"first","10":"outofstock","11":"shipping-taxable","12":"purchasable","13":"product-type-simple"},"yoast_head":"<!-- This site is optimized with the Yoast SEO plugin v22.7 - https:\/\/yoast.com\/wordpress\/plugins\/seo\/ -->\n<title>REF.:KW-130 E    Carro de herramientas - Canarytools S.L.<\/title>\n<meta name=\"robots\" content=\"index, follow, max-snippet:-1, max-image-preview:large, max-video-preview:-1\" \/>\n<link rel=\"canonical\" href=\"https:\/\/mantenimientosinformaticos.net\/canarytools\/producto\/carro-de-herramientas-3\/\" \/>\n<meta property=\"og:locale\" content=\"es_ES\" \/>\n<meta property=\"og:type\" content=\"article\" \/>\n<meta property=\"og:title\" content=\"REF.:KW-130 E    Carro de herramientas - Canarytools S.L.\" \/>\n<meta property=\"og:description\" content=\"Revestimiento resistencia a las ralladuras y ara\u00f1azos Con protectores de goma en toda su altura para proveer protecci\u00f3n contra choques Con un panel lateral perforado para colgar herramientas Con bandeja superior ergon\u00f3mica de inyecci\u00f3n para almacenar piezas y con 125 kg de capacidad de carga\" \/>\n<meta property=\"og:url\" content=\"https:\/\/mantenimientosinformaticos.net\/canarytools\/producto\/carro-de-herramientas-3\/\" \/>\n<meta property=\"og:site_name\" content=\"Canarytools S.L.\" \/>\n<meta property=\"og:image\" content=\"https:\/\/mantenimientosinformaticos.net\/canarytools\/wp-content\/uploads\/2020\/05\/932-REF.KW-130-E-Carro-de-herramientas.jpg\" \/>\n\t<meta property=\"og:image:width\" content=\"1710\" \/>\n\t<meta property=\"og:image:height\" content=\"1421\" \/>\n\t<meta property=\"og:image:type\" content=\"image\/jpeg\" \/>\n<meta name=\"twitter:card\" content=\"summary_large_image\" \/>\n<script type=\"application\/ld+json\" class=\"yoast-schema-graph\">{\"@context\":\"https:\/\/schema.org\",\"@graph\":[{\"@type\":\"WebPage\",\"@id\":\"https:\/\/mantenimientosinformaticos.net\/canarytools\/producto\/carro-de-herramientas-3\/\",\"url\":\"https:\/\/mantenimientosinformaticos.net\/canarytools\/producto\/carro-de-herramientas-3\/\",\"name\":\"REF.:KW-130 E Carro de herramientas - Canarytools S.L.\",\"isPartOf\":{\"@id\":\"https:\/\/mantenimientosinformaticos.net\/canarytools\/#website\"},\"primaryImageOfPage\":{\"@id\":\"https:\/\/mantenimientosinformaticos.net\/canarytools\/producto\/carro-de-herramientas-3\/#primaryimage\"},\"image\":{\"@id\":\"https:\/\/mantenimientosinformaticos.net\/canarytools\/producto\/carro-de-herramientas-3\/#primaryimage\"},\"thumbnailUrl\":\"https:\/\/mantenimientosinformaticos.net\/canarytools\/wp-content\/uploads\/2020\/05\/932-REF.KW-130-E-Carro-de-herramientas.jpg\",\"datePublished\":\"2020-05-21T10:53:05+00:00\",\"dateModified\":\"2020-05-21T10:53:05+00:00\",\"breadcrumb\":{\"@id\":\"https:\/\/mantenimientosinformaticos.net\/canarytools\/producto\/carro-de-herramientas-3\/#breadcrumb\"},\"inLanguage\":\"es\",\"potentialAction\":[{\"@type\":\"ReadAction\",\"target\":[\"https:\/\/mantenimientosinformaticos.net\/canarytools\/producto\/carro-de-herramientas-3\/\"]}]},{\"@type\":\"ImageObject\",\"inLanguage\":\"es\",\"@id\":\"https:\/\/mantenimientosinformaticos.net\/canarytools\/producto\/carro-de-herramientas-3\/#primaryimage\",\"url\":\"https:\/\/mantenimientosinformaticos.net\/canarytools\/wp-content\/uploads\/2020\/05\/932-REF.KW-130-E-Carro-de-herramientas.jpg\",\"contentUrl\":\"https:\/\/mantenimientosinformaticos.net\/canarytools\/wp-content\/uploads\/2020\/05\/932-REF.KW-130-E-Carro-de-herramientas.jpg\",\"width\":1710,\"height\":1421,\"caption\":\"REF.:KW-130 E Carro de herramientas\"},{\"@type\":\"BreadcrumbList\",\"@id\":\"https:\/\/mantenimientosinformaticos.net\/canarytools\/producto\/carro-de-herramientas-3\/#breadcrumb\",\"itemListElement\":[{\"@type\":\"ListItem\",\"position\":1,\"name\":\"Portada\",\"item\":\"https:\/\/mantenimientosinformaticos.net\/canarytools\/\"},{\"@type\":\"ListItem\",\"position\":2,\"name\":\"Tienda\",\"item\":\"https:\/\/mantenimientosinformaticos.net\/canarytools\/tienda\/\"},{\"@type\":\"ListItem\",\"position\":3,\"name\":\"REF.:KW-130 E Carro de herramientas\"}]},{\"@type\":\"WebSite\",\"@id\":\"https:\/\/mantenimientosinformaticos.net\/canarytools\/#website\",\"url\":\"https:\/\/mantenimientosinformaticos.net\/canarytools\/\",\"name\":\"Canarytools S.L.\",\"description\":\"Herramientas y M\u00e1quinas\",\"publisher\":{\"@id\":\"https:\/\/mantenimientosinformaticos.net\/canarytools\/#\/schema\/person\/355e32754b03bb24b681f1b6917e49bf\"},\"potentialAction\":[{\"@type\":\"SearchAction\",\"target\":{\"@type\":\"EntryPoint\",\"urlTemplate\":\"https:\/\/mantenimientosinformaticos.net\/canarytools\/?s={search_term_string}\"},\"query-input\":\"required name=search_term_string\"}],\"inLanguage\":\"es\"},{\"@type\":[\"Person\",\"Organization\"],\"@id\":\"https:\/\/mantenimientosinformaticos.net\/canarytools\/#\/schema\/person\/355e32754b03bb24b681f1b6917e49bf\",\"name\":\"canarytools.xnetdigital\",\"image\":{\"@type\":\"ImageObject\",\"inLanguage\":\"es\",\"@id\":\"https:\/\/mantenimientosinformaticos.net\/canarytools\/#\/schema\/person\/image\/\",\"url\":\"https:\/\/mantenimientosinformaticos.net\/canarytools\/wp-content\/uploads\/2023\/12\/canary-tools-logo.png\",\"contentUrl\":\"https:\/\/mantenimientosinformaticos.net\/canarytools\/wp-content\/uploads\/2023\/12\/canary-tools-logo.png\",\"width\":1302,\"height\":440,\"caption\":\"canarytools.xnetdigital\"},\"logo\":{\"@id\":\"https:\/\/mantenimientosinformaticos.net\/canarytools\/#\/schema\/person\/image\/\"},\"sameAs\":[\"https:\/\/mantenimientosinformaticos.net\/canarytools\"]}]}<\/script>\n<!-- \/ Yoast SEO plugin. -->","yoast_head_json":{"title":"REF.:KW-130 E    Carro de herramientas - Canarytools S.L.","robots":{"index":"index","follow":"follow","max-snippet":"max-snippet:-1","max-image-preview":"max-image-preview:large","max-video-preview":"max-video-preview:-1"},"canonical":"https:\/\/mantenimientosinformaticos.net\/canarytools\/producto\/carro-de-herramientas-3\/","og_locale":"es_ES","og_type":"article","og_title":"REF.:KW-130 E    Carro de herramientas - Canarytools S.L.","og_description":"Revestimiento resistencia a las ralladuras y ara\u00f1azos Con protectores de goma en toda su altura para proveer protecci\u00f3n contra choques Con un panel lateral perforado para colgar herramientas Con bandeja superior ergon\u00f3mica de inyecci\u00f3n para almacenar piezas y con 125 kg de capacidad de carga","og_url":"https:\/\/mantenimientosinformaticos.net\/canarytools\/producto\/carro-de-herramientas-3\/","og_site_name":"Canarytools S.L.","og_image":[{"width":1710,"height":1421,"url":"https:\/\/mantenimientosinformaticos.net\/canarytools\/wp-content\/uploads\/2020\/05\/932-REF.KW-130-E-Carro-de-herramientas.jpg","type":"image\/jpeg"}],"twitter_card":"summary_large_image","schema":{"@context":"https:\/\/schema.org","@graph":[{"@type":"WebPage","@id":"https:\/\/mantenimientosinformaticos.net\/canarytools\/producto\/carro-de-herramientas-3\/","url":"https:\/\/mantenimientosinformaticos.net\/canarytools\/producto\/carro-de-herramientas-3\/","name":"REF.:KW-130 E Carro de herramientas - Canarytools S.L.","isPartOf":{"@id":"https:\/\/mantenimientosinformaticos.net\/canarytools\/#website"},"primaryImageOfPage":{"@id":"https:\/\/mantenimientosinformaticos.net\/canarytools\/producto\/carro-de-herramientas-3\/#primaryimage"},"image":{"@id":"https:\/\/mantenimientosinformaticos.net\/canarytools\/producto\/carro-de-herramientas-3\/#primaryimage"},"thumbnailUrl":"https:\/\/mantenimientosinformaticos.net\/canarytools\/wp-content\/uploads\/2020\/05\/932-REF.KW-130-E-Carro-de-herramientas.jpg","datePublished":"2020-05-21T10:53:05+00:00","dateModified":"2020-05-21T10:53:05+00:00","breadcrumb":{"@id":"https:\/\/mantenimientosinformaticos.net\/canarytools\/producto\/carro-de-herramientas-3\/#breadcrumb"},"inLanguage":"es","potentialAction":[{"@type":"ReadAction","target":["https:\/\/mantenimientosinformaticos.net\/canarytools\/producto\/carro-de-herramientas-3\/"]}]},{"@type":"ImageObject","inLanguage":"es","@id":"https:\/\/mantenimientosinformaticos.net\/canarytools\/producto\/carro-de-herramientas-3\/#primaryimage","url":"https:\/\/mantenimientosinformaticos.net\/canarytools\/wp-content\/uploads\/2020\/05\/932-REF.KW-130-E-Carro-de-herramientas.jpg","contentUrl":"https:\/\/mantenimientosinformaticos.net\/canarytools\/wp-content\/uploads\/2020\/05\/932-REF.KW-130-E-Carro-de-herramientas.jpg","width":1710,"height":1421,"caption":"REF.:KW-130 E Carro de herramientas"},{"@type":"BreadcrumbList","@id":"https:\/\/mantenimientosinformaticos.net\/canarytools\/producto\/carro-de-herramientas-3\/#breadcrumb","itemListElement":[{"@type":"ListItem","position":1,"name":"Portada","item":"https:\/\/mantenimientosinformaticos.net\/canarytools\/"},{"@type":"ListItem","position":2,"name":"Tienda","item":"https:\/\/mantenimientosinformaticos.net\/canarytools\/tienda\/"},{"@type":"ListItem","position":3,"name":"REF.:KW-130 E Carro de herramientas"}]},{"@type":"WebSite","@id":"https:\/\/mantenimientosinformaticos.net\/canarytools\/#website","url":"https:\/\/mantenimientosinformaticos.net\/canarytools\/","name":"Canarytools S.L.","description":"Herramientas y M\u00e1quinas","publisher":{"@id":"https:\/\/mantenimientosinformaticos.net\/canarytools\/#\/schema\/person\/355e32754b03bb24b681f1b6917e49bf"},"potentialAction":[{"@type":"SearchAction","target":{"@type":"EntryPoint","urlTemplate":"https:\/\/mantenimientosinformaticos.net\/canarytools\/?s={search_term_string}"},"query-input":"required name=search_term_string"}],"inLanguage":"es"},{"@type":["Person","Organization"],"@id":"https:\/\/mantenimientosinformaticos.net\/canarytools\/#\/schema\/person\/355e32754b03bb24b681f1b6917e49bf","name":"canarytools.xnetdigital","image":{"@type":"ImageObject","inLanguage":"es","@id":"https:\/\/mantenimientosinformaticos.net\/canarytools\/#\/schema\/person\/image\/","url":"https:\/\/mantenimientosinformaticos.net\/canarytools\/wp-content\/uploads\/2023\/12\/canary-tools-logo.png","contentUrl":"https:\/\/mantenimientosinformaticos.net\/canarytools\/wp-content\/uploads\/2023\/12\/canary-tools-logo.png","width":1302,"height":440,"caption":"canarytools.xnetdigital"},"logo":{"@id":"https:\/\/mantenimientosinformaticos.net\/canarytools\/#\/schema\/person\/image\/"},"sameAs":["https:\/\/mantenimientosinformaticos.net\/canarytools"]}]}},"_links":{"self":[{"href":"https:\/\/mantenimientosinformaticos.net\/canarytools\/wp-json\/wp\/v2\/product\/5534","targetHints":{"allow":["GET"]}}],"collection":[{"href":"https:\/\/mantenimientosinformaticos.net\/canarytools\/wp-json\/wp\/v2\/product"}],"about":[{"href":"https:\/\/mantenimientosinformaticos.net\/canarytools\/wp-json\/wp\/v2\/types\/product"}],"replies":[{"embeddable":true,"href":"https:\/\/mantenimientosinformaticos.net\/canarytools\/wp-json\/wp\/v2\/comments?post=5534"}],"wp:featuredmedia":[{"embeddable":true,"href":"https:\/\/mantenimientosinformaticos.net\/canarytools\/wp-json\/wp\/v2\/media\/5533"}],"wp:attachment":[{"href":"https:\/\/mantenimientosinformaticos.net\/canarytools\/wp-json\/wp\/v2\/media?parent=5534"}],"wp:term":[{"taxonomy":"product_cat","embeddable":true,"href":"https:\/\/mantenimientosinformaticos.net\/canarytools\/wp-json\/wp\/v2\/product_cat?post=5534"},{"taxonomy":"product_tag","embeddable":true,"href":"https:\/\/mantenimientosinformaticos.net\/canarytools\/wp-json\/wp\/v2\/product_tag?post=5534"}],"curies":[{"name":"wp","href":"https:\/\/api.w.org\/{rel}","templated":true}]}}