{"id":5382,"date":"2020-05-18T17:22:17","date_gmt":"2020-05-18T15:22:17","guid":{"rendered":"https:\/\/mantenimientosinformaticos.net\/canarytools\/producto\/enchufe-rapido-de-seguridad-eco-macho-12-gas\/"},"modified":"2020-05-18T17:22:17","modified_gmt":"2020-05-18T15:22:17","slug":"enchufe-rapido-de-seguridad-eco-macho-12-gas","status":"publish","type":"product","link":"https:\/\/mantenimientosinformaticos.net\/canarytools\/producto\/enchufe-rapido-de-seguridad-eco-macho-12-gas\/","title":{"rendered":"REF.:S 1142    Enchufe r\u00e1pido de seguridad ECO macho 1\/2 gas"},"content":{"rendered":"<p>Denominaci\u00f3n macho 1\/2 gas<br \/> Hex 22<br \/> L 58<br \/>Peso 97<\/p><\/p>\n","protected":false},"excerpt":{"rendered":"<p>Enchufe r\u00e1pido de Seguridad ECO<br \/> Paso 1\/4 DN6 Perfil ISO 6150 B12 Rosca Gas BSP, NPT y m\u00e9trica<\/p>\n<p>Material: Acero<br \/> Tapa: Composite gris<br \/> V\u00e1lvula: POM<br \/> Junta est\u00e1ndar: NBR <br \/> Muelles: INOX<\/p><\/p>\n","protected":false},"featured_media":5381,"comment_status":"open","ping_status":"closed","template":"","meta":[],"product_cat":[623,492,546],"product_tag":[],"class_list":{"0":"post-5382","1":"product","2":"type-product","3":"status-publish","4":"has-post-thumbnail","6":"product_cat-enchufe-rapido-y-manguera","7":"product_cat-equipo-de-talleres","8":"product_cat-aire-comprimido","10":"first","11":"instock","12":"shipping-taxable","13":"purchasable","14":"product-type-simple"},"yoast_head":"<!-- This site is optimized with the Yoast SEO plugin v22.7 - https:\/\/yoast.com\/wordpress\/plugins\/seo\/ -->\n<title>REF.:S 1142  Enchufe r\u00e1pido de seguridad ECO macho 1\/2 gas - Canarytools S.L.<\/title>\n<meta name=\"robots\" content=\"index, follow, max-snippet:-1, max-image-preview:large, max-video-preview:-1\" \/>\n<link rel=\"canonical\" href=\"https:\/\/mantenimientosinformaticos.net\/canarytools\/producto\/enchufe-rapido-de-seguridad-eco-macho-12-gas\/\" \/>\n<meta property=\"og:locale\" content=\"es_ES\" \/>\n<meta property=\"og:type\" content=\"article\" \/>\n<meta property=\"og:title\" content=\"REF.:S 1142  Enchufe r\u00e1pido de seguridad ECO macho 1\/2 gas - Canarytools S.L.\" \/>\n<meta property=\"og:description\" content=\"Enchufe r\u00e1pido de Seguridad ECO Paso 1\/4 DN6 Perfil ISO 6150 B12 Rosca Gas BSP, NPT y m\u00e9tricaMaterial: Acero Tapa: Composite gris V\u00e1lvula: POM Junta est\u00e1ndar: NBR Muelles: INOX\" \/>\n<meta property=\"og:url\" content=\"https:\/\/mantenimientosinformaticos.net\/canarytools\/producto\/enchufe-rapido-de-seguridad-eco-macho-12-gas\/\" \/>\n<meta property=\"og:site_name\" content=\"Canarytools S.L.\" \/>\n<meta property=\"og:image\" content=\"https:\/\/mantenimientosinformaticos.net\/canarytools\/wp-content\/uploads\/2020\/05\/851-REF.S-1142-Enchufe-rapido-de-seguridad-ECO-macho-12-gas.jpg\" \/>\n\t<meta property=\"og:image:width\" content=\"350\" \/>\n\t<meta property=\"og:image:height\" content=\"202\" \/>\n\t<meta property=\"og:image:type\" content=\"image\/jpeg\" \/>\n<meta name=\"twitter:card\" content=\"summary_large_image\" \/>\n<script type=\"application\/ld+json\" class=\"yoast-schema-graph\">{\"@context\":\"https:\/\/schema.org\",\"@graph\":[{\"@type\":\"WebPage\",\"@id\":\"https:\/\/mantenimientosinformaticos.net\/canarytools\/producto\/enchufe-rapido-de-seguridad-eco-macho-12-gas\/\",\"url\":\"https:\/\/mantenimientosinformaticos.net\/canarytools\/producto\/enchufe-rapido-de-seguridad-eco-macho-12-gas\/\",\"name\":\"REF.:S 1142 Enchufe r\u00e1pido de seguridad ECO macho 1\/2 gas - Canarytools S.L.\",\"isPartOf\":{\"@id\":\"https:\/\/mantenimientosinformaticos.net\/canarytools\/#website\"},\"primaryImageOfPage\":{\"@id\":\"https:\/\/mantenimientosinformaticos.net\/canarytools\/producto\/enchufe-rapido-de-seguridad-eco-macho-12-gas\/#primaryimage\"},\"image\":{\"@id\":\"https:\/\/mantenimientosinformaticos.net\/canarytools\/producto\/enchufe-rapido-de-seguridad-eco-macho-12-gas\/#primaryimage\"},\"thumbnailUrl\":\"https:\/\/mantenimientosinformaticos.net\/canarytools\/wp-content\/uploads\/2020\/05\/851-REF.S-1142-Enchufe-rapido-de-seguridad-ECO-macho-12-gas.jpg\",\"datePublished\":\"2020-05-18T15:22:17+00:00\",\"dateModified\":\"2020-05-18T15:22:17+00:00\",\"breadcrumb\":{\"@id\":\"https:\/\/mantenimientosinformaticos.net\/canarytools\/producto\/enchufe-rapido-de-seguridad-eco-macho-12-gas\/#breadcrumb\"},\"inLanguage\":\"es\",\"potentialAction\":[{\"@type\":\"ReadAction\",\"target\":[\"https:\/\/mantenimientosinformaticos.net\/canarytools\/producto\/enchufe-rapido-de-seguridad-eco-macho-12-gas\/\"]}]},{\"@type\":\"ImageObject\",\"inLanguage\":\"es\",\"@id\":\"https:\/\/mantenimientosinformaticos.net\/canarytools\/producto\/enchufe-rapido-de-seguridad-eco-macho-12-gas\/#primaryimage\",\"url\":\"https:\/\/mantenimientosinformaticos.net\/canarytools\/wp-content\/uploads\/2020\/05\/851-REF.S-1142-Enchufe-rapido-de-seguridad-ECO-macho-12-gas.jpg\",\"contentUrl\":\"https:\/\/mantenimientosinformaticos.net\/canarytools\/wp-content\/uploads\/2020\/05\/851-REF.S-1142-Enchufe-rapido-de-seguridad-ECO-macho-12-gas.jpg\",\"width\":350,\"height\":202,\"caption\":\"REF.:S 1142 Enchufe r\u00e1pido de seguridad ECO macho 1\/2 gas\"},{\"@type\":\"BreadcrumbList\",\"@id\":\"https:\/\/mantenimientosinformaticos.net\/canarytools\/producto\/enchufe-rapido-de-seguridad-eco-macho-12-gas\/#breadcrumb\",\"itemListElement\":[{\"@type\":\"ListItem\",\"position\":1,\"name\":\"Portada\",\"item\":\"https:\/\/mantenimientosinformaticos.net\/canarytools\/\"},{\"@type\":\"ListItem\",\"position\":2,\"name\":\"Tienda\",\"item\":\"https:\/\/mantenimientosinformaticos.net\/canarytools\/tienda\/\"},{\"@type\":\"ListItem\",\"position\":3,\"name\":\"REF.:S 1142 Enchufe r\u00e1pido de seguridad ECO macho 1\/2 gas\"}]},{\"@type\":\"WebSite\",\"@id\":\"https:\/\/mantenimientosinformaticos.net\/canarytools\/#website\",\"url\":\"https:\/\/mantenimientosinformaticos.net\/canarytools\/\",\"name\":\"Canarytools S.L.\",\"description\":\"Herramientas y M\u00e1quinas\",\"publisher\":{\"@id\":\"https:\/\/mantenimientosinformaticos.net\/canarytools\/#\/schema\/person\/355e32754b03bb24b681f1b6917e49bf\"},\"potentialAction\":[{\"@type\":\"SearchAction\",\"target\":{\"@type\":\"EntryPoint\",\"urlTemplate\":\"https:\/\/mantenimientosinformaticos.net\/canarytools\/?s={search_term_string}\"},\"query-input\":\"required name=search_term_string\"}],\"inLanguage\":\"es\"},{\"@type\":[\"Person\",\"Organization\"],\"@id\":\"https:\/\/mantenimientosinformaticos.net\/canarytools\/#\/schema\/person\/355e32754b03bb24b681f1b6917e49bf\",\"name\":\"canarytools.xnetdigital\",\"image\":{\"@type\":\"ImageObject\",\"inLanguage\":\"es\",\"@id\":\"https:\/\/mantenimientosinformaticos.net\/canarytools\/#\/schema\/person\/image\/\",\"url\":\"https:\/\/mantenimientosinformaticos.net\/canarytools\/wp-content\/uploads\/2023\/12\/canary-tools-logo.png\",\"contentUrl\":\"https:\/\/mantenimientosinformaticos.net\/canarytools\/wp-content\/uploads\/2023\/12\/canary-tools-logo.png\",\"width\":1302,\"height\":440,\"caption\":\"canarytools.xnetdigital\"},\"logo\":{\"@id\":\"https:\/\/mantenimientosinformaticos.net\/canarytools\/#\/schema\/person\/image\/\"},\"sameAs\":[\"https:\/\/mantenimientosinformaticos.net\/canarytools\"]}]}<\/script>\n<!-- \/ Yoast SEO plugin. -->","yoast_head_json":{"title":"REF.:S 1142  Enchufe r\u00e1pido de seguridad ECO macho 1\/2 gas - Canarytools S.L.","robots":{"index":"index","follow":"follow","max-snippet":"max-snippet:-1","max-image-preview":"max-image-preview:large","max-video-preview":"max-video-preview:-1"},"canonical":"https:\/\/mantenimientosinformaticos.net\/canarytools\/producto\/enchufe-rapido-de-seguridad-eco-macho-12-gas\/","og_locale":"es_ES","og_type":"article","og_title":"REF.:S 1142  Enchufe r\u00e1pido de seguridad ECO macho 1\/2 gas - Canarytools S.L.","og_description":"Enchufe r\u00e1pido de Seguridad ECO Paso 1\/4 DN6 Perfil ISO 6150 B12 Rosca Gas BSP, NPT y m\u00e9tricaMaterial: Acero Tapa: Composite gris V\u00e1lvula: POM Junta est\u00e1ndar: NBR Muelles: INOX","og_url":"https:\/\/mantenimientosinformaticos.net\/canarytools\/producto\/enchufe-rapido-de-seguridad-eco-macho-12-gas\/","og_site_name":"Canarytools S.L.","og_image":[{"width":350,"height":202,"url":"https:\/\/mantenimientosinformaticos.net\/canarytools\/wp-content\/uploads\/2020\/05\/851-REF.S-1142-Enchufe-rapido-de-seguridad-ECO-macho-12-gas.jpg","type":"image\/jpeg"}],"twitter_card":"summary_large_image","schema":{"@context":"https:\/\/schema.org","@graph":[{"@type":"WebPage","@id":"https:\/\/mantenimientosinformaticos.net\/canarytools\/producto\/enchufe-rapido-de-seguridad-eco-macho-12-gas\/","url":"https:\/\/mantenimientosinformaticos.net\/canarytools\/producto\/enchufe-rapido-de-seguridad-eco-macho-12-gas\/","name":"REF.:S 1142 Enchufe r\u00e1pido de seguridad ECO macho 1\/2 gas - Canarytools S.L.","isPartOf":{"@id":"https:\/\/mantenimientosinformaticos.net\/canarytools\/#website"},"primaryImageOfPage":{"@id":"https:\/\/mantenimientosinformaticos.net\/canarytools\/producto\/enchufe-rapido-de-seguridad-eco-macho-12-gas\/#primaryimage"},"image":{"@id":"https:\/\/mantenimientosinformaticos.net\/canarytools\/producto\/enchufe-rapido-de-seguridad-eco-macho-12-gas\/#primaryimage"},"thumbnailUrl":"https:\/\/mantenimientosinformaticos.net\/canarytools\/wp-content\/uploads\/2020\/05\/851-REF.S-1142-Enchufe-rapido-de-seguridad-ECO-macho-12-gas.jpg","datePublished":"2020-05-18T15:22:17+00:00","dateModified":"2020-05-18T15:22:17+00:00","breadcrumb":{"@id":"https:\/\/mantenimientosinformaticos.net\/canarytools\/producto\/enchufe-rapido-de-seguridad-eco-macho-12-gas\/#breadcrumb"},"inLanguage":"es","potentialAction":[{"@type":"ReadAction","target":["https:\/\/mantenimientosinformaticos.net\/canarytools\/producto\/enchufe-rapido-de-seguridad-eco-macho-12-gas\/"]}]},{"@type":"ImageObject","inLanguage":"es","@id":"https:\/\/mantenimientosinformaticos.net\/canarytools\/producto\/enchufe-rapido-de-seguridad-eco-macho-12-gas\/#primaryimage","url":"https:\/\/mantenimientosinformaticos.net\/canarytools\/wp-content\/uploads\/2020\/05\/851-REF.S-1142-Enchufe-rapido-de-seguridad-ECO-macho-12-gas.jpg","contentUrl":"https:\/\/mantenimientosinformaticos.net\/canarytools\/wp-content\/uploads\/2020\/05\/851-REF.S-1142-Enchufe-rapido-de-seguridad-ECO-macho-12-gas.jpg","width":350,"height":202,"caption":"REF.:S 1142 Enchufe r\u00e1pido de seguridad ECO macho 1\/2 gas"},{"@type":"BreadcrumbList","@id":"https:\/\/mantenimientosinformaticos.net\/canarytools\/producto\/enchufe-rapido-de-seguridad-eco-macho-12-gas\/#breadcrumb","itemListElement":[{"@type":"ListItem","position":1,"name":"Portada","item":"https:\/\/mantenimientosinformaticos.net\/canarytools\/"},{"@type":"ListItem","position":2,"name":"Tienda","item":"https:\/\/mantenimientosinformaticos.net\/canarytools\/tienda\/"},{"@type":"ListItem","position":3,"name":"REF.:S 1142 Enchufe r\u00e1pido de seguridad ECO macho 1\/2 gas"}]},{"@type":"WebSite","@id":"https:\/\/mantenimientosinformaticos.net\/canarytools\/#website","url":"https:\/\/mantenimientosinformaticos.net\/canarytools\/","name":"Canarytools S.L.","description":"Herramientas y M\u00e1quinas","publisher":{"@id":"https:\/\/mantenimientosinformaticos.net\/canarytools\/#\/schema\/person\/355e32754b03bb24b681f1b6917e49bf"},"potentialAction":[{"@type":"SearchAction","target":{"@type":"EntryPoint","urlTemplate":"https:\/\/mantenimientosinformaticos.net\/canarytools\/?s={search_term_string}"},"query-input":"required name=search_term_string"}],"inLanguage":"es"},{"@type":["Person","Organization"],"@id":"https:\/\/mantenimientosinformaticos.net\/canarytools\/#\/schema\/person\/355e32754b03bb24b681f1b6917e49bf","name":"canarytools.xnetdigital","image":{"@type":"ImageObject","inLanguage":"es","@id":"https:\/\/mantenimientosinformaticos.net\/canarytools\/#\/schema\/person\/image\/","url":"https:\/\/mantenimientosinformaticos.net\/canarytools\/wp-content\/uploads\/2023\/12\/canary-tools-logo.png","contentUrl":"https:\/\/mantenimientosinformaticos.net\/canarytools\/wp-content\/uploads\/2023\/12\/canary-tools-logo.png","width":1302,"height":440,"caption":"canarytools.xnetdigital"},"logo":{"@id":"https:\/\/mantenimientosinformaticos.net\/canarytools\/#\/schema\/person\/image\/"},"sameAs":["https:\/\/mantenimientosinformaticos.net\/canarytools"]}]}},"_links":{"self":[{"href":"https:\/\/mantenimientosinformaticos.net\/canarytools\/wp-json\/wp\/v2\/product\/5382","targetHints":{"allow":["GET"]}}],"collection":[{"href":"https:\/\/mantenimientosinformaticos.net\/canarytools\/wp-json\/wp\/v2\/product"}],"about":[{"href":"https:\/\/mantenimientosinformaticos.net\/canarytools\/wp-json\/wp\/v2\/types\/product"}],"replies":[{"embeddable":true,"href":"https:\/\/mantenimientosinformaticos.net\/canarytools\/wp-json\/wp\/v2\/comments?post=5382"}],"wp:featuredmedia":[{"embeddable":true,"href":"https:\/\/mantenimientosinformaticos.net\/canarytools\/wp-json\/wp\/v2\/media\/5381"}],"wp:attachment":[{"href":"https:\/\/mantenimientosinformaticos.net\/canarytools\/wp-json\/wp\/v2\/media?parent=5382"}],"wp:term":[{"taxonomy":"product_cat","embeddable":true,"href":"https:\/\/mantenimientosinformaticos.net\/canarytools\/wp-json\/wp\/v2\/product_cat?post=5382"},{"taxonomy":"product_tag","embeddable":true,"href":"https:\/\/mantenimientosinformaticos.net\/canarytools\/wp-json\/wp\/v2\/product_tag?post=5382"}],"curies":[{"name":"wp","href":"https:\/\/api.w.org\/{rel}","templated":true}]}}