{"id":5288,"date":"2020-05-16T15:05:25","date_gmt":"2020-05-16T13:05:25","guid":{"rendered":"https:\/\/mantenimientosinformaticos.net\/canarytools\/producto\/dispositivo-para-el-inflado-de-neumaticos-de-automovil\/"},"modified":"2020-05-16T15:05:25","modified_gmt":"2020-05-16T13:05:25","slug":"dispositivo-para-el-inflado-de-neumaticos-de-automovil","status":"publish","type":"product","link":"https:\/\/mantenimientosinformaticos.net\/canarytools\/producto\/dispositivo-para-el-inflado-de-neumaticos-de-automovil\/","title":{"rendered":"REF.:8365.     Dispositivo para el inflado de neum\u00e1ticos de autom\u00f3vil"},"content":{"rendered":"","protected":false},"excerpt":{"rendered":"<div class=\"productDescriptionContent\">permite el inflado de neum\u00e1ticos en los que ambos anillos del tal\u00f3n est\u00e1n demasiado cerca entre s\u00ed por ej. debido a las condiciones de almacenamiento.<br \/>presi\u00f3n m\u00e1x. 11 bar, limitada por v\u00e1lvula de seguridad<br \/>capacidad del dep\u00f3sito de presi\u00f3n 20 l<br \/>peso aprox. 13 kg<\/div>\n","protected":false},"featured_media":5287,"comment_status":"open","ping_status":"closed","template":"","meta":[],"product_cat":[494,534],"product_tag":[],"class_list":{"0":"post-5288","1":"product","2":"type-product","3":"status-publish","4":"has-post-thumbnail","6":"product_cat-herramientas-neumaticas","7":"product_cat-servicio-neumatico","9":"first","10":"onbackorder","11":"shipping-taxable","12":"purchasable","13":"product-type-simple"},"yoast_head":"<!-- This site is optimized with the Yoast SEO plugin v22.7 - https:\/\/yoast.com\/wordpress\/plugins\/seo\/ -->\n<title>REF.:8365.   Dispositivo para el inflado de neum\u00e1ticos de autom\u00f3vil - Canarytools S.L.<\/title>\n<meta name=\"robots\" content=\"index, follow, max-snippet:-1, max-image-preview:large, max-video-preview:-1\" \/>\n<link rel=\"canonical\" href=\"https:\/\/mantenimientosinformaticos.net\/canarytools\/producto\/dispositivo-para-el-inflado-de-neumaticos-de-automovil\/\" \/>\n<meta property=\"og:locale\" content=\"es_ES\" \/>\n<meta property=\"og:type\" content=\"article\" \/>\n<meta property=\"og:title\" content=\"REF.:8365.   Dispositivo para el inflado de neum\u00e1ticos de autom\u00f3vil - Canarytools S.L.\" \/>\n<meta property=\"og:description\" content=\"permite el inflado de neum\u00e1ticos en los que ambos anillos del tal\u00f3n est\u00e1n demasiado cerca entre s\u00ed por ej. debido a las condiciones de almacenamiento.presi\u00f3n m\u00e1x. 11 bar, limitada por v\u00e1lvula de seguridadcapacidad del dep\u00f3sito de presi\u00f3n 20 lpeso aprox. 13 kg\" \/>\n<meta property=\"og:url\" content=\"https:\/\/mantenimientosinformaticos.net\/canarytools\/producto\/dispositivo-para-el-inflado-de-neumaticos-de-automovil\/\" \/>\n<meta property=\"og:site_name\" content=\"Canarytools S.L.\" \/>\n<meta property=\"og:image\" content=\"https:\/\/mantenimientosinformaticos.net\/canarytools\/wp-content\/uploads\/2020\/05\/795-REF.8365.-Dispositivo-para-el-inflado-de-neumaticos-de-automovil.jpg\" \/>\n\t<meta property=\"og:image:width\" content=\"651\" \/>\n\t<meta property=\"og:image:height\" content=\"475\" \/>\n\t<meta property=\"og:image:type\" content=\"image\/jpeg\" \/>\n<meta name=\"twitter:card\" content=\"summary_large_image\" \/>\n<script type=\"application\/ld+json\" class=\"yoast-schema-graph\">{\"@context\":\"https:\/\/schema.org\",\"@graph\":[{\"@type\":\"WebPage\",\"@id\":\"https:\/\/mantenimientosinformaticos.net\/canarytools\/producto\/dispositivo-para-el-inflado-de-neumaticos-de-automovil\/\",\"url\":\"https:\/\/mantenimientosinformaticos.net\/canarytools\/producto\/dispositivo-para-el-inflado-de-neumaticos-de-automovil\/\",\"name\":\"REF.:8365. Dispositivo para el inflado de neum\u00e1ticos de autom\u00f3vil - Canarytools S.L.\",\"isPartOf\":{\"@id\":\"https:\/\/mantenimientosinformaticos.net\/canarytools\/#website\"},\"primaryImageOfPage\":{\"@id\":\"https:\/\/mantenimientosinformaticos.net\/canarytools\/producto\/dispositivo-para-el-inflado-de-neumaticos-de-automovil\/#primaryimage\"},\"image\":{\"@id\":\"https:\/\/mantenimientosinformaticos.net\/canarytools\/producto\/dispositivo-para-el-inflado-de-neumaticos-de-automovil\/#primaryimage\"},\"thumbnailUrl\":\"https:\/\/mantenimientosinformaticos.net\/canarytools\/wp-content\/uploads\/2020\/05\/795-REF.8365.-Dispositivo-para-el-inflado-de-neumaticos-de-automovil.jpg\",\"datePublished\":\"2020-05-16T13:05:25+00:00\",\"dateModified\":\"2020-05-16T13:05:25+00:00\",\"breadcrumb\":{\"@id\":\"https:\/\/mantenimientosinformaticos.net\/canarytools\/producto\/dispositivo-para-el-inflado-de-neumaticos-de-automovil\/#breadcrumb\"},\"inLanguage\":\"es\",\"potentialAction\":[{\"@type\":\"ReadAction\",\"target\":[\"https:\/\/mantenimientosinformaticos.net\/canarytools\/producto\/dispositivo-para-el-inflado-de-neumaticos-de-automovil\/\"]}]},{\"@type\":\"ImageObject\",\"inLanguage\":\"es\",\"@id\":\"https:\/\/mantenimientosinformaticos.net\/canarytools\/producto\/dispositivo-para-el-inflado-de-neumaticos-de-automovil\/#primaryimage\",\"url\":\"https:\/\/mantenimientosinformaticos.net\/canarytools\/wp-content\/uploads\/2020\/05\/795-REF.8365.-Dispositivo-para-el-inflado-de-neumaticos-de-automovil.jpg\",\"contentUrl\":\"https:\/\/mantenimientosinformaticos.net\/canarytools\/wp-content\/uploads\/2020\/05\/795-REF.8365.-Dispositivo-para-el-inflado-de-neumaticos-de-automovil.jpg\",\"width\":651,\"height\":475,\"caption\":\"REF.:8365. Dispositivo para el inflado de neum\u00e1ticos de autom\u00f3vil\"},{\"@type\":\"BreadcrumbList\",\"@id\":\"https:\/\/mantenimientosinformaticos.net\/canarytools\/producto\/dispositivo-para-el-inflado-de-neumaticos-de-automovil\/#breadcrumb\",\"itemListElement\":[{\"@type\":\"ListItem\",\"position\":1,\"name\":\"Portada\",\"item\":\"https:\/\/mantenimientosinformaticos.net\/canarytools\/\"},{\"@type\":\"ListItem\",\"position\":2,\"name\":\"Tienda\",\"item\":\"https:\/\/mantenimientosinformaticos.net\/canarytools\/tienda\/\"},{\"@type\":\"ListItem\",\"position\":3,\"name\":\"REF.:8365. Dispositivo para el inflado de neum\u00e1ticos de autom\u00f3vil\"}]},{\"@type\":\"WebSite\",\"@id\":\"https:\/\/mantenimientosinformaticos.net\/canarytools\/#website\",\"url\":\"https:\/\/mantenimientosinformaticos.net\/canarytools\/\",\"name\":\"Canarytools S.L.\",\"description\":\"Herramientas y M\u00e1quinas\",\"publisher\":{\"@id\":\"https:\/\/mantenimientosinformaticos.net\/canarytools\/#\/schema\/person\/355e32754b03bb24b681f1b6917e49bf\"},\"potentialAction\":[{\"@type\":\"SearchAction\",\"target\":{\"@type\":\"EntryPoint\",\"urlTemplate\":\"https:\/\/mantenimientosinformaticos.net\/canarytools\/?s={search_term_string}\"},\"query-input\":\"required name=search_term_string\"}],\"inLanguage\":\"es\"},{\"@type\":[\"Person\",\"Organization\"],\"@id\":\"https:\/\/mantenimientosinformaticos.net\/canarytools\/#\/schema\/person\/355e32754b03bb24b681f1b6917e49bf\",\"name\":\"canarytools.xnetdigital\",\"image\":{\"@type\":\"ImageObject\",\"inLanguage\":\"es\",\"@id\":\"https:\/\/mantenimientosinformaticos.net\/canarytools\/#\/schema\/person\/image\/\",\"url\":\"https:\/\/mantenimientosinformaticos.net\/canarytools\/wp-content\/uploads\/2023\/12\/canary-tools-logo.png\",\"contentUrl\":\"https:\/\/mantenimientosinformaticos.net\/canarytools\/wp-content\/uploads\/2023\/12\/canary-tools-logo.png\",\"width\":1302,\"height\":440,\"caption\":\"canarytools.xnetdigital\"},\"logo\":{\"@id\":\"https:\/\/mantenimientosinformaticos.net\/canarytools\/#\/schema\/person\/image\/\"},\"sameAs\":[\"https:\/\/mantenimientosinformaticos.net\/canarytools\"]}]}<\/script>\n<!-- \/ Yoast SEO plugin. -->","yoast_head_json":{"title":"REF.:8365.   Dispositivo para el inflado de neum\u00e1ticos de autom\u00f3vil - Canarytools S.L.","robots":{"index":"index","follow":"follow","max-snippet":"max-snippet:-1","max-image-preview":"max-image-preview:large","max-video-preview":"max-video-preview:-1"},"canonical":"https:\/\/mantenimientosinformaticos.net\/canarytools\/producto\/dispositivo-para-el-inflado-de-neumaticos-de-automovil\/","og_locale":"es_ES","og_type":"article","og_title":"REF.:8365.   Dispositivo para el inflado de neum\u00e1ticos de autom\u00f3vil - Canarytools S.L.","og_description":"permite el inflado de neum\u00e1ticos en los que ambos anillos del tal\u00f3n est\u00e1n demasiado cerca entre s\u00ed por ej. debido a las condiciones de almacenamiento.presi\u00f3n m\u00e1x. 11 bar, limitada por v\u00e1lvula de seguridadcapacidad del dep\u00f3sito de presi\u00f3n 20 lpeso aprox. 13 kg","og_url":"https:\/\/mantenimientosinformaticos.net\/canarytools\/producto\/dispositivo-para-el-inflado-de-neumaticos-de-automovil\/","og_site_name":"Canarytools S.L.","og_image":[{"width":651,"height":475,"url":"https:\/\/mantenimientosinformaticos.net\/canarytools\/wp-content\/uploads\/2020\/05\/795-REF.8365.-Dispositivo-para-el-inflado-de-neumaticos-de-automovil.jpg","type":"image\/jpeg"}],"twitter_card":"summary_large_image","schema":{"@context":"https:\/\/schema.org","@graph":[{"@type":"WebPage","@id":"https:\/\/mantenimientosinformaticos.net\/canarytools\/producto\/dispositivo-para-el-inflado-de-neumaticos-de-automovil\/","url":"https:\/\/mantenimientosinformaticos.net\/canarytools\/producto\/dispositivo-para-el-inflado-de-neumaticos-de-automovil\/","name":"REF.:8365. Dispositivo para el inflado de neum\u00e1ticos de autom\u00f3vil - Canarytools S.L.","isPartOf":{"@id":"https:\/\/mantenimientosinformaticos.net\/canarytools\/#website"},"primaryImageOfPage":{"@id":"https:\/\/mantenimientosinformaticos.net\/canarytools\/producto\/dispositivo-para-el-inflado-de-neumaticos-de-automovil\/#primaryimage"},"image":{"@id":"https:\/\/mantenimientosinformaticos.net\/canarytools\/producto\/dispositivo-para-el-inflado-de-neumaticos-de-automovil\/#primaryimage"},"thumbnailUrl":"https:\/\/mantenimientosinformaticos.net\/canarytools\/wp-content\/uploads\/2020\/05\/795-REF.8365.-Dispositivo-para-el-inflado-de-neumaticos-de-automovil.jpg","datePublished":"2020-05-16T13:05:25+00:00","dateModified":"2020-05-16T13:05:25+00:00","breadcrumb":{"@id":"https:\/\/mantenimientosinformaticos.net\/canarytools\/producto\/dispositivo-para-el-inflado-de-neumaticos-de-automovil\/#breadcrumb"},"inLanguage":"es","potentialAction":[{"@type":"ReadAction","target":["https:\/\/mantenimientosinformaticos.net\/canarytools\/producto\/dispositivo-para-el-inflado-de-neumaticos-de-automovil\/"]}]},{"@type":"ImageObject","inLanguage":"es","@id":"https:\/\/mantenimientosinformaticos.net\/canarytools\/producto\/dispositivo-para-el-inflado-de-neumaticos-de-automovil\/#primaryimage","url":"https:\/\/mantenimientosinformaticos.net\/canarytools\/wp-content\/uploads\/2020\/05\/795-REF.8365.-Dispositivo-para-el-inflado-de-neumaticos-de-automovil.jpg","contentUrl":"https:\/\/mantenimientosinformaticos.net\/canarytools\/wp-content\/uploads\/2020\/05\/795-REF.8365.-Dispositivo-para-el-inflado-de-neumaticos-de-automovil.jpg","width":651,"height":475,"caption":"REF.:8365. Dispositivo para el inflado de neum\u00e1ticos de autom\u00f3vil"},{"@type":"BreadcrumbList","@id":"https:\/\/mantenimientosinformaticos.net\/canarytools\/producto\/dispositivo-para-el-inflado-de-neumaticos-de-automovil\/#breadcrumb","itemListElement":[{"@type":"ListItem","position":1,"name":"Portada","item":"https:\/\/mantenimientosinformaticos.net\/canarytools\/"},{"@type":"ListItem","position":2,"name":"Tienda","item":"https:\/\/mantenimientosinformaticos.net\/canarytools\/tienda\/"},{"@type":"ListItem","position":3,"name":"REF.:8365. Dispositivo para el inflado de neum\u00e1ticos de autom\u00f3vil"}]},{"@type":"WebSite","@id":"https:\/\/mantenimientosinformaticos.net\/canarytools\/#website","url":"https:\/\/mantenimientosinformaticos.net\/canarytools\/","name":"Canarytools S.L.","description":"Herramientas y M\u00e1quinas","publisher":{"@id":"https:\/\/mantenimientosinformaticos.net\/canarytools\/#\/schema\/person\/355e32754b03bb24b681f1b6917e49bf"},"potentialAction":[{"@type":"SearchAction","target":{"@type":"EntryPoint","urlTemplate":"https:\/\/mantenimientosinformaticos.net\/canarytools\/?s={search_term_string}"},"query-input":"required name=search_term_string"}],"inLanguage":"es"},{"@type":["Person","Organization"],"@id":"https:\/\/mantenimientosinformaticos.net\/canarytools\/#\/schema\/person\/355e32754b03bb24b681f1b6917e49bf","name":"canarytools.xnetdigital","image":{"@type":"ImageObject","inLanguage":"es","@id":"https:\/\/mantenimientosinformaticos.net\/canarytools\/#\/schema\/person\/image\/","url":"https:\/\/mantenimientosinformaticos.net\/canarytools\/wp-content\/uploads\/2023\/12\/canary-tools-logo.png","contentUrl":"https:\/\/mantenimientosinformaticos.net\/canarytools\/wp-content\/uploads\/2023\/12\/canary-tools-logo.png","width":1302,"height":440,"caption":"canarytools.xnetdigital"},"logo":{"@id":"https:\/\/mantenimientosinformaticos.net\/canarytools\/#\/schema\/person\/image\/"},"sameAs":["https:\/\/mantenimientosinformaticos.net\/canarytools"]}]}},"_links":{"self":[{"href":"https:\/\/mantenimientosinformaticos.net\/canarytools\/wp-json\/wp\/v2\/product\/5288","targetHints":{"allow":["GET"]}}],"collection":[{"href":"https:\/\/mantenimientosinformaticos.net\/canarytools\/wp-json\/wp\/v2\/product"}],"about":[{"href":"https:\/\/mantenimientosinformaticos.net\/canarytools\/wp-json\/wp\/v2\/types\/product"}],"replies":[{"embeddable":true,"href":"https:\/\/mantenimientosinformaticos.net\/canarytools\/wp-json\/wp\/v2\/comments?post=5288"}],"wp:featuredmedia":[{"embeddable":true,"href":"https:\/\/mantenimientosinformaticos.net\/canarytools\/wp-json\/wp\/v2\/media\/5287"}],"wp:attachment":[{"href":"https:\/\/mantenimientosinformaticos.net\/canarytools\/wp-json\/wp\/v2\/media?parent=5288"}],"wp:term":[{"taxonomy":"product_cat","embeddable":true,"href":"https:\/\/mantenimientosinformaticos.net\/canarytools\/wp-json\/wp\/v2\/product_cat?post=5288"},{"taxonomy":"product_tag","embeddable":true,"href":"https:\/\/mantenimientosinformaticos.net\/canarytools\/wp-json\/wp\/v2\/product_tag?post=5288"}],"curies":[{"name":"wp","href":"https:\/\/api.w.org\/{rel}","templated":true}]}}