{"id":5230,"date":"2020-05-15T21:59:17","date_gmt":"2020-05-15T19:59:17","guid":{"rendered":"https:\/\/mantenimientosinformaticos.net\/canarytools\/producto\/inyector-de-aditivoaceite-universal-recargable-25-aplicaciones\/"},"modified":"2020-05-15T21:59:17","modified_gmt":"2020-05-15T19:59:17","slug":"inyector-de-aditivoaceite-universal-recargable-25-aplicaciones","status":"publish","type":"product","link":"https:\/\/mantenimientosinformaticos.net\/canarytools\/producto\/inyector-de-aditivoaceite-universal-recargable-25-aplicaciones\/","title":{"rendered":"REF.:2908006      Inyector de aditivo\/aceite universal recargable 25 aplicaciones"},"content":{"rendered":"","protected":false},"excerpt":{"rendered":"<p>Para inyectar aditivo o aceite, simplemente<br \/>se conecta el inyector a la baja<br \/>presi\u00f3n del sistema A\/C y girando la empu\u00f1adura<br \/>hasta alcanzar la cantidad deseada.<br \/>La manguera del inyector viene<br \/>completa con conexi\u00f3n R143a y v\u00e1lvula<br \/>de corte autom\u00e1tica Para sistemas 1\/4FL.<\/p>\n","protected":false},"featured_media":5229,"comment_status":"open","ping_status":"closed","template":"","meta":[],"product_cat":[651,492,546],"product_tag":[],"class_list":{"0":"post-5230","1":"product","2":"type-product","3":"status-publish","4":"has-post-thumbnail","6":"product_cat-productos-quimicos","7":"product_cat-equipo-de-talleres","8":"product_cat-aire-comprimido","10":"first","11":"onbackorder","12":"shipping-taxable","13":"purchasable","14":"product-type-simple"},"yoast_head":"<!-- This site is optimized with the Yoast SEO plugin v22.7 - https:\/\/yoast.com\/wordpress\/plugins\/seo\/ -->\n<title>REF.:2908006   Inyector de aditivo\/aceite universal recargable 25 aplicaciones - Canarytools S.L.<\/title>\n<meta name=\"robots\" content=\"index, follow, max-snippet:-1, max-image-preview:large, max-video-preview:-1\" \/>\n<link rel=\"canonical\" href=\"https:\/\/mantenimientosinformaticos.net\/canarytools\/producto\/inyector-de-aditivoaceite-universal-recargable-25-aplicaciones\/\" \/>\n<meta property=\"og:locale\" content=\"es_ES\" \/>\n<meta property=\"og:type\" content=\"article\" \/>\n<meta property=\"og:title\" content=\"REF.:2908006   Inyector de aditivo\/aceite universal recargable 25 aplicaciones - Canarytools S.L.\" \/>\n<meta property=\"og:description\" content=\"Para inyectar aditivo o aceite, simplementese conecta el inyector a la bajapresi\u00f3n del sistema A\/C y girando la empu\u00f1adurahasta alcanzar la cantidad deseada.La manguera del inyector vienecompleta con conexi\u00f3n R143a y v\u00e1lvulade corte autom\u00e1tica Para sistemas 1\/4FL.\" \/>\n<meta property=\"og:url\" content=\"https:\/\/mantenimientosinformaticos.net\/canarytools\/producto\/inyector-de-aditivoaceite-universal-recargable-25-aplicaciones\/\" \/>\n<meta property=\"og:site_name\" content=\"Canarytools S.L.\" \/>\n<meta property=\"og:image\" content=\"https:\/\/mantenimientosinformaticos.net\/canarytools\/wp-content\/uploads\/2020\/05\/764-REF.2908006-Inyector-de-aditivoaceite-universal-recargable-25-aplicaciones.jpg\" \/>\n\t<meta property=\"og:image:width\" content=\"1002\" \/>\n\t<meta property=\"og:image:height\" content=\"194\" \/>\n\t<meta property=\"og:image:type\" content=\"image\/jpeg\" \/>\n<meta name=\"twitter:card\" content=\"summary_large_image\" \/>\n<script type=\"application\/ld+json\" class=\"yoast-schema-graph\">{\"@context\":\"https:\/\/schema.org\",\"@graph\":[{\"@type\":\"WebPage\",\"@id\":\"https:\/\/mantenimientosinformaticos.net\/canarytools\/producto\/inyector-de-aditivoaceite-universal-recargable-25-aplicaciones\/\",\"url\":\"https:\/\/mantenimientosinformaticos.net\/canarytools\/producto\/inyector-de-aditivoaceite-universal-recargable-25-aplicaciones\/\",\"name\":\"REF.:2908006 Inyector de aditivo\/aceite universal recargable 25 aplicaciones - Canarytools S.L.\",\"isPartOf\":{\"@id\":\"https:\/\/mantenimientosinformaticos.net\/canarytools\/#website\"},\"primaryImageOfPage\":{\"@id\":\"https:\/\/mantenimientosinformaticos.net\/canarytools\/producto\/inyector-de-aditivoaceite-universal-recargable-25-aplicaciones\/#primaryimage\"},\"image\":{\"@id\":\"https:\/\/mantenimientosinformaticos.net\/canarytools\/producto\/inyector-de-aditivoaceite-universal-recargable-25-aplicaciones\/#primaryimage\"},\"thumbnailUrl\":\"https:\/\/mantenimientosinformaticos.net\/canarytools\/wp-content\/uploads\/2020\/05\/764-REF.2908006-Inyector-de-aditivoaceite-universal-recargable-25-aplicaciones.jpg\",\"datePublished\":\"2020-05-15T19:59:17+00:00\",\"dateModified\":\"2020-05-15T19:59:17+00:00\",\"breadcrumb\":{\"@id\":\"https:\/\/mantenimientosinformaticos.net\/canarytools\/producto\/inyector-de-aditivoaceite-universal-recargable-25-aplicaciones\/#breadcrumb\"},\"inLanguage\":\"es\",\"potentialAction\":[{\"@type\":\"ReadAction\",\"target\":[\"https:\/\/mantenimientosinformaticos.net\/canarytools\/producto\/inyector-de-aditivoaceite-universal-recargable-25-aplicaciones\/\"]}]},{\"@type\":\"ImageObject\",\"inLanguage\":\"es\",\"@id\":\"https:\/\/mantenimientosinformaticos.net\/canarytools\/producto\/inyector-de-aditivoaceite-universal-recargable-25-aplicaciones\/#primaryimage\",\"url\":\"https:\/\/mantenimientosinformaticos.net\/canarytools\/wp-content\/uploads\/2020\/05\/764-REF.2908006-Inyector-de-aditivoaceite-universal-recargable-25-aplicaciones.jpg\",\"contentUrl\":\"https:\/\/mantenimientosinformaticos.net\/canarytools\/wp-content\/uploads\/2020\/05\/764-REF.2908006-Inyector-de-aditivoaceite-universal-recargable-25-aplicaciones.jpg\",\"width\":1002,\"height\":194,\"caption\":\"REF.:2908006 Inyector de aditivo\/aceite universal recargable 25 aplicaciones\"},{\"@type\":\"BreadcrumbList\",\"@id\":\"https:\/\/mantenimientosinformaticos.net\/canarytools\/producto\/inyector-de-aditivoaceite-universal-recargable-25-aplicaciones\/#breadcrumb\",\"itemListElement\":[{\"@type\":\"ListItem\",\"position\":1,\"name\":\"Portada\",\"item\":\"https:\/\/mantenimientosinformaticos.net\/canarytools\/\"},{\"@type\":\"ListItem\",\"position\":2,\"name\":\"Tienda\",\"item\":\"https:\/\/mantenimientosinformaticos.net\/canarytools\/tienda\/\"},{\"@type\":\"ListItem\",\"position\":3,\"name\":\"REF.:2908006 Inyector de aditivo\/aceite universal recargable 25 aplicaciones\"}]},{\"@type\":\"WebSite\",\"@id\":\"https:\/\/mantenimientosinformaticos.net\/canarytools\/#website\",\"url\":\"https:\/\/mantenimientosinformaticos.net\/canarytools\/\",\"name\":\"Canarytools S.L.\",\"description\":\"Herramientas y M\u00e1quinas\",\"publisher\":{\"@id\":\"https:\/\/mantenimientosinformaticos.net\/canarytools\/#\/schema\/person\/355e32754b03bb24b681f1b6917e49bf\"},\"potentialAction\":[{\"@type\":\"SearchAction\",\"target\":{\"@type\":\"EntryPoint\",\"urlTemplate\":\"https:\/\/mantenimientosinformaticos.net\/canarytools\/?s={search_term_string}\"},\"query-input\":\"required name=search_term_string\"}],\"inLanguage\":\"es\"},{\"@type\":[\"Person\",\"Organization\"],\"@id\":\"https:\/\/mantenimientosinformaticos.net\/canarytools\/#\/schema\/person\/355e32754b03bb24b681f1b6917e49bf\",\"name\":\"canarytools.xnetdigital\",\"image\":{\"@type\":\"ImageObject\",\"inLanguage\":\"es\",\"@id\":\"https:\/\/mantenimientosinformaticos.net\/canarytools\/#\/schema\/person\/image\/\",\"url\":\"https:\/\/mantenimientosinformaticos.net\/canarytools\/wp-content\/uploads\/2023\/12\/canary-tools-logo.png\",\"contentUrl\":\"https:\/\/mantenimientosinformaticos.net\/canarytools\/wp-content\/uploads\/2023\/12\/canary-tools-logo.png\",\"width\":1302,\"height\":440,\"caption\":\"canarytools.xnetdigital\"},\"logo\":{\"@id\":\"https:\/\/mantenimientosinformaticos.net\/canarytools\/#\/schema\/person\/image\/\"},\"sameAs\":[\"https:\/\/mantenimientosinformaticos.net\/canarytools\"]}]}<\/script>\n<!-- \/ Yoast SEO plugin. -->","yoast_head_json":{"title":"REF.:2908006   Inyector de aditivo\/aceite universal recargable 25 aplicaciones - Canarytools S.L.","robots":{"index":"index","follow":"follow","max-snippet":"max-snippet:-1","max-image-preview":"max-image-preview:large","max-video-preview":"max-video-preview:-1"},"canonical":"https:\/\/mantenimientosinformaticos.net\/canarytools\/producto\/inyector-de-aditivoaceite-universal-recargable-25-aplicaciones\/","og_locale":"es_ES","og_type":"article","og_title":"REF.:2908006   Inyector de aditivo\/aceite universal recargable 25 aplicaciones - Canarytools S.L.","og_description":"Para inyectar aditivo o aceite, simplementese conecta el inyector a la bajapresi\u00f3n del sistema A\/C y girando la empu\u00f1adurahasta alcanzar la cantidad deseada.La manguera del inyector vienecompleta con conexi\u00f3n R143a y v\u00e1lvulade corte autom\u00e1tica Para sistemas 1\/4FL.","og_url":"https:\/\/mantenimientosinformaticos.net\/canarytools\/producto\/inyector-de-aditivoaceite-universal-recargable-25-aplicaciones\/","og_site_name":"Canarytools S.L.","og_image":[{"width":1002,"height":194,"url":"https:\/\/mantenimientosinformaticos.net\/canarytools\/wp-content\/uploads\/2020\/05\/764-REF.2908006-Inyector-de-aditivoaceite-universal-recargable-25-aplicaciones.jpg","type":"image\/jpeg"}],"twitter_card":"summary_large_image","schema":{"@context":"https:\/\/schema.org","@graph":[{"@type":"WebPage","@id":"https:\/\/mantenimientosinformaticos.net\/canarytools\/producto\/inyector-de-aditivoaceite-universal-recargable-25-aplicaciones\/","url":"https:\/\/mantenimientosinformaticos.net\/canarytools\/producto\/inyector-de-aditivoaceite-universal-recargable-25-aplicaciones\/","name":"REF.:2908006 Inyector de aditivo\/aceite universal recargable 25 aplicaciones - Canarytools S.L.","isPartOf":{"@id":"https:\/\/mantenimientosinformaticos.net\/canarytools\/#website"},"primaryImageOfPage":{"@id":"https:\/\/mantenimientosinformaticos.net\/canarytools\/producto\/inyector-de-aditivoaceite-universal-recargable-25-aplicaciones\/#primaryimage"},"image":{"@id":"https:\/\/mantenimientosinformaticos.net\/canarytools\/producto\/inyector-de-aditivoaceite-universal-recargable-25-aplicaciones\/#primaryimage"},"thumbnailUrl":"https:\/\/mantenimientosinformaticos.net\/canarytools\/wp-content\/uploads\/2020\/05\/764-REF.2908006-Inyector-de-aditivoaceite-universal-recargable-25-aplicaciones.jpg","datePublished":"2020-05-15T19:59:17+00:00","dateModified":"2020-05-15T19:59:17+00:00","breadcrumb":{"@id":"https:\/\/mantenimientosinformaticos.net\/canarytools\/producto\/inyector-de-aditivoaceite-universal-recargable-25-aplicaciones\/#breadcrumb"},"inLanguage":"es","potentialAction":[{"@type":"ReadAction","target":["https:\/\/mantenimientosinformaticos.net\/canarytools\/producto\/inyector-de-aditivoaceite-universal-recargable-25-aplicaciones\/"]}]},{"@type":"ImageObject","inLanguage":"es","@id":"https:\/\/mantenimientosinformaticos.net\/canarytools\/producto\/inyector-de-aditivoaceite-universal-recargable-25-aplicaciones\/#primaryimage","url":"https:\/\/mantenimientosinformaticos.net\/canarytools\/wp-content\/uploads\/2020\/05\/764-REF.2908006-Inyector-de-aditivoaceite-universal-recargable-25-aplicaciones.jpg","contentUrl":"https:\/\/mantenimientosinformaticos.net\/canarytools\/wp-content\/uploads\/2020\/05\/764-REF.2908006-Inyector-de-aditivoaceite-universal-recargable-25-aplicaciones.jpg","width":1002,"height":194,"caption":"REF.:2908006 Inyector de aditivo\/aceite universal recargable 25 aplicaciones"},{"@type":"BreadcrumbList","@id":"https:\/\/mantenimientosinformaticos.net\/canarytools\/producto\/inyector-de-aditivoaceite-universal-recargable-25-aplicaciones\/#breadcrumb","itemListElement":[{"@type":"ListItem","position":1,"name":"Portada","item":"https:\/\/mantenimientosinformaticos.net\/canarytools\/"},{"@type":"ListItem","position":2,"name":"Tienda","item":"https:\/\/mantenimientosinformaticos.net\/canarytools\/tienda\/"},{"@type":"ListItem","position":3,"name":"REF.:2908006 Inyector de aditivo\/aceite universal recargable 25 aplicaciones"}]},{"@type":"WebSite","@id":"https:\/\/mantenimientosinformaticos.net\/canarytools\/#website","url":"https:\/\/mantenimientosinformaticos.net\/canarytools\/","name":"Canarytools S.L.","description":"Herramientas y M\u00e1quinas","publisher":{"@id":"https:\/\/mantenimientosinformaticos.net\/canarytools\/#\/schema\/person\/355e32754b03bb24b681f1b6917e49bf"},"potentialAction":[{"@type":"SearchAction","target":{"@type":"EntryPoint","urlTemplate":"https:\/\/mantenimientosinformaticos.net\/canarytools\/?s={search_term_string}"},"query-input":"required name=search_term_string"}],"inLanguage":"es"},{"@type":["Person","Organization"],"@id":"https:\/\/mantenimientosinformaticos.net\/canarytools\/#\/schema\/person\/355e32754b03bb24b681f1b6917e49bf","name":"canarytools.xnetdigital","image":{"@type":"ImageObject","inLanguage":"es","@id":"https:\/\/mantenimientosinformaticos.net\/canarytools\/#\/schema\/person\/image\/","url":"https:\/\/mantenimientosinformaticos.net\/canarytools\/wp-content\/uploads\/2023\/12\/canary-tools-logo.png","contentUrl":"https:\/\/mantenimientosinformaticos.net\/canarytools\/wp-content\/uploads\/2023\/12\/canary-tools-logo.png","width":1302,"height":440,"caption":"canarytools.xnetdigital"},"logo":{"@id":"https:\/\/mantenimientosinformaticos.net\/canarytools\/#\/schema\/person\/image\/"},"sameAs":["https:\/\/mantenimientosinformaticos.net\/canarytools"]}]}},"_links":{"self":[{"href":"https:\/\/mantenimientosinformaticos.net\/canarytools\/wp-json\/wp\/v2\/product\/5230","targetHints":{"allow":["GET"]}}],"collection":[{"href":"https:\/\/mantenimientosinformaticos.net\/canarytools\/wp-json\/wp\/v2\/product"}],"about":[{"href":"https:\/\/mantenimientosinformaticos.net\/canarytools\/wp-json\/wp\/v2\/types\/product"}],"replies":[{"embeddable":true,"href":"https:\/\/mantenimientosinformaticos.net\/canarytools\/wp-json\/wp\/v2\/comments?post=5230"}],"wp:featuredmedia":[{"embeddable":true,"href":"https:\/\/mantenimientosinformaticos.net\/canarytools\/wp-json\/wp\/v2\/media\/5229"}],"wp:attachment":[{"href":"https:\/\/mantenimientosinformaticos.net\/canarytools\/wp-json\/wp\/v2\/media?parent=5230"}],"wp:term":[{"taxonomy":"product_cat","embeddable":true,"href":"https:\/\/mantenimientosinformaticos.net\/canarytools\/wp-json\/wp\/v2\/product_cat?post=5230"},{"taxonomy":"product_tag","embeddable":true,"href":"https:\/\/mantenimientosinformaticos.net\/canarytools\/wp-json\/wp\/v2\/product_tag?post=5230"}],"curies":[{"name":"wp","href":"https:\/\/api.w.org\/{rel}","templated":true}]}}