{"id":5209,"date":"2020-05-15T18:36:30","date_gmt":"2020-05-15T16:36:30","guid":{"rendered":"https:\/\/mantenimientosinformaticos.net\/canarytools\/producto\/moto-horquilla-sello-conductor-35-45mm\/"},"modified":"2020-05-15T18:36:30","modified_gmt":"2020-05-15T16:36:30","slug":"moto-horquilla-sello-conductor-35-45mm","status":"publish","type":"product","link":"https:\/\/mantenimientosinformaticos.net\/canarytools\/producto\/moto-horquilla-sello-conductor-35-45mm\/","title":{"rendered":"Moto Horquilla Sello Conductor 35-45mm"},"content":{"rendered":"<p><span style=\"vertical-align:inherit;\"><span style=\"vertical-align:inherit;\">Los sellos de las horquillas deben reemplazarse a la primera se\u00f1al de que aparece aceite en los tubos de la barra, visible cuando se desplazan las horquillas.<\/span><\/span><br \/><span style=\"vertical-align:inherit;\"><span style=\"vertical-align:inherit;\">Ajustable entre 35 y 45 mm.<\/span><\/span><br \/><span style=\"vertical-align:inherit;\"><span style=\"vertical-align:inherit;\">No es necesario envolver el sello en cinta.<\/span><\/span><br \/><span style=\"vertical-align:inherit;\"><span style=\"vertical-align:inherit;\">Para ayudar a la inserci\u00f3n de un nuevo sello de horquilla en una horquilla de motocicleta. <\/span><span style=\"vertical-align:inherit;\">Cu\u00f1as de pl\u00e1stico reemplazables disponibles; consulte la pieza l\u00e1ser No. 1501.<\/span><\/span><br \/><span style=\"vertical-align:inherit;\"><span style=\"vertical-align:inherit;\">Ayuda a evitar da\u00f1os en el sello durante el montaje. <\/span><span style=\"vertical-align:inherit;\">Si se permite que la fuga contin\u00fae, el aceite correr\u00e1 por la parte posterior de la pata de la horquilla, directamente sobre las pinzas de freno. <\/span><span style=\"vertical-align:inherit;\">Finalmente, la horquilla se quedar\u00e1 sin aceite, agarrando las superficies del buje que permiten que las mitades de la horquilla se deslicen, bloqueando as\u00ed el extremo delantero.<\/span><\/span><\/p>\n","protected":false},"excerpt":{"rendered":"<p><span style=\"vertical-align:inherit;\"><span style=\"vertical-align:inherit;\">Los sellos de las horquillas deben reemplazarse a la primera se\u00f1al de aceite que aparece en las patas de los tubos de puntal visibles cuando se desplazan las horquillas. <\/span><\/span><\/p>\n","protected":false},"featured_media":5208,"comment_status":"open","ping_status":"closed","template":"","meta":[],"product_cat":[496],"product_tag":[],"class_list":{"0":"post-5209","1":"product","2":"type-product","3":"status-publish","4":"has-post-thumbnail","6":"product_cat-liquidacion","8":"first","9":"instock","10":"shipping-taxable","11":"purchasable","12":"product-type-simple"},"yoast_head":"<!-- This site is optimized with the Yoast SEO plugin v22.7 - https:\/\/yoast.com\/wordpress\/plugins\/seo\/ -->\n<title>Moto Horquilla Sello Conductor 35-45mm - Canarytools S.L.<\/title>\n<meta name=\"robots\" content=\"index, follow, max-snippet:-1, max-image-preview:large, max-video-preview:-1\" \/>\n<link rel=\"canonical\" href=\"https:\/\/mantenimientosinformaticos.net\/canarytools\/producto\/moto-horquilla-sello-conductor-35-45mm\/\" \/>\n<meta property=\"og:locale\" content=\"es_ES\" \/>\n<meta property=\"og:type\" content=\"article\" \/>\n<meta property=\"og:title\" content=\"Moto Horquilla Sello Conductor 35-45mm - Canarytools S.L.\" \/>\n<meta property=\"og:description\" content=\"Los sellos de las horquillas deben reemplazarse a la primera se\u00f1al de aceite que aparece en las patas de los tubos de puntal visibles cuando se desplazan las horquillas.\" \/>\n<meta property=\"og:url\" content=\"https:\/\/mantenimientosinformaticos.net\/canarytools\/producto\/moto-horquilla-sello-conductor-35-45mm\/\" \/>\n<meta property=\"og:site_name\" content=\"Canarytools S.L.\" \/>\n<meta property=\"og:image\" content=\"https:\/\/mantenimientosinformaticos.net\/canarytools\/wp-content\/uploads\/2020\/05\/755-Moto-Horquilla-Sello-Conductor-35-45mm.jpg\" \/>\n\t<meta property=\"og:image:width\" content=\"650\" \/>\n\t<meta property=\"og:image:height\" content=\"392\" \/>\n\t<meta property=\"og:image:type\" content=\"image\/jpeg\" \/>\n<meta name=\"twitter:card\" content=\"summary_large_image\" \/>\n<meta name=\"twitter:label1\" content=\"Tiempo de lectura\" \/>\n\t<meta name=\"twitter:data1\" content=\"1 minuto\" \/>\n<script type=\"application\/ld+json\" class=\"yoast-schema-graph\">{\"@context\":\"https:\/\/schema.org\",\"@graph\":[{\"@type\":\"WebPage\",\"@id\":\"https:\/\/mantenimientosinformaticos.net\/canarytools\/producto\/moto-horquilla-sello-conductor-35-45mm\/\",\"url\":\"https:\/\/mantenimientosinformaticos.net\/canarytools\/producto\/moto-horquilla-sello-conductor-35-45mm\/\",\"name\":\"Moto Horquilla Sello Conductor 35-45mm - Canarytools S.L.\",\"isPartOf\":{\"@id\":\"https:\/\/mantenimientosinformaticos.net\/canarytools\/#website\"},\"primaryImageOfPage\":{\"@id\":\"https:\/\/mantenimientosinformaticos.net\/canarytools\/producto\/moto-horquilla-sello-conductor-35-45mm\/#primaryimage\"},\"image\":{\"@id\":\"https:\/\/mantenimientosinformaticos.net\/canarytools\/producto\/moto-horquilla-sello-conductor-35-45mm\/#primaryimage\"},\"thumbnailUrl\":\"https:\/\/mantenimientosinformaticos.net\/canarytools\/wp-content\/uploads\/2020\/05\/755-Moto-Horquilla-Sello-Conductor-35-45mm.jpg\",\"datePublished\":\"2020-05-15T16:36:30+00:00\",\"dateModified\":\"2020-05-15T16:36:30+00:00\",\"breadcrumb\":{\"@id\":\"https:\/\/mantenimientosinformaticos.net\/canarytools\/producto\/moto-horquilla-sello-conductor-35-45mm\/#breadcrumb\"},\"inLanguage\":\"es\",\"potentialAction\":[{\"@type\":\"ReadAction\",\"target\":[\"https:\/\/mantenimientosinformaticos.net\/canarytools\/producto\/moto-horquilla-sello-conductor-35-45mm\/\"]}]},{\"@type\":\"ImageObject\",\"inLanguage\":\"es\",\"@id\":\"https:\/\/mantenimientosinformaticos.net\/canarytools\/producto\/moto-horquilla-sello-conductor-35-45mm\/#primaryimage\",\"url\":\"https:\/\/mantenimientosinformaticos.net\/canarytools\/wp-content\/uploads\/2020\/05\/755-Moto-Horquilla-Sello-Conductor-35-45mm.jpg\",\"contentUrl\":\"https:\/\/mantenimientosinformaticos.net\/canarytools\/wp-content\/uploads\/2020\/05\/755-Moto-Horquilla-Sello-Conductor-35-45mm.jpg\",\"width\":650,\"height\":392,\"caption\":\"Moto Horquilla Sello Conductor 35-45mm\"},{\"@type\":\"BreadcrumbList\",\"@id\":\"https:\/\/mantenimientosinformaticos.net\/canarytools\/producto\/moto-horquilla-sello-conductor-35-45mm\/#breadcrumb\",\"itemListElement\":[{\"@type\":\"ListItem\",\"position\":1,\"name\":\"Portada\",\"item\":\"https:\/\/mantenimientosinformaticos.net\/canarytools\/\"},{\"@type\":\"ListItem\",\"position\":2,\"name\":\"Tienda\",\"item\":\"https:\/\/mantenimientosinformaticos.net\/canarytools\/tienda\/\"},{\"@type\":\"ListItem\",\"position\":3,\"name\":\"Moto Horquilla Sello Conductor 35-45mm\"}]},{\"@type\":\"WebSite\",\"@id\":\"https:\/\/mantenimientosinformaticos.net\/canarytools\/#website\",\"url\":\"https:\/\/mantenimientosinformaticos.net\/canarytools\/\",\"name\":\"Canarytools S.L.\",\"description\":\"Herramientas y M\u00e1quinas\",\"publisher\":{\"@id\":\"https:\/\/mantenimientosinformaticos.net\/canarytools\/#\/schema\/person\/355e32754b03bb24b681f1b6917e49bf\"},\"potentialAction\":[{\"@type\":\"SearchAction\",\"target\":{\"@type\":\"EntryPoint\",\"urlTemplate\":\"https:\/\/mantenimientosinformaticos.net\/canarytools\/?s={search_term_string}\"},\"query-input\":\"required name=search_term_string\"}],\"inLanguage\":\"es\"},{\"@type\":[\"Person\",\"Organization\"],\"@id\":\"https:\/\/mantenimientosinformaticos.net\/canarytools\/#\/schema\/person\/355e32754b03bb24b681f1b6917e49bf\",\"name\":\"canarytools.xnetdigital\",\"image\":{\"@type\":\"ImageObject\",\"inLanguage\":\"es\",\"@id\":\"https:\/\/mantenimientosinformaticos.net\/canarytools\/#\/schema\/person\/image\/\",\"url\":\"https:\/\/mantenimientosinformaticos.net\/canarytools\/wp-content\/uploads\/2023\/12\/canary-tools-logo.png\",\"contentUrl\":\"https:\/\/mantenimientosinformaticos.net\/canarytools\/wp-content\/uploads\/2023\/12\/canary-tools-logo.png\",\"width\":1302,\"height\":440,\"caption\":\"canarytools.xnetdigital\"},\"logo\":{\"@id\":\"https:\/\/mantenimientosinformaticos.net\/canarytools\/#\/schema\/person\/image\/\"},\"sameAs\":[\"https:\/\/mantenimientosinformaticos.net\/canarytools\"]}]}<\/script>\n<!-- \/ Yoast SEO plugin. -->","yoast_head_json":{"title":"Moto Horquilla Sello Conductor 35-45mm - Canarytools S.L.","robots":{"index":"index","follow":"follow","max-snippet":"max-snippet:-1","max-image-preview":"max-image-preview:large","max-video-preview":"max-video-preview:-1"},"canonical":"https:\/\/mantenimientosinformaticos.net\/canarytools\/producto\/moto-horquilla-sello-conductor-35-45mm\/","og_locale":"es_ES","og_type":"article","og_title":"Moto Horquilla Sello Conductor 35-45mm - Canarytools S.L.","og_description":"Los sellos de las horquillas deben reemplazarse a la primera se\u00f1al de aceite que aparece en las patas de los tubos de puntal visibles cuando se desplazan las horquillas.","og_url":"https:\/\/mantenimientosinformaticos.net\/canarytools\/producto\/moto-horquilla-sello-conductor-35-45mm\/","og_site_name":"Canarytools S.L.","og_image":[{"width":650,"height":392,"url":"https:\/\/mantenimientosinformaticos.net\/canarytools\/wp-content\/uploads\/2020\/05\/755-Moto-Horquilla-Sello-Conductor-35-45mm.jpg","type":"image\/jpeg"}],"twitter_card":"summary_large_image","twitter_misc":{"Tiempo de lectura":"1 minuto"},"schema":{"@context":"https:\/\/schema.org","@graph":[{"@type":"WebPage","@id":"https:\/\/mantenimientosinformaticos.net\/canarytools\/producto\/moto-horquilla-sello-conductor-35-45mm\/","url":"https:\/\/mantenimientosinformaticos.net\/canarytools\/producto\/moto-horquilla-sello-conductor-35-45mm\/","name":"Moto Horquilla Sello Conductor 35-45mm - Canarytools S.L.","isPartOf":{"@id":"https:\/\/mantenimientosinformaticos.net\/canarytools\/#website"},"primaryImageOfPage":{"@id":"https:\/\/mantenimientosinformaticos.net\/canarytools\/producto\/moto-horquilla-sello-conductor-35-45mm\/#primaryimage"},"image":{"@id":"https:\/\/mantenimientosinformaticos.net\/canarytools\/producto\/moto-horquilla-sello-conductor-35-45mm\/#primaryimage"},"thumbnailUrl":"https:\/\/mantenimientosinformaticos.net\/canarytools\/wp-content\/uploads\/2020\/05\/755-Moto-Horquilla-Sello-Conductor-35-45mm.jpg","datePublished":"2020-05-15T16:36:30+00:00","dateModified":"2020-05-15T16:36:30+00:00","breadcrumb":{"@id":"https:\/\/mantenimientosinformaticos.net\/canarytools\/producto\/moto-horquilla-sello-conductor-35-45mm\/#breadcrumb"},"inLanguage":"es","potentialAction":[{"@type":"ReadAction","target":["https:\/\/mantenimientosinformaticos.net\/canarytools\/producto\/moto-horquilla-sello-conductor-35-45mm\/"]}]},{"@type":"ImageObject","inLanguage":"es","@id":"https:\/\/mantenimientosinformaticos.net\/canarytools\/producto\/moto-horquilla-sello-conductor-35-45mm\/#primaryimage","url":"https:\/\/mantenimientosinformaticos.net\/canarytools\/wp-content\/uploads\/2020\/05\/755-Moto-Horquilla-Sello-Conductor-35-45mm.jpg","contentUrl":"https:\/\/mantenimientosinformaticos.net\/canarytools\/wp-content\/uploads\/2020\/05\/755-Moto-Horquilla-Sello-Conductor-35-45mm.jpg","width":650,"height":392,"caption":"Moto Horquilla Sello Conductor 35-45mm"},{"@type":"BreadcrumbList","@id":"https:\/\/mantenimientosinformaticos.net\/canarytools\/producto\/moto-horquilla-sello-conductor-35-45mm\/#breadcrumb","itemListElement":[{"@type":"ListItem","position":1,"name":"Portada","item":"https:\/\/mantenimientosinformaticos.net\/canarytools\/"},{"@type":"ListItem","position":2,"name":"Tienda","item":"https:\/\/mantenimientosinformaticos.net\/canarytools\/tienda\/"},{"@type":"ListItem","position":3,"name":"Moto Horquilla Sello Conductor 35-45mm"}]},{"@type":"WebSite","@id":"https:\/\/mantenimientosinformaticos.net\/canarytools\/#website","url":"https:\/\/mantenimientosinformaticos.net\/canarytools\/","name":"Canarytools S.L.","description":"Herramientas y M\u00e1quinas","publisher":{"@id":"https:\/\/mantenimientosinformaticos.net\/canarytools\/#\/schema\/person\/355e32754b03bb24b681f1b6917e49bf"},"potentialAction":[{"@type":"SearchAction","target":{"@type":"EntryPoint","urlTemplate":"https:\/\/mantenimientosinformaticos.net\/canarytools\/?s={search_term_string}"},"query-input":"required name=search_term_string"}],"inLanguage":"es"},{"@type":["Person","Organization"],"@id":"https:\/\/mantenimientosinformaticos.net\/canarytools\/#\/schema\/person\/355e32754b03bb24b681f1b6917e49bf","name":"canarytools.xnetdigital","image":{"@type":"ImageObject","inLanguage":"es","@id":"https:\/\/mantenimientosinformaticos.net\/canarytools\/#\/schema\/person\/image\/","url":"https:\/\/mantenimientosinformaticos.net\/canarytools\/wp-content\/uploads\/2023\/12\/canary-tools-logo.png","contentUrl":"https:\/\/mantenimientosinformaticos.net\/canarytools\/wp-content\/uploads\/2023\/12\/canary-tools-logo.png","width":1302,"height":440,"caption":"canarytools.xnetdigital"},"logo":{"@id":"https:\/\/mantenimientosinformaticos.net\/canarytools\/#\/schema\/person\/image\/"},"sameAs":["https:\/\/mantenimientosinformaticos.net\/canarytools"]}]}},"_links":{"self":[{"href":"https:\/\/mantenimientosinformaticos.net\/canarytools\/wp-json\/wp\/v2\/product\/5209","targetHints":{"allow":["GET"]}}],"collection":[{"href":"https:\/\/mantenimientosinformaticos.net\/canarytools\/wp-json\/wp\/v2\/product"}],"about":[{"href":"https:\/\/mantenimientosinformaticos.net\/canarytools\/wp-json\/wp\/v2\/types\/product"}],"replies":[{"embeddable":true,"href":"https:\/\/mantenimientosinformaticos.net\/canarytools\/wp-json\/wp\/v2\/comments?post=5209"}],"wp:featuredmedia":[{"embeddable":true,"href":"https:\/\/mantenimientosinformaticos.net\/canarytools\/wp-json\/wp\/v2\/media\/5208"}],"wp:attachment":[{"href":"https:\/\/mantenimientosinformaticos.net\/canarytools\/wp-json\/wp\/v2\/media?parent=5209"}],"wp:term":[{"taxonomy":"product_cat","embeddable":true,"href":"https:\/\/mantenimientosinformaticos.net\/canarytools\/wp-json\/wp\/v2\/product_cat?post=5209"},{"taxonomy":"product_tag","embeddable":true,"href":"https:\/\/mantenimientosinformaticos.net\/canarytools\/wp-json\/wp\/v2\/product_tag?post=5209"}],"curies":[{"name":"wp","href":"https:\/\/api.w.org\/{rel}","templated":true}]}}