{"id":5167,"date":"2020-05-14T20:01:50","date_gmt":"2020-05-14T18:01:50","guid":{"rendered":"https:\/\/mantenimientosinformaticos.net\/canarytools\/producto\/limpiador-de-piezas-por-ultrasonico-150-l\/"},"modified":"2020-05-14T20:01:50","modified_gmt":"2020-05-14T18:01:50","slug":"limpiador-de-piezas-por-ultrasonico-150-l","status":"publish","type":"product","link":"https:\/\/mantenimientosinformaticos.net\/canarytools\/producto\/limpiador-de-piezas-por-ultrasonico-150-l\/","title":{"rendered":"REF.:KSJ-1036.    Limpiador de piezas por ultras\u00f3nico, 150 l."},"content":{"rendered":"<p>Norma CE\u00a0\u00a0\u00a0\u00a0\u00a0\u00a0\u00a0\u00a0\u00a0\u00a0\u00a0\u00a0\u00a0\u00a0\u00a0\u00a0\u00a0\u00a0\u00a0\u00a0\u00a0\u00a0\u00a0\u00a0\u00a0\u00a0\u00a0\u00a0\u00a0\u00a0\u00a0 S\u00ed<br \/> Contenido de recipiente\u00a0\u00a0\u00a0\u00a0\u00a0\u00a0\u00a0\u00a0\u00a0\u00a0\u00a0 150 l.<br \/> Regulaci\u00f3n de la temperatura\u00a0\u00a0\u00a0 20-80\u00baC<br \/> Longitud\u00a0\u00a0\u00a0\u00a0\u00a0\u00a0\u00a0\u00a0\u00a0\u00a0\u00a0\u00a0\u00a0\u00a0\u00a0\u00a0\u00a0\u00a0\u00a0\u00a0\u00a0\u00a0\u00a0\u00a0\u00a0\u00a0\u00a0\u00a0\u00a0\u00a0\u00a0\u00a0\u00a0 600 mm<br \/> Anchura\u00a0\u00a0\u00a0\u00a0\u00a0\u00a0\u00a0\u00a0\u00a0\u00a0\u00a0\u00a0\u00a0\u00a0\u00a0\u00a0\u00a0\u00a0\u00a0\u00a0\u00a0\u00a0\u00a0\u00a0\u00a0\u00a0\u00a0\u00a0\u00a0\u00a0\u00a0\u00a0\u00a0 500 mm<br \/> Altura\u00a0\u00a0\u00a0\u00a0\u00a0\u00a0\u00a0\u00a0\u00a0\u00a0\u00a0\u00a0\u00a0\u00a0\u00a0\u00a0\u00a0\u00a0\u00a0\u00a0\u00a0\u00a0\u00a0\u00a0\u00a0\u00a0\u00a0\u00a0\u00a0\u00a0\u00a0\u00a0\u00a0\u00a0\u00a0\u00a0 500 mm<br \/> Tiempo de limpieza ajustable\u00a0\u00a0\u00a0 0-30 mm<br \/> Frecuencia\u00a0\u00a0\u00a0\u00a0\u00a0\u00a0\u00a0\u00a0\u00a0\u00a0\u00a0\u00a0\u00a0\u00a0\u00a0\u00a0\u00a0\u00a0\u00a0\u00a0\u00a0\u00a0\u00a0\u00a0\u00a0\u00a0\u00a0\u00a0\u00a0 50 Hz<br \/> Tensi\u00f3n de red (AC)\u00a0\u00a0\u00a0\u00a0\u00a0\u00a0\u00a0\u00a0\u00a0\u00a0\u00a0\u00a0\u00a0\u00a0\u00a0\u00a0 220-230 V<br \/> Frecuencia de ultrasonidos\u00a0\u00a0\u00a0\u00a0\u00a0\u00a0\u00a0 40 kHz<br \/> Potencia ultras\u00f3nica\u00a0\u00a0\u00a0\u00a0\u00a0\u00a0\u00a0\u00a0\u00a0\u00a0\u00a0\u00a0\u00a0\u00a0\u00a0\u00a0 1800 W<\/p>\n","protected":false},"excerpt":{"rendered":"<p>Esta es una m\u00e1quina de limpieza ultrasonido de potencia variable de 1 generador independiente, puede ser un excelente limpiador ultrasonido DPF, utilizado como m\u00e1quina de limpieza de filtro de part\u00edculas di\u00e9sel para piezas automotrices. Esta m\u00e1quina de limpieza ultrasonido est\u00e1 dise\u00f1ada con una potencia ultrasonido variable de 5% a 100%, lo que permite al usuario elegir la mejor potencia para diferentes art\u00edculos de limpieza<\/p><\/p>\n","protected":false},"featured_media":5166,"comment_status":"open","ping_status":"closed","template":"","meta":[],"product_cat":[492,552],"product_tag":[],"class_list":{"0":"post-5167","1":"product","2":"type-product","3":"status-publish","4":"has-post-thumbnail","6":"product_cat-equipo-de-talleres","7":"product_cat-equipo-de-limpieza","9":"first","10":"instock","11":"shipping-taxable","12":"purchasable","13":"product-type-simple"},"yoast_head":"<!-- This site is optimized with the Yoast SEO plugin v22.7 - https:\/\/yoast.com\/wordpress\/plugins\/seo\/ -->\n<title>REF.:KSJ-1036.  Limpiador de piezas por ultras\u00f3nico, 150 l. - Canarytools S.L.<\/title>\n<meta name=\"robots\" content=\"index, follow, max-snippet:-1, max-image-preview:large, max-video-preview:-1\" \/>\n<link rel=\"canonical\" href=\"https:\/\/mantenimientosinformaticos.net\/canarytools\/producto\/limpiador-de-piezas-por-ultrasonico-150-l\/\" \/>\n<meta property=\"og:locale\" content=\"es_ES\" \/>\n<meta property=\"og:type\" content=\"article\" \/>\n<meta property=\"og:title\" content=\"REF.:KSJ-1036.  Limpiador de piezas por ultras\u00f3nico, 150 l. - Canarytools S.L.\" \/>\n<meta property=\"og:description\" content=\"Esta es una m\u00e1quina de limpieza ultrasonido de potencia variable de 1 generador independiente, puede ser un excelente limpiador ultrasonido DPF, utilizado como m\u00e1quina de limpieza de filtro de part\u00edculas di\u00e9sel para piezas automotrices. Esta m\u00e1quina de limpieza ultrasonido est\u00e1 dise\u00f1ada con una potencia ultrasonido variable de 5% a 100%, lo que permite al usuario elegir la mejor potencia para diferentes art\u00edculos de limpieza\" \/>\n<meta property=\"og:url\" content=\"https:\/\/mantenimientosinformaticos.net\/canarytools\/producto\/limpiador-de-piezas-por-ultrasonico-150-l\/\" \/>\n<meta property=\"og:site_name\" content=\"Canarytools S.L.\" \/>\n<meta property=\"og:image\" content=\"https:\/\/mantenimientosinformaticos.net\/canarytools\/wp-content\/uploads\/2020\/05\/733-REF.KSJ-1036.-Limpiador-de-piezas-por-ultrasonico-150-l.jpg\" \/>\n\t<meta property=\"og:image:width\" content=\"800\" \/>\n\t<meta property=\"og:image:height\" content=\"800\" \/>\n\t<meta property=\"og:image:type\" content=\"image\/jpeg\" \/>\n<meta name=\"twitter:card\" content=\"summary_large_image\" \/>\n<script type=\"application\/ld+json\" class=\"yoast-schema-graph\">{\"@context\":\"https:\/\/schema.org\",\"@graph\":[{\"@type\":\"WebPage\",\"@id\":\"https:\/\/mantenimientosinformaticos.net\/canarytools\/producto\/limpiador-de-piezas-por-ultrasonico-150-l\/\",\"url\":\"https:\/\/mantenimientosinformaticos.net\/canarytools\/producto\/limpiador-de-piezas-por-ultrasonico-150-l\/\",\"name\":\"REF.:KSJ-1036. Limpiador de piezas por ultras\u00f3nico, 150 l. - Canarytools S.L.\",\"isPartOf\":{\"@id\":\"https:\/\/mantenimientosinformaticos.net\/canarytools\/#website\"},\"primaryImageOfPage\":{\"@id\":\"https:\/\/mantenimientosinformaticos.net\/canarytools\/producto\/limpiador-de-piezas-por-ultrasonico-150-l\/#primaryimage\"},\"image\":{\"@id\":\"https:\/\/mantenimientosinformaticos.net\/canarytools\/producto\/limpiador-de-piezas-por-ultrasonico-150-l\/#primaryimage\"},\"thumbnailUrl\":\"https:\/\/mantenimientosinformaticos.net\/canarytools\/wp-content\/uploads\/2020\/05\/733-REF.KSJ-1036.-Limpiador-de-piezas-por-ultrasonico-150-l.jpg\",\"datePublished\":\"2020-05-14T18:01:50+00:00\",\"dateModified\":\"2020-05-14T18:01:50+00:00\",\"breadcrumb\":{\"@id\":\"https:\/\/mantenimientosinformaticos.net\/canarytools\/producto\/limpiador-de-piezas-por-ultrasonico-150-l\/#breadcrumb\"},\"inLanguage\":\"es\",\"potentialAction\":[{\"@type\":\"ReadAction\",\"target\":[\"https:\/\/mantenimientosinformaticos.net\/canarytools\/producto\/limpiador-de-piezas-por-ultrasonico-150-l\/\"]}]},{\"@type\":\"ImageObject\",\"inLanguage\":\"es\",\"@id\":\"https:\/\/mantenimientosinformaticos.net\/canarytools\/producto\/limpiador-de-piezas-por-ultrasonico-150-l\/#primaryimage\",\"url\":\"https:\/\/mantenimientosinformaticos.net\/canarytools\/wp-content\/uploads\/2020\/05\/733-REF.KSJ-1036.-Limpiador-de-piezas-por-ultrasonico-150-l.jpg\",\"contentUrl\":\"https:\/\/mantenimientosinformaticos.net\/canarytools\/wp-content\/uploads\/2020\/05\/733-REF.KSJ-1036.-Limpiador-de-piezas-por-ultrasonico-150-l.jpg\",\"width\":800,\"height\":800,\"caption\":\"REF.:KSJ-1036. Limpiador de piezas por ultras\u00f3nico, 150 l.\"},{\"@type\":\"BreadcrumbList\",\"@id\":\"https:\/\/mantenimientosinformaticos.net\/canarytools\/producto\/limpiador-de-piezas-por-ultrasonico-150-l\/#breadcrumb\",\"itemListElement\":[{\"@type\":\"ListItem\",\"position\":1,\"name\":\"Portada\",\"item\":\"https:\/\/mantenimientosinformaticos.net\/canarytools\/\"},{\"@type\":\"ListItem\",\"position\":2,\"name\":\"Tienda\",\"item\":\"https:\/\/mantenimientosinformaticos.net\/canarytools\/tienda\/\"},{\"@type\":\"ListItem\",\"position\":3,\"name\":\"REF.:KSJ-1036. Limpiador de piezas por ultras\u00f3nico, 150 l.\"}]},{\"@type\":\"WebSite\",\"@id\":\"https:\/\/mantenimientosinformaticos.net\/canarytools\/#website\",\"url\":\"https:\/\/mantenimientosinformaticos.net\/canarytools\/\",\"name\":\"Canarytools S.L.\",\"description\":\"Herramientas y M\u00e1quinas\",\"publisher\":{\"@id\":\"https:\/\/mantenimientosinformaticos.net\/canarytools\/#\/schema\/person\/355e32754b03bb24b681f1b6917e49bf\"},\"potentialAction\":[{\"@type\":\"SearchAction\",\"target\":{\"@type\":\"EntryPoint\",\"urlTemplate\":\"https:\/\/mantenimientosinformaticos.net\/canarytools\/?s={search_term_string}\"},\"query-input\":\"required name=search_term_string\"}],\"inLanguage\":\"es\"},{\"@type\":[\"Person\",\"Organization\"],\"@id\":\"https:\/\/mantenimientosinformaticos.net\/canarytools\/#\/schema\/person\/355e32754b03bb24b681f1b6917e49bf\",\"name\":\"canarytools.xnetdigital\",\"image\":{\"@type\":\"ImageObject\",\"inLanguage\":\"es\",\"@id\":\"https:\/\/mantenimientosinformaticos.net\/canarytools\/#\/schema\/person\/image\/\",\"url\":\"https:\/\/mantenimientosinformaticos.net\/canarytools\/wp-content\/uploads\/2023\/12\/canary-tools-logo.png\",\"contentUrl\":\"https:\/\/mantenimientosinformaticos.net\/canarytools\/wp-content\/uploads\/2023\/12\/canary-tools-logo.png\",\"width\":1302,\"height\":440,\"caption\":\"canarytools.xnetdigital\"},\"logo\":{\"@id\":\"https:\/\/mantenimientosinformaticos.net\/canarytools\/#\/schema\/person\/image\/\"},\"sameAs\":[\"https:\/\/mantenimientosinformaticos.net\/canarytools\"]}]}<\/script>\n<!-- \/ Yoast SEO plugin. -->","yoast_head_json":{"title":"REF.:KSJ-1036.  Limpiador de piezas por ultras\u00f3nico, 150 l. - Canarytools S.L.","robots":{"index":"index","follow":"follow","max-snippet":"max-snippet:-1","max-image-preview":"max-image-preview:large","max-video-preview":"max-video-preview:-1"},"canonical":"https:\/\/mantenimientosinformaticos.net\/canarytools\/producto\/limpiador-de-piezas-por-ultrasonico-150-l\/","og_locale":"es_ES","og_type":"article","og_title":"REF.:KSJ-1036.  Limpiador de piezas por ultras\u00f3nico, 150 l. - Canarytools S.L.","og_description":"Esta es una m\u00e1quina de limpieza ultrasonido de potencia variable de 1 generador independiente, puede ser un excelente limpiador ultrasonido DPF, utilizado como m\u00e1quina de limpieza de filtro de part\u00edculas di\u00e9sel para piezas automotrices. Esta m\u00e1quina de limpieza ultrasonido est\u00e1 dise\u00f1ada con una potencia ultrasonido variable de 5% a 100%, lo que permite al usuario elegir la mejor potencia para diferentes art\u00edculos de limpieza","og_url":"https:\/\/mantenimientosinformaticos.net\/canarytools\/producto\/limpiador-de-piezas-por-ultrasonico-150-l\/","og_site_name":"Canarytools S.L.","og_image":[{"width":800,"height":800,"url":"https:\/\/mantenimientosinformaticos.net\/canarytools\/wp-content\/uploads\/2020\/05\/733-REF.KSJ-1036.-Limpiador-de-piezas-por-ultrasonico-150-l.jpg","type":"image\/jpeg"}],"twitter_card":"summary_large_image","schema":{"@context":"https:\/\/schema.org","@graph":[{"@type":"WebPage","@id":"https:\/\/mantenimientosinformaticos.net\/canarytools\/producto\/limpiador-de-piezas-por-ultrasonico-150-l\/","url":"https:\/\/mantenimientosinformaticos.net\/canarytools\/producto\/limpiador-de-piezas-por-ultrasonico-150-l\/","name":"REF.:KSJ-1036. Limpiador de piezas por ultras\u00f3nico, 150 l. - Canarytools S.L.","isPartOf":{"@id":"https:\/\/mantenimientosinformaticos.net\/canarytools\/#website"},"primaryImageOfPage":{"@id":"https:\/\/mantenimientosinformaticos.net\/canarytools\/producto\/limpiador-de-piezas-por-ultrasonico-150-l\/#primaryimage"},"image":{"@id":"https:\/\/mantenimientosinformaticos.net\/canarytools\/producto\/limpiador-de-piezas-por-ultrasonico-150-l\/#primaryimage"},"thumbnailUrl":"https:\/\/mantenimientosinformaticos.net\/canarytools\/wp-content\/uploads\/2020\/05\/733-REF.KSJ-1036.-Limpiador-de-piezas-por-ultrasonico-150-l.jpg","datePublished":"2020-05-14T18:01:50+00:00","dateModified":"2020-05-14T18:01:50+00:00","breadcrumb":{"@id":"https:\/\/mantenimientosinformaticos.net\/canarytools\/producto\/limpiador-de-piezas-por-ultrasonico-150-l\/#breadcrumb"},"inLanguage":"es","potentialAction":[{"@type":"ReadAction","target":["https:\/\/mantenimientosinformaticos.net\/canarytools\/producto\/limpiador-de-piezas-por-ultrasonico-150-l\/"]}]},{"@type":"ImageObject","inLanguage":"es","@id":"https:\/\/mantenimientosinformaticos.net\/canarytools\/producto\/limpiador-de-piezas-por-ultrasonico-150-l\/#primaryimage","url":"https:\/\/mantenimientosinformaticos.net\/canarytools\/wp-content\/uploads\/2020\/05\/733-REF.KSJ-1036.-Limpiador-de-piezas-por-ultrasonico-150-l.jpg","contentUrl":"https:\/\/mantenimientosinformaticos.net\/canarytools\/wp-content\/uploads\/2020\/05\/733-REF.KSJ-1036.-Limpiador-de-piezas-por-ultrasonico-150-l.jpg","width":800,"height":800,"caption":"REF.:KSJ-1036. Limpiador de piezas por ultras\u00f3nico, 150 l."},{"@type":"BreadcrumbList","@id":"https:\/\/mantenimientosinformaticos.net\/canarytools\/producto\/limpiador-de-piezas-por-ultrasonico-150-l\/#breadcrumb","itemListElement":[{"@type":"ListItem","position":1,"name":"Portada","item":"https:\/\/mantenimientosinformaticos.net\/canarytools\/"},{"@type":"ListItem","position":2,"name":"Tienda","item":"https:\/\/mantenimientosinformaticos.net\/canarytools\/tienda\/"},{"@type":"ListItem","position":3,"name":"REF.:KSJ-1036. Limpiador de piezas por ultras\u00f3nico, 150 l."}]},{"@type":"WebSite","@id":"https:\/\/mantenimientosinformaticos.net\/canarytools\/#website","url":"https:\/\/mantenimientosinformaticos.net\/canarytools\/","name":"Canarytools S.L.","description":"Herramientas y M\u00e1quinas","publisher":{"@id":"https:\/\/mantenimientosinformaticos.net\/canarytools\/#\/schema\/person\/355e32754b03bb24b681f1b6917e49bf"},"potentialAction":[{"@type":"SearchAction","target":{"@type":"EntryPoint","urlTemplate":"https:\/\/mantenimientosinformaticos.net\/canarytools\/?s={search_term_string}"},"query-input":"required name=search_term_string"}],"inLanguage":"es"},{"@type":["Person","Organization"],"@id":"https:\/\/mantenimientosinformaticos.net\/canarytools\/#\/schema\/person\/355e32754b03bb24b681f1b6917e49bf","name":"canarytools.xnetdigital","image":{"@type":"ImageObject","inLanguage":"es","@id":"https:\/\/mantenimientosinformaticos.net\/canarytools\/#\/schema\/person\/image\/","url":"https:\/\/mantenimientosinformaticos.net\/canarytools\/wp-content\/uploads\/2023\/12\/canary-tools-logo.png","contentUrl":"https:\/\/mantenimientosinformaticos.net\/canarytools\/wp-content\/uploads\/2023\/12\/canary-tools-logo.png","width":1302,"height":440,"caption":"canarytools.xnetdigital"},"logo":{"@id":"https:\/\/mantenimientosinformaticos.net\/canarytools\/#\/schema\/person\/image\/"},"sameAs":["https:\/\/mantenimientosinformaticos.net\/canarytools"]}]}},"_links":{"self":[{"href":"https:\/\/mantenimientosinformaticos.net\/canarytools\/wp-json\/wp\/v2\/product\/5167","targetHints":{"allow":["GET"]}}],"collection":[{"href":"https:\/\/mantenimientosinformaticos.net\/canarytools\/wp-json\/wp\/v2\/product"}],"about":[{"href":"https:\/\/mantenimientosinformaticos.net\/canarytools\/wp-json\/wp\/v2\/types\/product"}],"replies":[{"embeddable":true,"href":"https:\/\/mantenimientosinformaticos.net\/canarytools\/wp-json\/wp\/v2\/comments?post=5167"}],"wp:featuredmedia":[{"embeddable":true,"href":"https:\/\/mantenimientosinformaticos.net\/canarytools\/wp-json\/wp\/v2\/media\/5166"}],"wp:attachment":[{"href":"https:\/\/mantenimientosinformaticos.net\/canarytools\/wp-json\/wp\/v2\/media?parent=5167"}],"wp:term":[{"taxonomy":"product_cat","embeddable":true,"href":"https:\/\/mantenimientosinformaticos.net\/canarytools\/wp-json\/wp\/v2\/product_cat?post=5167"},{"taxonomy":"product_tag","embeddable":true,"href":"https:\/\/mantenimientosinformaticos.net\/canarytools\/wp-json\/wp\/v2\/product_tag?post=5167"}],"curies":[{"name":"wp","href":"https:\/\/api.w.org\/{rel}","templated":true}]}}