{"id":5161,"date":"2020-05-14T19:37:00","date_gmt":"2020-05-14T17:37:00","guid":{"rendered":"https:\/\/mantenimientosinformaticos.net\/canarytools\/producto\/unidades-de-recuperacion-reciclaje-vacio-y-carga-de-ac\/"},"modified":"2020-05-14T19:37:00","modified_gmt":"2020-05-14T17:37:00","slug":"unidades-de-recuperacion-reciclaje-vacio-y-carga-de-ac","status":"publish","type":"product","link":"https:\/\/mantenimientosinformaticos.net\/canarytools\/producto\/unidades-de-recuperacion-reciclaje-vacio-y-carga-de-ac\/","title":{"rendered":"REF.:YOUNG.     Unidades de recuperaci\u00f3n, reciclaje, vac\u00edo y carga de A\/C"},"content":{"rendered":"<table width=\"470\" cellspacing=\"0\" cellpadding=\"2\" style=\"height:525px;\">\n<colgroup>\n<col width=\"313\" \/>\n<col width=\"120\" \/><\/colgroup>\n<tbody>\n<tr>\n<th style=\"border:none;padding:0cm;\" width=\"313\">\n<p align=\"left\">Refrigerantes<\/p>\n<\/th>\n<td style=\"border:none;padding:0cm;\" width=\"120\">\n<p>R1234yf o R134a<\/p>\n<\/td>\n<\/tr>\n<tr>\n<th style=\"border:none;padding:0cm;\" width=\"313\">\n<p align=\"left\">Recuperaci\u00f3n autom\u00e1tica<\/p>\n<\/th>\n<td style=\"border:none;padding:0cm;\" width=\"120\">\n<p>De serie<\/p>\n<\/td>\n<\/tr>\n<tr>\n<th style=\"border:none;padding:0cm;\" width=\"313\">\n<p align=\"left\">Vac\u00edo autom\u00e1tico<\/p>\n<\/th>\n<td style=\"border:none;padding:0cm;\" width=\"120\">\n<p>De serie<\/p>\n<\/td>\n<\/tr>\n<tr>\n<th style=\"border:none;padding:0cm;\" width=\"313\">\n<p align=\"left\">N\u00famero de botes<\/p>\n<\/th>\n<td style=\"border:none;padding:0cm;\" width=\"120\">\n<p>3<\/p>\n<\/td>\n<\/tr>\n<tr>\n<th style=\"border:none;padding:0cm;\" width=\"313\">\n<p align=\"left\">Carga de refrigerante autom\u00e1tica<\/p>\n<\/th>\n<td style=\"border:none;padding:0cm;\" width=\"120\">\n<p>De serie<\/p>\n<\/td>\n<\/tr>\n<tr>\n<th style=\"border:none;padding:0cm;\" width=\"313\">\n<p align=\"left\">Carga de aceite POE autom\u00e1t. (con b\u00e1scula*)<\/p>\n<\/th>\n<td style=\"border:none;padding:0cm;\" width=\"120\">\n<p>De serie<\/p>\n<\/td>\n<\/tr>\n<tr>\n<th style=\"border:none;padding:0cm;\" width=\"313\">\n<p align=\"left\">Carga de UV autom\u00e1t. (con b\u00e1scula*)<\/p>\n<\/th>\n<td style=\"border:none;padding:0cm;\" width=\"120\">\n<p>De serie<\/p>\n<\/td>\n<\/tr>\n<tr>\n<th style=\"border:none;padding:0cm;\" width=\"313\">\n<p align=\"left\">Carga de aceite PAG autom\u00e1t. (con b\u00e1scula*)<\/p>\n<\/th>\n<td style=\"border:none;padding:0cm;\" width=\"120\">\n<p>Opcional<\/p>\n<\/td>\n<\/tr>\n<tr>\n<th style=\"border:none;padding:0cm;\" width=\"313\">\n<p align=\"left\">Descarga de aceite autom\u00e1t. (con b\u00e1scula*)<\/p>\n<\/th>\n<td style=\"border:none;padding:0cm;\" width=\"120\">\n<p>De serie<\/p>\n<\/td>\n<\/tr>\n<tr>\n<th style=\"border:none;padding:0cm;\" width=\"313\">\n<p align=\"left\">Impresora<\/p>\n<\/th>\n<td style=\"border:none;padding:0cm;\" width=\"120\">\n<p>Opcional<\/p>\n<\/td>\n<\/tr>\n<tr>\n<th style=\"border:none;padding:0cm;\" width=\"313\">\n<p align=\"left\">Velocidad de recuperaci\u00f3n<\/p>\n<\/th>\n<td style=\"border:none;padding:0cm;\" width=\"120\">\n<p>300 g\/min<\/p>\n<\/td>\n<\/tr>\n<tr>\n<th style=\"border:none;padding:0cm;\" width=\"313\">\n<p align=\"left\">Capacidad bomba de vac\u00edo<\/p>\n<\/th>\n<td style=\"border:none;padding:0cm;\" width=\"120\">\n<p>100 l\/min<\/p>\n<\/td>\n<\/tr>\n<tr>\n<th style=\"border:none;padding:0cm;\" width=\"313\">\n<p align=\"left\">Capacidad de la botella<\/p>\n<\/th>\n<td style=\"border:none;padding:0cm;\" width=\"120\">\n<p>10 Kg<\/p>\n<\/td>\n<\/tr>\n<tr>\n<th style=\"border:none;padding:0cm;\" width=\"313\">\n<p align=\"left\">Resoluci\u00f3n b\u00e1scula refrigerante<\/p>\n<\/th>\n<td style=\"border:none;padding:0cm;\" width=\"120\">\n<p>5 g<\/p>\n<\/td>\n<\/tr>\n<tr>\n<th style=\"border:none;padding:0cm;\" width=\"313\">\n<p align=\"left\">Resoluci\u00f3n b\u00e1scula aceite\/UV<\/p>\n<\/th>\n<td style=\"border:none;padding:0cm;\" width=\"120\">\n<p>1 g<\/p>\n<\/td>\n<\/tr>\n<\/tbody>\n<\/table>\n","protected":false},"excerpt":{"rendered":"<p>V\u00e1lidos para veh\u00edculos h\u00edbridos y el\u00e9ctricos siempre usando aceite POE compatible y realizando funci\u00f3n de lavado, incluida en todos los equipos, al inicio de cada intervenci\u00f3n. NOTA IMPORTANTE: Los equipos solo pueden trabajar con uno de los refrigerantes indicados. Confirmar refrigerante a usar a la hora de confirmar el pedido. *Equipo fabricado siguiendo especificaciones de directiva VDA, con certificaci\u00f3n CE<\/p>\n","protected":false},"featured_media":5160,"comment_status":"open","ping_status":"closed","template":"","meta":[],"product_cat":[492,552],"product_tag":[],"class_list":{"0":"post-5161","1":"product","2":"type-product","3":"status-publish","4":"has-post-thumbnail","6":"product_cat-equipo-de-talleres","7":"product_cat-equipo-de-limpieza","9":"first","10":"onbackorder","11":"shipping-taxable","12":"purchasable","13":"product-type-simple"},"yoast_head":"<!-- This site is optimized with the Yoast SEO plugin v22.7 - https:\/\/yoast.com\/wordpress\/plugins\/seo\/ -->\n<title>REF.:YOUNG.   Unidades de recuperaci\u00f3n, reciclaje, vac\u00edo y carga de A\/C - Canarytools S.L.<\/title>\n<meta name=\"robots\" content=\"index, follow, max-snippet:-1, max-image-preview:large, max-video-preview:-1\" \/>\n<link rel=\"canonical\" href=\"https:\/\/mantenimientosinformaticos.net\/canarytools\/producto\/unidades-de-recuperacion-reciclaje-vacio-y-carga-de-ac\/\" \/>\n<meta property=\"og:locale\" content=\"es_ES\" \/>\n<meta property=\"og:type\" content=\"article\" \/>\n<meta property=\"og:title\" content=\"REF.:YOUNG.   Unidades de recuperaci\u00f3n, reciclaje, vac\u00edo y carga de A\/C - Canarytools S.L.\" \/>\n<meta property=\"og:description\" content=\"V\u00e1lidos para veh\u00edculos h\u00edbridos y el\u00e9ctricos siempre usando aceite POE compatible y realizando funci\u00f3n de lavado, incluida en todos los equipos, al inicio de cada intervenci\u00f3n. NOTA IMPORTANTE: Los equipos solo pueden trabajar con uno de los refrigerantes indicados. Confirmar refrigerante a usar a la hora de confirmar el pedido. *Equipo fabricado siguiendo especificaciones de directiva VDA, con certificaci\u00f3n CE\" \/>\n<meta property=\"og:url\" content=\"https:\/\/mantenimientosinformaticos.net\/canarytools\/producto\/unidades-de-recuperacion-reciclaje-vacio-y-carga-de-ac\/\" \/>\n<meta property=\"og:site_name\" content=\"Canarytools S.L.\" \/>\n<meta property=\"og:image\" content=\"https:\/\/mantenimientosinformaticos.net\/canarytools\/wp-content\/uploads\/2020\/05\/729-REF.YOUNG_.-Unidades-de-recuperacion-reciclaje-vacio-y-carga-de-AC.jpg\" \/>\n\t<meta property=\"og:image:width\" content=\"368\" \/>\n\t<meta property=\"og:image:height\" content=\"535\" \/>\n\t<meta property=\"og:image:type\" content=\"image\/jpeg\" \/>\n<meta name=\"twitter:card\" content=\"summary_large_image\" \/>\n<meta name=\"twitter:label1\" content=\"Tiempo de lectura\" \/>\n\t<meta name=\"twitter:data1\" content=\"1 minuto\" \/>\n<script type=\"application\/ld+json\" class=\"yoast-schema-graph\">{\"@context\":\"https:\/\/schema.org\",\"@graph\":[{\"@type\":\"WebPage\",\"@id\":\"https:\/\/mantenimientosinformaticos.net\/canarytools\/producto\/unidades-de-recuperacion-reciclaje-vacio-y-carga-de-ac\/\",\"url\":\"https:\/\/mantenimientosinformaticos.net\/canarytools\/producto\/unidades-de-recuperacion-reciclaje-vacio-y-carga-de-ac\/\",\"name\":\"REF.:YOUNG. Unidades de recuperaci\u00f3n, reciclaje, vac\u00edo y carga de A\/C - Canarytools S.L.\",\"isPartOf\":{\"@id\":\"https:\/\/mantenimientosinformaticos.net\/canarytools\/#website\"},\"primaryImageOfPage\":{\"@id\":\"https:\/\/mantenimientosinformaticos.net\/canarytools\/producto\/unidades-de-recuperacion-reciclaje-vacio-y-carga-de-ac\/#primaryimage\"},\"image\":{\"@id\":\"https:\/\/mantenimientosinformaticos.net\/canarytools\/producto\/unidades-de-recuperacion-reciclaje-vacio-y-carga-de-ac\/#primaryimage\"},\"thumbnailUrl\":\"https:\/\/mantenimientosinformaticos.net\/canarytools\/wp-content\/uploads\/2020\/05\/729-REF.YOUNG_.-Unidades-de-recuperacion-reciclaje-vacio-y-carga-de-AC.jpg\",\"datePublished\":\"2020-05-14T17:37:00+00:00\",\"dateModified\":\"2020-05-14T17:37:00+00:00\",\"breadcrumb\":{\"@id\":\"https:\/\/mantenimientosinformaticos.net\/canarytools\/producto\/unidades-de-recuperacion-reciclaje-vacio-y-carga-de-ac\/#breadcrumb\"},\"inLanguage\":\"es\",\"potentialAction\":[{\"@type\":\"ReadAction\",\"target\":[\"https:\/\/mantenimientosinformaticos.net\/canarytools\/producto\/unidades-de-recuperacion-reciclaje-vacio-y-carga-de-ac\/\"]}]},{\"@type\":\"ImageObject\",\"inLanguage\":\"es\",\"@id\":\"https:\/\/mantenimientosinformaticos.net\/canarytools\/producto\/unidades-de-recuperacion-reciclaje-vacio-y-carga-de-ac\/#primaryimage\",\"url\":\"https:\/\/mantenimientosinformaticos.net\/canarytools\/wp-content\/uploads\/2020\/05\/729-REF.YOUNG_.-Unidades-de-recuperacion-reciclaje-vacio-y-carga-de-AC.jpg\",\"contentUrl\":\"https:\/\/mantenimientosinformaticos.net\/canarytools\/wp-content\/uploads\/2020\/05\/729-REF.YOUNG_.-Unidades-de-recuperacion-reciclaje-vacio-y-carga-de-AC.jpg\",\"width\":368,\"height\":535,\"caption\":\"REF.:YOUNG. Unidades de recuperaci\u00f3n, reciclaje, vac\u00edo y carga de A\/C\"},{\"@type\":\"BreadcrumbList\",\"@id\":\"https:\/\/mantenimientosinformaticos.net\/canarytools\/producto\/unidades-de-recuperacion-reciclaje-vacio-y-carga-de-ac\/#breadcrumb\",\"itemListElement\":[{\"@type\":\"ListItem\",\"position\":1,\"name\":\"Portada\",\"item\":\"https:\/\/mantenimientosinformaticos.net\/canarytools\/\"},{\"@type\":\"ListItem\",\"position\":2,\"name\":\"Tienda\",\"item\":\"https:\/\/mantenimientosinformaticos.net\/canarytools\/tienda\/\"},{\"@type\":\"ListItem\",\"position\":3,\"name\":\"REF.:YOUNG. Unidades de recuperaci\u00f3n, reciclaje, vac\u00edo y carga de A\/C\"}]},{\"@type\":\"WebSite\",\"@id\":\"https:\/\/mantenimientosinformaticos.net\/canarytools\/#website\",\"url\":\"https:\/\/mantenimientosinformaticos.net\/canarytools\/\",\"name\":\"Canarytools S.L.\",\"description\":\"Herramientas y M\u00e1quinas\",\"publisher\":{\"@id\":\"https:\/\/mantenimientosinformaticos.net\/canarytools\/#\/schema\/person\/355e32754b03bb24b681f1b6917e49bf\"},\"potentialAction\":[{\"@type\":\"SearchAction\",\"target\":{\"@type\":\"EntryPoint\",\"urlTemplate\":\"https:\/\/mantenimientosinformaticos.net\/canarytools\/?s={search_term_string}\"},\"query-input\":\"required name=search_term_string\"}],\"inLanguage\":\"es\"},{\"@type\":[\"Person\",\"Organization\"],\"@id\":\"https:\/\/mantenimientosinformaticos.net\/canarytools\/#\/schema\/person\/355e32754b03bb24b681f1b6917e49bf\",\"name\":\"canarytools.xnetdigital\",\"image\":{\"@type\":\"ImageObject\",\"inLanguage\":\"es\",\"@id\":\"https:\/\/mantenimientosinformaticos.net\/canarytools\/#\/schema\/person\/image\/\",\"url\":\"https:\/\/mantenimientosinformaticos.net\/canarytools\/wp-content\/uploads\/2023\/12\/canary-tools-logo.png\",\"contentUrl\":\"https:\/\/mantenimientosinformaticos.net\/canarytools\/wp-content\/uploads\/2023\/12\/canary-tools-logo.png\",\"width\":1302,\"height\":440,\"caption\":\"canarytools.xnetdigital\"},\"logo\":{\"@id\":\"https:\/\/mantenimientosinformaticos.net\/canarytools\/#\/schema\/person\/image\/\"},\"sameAs\":[\"https:\/\/mantenimientosinformaticos.net\/canarytools\"]}]}<\/script>\n<!-- \/ Yoast SEO plugin. -->","yoast_head_json":{"title":"REF.:YOUNG.   Unidades de recuperaci\u00f3n, reciclaje, vac\u00edo y carga de A\/C - Canarytools S.L.","robots":{"index":"index","follow":"follow","max-snippet":"max-snippet:-1","max-image-preview":"max-image-preview:large","max-video-preview":"max-video-preview:-1"},"canonical":"https:\/\/mantenimientosinformaticos.net\/canarytools\/producto\/unidades-de-recuperacion-reciclaje-vacio-y-carga-de-ac\/","og_locale":"es_ES","og_type":"article","og_title":"REF.:YOUNG.   Unidades de recuperaci\u00f3n, reciclaje, vac\u00edo y carga de A\/C - Canarytools S.L.","og_description":"V\u00e1lidos para veh\u00edculos h\u00edbridos y el\u00e9ctricos siempre usando aceite POE compatible y realizando funci\u00f3n de lavado, incluida en todos los equipos, al inicio de cada intervenci\u00f3n. NOTA IMPORTANTE: Los equipos solo pueden trabajar con uno de los refrigerantes indicados. Confirmar refrigerante a usar a la hora de confirmar el pedido. *Equipo fabricado siguiendo especificaciones de directiva VDA, con certificaci\u00f3n CE","og_url":"https:\/\/mantenimientosinformaticos.net\/canarytools\/producto\/unidades-de-recuperacion-reciclaje-vacio-y-carga-de-ac\/","og_site_name":"Canarytools S.L.","og_image":[{"width":368,"height":535,"url":"https:\/\/mantenimientosinformaticos.net\/canarytools\/wp-content\/uploads\/2020\/05\/729-REF.YOUNG_.-Unidades-de-recuperacion-reciclaje-vacio-y-carga-de-AC.jpg","type":"image\/jpeg"}],"twitter_card":"summary_large_image","twitter_misc":{"Tiempo de lectura":"1 minuto"},"schema":{"@context":"https:\/\/schema.org","@graph":[{"@type":"WebPage","@id":"https:\/\/mantenimientosinformaticos.net\/canarytools\/producto\/unidades-de-recuperacion-reciclaje-vacio-y-carga-de-ac\/","url":"https:\/\/mantenimientosinformaticos.net\/canarytools\/producto\/unidades-de-recuperacion-reciclaje-vacio-y-carga-de-ac\/","name":"REF.:YOUNG. Unidades de recuperaci\u00f3n, reciclaje, vac\u00edo y carga de A\/C - Canarytools S.L.","isPartOf":{"@id":"https:\/\/mantenimientosinformaticos.net\/canarytools\/#website"},"primaryImageOfPage":{"@id":"https:\/\/mantenimientosinformaticos.net\/canarytools\/producto\/unidades-de-recuperacion-reciclaje-vacio-y-carga-de-ac\/#primaryimage"},"image":{"@id":"https:\/\/mantenimientosinformaticos.net\/canarytools\/producto\/unidades-de-recuperacion-reciclaje-vacio-y-carga-de-ac\/#primaryimage"},"thumbnailUrl":"https:\/\/mantenimientosinformaticos.net\/canarytools\/wp-content\/uploads\/2020\/05\/729-REF.YOUNG_.-Unidades-de-recuperacion-reciclaje-vacio-y-carga-de-AC.jpg","datePublished":"2020-05-14T17:37:00+00:00","dateModified":"2020-05-14T17:37:00+00:00","breadcrumb":{"@id":"https:\/\/mantenimientosinformaticos.net\/canarytools\/producto\/unidades-de-recuperacion-reciclaje-vacio-y-carga-de-ac\/#breadcrumb"},"inLanguage":"es","potentialAction":[{"@type":"ReadAction","target":["https:\/\/mantenimientosinformaticos.net\/canarytools\/producto\/unidades-de-recuperacion-reciclaje-vacio-y-carga-de-ac\/"]}]},{"@type":"ImageObject","inLanguage":"es","@id":"https:\/\/mantenimientosinformaticos.net\/canarytools\/producto\/unidades-de-recuperacion-reciclaje-vacio-y-carga-de-ac\/#primaryimage","url":"https:\/\/mantenimientosinformaticos.net\/canarytools\/wp-content\/uploads\/2020\/05\/729-REF.YOUNG_.-Unidades-de-recuperacion-reciclaje-vacio-y-carga-de-AC.jpg","contentUrl":"https:\/\/mantenimientosinformaticos.net\/canarytools\/wp-content\/uploads\/2020\/05\/729-REF.YOUNG_.-Unidades-de-recuperacion-reciclaje-vacio-y-carga-de-AC.jpg","width":368,"height":535,"caption":"REF.:YOUNG. Unidades de recuperaci\u00f3n, reciclaje, vac\u00edo y carga de A\/C"},{"@type":"BreadcrumbList","@id":"https:\/\/mantenimientosinformaticos.net\/canarytools\/producto\/unidades-de-recuperacion-reciclaje-vacio-y-carga-de-ac\/#breadcrumb","itemListElement":[{"@type":"ListItem","position":1,"name":"Portada","item":"https:\/\/mantenimientosinformaticos.net\/canarytools\/"},{"@type":"ListItem","position":2,"name":"Tienda","item":"https:\/\/mantenimientosinformaticos.net\/canarytools\/tienda\/"},{"@type":"ListItem","position":3,"name":"REF.:YOUNG. Unidades de recuperaci\u00f3n, reciclaje, vac\u00edo y carga de A\/C"}]},{"@type":"WebSite","@id":"https:\/\/mantenimientosinformaticos.net\/canarytools\/#website","url":"https:\/\/mantenimientosinformaticos.net\/canarytools\/","name":"Canarytools S.L.","description":"Herramientas y M\u00e1quinas","publisher":{"@id":"https:\/\/mantenimientosinformaticos.net\/canarytools\/#\/schema\/person\/355e32754b03bb24b681f1b6917e49bf"},"potentialAction":[{"@type":"SearchAction","target":{"@type":"EntryPoint","urlTemplate":"https:\/\/mantenimientosinformaticos.net\/canarytools\/?s={search_term_string}"},"query-input":"required name=search_term_string"}],"inLanguage":"es"},{"@type":["Person","Organization"],"@id":"https:\/\/mantenimientosinformaticos.net\/canarytools\/#\/schema\/person\/355e32754b03bb24b681f1b6917e49bf","name":"canarytools.xnetdigital","image":{"@type":"ImageObject","inLanguage":"es","@id":"https:\/\/mantenimientosinformaticos.net\/canarytools\/#\/schema\/person\/image\/","url":"https:\/\/mantenimientosinformaticos.net\/canarytools\/wp-content\/uploads\/2023\/12\/canary-tools-logo.png","contentUrl":"https:\/\/mantenimientosinformaticos.net\/canarytools\/wp-content\/uploads\/2023\/12\/canary-tools-logo.png","width":1302,"height":440,"caption":"canarytools.xnetdigital"},"logo":{"@id":"https:\/\/mantenimientosinformaticos.net\/canarytools\/#\/schema\/person\/image\/"},"sameAs":["https:\/\/mantenimientosinformaticos.net\/canarytools"]}]}},"_links":{"self":[{"href":"https:\/\/mantenimientosinformaticos.net\/canarytools\/wp-json\/wp\/v2\/product\/5161","targetHints":{"allow":["GET"]}}],"collection":[{"href":"https:\/\/mantenimientosinformaticos.net\/canarytools\/wp-json\/wp\/v2\/product"}],"about":[{"href":"https:\/\/mantenimientosinformaticos.net\/canarytools\/wp-json\/wp\/v2\/types\/product"}],"replies":[{"embeddable":true,"href":"https:\/\/mantenimientosinformaticos.net\/canarytools\/wp-json\/wp\/v2\/comments?post=5161"}],"wp:featuredmedia":[{"embeddable":true,"href":"https:\/\/mantenimientosinformaticos.net\/canarytools\/wp-json\/wp\/v2\/media\/5160"}],"wp:attachment":[{"href":"https:\/\/mantenimientosinformaticos.net\/canarytools\/wp-json\/wp\/v2\/media?parent=5161"}],"wp:term":[{"taxonomy":"product_cat","embeddable":true,"href":"https:\/\/mantenimientosinformaticos.net\/canarytools\/wp-json\/wp\/v2\/product_cat?post=5161"},{"taxonomy":"product_tag","embeddable":true,"href":"https:\/\/mantenimientosinformaticos.net\/canarytools\/wp-json\/wp\/v2\/product_tag?post=5161"}],"curies":[{"name":"wp","href":"https:\/\/api.w.org\/{rel}","templated":true}]}}