{"id":5155,"date":"2020-05-14T19:22:50","date_gmt":"2020-05-14T17:22:50","guid":{"rendered":"https:\/\/mantenimientosinformaticos.net\/canarytools\/producto\/equipo-de-limpieza-y-sustitucion-de-refrigerante\/"},"modified":"2020-05-14T19:22:50","modified_gmt":"2020-05-14T17:22:50","slug":"equipo-de-limpieza-y-sustitucion-de-refrigerante","status":"publish","type":"product","link":"https:\/\/mantenimientosinformaticos.net\/canarytools\/producto\/equipo-de-limpieza-y-sustitucion-de-refrigerante\/","title":{"rendered":"REF.:WX-30D.   Equipo de limpieza y sustituci\u00f3n de refrigerante"},"content":{"rendered":"<p>Presi\u00f3n de funcionamiento (presi\u00f3n): 60 psi<br \/>Peso (peso): 38 kg<br \/>Dimensiones (tama\u00f1o): 365x445x940<br \/>Alcance (alcance): veh\u00edculos medianos de gasolina y di\u00e9sel<\/p>\n<p>\u00a0<\/p>\n","protected":false},"excerpt":{"rendered":"<p>Esta m\u00e1quina puede hacer que el sistema de enfriamiento elimine autom\u00e1ticamente las burbujas de aire puede ser un tanque de refrigerante extra\u00edble individualmente para hacer la circulaci\u00f3n del fluido de limpieza, intercambio sincr\u00f3nico. Aumenta el dise\u00f1o del interior del flujo, acelera la tasa de circulaci\u00f3n, sistema de filtraci\u00f3n de 5 micras. Alcance Simple, seguro, r\u00e1pido y m\u00e1s amplio.<br \/>Fuente de alimentaci\u00f3n (fuerza motriz): neum\u00e1tica (aire)\/el\u00e9ctrica (electrtc) AC220V 50 HZ<\/p>\n","protected":false},"featured_media":5154,"comment_status":"open","ping_status":"closed","template":"","meta":[],"product_cat":[490,492,552],"product_tag":[],"class_list":{"0":"post-5155","1":"product","2":"type-product","3":"status-publish","4":"has-post-thumbnail","6":"product_cat-inicio","7":"product_cat-equipo-de-talleres","8":"product_cat-equipo-de-limpieza","10":"first","11":"instock","12":"shipping-taxable","13":"purchasable","14":"product-type-simple"},"yoast_head":"<!-- This site is optimized with the Yoast SEO plugin v22.7 - https:\/\/yoast.com\/wordpress\/plugins\/seo\/ -->\n<title>REF.:WX-30D.  Equipo de limpieza y sustituci\u00f3n de refrigerante - Canarytools S.L.<\/title>\n<meta name=\"robots\" content=\"index, follow, max-snippet:-1, max-image-preview:large, max-video-preview:-1\" \/>\n<link rel=\"canonical\" href=\"https:\/\/mantenimientosinformaticos.net\/canarytools\/producto\/equipo-de-limpieza-y-sustitucion-de-refrigerante\/\" \/>\n<meta property=\"og:locale\" content=\"es_ES\" \/>\n<meta property=\"og:type\" content=\"article\" \/>\n<meta property=\"og:title\" content=\"REF.:WX-30D.  Equipo de limpieza y sustituci\u00f3n de refrigerante - Canarytools S.L.\" \/>\n<meta property=\"og:description\" content=\"Esta m\u00e1quina puede hacer que el sistema de enfriamiento elimine autom\u00e1ticamente las burbujas de aire puede ser un tanque de refrigerante extra\u00edble individualmente para hacer la circulaci\u00f3n del fluido de limpieza, intercambio sincr\u00f3nico. Aumenta el dise\u00f1o del interior del flujo, acelera la tasa de circulaci\u00f3n, sistema de filtraci\u00f3n de 5 micras. Alcance Simple, seguro, r\u00e1pido y m\u00e1s amplio.Fuente de alimentaci\u00f3n (fuerza motriz): neum\u00e1tica (aire)\/el\u00e9ctrica (electrtc) AC220V 50 HZ\" \/>\n<meta property=\"og:url\" content=\"https:\/\/mantenimientosinformaticos.net\/canarytools\/producto\/equipo-de-limpieza-y-sustitucion-de-refrigerante\/\" \/>\n<meta property=\"og:site_name\" content=\"Canarytools S.L.\" \/>\n<meta property=\"og:image\" content=\"https:\/\/mantenimientosinformaticos.net\/canarytools\/wp-content\/uploads\/2020\/05\/726-REF.WX-30D.-Equipo-de-limpieza-y-sustitucion-de-refrigerante.jpg\" \/>\n\t<meta property=\"og:image:width\" content=\"172\" \/>\n\t<meta property=\"og:image:height\" content=\"260\" \/>\n\t<meta property=\"og:image:type\" content=\"image\/jpeg\" \/>\n<meta name=\"twitter:card\" content=\"summary_large_image\" \/>\n<script type=\"application\/ld+json\" class=\"yoast-schema-graph\">{\"@context\":\"https:\/\/schema.org\",\"@graph\":[{\"@type\":\"WebPage\",\"@id\":\"https:\/\/mantenimientosinformaticos.net\/canarytools\/producto\/equipo-de-limpieza-y-sustitucion-de-refrigerante\/\",\"url\":\"https:\/\/mantenimientosinformaticos.net\/canarytools\/producto\/equipo-de-limpieza-y-sustitucion-de-refrigerante\/\",\"name\":\"REF.:WX-30D. Equipo de limpieza y sustituci\u00f3n de refrigerante - Canarytools S.L.\",\"isPartOf\":{\"@id\":\"https:\/\/mantenimientosinformaticos.net\/canarytools\/#website\"},\"primaryImageOfPage\":{\"@id\":\"https:\/\/mantenimientosinformaticos.net\/canarytools\/producto\/equipo-de-limpieza-y-sustitucion-de-refrigerante\/#primaryimage\"},\"image\":{\"@id\":\"https:\/\/mantenimientosinformaticos.net\/canarytools\/producto\/equipo-de-limpieza-y-sustitucion-de-refrigerante\/#primaryimage\"},\"thumbnailUrl\":\"https:\/\/mantenimientosinformaticos.net\/canarytools\/wp-content\/uploads\/2020\/05\/726-REF.WX-30D.-Equipo-de-limpieza-y-sustitucion-de-refrigerante.jpg\",\"datePublished\":\"2020-05-14T17:22:50+00:00\",\"dateModified\":\"2020-05-14T17:22:50+00:00\",\"breadcrumb\":{\"@id\":\"https:\/\/mantenimientosinformaticos.net\/canarytools\/producto\/equipo-de-limpieza-y-sustitucion-de-refrigerante\/#breadcrumb\"},\"inLanguage\":\"es\",\"potentialAction\":[{\"@type\":\"ReadAction\",\"target\":[\"https:\/\/mantenimientosinformaticos.net\/canarytools\/producto\/equipo-de-limpieza-y-sustitucion-de-refrigerante\/\"]}]},{\"@type\":\"ImageObject\",\"inLanguage\":\"es\",\"@id\":\"https:\/\/mantenimientosinformaticos.net\/canarytools\/producto\/equipo-de-limpieza-y-sustitucion-de-refrigerante\/#primaryimage\",\"url\":\"https:\/\/mantenimientosinformaticos.net\/canarytools\/wp-content\/uploads\/2020\/05\/726-REF.WX-30D.-Equipo-de-limpieza-y-sustitucion-de-refrigerante.jpg\",\"contentUrl\":\"https:\/\/mantenimientosinformaticos.net\/canarytools\/wp-content\/uploads\/2020\/05\/726-REF.WX-30D.-Equipo-de-limpieza-y-sustitucion-de-refrigerante.jpg\",\"width\":172,\"height\":260,\"caption\":\"REF.:WX-30D. Equipo de limpieza y sustituci\u00f3n de refrigerante\"},{\"@type\":\"BreadcrumbList\",\"@id\":\"https:\/\/mantenimientosinformaticos.net\/canarytools\/producto\/equipo-de-limpieza-y-sustitucion-de-refrigerante\/#breadcrumb\",\"itemListElement\":[{\"@type\":\"ListItem\",\"position\":1,\"name\":\"Portada\",\"item\":\"https:\/\/mantenimientosinformaticos.net\/canarytools\/\"},{\"@type\":\"ListItem\",\"position\":2,\"name\":\"Tienda\",\"item\":\"https:\/\/mantenimientosinformaticos.net\/canarytools\/tienda\/\"},{\"@type\":\"ListItem\",\"position\":3,\"name\":\"REF.:WX-30D. Equipo de limpieza y sustituci\u00f3n de refrigerante\"}]},{\"@type\":\"WebSite\",\"@id\":\"https:\/\/mantenimientosinformaticos.net\/canarytools\/#website\",\"url\":\"https:\/\/mantenimientosinformaticos.net\/canarytools\/\",\"name\":\"Canarytools S.L.\",\"description\":\"Herramientas y M\u00e1quinas\",\"publisher\":{\"@id\":\"https:\/\/mantenimientosinformaticos.net\/canarytools\/#\/schema\/person\/355e32754b03bb24b681f1b6917e49bf\"},\"potentialAction\":[{\"@type\":\"SearchAction\",\"target\":{\"@type\":\"EntryPoint\",\"urlTemplate\":\"https:\/\/mantenimientosinformaticos.net\/canarytools\/?s={search_term_string}\"},\"query-input\":\"required name=search_term_string\"}],\"inLanguage\":\"es\"},{\"@type\":[\"Person\",\"Organization\"],\"@id\":\"https:\/\/mantenimientosinformaticos.net\/canarytools\/#\/schema\/person\/355e32754b03bb24b681f1b6917e49bf\",\"name\":\"canarytools.xnetdigital\",\"image\":{\"@type\":\"ImageObject\",\"inLanguage\":\"es\",\"@id\":\"https:\/\/mantenimientosinformaticos.net\/canarytools\/#\/schema\/person\/image\/\",\"url\":\"https:\/\/mantenimientosinformaticos.net\/canarytools\/wp-content\/uploads\/2023\/12\/canary-tools-logo.png\",\"contentUrl\":\"https:\/\/mantenimientosinformaticos.net\/canarytools\/wp-content\/uploads\/2023\/12\/canary-tools-logo.png\",\"width\":1302,\"height\":440,\"caption\":\"canarytools.xnetdigital\"},\"logo\":{\"@id\":\"https:\/\/mantenimientosinformaticos.net\/canarytools\/#\/schema\/person\/image\/\"},\"sameAs\":[\"https:\/\/mantenimientosinformaticos.net\/canarytools\"]}]}<\/script>\n<!-- \/ Yoast SEO plugin. -->","yoast_head_json":{"title":"REF.:WX-30D.  Equipo de limpieza y sustituci\u00f3n de refrigerante - Canarytools S.L.","robots":{"index":"index","follow":"follow","max-snippet":"max-snippet:-1","max-image-preview":"max-image-preview:large","max-video-preview":"max-video-preview:-1"},"canonical":"https:\/\/mantenimientosinformaticos.net\/canarytools\/producto\/equipo-de-limpieza-y-sustitucion-de-refrigerante\/","og_locale":"es_ES","og_type":"article","og_title":"REF.:WX-30D.  Equipo de limpieza y sustituci\u00f3n de refrigerante - Canarytools S.L.","og_description":"Esta m\u00e1quina puede hacer que el sistema de enfriamiento elimine autom\u00e1ticamente las burbujas de aire puede ser un tanque de refrigerante extra\u00edble individualmente para hacer la circulaci\u00f3n del fluido de limpieza, intercambio sincr\u00f3nico. Aumenta el dise\u00f1o del interior del flujo, acelera la tasa de circulaci\u00f3n, sistema de filtraci\u00f3n de 5 micras. Alcance Simple, seguro, r\u00e1pido y m\u00e1s amplio.Fuente de alimentaci\u00f3n (fuerza motriz): neum\u00e1tica (aire)\/el\u00e9ctrica (electrtc) AC220V 50 HZ","og_url":"https:\/\/mantenimientosinformaticos.net\/canarytools\/producto\/equipo-de-limpieza-y-sustitucion-de-refrigerante\/","og_site_name":"Canarytools S.L.","og_image":[{"width":172,"height":260,"url":"https:\/\/mantenimientosinformaticos.net\/canarytools\/wp-content\/uploads\/2020\/05\/726-REF.WX-30D.-Equipo-de-limpieza-y-sustitucion-de-refrigerante.jpg","type":"image\/jpeg"}],"twitter_card":"summary_large_image","schema":{"@context":"https:\/\/schema.org","@graph":[{"@type":"WebPage","@id":"https:\/\/mantenimientosinformaticos.net\/canarytools\/producto\/equipo-de-limpieza-y-sustitucion-de-refrigerante\/","url":"https:\/\/mantenimientosinformaticos.net\/canarytools\/producto\/equipo-de-limpieza-y-sustitucion-de-refrigerante\/","name":"REF.:WX-30D. Equipo de limpieza y sustituci\u00f3n de refrigerante - Canarytools S.L.","isPartOf":{"@id":"https:\/\/mantenimientosinformaticos.net\/canarytools\/#website"},"primaryImageOfPage":{"@id":"https:\/\/mantenimientosinformaticos.net\/canarytools\/producto\/equipo-de-limpieza-y-sustitucion-de-refrigerante\/#primaryimage"},"image":{"@id":"https:\/\/mantenimientosinformaticos.net\/canarytools\/producto\/equipo-de-limpieza-y-sustitucion-de-refrigerante\/#primaryimage"},"thumbnailUrl":"https:\/\/mantenimientosinformaticos.net\/canarytools\/wp-content\/uploads\/2020\/05\/726-REF.WX-30D.-Equipo-de-limpieza-y-sustitucion-de-refrigerante.jpg","datePublished":"2020-05-14T17:22:50+00:00","dateModified":"2020-05-14T17:22:50+00:00","breadcrumb":{"@id":"https:\/\/mantenimientosinformaticos.net\/canarytools\/producto\/equipo-de-limpieza-y-sustitucion-de-refrigerante\/#breadcrumb"},"inLanguage":"es","potentialAction":[{"@type":"ReadAction","target":["https:\/\/mantenimientosinformaticos.net\/canarytools\/producto\/equipo-de-limpieza-y-sustitucion-de-refrigerante\/"]}]},{"@type":"ImageObject","inLanguage":"es","@id":"https:\/\/mantenimientosinformaticos.net\/canarytools\/producto\/equipo-de-limpieza-y-sustitucion-de-refrigerante\/#primaryimage","url":"https:\/\/mantenimientosinformaticos.net\/canarytools\/wp-content\/uploads\/2020\/05\/726-REF.WX-30D.-Equipo-de-limpieza-y-sustitucion-de-refrigerante.jpg","contentUrl":"https:\/\/mantenimientosinformaticos.net\/canarytools\/wp-content\/uploads\/2020\/05\/726-REF.WX-30D.-Equipo-de-limpieza-y-sustitucion-de-refrigerante.jpg","width":172,"height":260,"caption":"REF.:WX-30D. Equipo de limpieza y sustituci\u00f3n de refrigerante"},{"@type":"BreadcrumbList","@id":"https:\/\/mantenimientosinformaticos.net\/canarytools\/producto\/equipo-de-limpieza-y-sustitucion-de-refrigerante\/#breadcrumb","itemListElement":[{"@type":"ListItem","position":1,"name":"Portada","item":"https:\/\/mantenimientosinformaticos.net\/canarytools\/"},{"@type":"ListItem","position":2,"name":"Tienda","item":"https:\/\/mantenimientosinformaticos.net\/canarytools\/tienda\/"},{"@type":"ListItem","position":3,"name":"REF.:WX-30D. Equipo de limpieza y sustituci\u00f3n de refrigerante"}]},{"@type":"WebSite","@id":"https:\/\/mantenimientosinformaticos.net\/canarytools\/#website","url":"https:\/\/mantenimientosinformaticos.net\/canarytools\/","name":"Canarytools S.L.","description":"Herramientas y M\u00e1quinas","publisher":{"@id":"https:\/\/mantenimientosinformaticos.net\/canarytools\/#\/schema\/person\/355e32754b03bb24b681f1b6917e49bf"},"potentialAction":[{"@type":"SearchAction","target":{"@type":"EntryPoint","urlTemplate":"https:\/\/mantenimientosinformaticos.net\/canarytools\/?s={search_term_string}"},"query-input":"required name=search_term_string"}],"inLanguage":"es"},{"@type":["Person","Organization"],"@id":"https:\/\/mantenimientosinformaticos.net\/canarytools\/#\/schema\/person\/355e32754b03bb24b681f1b6917e49bf","name":"canarytools.xnetdigital","image":{"@type":"ImageObject","inLanguage":"es","@id":"https:\/\/mantenimientosinformaticos.net\/canarytools\/#\/schema\/person\/image\/","url":"https:\/\/mantenimientosinformaticos.net\/canarytools\/wp-content\/uploads\/2023\/12\/canary-tools-logo.png","contentUrl":"https:\/\/mantenimientosinformaticos.net\/canarytools\/wp-content\/uploads\/2023\/12\/canary-tools-logo.png","width":1302,"height":440,"caption":"canarytools.xnetdigital"},"logo":{"@id":"https:\/\/mantenimientosinformaticos.net\/canarytools\/#\/schema\/person\/image\/"},"sameAs":["https:\/\/mantenimientosinformaticos.net\/canarytools"]}]}},"_links":{"self":[{"href":"https:\/\/mantenimientosinformaticos.net\/canarytools\/wp-json\/wp\/v2\/product\/5155","targetHints":{"allow":["GET"]}}],"collection":[{"href":"https:\/\/mantenimientosinformaticos.net\/canarytools\/wp-json\/wp\/v2\/product"}],"about":[{"href":"https:\/\/mantenimientosinformaticos.net\/canarytools\/wp-json\/wp\/v2\/types\/product"}],"replies":[{"embeddable":true,"href":"https:\/\/mantenimientosinformaticos.net\/canarytools\/wp-json\/wp\/v2\/comments?post=5155"}],"wp:featuredmedia":[{"embeddable":true,"href":"https:\/\/mantenimientosinformaticos.net\/canarytools\/wp-json\/wp\/v2\/media\/5154"}],"wp:attachment":[{"href":"https:\/\/mantenimientosinformaticos.net\/canarytools\/wp-json\/wp\/v2\/media?parent=5155"}],"wp:term":[{"taxonomy":"product_cat","embeddable":true,"href":"https:\/\/mantenimientosinformaticos.net\/canarytools\/wp-json\/wp\/v2\/product_cat?post=5155"},{"taxonomy":"product_tag","embeddable":true,"href":"https:\/\/mantenimientosinformaticos.net\/canarytools\/wp-json\/wp\/v2\/product_tag?post=5155"}],"curies":[{"name":"wp","href":"https:\/\/api.w.org\/{rel}","templated":true}]}}