{"id":5153,"date":"2020-05-14T19:14:25","date_gmt":"2020-05-14T17:14:25","guid":{"rendered":"https:\/\/mantenimientosinformaticos.net\/canarytools\/producto\/sistema-electronico-para-la-reparacion-de-chapas-digital-puller-5500-de-400v\/"},"modified":"2020-05-14T19:14:25","modified_gmt":"2020-05-14T17:14:25","slug":"sistema-electronico-para-la-reparacion-de-chapas-digital-puller-5500-de-400v","status":"publish","type":"product","link":"https:\/\/mantenimientosinformaticos.net\/canarytools\/producto\/sistema-electronico-para-la-reparacion-de-chapas-digital-puller-5500-de-400v\/","title":{"rendered":"REF.:103 828119       Sistema electr\u00f3nico para la reparaci\u00f3n de chapas, digital PULLER 5500 de 400v"},"content":{"rendered":"<p>Equipado con: <br \/>pistola neum\u00e1tica<br \/>cable de masa con masa para punteado<br \/>extractor<br \/>mandril <br \/>estrellas para tracci\u00f3n<\/p>\n","protected":false},"excerpt":{"rendered":"<p>Controdado por microprocesador, adecuado para aplicaciones en carrocer\u00eda. <br \/>El panel digital LCD, multifunci\u00f3n permite la regulaci\u00f3n autom\u00e1tica de los par\u00e1metros de punteado en funci\u00f3n de la herramienta elegida.<\/p>\n","protected":false},"featured_media":5152,"comment_status":"open","ping_status":"closed","template":"","meta":[],"product_cat":[492,549],"product_tag":[],"class_list":{"0":"post-5153","1":"product","2":"type-product","3":"status-publish","4":"has-post-thumbnail","6":"product_cat-equipo-de-talleres","7":"product_cat-soldadora","9":"first","10":"onbackorder","11":"shipping-taxable","12":"purchasable","13":"product-type-simple"},"yoast_head":"<!-- This site is optimized with the Yoast SEO plugin v22.7 - https:\/\/yoast.com\/wordpress\/plugins\/seo\/ -->\n<title>REF.:103 828119    Sistema electr\u00f3nico para la reparaci\u00f3n de chapas, digital PULLER 5500 de 400v - Canarytools S.L.<\/title>\n<meta name=\"robots\" content=\"index, follow, max-snippet:-1, max-image-preview:large, max-video-preview:-1\" \/>\n<link rel=\"canonical\" href=\"https:\/\/mantenimientosinformaticos.net\/canarytools\/producto\/sistema-electronico-para-la-reparacion-de-chapas-digital-puller-5500-de-400v\/\" \/>\n<meta property=\"og:locale\" content=\"es_ES\" \/>\n<meta property=\"og:type\" content=\"article\" \/>\n<meta property=\"og:title\" content=\"REF.:103 828119    Sistema electr\u00f3nico para la reparaci\u00f3n de chapas, digital PULLER 5500 de 400v - Canarytools S.L.\" \/>\n<meta property=\"og:description\" content=\"Controdado por microprocesador, adecuado para aplicaciones en carrocer\u00eda. El panel digital LCD, multifunci\u00f3n permite la regulaci\u00f3n autom\u00e1tica de los par\u00e1metros de punteado en funci\u00f3n de la herramienta elegida.\" \/>\n<meta property=\"og:url\" content=\"https:\/\/mantenimientosinformaticos.net\/canarytools\/producto\/sistema-electronico-para-la-reparacion-de-chapas-digital-puller-5500-de-400v\/\" \/>\n<meta property=\"og:site_name\" content=\"Canarytools S.L.\" \/>\n<meta property=\"og:image\" content=\"https:\/\/mantenimientosinformaticos.net\/canarytools\/wp-content\/uploads\/2020\/05\/725-REF.103-828119-Sistema-electronico-para-la-reparacion-de-chapas-digital-PULLER-5500-de-400v.jpg\" \/>\n\t<meta property=\"og:image:width\" content=\"1602\" \/>\n\t<meta property=\"og:image:height\" content=\"1036\" \/>\n\t<meta property=\"og:image:type\" content=\"image\/jpeg\" \/>\n<meta name=\"twitter:card\" content=\"summary_large_image\" \/>\n<script type=\"application\/ld+json\" class=\"yoast-schema-graph\">{\"@context\":\"https:\/\/schema.org\",\"@graph\":[{\"@type\":\"WebPage\",\"@id\":\"https:\/\/mantenimientosinformaticos.net\/canarytools\/producto\/sistema-electronico-para-la-reparacion-de-chapas-digital-puller-5500-de-400v\/\",\"url\":\"https:\/\/mantenimientosinformaticos.net\/canarytools\/producto\/sistema-electronico-para-la-reparacion-de-chapas-digital-puller-5500-de-400v\/\",\"name\":\"REF.:103 828119 Sistema electr\u00f3nico para la reparaci\u00f3n de chapas, digital PULLER 5500 de 400v - Canarytools S.L.\",\"isPartOf\":{\"@id\":\"https:\/\/mantenimientosinformaticos.net\/canarytools\/#website\"},\"primaryImageOfPage\":{\"@id\":\"https:\/\/mantenimientosinformaticos.net\/canarytools\/producto\/sistema-electronico-para-la-reparacion-de-chapas-digital-puller-5500-de-400v\/#primaryimage\"},\"image\":{\"@id\":\"https:\/\/mantenimientosinformaticos.net\/canarytools\/producto\/sistema-electronico-para-la-reparacion-de-chapas-digital-puller-5500-de-400v\/#primaryimage\"},\"thumbnailUrl\":\"https:\/\/mantenimientosinformaticos.net\/canarytools\/wp-content\/uploads\/2020\/05\/725-REF.103-828119-Sistema-electronico-para-la-reparacion-de-chapas-digital-PULLER-5500-de-400v.jpg\",\"datePublished\":\"2020-05-14T17:14:25+00:00\",\"dateModified\":\"2020-05-14T17:14:25+00:00\",\"breadcrumb\":{\"@id\":\"https:\/\/mantenimientosinformaticos.net\/canarytools\/producto\/sistema-electronico-para-la-reparacion-de-chapas-digital-puller-5500-de-400v\/#breadcrumb\"},\"inLanguage\":\"es\",\"potentialAction\":[{\"@type\":\"ReadAction\",\"target\":[\"https:\/\/mantenimientosinformaticos.net\/canarytools\/producto\/sistema-electronico-para-la-reparacion-de-chapas-digital-puller-5500-de-400v\/\"]}]},{\"@type\":\"ImageObject\",\"inLanguage\":\"es\",\"@id\":\"https:\/\/mantenimientosinformaticos.net\/canarytools\/producto\/sistema-electronico-para-la-reparacion-de-chapas-digital-puller-5500-de-400v\/#primaryimage\",\"url\":\"https:\/\/mantenimientosinformaticos.net\/canarytools\/wp-content\/uploads\/2020\/05\/725-REF.103-828119-Sistema-electronico-para-la-reparacion-de-chapas-digital-PULLER-5500-de-400v.jpg\",\"contentUrl\":\"https:\/\/mantenimientosinformaticos.net\/canarytools\/wp-content\/uploads\/2020\/05\/725-REF.103-828119-Sistema-electronico-para-la-reparacion-de-chapas-digital-PULLER-5500-de-400v.jpg\",\"width\":1602,\"height\":1036,\"caption\":\"REF.:103 828119 Sistema electr\u00f3nico para la reparaci\u00f3n de chapas, digital PULLER 5500 de 400v\"},{\"@type\":\"BreadcrumbList\",\"@id\":\"https:\/\/mantenimientosinformaticos.net\/canarytools\/producto\/sistema-electronico-para-la-reparacion-de-chapas-digital-puller-5500-de-400v\/#breadcrumb\",\"itemListElement\":[{\"@type\":\"ListItem\",\"position\":1,\"name\":\"Portada\",\"item\":\"https:\/\/mantenimientosinformaticos.net\/canarytools\/\"},{\"@type\":\"ListItem\",\"position\":2,\"name\":\"Tienda\",\"item\":\"https:\/\/mantenimientosinformaticos.net\/canarytools\/tienda\/\"},{\"@type\":\"ListItem\",\"position\":3,\"name\":\"REF.:103 828119 Sistema electr\u00f3nico para la reparaci\u00f3n de chapas, digital PULLER 5500 de 400v\"}]},{\"@type\":\"WebSite\",\"@id\":\"https:\/\/mantenimientosinformaticos.net\/canarytools\/#website\",\"url\":\"https:\/\/mantenimientosinformaticos.net\/canarytools\/\",\"name\":\"Canarytools S.L.\",\"description\":\"Herramientas y M\u00e1quinas\",\"publisher\":{\"@id\":\"https:\/\/mantenimientosinformaticos.net\/canarytools\/#\/schema\/person\/355e32754b03bb24b681f1b6917e49bf\"},\"potentialAction\":[{\"@type\":\"SearchAction\",\"target\":{\"@type\":\"EntryPoint\",\"urlTemplate\":\"https:\/\/mantenimientosinformaticos.net\/canarytools\/?s={search_term_string}\"},\"query-input\":\"required name=search_term_string\"}],\"inLanguage\":\"es\"},{\"@type\":[\"Person\",\"Organization\"],\"@id\":\"https:\/\/mantenimientosinformaticos.net\/canarytools\/#\/schema\/person\/355e32754b03bb24b681f1b6917e49bf\",\"name\":\"canarytools.xnetdigital\",\"image\":{\"@type\":\"ImageObject\",\"inLanguage\":\"es\",\"@id\":\"https:\/\/mantenimientosinformaticos.net\/canarytools\/#\/schema\/person\/image\/\",\"url\":\"https:\/\/mantenimientosinformaticos.net\/canarytools\/wp-content\/uploads\/2023\/12\/canary-tools-logo.png\",\"contentUrl\":\"https:\/\/mantenimientosinformaticos.net\/canarytools\/wp-content\/uploads\/2023\/12\/canary-tools-logo.png\",\"width\":1302,\"height\":440,\"caption\":\"canarytools.xnetdigital\"},\"logo\":{\"@id\":\"https:\/\/mantenimientosinformaticos.net\/canarytools\/#\/schema\/person\/image\/\"},\"sameAs\":[\"https:\/\/mantenimientosinformaticos.net\/canarytools\"]}]}<\/script>\n<!-- \/ Yoast SEO plugin. -->","yoast_head_json":{"title":"REF.:103 828119    Sistema electr\u00f3nico para la reparaci\u00f3n de chapas, digital PULLER 5500 de 400v - Canarytools S.L.","robots":{"index":"index","follow":"follow","max-snippet":"max-snippet:-1","max-image-preview":"max-image-preview:large","max-video-preview":"max-video-preview:-1"},"canonical":"https:\/\/mantenimientosinformaticos.net\/canarytools\/producto\/sistema-electronico-para-la-reparacion-de-chapas-digital-puller-5500-de-400v\/","og_locale":"es_ES","og_type":"article","og_title":"REF.:103 828119    Sistema electr\u00f3nico para la reparaci\u00f3n de chapas, digital PULLER 5500 de 400v - Canarytools S.L.","og_description":"Controdado por microprocesador, adecuado para aplicaciones en carrocer\u00eda. El panel digital LCD, multifunci\u00f3n permite la regulaci\u00f3n autom\u00e1tica de los par\u00e1metros de punteado en funci\u00f3n de la herramienta elegida.","og_url":"https:\/\/mantenimientosinformaticos.net\/canarytools\/producto\/sistema-electronico-para-la-reparacion-de-chapas-digital-puller-5500-de-400v\/","og_site_name":"Canarytools S.L.","og_image":[{"width":1602,"height":1036,"url":"https:\/\/mantenimientosinformaticos.net\/canarytools\/wp-content\/uploads\/2020\/05\/725-REF.103-828119-Sistema-electronico-para-la-reparacion-de-chapas-digital-PULLER-5500-de-400v.jpg","type":"image\/jpeg"}],"twitter_card":"summary_large_image","schema":{"@context":"https:\/\/schema.org","@graph":[{"@type":"WebPage","@id":"https:\/\/mantenimientosinformaticos.net\/canarytools\/producto\/sistema-electronico-para-la-reparacion-de-chapas-digital-puller-5500-de-400v\/","url":"https:\/\/mantenimientosinformaticos.net\/canarytools\/producto\/sistema-electronico-para-la-reparacion-de-chapas-digital-puller-5500-de-400v\/","name":"REF.:103 828119 Sistema electr\u00f3nico para la reparaci\u00f3n de chapas, digital PULLER 5500 de 400v - Canarytools S.L.","isPartOf":{"@id":"https:\/\/mantenimientosinformaticos.net\/canarytools\/#website"},"primaryImageOfPage":{"@id":"https:\/\/mantenimientosinformaticos.net\/canarytools\/producto\/sistema-electronico-para-la-reparacion-de-chapas-digital-puller-5500-de-400v\/#primaryimage"},"image":{"@id":"https:\/\/mantenimientosinformaticos.net\/canarytools\/producto\/sistema-electronico-para-la-reparacion-de-chapas-digital-puller-5500-de-400v\/#primaryimage"},"thumbnailUrl":"https:\/\/mantenimientosinformaticos.net\/canarytools\/wp-content\/uploads\/2020\/05\/725-REF.103-828119-Sistema-electronico-para-la-reparacion-de-chapas-digital-PULLER-5500-de-400v.jpg","datePublished":"2020-05-14T17:14:25+00:00","dateModified":"2020-05-14T17:14:25+00:00","breadcrumb":{"@id":"https:\/\/mantenimientosinformaticos.net\/canarytools\/producto\/sistema-electronico-para-la-reparacion-de-chapas-digital-puller-5500-de-400v\/#breadcrumb"},"inLanguage":"es","potentialAction":[{"@type":"ReadAction","target":["https:\/\/mantenimientosinformaticos.net\/canarytools\/producto\/sistema-electronico-para-la-reparacion-de-chapas-digital-puller-5500-de-400v\/"]}]},{"@type":"ImageObject","inLanguage":"es","@id":"https:\/\/mantenimientosinformaticos.net\/canarytools\/producto\/sistema-electronico-para-la-reparacion-de-chapas-digital-puller-5500-de-400v\/#primaryimage","url":"https:\/\/mantenimientosinformaticos.net\/canarytools\/wp-content\/uploads\/2020\/05\/725-REF.103-828119-Sistema-electronico-para-la-reparacion-de-chapas-digital-PULLER-5500-de-400v.jpg","contentUrl":"https:\/\/mantenimientosinformaticos.net\/canarytools\/wp-content\/uploads\/2020\/05\/725-REF.103-828119-Sistema-electronico-para-la-reparacion-de-chapas-digital-PULLER-5500-de-400v.jpg","width":1602,"height":1036,"caption":"REF.:103 828119 Sistema electr\u00f3nico para la reparaci\u00f3n de chapas, digital PULLER 5500 de 400v"},{"@type":"BreadcrumbList","@id":"https:\/\/mantenimientosinformaticos.net\/canarytools\/producto\/sistema-electronico-para-la-reparacion-de-chapas-digital-puller-5500-de-400v\/#breadcrumb","itemListElement":[{"@type":"ListItem","position":1,"name":"Portada","item":"https:\/\/mantenimientosinformaticos.net\/canarytools\/"},{"@type":"ListItem","position":2,"name":"Tienda","item":"https:\/\/mantenimientosinformaticos.net\/canarytools\/tienda\/"},{"@type":"ListItem","position":3,"name":"REF.:103 828119 Sistema electr\u00f3nico para la reparaci\u00f3n de chapas, digital PULLER 5500 de 400v"}]},{"@type":"WebSite","@id":"https:\/\/mantenimientosinformaticos.net\/canarytools\/#website","url":"https:\/\/mantenimientosinformaticos.net\/canarytools\/","name":"Canarytools S.L.","description":"Herramientas y M\u00e1quinas","publisher":{"@id":"https:\/\/mantenimientosinformaticos.net\/canarytools\/#\/schema\/person\/355e32754b03bb24b681f1b6917e49bf"},"potentialAction":[{"@type":"SearchAction","target":{"@type":"EntryPoint","urlTemplate":"https:\/\/mantenimientosinformaticos.net\/canarytools\/?s={search_term_string}"},"query-input":"required name=search_term_string"}],"inLanguage":"es"},{"@type":["Person","Organization"],"@id":"https:\/\/mantenimientosinformaticos.net\/canarytools\/#\/schema\/person\/355e32754b03bb24b681f1b6917e49bf","name":"canarytools.xnetdigital","image":{"@type":"ImageObject","inLanguage":"es","@id":"https:\/\/mantenimientosinformaticos.net\/canarytools\/#\/schema\/person\/image\/","url":"https:\/\/mantenimientosinformaticos.net\/canarytools\/wp-content\/uploads\/2023\/12\/canary-tools-logo.png","contentUrl":"https:\/\/mantenimientosinformaticos.net\/canarytools\/wp-content\/uploads\/2023\/12\/canary-tools-logo.png","width":1302,"height":440,"caption":"canarytools.xnetdigital"},"logo":{"@id":"https:\/\/mantenimientosinformaticos.net\/canarytools\/#\/schema\/person\/image\/"},"sameAs":["https:\/\/mantenimientosinformaticos.net\/canarytools"]}]}},"_links":{"self":[{"href":"https:\/\/mantenimientosinformaticos.net\/canarytools\/wp-json\/wp\/v2\/product\/5153","targetHints":{"allow":["GET"]}}],"collection":[{"href":"https:\/\/mantenimientosinformaticos.net\/canarytools\/wp-json\/wp\/v2\/product"}],"about":[{"href":"https:\/\/mantenimientosinformaticos.net\/canarytools\/wp-json\/wp\/v2\/types\/product"}],"replies":[{"embeddable":true,"href":"https:\/\/mantenimientosinformaticos.net\/canarytools\/wp-json\/wp\/v2\/comments?post=5153"}],"wp:featuredmedia":[{"embeddable":true,"href":"https:\/\/mantenimientosinformaticos.net\/canarytools\/wp-json\/wp\/v2\/media\/5152"}],"wp:attachment":[{"href":"https:\/\/mantenimientosinformaticos.net\/canarytools\/wp-json\/wp\/v2\/media?parent=5153"}],"wp:term":[{"taxonomy":"product_cat","embeddable":true,"href":"https:\/\/mantenimientosinformaticos.net\/canarytools\/wp-json\/wp\/v2\/product_cat?post=5153"},{"taxonomy":"product_tag","embeddable":true,"href":"https:\/\/mantenimientosinformaticos.net\/canarytools\/wp-json\/wp\/v2\/product_tag?post=5153"}],"curies":[{"name":"wp","href":"https:\/\/api.w.org\/{rel}","templated":true}]}}