{"id":5145,"date":"2020-05-14T18:58:16","date_gmt":"2020-05-14T16:58:16","guid":{"rendered":"https:\/\/mantenimientosinformaticos.net\/canarytools\/producto\/soldadora-technomig-180-bi-max\/"},"modified":"2020-05-14T18:58:16","modified_gmt":"2020-05-14T16:58:16","slug":"soldadora-technomig-180-bi-max","status":"publish","type":"product","link":"https:\/\/mantenimientosinformaticos.net\/canarytools\/producto\/soldadora-technomig-180-bi-max\/","title":{"rendered":"REF.:103 816051     Soldadora TecHnomig 180 Bi-max"},"content":{"rendered":"<p>Adem\u00e1s es posible intervenir manualmente en la longitud del arco: esta regulaci\u00f3n permitir\u00e1 modificar la forma del cord\u00f3n de soldadura en funci\u00f3n del estilo del soldador. <br \/>Un bajo peso y la m\u00e1xima compactibilidad adem\u00e1s aseguran una f\u00e1cil transportabilidad a todos los lugares de intervenci\u00f3n, tanto bajo techo como al aire libre. <br \/>Caracter\u00edsticas: <br \/>&#8211; cambio de polaridad para soldadura GAS MIG-MAG\/BRAZING <br \/>&#8211; regulaci\u00f3n sin\u00e9rgica con configuraci\u00f3n solamente del espesor del material <br \/>&#8211; regulaci\u00f3n final de la longitud de arco <br \/>&#8211; 10 curvas sin\u00e9rgicas preparadas <br \/>&#8211; compacta y ligera <br \/>&#8211; protecci\u00f3nes termost\u00e1tica, sobre-tensi\u00f3n, baja-tensi\u00f3n, sobre-corriente, motogenerador (+\/-15%) <br \/>Lista para el uso para soldadura NO GAS\/Flux, transformable en MIG-MAG con el kit opcional. <br \/>Equipada con soplete MIG-MAG, cable y pinza de masa.<\/p>\n","protected":false},"excerpt":{"rendered":"<p>Soldadora inverter de hilo MIG-MAG\/FLUX\/BRAZING controlada con microprocesador. <br \/>La gran flexibilidadde uso y los diferentes materiales soldados (acero, acero inoxidable, aluminio), y soldados con bronce y plata (chapas galvanizadas) confirman Technomig como una soluci\u00f3n \u00f3ptima en una gran variedad de campos de aplicaci\u00f3n, desde el mantenimiento a la instalaci\u00f3n. <br \/>La r\u00e1pida regulaci\u00f3n SIN\u00c9RGICA de los par\u00e1metros de soldadura gracias a la tecnolog\u00eda \u00abONE TOUCH\u00bb, vuelve el producto muysimple de usar. De hecho, es suficiente configurar el espesor del material y empezar a soldar: el control inteligente y autom\u00e1tico del arco, instante por instante, mantendr\u00e1 prestaciones de soldadura elevadas en todas las condiciones de trabajo, con materiales y\/o gases diferentes.<\/p>\n","protected":false},"featured_media":5144,"comment_status":"open","ping_status":"closed","template":"","meta":[],"product_cat":[492,549],"product_tag":[],"class_list":{"0":"post-5145","1":"product","2":"type-product","3":"status-publish","4":"has-post-thumbnail","6":"product_cat-equipo-de-talleres","7":"product_cat-soldadora","9":"first","10":"onbackorder","11":"shipping-taxable","12":"purchasable","13":"product-type-simple"},"yoast_head":"<!-- This site is optimized with the Yoast SEO plugin v22.7 - https:\/\/yoast.com\/wordpress\/plugins\/seo\/ -->\n<title>REF.:103 816051   Soldadora TecHnomig 180 Bi-max - Canarytools S.L.<\/title>\n<meta name=\"robots\" content=\"index, follow, max-snippet:-1, max-image-preview:large, max-video-preview:-1\" \/>\n<link rel=\"canonical\" href=\"https:\/\/mantenimientosinformaticos.net\/canarytools\/producto\/soldadora-technomig-180-bi-max\/\" \/>\n<meta property=\"og:locale\" content=\"es_ES\" \/>\n<meta property=\"og:type\" content=\"article\" \/>\n<meta property=\"og:title\" content=\"REF.:103 816051   Soldadora TecHnomig 180 Bi-max - Canarytools S.L.\" \/>\n<meta property=\"og:description\" content=\"Soldadora inverter de hilo MIG-MAG\/FLUX\/BRAZING controlada con microprocesador. La gran flexibilidadde uso y los diferentes materiales soldados (acero, acero inoxidable, aluminio), y soldados con bronce y plata (chapas galvanizadas) confirman Technomig como una soluci\u00f3n \u00f3ptima en una gran variedad de campos de aplicaci\u00f3n, desde el mantenimiento a la instalaci\u00f3n. La r\u00e1pida regulaci\u00f3n SIN\u00c9RGICA de los par\u00e1metros de soldadura gracias a la tecnolog\u00eda &quot;ONE TOUCH&quot;, vuelve el producto muysimple de usar. De hecho, es suficiente configurar el espesor del material y empezar a soldar: el control inteligente y autom\u00e1tico del arco, instante por instante, mantendr\u00e1 prestaciones de soldadura elevadas en todas las condiciones de trabajo, con materiales y\/o gases diferentes.\" \/>\n<meta property=\"og:url\" content=\"https:\/\/mantenimientosinformaticos.net\/canarytools\/producto\/soldadora-technomig-180-bi-max\/\" \/>\n<meta property=\"og:site_name\" content=\"Canarytools S.L.\" \/>\n<meta property=\"og:image\" content=\"https:\/\/mantenimientosinformaticos.net\/canarytools\/wp-content\/uploads\/2020\/05\/721-REF.103-816051-Soldadora-TecHnomig-180-Bi-max.jpg\" \/>\n\t<meta property=\"og:image:width\" content=\"720\" \/>\n\t<meta property=\"og:image:height\" content=\"697\" \/>\n\t<meta property=\"og:image:type\" content=\"image\/jpeg\" \/>\n<meta name=\"twitter:card\" content=\"summary_large_image\" \/>\n<meta name=\"twitter:label1\" content=\"Tiempo de lectura\" \/>\n\t<meta name=\"twitter:data1\" content=\"1 minuto\" \/>\n<script type=\"application\/ld+json\" class=\"yoast-schema-graph\">{\"@context\":\"https:\/\/schema.org\",\"@graph\":[{\"@type\":\"WebPage\",\"@id\":\"https:\/\/mantenimientosinformaticos.net\/canarytools\/producto\/soldadora-technomig-180-bi-max\/\",\"url\":\"https:\/\/mantenimientosinformaticos.net\/canarytools\/producto\/soldadora-technomig-180-bi-max\/\",\"name\":\"REF.:103 816051 Soldadora TecHnomig 180 Bi-max - Canarytools S.L.\",\"isPartOf\":{\"@id\":\"https:\/\/mantenimientosinformaticos.net\/canarytools\/#website\"},\"primaryImageOfPage\":{\"@id\":\"https:\/\/mantenimientosinformaticos.net\/canarytools\/producto\/soldadora-technomig-180-bi-max\/#primaryimage\"},\"image\":{\"@id\":\"https:\/\/mantenimientosinformaticos.net\/canarytools\/producto\/soldadora-technomig-180-bi-max\/#primaryimage\"},\"thumbnailUrl\":\"https:\/\/mantenimientosinformaticos.net\/canarytools\/wp-content\/uploads\/2020\/05\/721-REF.103-816051-Soldadora-TecHnomig-180-Bi-max.jpg\",\"datePublished\":\"2020-05-14T16:58:16+00:00\",\"dateModified\":\"2020-05-14T16:58:16+00:00\",\"breadcrumb\":{\"@id\":\"https:\/\/mantenimientosinformaticos.net\/canarytools\/producto\/soldadora-technomig-180-bi-max\/#breadcrumb\"},\"inLanguage\":\"es\",\"potentialAction\":[{\"@type\":\"ReadAction\",\"target\":[\"https:\/\/mantenimientosinformaticos.net\/canarytools\/producto\/soldadora-technomig-180-bi-max\/\"]}]},{\"@type\":\"ImageObject\",\"inLanguage\":\"es\",\"@id\":\"https:\/\/mantenimientosinformaticos.net\/canarytools\/producto\/soldadora-technomig-180-bi-max\/#primaryimage\",\"url\":\"https:\/\/mantenimientosinformaticos.net\/canarytools\/wp-content\/uploads\/2020\/05\/721-REF.103-816051-Soldadora-TecHnomig-180-Bi-max.jpg\",\"contentUrl\":\"https:\/\/mantenimientosinformaticos.net\/canarytools\/wp-content\/uploads\/2020\/05\/721-REF.103-816051-Soldadora-TecHnomig-180-Bi-max.jpg\",\"width\":720,\"height\":697,\"caption\":\"REF.:103 816051 Soldadora TecHnomig 180 Bi-max\"},{\"@type\":\"BreadcrumbList\",\"@id\":\"https:\/\/mantenimientosinformaticos.net\/canarytools\/producto\/soldadora-technomig-180-bi-max\/#breadcrumb\",\"itemListElement\":[{\"@type\":\"ListItem\",\"position\":1,\"name\":\"Portada\",\"item\":\"https:\/\/mantenimientosinformaticos.net\/canarytools\/\"},{\"@type\":\"ListItem\",\"position\":2,\"name\":\"Tienda\",\"item\":\"https:\/\/mantenimientosinformaticos.net\/canarytools\/tienda\/\"},{\"@type\":\"ListItem\",\"position\":3,\"name\":\"REF.:103 816051 Soldadora TecHnomig 180 Bi-max\"}]},{\"@type\":\"WebSite\",\"@id\":\"https:\/\/mantenimientosinformaticos.net\/canarytools\/#website\",\"url\":\"https:\/\/mantenimientosinformaticos.net\/canarytools\/\",\"name\":\"Canarytools S.L.\",\"description\":\"Herramientas y M\u00e1quinas\",\"publisher\":{\"@id\":\"https:\/\/mantenimientosinformaticos.net\/canarytools\/#\/schema\/person\/355e32754b03bb24b681f1b6917e49bf\"},\"potentialAction\":[{\"@type\":\"SearchAction\",\"target\":{\"@type\":\"EntryPoint\",\"urlTemplate\":\"https:\/\/mantenimientosinformaticos.net\/canarytools\/?s={search_term_string}\"},\"query-input\":\"required name=search_term_string\"}],\"inLanguage\":\"es\"},{\"@type\":[\"Person\",\"Organization\"],\"@id\":\"https:\/\/mantenimientosinformaticos.net\/canarytools\/#\/schema\/person\/355e32754b03bb24b681f1b6917e49bf\",\"name\":\"canarytools.xnetdigital\",\"image\":{\"@type\":\"ImageObject\",\"inLanguage\":\"es\",\"@id\":\"https:\/\/mantenimientosinformaticos.net\/canarytools\/#\/schema\/person\/image\/\",\"url\":\"https:\/\/mantenimientosinformaticos.net\/canarytools\/wp-content\/uploads\/2023\/12\/canary-tools-logo.png\",\"contentUrl\":\"https:\/\/mantenimientosinformaticos.net\/canarytools\/wp-content\/uploads\/2023\/12\/canary-tools-logo.png\",\"width\":1302,\"height\":440,\"caption\":\"canarytools.xnetdigital\"},\"logo\":{\"@id\":\"https:\/\/mantenimientosinformaticos.net\/canarytools\/#\/schema\/person\/image\/\"},\"sameAs\":[\"https:\/\/mantenimientosinformaticos.net\/canarytools\"]}]}<\/script>\n<!-- \/ Yoast SEO plugin. -->","yoast_head_json":{"title":"REF.:103 816051   Soldadora TecHnomig 180 Bi-max - Canarytools S.L.","robots":{"index":"index","follow":"follow","max-snippet":"max-snippet:-1","max-image-preview":"max-image-preview:large","max-video-preview":"max-video-preview:-1"},"canonical":"https:\/\/mantenimientosinformaticos.net\/canarytools\/producto\/soldadora-technomig-180-bi-max\/","og_locale":"es_ES","og_type":"article","og_title":"REF.:103 816051   Soldadora TecHnomig 180 Bi-max - Canarytools S.L.","og_description":"Soldadora inverter de hilo MIG-MAG\/FLUX\/BRAZING controlada con microprocesador. La gran flexibilidadde uso y los diferentes materiales soldados (acero, acero inoxidable, aluminio), y soldados con bronce y plata (chapas galvanizadas) confirman Technomig como una soluci\u00f3n \u00f3ptima en una gran variedad de campos de aplicaci\u00f3n, desde el mantenimiento a la instalaci\u00f3n. La r\u00e1pida regulaci\u00f3n SIN\u00c9RGICA de los par\u00e1metros de soldadura gracias a la tecnolog\u00eda \"ONE TOUCH\", vuelve el producto muysimple de usar. De hecho, es suficiente configurar el espesor del material y empezar a soldar: el control inteligente y autom\u00e1tico del arco, instante por instante, mantendr\u00e1 prestaciones de soldadura elevadas en todas las condiciones de trabajo, con materiales y\/o gases diferentes.","og_url":"https:\/\/mantenimientosinformaticos.net\/canarytools\/producto\/soldadora-technomig-180-bi-max\/","og_site_name":"Canarytools S.L.","og_image":[{"width":720,"height":697,"url":"https:\/\/mantenimientosinformaticos.net\/canarytools\/wp-content\/uploads\/2020\/05\/721-REF.103-816051-Soldadora-TecHnomig-180-Bi-max.jpg","type":"image\/jpeg"}],"twitter_card":"summary_large_image","twitter_misc":{"Tiempo de lectura":"1 minuto"},"schema":{"@context":"https:\/\/schema.org","@graph":[{"@type":"WebPage","@id":"https:\/\/mantenimientosinformaticos.net\/canarytools\/producto\/soldadora-technomig-180-bi-max\/","url":"https:\/\/mantenimientosinformaticos.net\/canarytools\/producto\/soldadora-technomig-180-bi-max\/","name":"REF.:103 816051 Soldadora TecHnomig 180 Bi-max - Canarytools S.L.","isPartOf":{"@id":"https:\/\/mantenimientosinformaticos.net\/canarytools\/#website"},"primaryImageOfPage":{"@id":"https:\/\/mantenimientosinformaticos.net\/canarytools\/producto\/soldadora-technomig-180-bi-max\/#primaryimage"},"image":{"@id":"https:\/\/mantenimientosinformaticos.net\/canarytools\/producto\/soldadora-technomig-180-bi-max\/#primaryimage"},"thumbnailUrl":"https:\/\/mantenimientosinformaticos.net\/canarytools\/wp-content\/uploads\/2020\/05\/721-REF.103-816051-Soldadora-TecHnomig-180-Bi-max.jpg","datePublished":"2020-05-14T16:58:16+00:00","dateModified":"2020-05-14T16:58:16+00:00","breadcrumb":{"@id":"https:\/\/mantenimientosinformaticos.net\/canarytools\/producto\/soldadora-technomig-180-bi-max\/#breadcrumb"},"inLanguage":"es","potentialAction":[{"@type":"ReadAction","target":["https:\/\/mantenimientosinformaticos.net\/canarytools\/producto\/soldadora-technomig-180-bi-max\/"]}]},{"@type":"ImageObject","inLanguage":"es","@id":"https:\/\/mantenimientosinformaticos.net\/canarytools\/producto\/soldadora-technomig-180-bi-max\/#primaryimage","url":"https:\/\/mantenimientosinformaticos.net\/canarytools\/wp-content\/uploads\/2020\/05\/721-REF.103-816051-Soldadora-TecHnomig-180-Bi-max.jpg","contentUrl":"https:\/\/mantenimientosinformaticos.net\/canarytools\/wp-content\/uploads\/2020\/05\/721-REF.103-816051-Soldadora-TecHnomig-180-Bi-max.jpg","width":720,"height":697,"caption":"REF.:103 816051 Soldadora TecHnomig 180 Bi-max"},{"@type":"BreadcrumbList","@id":"https:\/\/mantenimientosinformaticos.net\/canarytools\/producto\/soldadora-technomig-180-bi-max\/#breadcrumb","itemListElement":[{"@type":"ListItem","position":1,"name":"Portada","item":"https:\/\/mantenimientosinformaticos.net\/canarytools\/"},{"@type":"ListItem","position":2,"name":"Tienda","item":"https:\/\/mantenimientosinformaticos.net\/canarytools\/tienda\/"},{"@type":"ListItem","position":3,"name":"REF.:103 816051 Soldadora TecHnomig 180 Bi-max"}]},{"@type":"WebSite","@id":"https:\/\/mantenimientosinformaticos.net\/canarytools\/#website","url":"https:\/\/mantenimientosinformaticos.net\/canarytools\/","name":"Canarytools S.L.","description":"Herramientas y M\u00e1quinas","publisher":{"@id":"https:\/\/mantenimientosinformaticos.net\/canarytools\/#\/schema\/person\/355e32754b03bb24b681f1b6917e49bf"},"potentialAction":[{"@type":"SearchAction","target":{"@type":"EntryPoint","urlTemplate":"https:\/\/mantenimientosinformaticos.net\/canarytools\/?s={search_term_string}"},"query-input":"required name=search_term_string"}],"inLanguage":"es"},{"@type":["Person","Organization"],"@id":"https:\/\/mantenimientosinformaticos.net\/canarytools\/#\/schema\/person\/355e32754b03bb24b681f1b6917e49bf","name":"canarytools.xnetdigital","image":{"@type":"ImageObject","inLanguage":"es","@id":"https:\/\/mantenimientosinformaticos.net\/canarytools\/#\/schema\/person\/image\/","url":"https:\/\/mantenimientosinformaticos.net\/canarytools\/wp-content\/uploads\/2023\/12\/canary-tools-logo.png","contentUrl":"https:\/\/mantenimientosinformaticos.net\/canarytools\/wp-content\/uploads\/2023\/12\/canary-tools-logo.png","width":1302,"height":440,"caption":"canarytools.xnetdigital"},"logo":{"@id":"https:\/\/mantenimientosinformaticos.net\/canarytools\/#\/schema\/person\/image\/"},"sameAs":["https:\/\/mantenimientosinformaticos.net\/canarytools"]}]}},"_links":{"self":[{"href":"https:\/\/mantenimientosinformaticos.net\/canarytools\/wp-json\/wp\/v2\/product\/5145","targetHints":{"allow":["GET"]}}],"collection":[{"href":"https:\/\/mantenimientosinformaticos.net\/canarytools\/wp-json\/wp\/v2\/product"}],"about":[{"href":"https:\/\/mantenimientosinformaticos.net\/canarytools\/wp-json\/wp\/v2\/types\/product"}],"replies":[{"embeddable":true,"href":"https:\/\/mantenimientosinformaticos.net\/canarytools\/wp-json\/wp\/v2\/comments?post=5145"}],"wp:featuredmedia":[{"embeddable":true,"href":"https:\/\/mantenimientosinformaticos.net\/canarytools\/wp-json\/wp\/v2\/media\/5144"}],"wp:attachment":[{"href":"https:\/\/mantenimientosinformaticos.net\/canarytools\/wp-json\/wp\/v2\/media?parent=5145"}],"wp:term":[{"taxonomy":"product_cat","embeddable":true,"href":"https:\/\/mantenimientosinformaticos.net\/canarytools\/wp-json\/wp\/v2\/product_cat?post=5145"},{"taxonomy":"product_tag","embeddable":true,"href":"https:\/\/mantenimientosinformaticos.net\/canarytools\/wp-json\/wp\/v2\/product_tag?post=5145"}],"curies":[{"name":"wp","href":"https:\/\/api.w.org\/{rel}","templated":true}]}}