{"id":5117,"date":"2020-05-14T16:29:24","date_gmt":"2020-05-14T14:29:24","guid":{"rendered":"https:\/\/mantenimientosinformaticos.net\/canarytools\/producto\/compresor-de-tornillo-75-cv-gama-basicadepositosecado\/"},"modified":"2020-05-14T16:29:24","modified_gmt":"2020-05-14T14:29:24","slug":"compresor-de-tornillo-75-cv-gama-basicadepositosecado","status":"publish","type":"product","link":"https:\/\/mantenimientosinformaticos.net\/canarytools\/producto\/compresor-de-tornillo-75-cv-gama-basicadepositosecado\/","title":{"rendered":"REF.:AIR PLUS 20-500D        Compresor de tornillo 7.5 CV gama b\u00e1sica+dep\u00f3sito+secado"},"content":{"rendered":"<p>Potencia \u00a0 \u00a0 \u00a0 7,5 <br \/>Aspiraci\u00f3n\u00a0\u00a0\u00a0 720<br \/> Presi\u00f3n\u00a0\u00a0\u00a0\u00a0\u00a0\u00a0\u00a0 10 bar<br \/> Calder\u00edn\u00a0\u00a0\u00a0\u00a0\u00a0\u00a0 500<\/p><\/p>\n","protected":false},"excerpt":{"rendered":"<p>El compresor de tornillo basa su tecnolog\u00eda en el desplazamiento del aire, a trav\u00e9s de las c\u00e1maras que se crean con el giro simult\u00e1neo y en sentido contrario, de dos tornillos, uno macho y otro hembra.<\/p><\/p>\n","protected":false},"featured_media":5116,"comment_status":"open","ping_status":"closed","template":"","meta":[],"product_cat":[492,546],"product_tag":[],"class_list":{"0":"post-5117","1":"product","2":"type-product","3":"status-publish","4":"has-post-thumbnail","6":"product_cat-equipo-de-talleres","7":"product_cat-aire-comprimido","9":"first","10":"onbackorder","11":"shipping-taxable","12":"purchasable","13":"product-type-simple"},"yoast_head":"<!-- This site is optimized with the Yoast SEO plugin v22.7 - https:\/\/yoast.com\/wordpress\/plugins\/seo\/ -->\n<title>REF.:AIR PLUS 20-500D    Compresor de tornillo 7.5 CV gama b\u00e1sica+dep\u00f3sito+secado - Canarytools S.L.<\/title>\n<meta name=\"robots\" content=\"index, follow, max-snippet:-1, max-image-preview:large, max-video-preview:-1\" \/>\n<link rel=\"canonical\" href=\"https:\/\/mantenimientosinformaticos.net\/canarytools\/producto\/compresor-de-tornillo-75-cv-gama-basicadepositosecado\/\" \/>\n<meta property=\"og:locale\" content=\"es_ES\" \/>\n<meta property=\"og:type\" content=\"article\" \/>\n<meta property=\"og:title\" content=\"REF.:AIR PLUS 20-500D    Compresor de tornillo 7.5 CV gama b\u00e1sica+dep\u00f3sito+secado - Canarytools S.L.\" \/>\n<meta property=\"og:description\" content=\"El compresor de tornillo basa su tecnolog\u00eda en el desplazamiento del aire, a trav\u00e9s de las c\u00e1maras que se crean con el giro simult\u00e1neo y en sentido contrario, de dos tornillos, uno macho y otro hembra.\" \/>\n<meta property=\"og:url\" content=\"https:\/\/mantenimientosinformaticos.net\/canarytools\/producto\/compresor-de-tornillo-75-cv-gama-basicadepositosecado\/\" \/>\n<meta property=\"og:site_name\" content=\"Canarytools S.L.\" \/>\n<meta property=\"og:image\" content=\"https:\/\/mantenimientosinformaticos.net\/canarytools\/wp-content\/uploads\/2020\/05\/704-REF.AIR-PLUS-20-500D-Compresor-de-tornillo-7.5-CV-gama-basicadepositosecado.jpg\" \/>\n\t<meta property=\"og:image:width\" content=\"563\" \/>\n\t<meta property=\"og:image:height\" content=\"471\" \/>\n\t<meta property=\"og:image:type\" content=\"image\/jpeg\" \/>\n<meta name=\"twitter:card\" content=\"summary_large_image\" \/>\n<script type=\"application\/ld+json\" class=\"yoast-schema-graph\">{\"@context\":\"https:\/\/schema.org\",\"@graph\":[{\"@type\":\"WebPage\",\"@id\":\"https:\/\/mantenimientosinformaticos.net\/canarytools\/producto\/compresor-de-tornillo-75-cv-gama-basicadepositosecado\/\",\"url\":\"https:\/\/mantenimientosinformaticos.net\/canarytools\/producto\/compresor-de-tornillo-75-cv-gama-basicadepositosecado\/\",\"name\":\"REF.:AIR PLUS 20-500D Compresor de tornillo 7.5 CV gama b\u00e1sica+dep\u00f3sito+secado - Canarytools S.L.\",\"isPartOf\":{\"@id\":\"https:\/\/mantenimientosinformaticos.net\/canarytools\/#website\"},\"primaryImageOfPage\":{\"@id\":\"https:\/\/mantenimientosinformaticos.net\/canarytools\/producto\/compresor-de-tornillo-75-cv-gama-basicadepositosecado\/#primaryimage\"},\"image\":{\"@id\":\"https:\/\/mantenimientosinformaticos.net\/canarytools\/producto\/compresor-de-tornillo-75-cv-gama-basicadepositosecado\/#primaryimage\"},\"thumbnailUrl\":\"https:\/\/mantenimientosinformaticos.net\/canarytools\/wp-content\/uploads\/2020\/05\/704-REF.AIR-PLUS-20-500D-Compresor-de-tornillo-7.5-CV-gama-basicadepositosecado.jpg\",\"datePublished\":\"2020-05-14T14:29:24+00:00\",\"dateModified\":\"2020-05-14T14:29:24+00:00\",\"breadcrumb\":{\"@id\":\"https:\/\/mantenimientosinformaticos.net\/canarytools\/producto\/compresor-de-tornillo-75-cv-gama-basicadepositosecado\/#breadcrumb\"},\"inLanguage\":\"es\",\"potentialAction\":[{\"@type\":\"ReadAction\",\"target\":[\"https:\/\/mantenimientosinformaticos.net\/canarytools\/producto\/compresor-de-tornillo-75-cv-gama-basicadepositosecado\/\"]}]},{\"@type\":\"ImageObject\",\"inLanguage\":\"es\",\"@id\":\"https:\/\/mantenimientosinformaticos.net\/canarytools\/producto\/compresor-de-tornillo-75-cv-gama-basicadepositosecado\/#primaryimage\",\"url\":\"https:\/\/mantenimientosinformaticos.net\/canarytools\/wp-content\/uploads\/2020\/05\/704-REF.AIR-PLUS-20-500D-Compresor-de-tornillo-7.5-CV-gama-basicadepositosecado.jpg\",\"contentUrl\":\"https:\/\/mantenimientosinformaticos.net\/canarytools\/wp-content\/uploads\/2020\/05\/704-REF.AIR-PLUS-20-500D-Compresor-de-tornillo-7.5-CV-gama-basicadepositosecado.jpg\",\"width\":563,\"height\":471,\"caption\":\"REF.:AIR PLUS 20-500D Compresor de tornillo 7.5 CV gama b\u00e1sica+dep\u00f3sito+secado\"},{\"@type\":\"BreadcrumbList\",\"@id\":\"https:\/\/mantenimientosinformaticos.net\/canarytools\/producto\/compresor-de-tornillo-75-cv-gama-basicadepositosecado\/#breadcrumb\",\"itemListElement\":[{\"@type\":\"ListItem\",\"position\":1,\"name\":\"Portada\",\"item\":\"https:\/\/mantenimientosinformaticos.net\/canarytools\/\"},{\"@type\":\"ListItem\",\"position\":2,\"name\":\"Tienda\",\"item\":\"https:\/\/mantenimientosinformaticos.net\/canarytools\/tienda\/\"},{\"@type\":\"ListItem\",\"position\":3,\"name\":\"REF.:AIR PLUS 20-500D Compresor de tornillo 7.5 CV gama b\u00e1sica+dep\u00f3sito+secado\"}]},{\"@type\":\"WebSite\",\"@id\":\"https:\/\/mantenimientosinformaticos.net\/canarytools\/#website\",\"url\":\"https:\/\/mantenimientosinformaticos.net\/canarytools\/\",\"name\":\"Canarytools S.L.\",\"description\":\"Herramientas y M\u00e1quinas\",\"publisher\":{\"@id\":\"https:\/\/mantenimientosinformaticos.net\/canarytools\/#\/schema\/person\/355e32754b03bb24b681f1b6917e49bf\"},\"potentialAction\":[{\"@type\":\"SearchAction\",\"target\":{\"@type\":\"EntryPoint\",\"urlTemplate\":\"https:\/\/mantenimientosinformaticos.net\/canarytools\/?s={search_term_string}\"},\"query-input\":\"required name=search_term_string\"}],\"inLanguage\":\"es\"},{\"@type\":[\"Person\",\"Organization\"],\"@id\":\"https:\/\/mantenimientosinformaticos.net\/canarytools\/#\/schema\/person\/355e32754b03bb24b681f1b6917e49bf\",\"name\":\"canarytools.xnetdigital\",\"image\":{\"@type\":\"ImageObject\",\"inLanguage\":\"es\",\"@id\":\"https:\/\/mantenimientosinformaticos.net\/canarytools\/#\/schema\/person\/image\/\",\"url\":\"https:\/\/mantenimientosinformaticos.net\/canarytools\/wp-content\/uploads\/2023\/12\/canary-tools-logo.png\",\"contentUrl\":\"https:\/\/mantenimientosinformaticos.net\/canarytools\/wp-content\/uploads\/2023\/12\/canary-tools-logo.png\",\"width\":1302,\"height\":440,\"caption\":\"canarytools.xnetdigital\"},\"logo\":{\"@id\":\"https:\/\/mantenimientosinformaticos.net\/canarytools\/#\/schema\/person\/image\/\"},\"sameAs\":[\"https:\/\/mantenimientosinformaticos.net\/canarytools\"]}]}<\/script>\n<!-- \/ Yoast SEO plugin. -->","yoast_head_json":{"title":"REF.:AIR PLUS 20-500D    Compresor de tornillo 7.5 CV gama b\u00e1sica+dep\u00f3sito+secado - Canarytools S.L.","robots":{"index":"index","follow":"follow","max-snippet":"max-snippet:-1","max-image-preview":"max-image-preview:large","max-video-preview":"max-video-preview:-1"},"canonical":"https:\/\/mantenimientosinformaticos.net\/canarytools\/producto\/compresor-de-tornillo-75-cv-gama-basicadepositosecado\/","og_locale":"es_ES","og_type":"article","og_title":"REF.:AIR PLUS 20-500D    Compresor de tornillo 7.5 CV gama b\u00e1sica+dep\u00f3sito+secado - Canarytools S.L.","og_description":"El compresor de tornillo basa su tecnolog\u00eda en el desplazamiento del aire, a trav\u00e9s de las c\u00e1maras que se crean con el giro simult\u00e1neo y en sentido contrario, de dos tornillos, uno macho y otro hembra.","og_url":"https:\/\/mantenimientosinformaticos.net\/canarytools\/producto\/compresor-de-tornillo-75-cv-gama-basicadepositosecado\/","og_site_name":"Canarytools S.L.","og_image":[{"width":563,"height":471,"url":"https:\/\/mantenimientosinformaticos.net\/canarytools\/wp-content\/uploads\/2020\/05\/704-REF.AIR-PLUS-20-500D-Compresor-de-tornillo-7.5-CV-gama-basicadepositosecado.jpg","type":"image\/jpeg"}],"twitter_card":"summary_large_image","schema":{"@context":"https:\/\/schema.org","@graph":[{"@type":"WebPage","@id":"https:\/\/mantenimientosinformaticos.net\/canarytools\/producto\/compresor-de-tornillo-75-cv-gama-basicadepositosecado\/","url":"https:\/\/mantenimientosinformaticos.net\/canarytools\/producto\/compresor-de-tornillo-75-cv-gama-basicadepositosecado\/","name":"REF.:AIR PLUS 20-500D Compresor de tornillo 7.5 CV gama b\u00e1sica+dep\u00f3sito+secado - Canarytools S.L.","isPartOf":{"@id":"https:\/\/mantenimientosinformaticos.net\/canarytools\/#website"},"primaryImageOfPage":{"@id":"https:\/\/mantenimientosinformaticos.net\/canarytools\/producto\/compresor-de-tornillo-75-cv-gama-basicadepositosecado\/#primaryimage"},"image":{"@id":"https:\/\/mantenimientosinformaticos.net\/canarytools\/producto\/compresor-de-tornillo-75-cv-gama-basicadepositosecado\/#primaryimage"},"thumbnailUrl":"https:\/\/mantenimientosinformaticos.net\/canarytools\/wp-content\/uploads\/2020\/05\/704-REF.AIR-PLUS-20-500D-Compresor-de-tornillo-7.5-CV-gama-basicadepositosecado.jpg","datePublished":"2020-05-14T14:29:24+00:00","dateModified":"2020-05-14T14:29:24+00:00","breadcrumb":{"@id":"https:\/\/mantenimientosinformaticos.net\/canarytools\/producto\/compresor-de-tornillo-75-cv-gama-basicadepositosecado\/#breadcrumb"},"inLanguage":"es","potentialAction":[{"@type":"ReadAction","target":["https:\/\/mantenimientosinformaticos.net\/canarytools\/producto\/compresor-de-tornillo-75-cv-gama-basicadepositosecado\/"]}]},{"@type":"ImageObject","inLanguage":"es","@id":"https:\/\/mantenimientosinformaticos.net\/canarytools\/producto\/compresor-de-tornillo-75-cv-gama-basicadepositosecado\/#primaryimage","url":"https:\/\/mantenimientosinformaticos.net\/canarytools\/wp-content\/uploads\/2020\/05\/704-REF.AIR-PLUS-20-500D-Compresor-de-tornillo-7.5-CV-gama-basicadepositosecado.jpg","contentUrl":"https:\/\/mantenimientosinformaticos.net\/canarytools\/wp-content\/uploads\/2020\/05\/704-REF.AIR-PLUS-20-500D-Compresor-de-tornillo-7.5-CV-gama-basicadepositosecado.jpg","width":563,"height":471,"caption":"REF.:AIR PLUS 20-500D Compresor de tornillo 7.5 CV gama b\u00e1sica+dep\u00f3sito+secado"},{"@type":"BreadcrumbList","@id":"https:\/\/mantenimientosinformaticos.net\/canarytools\/producto\/compresor-de-tornillo-75-cv-gama-basicadepositosecado\/#breadcrumb","itemListElement":[{"@type":"ListItem","position":1,"name":"Portada","item":"https:\/\/mantenimientosinformaticos.net\/canarytools\/"},{"@type":"ListItem","position":2,"name":"Tienda","item":"https:\/\/mantenimientosinformaticos.net\/canarytools\/tienda\/"},{"@type":"ListItem","position":3,"name":"REF.:AIR PLUS 20-500D Compresor de tornillo 7.5 CV gama b\u00e1sica+dep\u00f3sito+secado"}]},{"@type":"WebSite","@id":"https:\/\/mantenimientosinformaticos.net\/canarytools\/#website","url":"https:\/\/mantenimientosinformaticos.net\/canarytools\/","name":"Canarytools S.L.","description":"Herramientas y M\u00e1quinas","publisher":{"@id":"https:\/\/mantenimientosinformaticos.net\/canarytools\/#\/schema\/person\/355e32754b03bb24b681f1b6917e49bf"},"potentialAction":[{"@type":"SearchAction","target":{"@type":"EntryPoint","urlTemplate":"https:\/\/mantenimientosinformaticos.net\/canarytools\/?s={search_term_string}"},"query-input":"required name=search_term_string"}],"inLanguage":"es"},{"@type":["Person","Organization"],"@id":"https:\/\/mantenimientosinformaticos.net\/canarytools\/#\/schema\/person\/355e32754b03bb24b681f1b6917e49bf","name":"canarytools.xnetdigital","image":{"@type":"ImageObject","inLanguage":"es","@id":"https:\/\/mantenimientosinformaticos.net\/canarytools\/#\/schema\/person\/image\/","url":"https:\/\/mantenimientosinformaticos.net\/canarytools\/wp-content\/uploads\/2023\/12\/canary-tools-logo.png","contentUrl":"https:\/\/mantenimientosinformaticos.net\/canarytools\/wp-content\/uploads\/2023\/12\/canary-tools-logo.png","width":1302,"height":440,"caption":"canarytools.xnetdigital"},"logo":{"@id":"https:\/\/mantenimientosinformaticos.net\/canarytools\/#\/schema\/person\/image\/"},"sameAs":["https:\/\/mantenimientosinformaticos.net\/canarytools"]}]}},"_links":{"self":[{"href":"https:\/\/mantenimientosinformaticos.net\/canarytools\/wp-json\/wp\/v2\/product\/5117","targetHints":{"allow":["GET"]}}],"collection":[{"href":"https:\/\/mantenimientosinformaticos.net\/canarytools\/wp-json\/wp\/v2\/product"}],"about":[{"href":"https:\/\/mantenimientosinformaticos.net\/canarytools\/wp-json\/wp\/v2\/types\/product"}],"replies":[{"embeddable":true,"href":"https:\/\/mantenimientosinformaticos.net\/canarytools\/wp-json\/wp\/v2\/comments?post=5117"}],"wp:featuredmedia":[{"embeddable":true,"href":"https:\/\/mantenimientosinformaticos.net\/canarytools\/wp-json\/wp\/v2\/media\/5116"}],"wp:attachment":[{"href":"https:\/\/mantenimientosinformaticos.net\/canarytools\/wp-json\/wp\/v2\/media?parent=5117"}],"wp:term":[{"taxonomy":"product_cat","embeddable":true,"href":"https:\/\/mantenimientosinformaticos.net\/canarytools\/wp-json\/wp\/v2\/product_cat?post=5117"},{"taxonomy":"product_tag","embeddable":true,"href":"https:\/\/mantenimientosinformaticos.net\/canarytools\/wp-json\/wp\/v2\/product_tag?post=5117"}],"curies":[{"name":"wp","href":"https:\/\/api.w.org\/{rel}","templated":true}]}}