{"id":5111,"date":"2020-05-14T16:05:58","date_gmt":"2020-05-14T14:05:58","guid":{"rendered":"https:\/\/mantenimientosinformaticos.net\/canarytools\/producto\/compresor-de-pistones-sobre-deposito-insonorizado-55-cv-300l\/"},"modified":"2020-05-14T16:05:58","modified_gmt":"2020-05-14T14:05:58","slug":"compresor-de-pistones-sobre-deposito-insonorizado-55-cv-300l","status":"publish","type":"product","link":"https:\/\/mantenimientosinformaticos.net\/canarytools\/producto\/compresor-de-pistones-sobre-deposito-insonorizado-55-cv-300l\/","title":{"rendered":"REF.:SILENT-5.5 300       Compresor de pistones sobre deposito insonorizado 5.5 CV 300L"},"content":{"rendered":"<p>Potencia\u00a0\u00a0\u00a0\u00a0\u00a0\u00a0 5.5 <br \/> RPM\u00a0\u00a0\u00a0\u00a0\u00a0\u00a0\u00a0\u00a0\u00a0\u00a0\u00a0\u00a0 1.250<br \/> Aspiraci\u00f3n\u00a0\u00a0\u00a0 600<br \/> Presi\u00f3n\u00a0\u00a0\u00a0\u00a0\u00a0\u00a0\u00a0 10 bar<\/p>\n<p style=\"margin-bottom:0cm;line-height:100%;\"><\/p>\n","protected":false},"excerpt":{"rendered":"<p>Esta dise\u00f1ado para resolver los problemas de ruido en los centros de trabajo. Est\u00e1n fabricados con los mismos par\u00e1metros que los pistones tradicionales (cilindros de hierro fundido, bajas revoluciones, bi-etapa, etc\u2026), a\u00f1adiendo paneles especiales fono-abosrbentes, para trabajar entre 57 y 58 dcb, panel del control con cuenta horas, man\u00f3metro de presi\u00f3n y testigo de alarmas.<\/p><\/p>\n","protected":false},"featured_media":5110,"comment_status":"open","ping_status":"closed","template":"","meta":[],"product_cat":[492,546],"product_tag":[],"class_list":{"0":"post-5111","1":"product","2":"type-product","3":"status-publish","4":"has-post-thumbnail","6":"product_cat-equipo-de-talleres","7":"product_cat-aire-comprimido","9":"first","10":"onbackorder","11":"shipping-taxable","12":"purchasable","13":"product-type-simple"},"yoast_head":"<!-- This site is optimized with the Yoast SEO plugin v22.7 - https:\/\/yoast.com\/wordpress\/plugins\/seo\/ -->\n<title>REF.:SILENT-5.5 300    Compresor de pistones sobre deposito insonorizado 5.5 CV 300L - Canarytools S.L.<\/title>\n<meta name=\"robots\" content=\"index, follow, max-snippet:-1, max-image-preview:large, max-video-preview:-1\" \/>\n<link rel=\"canonical\" href=\"https:\/\/mantenimientosinformaticos.net\/canarytools\/producto\/compresor-de-pistones-sobre-deposito-insonorizado-55-cv-300l\/\" \/>\n<meta property=\"og:locale\" content=\"es_ES\" \/>\n<meta property=\"og:type\" content=\"article\" \/>\n<meta property=\"og:title\" content=\"REF.:SILENT-5.5 300    Compresor de pistones sobre deposito insonorizado 5.5 CV 300L - Canarytools S.L.\" \/>\n<meta property=\"og:description\" content=\"Esta dise\u00f1ado para resolver los problemas de ruido en los centros de trabajo. Est\u00e1n fabricados con los mismos par\u00e1metros que los pistones tradicionales (cilindros de hierro fundido, bajas revoluciones, bi-etapa, etc\u2026), a\u00f1adiendo paneles especiales fono-abosrbentes, para trabajar entre 57 y 58 dcb, panel del control con cuenta horas, man\u00f3metro de presi\u00f3n y testigo de alarmas.\" \/>\n<meta property=\"og:url\" content=\"https:\/\/mantenimientosinformaticos.net\/canarytools\/producto\/compresor-de-pistones-sobre-deposito-insonorizado-55-cv-300l\/\" \/>\n<meta property=\"og:site_name\" content=\"Canarytools S.L.\" \/>\n<meta property=\"og:image\" content=\"https:\/\/mantenimientosinformaticos.net\/canarytools\/wp-content\/uploads\/2020\/05\/700-REF.SILENT-5.5-300-Compresor-de-pistones-sobre-deposito-insonorizado-5.5-CV-300L.jpg\" \/>\n\t<meta property=\"og:image:width\" content=\"503\" \/>\n\t<meta property=\"og:image:height\" content=\"433\" \/>\n\t<meta property=\"og:image:type\" content=\"image\/jpeg\" \/>\n<meta name=\"twitter:card\" content=\"summary_large_image\" \/>\n<script type=\"application\/ld+json\" class=\"yoast-schema-graph\">{\"@context\":\"https:\/\/schema.org\",\"@graph\":[{\"@type\":\"WebPage\",\"@id\":\"https:\/\/mantenimientosinformaticos.net\/canarytools\/producto\/compresor-de-pistones-sobre-deposito-insonorizado-55-cv-300l\/\",\"url\":\"https:\/\/mantenimientosinformaticos.net\/canarytools\/producto\/compresor-de-pistones-sobre-deposito-insonorizado-55-cv-300l\/\",\"name\":\"REF.:SILENT-5.5 300 Compresor de pistones sobre deposito insonorizado 5.5 CV 300L - Canarytools S.L.\",\"isPartOf\":{\"@id\":\"https:\/\/mantenimientosinformaticos.net\/canarytools\/#website\"},\"primaryImageOfPage\":{\"@id\":\"https:\/\/mantenimientosinformaticos.net\/canarytools\/producto\/compresor-de-pistones-sobre-deposito-insonorizado-55-cv-300l\/#primaryimage\"},\"image\":{\"@id\":\"https:\/\/mantenimientosinformaticos.net\/canarytools\/producto\/compresor-de-pistones-sobre-deposito-insonorizado-55-cv-300l\/#primaryimage\"},\"thumbnailUrl\":\"https:\/\/mantenimientosinformaticos.net\/canarytools\/wp-content\/uploads\/2020\/05\/700-REF.SILENT-5.5-300-Compresor-de-pistones-sobre-deposito-insonorizado-5.5-CV-300L.jpg\",\"datePublished\":\"2020-05-14T14:05:58+00:00\",\"dateModified\":\"2020-05-14T14:05:58+00:00\",\"breadcrumb\":{\"@id\":\"https:\/\/mantenimientosinformaticos.net\/canarytools\/producto\/compresor-de-pistones-sobre-deposito-insonorizado-55-cv-300l\/#breadcrumb\"},\"inLanguage\":\"es\",\"potentialAction\":[{\"@type\":\"ReadAction\",\"target\":[\"https:\/\/mantenimientosinformaticos.net\/canarytools\/producto\/compresor-de-pistones-sobre-deposito-insonorizado-55-cv-300l\/\"]}]},{\"@type\":\"ImageObject\",\"inLanguage\":\"es\",\"@id\":\"https:\/\/mantenimientosinformaticos.net\/canarytools\/producto\/compresor-de-pistones-sobre-deposito-insonorizado-55-cv-300l\/#primaryimage\",\"url\":\"https:\/\/mantenimientosinformaticos.net\/canarytools\/wp-content\/uploads\/2020\/05\/700-REF.SILENT-5.5-300-Compresor-de-pistones-sobre-deposito-insonorizado-5.5-CV-300L.jpg\",\"contentUrl\":\"https:\/\/mantenimientosinformaticos.net\/canarytools\/wp-content\/uploads\/2020\/05\/700-REF.SILENT-5.5-300-Compresor-de-pistones-sobre-deposito-insonorizado-5.5-CV-300L.jpg\",\"width\":503,\"height\":433,\"caption\":\"REF.:SILENT-5.5 300 Compresor de pistones sobre deposito insonorizado 5.5 CV 300L\"},{\"@type\":\"BreadcrumbList\",\"@id\":\"https:\/\/mantenimientosinformaticos.net\/canarytools\/producto\/compresor-de-pistones-sobre-deposito-insonorizado-55-cv-300l\/#breadcrumb\",\"itemListElement\":[{\"@type\":\"ListItem\",\"position\":1,\"name\":\"Portada\",\"item\":\"https:\/\/mantenimientosinformaticos.net\/canarytools\/\"},{\"@type\":\"ListItem\",\"position\":2,\"name\":\"Tienda\",\"item\":\"https:\/\/mantenimientosinformaticos.net\/canarytools\/tienda\/\"},{\"@type\":\"ListItem\",\"position\":3,\"name\":\"REF.:SILENT-5.5 300 Compresor de pistones sobre deposito insonorizado 5.5 CV 300L\"}]},{\"@type\":\"WebSite\",\"@id\":\"https:\/\/mantenimientosinformaticos.net\/canarytools\/#website\",\"url\":\"https:\/\/mantenimientosinformaticos.net\/canarytools\/\",\"name\":\"Canarytools S.L.\",\"description\":\"Herramientas y M\u00e1quinas\",\"publisher\":{\"@id\":\"https:\/\/mantenimientosinformaticos.net\/canarytools\/#\/schema\/person\/355e32754b03bb24b681f1b6917e49bf\"},\"potentialAction\":[{\"@type\":\"SearchAction\",\"target\":{\"@type\":\"EntryPoint\",\"urlTemplate\":\"https:\/\/mantenimientosinformaticos.net\/canarytools\/?s={search_term_string}\"},\"query-input\":\"required name=search_term_string\"}],\"inLanguage\":\"es\"},{\"@type\":[\"Person\",\"Organization\"],\"@id\":\"https:\/\/mantenimientosinformaticos.net\/canarytools\/#\/schema\/person\/355e32754b03bb24b681f1b6917e49bf\",\"name\":\"canarytools.xnetdigital\",\"image\":{\"@type\":\"ImageObject\",\"inLanguage\":\"es\",\"@id\":\"https:\/\/mantenimientosinformaticos.net\/canarytools\/#\/schema\/person\/image\/\",\"url\":\"https:\/\/mantenimientosinformaticos.net\/canarytools\/wp-content\/uploads\/2023\/12\/canary-tools-logo.png\",\"contentUrl\":\"https:\/\/mantenimientosinformaticos.net\/canarytools\/wp-content\/uploads\/2023\/12\/canary-tools-logo.png\",\"width\":1302,\"height\":440,\"caption\":\"canarytools.xnetdigital\"},\"logo\":{\"@id\":\"https:\/\/mantenimientosinformaticos.net\/canarytools\/#\/schema\/person\/image\/\"},\"sameAs\":[\"https:\/\/mantenimientosinformaticos.net\/canarytools\"]}]}<\/script>\n<!-- \/ Yoast SEO plugin. -->","yoast_head_json":{"title":"REF.:SILENT-5.5 300    Compresor de pistones sobre deposito insonorizado 5.5 CV 300L - Canarytools S.L.","robots":{"index":"index","follow":"follow","max-snippet":"max-snippet:-1","max-image-preview":"max-image-preview:large","max-video-preview":"max-video-preview:-1"},"canonical":"https:\/\/mantenimientosinformaticos.net\/canarytools\/producto\/compresor-de-pistones-sobre-deposito-insonorizado-55-cv-300l\/","og_locale":"es_ES","og_type":"article","og_title":"REF.:SILENT-5.5 300    Compresor de pistones sobre deposito insonorizado 5.5 CV 300L - Canarytools S.L.","og_description":"Esta dise\u00f1ado para resolver los problemas de ruido en los centros de trabajo. Est\u00e1n fabricados con los mismos par\u00e1metros que los pistones tradicionales (cilindros de hierro fundido, bajas revoluciones, bi-etapa, etc\u2026), a\u00f1adiendo paneles especiales fono-abosrbentes, para trabajar entre 57 y 58 dcb, panel del control con cuenta horas, man\u00f3metro de presi\u00f3n y testigo de alarmas.","og_url":"https:\/\/mantenimientosinformaticos.net\/canarytools\/producto\/compresor-de-pistones-sobre-deposito-insonorizado-55-cv-300l\/","og_site_name":"Canarytools S.L.","og_image":[{"width":503,"height":433,"url":"https:\/\/mantenimientosinformaticos.net\/canarytools\/wp-content\/uploads\/2020\/05\/700-REF.SILENT-5.5-300-Compresor-de-pistones-sobre-deposito-insonorizado-5.5-CV-300L.jpg","type":"image\/jpeg"}],"twitter_card":"summary_large_image","schema":{"@context":"https:\/\/schema.org","@graph":[{"@type":"WebPage","@id":"https:\/\/mantenimientosinformaticos.net\/canarytools\/producto\/compresor-de-pistones-sobre-deposito-insonorizado-55-cv-300l\/","url":"https:\/\/mantenimientosinformaticos.net\/canarytools\/producto\/compresor-de-pistones-sobre-deposito-insonorizado-55-cv-300l\/","name":"REF.:SILENT-5.5 300 Compresor de pistones sobre deposito insonorizado 5.5 CV 300L - Canarytools S.L.","isPartOf":{"@id":"https:\/\/mantenimientosinformaticos.net\/canarytools\/#website"},"primaryImageOfPage":{"@id":"https:\/\/mantenimientosinformaticos.net\/canarytools\/producto\/compresor-de-pistones-sobre-deposito-insonorizado-55-cv-300l\/#primaryimage"},"image":{"@id":"https:\/\/mantenimientosinformaticos.net\/canarytools\/producto\/compresor-de-pistones-sobre-deposito-insonorizado-55-cv-300l\/#primaryimage"},"thumbnailUrl":"https:\/\/mantenimientosinformaticos.net\/canarytools\/wp-content\/uploads\/2020\/05\/700-REF.SILENT-5.5-300-Compresor-de-pistones-sobre-deposito-insonorizado-5.5-CV-300L.jpg","datePublished":"2020-05-14T14:05:58+00:00","dateModified":"2020-05-14T14:05:58+00:00","breadcrumb":{"@id":"https:\/\/mantenimientosinformaticos.net\/canarytools\/producto\/compresor-de-pistones-sobre-deposito-insonorizado-55-cv-300l\/#breadcrumb"},"inLanguage":"es","potentialAction":[{"@type":"ReadAction","target":["https:\/\/mantenimientosinformaticos.net\/canarytools\/producto\/compresor-de-pistones-sobre-deposito-insonorizado-55-cv-300l\/"]}]},{"@type":"ImageObject","inLanguage":"es","@id":"https:\/\/mantenimientosinformaticos.net\/canarytools\/producto\/compresor-de-pistones-sobre-deposito-insonorizado-55-cv-300l\/#primaryimage","url":"https:\/\/mantenimientosinformaticos.net\/canarytools\/wp-content\/uploads\/2020\/05\/700-REF.SILENT-5.5-300-Compresor-de-pistones-sobre-deposito-insonorizado-5.5-CV-300L.jpg","contentUrl":"https:\/\/mantenimientosinformaticos.net\/canarytools\/wp-content\/uploads\/2020\/05\/700-REF.SILENT-5.5-300-Compresor-de-pistones-sobre-deposito-insonorizado-5.5-CV-300L.jpg","width":503,"height":433,"caption":"REF.:SILENT-5.5 300 Compresor de pistones sobre deposito insonorizado 5.5 CV 300L"},{"@type":"BreadcrumbList","@id":"https:\/\/mantenimientosinformaticos.net\/canarytools\/producto\/compresor-de-pistones-sobre-deposito-insonorizado-55-cv-300l\/#breadcrumb","itemListElement":[{"@type":"ListItem","position":1,"name":"Portada","item":"https:\/\/mantenimientosinformaticos.net\/canarytools\/"},{"@type":"ListItem","position":2,"name":"Tienda","item":"https:\/\/mantenimientosinformaticos.net\/canarytools\/tienda\/"},{"@type":"ListItem","position":3,"name":"REF.:SILENT-5.5 300 Compresor de pistones sobre deposito insonorizado 5.5 CV 300L"}]},{"@type":"WebSite","@id":"https:\/\/mantenimientosinformaticos.net\/canarytools\/#website","url":"https:\/\/mantenimientosinformaticos.net\/canarytools\/","name":"Canarytools S.L.","description":"Herramientas y M\u00e1quinas","publisher":{"@id":"https:\/\/mantenimientosinformaticos.net\/canarytools\/#\/schema\/person\/355e32754b03bb24b681f1b6917e49bf"},"potentialAction":[{"@type":"SearchAction","target":{"@type":"EntryPoint","urlTemplate":"https:\/\/mantenimientosinformaticos.net\/canarytools\/?s={search_term_string}"},"query-input":"required name=search_term_string"}],"inLanguage":"es"},{"@type":["Person","Organization"],"@id":"https:\/\/mantenimientosinformaticos.net\/canarytools\/#\/schema\/person\/355e32754b03bb24b681f1b6917e49bf","name":"canarytools.xnetdigital","image":{"@type":"ImageObject","inLanguage":"es","@id":"https:\/\/mantenimientosinformaticos.net\/canarytools\/#\/schema\/person\/image\/","url":"https:\/\/mantenimientosinformaticos.net\/canarytools\/wp-content\/uploads\/2023\/12\/canary-tools-logo.png","contentUrl":"https:\/\/mantenimientosinformaticos.net\/canarytools\/wp-content\/uploads\/2023\/12\/canary-tools-logo.png","width":1302,"height":440,"caption":"canarytools.xnetdigital"},"logo":{"@id":"https:\/\/mantenimientosinformaticos.net\/canarytools\/#\/schema\/person\/image\/"},"sameAs":["https:\/\/mantenimientosinformaticos.net\/canarytools"]}]}},"_links":{"self":[{"href":"https:\/\/mantenimientosinformaticos.net\/canarytools\/wp-json\/wp\/v2\/product\/5111","targetHints":{"allow":["GET"]}}],"collection":[{"href":"https:\/\/mantenimientosinformaticos.net\/canarytools\/wp-json\/wp\/v2\/product"}],"about":[{"href":"https:\/\/mantenimientosinformaticos.net\/canarytools\/wp-json\/wp\/v2\/types\/product"}],"replies":[{"embeddable":true,"href":"https:\/\/mantenimientosinformaticos.net\/canarytools\/wp-json\/wp\/v2\/comments?post=5111"}],"wp:featuredmedia":[{"embeddable":true,"href":"https:\/\/mantenimientosinformaticos.net\/canarytools\/wp-json\/wp\/v2\/media\/5110"}],"wp:attachment":[{"href":"https:\/\/mantenimientosinformaticos.net\/canarytools\/wp-json\/wp\/v2\/media?parent=5111"}],"wp:term":[{"taxonomy":"product_cat","embeddable":true,"href":"https:\/\/mantenimientosinformaticos.net\/canarytools\/wp-json\/wp\/v2\/product_cat?post=5111"},{"taxonomy":"product_tag","embeddable":true,"href":"https:\/\/mantenimientosinformaticos.net\/canarytools\/wp-json\/wp\/v2\/product_tag?post=5111"}],"curies":[{"name":"wp","href":"https:\/\/api.w.org\/{rel}","templated":true}]}}