{"id":5088,"date":"2020-05-14T12:38:36","date_gmt":"2020-05-14T10:38:36","guid":{"rendered":"https:\/\/mantenimientosinformaticos.net\/canarytools\/producto\/equilibrada-fija-para-ruedas-de-vehiculos-y-furgonetas\/"},"modified":"2020-05-14T12:38:36","modified_gmt":"2020-05-14T10:38:36","slug":"equilibrada-fija-para-ruedas-de-vehiculos-y-furgonetas","status":"publish","type":"product","link":"https:\/\/mantenimientosinformaticos.net\/canarytools\/producto\/equilibrada-fija-para-ruedas-de-vehiculos-y-furgonetas\/","title":{"rendered":"REF.:HW9810   Equilibrada fija para ruedas de veh\u00edculos y furgonetas"},"content":{"rendered":"<p>Programa men\u00fa para b\u00fasqueda r\u00e1pida de las opciones disponibles:<\/p>\n<ul>\n<li>Lectura en gramos u onzas<\/li>\n<li>Medici\u00f3n en pulgadas o mil\u00edmetros<\/li>\n<li>Visualizaci\u00f3n del desequilibrio de 5 en 5 grms o de gramo en gramo<\/li>\n<li>Programa de optimizaci\u00f3n, para compensar el desequilibrio del neum\u00e1tico con de la llanta<\/li>\n<li>La m\u00e1quina incorpora un sistema de medici\u00f3n por l\u00e1ser que calcula la posici\u00f3n de desequilibrio exacta para la colocaci\u00f3n de los plomos<\/li>\n<\/ul>\n<p>Di\u00e1metro de llanta \u00a0 \u00a0 \u00a0 \u00a0 \u00a0 \u00a0 10\u201d-32\u201d<br \/>Anchura de llanta \u00a0 \u00a0 \u00a0 \u00a0 \u00a0 \u00a0 \u00a0 1.5\u201d-25\u201d<br \/>Peso max. Rueda \u00a0 \u00a0 \u00a0 \u00a0 \u00a0 \u00a0 \u00a0 70 kg<br \/>Di\u00e1metro de rueda \u00a0 \u00a0 \u00a0 \u00a0 \u00a0 \u00a0 1000 mm<br \/>Precisi\u00f3n de equilibrado \u00a0 \u00a0 \u00a0+\/-1g<br \/>Velocidad de medici\u00f3n \u00a0 \u00a0 \u00a0 \u00a0150 rpm<br \/>Tiempo de medici\u00f3n \u00a0 \u00a0 \u00a0 \u00a0 \u00a0 6 Sec.<br \/>Potencia del motor \u00a0 \u00a0 \u00a0 \u00a0 \u00a0 \u00a0 250 W<br \/>Nivel de ruido \u00a0 \u00a0 \u00a0 \u00a0 \u00a0 \u00a0 \u00a0 \u00a0 \u00a0 \u00a0&lt;70 db<br \/>Alimentaci\u00f3n \u00a0 \u00a0 \u00a0 \u00a0 \u00a0 \u00a0 \u00a0 \u00a0 \u00a0 \u00a0 220V\/50 Hz\/1Ph<\/p>\n","protected":false},"excerpt":{"rendered":"<p>Puede operar con elevada precisi\u00f3n sobre cualquier rueda en acero o aluminio, de turismo, todo terreno, veh\u00edculos comerciales ligeros, motocicletas o scooters.<br \/>Pantalla LCD 17\u201d de alta resoluci\u00f3n con gr\u00e1fica tridimensional disponible en cinco lenguas.<br \/>Introducci\u00f3n autom\u00e1tica del di\u00e1metro y distancia de rueda<br \/>Palpador externo electr\u00f3nico para medir la anchura de la llanta (a pedido)<br \/>Dispositivo de frenada autom\u00e1tica de elevada potencia, reduciendo el tiempo de ciclo<br \/>Programas de utilidad, como calibraci\u00f3n, personalizaci\u00f3n, contador de lanzamiento, servicio diagn\u00f3stico, etc.<br \/>Modalidades de equilibrado: 4 programas ALU, din\u00e1mica, est\u00e1tica, OPT flash y motocicletas<\/p><\/p>\n","protected":false},"featured_media":5087,"comment_status":"open","ping_status":"closed","template":"","meta":[],"product_cat":[492,543],"product_tag":[],"class_list":{"0":"post-5088","1":"product","2":"type-product","3":"status-publish","4":"has-post-thumbnail","6":"product_cat-equipo-de-talleres","7":"product_cat-equilibradora-de-neumaticos","9":"first","10":"onbackorder","11":"shipping-taxable","12":"purchasable","13":"product-type-simple"},"yoast_head":"<!-- This site is optimized with the Yoast SEO plugin v22.7 - https:\/\/yoast.com\/wordpress\/plugins\/seo\/ -->\n<title>REF.:HW9810  Equilibrada fija para ruedas de veh\u00edculos y furgonetas - Canarytools S.L.<\/title>\n<meta name=\"robots\" content=\"index, follow, max-snippet:-1, max-image-preview:large, max-video-preview:-1\" \/>\n<link rel=\"canonical\" href=\"https:\/\/mantenimientosinformaticos.net\/canarytools\/producto\/equilibrada-fija-para-ruedas-de-vehiculos-y-furgonetas\/\" \/>\n<meta property=\"og:locale\" content=\"es_ES\" \/>\n<meta property=\"og:type\" content=\"article\" \/>\n<meta property=\"og:title\" content=\"REF.:HW9810  Equilibrada fija para ruedas de veh\u00edculos y furgonetas - Canarytools S.L.\" \/>\n<meta property=\"og:description\" content=\"Puede operar con elevada precisi\u00f3n sobre cualquier rueda en acero o aluminio, de turismo, todo terreno, veh\u00edculos comerciales ligeros, motocicletas o scooters.Pantalla LCD 17\u201d de alta resoluci\u00f3n con gr\u00e1fica tridimensional disponible en cinco lenguas.Introducci\u00f3n autom\u00e1tica del di\u00e1metro y distancia de ruedaPalpador externo electr\u00f3nico para medir la anchura de la llanta (a pedido)Dispositivo de frenada autom\u00e1tica de elevada potencia, reduciendo el tiempo de cicloProgramas de utilidad, como calibraci\u00f3n, personalizaci\u00f3n, contador de lanzamiento, servicio diagn\u00f3stico, etc.Modalidades de equilibrado: 4 programas ALU, din\u00e1mica, est\u00e1tica, OPT flash y motocicletas\" \/>\n<meta property=\"og:url\" content=\"https:\/\/mantenimientosinformaticos.net\/canarytools\/producto\/equilibrada-fija-para-ruedas-de-vehiculos-y-furgonetas\/\" \/>\n<meta property=\"og:site_name\" content=\"Canarytools S.L.\" \/>\n<meta property=\"og:image\" content=\"https:\/\/mantenimientosinformaticos.net\/canarytools\/wp-content\/uploads\/2020\/05\/686-REF.HW9810-Equilibrada-fija-para-ruedas-de-vehiculos-y-furgonetas.jpg\" \/>\n\t<meta property=\"og:image:width\" content=\"326\" \/>\n\t<meta property=\"og:image:height\" content=\"480\" \/>\n\t<meta property=\"og:image:type\" content=\"image\/jpeg\" \/>\n<meta name=\"twitter:card\" content=\"summary_large_image\" \/>\n<meta name=\"twitter:label1\" content=\"Tiempo de lectura\" \/>\n\t<meta name=\"twitter:data1\" content=\"1 minuto\" \/>\n<script type=\"application\/ld+json\" class=\"yoast-schema-graph\">{\"@context\":\"https:\/\/schema.org\",\"@graph\":[{\"@type\":\"WebPage\",\"@id\":\"https:\/\/mantenimientosinformaticos.net\/canarytools\/producto\/equilibrada-fija-para-ruedas-de-vehiculos-y-furgonetas\/\",\"url\":\"https:\/\/mantenimientosinformaticos.net\/canarytools\/producto\/equilibrada-fija-para-ruedas-de-vehiculos-y-furgonetas\/\",\"name\":\"REF.:HW9810 Equilibrada fija para ruedas de veh\u00edculos y furgonetas - Canarytools S.L.\",\"isPartOf\":{\"@id\":\"https:\/\/mantenimientosinformaticos.net\/canarytools\/#website\"},\"primaryImageOfPage\":{\"@id\":\"https:\/\/mantenimientosinformaticos.net\/canarytools\/producto\/equilibrada-fija-para-ruedas-de-vehiculos-y-furgonetas\/#primaryimage\"},\"image\":{\"@id\":\"https:\/\/mantenimientosinformaticos.net\/canarytools\/producto\/equilibrada-fija-para-ruedas-de-vehiculos-y-furgonetas\/#primaryimage\"},\"thumbnailUrl\":\"https:\/\/mantenimientosinformaticos.net\/canarytools\/wp-content\/uploads\/2020\/05\/686-REF.HW9810-Equilibrada-fija-para-ruedas-de-vehiculos-y-furgonetas.jpg\",\"datePublished\":\"2020-05-14T10:38:36+00:00\",\"dateModified\":\"2020-05-14T10:38:36+00:00\",\"breadcrumb\":{\"@id\":\"https:\/\/mantenimientosinformaticos.net\/canarytools\/producto\/equilibrada-fija-para-ruedas-de-vehiculos-y-furgonetas\/#breadcrumb\"},\"inLanguage\":\"es\",\"potentialAction\":[{\"@type\":\"ReadAction\",\"target\":[\"https:\/\/mantenimientosinformaticos.net\/canarytools\/producto\/equilibrada-fija-para-ruedas-de-vehiculos-y-furgonetas\/\"]}]},{\"@type\":\"ImageObject\",\"inLanguage\":\"es\",\"@id\":\"https:\/\/mantenimientosinformaticos.net\/canarytools\/producto\/equilibrada-fija-para-ruedas-de-vehiculos-y-furgonetas\/#primaryimage\",\"url\":\"https:\/\/mantenimientosinformaticos.net\/canarytools\/wp-content\/uploads\/2020\/05\/686-REF.HW9810-Equilibrada-fija-para-ruedas-de-vehiculos-y-furgonetas.jpg\",\"contentUrl\":\"https:\/\/mantenimientosinformaticos.net\/canarytools\/wp-content\/uploads\/2020\/05\/686-REF.HW9810-Equilibrada-fija-para-ruedas-de-vehiculos-y-furgonetas.jpg\",\"width\":326,\"height\":480,\"caption\":\"REF.:HW9810 Equilibrada fija para ruedas de veh\u00edculos y furgonetas\"},{\"@type\":\"BreadcrumbList\",\"@id\":\"https:\/\/mantenimientosinformaticos.net\/canarytools\/producto\/equilibrada-fija-para-ruedas-de-vehiculos-y-furgonetas\/#breadcrumb\",\"itemListElement\":[{\"@type\":\"ListItem\",\"position\":1,\"name\":\"Portada\",\"item\":\"https:\/\/mantenimientosinformaticos.net\/canarytools\/\"},{\"@type\":\"ListItem\",\"position\":2,\"name\":\"Tienda\",\"item\":\"https:\/\/mantenimientosinformaticos.net\/canarytools\/tienda\/\"},{\"@type\":\"ListItem\",\"position\":3,\"name\":\"REF.:HW9810 Equilibrada fija para ruedas de veh\u00edculos y furgonetas\"}]},{\"@type\":\"WebSite\",\"@id\":\"https:\/\/mantenimientosinformaticos.net\/canarytools\/#website\",\"url\":\"https:\/\/mantenimientosinformaticos.net\/canarytools\/\",\"name\":\"Canarytools S.L.\",\"description\":\"Herramientas y M\u00e1quinas\",\"publisher\":{\"@id\":\"https:\/\/mantenimientosinformaticos.net\/canarytools\/#\/schema\/person\/355e32754b03bb24b681f1b6917e49bf\"},\"potentialAction\":[{\"@type\":\"SearchAction\",\"target\":{\"@type\":\"EntryPoint\",\"urlTemplate\":\"https:\/\/mantenimientosinformaticos.net\/canarytools\/?s={search_term_string}\"},\"query-input\":\"required name=search_term_string\"}],\"inLanguage\":\"es\"},{\"@type\":[\"Person\",\"Organization\"],\"@id\":\"https:\/\/mantenimientosinformaticos.net\/canarytools\/#\/schema\/person\/355e32754b03bb24b681f1b6917e49bf\",\"name\":\"canarytools.xnetdigital\",\"image\":{\"@type\":\"ImageObject\",\"inLanguage\":\"es\",\"@id\":\"https:\/\/mantenimientosinformaticos.net\/canarytools\/#\/schema\/person\/image\/\",\"url\":\"https:\/\/mantenimientosinformaticos.net\/canarytools\/wp-content\/uploads\/2023\/12\/canary-tools-logo.png\",\"contentUrl\":\"https:\/\/mantenimientosinformaticos.net\/canarytools\/wp-content\/uploads\/2023\/12\/canary-tools-logo.png\",\"width\":1302,\"height\":440,\"caption\":\"canarytools.xnetdigital\"},\"logo\":{\"@id\":\"https:\/\/mantenimientosinformaticos.net\/canarytools\/#\/schema\/person\/image\/\"},\"sameAs\":[\"https:\/\/mantenimientosinformaticos.net\/canarytools\"]}]}<\/script>\n<!-- \/ Yoast SEO plugin. -->","yoast_head_json":{"title":"REF.:HW9810  Equilibrada fija para ruedas de veh\u00edculos y furgonetas - Canarytools S.L.","robots":{"index":"index","follow":"follow","max-snippet":"max-snippet:-1","max-image-preview":"max-image-preview:large","max-video-preview":"max-video-preview:-1"},"canonical":"https:\/\/mantenimientosinformaticos.net\/canarytools\/producto\/equilibrada-fija-para-ruedas-de-vehiculos-y-furgonetas\/","og_locale":"es_ES","og_type":"article","og_title":"REF.:HW9810  Equilibrada fija para ruedas de veh\u00edculos y furgonetas - Canarytools S.L.","og_description":"Puede operar con elevada precisi\u00f3n sobre cualquier rueda en acero o aluminio, de turismo, todo terreno, veh\u00edculos comerciales ligeros, motocicletas o scooters.Pantalla LCD 17\u201d de alta resoluci\u00f3n con gr\u00e1fica tridimensional disponible en cinco lenguas.Introducci\u00f3n autom\u00e1tica del di\u00e1metro y distancia de ruedaPalpador externo electr\u00f3nico para medir la anchura de la llanta (a pedido)Dispositivo de frenada autom\u00e1tica de elevada potencia, reduciendo el tiempo de cicloProgramas de utilidad, como calibraci\u00f3n, personalizaci\u00f3n, contador de lanzamiento, servicio diagn\u00f3stico, etc.Modalidades de equilibrado: 4 programas ALU, din\u00e1mica, est\u00e1tica, OPT flash y motocicletas","og_url":"https:\/\/mantenimientosinformaticos.net\/canarytools\/producto\/equilibrada-fija-para-ruedas-de-vehiculos-y-furgonetas\/","og_site_name":"Canarytools S.L.","og_image":[{"width":326,"height":480,"url":"https:\/\/mantenimientosinformaticos.net\/canarytools\/wp-content\/uploads\/2020\/05\/686-REF.HW9810-Equilibrada-fija-para-ruedas-de-vehiculos-y-furgonetas.jpg","type":"image\/jpeg"}],"twitter_card":"summary_large_image","twitter_misc":{"Tiempo de lectura":"1 minuto"},"schema":{"@context":"https:\/\/schema.org","@graph":[{"@type":"WebPage","@id":"https:\/\/mantenimientosinformaticos.net\/canarytools\/producto\/equilibrada-fija-para-ruedas-de-vehiculos-y-furgonetas\/","url":"https:\/\/mantenimientosinformaticos.net\/canarytools\/producto\/equilibrada-fija-para-ruedas-de-vehiculos-y-furgonetas\/","name":"REF.:HW9810 Equilibrada fija para ruedas de veh\u00edculos y furgonetas - Canarytools S.L.","isPartOf":{"@id":"https:\/\/mantenimientosinformaticos.net\/canarytools\/#website"},"primaryImageOfPage":{"@id":"https:\/\/mantenimientosinformaticos.net\/canarytools\/producto\/equilibrada-fija-para-ruedas-de-vehiculos-y-furgonetas\/#primaryimage"},"image":{"@id":"https:\/\/mantenimientosinformaticos.net\/canarytools\/producto\/equilibrada-fija-para-ruedas-de-vehiculos-y-furgonetas\/#primaryimage"},"thumbnailUrl":"https:\/\/mantenimientosinformaticos.net\/canarytools\/wp-content\/uploads\/2020\/05\/686-REF.HW9810-Equilibrada-fija-para-ruedas-de-vehiculos-y-furgonetas.jpg","datePublished":"2020-05-14T10:38:36+00:00","dateModified":"2020-05-14T10:38:36+00:00","breadcrumb":{"@id":"https:\/\/mantenimientosinformaticos.net\/canarytools\/producto\/equilibrada-fija-para-ruedas-de-vehiculos-y-furgonetas\/#breadcrumb"},"inLanguage":"es","potentialAction":[{"@type":"ReadAction","target":["https:\/\/mantenimientosinformaticos.net\/canarytools\/producto\/equilibrada-fija-para-ruedas-de-vehiculos-y-furgonetas\/"]}]},{"@type":"ImageObject","inLanguage":"es","@id":"https:\/\/mantenimientosinformaticos.net\/canarytools\/producto\/equilibrada-fija-para-ruedas-de-vehiculos-y-furgonetas\/#primaryimage","url":"https:\/\/mantenimientosinformaticos.net\/canarytools\/wp-content\/uploads\/2020\/05\/686-REF.HW9810-Equilibrada-fija-para-ruedas-de-vehiculos-y-furgonetas.jpg","contentUrl":"https:\/\/mantenimientosinformaticos.net\/canarytools\/wp-content\/uploads\/2020\/05\/686-REF.HW9810-Equilibrada-fija-para-ruedas-de-vehiculos-y-furgonetas.jpg","width":326,"height":480,"caption":"REF.:HW9810 Equilibrada fija para ruedas de veh\u00edculos y furgonetas"},{"@type":"BreadcrumbList","@id":"https:\/\/mantenimientosinformaticos.net\/canarytools\/producto\/equilibrada-fija-para-ruedas-de-vehiculos-y-furgonetas\/#breadcrumb","itemListElement":[{"@type":"ListItem","position":1,"name":"Portada","item":"https:\/\/mantenimientosinformaticos.net\/canarytools\/"},{"@type":"ListItem","position":2,"name":"Tienda","item":"https:\/\/mantenimientosinformaticos.net\/canarytools\/tienda\/"},{"@type":"ListItem","position":3,"name":"REF.:HW9810 Equilibrada fija para ruedas de veh\u00edculos y furgonetas"}]},{"@type":"WebSite","@id":"https:\/\/mantenimientosinformaticos.net\/canarytools\/#website","url":"https:\/\/mantenimientosinformaticos.net\/canarytools\/","name":"Canarytools S.L.","description":"Herramientas y M\u00e1quinas","publisher":{"@id":"https:\/\/mantenimientosinformaticos.net\/canarytools\/#\/schema\/person\/355e32754b03bb24b681f1b6917e49bf"},"potentialAction":[{"@type":"SearchAction","target":{"@type":"EntryPoint","urlTemplate":"https:\/\/mantenimientosinformaticos.net\/canarytools\/?s={search_term_string}"},"query-input":"required name=search_term_string"}],"inLanguage":"es"},{"@type":["Person","Organization"],"@id":"https:\/\/mantenimientosinformaticos.net\/canarytools\/#\/schema\/person\/355e32754b03bb24b681f1b6917e49bf","name":"canarytools.xnetdigital","image":{"@type":"ImageObject","inLanguage":"es","@id":"https:\/\/mantenimientosinformaticos.net\/canarytools\/#\/schema\/person\/image\/","url":"https:\/\/mantenimientosinformaticos.net\/canarytools\/wp-content\/uploads\/2023\/12\/canary-tools-logo.png","contentUrl":"https:\/\/mantenimientosinformaticos.net\/canarytools\/wp-content\/uploads\/2023\/12\/canary-tools-logo.png","width":1302,"height":440,"caption":"canarytools.xnetdigital"},"logo":{"@id":"https:\/\/mantenimientosinformaticos.net\/canarytools\/#\/schema\/person\/image\/"},"sameAs":["https:\/\/mantenimientosinformaticos.net\/canarytools"]}]}},"_links":{"self":[{"href":"https:\/\/mantenimientosinformaticos.net\/canarytools\/wp-json\/wp\/v2\/product\/5088","targetHints":{"allow":["GET"]}}],"collection":[{"href":"https:\/\/mantenimientosinformaticos.net\/canarytools\/wp-json\/wp\/v2\/product"}],"about":[{"href":"https:\/\/mantenimientosinformaticos.net\/canarytools\/wp-json\/wp\/v2\/types\/product"}],"replies":[{"embeddable":true,"href":"https:\/\/mantenimientosinformaticos.net\/canarytools\/wp-json\/wp\/v2\/comments?post=5088"}],"wp:featuredmedia":[{"embeddable":true,"href":"https:\/\/mantenimientosinformaticos.net\/canarytools\/wp-json\/wp\/v2\/media\/5087"}],"wp:attachment":[{"href":"https:\/\/mantenimientosinformaticos.net\/canarytools\/wp-json\/wp\/v2\/media?parent=5088"}],"wp:term":[{"taxonomy":"product_cat","embeddable":true,"href":"https:\/\/mantenimientosinformaticos.net\/canarytools\/wp-json\/wp\/v2\/product_cat?post=5088"},{"taxonomy":"product_tag","embeddable":true,"href":"https:\/\/mantenimientosinformaticos.net\/canarytools\/wp-json\/wp\/v2\/product_tag?post=5088"}],"curies":[{"name":"wp","href":"https:\/\/api.w.org\/{rel}","templated":true}]}}