{"id":5086,"date":"2020-05-14T12:12:19","date_gmt":"2020-05-14T10:12:19","guid":{"rendered":"https:\/\/mantenimientosinformaticos.net\/canarytools\/producto\/equilibradorar-fija-para-ruedas-de-vehiculos-y-furgonetas\/"},"modified":"2020-05-14T12:12:19","modified_gmt":"2020-05-14T10:12:19","slug":"equilibradorar-fija-para-ruedas-de-vehiculos-y-furgonetas","status":"publish","type":"product","link":"https:\/\/mantenimientosinformaticos.net\/canarytools\/producto\/equilibradorar-fija-para-ruedas-de-vehiculos-y-furgonetas\/","title":{"rendered":"REF.:HW9300 Equilibradora fija para ruedas de veh\u00edculos y furgonetas"},"content":{"rendered":"<p>Lectura en gramos u onzas<br \/>Medici\u00f3n en pulgadas o mil\u00edmetros<br \/>Visualizaci\u00f3n del desequilibrio de 5 en 5 grms<br \/>Nuevo display a matriz de diodos que hace f\u00e1cil e inmediato su utilizaci\u00f3n por el operario<br \/>Indicaci\u00f3n gr\u00e1fica de la funci\u00f3n ALU seleccionada<br \/>Programa de optimizaci\u00f3n, para compensar el desequilibrio del neum\u00e1tico con de la llanta<br \/>Freno de estacionamiento para facilitar la aplicaciones del peso \u00a0<\/p>\n<\/p>\n<p>Di\u00e1metro de llanta \u00a0 \u00a0 \u00a0 \u00a0 \u00a0 \u00a0 10\u201d-24\u201d<br \/>Anchura de llanta \u00a0 \u00a0 \u00a0 \u00a0 \u00a0 \u00a0 \u00a0 1.5\u201d-1.6\u201d<br \/>Peso max. Rueda \u00a0 \u00a0 \u00a0 \u00a0 \u00a0 \u00a0 \u00a0 70 kg<br \/>Di\u00e1metro de rueda \u00a0 \u00a0 \u00a0 \u00a0 \u00a0 \u00a0 1000 mm<br \/>Precisi\u00f3n de equilibrado \u00a0 \u00a0 \u00a0+\/-1g<br \/>Velocidad de medici\u00f3n \u00a0 \u00a0 \u00a0 \u00a0200 rpm<br \/>Tiempo de medici\u00f3n \u00a0 \u00a0 \u00a0 \u00a0 \u00a0 8\u00a0Sec.<br \/>Potencia del motor \u00a0 \u00a0 \u00a0 \u00a0 \u00a0 \u00a0 250 W<br \/>Nivel de ruido \u00a0 \u00a0 \u00a0 \u00a0 \u00a0 \u00a0 \u00a0 \u00a0 \u00a0 \u00a0&lt;70 db<br \/>Alimentaci\u00f3n \u00a0 \u00a0 \u00a0 \u00a0 \u00a0 \u00a0 \u00a0 \u00a0 \u00a0 \u00a0 220V\/50 Hz\/1Ph<\/p><\/p>\n","protected":false},"excerpt":{"rendered":"<p>Display digital de lectura con visualizado LED de elevada luminosidad y teclado incorporado de uso f\u00e1cil, sencillo e intuitivo<br \/>Introducci\u00f3n manual de di\u00e1metro y distancia de rueda<br \/>Puesta en marcha autom\u00e1tica al bajar el c\u00e1rter de protecci\u00f3n<br \/>Dispositivo de frenada autom\u00e1tico de elevada potencia, reduciendo el tiempo de ciclo<br \/>Programas de utilidad, como calibraci\u00f3n, personalizaci\u00f3n, contador de lanzamiento, servicio y diagn\u00f3stico, etc.<br \/>Programa men\u00fa para b\u00fasqueda r\u00e1pida de las opciones disponibles<\/p><\/p>\n","protected":false},"featured_media":5085,"comment_status":"open","ping_status":"closed","template":"","meta":[],"product_cat":[492,543],"product_tag":[],"class_list":{"0":"post-5086","1":"product","2":"type-product","3":"status-publish","4":"has-post-thumbnail","6":"product_cat-equipo-de-talleres","7":"product_cat-equilibradora-de-neumaticos","9":"first","10":"instock","11":"shipping-taxable","12":"purchasable","13":"product-type-simple"},"yoast_head":"<!-- This site is optimized with the Yoast SEO plugin v22.7 - https:\/\/yoast.com\/wordpress\/plugins\/seo\/ -->\n<title>REF.:HW9300 Equilibradora fija para ruedas de veh\u00edculos y furgonetas - Canarytools S.L.<\/title>\n<meta name=\"robots\" content=\"index, follow, max-snippet:-1, max-image-preview:large, max-video-preview:-1\" \/>\n<link rel=\"canonical\" href=\"https:\/\/mantenimientosinformaticos.net\/canarytools\/producto\/equilibradorar-fija-para-ruedas-de-vehiculos-y-furgonetas\/\" \/>\n<meta property=\"og:locale\" content=\"es_ES\" \/>\n<meta property=\"og:type\" content=\"article\" \/>\n<meta property=\"og:title\" content=\"REF.:HW9300 Equilibradora fija para ruedas de veh\u00edculos y furgonetas - Canarytools S.L.\" \/>\n<meta property=\"og:description\" content=\"Display digital de lectura con visualizado LED de elevada luminosidad y teclado incorporado de uso f\u00e1cil, sencillo e intuitivoIntroducci\u00f3n manual de di\u00e1metro y distancia de ruedaPuesta en marcha autom\u00e1tica al bajar el c\u00e1rter de protecci\u00f3nDispositivo de frenada autom\u00e1tico de elevada potencia, reduciendo el tiempo de cicloProgramas de utilidad, como calibraci\u00f3n, personalizaci\u00f3n, contador de lanzamiento, servicio y diagn\u00f3stico, etc.Programa men\u00fa para b\u00fasqueda r\u00e1pida de las opciones disponibles\" \/>\n<meta property=\"og:url\" content=\"https:\/\/mantenimientosinformaticos.net\/canarytools\/producto\/equilibradorar-fija-para-ruedas-de-vehiculos-y-furgonetas\/\" \/>\n<meta property=\"og:site_name\" content=\"Canarytools S.L.\" \/>\n<meta property=\"og:image\" content=\"https:\/\/mantenimientosinformaticos.net\/canarytools\/wp-content\/uploads\/2020\/05\/685-REF.HW9300-Equilibradora-fija-para-ruedas-de-vehiculos-y-furgonetas.jpg\" \/>\n\t<meta property=\"og:image:width\" content=\"462\" \/>\n\t<meta property=\"og:image:height\" content=\"476\" \/>\n\t<meta property=\"og:image:type\" content=\"image\/jpeg\" \/>\n<meta name=\"twitter:card\" content=\"summary_large_image\" \/>\n<meta name=\"twitter:label1\" content=\"Tiempo de lectura\" \/>\n\t<meta name=\"twitter:data1\" content=\"1 minuto\" \/>\n<script type=\"application\/ld+json\" class=\"yoast-schema-graph\">{\"@context\":\"https:\/\/schema.org\",\"@graph\":[{\"@type\":\"WebPage\",\"@id\":\"https:\/\/mantenimientosinformaticos.net\/canarytools\/producto\/equilibradorar-fija-para-ruedas-de-vehiculos-y-furgonetas\/\",\"url\":\"https:\/\/mantenimientosinformaticos.net\/canarytools\/producto\/equilibradorar-fija-para-ruedas-de-vehiculos-y-furgonetas\/\",\"name\":\"REF.:HW9300 Equilibradora fija para ruedas de veh\u00edculos y furgonetas - Canarytools S.L.\",\"isPartOf\":{\"@id\":\"https:\/\/mantenimientosinformaticos.net\/canarytools\/#website\"},\"primaryImageOfPage\":{\"@id\":\"https:\/\/mantenimientosinformaticos.net\/canarytools\/producto\/equilibradorar-fija-para-ruedas-de-vehiculos-y-furgonetas\/#primaryimage\"},\"image\":{\"@id\":\"https:\/\/mantenimientosinformaticos.net\/canarytools\/producto\/equilibradorar-fija-para-ruedas-de-vehiculos-y-furgonetas\/#primaryimage\"},\"thumbnailUrl\":\"https:\/\/mantenimientosinformaticos.net\/canarytools\/wp-content\/uploads\/2020\/05\/685-REF.HW9300-Equilibradora-fija-para-ruedas-de-vehiculos-y-furgonetas.jpg\",\"datePublished\":\"2020-05-14T10:12:19+00:00\",\"dateModified\":\"2020-05-14T10:12:19+00:00\",\"breadcrumb\":{\"@id\":\"https:\/\/mantenimientosinformaticos.net\/canarytools\/producto\/equilibradorar-fija-para-ruedas-de-vehiculos-y-furgonetas\/#breadcrumb\"},\"inLanguage\":\"es\",\"potentialAction\":[{\"@type\":\"ReadAction\",\"target\":[\"https:\/\/mantenimientosinformaticos.net\/canarytools\/producto\/equilibradorar-fija-para-ruedas-de-vehiculos-y-furgonetas\/\"]}]},{\"@type\":\"ImageObject\",\"inLanguage\":\"es\",\"@id\":\"https:\/\/mantenimientosinformaticos.net\/canarytools\/producto\/equilibradorar-fija-para-ruedas-de-vehiculos-y-furgonetas\/#primaryimage\",\"url\":\"https:\/\/mantenimientosinformaticos.net\/canarytools\/wp-content\/uploads\/2020\/05\/685-REF.HW9300-Equilibradora-fija-para-ruedas-de-vehiculos-y-furgonetas.jpg\",\"contentUrl\":\"https:\/\/mantenimientosinformaticos.net\/canarytools\/wp-content\/uploads\/2020\/05\/685-REF.HW9300-Equilibradora-fija-para-ruedas-de-vehiculos-y-furgonetas.jpg\",\"width\":462,\"height\":476,\"caption\":\"REF.:HW9300 Equilibradora fija para ruedas de veh\u00edculos y furgonetas\"},{\"@type\":\"BreadcrumbList\",\"@id\":\"https:\/\/mantenimientosinformaticos.net\/canarytools\/producto\/equilibradorar-fija-para-ruedas-de-vehiculos-y-furgonetas\/#breadcrumb\",\"itemListElement\":[{\"@type\":\"ListItem\",\"position\":1,\"name\":\"Portada\",\"item\":\"https:\/\/mantenimientosinformaticos.net\/canarytools\/\"},{\"@type\":\"ListItem\",\"position\":2,\"name\":\"Tienda\",\"item\":\"https:\/\/mantenimientosinformaticos.net\/canarytools\/tienda\/\"},{\"@type\":\"ListItem\",\"position\":3,\"name\":\"REF.:HW9300 Equilibradora fija para ruedas de veh\u00edculos y furgonetas\"}]},{\"@type\":\"WebSite\",\"@id\":\"https:\/\/mantenimientosinformaticos.net\/canarytools\/#website\",\"url\":\"https:\/\/mantenimientosinformaticos.net\/canarytools\/\",\"name\":\"Canarytools S.L.\",\"description\":\"Herramientas y M\u00e1quinas\",\"publisher\":{\"@id\":\"https:\/\/mantenimientosinformaticos.net\/canarytools\/#\/schema\/person\/355e32754b03bb24b681f1b6917e49bf\"},\"potentialAction\":[{\"@type\":\"SearchAction\",\"target\":{\"@type\":\"EntryPoint\",\"urlTemplate\":\"https:\/\/mantenimientosinformaticos.net\/canarytools\/?s={search_term_string}\"},\"query-input\":\"required name=search_term_string\"}],\"inLanguage\":\"es\"},{\"@type\":[\"Person\",\"Organization\"],\"@id\":\"https:\/\/mantenimientosinformaticos.net\/canarytools\/#\/schema\/person\/355e32754b03bb24b681f1b6917e49bf\",\"name\":\"canarytools.xnetdigital\",\"image\":{\"@type\":\"ImageObject\",\"inLanguage\":\"es\",\"@id\":\"https:\/\/mantenimientosinformaticos.net\/canarytools\/#\/schema\/person\/image\/\",\"url\":\"https:\/\/mantenimientosinformaticos.net\/canarytools\/wp-content\/uploads\/2023\/12\/canary-tools-logo.png\",\"contentUrl\":\"https:\/\/mantenimientosinformaticos.net\/canarytools\/wp-content\/uploads\/2023\/12\/canary-tools-logo.png\",\"width\":1302,\"height\":440,\"caption\":\"canarytools.xnetdigital\"},\"logo\":{\"@id\":\"https:\/\/mantenimientosinformaticos.net\/canarytools\/#\/schema\/person\/image\/\"},\"sameAs\":[\"https:\/\/mantenimientosinformaticos.net\/canarytools\"]}]}<\/script>\n<!-- \/ Yoast SEO plugin. -->","yoast_head_json":{"title":"REF.:HW9300 Equilibradora fija para ruedas de veh\u00edculos y furgonetas - Canarytools S.L.","robots":{"index":"index","follow":"follow","max-snippet":"max-snippet:-1","max-image-preview":"max-image-preview:large","max-video-preview":"max-video-preview:-1"},"canonical":"https:\/\/mantenimientosinformaticos.net\/canarytools\/producto\/equilibradorar-fija-para-ruedas-de-vehiculos-y-furgonetas\/","og_locale":"es_ES","og_type":"article","og_title":"REF.:HW9300 Equilibradora fija para ruedas de veh\u00edculos y furgonetas - Canarytools S.L.","og_description":"Display digital de lectura con visualizado LED de elevada luminosidad y teclado incorporado de uso f\u00e1cil, sencillo e intuitivoIntroducci\u00f3n manual de di\u00e1metro y distancia de ruedaPuesta en marcha autom\u00e1tica al bajar el c\u00e1rter de protecci\u00f3nDispositivo de frenada autom\u00e1tico de elevada potencia, reduciendo el tiempo de cicloProgramas de utilidad, como calibraci\u00f3n, personalizaci\u00f3n, contador de lanzamiento, servicio y diagn\u00f3stico, etc.Programa men\u00fa para b\u00fasqueda r\u00e1pida de las opciones disponibles","og_url":"https:\/\/mantenimientosinformaticos.net\/canarytools\/producto\/equilibradorar-fija-para-ruedas-de-vehiculos-y-furgonetas\/","og_site_name":"Canarytools S.L.","og_image":[{"width":462,"height":476,"url":"https:\/\/mantenimientosinformaticos.net\/canarytools\/wp-content\/uploads\/2020\/05\/685-REF.HW9300-Equilibradora-fija-para-ruedas-de-vehiculos-y-furgonetas.jpg","type":"image\/jpeg"}],"twitter_card":"summary_large_image","twitter_misc":{"Tiempo de lectura":"1 minuto"},"schema":{"@context":"https:\/\/schema.org","@graph":[{"@type":"WebPage","@id":"https:\/\/mantenimientosinformaticos.net\/canarytools\/producto\/equilibradorar-fija-para-ruedas-de-vehiculos-y-furgonetas\/","url":"https:\/\/mantenimientosinformaticos.net\/canarytools\/producto\/equilibradorar-fija-para-ruedas-de-vehiculos-y-furgonetas\/","name":"REF.:HW9300 Equilibradora fija para ruedas de veh\u00edculos y furgonetas - Canarytools S.L.","isPartOf":{"@id":"https:\/\/mantenimientosinformaticos.net\/canarytools\/#website"},"primaryImageOfPage":{"@id":"https:\/\/mantenimientosinformaticos.net\/canarytools\/producto\/equilibradorar-fija-para-ruedas-de-vehiculos-y-furgonetas\/#primaryimage"},"image":{"@id":"https:\/\/mantenimientosinformaticos.net\/canarytools\/producto\/equilibradorar-fija-para-ruedas-de-vehiculos-y-furgonetas\/#primaryimage"},"thumbnailUrl":"https:\/\/mantenimientosinformaticos.net\/canarytools\/wp-content\/uploads\/2020\/05\/685-REF.HW9300-Equilibradora-fija-para-ruedas-de-vehiculos-y-furgonetas.jpg","datePublished":"2020-05-14T10:12:19+00:00","dateModified":"2020-05-14T10:12:19+00:00","breadcrumb":{"@id":"https:\/\/mantenimientosinformaticos.net\/canarytools\/producto\/equilibradorar-fija-para-ruedas-de-vehiculos-y-furgonetas\/#breadcrumb"},"inLanguage":"es","potentialAction":[{"@type":"ReadAction","target":["https:\/\/mantenimientosinformaticos.net\/canarytools\/producto\/equilibradorar-fija-para-ruedas-de-vehiculos-y-furgonetas\/"]}]},{"@type":"ImageObject","inLanguage":"es","@id":"https:\/\/mantenimientosinformaticos.net\/canarytools\/producto\/equilibradorar-fija-para-ruedas-de-vehiculos-y-furgonetas\/#primaryimage","url":"https:\/\/mantenimientosinformaticos.net\/canarytools\/wp-content\/uploads\/2020\/05\/685-REF.HW9300-Equilibradora-fija-para-ruedas-de-vehiculos-y-furgonetas.jpg","contentUrl":"https:\/\/mantenimientosinformaticos.net\/canarytools\/wp-content\/uploads\/2020\/05\/685-REF.HW9300-Equilibradora-fija-para-ruedas-de-vehiculos-y-furgonetas.jpg","width":462,"height":476,"caption":"REF.:HW9300 Equilibradora fija para ruedas de veh\u00edculos y furgonetas"},{"@type":"BreadcrumbList","@id":"https:\/\/mantenimientosinformaticos.net\/canarytools\/producto\/equilibradorar-fija-para-ruedas-de-vehiculos-y-furgonetas\/#breadcrumb","itemListElement":[{"@type":"ListItem","position":1,"name":"Portada","item":"https:\/\/mantenimientosinformaticos.net\/canarytools\/"},{"@type":"ListItem","position":2,"name":"Tienda","item":"https:\/\/mantenimientosinformaticos.net\/canarytools\/tienda\/"},{"@type":"ListItem","position":3,"name":"REF.:HW9300 Equilibradora fija para ruedas de veh\u00edculos y furgonetas"}]},{"@type":"WebSite","@id":"https:\/\/mantenimientosinformaticos.net\/canarytools\/#website","url":"https:\/\/mantenimientosinformaticos.net\/canarytools\/","name":"Canarytools S.L.","description":"Herramientas y M\u00e1quinas","publisher":{"@id":"https:\/\/mantenimientosinformaticos.net\/canarytools\/#\/schema\/person\/355e32754b03bb24b681f1b6917e49bf"},"potentialAction":[{"@type":"SearchAction","target":{"@type":"EntryPoint","urlTemplate":"https:\/\/mantenimientosinformaticos.net\/canarytools\/?s={search_term_string}"},"query-input":"required name=search_term_string"}],"inLanguage":"es"},{"@type":["Person","Organization"],"@id":"https:\/\/mantenimientosinformaticos.net\/canarytools\/#\/schema\/person\/355e32754b03bb24b681f1b6917e49bf","name":"canarytools.xnetdigital","image":{"@type":"ImageObject","inLanguage":"es","@id":"https:\/\/mantenimientosinformaticos.net\/canarytools\/#\/schema\/person\/image\/","url":"https:\/\/mantenimientosinformaticos.net\/canarytools\/wp-content\/uploads\/2023\/12\/canary-tools-logo.png","contentUrl":"https:\/\/mantenimientosinformaticos.net\/canarytools\/wp-content\/uploads\/2023\/12\/canary-tools-logo.png","width":1302,"height":440,"caption":"canarytools.xnetdigital"},"logo":{"@id":"https:\/\/mantenimientosinformaticos.net\/canarytools\/#\/schema\/person\/image\/"},"sameAs":["https:\/\/mantenimientosinformaticos.net\/canarytools"]}]}},"_links":{"self":[{"href":"https:\/\/mantenimientosinformaticos.net\/canarytools\/wp-json\/wp\/v2\/product\/5086","targetHints":{"allow":["GET"]}}],"collection":[{"href":"https:\/\/mantenimientosinformaticos.net\/canarytools\/wp-json\/wp\/v2\/product"}],"about":[{"href":"https:\/\/mantenimientosinformaticos.net\/canarytools\/wp-json\/wp\/v2\/types\/product"}],"replies":[{"embeddable":true,"href":"https:\/\/mantenimientosinformaticos.net\/canarytools\/wp-json\/wp\/v2\/comments?post=5086"}],"wp:featuredmedia":[{"embeddable":true,"href":"https:\/\/mantenimientosinformaticos.net\/canarytools\/wp-json\/wp\/v2\/media\/5085"}],"wp:attachment":[{"href":"https:\/\/mantenimientosinformaticos.net\/canarytools\/wp-json\/wp\/v2\/media?parent=5086"}],"wp:term":[{"taxonomy":"product_cat","embeddable":true,"href":"https:\/\/mantenimientosinformaticos.net\/canarytools\/wp-json\/wp\/v2\/product_cat?post=5086"},{"taxonomy":"product_tag","embeddable":true,"href":"https:\/\/mantenimientosinformaticos.net\/canarytools\/wp-json\/wp\/v2\/product_tag?post=5086"}],"curies":[{"name":"wp","href":"https:\/\/api.w.org\/{rel}","templated":true}]}}