{"id":5080,"date":"2020-05-14T11:46:44","date_gmt":"2020-05-14T09:46:44","guid":{"rendered":"https:\/\/mantenimientosinformaticos.net\/canarytools\/producto\/desmontadora-de-neumaticos-semiautomatica\/"},"modified":"2020-05-14T11:46:44","modified_gmt":"2020-05-14T09:46:44","slug":"desmontadora-de-neumaticos-semiautomatica","status":"publish","type":"product","link":"https:\/\/mantenimientosinformaticos.net\/canarytools\/producto\/desmontadora-de-neumaticos-semiautomatica\/","title":{"rendered":"REF.:HC8310.   Desmotadora de neum\u00e1ticos semiautoma\u0301tica"},"content":{"rendered":"<p>Destolonador reforzado con amplia capa de revestimiento de goma antideslizante<br \/>Autocentrante con doble cilindro neum\u00e1tico, capaz de bloquear firmemente todo tipo de llanta<br \/>Pedales en aluminio colado<br \/>Protecciones de pl\u00e1stico en torreta y garras, as\u00ed como en pala destalonadora y desmontable para proteger las llantas de aluminio<\/p>\n<\/p>\n<p>Rango de sujeci\u00f3n de la llanta (externo) \u00a0 12\u201d-24\u201d<br \/>Rango de sujeci\u00f3n de la llanta (interno) \u00a0 \u00a010\u201d-22\u201d<br \/>Di\u00e1metro m\u00e1xima de la rueda \u00a0 \u00a0 \u00a0 \u00a0 \u00a0 \u00a0 \u00a0 \u00a0 \u00a01040 mm<br \/>Anchura m\u00e1xima de la rueda \u00a0 \u00a0 \u00a0 \u00a0 \u00a0 \u00a0 \u00a0 \u00a0 \u00a0 \u00a03\u201d-15\u201d<br \/>Fuerza de destalonamiento \u00a0 \u00a0 \u00a0 \u00a0 \u00a0 \u00a0 \u00a0 \u00a0 \u00a0 \u00a0 \u00a0 2700 kg<br \/>Alimentaci\u00f3n neum\u00e1tica \u00a0 \u00a0 \u00a0 \u00a0 \u00a0 \u00a0 \u00a0 \u00a0 \u00a0 \u00a0 \u00a0 \u00a0 \u00a0 8-10 bar<br \/>Potencia \u00a0 \u00a0 \u00a0 \u00a0 \u00a0 \u00a0 \u00a0 \u00a0 \u00a0 \u00a0 \u00a0 \u00a0 \u00a0 \u00a0 \u00a0 \u00a0 \u00a0 \u00a0 \u00a0 \u00a0 \u00a0 \u00a0 \u00a0 \u00a0 0.75 kW\/1.1 kW<br \/>Fuente de alimentaci\u00f3n \u00a0 \u00a0 \u00a0 \u00a0 \u00a0 \u00a0 \u00a0 \u00a0 \u00a0 \u00a0 \u00a0 \u00a0 \u00a0 \u00a0380V\/50 Hz\/3Ph 220V\/50 Hz\/1Ph<\/p><\/p>\n","protected":false},"excerpt":{"rendered":"<p>Desmotadora de neum\u00e1ticos semiautom\u00e1tica para turismos, veh\u00edculos ligeros y motos para llantas de hasta 25\u201d. Ideal para talleres con un trabajo medio de neum\u00e1ticos<br \/>Brazo de montaje de bandera lateral, para que la m\u00e1quina pueda ser instalada directamente en la pared reduciendo el espacio necesario<br \/>Torre monopieza regulable en altura y lateralmente a la distancia de la llanta<br \/>El \u00fatil de montaje est\u00e1 equipado de serie con una protecci\u00f3n de pl\u00e1stico estudiada para evitar da\u00f1ar la llanta<\/p><\/p>\n","protected":false},"featured_media":5079,"comment_status":"open","ping_status":"closed","template":"","meta":[],"product_cat":[492,541],"product_tag":[],"class_list":{"0":"post-5080","1":"product","2":"type-product","3":"status-publish","4":"has-post-thumbnail","6":"product_cat-equipo-de-talleres","7":"product_cat-desmontadora-de-neumaticos","9":"first","10":"instock","11":"shipping-taxable","12":"purchasable","13":"product-type-simple"},"yoast_head":"<!-- This site is optimized with the Yoast SEO plugin v22.7 - https:\/\/yoast.com\/wordpress\/plugins\/seo\/ -->\n<title>REF.:HC8310.  Desmotadora de neum\u00e1ticos semiautoma\u0301tica - Canarytools S.L.<\/title>\n<meta name=\"robots\" content=\"index, follow, max-snippet:-1, max-image-preview:large, max-video-preview:-1\" \/>\n<link rel=\"canonical\" href=\"https:\/\/mantenimientosinformaticos.net\/canarytools\/producto\/desmontadora-de-neumaticos-semiautomatica\/\" \/>\n<meta property=\"og:locale\" content=\"es_ES\" \/>\n<meta property=\"og:type\" content=\"article\" \/>\n<meta property=\"og:title\" content=\"REF.:HC8310.  Desmotadora de neum\u00e1ticos semiautoma\u0301tica - Canarytools S.L.\" \/>\n<meta property=\"og:description\" content=\"Desmotadora de neum\u00e1ticos semiautom\u00e1tica para turismos, veh\u00edculos ligeros y motos para llantas de hasta 25\u201d. Ideal para talleres con un trabajo medio de neum\u00e1ticosBrazo de montaje de bandera lateral, para que la m\u00e1quina pueda ser instalada directamente en la pared reduciendo el espacio necesarioTorre monopieza regulable en altura y lateralmente a la distancia de la llantaEl \u00fatil de montaje est\u00e1 equipado de serie con una protecci\u00f3n de pl\u00e1stico estudiada para evitar da\u00f1ar la llanta\" \/>\n<meta property=\"og:url\" content=\"https:\/\/mantenimientosinformaticos.net\/canarytools\/producto\/desmontadora-de-neumaticos-semiautomatica\/\" \/>\n<meta property=\"og:site_name\" content=\"Canarytools S.L.\" \/>\n<meta property=\"og:image\" content=\"https:\/\/mantenimientosinformaticos.net\/canarytools\/wp-content\/uploads\/2020\/05\/682-REF.HC8310.-Desmotadora-de-neumaticos-semiautomatica.jpg\" \/>\n\t<meta property=\"og:image:width\" content=\"233\" \/>\n\t<meta property=\"og:image:height\" content=\"473\" \/>\n\t<meta property=\"og:image:type\" content=\"image\/jpeg\" \/>\n<meta name=\"twitter:card\" content=\"summary_large_image\" \/>\n<script type=\"application\/ld+json\" class=\"yoast-schema-graph\">{\"@context\":\"https:\/\/schema.org\",\"@graph\":[{\"@type\":\"WebPage\",\"@id\":\"https:\/\/mantenimientosinformaticos.net\/canarytools\/producto\/desmontadora-de-neumaticos-semiautomatica\/\",\"url\":\"https:\/\/mantenimientosinformaticos.net\/canarytools\/producto\/desmontadora-de-neumaticos-semiautomatica\/\",\"name\":\"REF.:HC8310. Desmotadora de neum\u00e1ticos semiautoma\u0301tica - Canarytools S.L.\",\"isPartOf\":{\"@id\":\"https:\/\/mantenimientosinformaticos.net\/canarytools\/#website\"},\"primaryImageOfPage\":{\"@id\":\"https:\/\/mantenimientosinformaticos.net\/canarytools\/producto\/desmontadora-de-neumaticos-semiautomatica\/#primaryimage\"},\"image\":{\"@id\":\"https:\/\/mantenimientosinformaticos.net\/canarytools\/producto\/desmontadora-de-neumaticos-semiautomatica\/#primaryimage\"},\"thumbnailUrl\":\"https:\/\/mantenimientosinformaticos.net\/canarytools\/wp-content\/uploads\/2020\/05\/682-REF.HC8310.-Desmotadora-de-neumaticos-semiautomatica.jpg\",\"datePublished\":\"2020-05-14T09:46:44+00:00\",\"dateModified\":\"2020-05-14T09:46:44+00:00\",\"breadcrumb\":{\"@id\":\"https:\/\/mantenimientosinformaticos.net\/canarytools\/producto\/desmontadora-de-neumaticos-semiautomatica\/#breadcrumb\"},\"inLanguage\":\"es\",\"potentialAction\":[{\"@type\":\"ReadAction\",\"target\":[\"https:\/\/mantenimientosinformaticos.net\/canarytools\/producto\/desmontadora-de-neumaticos-semiautomatica\/\"]}]},{\"@type\":\"ImageObject\",\"inLanguage\":\"es\",\"@id\":\"https:\/\/mantenimientosinformaticos.net\/canarytools\/producto\/desmontadora-de-neumaticos-semiautomatica\/#primaryimage\",\"url\":\"https:\/\/mantenimientosinformaticos.net\/canarytools\/wp-content\/uploads\/2020\/05\/682-REF.HC8310.-Desmotadora-de-neumaticos-semiautomatica.jpg\",\"contentUrl\":\"https:\/\/mantenimientosinformaticos.net\/canarytools\/wp-content\/uploads\/2020\/05\/682-REF.HC8310.-Desmotadora-de-neumaticos-semiautomatica.jpg\",\"width\":233,\"height\":473,\"caption\":\"REF.:HC8310. Desmotadora de neum\u00e1ticos semiautoma\u0301tica\"},{\"@type\":\"BreadcrumbList\",\"@id\":\"https:\/\/mantenimientosinformaticos.net\/canarytools\/producto\/desmontadora-de-neumaticos-semiautomatica\/#breadcrumb\",\"itemListElement\":[{\"@type\":\"ListItem\",\"position\":1,\"name\":\"Portada\",\"item\":\"https:\/\/mantenimientosinformaticos.net\/canarytools\/\"},{\"@type\":\"ListItem\",\"position\":2,\"name\":\"Tienda\",\"item\":\"https:\/\/mantenimientosinformaticos.net\/canarytools\/tienda\/\"},{\"@type\":\"ListItem\",\"position\":3,\"name\":\"REF.:HC8310. Desmotadora de neum\u00e1ticos semiautoma\u0301tica\"}]},{\"@type\":\"WebSite\",\"@id\":\"https:\/\/mantenimientosinformaticos.net\/canarytools\/#website\",\"url\":\"https:\/\/mantenimientosinformaticos.net\/canarytools\/\",\"name\":\"Canarytools S.L.\",\"description\":\"Herramientas y M\u00e1quinas\",\"publisher\":{\"@id\":\"https:\/\/mantenimientosinformaticos.net\/canarytools\/#\/schema\/person\/355e32754b03bb24b681f1b6917e49bf\"},\"potentialAction\":[{\"@type\":\"SearchAction\",\"target\":{\"@type\":\"EntryPoint\",\"urlTemplate\":\"https:\/\/mantenimientosinformaticos.net\/canarytools\/?s={search_term_string}\"},\"query-input\":\"required name=search_term_string\"}],\"inLanguage\":\"es\"},{\"@type\":[\"Person\",\"Organization\"],\"@id\":\"https:\/\/mantenimientosinformaticos.net\/canarytools\/#\/schema\/person\/355e32754b03bb24b681f1b6917e49bf\",\"name\":\"canarytools.xnetdigital\",\"image\":{\"@type\":\"ImageObject\",\"inLanguage\":\"es\",\"@id\":\"https:\/\/mantenimientosinformaticos.net\/canarytools\/#\/schema\/person\/image\/\",\"url\":\"https:\/\/mantenimientosinformaticos.net\/canarytools\/wp-content\/uploads\/2023\/12\/canary-tools-logo.png\",\"contentUrl\":\"https:\/\/mantenimientosinformaticos.net\/canarytools\/wp-content\/uploads\/2023\/12\/canary-tools-logo.png\",\"width\":1302,\"height\":440,\"caption\":\"canarytools.xnetdigital\"},\"logo\":{\"@id\":\"https:\/\/mantenimientosinformaticos.net\/canarytools\/#\/schema\/person\/image\/\"},\"sameAs\":[\"https:\/\/mantenimientosinformaticos.net\/canarytools\"]}]}<\/script>\n<!-- \/ Yoast SEO plugin. -->","yoast_head_json":{"title":"REF.:HC8310.  Desmotadora de neum\u00e1ticos semiautoma\u0301tica - Canarytools S.L.","robots":{"index":"index","follow":"follow","max-snippet":"max-snippet:-1","max-image-preview":"max-image-preview:large","max-video-preview":"max-video-preview:-1"},"canonical":"https:\/\/mantenimientosinformaticos.net\/canarytools\/producto\/desmontadora-de-neumaticos-semiautomatica\/","og_locale":"es_ES","og_type":"article","og_title":"REF.:HC8310.  Desmotadora de neum\u00e1ticos semiautoma\u0301tica - Canarytools S.L.","og_description":"Desmotadora de neum\u00e1ticos semiautom\u00e1tica para turismos, veh\u00edculos ligeros y motos para llantas de hasta 25\u201d. Ideal para talleres con un trabajo medio de neum\u00e1ticosBrazo de montaje de bandera lateral, para que la m\u00e1quina pueda ser instalada directamente en la pared reduciendo el espacio necesarioTorre monopieza regulable en altura y lateralmente a la distancia de la llantaEl \u00fatil de montaje est\u00e1 equipado de serie con una protecci\u00f3n de pl\u00e1stico estudiada para evitar da\u00f1ar la llanta","og_url":"https:\/\/mantenimientosinformaticos.net\/canarytools\/producto\/desmontadora-de-neumaticos-semiautomatica\/","og_site_name":"Canarytools S.L.","og_image":[{"width":233,"height":473,"url":"https:\/\/mantenimientosinformaticos.net\/canarytools\/wp-content\/uploads\/2020\/05\/682-REF.HC8310.-Desmotadora-de-neumaticos-semiautomatica.jpg","type":"image\/jpeg"}],"twitter_card":"summary_large_image","schema":{"@context":"https:\/\/schema.org","@graph":[{"@type":"WebPage","@id":"https:\/\/mantenimientosinformaticos.net\/canarytools\/producto\/desmontadora-de-neumaticos-semiautomatica\/","url":"https:\/\/mantenimientosinformaticos.net\/canarytools\/producto\/desmontadora-de-neumaticos-semiautomatica\/","name":"REF.:HC8310. Desmotadora de neum\u00e1ticos semiautoma\u0301tica - Canarytools S.L.","isPartOf":{"@id":"https:\/\/mantenimientosinformaticos.net\/canarytools\/#website"},"primaryImageOfPage":{"@id":"https:\/\/mantenimientosinformaticos.net\/canarytools\/producto\/desmontadora-de-neumaticos-semiautomatica\/#primaryimage"},"image":{"@id":"https:\/\/mantenimientosinformaticos.net\/canarytools\/producto\/desmontadora-de-neumaticos-semiautomatica\/#primaryimage"},"thumbnailUrl":"https:\/\/mantenimientosinformaticos.net\/canarytools\/wp-content\/uploads\/2020\/05\/682-REF.HC8310.-Desmotadora-de-neumaticos-semiautomatica.jpg","datePublished":"2020-05-14T09:46:44+00:00","dateModified":"2020-05-14T09:46:44+00:00","breadcrumb":{"@id":"https:\/\/mantenimientosinformaticos.net\/canarytools\/producto\/desmontadora-de-neumaticos-semiautomatica\/#breadcrumb"},"inLanguage":"es","potentialAction":[{"@type":"ReadAction","target":["https:\/\/mantenimientosinformaticos.net\/canarytools\/producto\/desmontadora-de-neumaticos-semiautomatica\/"]}]},{"@type":"ImageObject","inLanguage":"es","@id":"https:\/\/mantenimientosinformaticos.net\/canarytools\/producto\/desmontadora-de-neumaticos-semiautomatica\/#primaryimage","url":"https:\/\/mantenimientosinformaticos.net\/canarytools\/wp-content\/uploads\/2020\/05\/682-REF.HC8310.-Desmotadora-de-neumaticos-semiautomatica.jpg","contentUrl":"https:\/\/mantenimientosinformaticos.net\/canarytools\/wp-content\/uploads\/2020\/05\/682-REF.HC8310.-Desmotadora-de-neumaticos-semiautomatica.jpg","width":233,"height":473,"caption":"REF.:HC8310. Desmotadora de neum\u00e1ticos semiautoma\u0301tica"},{"@type":"BreadcrumbList","@id":"https:\/\/mantenimientosinformaticos.net\/canarytools\/producto\/desmontadora-de-neumaticos-semiautomatica\/#breadcrumb","itemListElement":[{"@type":"ListItem","position":1,"name":"Portada","item":"https:\/\/mantenimientosinformaticos.net\/canarytools\/"},{"@type":"ListItem","position":2,"name":"Tienda","item":"https:\/\/mantenimientosinformaticos.net\/canarytools\/tienda\/"},{"@type":"ListItem","position":3,"name":"REF.:HC8310. Desmotadora de neum\u00e1ticos semiautoma\u0301tica"}]},{"@type":"WebSite","@id":"https:\/\/mantenimientosinformaticos.net\/canarytools\/#website","url":"https:\/\/mantenimientosinformaticos.net\/canarytools\/","name":"Canarytools S.L.","description":"Herramientas y M\u00e1quinas","publisher":{"@id":"https:\/\/mantenimientosinformaticos.net\/canarytools\/#\/schema\/person\/355e32754b03bb24b681f1b6917e49bf"},"potentialAction":[{"@type":"SearchAction","target":{"@type":"EntryPoint","urlTemplate":"https:\/\/mantenimientosinformaticos.net\/canarytools\/?s={search_term_string}"},"query-input":"required name=search_term_string"}],"inLanguage":"es"},{"@type":["Person","Organization"],"@id":"https:\/\/mantenimientosinformaticos.net\/canarytools\/#\/schema\/person\/355e32754b03bb24b681f1b6917e49bf","name":"canarytools.xnetdigital","image":{"@type":"ImageObject","inLanguage":"es","@id":"https:\/\/mantenimientosinformaticos.net\/canarytools\/#\/schema\/person\/image\/","url":"https:\/\/mantenimientosinformaticos.net\/canarytools\/wp-content\/uploads\/2023\/12\/canary-tools-logo.png","contentUrl":"https:\/\/mantenimientosinformaticos.net\/canarytools\/wp-content\/uploads\/2023\/12\/canary-tools-logo.png","width":1302,"height":440,"caption":"canarytools.xnetdigital"},"logo":{"@id":"https:\/\/mantenimientosinformaticos.net\/canarytools\/#\/schema\/person\/image\/"},"sameAs":["https:\/\/mantenimientosinformaticos.net\/canarytools"]}]}},"_links":{"self":[{"href":"https:\/\/mantenimientosinformaticos.net\/canarytools\/wp-json\/wp\/v2\/product\/5080","targetHints":{"allow":["GET"]}}],"collection":[{"href":"https:\/\/mantenimientosinformaticos.net\/canarytools\/wp-json\/wp\/v2\/product"}],"about":[{"href":"https:\/\/mantenimientosinformaticos.net\/canarytools\/wp-json\/wp\/v2\/types\/product"}],"replies":[{"embeddable":true,"href":"https:\/\/mantenimientosinformaticos.net\/canarytools\/wp-json\/wp\/v2\/comments?post=5080"}],"wp:featuredmedia":[{"embeddable":true,"href":"https:\/\/mantenimientosinformaticos.net\/canarytools\/wp-json\/wp\/v2\/media\/5079"}],"wp:attachment":[{"href":"https:\/\/mantenimientosinformaticos.net\/canarytools\/wp-json\/wp\/v2\/media?parent=5080"}],"wp:term":[{"taxonomy":"product_cat","embeddable":true,"href":"https:\/\/mantenimientosinformaticos.net\/canarytools\/wp-json\/wp\/v2\/product_cat?post=5080"},{"taxonomy":"product_tag","embeddable":true,"href":"https:\/\/mantenimientosinformaticos.net\/canarytools\/wp-json\/wp\/v2\/product_tag?post=5080"}],"curies":[{"name":"wp","href":"https:\/\/api.w.org\/{rel}","templated":true}]}}