{"id":5078,"date":"2020-05-14T11:30:25","date_gmt":"2020-05-14T09:30:25","guid":{"rendered":"https:\/\/mantenimientosinformaticos.net\/canarytools\/producto\/alineador-de-direccion\/"},"modified":"2020-05-14T11:30:25","modified_gmt":"2020-05-14T09:30:25","slug":"alineador-de-direccion","status":"publish","type":"product","link":"https:\/\/mantenimientosinformaticos.net\/canarytools\/producto\/alineador-de-direccion\/","title":{"rendered":"REF.:HAA-V58.   Alineador de direcci\u00f3n"},"content":{"rendered":"<p>Rango de sujeci\u00f3n de la llanta (externo) \u00a012\u201d-24\u201d<br \/>Rango de sujeci\u00f3n de la llanta (interno) \u00a0 10\u201d-22\u201d<br \/>Di\u00e1metro m\u00e1xima de la rueda \u00a0 \u00a0 \u00a0 \u00a0 \u00a0 \u00a0 \u00a0 \u00a0 1040 mm<br \/>Anchura m\u00e1xima de la rueda \u00a0 \u00a0 \u00a0 \u00a0 \u00a0 \u00a0 \u00a0 \u00a0 \u00a0 3\u201d-15\u201d<br \/>Fuerza de destalonamiento \u00a0 \u00a0 \u00a0 \u00a0 \u00a0 \u00a0 \u00a0 \u00a0 \u00a0 \u00a0 \u00a02700 kg<br \/>Alimentaci\u00f3n neum\u00e1tica \u00a0 \u00a0 \u00a0 \u00a0 \u00a0 \u00a0 \u00a0 \u00a0 \u00a0 \u00a0 \u00a0 \u00a0 \u00a08-10 bar<br \/>Potencia \u00a0 \u00a0 \u00a0 \u00a0 \u00a0 \u00a0 \u00a0 \u00a0 \u00a0 \u00a0 \u00a0 \u00a0 \u00a0 \u00a0 \u00a0 \u00a0 \u00a0 \u00a0 \u00a0 \u00a0 \u00a0 \u00a0 \u00a0 \u00a00.75 kW\/1.1 kW<br \/>Fuente de alimentaci\u00f3n \u00a0 \u00a0 \u00a0 \u00a0 \u00a0 \u00a0 \u00a0 \u00a0 \u00a0 \u00a0 \u00a0 \u00a0 \u00a0 380V\/50 Hz\/3Ph 220V\/50 Hz\/1Ph<\/p><\/p>\n","protected":false},"excerpt":{"rendered":"<p>CPU de alto velocidad<br \/>Mini objetivo<br \/>Utilizable para un ajuste largo de la distancia entre ejes del veh\u00edculo<br \/>La c\u00e1mara se puede cambiar con su referencia de compensaci\u00f3n incorporada<br \/>M\u00faltiple compensativo. Funci\u00f3n de auto diagn\u00f3stico y correcci\u00f3n<br \/>Adaptabilidad ambiental espec\u00edfica y funci\u00f3n de flash de luz de relleno de las c\u00e1maras<br \/>Sistema operativa Windows<br \/>Todas las mediciones de datos del chasis, incluida la distancia entre ejes, el recorrido de las ruedas, el desplazamiento de eje, etc.<br \/>Base de datos que cubre m\u00e1s de 20.000 modelos de autom\u00f3viles en todo el mundo, actualizaci\u00f3n inteligente en cualquier momento<br \/>Doble pantalla de datos<br \/>Funci\u00f3n de gesti\u00f3n de eficiencia laboral<br \/>Grabador de estado de operaci\u00f3n (caja negra)<br \/>Ejecutar PC con un control remoto port\u00e1til (opcional)<\/p><\/p>\n","protected":false},"featured_media":5077,"comment_status":"open","ping_status":"closed","template":"","meta":[],"product_cat":[492,537],"product_tag":[],"class_list":{"0":"post-5078","1":"product","2":"type-product","3":"status-publish","4":"has-post-thumbnail","6":"product_cat-equipo-de-talleres","7":"product_cat-alineado-de-direccion","9":"first","10":"instock","11":"shipping-taxable","12":"purchasable","13":"product-type-simple"},"yoast_head":"<!-- This site is optimized with the Yoast SEO plugin v22.7 - https:\/\/yoast.com\/wordpress\/plugins\/seo\/ -->\n<title>REF.:HAA-V58.  Alineador de direcci\u00f3n - Canarytools S.L.<\/title>\n<meta name=\"robots\" content=\"index, follow, max-snippet:-1, max-image-preview:large, max-video-preview:-1\" \/>\n<link rel=\"canonical\" href=\"https:\/\/mantenimientosinformaticos.net\/canarytools\/producto\/alineador-de-direccion\/\" \/>\n<meta property=\"og:locale\" content=\"es_ES\" \/>\n<meta property=\"og:type\" content=\"article\" \/>\n<meta property=\"og:title\" content=\"REF.:HAA-V58.  Alineador de direcci\u00f3n - Canarytools S.L.\" \/>\n<meta property=\"og:description\" content=\"CPU de alto velocidadMini objetivoUtilizable para un ajuste largo de la distancia entre ejes del veh\u00edculoLa c\u00e1mara se puede cambiar con su referencia de compensaci\u00f3n incorporadaM\u00faltiple compensativo. Funci\u00f3n de auto diagn\u00f3stico y correcci\u00f3nAdaptabilidad ambiental espec\u00edfica y funci\u00f3n de flash de luz de relleno de las c\u00e1marasSistema operativa WindowsTodas las mediciones de datos del chasis, incluida la distancia entre ejes, el recorrido de las ruedas, el desplazamiento de eje, etc.Base de datos que cubre m\u00e1s de 20.000 modelos de autom\u00f3viles en todo el mundo, actualizaci\u00f3n inteligente en cualquier momentoDoble pantalla de datosFunci\u00f3n de gesti\u00f3n de eficiencia laboralGrabador de estado de operaci\u00f3n (caja negra)Ejecutar PC con un control remoto port\u00e1til (opcional)\" \/>\n<meta property=\"og:url\" content=\"https:\/\/mantenimientosinformaticos.net\/canarytools\/producto\/alineador-de-direccion\/\" \/>\n<meta property=\"og:site_name\" content=\"Canarytools S.L.\" \/>\n<meta property=\"og:image\" content=\"https:\/\/mantenimientosinformaticos.net\/canarytools\/wp-content\/uploads\/2020\/05\/681-REF.HAA-V58.-Alineador-de-direccion.jpg\" \/>\n\t<meta property=\"og:image:width\" content=\"460\" \/>\n\t<meta property=\"og:image:height\" content=\"472\" \/>\n\t<meta property=\"og:image:type\" content=\"image\/jpeg\" \/>\n<meta name=\"twitter:card\" content=\"summary_large_image\" \/>\n<script type=\"application\/ld+json\" class=\"yoast-schema-graph\">{\"@context\":\"https:\/\/schema.org\",\"@graph\":[{\"@type\":\"WebPage\",\"@id\":\"https:\/\/mantenimientosinformaticos.net\/canarytools\/producto\/alineador-de-direccion\/\",\"url\":\"https:\/\/mantenimientosinformaticos.net\/canarytools\/producto\/alineador-de-direccion\/\",\"name\":\"REF.:HAA-V58. Alineador de direcci\u00f3n - Canarytools S.L.\",\"isPartOf\":{\"@id\":\"https:\/\/mantenimientosinformaticos.net\/canarytools\/#website\"},\"primaryImageOfPage\":{\"@id\":\"https:\/\/mantenimientosinformaticos.net\/canarytools\/producto\/alineador-de-direccion\/#primaryimage\"},\"image\":{\"@id\":\"https:\/\/mantenimientosinformaticos.net\/canarytools\/producto\/alineador-de-direccion\/#primaryimage\"},\"thumbnailUrl\":\"https:\/\/mantenimientosinformaticos.net\/canarytools\/wp-content\/uploads\/2020\/05\/681-REF.HAA-V58.-Alineador-de-direccion.jpg\",\"datePublished\":\"2020-05-14T09:30:25+00:00\",\"dateModified\":\"2020-05-14T09:30:25+00:00\",\"breadcrumb\":{\"@id\":\"https:\/\/mantenimientosinformaticos.net\/canarytools\/producto\/alineador-de-direccion\/#breadcrumb\"},\"inLanguage\":\"es\",\"potentialAction\":[{\"@type\":\"ReadAction\",\"target\":[\"https:\/\/mantenimientosinformaticos.net\/canarytools\/producto\/alineador-de-direccion\/\"]}]},{\"@type\":\"ImageObject\",\"inLanguage\":\"es\",\"@id\":\"https:\/\/mantenimientosinformaticos.net\/canarytools\/producto\/alineador-de-direccion\/#primaryimage\",\"url\":\"https:\/\/mantenimientosinformaticos.net\/canarytools\/wp-content\/uploads\/2020\/05\/681-REF.HAA-V58.-Alineador-de-direccion.jpg\",\"contentUrl\":\"https:\/\/mantenimientosinformaticos.net\/canarytools\/wp-content\/uploads\/2020\/05\/681-REF.HAA-V58.-Alineador-de-direccion.jpg\",\"width\":460,\"height\":472,\"caption\":\"REF.:HAA-V58. Alineador de direcci\u00f3n\"},{\"@type\":\"BreadcrumbList\",\"@id\":\"https:\/\/mantenimientosinformaticos.net\/canarytools\/producto\/alineador-de-direccion\/#breadcrumb\",\"itemListElement\":[{\"@type\":\"ListItem\",\"position\":1,\"name\":\"Portada\",\"item\":\"https:\/\/mantenimientosinformaticos.net\/canarytools\/\"},{\"@type\":\"ListItem\",\"position\":2,\"name\":\"Tienda\",\"item\":\"https:\/\/mantenimientosinformaticos.net\/canarytools\/tienda\/\"},{\"@type\":\"ListItem\",\"position\":3,\"name\":\"REF.:HAA-V58. Alineador de direcci\u00f3n\"}]},{\"@type\":\"WebSite\",\"@id\":\"https:\/\/mantenimientosinformaticos.net\/canarytools\/#website\",\"url\":\"https:\/\/mantenimientosinformaticos.net\/canarytools\/\",\"name\":\"Canarytools S.L.\",\"description\":\"Herramientas y M\u00e1quinas\",\"publisher\":{\"@id\":\"https:\/\/mantenimientosinformaticos.net\/canarytools\/#\/schema\/person\/355e32754b03bb24b681f1b6917e49bf\"},\"potentialAction\":[{\"@type\":\"SearchAction\",\"target\":{\"@type\":\"EntryPoint\",\"urlTemplate\":\"https:\/\/mantenimientosinformaticos.net\/canarytools\/?s={search_term_string}\"},\"query-input\":\"required name=search_term_string\"}],\"inLanguage\":\"es\"},{\"@type\":[\"Person\",\"Organization\"],\"@id\":\"https:\/\/mantenimientosinformaticos.net\/canarytools\/#\/schema\/person\/355e32754b03bb24b681f1b6917e49bf\",\"name\":\"canarytools.xnetdigital\",\"image\":{\"@type\":\"ImageObject\",\"inLanguage\":\"es\",\"@id\":\"https:\/\/mantenimientosinformaticos.net\/canarytools\/#\/schema\/person\/image\/\",\"url\":\"https:\/\/mantenimientosinformaticos.net\/canarytools\/wp-content\/uploads\/2023\/12\/canary-tools-logo.png\",\"contentUrl\":\"https:\/\/mantenimientosinformaticos.net\/canarytools\/wp-content\/uploads\/2023\/12\/canary-tools-logo.png\",\"width\":1302,\"height\":440,\"caption\":\"canarytools.xnetdigital\"},\"logo\":{\"@id\":\"https:\/\/mantenimientosinformaticos.net\/canarytools\/#\/schema\/person\/image\/\"},\"sameAs\":[\"https:\/\/mantenimientosinformaticos.net\/canarytools\"]}]}<\/script>\n<!-- \/ Yoast SEO plugin. -->","yoast_head_json":{"title":"REF.:HAA-V58.  Alineador de direcci\u00f3n - Canarytools S.L.","robots":{"index":"index","follow":"follow","max-snippet":"max-snippet:-1","max-image-preview":"max-image-preview:large","max-video-preview":"max-video-preview:-1"},"canonical":"https:\/\/mantenimientosinformaticos.net\/canarytools\/producto\/alineador-de-direccion\/","og_locale":"es_ES","og_type":"article","og_title":"REF.:HAA-V58.  Alineador de direcci\u00f3n - Canarytools S.L.","og_description":"CPU de alto velocidadMini objetivoUtilizable para un ajuste largo de la distancia entre ejes del veh\u00edculoLa c\u00e1mara se puede cambiar con su referencia de compensaci\u00f3n incorporadaM\u00faltiple compensativo. Funci\u00f3n de auto diagn\u00f3stico y correcci\u00f3nAdaptabilidad ambiental espec\u00edfica y funci\u00f3n de flash de luz de relleno de las c\u00e1marasSistema operativa WindowsTodas las mediciones de datos del chasis, incluida la distancia entre ejes, el recorrido de las ruedas, el desplazamiento de eje, etc.Base de datos que cubre m\u00e1s de 20.000 modelos de autom\u00f3viles en todo el mundo, actualizaci\u00f3n inteligente en cualquier momentoDoble pantalla de datosFunci\u00f3n de gesti\u00f3n de eficiencia laboralGrabador de estado de operaci\u00f3n (caja negra)Ejecutar PC con un control remoto port\u00e1til (opcional)","og_url":"https:\/\/mantenimientosinformaticos.net\/canarytools\/producto\/alineador-de-direccion\/","og_site_name":"Canarytools S.L.","og_image":[{"width":460,"height":472,"url":"https:\/\/mantenimientosinformaticos.net\/canarytools\/wp-content\/uploads\/2020\/05\/681-REF.HAA-V58.-Alineador-de-direccion.jpg","type":"image\/jpeg"}],"twitter_card":"summary_large_image","schema":{"@context":"https:\/\/schema.org","@graph":[{"@type":"WebPage","@id":"https:\/\/mantenimientosinformaticos.net\/canarytools\/producto\/alineador-de-direccion\/","url":"https:\/\/mantenimientosinformaticos.net\/canarytools\/producto\/alineador-de-direccion\/","name":"REF.:HAA-V58. Alineador de direcci\u00f3n - Canarytools S.L.","isPartOf":{"@id":"https:\/\/mantenimientosinformaticos.net\/canarytools\/#website"},"primaryImageOfPage":{"@id":"https:\/\/mantenimientosinformaticos.net\/canarytools\/producto\/alineador-de-direccion\/#primaryimage"},"image":{"@id":"https:\/\/mantenimientosinformaticos.net\/canarytools\/producto\/alineador-de-direccion\/#primaryimage"},"thumbnailUrl":"https:\/\/mantenimientosinformaticos.net\/canarytools\/wp-content\/uploads\/2020\/05\/681-REF.HAA-V58.-Alineador-de-direccion.jpg","datePublished":"2020-05-14T09:30:25+00:00","dateModified":"2020-05-14T09:30:25+00:00","breadcrumb":{"@id":"https:\/\/mantenimientosinformaticos.net\/canarytools\/producto\/alineador-de-direccion\/#breadcrumb"},"inLanguage":"es","potentialAction":[{"@type":"ReadAction","target":["https:\/\/mantenimientosinformaticos.net\/canarytools\/producto\/alineador-de-direccion\/"]}]},{"@type":"ImageObject","inLanguage":"es","@id":"https:\/\/mantenimientosinformaticos.net\/canarytools\/producto\/alineador-de-direccion\/#primaryimage","url":"https:\/\/mantenimientosinformaticos.net\/canarytools\/wp-content\/uploads\/2020\/05\/681-REF.HAA-V58.-Alineador-de-direccion.jpg","contentUrl":"https:\/\/mantenimientosinformaticos.net\/canarytools\/wp-content\/uploads\/2020\/05\/681-REF.HAA-V58.-Alineador-de-direccion.jpg","width":460,"height":472,"caption":"REF.:HAA-V58. Alineador de direcci\u00f3n"},{"@type":"BreadcrumbList","@id":"https:\/\/mantenimientosinformaticos.net\/canarytools\/producto\/alineador-de-direccion\/#breadcrumb","itemListElement":[{"@type":"ListItem","position":1,"name":"Portada","item":"https:\/\/mantenimientosinformaticos.net\/canarytools\/"},{"@type":"ListItem","position":2,"name":"Tienda","item":"https:\/\/mantenimientosinformaticos.net\/canarytools\/tienda\/"},{"@type":"ListItem","position":3,"name":"REF.:HAA-V58. Alineador de direcci\u00f3n"}]},{"@type":"WebSite","@id":"https:\/\/mantenimientosinformaticos.net\/canarytools\/#website","url":"https:\/\/mantenimientosinformaticos.net\/canarytools\/","name":"Canarytools S.L.","description":"Herramientas y M\u00e1quinas","publisher":{"@id":"https:\/\/mantenimientosinformaticos.net\/canarytools\/#\/schema\/person\/355e32754b03bb24b681f1b6917e49bf"},"potentialAction":[{"@type":"SearchAction","target":{"@type":"EntryPoint","urlTemplate":"https:\/\/mantenimientosinformaticos.net\/canarytools\/?s={search_term_string}"},"query-input":"required name=search_term_string"}],"inLanguage":"es"},{"@type":["Person","Organization"],"@id":"https:\/\/mantenimientosinformaticos.net\/canarytools\/#\/schema\/person\/355e32754b03bb24b681f1b6917e49bf","name":"canarytools.xnetdigital","image":{"@type":"ImageObject","inLanguage":"es","@id":"https:\/\/mantenimientosinformaticos.net\/canarytools\/#\/schema\/person\/image\/","url":"https:\/\/mantenimientosinformaticos.net\/canarytools\/wp-content\/uploads\/2023\/12\/canary-tools-logo.png","contentUrl":"https:\/\/mantenimientosinformaticos.net\/canarytools\/wp-content\/uploads\/2023\/12\/canary-tools-logo.png","width":1302,"height":440,"caption":"canarytools.xnetdigital"},"logo":{"@id":"https:\/\/mantenimientosinformaticos.net\/canarytools\/#\/schema\/person\/image\/"},"sameAs":["https:\/\/mantenimientosinformaticos.net\/canarytools"]}]}},"_links":{"self":[{"href":"https:\/\/mantenimientosinformaticos.net\/canarytools\/wp-json\/wp\/v2\/product\/5078","targetHints":{"allow":["GET"]}}],"collection":[{"href":"https:\/\/mantenimientosinformaticos.net\/canarytools\/wp-json\/wp\/v2\/product"}],"about":[{"href":"https:\/\/mantenimientosinformaticos.net\/canarytools\/wp-json\/wp\/v2\/types\/product"}],"replies":[{"embeddable":true,"href":"https:\/\/mantenimientosinformaticos.net\/canarytools\/wp-json\/wp\/v2\/comments?post=5078"}],"wp:featuredmedia":[{"embeddable":true,"href":"https:\/\/mantenimientosinformaticos.net\/canarytools\/wp-json\/wp\/v2\/media\/5077"}],"wp:attachment":[{"href":"https:\/\/mantenimientosinformaticos.net\/canarytools\/wp-json\/wp\/v2\/media?parent=5078"}],"wp:term":[{"taxonomy":"product_cat","embeddable":true,"href":"https:\/\/mantenimientosinformaticos.net\/canarytools\/wp-json\/wp\/v2\/product_cat?post=5078"},{"taxonomy":"product_tag","embeddable":true,"href":"https:\/\/mantenimientosinformaticos.net\/canarytools\/wp-json\/wp\/v2\/product_tag?post=5078"}],"curies":[{"name":"wp","href":"https:\/\/api.w.org\/{rel}","templated":true}]}}