{"id":5070,"date":"2020-05-14T10:14:35","date_gmt":"2020-05-14T08:14:35","guid":{"rendered":"https:\/\/mantenimientosinformaticos.net\/canarytools\/producto\/elevador-pantografo-de-tijera-de-doble-elevacion\/"},"modified":"2020-05-14T10:14:35","modified_gmt":"2020-05-14T08:14:35","slug":"elevador-pantografo-de-tijera-de-doble-elevacion","status":"publish","type":"product","link":"https:\/\/mantenimientosinformaticos.net\/canarytools\/producto\/elevador-pantografo-de-tijera-de-doble-elevacion\/","title":{"rendered":"REF.:HXL6735.   Elevador Panto\u0301grafo de tijera de doble elevacio\u0301n"},"content":{"rendered":"<p><span style=\"font-family:Arial, sans-serif;font-size:small;\">Capacidad de carga \u00a0 \u00a0 \u00a0 \u00a0 \u00a0 \u00a0 \u00a0 \u00a0 \u00a0 \u00a03.500 kg<\/span><br \/><span style=\"font-family:Arial, sans-serif;font-size:small;\">Altura m\u00ednima \u00a0 \u00a0 \u00a0 \u00a0 \u00a0 \u00a0 \u00a0 \u00a0 \u00a0 \u00a0 \u00a0 \u00a0 \u00a0 \u00a0 \u00a0330 mm<\/span><br \/><span style=\"font-family:Arial, sans-serif;font-size:small;\">Altura m\u00e1xima de elevaci\u00f3n \u00a0 \u00a0 \u00a0 \u00a01.850 mm<\/span><br \/><span style=\"font-family:Arial, sans-serif;font-size:small;\">Altura total \u00a0 \u00a0 \u00a0 \u00a0 \u00a0 \u00a0 \u00a0 \u00a0 \u00a0 \u00a0 \u00a0 \u00a0 \u00a0 \u00a0 \u00a0 \u00a0 \u00a0 4.000\u00a0mm<\/span><br \/><span style=\"font-family:Arial, sans-serif;font-size:small;\">Ancho total \u00a0 \u00a0 \u00a0 \u00a0 \u00a0 \u00a0 \u00a0 \u00a0 \u00a0 \u00a0 \u00a0 \u00a0 \u00a0 \u00a0 \u00a0 \u00a0 \u00a0620 mm<\/span><br \/><span style=\"font-family:Arial, sans-serif;font-size:small;\">Libre entre plataformas \u00a0 \u00a0 \u00a0 \u00a0 \u00a0 \u00a0 \u00a0 800 mm<\/span><br \/><span style=\"font-family:Arial, sans-serif;font-size:small;\">Tiempo de elevaci\u00f3n\/descenso \u00a0 55s\/45s<\/span><br \/><span style=\"font-family:Arial, sans-serif;font-size:small;\">Potencia del motor \u00a0 \u00a0 \u00a0 \u00a0 \u00a0 \u00a0 \u00a0 \u00a0 \u00a0 \u00a0 \u00a0 2.2 kw<\/span><br \/><span style=\"font-family:Arial, sans-serif;font-size:small;\">Tensi\u00f3n de alimentaci\u00f3n \u00a0 \u00a0 \u00a0 \u00a0 \u00a0 \u00a0 \u00a0220V\/50Hz\/1Ph \u00a0 \u00a0 380V\/50Hz\/3Ph or<\/span><\/p>\n","protected":false},"excerpt":{"rendered":"<p>Elevador con capacidad de carga 3.500 kg, 4.500 kg, 5.000 kg<br \/>Ideal para realizar trabajos tales como el alineado de direcci\u00f3n, substituci\u00f3n de neum\u00e1ticos, frenos, etc.<br \/>Este modelo esta preparado para soterrar bajo suelo<br \/>Plataformas principales y secundarias sincronizadas de forma hidr\u00e1ulicos<br \/>V\u00e1lvula de seguridad en caso de sobrecarga<br \/>V\u00e1lvula de descenso manual en caso de fallo el\u00e9ctrico<br \/>Control de tipo \u201chombre presente\u201d 24 V<br \/>Dotaci\u00f3n est\u00e1ndar de 4 tacos de apoyo de goma<br \/>Plataformas con rebajes delanteros para platos giratorios y placas pivotantes traseras<br \/>Fabricado bajo ISO 9001Elevador<br \/>Certificado CE<\/p>\n<\/p>\n<p style=\"margin-bottom:0cm;\">\n","protected":false},"featured_media":5061,"comment_status":"open","ping_status":"closed","template":"","meta":[],"product_cat":[616,492,533],"product_tag":[],"class_list":{"0":"post-5070","1":"product","2":"type-product","3":"status-publish","4":"has-post-thumbnail","6":"product_cat-tijera","7":"product_cat-equipo-de-talleres","8":"product_cat-elevadores","10":"first","11":"onbackorder","12":"shipping-taxable","13":"purchasable","14":"product-type-simple"},"yoast_head":"<!-- This site is optimized with the Yoast SEO plugin v22.7 - https:\/\/yoast.com\/wordpress\/plugins\/seo\/ -->\n<title>REF.:HXL6735.  Elevador Panto\u0301grafo de tijera de doble elevacio\u0301n - Canarytools S.L.<\/title>\n<meta name=\"robots\" content=\"index, follow, max-snippet:-1, max-image-preview:large, max-video-preview:-1\" \/>\n<link rel=\"canonical\" href=\"https:\/\/mantenimientosinformaticos.net\/canarytools\/producto\/elevador-pantografo-de-tijera-de-doble-elevacion\/\" \/>\n<meta property=\"og:locale\" content=\"es_ES\" \/>\n<meta property=\"og:type\" content=\"article\" \/>\n<meta property=\"og:title\" content=\"REF.:HXL6735.  Elevador Panto\u0301grafo de tijera de doble elevacio\u0301n - Canarytools S.L.\" \/>\n<meta property=\"og:description\" content=\"Elevador con capacidad de carga 3.500 kg, 4.500 kg, 5.000 kgIdeal para realizar trabajos tales como el alineado de direcci\u00f3n, substituci\u00f3n de neum\u00e1ticos, frenos, etc.Este modelo esta preparado para soterrar bajo sueloPlataformas principales y secundarias sincronizadas de forma hidr\u00e1ulicosV\u00e1lvula de seguridad en caso de sobrecargaV\u00e1lvula de descenso manual en caso de fallo el\u00e9ctricoControl de tipo \u201chombre presente\u201d 24 VDotaci\u00f3n est\u00e1ndar de 4 tacos de apoyo de gomaPlataformas con rebajes delanteros para platos giratorios y placas pivotantes traserasFabricado bajo ISO 9001ElevadorCertificado CE\" \/>\n<meta property=\"og:url\" content=\"https:\/\/mantenimientosinformaticos.net\/canarytools\/producto\/elevador-pantografo-de-tijera-de-doble-elevacion\/\" \/>\n<meta property=\"og:site_name\" content=\"Canarytools S.L.\" \/>\n<meta property=\"og:image\" content=\"https:\/\/mantenimientosinformaticos.net\/canarytools\/wp-content\/uploads\/2020\/05\/669-REF.HXL6735.-Elevador-Pantografo-de-tijera-de-doble-elevacion.jpg\" \/>\n\t<meta property=\"og:image:width\" content=\"924\" \/>\n\t<meta property=\"og:image:height\" content=\"427\" \/>\n\t<meta property=\"og:image:type\" content=\"image\/jpeg\" \/>\n<meta name=\"twitter:card\" content=\"summary_large_image\" \/>\n<script type=\"application\/ld+json\" class=\"yoast-schema-graph\">{\"@context\":\"https:\/\/schema.org\",\"@graph\":[{\"@type\":\"WebPage\",\"@id\":\"https:\/\/mantenimientosinformaticos.net\/canarytools\/producto\/elevador-pantografo-de-tijera-de-doble-elevacion\/\",\"url\":\"https:\/\/mantenimientosinformaticos.net\/canarytools\/producto\/elevador-pantografo-de-tijera-de-doble-elevacion\/\",\"name\":\"REF.:HXL6735. Elevador Panto\u0301grafo de tijera de doble elevacio\u0301n - Canarytools S.L.\",\"isPartOf\":{\"@id\":\"https:\/\/mantenimientosinformaticos.net\/canarytools\/#website\"},\"primaryImageOfPage\":{\"@id\":\"https:\/\/mantenimientosinformaticos.net\/canarytools\/producto\/elevador-pantografo-de-tijera-de-doble-elevacion\/#primaryimage\"},\"image\":{\"@id\":\"https:\/\/mantenimientosinformaticos.net\/canarytools\/producto\/elevador-pantografo-de-tijera-de-doble-elevacion\/#primaryimage\"},\"thumbnailUrl\":\"https:\/\/mantenimientosinformaticos.net\/canarytools\/wp-content\/uploads\/2020\/05\/669-REF.HXL6735.-Elevador-Pantografo-de-tijera-de-doble-elevacion.jpg\",\"datePublished\":\"2020-05-14T08:14:35+00:00\",\"dateModified\":\"2020-05-14T08:14:35+00:00\",\"breadcrumb\":{\"@id\":\"https:\/\/mantenimientosinformaticos.net\/canarytools\/producto\/elevador-pantografo-de-tijera-de-doble-elevacion\/#breadcrumb\"},\"inLanguage\":\"es\",\"potentialAction\":[{\"@type\":\"ReadAction\",\"target\":[\"https:\/\/mantenimientosinformaticos.net\/canarytools\/producto\/elevador-pantografo-de-tijera-de-doble-elevacion\/\"]}]},{\"@type\":\"ImageObject\",\"inLanguage\":\"es\",\"@id\":\"https:\/\/mantenimientosinformaticos.net\/canarytools\/producto\/elevador-pantografo-de-tijera-de-doble-elevacion\/#primaryimage\",\"url\":\"https:\/\/mantenimientosinformaticos.net\/canarytools\/wp-content\/uploads\/2020\/05\/669-REF.HXL6735.-Elevador-Pantografo-de-tijera-de-doble-elevacion.jpg\",\"contentUrl\":\"https:\/\/mantenimientosinformaticos.net\/canarytools\/wp-content\/uploads\/2020\/05\/669-REF.HXL6735.-Elevador-Pantografo-de-tijera-de-doble-elevacion.jpg\",\"width\":924,\"height\":427,\"caption\":\"REF.:HXL6735. Elevador Panto\u0301grafo de tijera de doble elevacio\u0301n\"},{\"@type\":\"BreadcrumbList\",\"@id\":\"https:\/\/mantenimientosinformaticos.net\/canarytools\/producto\/elevador-pantografo-de-tijera-de-doble-elevacion\/#breadcrumb\",\"itemListElement\":[{\"@type\":\"ListItem\",\"position\":1,\"name\":\"Portada\",\"item\":\"https:\/\/mantenimientosinformaticos.net\/canarytools\/\"},{\"@type\":\"ListItem\",\"position\":2,\"name\":\"Tienda\",\"item\":\"https:\/\/mantenimientosinformaticos.net\/canarytools\/tienda\/\"},{\"@type\":\"ListItem\",\"position\":3,\"name\":\"REF.:HXL6735. Elevador Panto\u0301grafo de tijera de doble elevacio\u0301n\"}]},{\"@type\":\"WebSite\",\"@id\":\"https:\/\/mantenimientosinformaticos.net\/canarytools\/#website\",\"url\":\"https:\/\/mantenimientosinformaticos.net\/canarytools\/\",\"name\":\"Canarytools S.L.\",\"description\":\"Herramientas y M\u00e1quinas\",\"publisher\":{\"@id\":\"https:\/\/mantenimientosinformaticos.net\/canarytools\/#\/schema\/person\/355e32754b03bb24b681f1b6917e49bf\"},\"potentialAction\":[{\"@type\":\"SearchAction\",\"target\":{\"@type\":\"EntryPoint\",\"urlTemplate\":\"https:\/\/mantenimientosinformaticos.net\/canarytools\/?s={search_term_string}\"},\"query-input\":\"required name=search_term_string\"}],\"inLanguage\":\"es\"},{\"@type\":[\"Person\",\"Organization\"],\"@id\":\"https:\/\/mantenimientosinformaticos.net\/canarytools\/#\/schema\/person\/355e32754b03bb24b681f1b6917e49bf\",\"name\":\"canarytools.xnetdigital\",\"image\":{\"@type\":\"ImageObject\",\"inLanguage\":\"es\",\"@id\":\"https:\/\/mantenimientosinformaticos.net\/canarytools\/#\/schema\/person\/image\/\",\"url\":\"https:\/\/mantenimientosinformaticos.net\/canarytools\/wp-content\/uploads\/2023\/12\/canary-tools-logo.png\",\"contentUrl\":\"https:\/\/mantenimientosinformaticos.net\/canarytools\/wp-content\/uploads\/2023\/12\/canary-tools-logo.png\",\"width\":1302,\"height\":440,\"caption\":\"canarytools.xnetdigital\"},\"logo\":{\"@id\":\"https:\/\/mantenimientosinformaticos.net\/canarytools\/#\/schema\/person\/image\/\"},\"sameAs\":[\"https:\/\/mantenimientosinformaticos.net\/canarytools\"]}]}<\/script>\n<!-- \/ Yoast SEO plugin. -->","yoast_head_json":{"title":"REF.:HXL6735.  Elevador Panto\u0301grafo de tijera de doble elevacio\u0301n - Canarytools S.L.","robots":{"index":"index","follow":"follow","max-snippet":"max-snippet:-1","max-image-preview":"max-image-preview:large","max-video-preview":"max-video-preview:-1"},"canonical":"https:\/\/mantenimientosinformaticos.net\/canarytools\/producto\/elevador-pantografo-de-tijera-de-doble-elevacion\/","og_locale":"es_ES","og_type":"article","og_title":"REF.:HXL6735.  Elevador Panto\u0301grafo de tijera de doble elevacio\u0301n - Canarytools S.L.","og_description":"Elevador con capacidad de carga 3.500 kg, 4.500 kg, 5.000 kgIdeal para realizar trabajos tales como el alineado de direcci\u00f3n, substituci\u00f3n de neum\u00e1ticos, frenos, etc.Este modelo esta preparado para soterrar bajo sueloPlataformas principales y secundarias sincronizadas de forma hidr\u00e1ulicosV\u00e1lvula de seguridad en caso de sobrecargaV\u00e1lvula de descenso manual en caso de fallo el\u00e9ctricoControl de tipo \u201chombre presente\u201d 24 VDotaci\u00f3n est\u00e1ndar de 4 tacos de apoyo de gomaPlataformas con rebajes delanteros para platos giratorios y placas pivotantes traserasFabricado bajo ISO 9001ElevadorCertificado CE","og_url":"https:\/\/mantenimientosinformaticos.net\/canarytools\/producto\/elevador-pantografo-de-tijera-de-doble-elevacion\/","og_site_name":"Canarytools S.L.","og_image":[{"width":924,"height":427,"url":"https:\/\/mantenimientosinformaticos.net\/canarytools\/wp-content\/uploads\/2020\/05\/669-REF.HXL6735.-Elevador-Pantografo-de-tijera-de-doble-elevacion.jpg","type":"image\/jpeg"}],"twitter_card":"summary_large_image","schema":{"@context":"https:\/\/schema.org","@graph":[{"@type":"WebPage","@id":"https:\/\/mantenimientosinformaticos.net\/canarytools\/producto\/elevador-pantografo-de-tijera-de-doble-elevacion\/","url":"https:\/\/mantenimientosinformaticos.net\/canarytools\/producto\/elevador-pantografo-de-tijera-de-doble-elevacion\/","name":"REF.:HXL6735. Elevador Panto\u0301grafo de tijera de doble elevacio\u0301n - Canarytools S.L.","isPartOf":{"@id":"https:\/\/mantenimientosinformaticos.net\/canarytools\/#website"},"primaryImageOfPage":{"@id":"https:\/\/mantenimientosinformaticos.net\/canarytools\/producto\/elevador-pantografo-de-tijera-de-doble-elevacion\/#primaryimage"},"image":{"@id":"https:\/\/mantenimientosinformaticos.net\/canarytools\/producto\/elevador-pantografo-de-tijera-de-doble-elevacion\/#primaryimage"},"thumbnailUrl":"https:\/\/mantenimientosinformaticos.net\/canarytools\/wp-content\/uploads\/2020\/05\/669-REF.HXL6735.-Elevador-Pantografo-de-tijera-de-doble-elevacion.jpg","datePublished":"2020-05-14T08:14:35+00:00","dateModified":"2020-05-14T08:14:35+00:00","breadcrumb":{"@id":"https:\/\/mantenimientosinformaticos.net\/canarytools\/producto\/elevador-pantografo-de-tijera-de-doble-elevacion\/#breadcrumb"},"inLanguage":"es","potentialAction":[{"@type":"ReadAction","target":["https:\/\/mantenimientosinformaticos.net\/canarytools\/producto\/elevador-pantografo-de-tijera-de-doble-elevacion\/"]}]},{"@type":"ImageObject","inLanguage":"es","@id":"https:\/\/mantenimientosinformaticos.net\/canarytools\/producto\/elevador-pantografo-de-tijera-de-doble-elevacion\/#primaryimage","url":"https:\/\/mantenimientosinformaticos.net\/canarytools\/wp-content\/uploads\/2020\/05\/669-REF.HXL6735.-Elevador-Pantografo-de-tijera-de-doble-elevacion.jpg","contentUrl":"https:\/\/mantenimientosinformaticos.net\/canarytools\/wp-content\/uploads\/2020\/05\/669-REF.HXL6735.-Elevador-Pantografo-de-tijera-de-doble-elevacion.jpg","width":924,"height":427,"caption":"REF.:HXL6735. Elevador Panto\u0301grafo de tijera de doble elevacio\u0301n"},{"@type":"BreadcrumbList","@id":"https:\/\/mantenimientosinformaticos.net\/canarytools\/producto\/elevador-pantografo-de-tijera-de-doble-elevacion\/#breadcrumb","itemListElement":[{"@type":"ListItem","position":1,"name":"Portada","item":"https:\/\/mantenimientosinformaticos.net\/canarytools\/"},{"@type":"ListItem","position":2,"name":"Tienda","item":"https:\/\/mantenimientosinformaticos.net\/canarytools\/tienda\/"},{"@type":"ListItem","position":3,"name":"REF.:HXL6735. Elevador Panto\u0301grafo de tijera de doble elevacio\u0301n"}]},{"@type":"WebSite","@id":"https:\/\/mantenimientosinformaticos.net\/canarytools\/#website","url":"https:\/\/mantenimientosinformaticos.net\/canarytools\/","name":"Canarytools S.L.","description":"Herramientas y M\u00e1quinas","publisher":{"@id":"https:\/\/mantenimientosinformaticos.net\/canarytools\/#\/schema\/person\/355e32754b03bb24b681f1b6917e49bf"},"potentialAction":[{"@type":"SearchAction","target":{"@type":"EntryPoint","urlTemplate":"https:\/\/mantenimientosinformaticos.net\/canarytools\/?s={search_term_string}"},"query-input":"required name=search_term_string"}],"inLanguage":"es"},{"@type":["Person","Organization"],"@id":"https:\/\/mantenimientosinformaticos.net\/canarytools\/#\/schema\/person\/355e32754b03bb24b681f1b6917e49bf","name":"canarytools.xnetdigital","image":{"@type":"ImageObject","inLanguage":"es","@id":"https:\/\/mantenimientosinformaticos.net\/canarytools\/#\/schema\/person\/image\/","url":"https:\/\/mantenimientosinformaticos.net\/canarytools\/wp-content\/uploads\/2023\/12\/canary-tools-logo.png","contentUrl":"https:\/\/mantenimientosinformaticos.net\/canarytools\/wp-content\/uploads\/2023\/12\/canary-tools-logo.png","width":1302,"height":440,"caption":"canarytools.xnetdigital"},"logo":{"@id":"https:\/\/mantenimientosinformaticos.net\/canarytools\/#\/schema\/person\/image\/"},"sameAs":["https:\/\/mantenimientosinformaticos.net\/canarytools"]}]}},"_links":{"self":[{"href":"https:\/\/mantenimientosinformaticos.net\/canarytools\/wp-json\/wp\/v2\/product\/5070","targetHints":{"allow":["GET"]}}],"collection":[{"href":"https:\/\/mantenimientosinformaticos.net\/canarytools\/wp-json\/wp\/v2\/product"}],"about":[{"href":"https:\/\/mantenimientosinformaticos.net\/canarytools\/wp-json\/wp\/v2\/types\/product"}],"replies":[{"embeddable":true,"href":"https:\/\/mantenimientosinformaticos.net\/canarytools\/wp-json\/wp\/v2\/comments?post=5070"}],"wp:featuredmedia":[{"embeddable":true,"href":"https:\/\/mantenimientosinformaticos.net\/canarytools\/wp-json\/wp\/v2\/media\/5061"}],"wp:attachment":[{"href":"https:\/\/mantenimientosinformaticos.net\/canarytools\/wp-json\/wp\/v2\/media?parent=5070"}],"wp:term":[{"taxonomy":"product_cat","embeddable":true,"href":"https:\/\/mantenimientosinformaticos.net\/canarytools\/wp-json\/wp\/v2\/product_cat?post=5070"},{"taxonomy":"product_tag","embeddable":true,"href":"https:\/\/mantenimientosinformaticos.net\/canarytools\/wp-json\/wp\/v2\/product_tag?post=5070"}],"curies":[{"name":"wp","href":"https:\/\/api.w.org\/{rel}","templated":true}]}}