{"id":5030,"date":"2020-05-13T21:19:13","date_gmt":"2020-05-13T19:19:13","guid":{"rendered":"https:\/\/mantenimientosinformaticos.net\/canarytools\/producto\/elevadores-hidraulicos-4-columnas-100-automaticos-sin-necesidad-de-aire\/"},"modified":"2020-05-13T21:19:13","modified_gmt":"2020-05-13T19:19:13","slug":"elevadores-hidraulicos-4-columnas-100-automaticos-sin-necesidad-de-aire","status":"publish","type":"product","link":"https:\/\/mantenimientosinformaticos.net\/canarytools\/producto\/elevadores-hidraulicos-4-columnas-100-automaticos-sin-necesidad-de-aire\/","title":{"rendered":"REF.:4ED0300.   Elevadores Hidr\u00e1ulicos 4 Columnas 100% Autom\u00e1ticos sin necesidad de aire"},"content":{"rendered":"<p>\u00b7 Gato auxiliar transversal opcional.<br \/> \u00b7 Seguridad trasera y delantera contra el deslizamiento del veh\u00edculo.<br \/> \u00b7 Sistema de seguridad contra obst\u00e1culos y rotura\/aflojamiento de cables .<br \/> \u00b7 Cilindro hidr\u00e1ulico equipado con v\u00e1lvula de control de la velocidad de descenso.<br \/> \u00b7 V\u00e1lvula de seguridad contra exceso de presi\u00f3n del sistema hidr\u00e1ulico.<br \/> \u00b7 Motor equipado con detector t\u00e9rmico para evitar el sobre\u00adcalentamiento .<br \/> \u00b7 Pulsadores de maniobra de 24 V, tipo \u00abhombre muerto\u00bb.<\/p>\n<\/p>\n<table width=\"458\" cellspacing=\"0\" cellpadding=\"2\">\n<colgroup>\n<col width=\"194\" \/>\n<col width=\"257\" \/><\/colgroup>\n<tbody>\n<tr>\n<th style=\"border:none;padding:0cm;\" width=\"194\">\n<p align=\"left\">Capacidad carga<\/p>\n<\/th>\n<td style=\"border:none;padding:0cm;\" width=\"257\">\n<p>3500 Kg<\/p>\n<\/td>\n<\/tr>\n<tr>\n<th style=\"border:none;padding:0cm;\" width=\"194\">\n<p align=\"left\">Longitud plataformas<\/p>\n<\/th>\n<td style=\"border:none;padding:0cm;\" width=\"257\">\n<p>4370 mm<\/p>\n<\/td>\n<\/tr>\n<tr>\n<th style=\"border:none;padding:0cm;\" width=\"194\">\n<p align=\"left\">Ancho plataformas<\/p>\n<\/th>\n<td style=\"border:none;padding:0cm;\" width=\"257\">\n<p>450 mm<\/p>\n<\/td>\n<\/tr>\n<tr>\n<th style=\"border:none;padding:0cm;\" width=\"194\">\n<p align=\"left\">Distancia entre columnas<\/p>\n<\/th>\n<td style=\"border:none;padding:0cm;\" width=\"257\">\n<p>2670 mm<\/p>\n<\/td>\n<\/tr>\n<tr>\n<th style=\"border:none;padding:0cm;\" width=\"194\">\n<p align=\"left\">Distancia entre plataformas<\/p>\n<\/th>\n<td style=\"border:none;padding:0cm;\" width=\"257\">\n<p>800-1235 mm<\/p>\n<\/td>\n<\/tr>\n<tr>\n<th style=\"border:none;padding:0cm;\" width=\"194\">\n<p align=\"left\">Altura m\u00ednima<\/p>\n<\/th>\n<td style=\"border:none;padding:0cm;\" width=\"257\">\n<p>190 mm<\/p>\n<\/td>\n<\/tr>\n<tr>\n<th style=\"border:none;padding:0cm;\" width=\"194\">\n<p align=\"left\">Altura elevaci\u00f3n<\/p>\n<\/th>\n<td style=\"border:none;padding:0cm;\" width=\"257\">\n<p>1700 mm<\/p>\n<\/td>\n<\/tr>\n<tr>\n<th style=\"border:none;padding:0cm;\" width=\"194\">\n<p align=\"left\">Tiempo elevaci\u00f3n<\/p>\n<\/th>\n<td style=\"border:none;padding:0cm;\" width=\"257\">\n<p>30\u201d<\/p>\n<\/td>\n<\/tr>\n<tr>\n<th style=\"border:none;padding:0cm;\" width=\"194\">\n<p align=\"left\">Longitud total<\/p>\n<\/th>\n<td style=\"border:none;padding:0cm;\" width=\"257\">\n<p>5380 mm<\/p>\n<\/td>\n<\/tr>\n<tr>\n<th style=\"border:none;padding:0cm;\" width=\"194\">\n<p align=\"left\">Ancho total<\/p>\n<\/th>\n<td style=\"border:none;padding:0cm;\" width=\"257\">\n<p>3035 mm<\/p>\n<\/td>\n<\/tr>\n<tr>\n<th style=\"border:none;padding:0cm;\" width=\"194\">\n<p align=\"left\">Motor<\/p>\n<\/th>\n<td style=\"border:none;padding:0cm;\" width=\"257\">\n<p>Trif\u00e1sico 230\/400 V 50\/60 Hz. 2.2 KW<\/p>\n<\/td>\n<\/tr>\n<\/tbody>\n<\/table>\n","protected":false},"excerpt":{"rendered":"<p>\u00b7 Producto homologado y certificado de acuerdo con la nueva Directiva Europea de Maquinaria 2006\/42\/CE y Norma Armonizada EN 1493:2010 .<br \/> \u00b7 Dise\u00f1o innovador de columnas sin soldaduras longitudinales.<br \/> \u00b7 Sistema electro-hidr\u00e1ulico de elevaci\u00f3n operado por un cilindro de simple efecto.<br \/> \u00b7 Sistema de anclaje de las plataformas operado autom\u00e1ticamente por electroimanes.<br \/> \u00b7 Liberaci\u00f3n autom\u00e1tica de las cu\u00f1as de seguridad presionando el pulsador \u00abBAJADA\u00bb.<\/p>\n","protected":false},"featured_media":5029,"comment_status":"open","ping_status":"closed","template":"","meta":[],"product_cat":[615,490,492,533],"product_tag":[],"class_list":{"0":"post-5030","1":"product","2":"type-product","3":"status-publish","4":"has-post-thumbnail","6":"product_cat-cuatros-columnas","7":"product_cat-inicio","8":"product_cat-equipo-de-talleres","9":"product_cat-elevadores","11":"first","12":"onbackorder","13":"shipping-taxable","14":"purchasable","15":"product-type-simple"},"yoast_head":"<!-- This site is optimized with the Yoast SEO plugin v22.7 - https:\/\/yoast.com\/wordpress\/plugins\/seo\/ -->\n<title>REF.:4ED0300.  Elevadores Hidr\u00e1ulicos 4 Columnas 100% Autom\u00e1ticos sin necesidad de aire - Canarytools S.L.<\/title>\n<meta name=\"robots\" content=\"index, follow, max-snippet:-1, max-image-preview:large, max-video-preview:-1\" \/>\n<link rel=\"canonical\" href=\"https:\/\/mantenimientosinformaticos.net\/canarytools\/producto\/elevadores-hidraulicos-4-columnas-100-automaticos-sin-necesidad-de-aire\/\" \/>\n<meta property=\"og:locale\" content=\"es_ES\" \/>\n<meta property=\"og:type\" content=\"article\" \/>\n<meta property=\"og:title\" content=\"REF.:4ED0300.  Elevadores Hidr\u00e1ulicos 4 Columnas 100% Autom\u00e1ticos sin necesidad de aire - Canarytools S.L.\" \/>\n<meta property=\"og:description\" content=\"\u00b7 Producto homologado y certificado de acuerdo con la nueva Directiva Europea de Maquinaria 2006\/42\/CE y Norma Armonizada EN 1493:2010 . \u00b7 Dise\u00f1o innovador de columnas sin soldaduras longitudinales. \u00b7 Sistema electro-hidr\u00e1ulico de elevaci\u00f3n operado por un cilindro de simple efecto. \u00b7 Sistema de anclaje de las plataformas operado autom\u00e1ticamente por electroimanes. \u00b7 Liberaci\u00f3n autom\u00e1tica de las cu\u00f1as de seguridad presionando el pulsador \u00abBAJADA\u00bb.\" \/>\n<meta property=\"og:url\" content=\"https:\/\/mantenimientosinformaticos.net\/canarytools\/producto\/elevadores-hidraulicos-4-columnas-100-automaticos-sin-necesidad-de-aire\/\" \/>\n<meta property=\"og:site_name\" content=\"Canarytools S.L.\" \/>\n<meta property=\"og:image\" content=\"https:\/\/mantenimientosinformaticos.net\/canarytools\/wp-content\/uploads\/2020\/05\/636-REF.4ED0300.-Elevadores-Hidraulicos-4-Columnas-100utomaticos-sin-necesidad-de-aire.jpg\" \/>\n\t<meta property=\"og:image:width\" content=\"1000\" \/>\n\t<meta property=\"og:image:height\" content=\"1000\" \/>\n\t<meta property=\"og:image:type\" content=\"image\/jpeg\" \/>\n<meta name=\"twitter:card\" content=\"summary_large_image\" \/>\n<meta name=\"twitter:label1\" content=\"Tiempo de lectura\" \/>\n\t<meta name=\"twitter:data1\" content=\"1 minuto\" \/>\n<script type=\"application\/ld+json\" class=\"yoast-schema-graph\">{\"@context\":\"https:\/\/schema.org\",\"@graph\":[{\"@type\":\"WebPage\",\"@id\":\"https:\/\/mantenimientosinformaticos.net\/canarytools\/producto\/elevadores-hidraulicos-4-columnas-100-automaticos-sin-necesidad-de-aire\/\",\"url\":\"https:\/\/mantenimientosinformaticos.net\/canarytools\/producto\/elevadores-hidraulicos-4-columnas-100-automaticos-sin-necesidad-de-aire\/\",\"name\":\"REF.:4ED0300. Elevadores Hidr\u00e1ulicos 4 Columnas 100% Autom\u00e1ticos sin necesidad de aire - Canarytools S.L.\",\"isPartOf\":{\"@id\":\"https:\/\/mantenimientosinformaticos.net\/canarytools\/#website\"},\"primaryImageOfPage\":{\"@id\":\"https:\/\/mantenimientosinformaticos.net\/canarytools\/producto\/elevadores-hidraulicos-4-columnas-100-automaticos-sin-necesidad-de-aire\/#primaryimage\"},\"image\":{\"@id\":\"https:\/\/mantenimientosinformaticos.net\/canarytools\/producto\/elevadores-hidraulicos-4-columnas-100-automaticos-sin-necesidad-de-aire\/#primaryimage\"},\"thumbnailUrl\":\"https:\/\/mantenimientosinformaticos.net\/canarytools\/wp-content\/uploads\/2020\/05\/636-REF.4ED0300.-Elevadores-Hidraulicos-4-Columnas-100utomaticos-sin-necesidad-de-aire.jpg\",\"datePublished\":\"2020-05-13T19:19:13+00:00\",\"dateModified\":\"2020-05-13T19:19:13+00:00\",\"breadcrumb\":{\"@id\":\"https:\/\/mantenimientosinformaticos.net\/canarytools\/producto\/elevadores-hidraulicos-4-columnas-100-automaticos-sin-necesidad-de-aire\/#breadcrumb\"},\"inLanguage\":\"es\",\"potentialAction\":[{\"@type\":\"ReadAction\",\"target\":[\"https:\/\/mantenimientosinformaticos.net\/canarytools\/producto\/elevadores-hidraulicos-4-columnas-100-automaticos-sin-necesidad-de-aire\/\"]}]},{\"@type\":\"ImageObject\",\"inLanguage\":\"es\",\"@id\":\"https:\/\/mantenimientosinformaticos.net\/canarytools\/producto\/elevadores-hidraulicos-4-columnas-100-automaticos-sin-necesidad-de-aire\/#primaryimage\",\"url\":\"https:\/\/mantenimientosinformaticos.net\/canarytools\/wp-content\/uploads\/2020\/05\/636-REF.4ED0300.-Elevadores-Hidraulicos-4-Columnas-100utomaticos-sin-necesidad-de-aire.jpg\",\"contentUrl\":\"https:\/\/mantenimientosinformaticos.net\/canarytools\/wp-content\/uploads\/2020\/05\/636-REF.4ED0300.-Elevadores-Hidraulicos-4-Columnas-100utomaticos-sin-necesidad-de-aire.jpg\",\"width\":1000,\"height\":1000,\"caption\":\"REF.:4ED0300. Elevadores Hidr\u00e1ulicos 4 Columnas 100% Autom\u00e1ticos sin necesidad de aire\"},{\"@type\":\"BreadcrumbList\",\"@id\":\"https:\/\/mantenimientosinformaticos.net\/canarytools\/producto\/elevadores-hidraulicos-4-columnas-100-automaticos-sin-necesidad-de-aire\/#breadcrumb\",\"itemListElement\":[{\"@type\":\"ListItem\",\"position\":1,\"name\":\"Portada\",\"item\":\"https:\/\/mantenimientosinformaticos.net\/canarytools\/\"},{\"@type\":\"ListItem\",\"position\":2,\"name\":\"Tienda\",\"item\":\"https:\/\/mantenimientosinformaticos.net\/canarytools\/tienda\/\"},{\"@type\":\"ListItem\",\"position\":3,\"name\":\"REF.:4ED0300. Elevadores Hidr\u00e1ulicos 4 Columnas 100% Autom\u00e1ticos sin necesidad de aire\"}]},{\"@type\":\"WebSite\",\"@id\":\"https:\/\/mantenimientosinformaticos.net\/canarytools\/#website\",\"url\":\"https:\/\/mantenimientosinformaticos.net\/canarytools\/\",\"name\":\"Canarytools S.L.\",\"description\":\"Herramientas y M\u00e1quinas\",\"publisher\":{\"@id\":\"https:\/\/mantenimientosinformaticos.net\/canarytools\/#\/schema\/person\/355e32754b03bb24b681f1b6917e49bf\"},\"potentialAction\":[{\"@type\":\"SearchAction\",\"target\":{\"@type\":\"EntryPoint\",\"urlTemplate\":\"https:\/\/mantenimientosinformaticos.net\/canarytools\/?s={search_term_string}\"},\"query-input\":\"required name=search_term_string\"}],\"inLanguage\":\"es\"},{\"@type\":[\"Person\",\"Organization\"],\"@id\":\"https:\/\/mantenimientosinformaticos.net\/canarytools\/#\/schema\/person\/355e32754b03bb24b681f1b6917e49bf\",\"name\":\"canarytools.xnetdigital\",\"image\":{\"@type\":\"ImageObject\",\"inLanguage\":\"es\",\"@id\":\"https:\/\/mantenimientosinformaticos.net\/canarytools\/#\/schema\/person\/image\/\",\"url\":\"https:\/\/mantenimientosinformaticos.net\/canarytools\/wp-content\/uploads\/2023\/12\/canary-tools-logo.png\",\"contentUrl\":\"https:\/\/mantenimientosinformaticos.net\/canarytools\/wp-content\/uploads\/2023\/12\/canary-tools-logo.png\",\"width\":1302,\"height\":440,\"caption\":\"canarytools.xnetdigital\"},\"logo\":{\"@id\":\"https:\/\/mantenimientosinformaticos.net\/canarytools\/#\/schema\/person\/image\/\"},\"sameAs\":[\"https:\/\/mantenimientosinformaticos.net\/canarytools\"]}]}<\/script>\n<!-- \/ Yoast SEO plugin. -->","yoast_head_json":{"title":"REF.:4ED0300.  Elevadores Hidr\u00e1ulicos 4 Columnas 100% Autom\u00e1ticos sin necesidad de aire - Canarytools S.L.","robots":{"index":"index","follow":"follow","max-snippet":"max-snippet:-1","max-image-preview":"max-image-preview:large","max-video-preview":"max-video-preview:-1"},"canonical":"https:\/\/mantenimientosinformaticos.net\/canarytools\/producto\/elevadores-hidraulicos-4-columnas-100-automaticos-sin-necesidad-de-aire\/","og_locale":"es_ES","og_type":"article","og_title":"REF.:4ED0300.  Elevadores Hidr\u00e1ulicos 4 Columnas 100% Autom\u00e1ticos sin necesidad de aire - Canarytools S.L.","og_description":"\u00b7 Producto homologado y certificado de acuerdo con la nueva Directiva Europea de Maquinaria 2006\/42\/CE y Norma Armonizada EN 1493:2010 . \u00b7 Dise\u00f1o innovador de columnas sin soldaduras longitudinales. \u00b7 Sistema electro-hidr\u00e1ulico de elevaci\u00f3n operado por un cilindro de simple efecto. \u00b7 Sistema de anclaje de las plataformas operado autom\u00e1ticamente por electroimanes. \u00b7 Liberaci\u00f3n autom\u00e1tica de las cu\u00f1as de seguridad presionando el pulsador \u00abBAJADA\u00bb.","og_url":"https:\/\/mantenimientosinformaticos.net\/canarytools\/producto\/elevadores-hidraulicos-4-columnas-100-automaticos-sin-necesidad-de-aire\/","og_site_name":"Canarytools S.L.","og_image":[{"width":1000,"height":1000,"url":"https:\/\/mantenimientosinformaticos.net\/canarytools\/wp-content\/uploads\/2020\/05\/636-REF.4ED0300.-Elevadores-Hidraulicos-4-Columnas-100utomaticos-sin-necesidad-de-aire.jpg","type":"image\/jpeg"}],"twitter_card":"summary_large_image","twitter_misc":{"Tiempo de lectura":"1 minuto"},"schema":{"@context":"https:\/\/schema.org","@graph":[{"@type":"WebPage","@id":"https:\/\/mantenimientosinformaticos.net\/canarytools\/producto\/elevadores-hidraulicos-4-columnas-100-automaticos-sin-necesidad-de-aire\/","url":"https:\/\/mantenimientosinformaticos.net\/canarytools\/producto\/elevadores-hidraulicos-4-columnas-100-automaticos-sin-necesidad-de-aire\/","name":"REF.:4ED0300. Elevadores Hidr\u00e1ulicos 4 Columnas 100% Autom\u00e1ticos sin necesidad de aire - Canarytools S.L.","isPartOf":{"@id":"https:\/\/mantenimientosinformaticos.net\/canarytools\/#website"},"primaryImageOfPage":{"@id":"https:\/\/mantenimientosinformaticos.net\/canarytools\/producto\/elevadores-hidraulicos-4-columnas-100-automaticos-sin-necesidad-de-aire\/#primaryimage"},"image":{"@id":"https:\/\/mantenimientosinformaticos.net\/canarytools\/producto\/elevadores-hidraulicos-4-columnas-100-automaticos-sin-necesidad-de-aire\/#primaryimage"},"thumbnailUrl":"https:\/\/mantenimientosinformaticos.net\/canarytools\/wp-content\/uploads\/2020\/05\/636-REF.4ED0300.-Elevadores-Hidraulicos-4-Columnas-100utomaticos-sin-necesidad-de-aire.jpg","datePublished":"2020-05-13T19:19:13+00:00","dateModified":"2020-05-13T19:19:13+00:00","breadcrumb":{"@id":"https:\/\/mantenimientosinformaticos.net\/canarytools\/producto\/elevadores-hidraulicos-4-columnas-100-automaticos-sin-necesidad-de-aire\/#breadcrumb"},"inLanguage":"es","potentialAction":[{"@type":"ReadAction","target":["https:\/\/mantenimientosinformaticos.net\/canarytools\/producto\/elevadores-hidraulicos-4-columnas-100-automaticos-sin-necesidad-de-aire\/"]}]},{"@type":"ImageObject","inLanguage":"es","@id":"https:\/\/mantenimientosinformaticos.net\/canarytools\/producto\/elevadores-hidraulicos-4-columnas-100-automaticos-sin-necesidad-de-aire\/#primaryimage","url":"https:\/\/mantenimientosinformaticos.net\/canarytools\/wp-content\/uploads\/2020\/05\/636-REF.4ED0300.-Elevadores-Hidraulicos-4-Columnas-100utomaticos-sin-necesidad-de-aire.jpg","contentUrl":"https:\/\/mantenimientosinformaticos.net\/canarytools\/wp-content\/uploads\/2020\/05\/636-REF.4ED0300.-Elevadores-Hidraulicos-4-Columnas-100utomaticos-sin-necesidad-de-aire.jpg","width":1000,"height":1000,"caption":"REF.:4ED0300. Elevadores Hidr\u00e1ulicos 4 Columnas 100% Autom\u00e1ticos sin necesidad de aire"},{"@type":"BreadcrumbList","@id":"https:\/\/mantenimientosinformaticos.net\/canarytools\/producto\/elevadores-hidraulicos-4-columnas-100-automaticos-sin-necesidad-de-aire\/#breadcrumb","itemListElement":[{"@type":"ListItem","position":1,"name":"Portada","item":"https:\/\/mantenimientosinformaticos.net\/canarytools\/"},{"@type":"ListItem","position":2,"name":"Tienda","item":"https:\/\/mantenimientosinformaticos.net\/canarytools\/tienda\/"},{"@type":"ListItem","position":3,"name":"REF.:4ED0300. Elevadores Hidr\u00e1ulicos 4 Columnas 100% Autom\u00e1ticos sin necesidad de aire"}]},{"@type":"WebSite","@id":"https:\/\/mantenimientosinformaticos.net\/canarytools\/#website","url":"https:\/\/mantenimientosinformaticos.net\/canarytools\/","name":"Canarytools S.L.","description":"Herramientas y M\u00e1quinas","publisher":{"@id":"https:\/\/mantenimientosinformaticos.net\/canarytools\/#\/schema\/person\/355e32754b03bb24b681f1b6917e49bf"},"potentialAction":[{"@type":"SearchAction","target":{"@type":"EntryPoint","urlTemplate":"https:\/\/mantenimientosinformaticos.net\/canarytools\/?s={search_term_string}"},"query-input":"required name=search_term_string"}],"inLanguage":"es"},{"@type":["Person","Organization"],"@id":"https:\/\/mantenimientosinformaticos.net\/canarytools\/#\/schema\/person\/355e32754b03bb24b681f1b6917e49bf","name":"canarytools.xnetdigital","image":{"@type":"ImageObject","inLanguage":"es","@id":"https:\/\/mantenimientosinformaticos.net\/canarytools\/#\/schema\/person\/image\/","url":"https:\/\/mantenimientosinformaticos.net\/canarytools\/wp-content\/uploads\/2023\/12\/canary-tools-logo.png","contentUrl":"https:\/\/mantenimientosinformaticos.net\/canarytools\/wp-content\/uploads\/2023\/12\/canary-tools-logo.png","width":1302,"height":440,"caption":"canarytools.xnetdigital"},"logo":{"@id":"https:\/\/mantenimientosinformaticos.net\/canarytools\/#\/schema\/person\/image\/"},"sameAs":["https:\/\/mantenimientosinformaticos.net\/canarytools"]}]}},"_links":{"self":[{"href":"https:\/\/mantenimientosinformaticos.net\/canarytools\/wp-json\/wp\/v2\/product\/5030","targetHints":{"allow":["GET"]}}],"collection":[{"href":"https:\/\/mantenimientosinformaticos.net\/canarytools\/wp-json\/wp\/v2\/product"}],"about":[{"href":"https:\/\/mantenimientosinformaticos.net\/canarytools\/wp-json\/wp\/v2\/types\/product"}],"replies":[{"embeddable":true,"href":"https:\/\/mantenimientosinformaticos.net\/canarytools\/wp-json\/wp\/v2\/comments?post=5030"}],"wp:featuredmedia":[{"embeddable":true,"href":"https:\/\/mantenimientosinformaticos.net\/canarytools\/wp-json\/wp\/v2\/media\/5029"}],"wp:attachment":[{"href":"https:\/\/mantenimientosinformaticos.net\/canarytools\/wp-json\/wp\/v2\/media?parent=5030"}],"wp:term":[{"taxonomy":"product_cat","embeddable":true,"href":"https:\/\/mantenimientosinformaticos.net\/canarytools\/wp-json\/wp\/v2\/product_cat?post=5030"},{"taxonomy":"product_tag","embeddable":true,"href":"https:\/\/mantenimientosinformaticos.net\/canarytools\/wp-json\/wp\/v2\/product_tag?post=5030"}],"curies":[{"name":"wp","href":"https:\/\/api.w.org\/{rel}","templated":true}]}}