{"id":4986,"date":"2020-05-13T18:03:43","date_gmt":"2020-05-13T16:03:43","guid":{"rendered":"https:\/\/mantenimientosinformaticos.net\/canarytools\/producto\/termometro-laser-digital-50-500-c\/"},"modified":"2020-05-13T18:03:43","modified_gmt":"2020-05-13T16:03:43","slug":"termometro-laser-digital-50-500-c","status":"publish","type":"product","link":"https:\/\/mantenimientosinformaticos.net\/canarytools\/producto\/termometro-laser-digital-50-500-c\/","title":{"rendered":"REF.:6005  Term\u00f3metro l\u00e1ser digital -50 &#8211; 500\u00b0 C"},"content":{"rendered":"","protected":false},"excerpt":{"rendered":"<div class=\"productDescriptionContent\">medici\u00f3n exacta a bajas y altas temperaturas<br \/>ideal para el uso en tecnolog\u00eda automotriz, instalaciones t\u00e9rmicas, refrigeraci\u00f3n de alimentos y en la producci\u00f3n<br \/>funciona sin contacto mediante l\u00e1ser infrarrojo<br \/>rango de temperatura -50 &#8211; 500 \u00b0C (58 &#8211; 932 \u00b0F)<br \/>precisi\u00f3n +\/- 1,5%<br \/>longitud de onda del l\u00e1ser 8 &#8211; 14 \u00b5m, clase de l\u00e1ser II<br \/>tiempo de medici\u00f3n aprox. 1 s<br \/>factor de distancia D\/S 12: 1<br \/>rango de medici\u00f3n \u00b0C \/ \u00b0F conmutable<br \/>suministro el\u00e9ctrico 2 x pilas AAA de 1,5 V, no incluidas<\/div>\n","protected":false},"featured_media":4985,"comment_status":"open","ping_status":"closed","template":"","meta":[],"product_cat":[613,491,540],"product_tag":[],"class_list":{"0":"post-4986","1":"product","2":"type-product","3":"status-publish","4":"has-post-thumbnail","6":"product_cat-termomentro","7":"product_cat-herramientas-especiales-para-automoviles","8":"product_cat-comprobadores","10":"first","11":"instock","12":"shipping-taxable","13":"purchasable","14":"product-type-simple"},"yoast_head":"<!-- This site is optimized with the Yoast SEO plugin v22.7 - https:\/\/yoast.com\/wordpress\/plugins\/seo\/ -->\n<title>REF.:6005 Term\u00f3metro l\u00e1ser digital -50 - 500\u00b0 C - Canarytools S.L.<\/title>\n<meta name=\"robots\" content=\"index, follow, max-snippet:-1, max-image-preview:large, max-video-preview:-1\" \/>\n<link rel=\"canonical\" href=\"https:\/\/mantenimientosinformaticos.net\/canarytools\/producto\/termometro-laser-digital-50-500-c\/\" \/>\n<meta property=\"og:locale\" content=\"es_ES\" \/>\n<meta property=\"og:type\" content=\"article\" \/>\n<meta property=\"og:title\" content=\"REF.:6005 Term\u00f3metro l\u00e1ser digital -50 - 500\u00b0 C - Canarytools S.L.\" \/>\n<meta property=\"og:description\" content=\"medici\u00f3n exacta a bajas y altas temperaturasideal para el uso en tecnolog\u00eda automotriz, instalaciones t\u00e9rmicas, refrigeraci\u00f3n de alimentos y en la producci\u00f3nfunciona sin contacto mediante l\u00e1ser infrarrojorango de temperatura -50 - 500 \u00b0C (58 - 932 \u00b0F)precisi\u00f3n +\/- 1,5%longitud de onda del l\u00e1ser 8 - 14 \u00b5m, clase de l\u00e1ser IItiempo de medici\u00f3n aprox. 1 sfactor de distancia D\/S 12: 1rango de medici\u00f3n \u00b0C \/ \u00b0F conmutablesuministro el\u00e9ctrico 2 x pilas AAA de 1,5 V, no incluidas\" \/>\n<meta property=\"og:url\" content=\"https:\/\/mantenimientosinformaticos.net\/canarytools\/producto\/termometro-laser-digital-50-500-c\/\" \/>\n<meta property=\"og:site_name\" content=\"Canarytools S.L.\" \/>\n<meta property=\"og:image\" content=\"https:\/\/mantenimientosinformaticos.net\/canarytools\/wp-content\/uploads\/2020\/05\/612-REF.6005-Termometro-laser-digital-50-500\u00b0-C.jpg\" \/>\n\t<meta property=\"og:image:width\" content=\"758\" \/>\n\t<meta property=\"og:image:height\" content=\"475\" \/>\n\t<meta property=\"og:image:type\" content=\"image\/jpeg\" \/>\n<meta name=\"twitter:card\" content=\"summary_large_image\" \/>\n<script type=\"application\/ld+json\" class=\"yoast-schema-graph\">{\"@context\":\"https:\/\/schema.org\",\"@graph\":[{\"@type\":\"WebPage\",\"@id\":\"https:\/\/mantenimientosinformaticos.net\/canarytools\/producto\/termometro-laser-digital-50-500-c\/\",\"url\":\"https:\/\/mantenimientosinformaticos.net\/canarytools\/producto\/termometro-laser-digital-50-500-c\/\",\"name\":\"REF.:6005 Term\u00f3metro l\u00e1ser digital -50 - 500\u00b0 C - Canarytools S.L.\",\"isPartOf\":{\"@id\":\"https:\/\/mantenimientosinformaticos.net\/canarytools\/#website\"},\"primaryImageOfPage\":{\"@id\":\"https:\/\/mantenimientosinformaticos.net\/canarytools\/producto\/termometro-laser-digital-50-500-c\/#primaryimage\"},\"image\":{\"@id\":\"https:\/\/mantenimientosinformaticos.net\/canarytools\/producto\/termometro-laser-digital-50-500-c\/#primaryimage\"},\"thumbnailUrl\":\"https:\/\/mantenimientosinformaticos.net\/canarytools\/wp-content\/uploads\/2020\/05\/612-REF.6005-Termometro-laser-digital-50-500\u00b0-C.jpg\",\"datePublished\":\"2020-05-13T16:03:43+00:00\",\"dateModified\":\"2020-05-13T16:03:43+00:00\",\"breadcrumb\":{\"@id\":\"https:\/\/mantenimientosinformaticos.net\/canarytools\/producto\/termometro-laser-digital-50-500-c\/#breadcrumb\"},\"inLanguage\":\"es\",\"potentialAction\":[{\"@type\":\"ReadAction\",\"target\":[\"https:\/\/mantenimientosinformaticos.net\/canarytools\/producto\/termometro-laser-digital-50-500-c\/\"]}]},{\"@type\":\"ImageObject\",\"inLanguage\":\"es\",\"@id\":\"https:\/\/mantenimientosinformaticos.net\/canarytools\/producto\/termometro-laser-digital-50-500-c\/#primaryimage\",\"url\":\"https:\/\/mantenimientosinformaticos.net\/canarytools\/wp-content\/uploads\/2020\/05\/612-REF.6005-Termometro-laser-digital-50-500\u00b0-C.jpg\",\"contentUrl\":\"https:\/\/mantenimientosinformaticos.net\/canarytools\/wp-content\/uploads\/2020\/05\/612-REF.6005-Termometro-laser-digital-50-500\u00b0-C.jpg\",\"width\":758,\"height\":475,\"caption\":\"REF.:6005 Term\u00f3metro l\u00e1ser digital -50 - 500\u00b0 C\"},{\"@type\":\"BreadcrumbList\",\"@id\":\"https:\/\/mantenimientosinformaticos.net\/canarytools\/producto\/termometro-laser-digital-50-500-c\/#breadcrumb\",\"itemListElement\":[{\"@type\":\"ListItem\",\"position\":1,\"name\":\"Portada\",\"item\":\"https:\/\/mantenimientosinformaticos.net\/canarytools\/\"},{\"@type\":\"ListItem\",\"position\":2,\"name\":\"Tienda\",\"item\":\"https:\/\/mantenimientosinformaticos.net\/canarytools\/tienda\/\"},{\"@type\":\"ListItem\",\"position\":3,\"name\":\"REF.:6005 Term\u00f3metro l\u00e1ser digital -50 &#8211; 500\u00b0 C\"}]},{\"@type\":\"WebSite\",\"@id\":\"https:\/\/mantenimientosinformaticos.net\/canarytools\/#website\",\"url\":\"https:\/\/mantenimientosinformaticos.net\/canarytools\/\",\"name\":\"Canarytools S.L.\",\"description\":\"Herramientas y M\u00e1quinas\",\"publisher\":{\"@id\":\"https:\/\/mantenimientosinformaticos.net\/canarytools\/#\/schema\/person\/355e32754b03bb24b681f1b6917e49bf\"},\"potentialAction\":[{\"@type\":\"SearchAction\",\"target\":{\"@type\":\"EntryPoint\",\"urlTemplate\":\"https:\/\/mantenimientosinformaticos.net\/canarytools\/?s={search_term_string}\"},\"query-input\":\"required name=search_term_string\"}],\"inLanguage\":\"es\"},{\"@type\":[\"Person\",\"Organization\"],\"@id\":\"https:\/\/mantenimientosinformaticos.net\/canarytools\/#\/schema\/person\/355e32754b03bb24b681f1b6917e49bf\",\"name\":\"canarytools.xnetdigital\",\"image\":{\"@type\":\"ImageObject\",\"inLanguage\":\"es\",\"@id\":\"https:\/\/mantenimientosinformaticos.net\/canarytools\/#\/schema\/person\/image\/\",\"url\":\"https:\/\/mantenimientosinformaticos.net\/canarytools\/wp-content\/uploads\/2023\/12\/canary-tools-logo.png\",\"contentUrl\":\"https:\/\/mantenimientosinformaticos.net\/canarytools\/wp-content\/uploads\/2023\/12\/canary-tools-logo.png\",\"width\":1302,\"height\":440,\"caption\":\"canarytools.xnetdigital\"},\"logo\":{\"@id\":\"https:\/\/mantenimientosinformaticos.net\/canarytools\/#\/schema\/person\/image\/\"},\"sameAs\":[\"https:\/\/mantenimientosinformaticos.net\/canarytools\"]}]}<\/script>\n<!-- \/ Yoast SEO plugin. -->","yoast_head_json":{"title":"REF.:6005 Term\u00f3metro l\u00e1ser digital -50 - 500\u00b0 C - Canarytools S.L.","robots":{"index":"index","follow":"follow","max-snippet":"max-snippet:-1","max-image-preview":"max-image-preview:large","max-video-preview":"max-video-preview:-1"},"canonical":"https:\/\/mantenimientosinformaticos.net\/canarytools\/producto\/termometro-laser-digital-50-500-c\/","og_locale":"es_ES","og_type":"article","og_title":"REF.:6005 Term\u00f3metro l\u00e1ser digital -50 - 500\u00b0 C - Canarytools S.L.","og_description":"medici\u00f3n exacta a bajas y altas temperaturasideal para el uso en tecnolog\u00eda automotriz, instalaciones t\u00e9rmicas, refrigeraci\u00f3n de alimentos y en la producci\u00f3nfunciona sin contacto mediante l\u00e1ser infrarrojorango de temperatura -50 - 500 \u00b0C (58 - 932 \u00b0F)precisi\u00f3n +\/- 1,5%longitud de onda del l\u00e1ser 8 - 14 \u00b5m, clase de l\u00e1ser IItiempo de medici\u00f3n aprox. 1 sfactor de distancia D\/S 12: 1rango de medici\u00f3n \u00b0C \/ \u00b0F conmutablesuministro el\u00e9ctrico 2 x pilas AAA de 1,5 V, no incluidas","og_url":"https:\/\/mantenimientosinformaticos.net\/canarytools\/producto\/termometro-laser-digital-50-500-c\/","og_site_name":"Canarytools S.L.","og_image":[{"width":758,"height":475,"url":"https:\/\/mantenimientosinformaticos.net\/canarytools\/wp-content\/uploads\/2020\/05\/612-REF.6005-Termometro-laser-digital-50-500\u00b0-C.jpg","type":"image\/jpeg"}],"twitter_card":"summary_large_image","schema":{"@context":"https:\/\/schema.org","@graph":[{"@type":"WebPage","@id":"https:\/\/mantenimientosinformaticos.net\/canarytools\/producto\/termometro-laser-digital-50-500-c\/","url":"https:\/\/mantenimientosinformaticos.net\/canarytools\/producto\/termometro-laser-digital-50-500-c\/","name":"REF.:6005 Term\u00f3metro l\u00e1ser digital -50 - 500\u00b0 C - Canarytools S.L.","isPartOf":{"@id":"https:\/\/mantenimientosinformaticos.net\/canarytools\/#website"},"primaryImageOfPage":{"@id":"https:\/\/mantenimientosinformaticos.net\/canarytools\/producto\/termometro-laser-digital-50-500-c\/#primaryimage"},"image":{"@id":"https:\/\/mantenimientosinformaticos.net\/canarytools\/producto\/termometro-laser-digital-50-500-c\/#primaryimage"},"thumbnailUrl":"https:\/\/mantenimientosinformaticos.net\/canarytools\/wp-content\/uploads\/2020\/05\/612-REF.6005-Termometro-laser-digital-50-500\u00b0-C.jpg","datePublished":"2020-05-13T16:03:43+00:00","dateModified":"2020-05-13T16:03:43+00:00","breadcrumb":{"@id":"https:\/\/mantenimientosinformaticos.net\/canarytools\/producto\/termometro-laser-digital-50-500-c\/#breadcrumb"},"inLanguage":"es","potentialAction":[{"@type":"ReadAction","target":["https:\/\/mantenimientosinformaticos.net\/canarytools\/producto\/termometro-laser-digital-50-500-c\/"]}]},{"@type":"ImageObject","inLanguage":"es","@id":"https:\/\/mantenimientosinformaticos.net\/canarytools\/producto\/termometro-laser-digital-50-500-c\/#primaryimage","url":"https:\/\/mantenimientosinformaticos.net\/canarytools\/wp-content\/uploads\/2020\/05\/612-REF.6005-Termometro-laser-digital-50-500\u00b0-C.jpg","contentUrl":"https:\/\/mantenimientosinformaticos.net\/canarytools\/wp-content\/uploads\/2020\/05\/612-REF.6005-Termometro-laser-digital-50-500\u00b0-C.jpg","width":758,"height":475,"caption":"REF.:6005 Term\u00f3metro l\u00e1ser digital -50 - 500\u00b0 C"},{"@type":"BreadcrumbList","@id":"https:\/\/mantenimientosinformaticos.net\/canarytools\/producto\/termometro-laser-digital-50-500-c\/#breadcrumb","itemListElement":[{"@type":"ListItem","position":1,"name":"Portada","item":"https:\/\/mantenimientosinformaticos.net\/canarytools\/"},{"@type":"ListItem","position":2,"name":"Tienda","item":"https:\/\/mantenimientosinformaticos.net\/canarytools\/tienda\/"},{"@type":"ListItem","position":3,"name":"REF.:6005 Term\u00f3metro l\u00e1ser digital -50 &#8211; 500\u00b0 C"}]},{"@type":"WebSite","@id":"https:\/\/mantenimientosinformaticos.net\/canarytools\/#website","url":"https:\/\/mantenimientosinformaticos.net\/canarytools\/","name":"Canarytools S.L.","description":"Herramientas y M\u00e1quinas","publisher":{"@id":"https:\/\/mantenimientosinformaticos.net\/canarytools\/#\/schema\/person\/355e32754b03bb24b681f1b6917e49bf"},"potentialAction":[{"@type":"SearchAction","target":{"@type":"EntryPoint","urlTemplate":"https:\/\/mantenimientosinformaticos.net\/canarytools\/?s={search_term_string}"},"query-input":"required name=search_term_string"}],"inLanguage":"es"},{"@type":["Person","Organization"],"@id":"https:\/\/mantenimientosinformaticos.net\/canarytools\/#\/schema\/person\/355e32754b03bb24b681f1b6917e49bf","name":"canarytools.xnetdigital","image":{"@type":"ImageObject","inLanguage":"es","@id":"https:\/\/mantenimientosinformaticos.net\/canarytools\/#\/schema\/person\/image\/","url":"https:\/\/mantenimientosinformaticos.net\/canarytools\/wp-content\/uploads\/2023\/12\/canary-tools-logo.png","contentUrl":"https:\/\/mantenimientosinformaticos.net\/canarytools\/wp-content\/uploads\/2023\/12\/canary-tools-logo.png","width":1302,"height":440,"caption":"canarytools.xnetdigital"},"logo":{"@id":"https:\/\/mantenimientosinformaticos.net\/canarytools\/#\/schema\/person\/image\/"},"sameAs":["https:\/\/mantenimientosinformaticos.net\/canarytools"]}]}},"_links":{"self":[{"href":"https:\/\/mantenimientosinformaticos.net\/canarytools\/wp-json\/wp\/v2\/product\/4986","targetHints":{"allow":["GET"]}}],"collection":[{"href":"https:\/\/mantenimientosinformaticos.net\/canarytools\/wp-json\/wp\/v2\/product"}],"about":[{"href":"https:\/\/mantenimientosinformaticos.net\/canarytools\/wp-json\/wp\/v2\/types\/product"}],"replies":[{"embeddable":true,"href":"https:\/\/mantenimientosinformaticos.net\/canarytools\/wp-json\/wp\/v2\/comments?post=4986"}],"wp:featuredmedia":[{"embeddable":true,"href":"https:\/\/mantenimientosinformaticos.net\/canarytools\/wp-json\/wp\/v2\/media\/4985"}],"wp:attachment":[{"href":"https:\/\/mantenimientosinformaticos.net\/canarytools\/wp-json\/wp\/v2\/media?parent=4986"}],"wp:term":[{"taxonomy":"product_cat","embeddable":true,"href":"https:\/\/mantenimientosinformaticos.net\/canarytools\/wp-json\/wp\/v2\/product_cat?post=4986"},{"taxonomy":"product_tag","embeddable":true,"href":"https:\/\/mantenimientosinformaticos.net\/canarytools\/wp-json\/wp\/v2\/product_tag?post=4986"}],"curies":[{"name":"wp","href":"https:\/\/api.w.org\/{rel}","templated":true}]}}